{"id":26387,"date":"2023-05-17T08:34:19","date_gmt":"2023-05-17T07:34:19","guid":{"rendered":"https:\/\/capotex.com\/productos\/modelos-estandar\/berlin\/"},"modified":"2024-06-27T09:51:58","modified_gmt":"2024-06-27T08:51:58","slug":"berlin","status":"publish","type":"page","link":"https:\/\/www.capotex.com\/es\/cubiertas-para-bandas\/capotajes-para-fajas\/berlin\/","title":{"rendered":"Berl\u00edn"},"content":{"rendered":"\t\t<div data-elementor-type=\"wp-page\" data-elementor-id=\"26387\" class=\"elementor elementor-26387 elementor-1951\" data-elementor-post-type=\"page\">\n\t\t\t\t<div class=\"elementor-element elementor-element-0417353 e-flex e-con-boxed e-con e-parent\" data-id=\"0417353\" data-element_type=\"container\" data-e-type=\"container\">\n\t\t\t\t\t<div class=\"e-con-inner\">\n\t\t<div class=\"elementor-element elementor-element-2443e26 e-con-full e-flex e-con e-child\" data-id=\"2443e26\" data-element_type=\"container\" data-e-type=\"container\">\n\t\t\t\t<div class=\"elementor-element elementor-element-91dc9f6 elementor-widget elementor-widget-image\" data-id=\"91dc9f6\" data-element_type=\"widget\" data-e-type=\"widget\" data-widget_type=\"image.default\">\n\t\t\t\t<div class=\"elementor-widget-container\">\n\t\t\t\t\t\t\t\t\t\t\t\t\t\t\t<img fetchpriority=\"high\" decoding=\"async\" width=\"598\" height=\"328\" src=\"https:\/\/www.capotex.com\/wp-content\/uploads\/2024\/05\/Capotajes-transportadores-de-bandas-Berlin.webp\" class=\"attachment-full size-full wp-image-33731\" alt=\"Capotajes transportadores de bandas Berl\u00edn\" srcset=\"https:\/\/www.capotex.com\/wp-content\/uploads\/2024\/05\/Capotajes-transportadores-de-bandas-Berlin.webp 598w, https:\/\/www.capotex.com\/wp-content\/uploads\/2024\/05\/Capotajes-transportadores-de-bandas-Berlin-300x165.webp 300w\" sizes=\"(max-width: 598px) 100vw, 598px\" \/>\t\t\t\t\t\t\t\t\t\t\t\t\t\t\t<\/div>\n\t\t\t\t<\/div>\n\t\t\t\t<\/div>\n\t\t\t\t\t<\/div>\n\t\t\t\t<\/div>\n\t\t<div class=\"elementor-element elementor-element-0db4fff e-flex e-con-boxed e-con e-parent\" data-id=\"0db4fff\" data-element_type=\"container\" data-e-type=\"container\">\n\t\t\t\t\t<div class=\"e-con-inner\">\n\t\t<div class=\"elementor-element elementor-element-8f4ec48 e-con-full e-flex e-con e-child\" data-id=\"8f4ec48\" data-element_type=\"container\" data-e-type=\"container\">\n\t\t\t\t<div class=\"elementor-element elementor-element-c200aa8 elementor-widget elementor-widget-heading\" data-id=\"c200aa8\" data-element_type=\"widget\" data-e-type=\"widget\" data-widget_type=\"heading.default\">\n\t\t\t\t<div class=\"elementor-widget-container\">\n\t\t\t\t\t<h2 class=\"elementor-heading-title elementor-size-default\">Berl\u00edn (Fijo y abierto por ambos lados)<\/h2>\t\t\t\t<\/div>\n\t\t\t\t<\/div>\n\t\t\t\t<div class=\"elementor-element elementor-element-1c2aa0a elementor-widget elementor-widget-text-editor\" data-id=\"1c2aa0a\" data-element_type=\"widget\" data-e-type=\"widget\" data-widget_type=\"text-editor.default\">\n\t\t\t\t<div class=\"elementor-widget-container\">\n\t\t\t\t\t\t\t\t\t<p>El capotaje Berl\u00edn es todo <strong>accesibilidad<\/strong>. Este modelo ofrece acceso visual y manual desde ambos lados de la cinta sin necesidad de desmontar nada. Protege la cinta de la lluvia, al tiempo que deja espacio suficiente para levantar la cinta y sustituir los rodillos.<\/p>\t\t\t\t\t\t\t\t<\/div>\n\t\t\t\t<\/div>\n\t\t\t\t<div class=\"elementor-element elementor-element-21f6c5f elementor-widget elementor-widget-image\" data-id=\"21f6c5f\" data-element_type=\"widget\" data-e-type=\"widget\" data-widget_type=\"image.default\">\n\t\t\t\t<div class=\"elementor-widget-container\">\n\t\t\t\t\t\t\t\t\t\t\t\t<figure class=\"wp-caption\">\n\t\t\t\t\t\t\t\t\t\t\t<a href=\"https:\/\/www.capotex.com\/wp-content\/uploads\/2023\/07\/Berlin-Classic-ES.pdf\" target=\"_blank\">\n\t\t\t\t\t\t\t<img decoding=\"async\" width=\"606\" height=\"428\" src=\"https:\/\/www.capotex.com\/wp-content\/uploads\/2023\/07\/Berlin-Classic-cover.jpg\" class=\"attachment-full size-full wp-image-27312\" alt=\"\" srcset=\"https:\/\/www.capotex.com\/wp-content\/uploads\/2023\/07\/Berlin-Classic-cover.jpg 606w, https:\/\/www.capotex.com\/wp-content\/uploads\/2023\/07\/Berlin-Classic-cover-300x212.jpg 300w\" sizes=\"(max-width: 606px) 100vw, 606px\" \/>\t\t\t\t\t\t\t\t<\/a>\n\t\t\t\t\t\t\t\t\t\t\t<figcaption class=\"widget-image-caption wp-caption-text\">Descargar el plano de la curvatura \"Cl\u00e1sica\" en pdf<\/figcaption>\n\t\t\t\t\t\t\t\t\t\t<\/figure>\n\t\t\t\t\t\t\t\t\t<\/div>\n\t\t\t\t<\/div>\n\t\t\t\t<\/div>\n\t\t\t\t\t<\/div>\n\t\t\t\t<\/div>\n\t\t<div class=\"elementor-element elementor-element-a011453 elementor-hidden-mobile e-flex e-con-boxed e-con e-parent\" data-id=\"a011453\" data-element_type=\"container\" data-e-type=\"container\">\n\t\t\t\t\t<div class=\"e-con-inner\">\n\t\t<div class=\"elementor-element elementor-element-025a710 e-con-full e-flex e-con e-child\" data-id=\"025a710\" data-element_type=\"container\" data-e-type=\"container\">\n\t\t\t\t<div class=\"elementor-element elementor-element-ca74e2d elementor-tabs-view-horizontal elementor-widget elementor-widget-tabs\" data-id=\"ca74e2d\" data-element_type=\"widget\" data-e-type=\"widget\" data-widget_type=\"tabs.default\">\n\t\t\t\t<div class=\"elementor-widget-container\">\n\t\t\t\t\t\t\t<div class=\"elementor-tabs\">\n\t\t\t<div class=\"elementor-tabs-wrapper\" role=\"tablist\" >\n\t\t\t\t\t\t\t\t\t<div id=\"elementor-tab-title-2121\" class=\"elementor-tab-title elementor-tab-desktop-title\" aria-selected=\"true\" data-tab=\"1\" role=\"tab\" tabindex=\"0\" aria-controls=\"elementor-tab-content-2121\" aria-expanded=\"false\">Caracter\u00edsticas<\/div>\n\t\t\t\t\t\t\t\t\t<div id=\"elementor-tab-title-2122\" class=\"elementor-tab-title elementor-tab-desktop-title\" aria-selected=\"false\" data-tab=\"2\" role=\"tab\" tabindex=\"-1\" aria-controls=\"elementor-tab-content-2122\" aria-expanded=\"false\">Instrucciones de instalaci\u00f3n<\/div>\n\t\t\t\t\t\t\t\t\t<div id=\"elementor-tab-title-2123\" class=\"elementor-tab-title elementor-tab-desktop-title\" aria-selected=\"false\" data-tab=\"3\" role=\"tab\" tabindex=\"-1\" aria-controls=\"elementor-tab-content-2123\" aria-expanded=\"false\">Fijaciones<\/div>\n\t\t\t\t\t\t\t<\/div>\n\t\t\t<div class=\"elementor-tabs-content-wrapper\" role=\"tablist\" aria-orientation=\"vertical\">\n\t\t\t\t\t\t\t\t\t<div class=\"elementor-tab-title elementor-tab-mobile-title\" aria-selected=\"true\" data-tab=\"1\" role=\"tab\" tabindex=\"0\" aria-controls=\"elementor-tab-content-2121\" aria-expanded=\"false\">Caracter\u00edsticas<\/div>\n\t\t\t\t\t<div id=\"elementor-tab-content-2121\" class=\"elementor-tab-content elementor-clearfix\" data-tab=\"1\" role=\"tabpanel\" aria-labelledby=\"elementor-tab-title-2121\" tabindex=\"0\" hidden=\"false\"><p><strong>Accesos de inspecci\u00f3n en ambos lados<\/strong>: la cubierta s\u00f3lo cubre la parte superior de la Cinta, dejando ambos lados libres para el mantenimiento.<\/p>\n<p><strong>Desmontable<\/strong>: la cubierta Berl\u00edn es completamente desmontable aflojando los tornillos, dejando la cinta transportadora completamente libre.<\/p>\n<p><strong>Autoportante<\/strong>: no requiere ninguna estructura.<\/p>\n<p><strong>Instalaci\u00f3n r\u00e1pida y sencilla<\/strong>: se adapta a pr\u00e1cticamente todas las cintas transportadoras.<\/p>\n<\/div>\n\t\t\t\t\t\t\t\t\t<div class=\"elementor-tab-title elementor-tab-mobile-title\" aria-selected=\"false\" data-tab=\"2\" role=\"tab\" tabindex=\"-1\" aria-controls=\"elementor-tab-content-2122\" aria-expanded=\"false\">Instrucciones de instalaci\u00f3n<\/div>\n\t\t\t\t\t<div id=\"elementor-tab-content-2122\" class=\"elementor-tab-content elementor-clearfix\" data-tab=\"2\" role=\"tabpanel\" aria-labelledby=\"elementor-tab-title-2122\" tabindex=\"0\" hidden=\"hidden\"><p>\t\t<div data-elementor-type=\"section\" data-elementor-id=\"26749\" class=\"elementor elementor-26749 elementor-776 elementor-776\" data-elementor-post-type=\"elementor_library\">\n\t\t\t\t\t<section class=\"elementor-section elementor-top-section elementor-element elementor-element-20ebd0d elementor-section-boxed elementor-section-height-default elementor-section-height-default\" data-id=\"20ebd0d\" data-element_type=\"section\" data-e-type=\"section\">\n\t\t\t\t\t\t<div class=\"elementor-container elementor-column-gap-default\">\n\t\t\t\t\t<div class=\"elementor-column elementor-col-100 elementor-top-column elementor-element elementor-element-ac0d46e\" data-id=\"ac0d46e\" data-element_type=\"column\" data-e-type=\"column\">\n\t\t\t<div class=\"elementor-widget-wrap elementor-element-populated\">\n\t\t\t\t\t\t<div class=\"elementor-element elementor-element-f43508f elementor-widget elementor-widget-text-editor\" data-id=\"f43508f\" data-element_type=\"widget\" data-e-type=\"widget\" data-widget_type=\"text-editor.default\">\n\t\t\t\t<div class=\"elementor-widget-container\">\n\t\t\t\t\t\t\t\t\t<p><strong>Atornille directamente la cubierta al bastidor de la cinta transportadora<\/strong>. Se recomienda que sea de 40x40mm. Los \u00e1ngulos de acero se instalan a ambos lados de la cinta transportadora.<\/p>\n<p><strong>Instale las tapas alternativamente<\/strong>, una arriba y otra abajo, y as\u00ed sucesivamente. No las coloque todas encima de la anterior, ya que las tejas se instalan en un tejado.<\/p>\n<p><strong>Detenga la cinta transportadora antes de iniciar la instalaci\u00f3n.<\/strong><\/p>\n<p><strong>Herramientas necesarias<\/strong>: Destornillador el\u00e9ctrico de 8 mm. enchufe.<\/p>\n<p><strong>Utilice los EPI<\/strong> (equipos de protecci\u00f3n individual) exigidos por la ley. CAPOTEX recomienda el uso de guantes, casco, botas de seguridad, protecci\u00f3n auditiva y m\u00e1scara de soldadura (s\u00f3lo para la soldadura de chapa de acero).<\/p>\n\t\t\t\t\t\t\t\t<\/div>\n\t\t\t\t<\/div>\n\t\t\t\t<div class=\"elementor-element elementor-element-e84ac96 elementor-widget elementor-widget-video\" data-id=\"e84ac96\" data-element_type=\"widget\" data-e-type=\"widget\" data-settings=\"{&quot;youtube_url&quot;:&quot;https:\\\/\\\/youtu.be\\\/BO-Bfc0kx4c&quot;,&quot;mute&quot;:&quot;yes&quot;,&quot;lazy_load&quot;:&quot;yes&quot;,&quot;video_type&quot;:&quot;youtube&quot;,&quot;controls&quot;:&quot;yes&quot;}\" data-widget_type=\"video.default\">\n\t\t\t\t<div class=\"elementor-widget-container\">\n\t\t\t\t\t\t\t<div class=\"elementor-wrapper elementor-open-inline\">\n\t\t\t<div class=\"elementor-video\"><\/div>\t\t<\/div>\n\t\t\t\t\t\t<\/div>\n\t\t\t\t<\/div>\n\t\t\t\t\t<\/div>\n\t\t<\/div>\n\t\t\t\t\t<\/div>\n\t\t<\/section>\n\t\t\t\t<\/div>\n\t\t<\/p>\n<\/div>\n\t\t\t\t\t\t\t\t\t<div class=\"elementor-tab-title elementor-tab-mobile-title\" aria-selected=\"false\" data-tab=\"3\" role=\"tab\" tabindex=\"-1\" aria-controls=\"elementor-tab-content-2123\" aria-expanded=\"false\">Fijaciones<\/div>\n\t\t\t\t\t<div id=\"elementor-tab-content-2123\" class=\"elementor-tab-content elementor-clearfix\" data-tab=\"3\" role=\"tabpanel\" aria-labelledby=\"elementor-tab-title-2123\" tabindex=\"0\" hidden=\"hidden\"><table><tbody><tr style=\"background-color: #00678a; color: #f9fafa;\"><th>Modelo<\/th><th>Forma de la curvatura<\/th><th>Fijaci\u00f3n de<\/th><th>Foto<\/th><\/tr><tr><td>Berl\u00edn<\/td><td><a href=\"https:\/\/www.capotex.com\/es\/cubiertas-para-bandas\/capotas-para-cintas-transportadoras\/\">Cl\u00e1sico<\/a><\/td><td><a href=\"https:\/\/www.capotex.com\/es\/fijaciones-de-cubiertas-para-cintas-transportadoras\/c5\/\">Tornillo autotaladrante C-5<\/a><\/td><td><a href=\"https:\/\/www.capotex.com\/es\/productos\/fijaciones\/tornillo-autotaladrante-c5\/\"><img decoding=\"async\" src=\"https:\/\/www.capotex.com\/wp-content\/uploads\/2023\/05\/Capotex-fixings-C5-Self-Drilling-Screw.webp\" width=\"200\" \/><\/a><\/td><\/tr><tr><td>\u00a0<\/td><td>\u00a0<\/td><td><a href=\"https:\/\/www.capotex.com\/es\/fijaciones-de-cubiertas-para-cintas-transportadoras\/c6\/\">Abrazadera C-6<\/a><\/td><td><a href=\"https:\/\/www.capotex.com\/es\/productos\/fijaciones\/abrazadera-c6\/\"><img decoding=\"async\" src=\"https:\/\/www.capotex.com\/wp-content\/uploads\/2023\/05\/Capotex-fixings-C6-Clamp.webp\" width=\"200\" \/><\/a><\/td><\/tr><tr><td>\u00a0<\/td><td>\u00a0<\/td><td><a href=\"https:\/\/www.capotex.com\/es\/fijaciones-de-cubiertas-para-cintas-transportadoras\/c9\/\">Gancho C-9<\/a><\/td><td><a href=\"https:\/\/www.capotex.com\/es\/productos\/fijaciones\/gancho-c9\/\"><img decoding=\"async\" src=\"https:\/\/www.capotex.com\/wp-content\/uploads\/2023\/05\/Capotex-fixings-C9-Hook.webp\" width=\"200\" \/><\/a><\/td><\/tr><tr><td>\u00a0<\/td><td>\u00a0<\/td><td><a href=\"https:\/\/www.capotex.com\/es\/fijaciones-de-cubiertas-para-cintas-transportadoras\/c7\/\">C-7 Gancho ergon\u00f3mico con correa 1 \u00f3 2 ganchos con o sin platina<\/a><\/td><td><a href=\"https:\/\/www.capotex.com\/es\/productos\/fijaciones\/gancho-ergonomico-con-correa-c7\/\"><img decoding=\"async\" src=\"https:\/\/www.capotex.com\/wp-content\/uploads\/2023\/05\/Capotex-fixings-C7-Ergonomic-Hook-w-Strap.webp\" width=\"100\" \/><\/a><\/td><\/tr><\/tbody><\/table><\/div>\n\t\t\t\t\t\t\t<\/div>\n\t\t<\/div>\n\t\t\t\t\t\t<\/div>\n\t\t\t\t<\/div>\n\t\t\t\t<\/div>\n\t\t\t\t\t<\/div>\n\t\t\t\t<\/div>\n\t\t<div class=\"elementor-element elementor-element-288ee1c elementor-hidden-desktop elementor-hidden-tablet e-flex e-con-boxed e-con e-parent\" data-id=\"288ee1c\" data-element_type=\"container\" data-e-type=\"container\">\n\t\t\t\t\t<div class=\"e-con-inner\">\n\t\t<div class=\"elementor-element elementor-element-f445e62 e-con-full e-flex e-con e-child\" data-id=\"f445e62\" data-element_type=\"container\" data-e-type=\"container\">\n\t\t\t\t<div class=\"elementor-element elementor-element-cb793a2 elementor-tabs-view-horizontal elementor-widget elementor-widget-tabs\" data-id=\"cb793a2\" data-element_type=\"widget\" data-e-type=\"widget\" data-widget_type=\"tabs.default\">\n\t\t\t\t<div class=\"elementor-widget-container\">\n\t\t\t\t\t\t\t<div class=\"elementor-tabs\">\n\t\t\t<div class=\"elementor-tabs-wrapper\" role=\"tablist\" >\n\t\t\t\t\t\t\t\t\t<div id=\"elementor-tab-title-2131\" class=\"elementor-tab-title elementor-tab-desktop-title\" aria-selected=\"true\" data-tab=\"1\" role=\"tab\" tabindex=\"0\" aria-controls=\"elementor-tab-content-2131\" aria-expanded=\"false\">Caracter\u00edsticas<\/div>\n\t\t\t\t\t\t\t\t\t<div id=\"elementor-tab-title-2132\" class=\"elementor-tab-title elementor-tab-desktop-title\" aria-selected=\"false\" data-tab=\"2\" role=\"tab\" tabindex=\"-1\" aria-controls=\"elementor-tab-content-2132\" aria-expanded=\"false\">Instrucciones de instalaci\u00f3n<\/div>\n\t\t\t\t\t\t\t\t\t<div id=\"elementor-tab-title-2133\" class=\"elementor-tab-title elementor-tab-desktop-title\" aria-selected=\"false\" data-tab=\"3\" role=\"tab\" tabindex=\"-1\" aria-controls=\"elementor-tab-content-2133\" aria-expanded=\"false\">Fijaciones<\/div>\n\t\t\t\t\t\t\t<\/div>\n\t\t\t<div class=\"elementor-tabs-content-wrapper\" role=\"tablist\" aria-orientation=\"vertical\">\n\t\t\t\t\t\t\t\t\t<div class=\"elementor-tab-title elementor-tab-mobile-title\" aria-selected=\"true\" data-tab=\"1\" role=\"tab\" tabindex=\"0\" aria-controls=\"elementor-tab-content-2131\" aria-expanded=\"false\">Caracter\u00edsticas<\/div>\n\t\t\t\t\t<div id=\"elementor-tab-content-2131\" class=\"elementor-tab-content elementor-clearfix\" data-tab=\"1\" role=\"tabpanel\" aria-labelledby=\"elementor-tab-title-2131\" tabindex=\"0\" hidden=\"false\"><p><strong>Accesos de inspecci\u00f3n en ambos lados<\/strong>: la cubierta s\u00f3lo cubre la parte superior de la Cinta, dejando ambos lados libres para el mantenimiento.<\/p>\n<p><strong>Desmontable<\/strong>: la cubierta Berl\u00edn es completamente desmontable aflojando los tornillos, dejando la cinta transportadora completamente libre.<\/p>\n<p><strong>Autoportante<\/strong>: no requiere ninguna estructura.<\/p>\n<p><strong>Instalaci\u00f3n r\u00e1pida y sencilla<\/strong>: se adapta a pr\u00e1cticamente todas las cintas transportadoras.<\/p>\n<\/div>\n\t\t\t\t\t\t\t\t\t<div class=\"elementor-tab-title elementor-tab-mobile-title\" aria-selected=\"false\" data-tab=\"2\" role=\"tab\" tabindex=\"-1\" aria-controls=\"elementor-tab-content-2132\" aria-expanded=\"false\">Instrucciones de instalaci\u00f3n<\/div>\n\t\t\t\t\t<div id=\"elementor-tab-content-2132\" class=\"elementor-tab-content elementor-clearfix\" data-tab=\"2\" role=\"tabpanel\" aria-labelledby=\"elementor-tab-title-2132\" tabindex=\"0\" hidden=\"hidden\"><p>\t\t<div data-elementor-type=\"section\" data-elementor-id=\"26749\" class=\"elementor elementor-26749 elementor-776 elementor-776\" data-elementor-post-type=\"elementor_library\">\n\t\t\t\t\t<section class=\"elementor-section elementor-top-section elementor-element elementor-element-20ebd0d elementor-section-boxed elementor-section-height-default elementor-section-height-default\" data-id=\"20ebd0d\" data-element_type=\"section\" data-e-type=\"section\">\n\t\t\t\t\t\t<div class=\"elementor-container elementor-column-gap-default\">\n\t\t\t\t\t<div class=\"elementor-column elementor-col-100 elementor-top-column elementor-element elementor-element-ac0d46e\" data-id=\"ac0d46e\" data-element_type=\"column\" data-e-type=\"column\">\n\t\t\t<div class=\"elementor-widget-wrap elementor-element-populated\">\n\t\t\t\t\t\t<div class=\"elementor-element elementor-element-f43508f elementor-widget elementor-widget-text-editor\" data-id=\"f43508f\" data-element_type=\"widget\" data-e-type=\"widget\" data-widget_type=\"text-editor.default\">\n\t\t\t\t<div class=\"elementor-widget-container\">\n\t\t\t\t\t\t\t\t\t<p><strong>Atornille directamente la cubierta al bastidor de la cinta transportadora<\/strong>. Se recomienda que sea de 40x40mm. Los \u00e1ngulos de acero se instalan a ambos lados de la cinta transportadora.<\/p>\n<p><strong>Instale las tapas alternativamente<\/strong>, una arriba y otra abajo, y as\u00ed sucesivamente. No las coloque todas encima de la anterior, ya que las tejas se instalan en un tejado.<\/p>\n<p><strong>Detenga la cinta transportadora antes de iniciar la instalaci\u00f3n.<\/strong><\/p>\n<p><strong>Herramientas necesarias<\/strong>: Destornillador el\u00e9ctrico de 8 mm. enchufe.<\/p>\n<p><strong>Utilice los EPI<\/strong> (equipos de protecci\u00f3n individual) exigidos por la ley. CAPOTEX recomienda el uso de guantes, casco, botas de seguridad, protecci\u00f3n auditiva y m\u00e1scara de soldadura (s\u00f3lo para la soldadura de chapa de acero).<\/p>\n\t\t\t\t\t\t\t\t<\/div>\n\t\t\t\t<\/div>\n\t\t\t\t<div class=\"elementor-element elementor-element-e84ac96 elementor-widget elementor-widget-video\" data-id=\"e84ac96\" data-element_type=\"widget\" data-e-type=\"widget\" data-settings=\"{&quot;youtube_url&quot;:&quot;https:\\\/\\\/youtu.be\\\/BO-Bfc0kx4c&quot;,&quot;mute&quot;:&quot;yes&quot;,&quot;lazy_load&quot;:&quot;yes&quot;,&quot;video_type&quot;:&quot;youtube&quot;,&quot;controls&quot;:&quot;yes&quot;}\" data-widget_type=\"video.default\">\n\t\t\t\t<div class=\"elementor-widget-container\">\n\t\t\t\t\t\t\t<div class=\"elementor-wrapper elementor-open-inline\">\n\t\t\t<div class=\"elementor-video\"><\/div>\t\t<\/div>\n\t\t\t\t\t\t<\/div>\n\t\t\t\t<\/div>\n\t\t\t\t\t<\/div>\n\t\t<\/div>\n\t\t\t\t\t<\/div>\n\t\t<\/section>\n\t\t\t\t<\/div>\n\t\t<\/p>\n<\/div>\n\t\t\t\t\t\t\t\t\t<div class=\"elementor-tab-title elementor-tab-mobile-title\" aria-selected=\"false\" data-tab=\"3\" role=\"tab\" tabindex=\"-1\" aria-controls=\"elementor-tab-content-2133\" aria-expanded=\"false\">Fijaciones<\/div>\n\t\t\t\t\t<div id=\"elementor-tab-content-2133\" class=\"elementor-tab-content elementor-clearfix\" data-tab=\"3\" role=\"tabpanel\" aria-labelledby=\"elementor-tab-title-2133\" tabindex=\"0\" hidden=\"hidden\"><table><tbody><tr style=\"background-color: #00678a; color: #f9fafa;\"><th>Forma de la curvatura<\/th><th>Fijaci\u00f3n de<\/th><\/tr><tr><td><a href=\"https:\/\/www.capotex.com\/es\/cubiertas-para-bandas\/capotas-para-cintas-transportadoras\/\">Cl\u00e1sico<\/a><\/td><td><a href=\"https:\/\/www.capotex.com\/es\/fijaciones-de-cubiertas-para-cintas-transportadoras\/c5\/\">Tornillo autotaladrante C-5<\/a><\/td><\/tr><tr><td>\u00a0<\/td><td><a href=\"https:\/\/www.capotex.com\/es\/fijaciones-de-cubiertas-para-cintas-transportadoras\/c6\/\">Abrazadera C-6<\/a><\/td><\/tr><tr><td>\u00a0<\/td><td><a href=\"https:\/\/www.capotex.com\/es\/fijaciones-de-cubiertas-para-cintas-transportadoras\/c9\/\">Gancho C-9<\/a><\/td><\/tr><tr><td>\u00a0<\/td><td><a href=\"https:\/\/www.capotex.com\/es\/fijaciones-de-cubiertas-para-cintas-transportadoras\/c7\/\">C-7 Gancho ergon\u00f3mico con correa 1 \u00f3 2 ganchos con o sin platina<\/a><\/td><\/tr><\/tbody><\/table><\/div>\n\t\t\t\t\t\t\t<\/div>\n\t\t<\/div>\n\t\t\t\t\t\t<\/div>\n\t\t\t\t<\/div>\n\t\t\t\t<\/div>\n\t\t\t\t\t<\/div>\n\t\t\t\t<\/div>\n\t\t\t\t<\/div>\n\t\t","protected":false},"excerpt":{"rendered":"<p>Fijo y abierto por ambos lados<\/p>\n","protected":false},"author":1,"featured_media":734,"parent":26292,"menu_order":40,"comment_status":"closed","ping_status":"closed","template":"","meta":{"_joinchat":[],"footnotes":""},"tags":[69],"class_list":["post-26387","page","type-page","status-publish","has-post-thumbnail","hentry","tag-conveyormodels-es"],"_links":{"self":[{"href":"https:\/\/www.capotex.com\/es\/wp-json\/wp\/v2\/pages\/26387","targetHints":{"allow":["GET"]}}],"collection":[{"href":"https:\/\/www.capotex.com\/es\/wp-json\/wp\/v2\/pages"}],"about":[{"href":"https:\/\/www.capotex.com\/es\/wp-json\/wp\/v2\/types\/page"}],"author":[{"embeddable":true,"href":"https:\/\/www.capotex.com\/es\/wp-json\/wp\/v2\/users\/1"}],"replies":[{"embeddable":true,"href":"https:\/\/www.capotex.com\/es\/wp-json\/wp\/v2\/comments?post=26387"}],"version-history":[{"count":26,"href":"https:\/\/www.capotex.com\/es\/wp-json\/wp\/v2\/pages\/26387\/revisions"}],"predecessor-version":[{"id":34790,"href":"https:\/\/www.capotex.com\/es\/wp-json\/wp\/v2\/pages\/26387\/revisions\/34790"}],"up":[{"embeddable":true,"href":"https:\/\/www.capotex.com\/es\/wp-json\/wp\/v2\/pages\/26292"}],"wp:featuredmedia":[{"embeddable":true,"href":"https:\/\/www.capotex.com\/es\/wp-json\/wp\/v2\/media\/734"}],"wp:attachment":[{"href":"https:\/\/www.capotex.com\/es\/wp-json\/wp\/v2\/media?parent=26387"}],"wp:term":[{"taxonomy":"post_tag","embeddable":true,"href":"https:\/\/www.capotex.com\/es\/wp-json\/wp\/v2\/tags?post=26387"}],"curies":[{"name":"wp","href":"https:\/\/api.w.org\/{rel}","templated":true}]}}