{"id":26404,"date":"2023-05-17T10:26:42","date_gmt":"2023-05-17T09:26:42","guid":{"rendered":"https:\/\/capotex.com\/c-8-gancho-ergonomico-con-pasador\/"},"modified":"2024-06-25T08:44:32","modified_gmt":"2024-06-25T07:44:32","slug":"c8","status":"publish","type":"page","link":"https:\/\/www.capotex.com\/es\/fijaciones-de-cubiertas-para-cintas-transportadoras\/c8\/","title":{"rendered":"C-8 Gancho ergon\u00f3mico con pasador"},"content":{"rendered":"\t\t<div data-elementor-type=\"wp-page\" data-elementor-id=\"26404\" class=\"elementor elementor-26404 elementor-2062\" data-elementor-post-type=\"page\">\n\t\t\t\t<div class=\"elementor-element elementor-element-69b4374 e-flex e-con-boxed e-con e-parent\" data-id=\"69b4374\" data-element_type=\"container\" data-e-type=\"container\">\n\t\t\t\t\t<div class=\"e-con-inner\">\n\t\t<div class=\"elementor-element elementor-element-f182196 e-con-full e-flex e-con e-child\" data-id=\"f182196\" data-element_type=\"container\" data-e-type=\"container\">\n\t\t\t\t<div class=\"elementor-element elementor-element-22a1ed7 elementor-widget elementor-widget-image\" data-id=\"22a1ed7\" data-element_type=\"widget\" data-e-type=\"widget\" data-widget_type=\"image.default\">\n\t\t\t\t<div class=\"elementor-widget-container\">\n\t\t\t\t\t\t\t\t\t\t\t\t\t\t\t<img fetchpriority=\"high\" decoding=\"async\" width=\"616\" height=\"925\" src=\"https:\/\/www.capotex.com\/wp-content\/uploads\/2024\/06\/Gancho-con-pasador-de-Capotajes-para-bandas.webp\" class=\"attachment-full size-full wp-image-34582\" alt=\"Gancho con pasador de Capotajes para bandas\" srcset=\"https:\/\/www.capotex.com\/wp-content\/uploads\/2024\/06\/Gancho-con-pasador-de-Capotajes-para-bandas.webp 616w, https:\/\/www.capotex.com\/wp-content\/uploads\/2024\/06\/Gancho-con-pasador-de-Capotajes-para-bandas-200x300.webp 200w\" sizes=\"(max-width: 616px) 100vw, 616px\" \/>\t\t\t\t\t\t\t\t\t\t\t\t\t\t\t<\/div>\n\t\t\t\t<\/div>\n\t\t\t\t<div class=\"elementor-element elementor-element-1562b38 elementor-widget elementor-widget-heading\" data-id=\"1562b38\" data-element_type=\"widget\" data-e-type=\"widget\" data-widget_type=\"heading.default\">\n\t\t\t\t<div class=\"elementor-widget-container\">\n\t\t\t\t\t<h2 class=\"elementor-heading-title elementor-size-default\">Gancho con pasador de Capotajes para bandas Ergon\u00f3mico - C-8<\/h2>\t\t\t\t<\/div>\n\t\t\t\t<\/div>\n\t\t\t\t<div class=\"elementor-element elementor-element-90c3754 elementor-widget elementor-widget-text-editor\" data-id=\"90c3754\" data-element_type=\"widget\" data-e-type=\"widget\" data-widget_type=\"text-editor.default\">\n\t\t\t\t<div class=\"elementor-widget-container\">\n\t\t\t\t\t\t\t\t\t<p><strong>C-8 Gancho ergon\u00f3mico con pasador<\/strong>. La fijaci\u00f3n del muelle con un pasador hace que nuestra C-7 sea a\u00fan m\u00e1s c\u00f3moda.<\/p><p>Nuestro gancho de dise\u00f1o ergon\u00f3mico es f\u00e1cil de usar con las dos manos. El muelle de tracci\u00f3n y el pasador de acero mantienen el capotaje encajada en el perfil en T. Debe soldarse un perfil en T a lo largo de la estructura del transportador.<\/p>\t\t\t\t\t\t\t\t<\/div>\n\t\t\t\t<\/div>\n\t\t\t\t<\/div>\n\t\t\t\t\t<\/div>\n\t\t\t\t<\/div>\n\t\t\t\t<\/div>\n\t\t","protected":false},"excerpt":{"rendered":"<p>Gancho con pasador de Capotajes para bandas Ergon\u00f3mico &#8211; C-8 C-8 Gancho ergon\u00f3mico con pasador. La fijaci\u00f3n del muelle con un pasador hace que nuestra C-7 sea a\u00fan m\u00e1s c\u00f3moda. Nuestro gancho de dise\u00f1o ergon\u00f3mico es f\u00e1cil de usar con las dos manos. El muelle de tracci\u00f3n y el pasador de acero mantienen el capotaje [&hellip;]<\/p>\n","protected":false},"author":1,"featured_media":1007,"parent":26478,"menu_order":60,"comment_status":"closed","ping_status":"closed","template":"","meta":{"_joinchat":[],"footnotes":""},"tags":[73],"class_list":["post-26404","page","type-page","status-publish","has-post-thumbnail","hentry","tag-fijaciones"],"_links":{"self":[{"href":"https:\/\/www.capotex.com\/es\/wp-json\/wp\/v2\/pages\/26404","targetHints":{"allow":["GET"]}}],"collection":[{"href":"https:\/\/www.capotex.com\/es\/wp-json\/wp\/v2\/pages"}],"about":[{"href":"https:\/\/www.capotex.com\/es\/wp-json\/wp\/v2\/types\/page"}],"author":[{"embeddable":true,"href":"https:\/\/www.capotex.com\/es\/wp-json\/wp\/v2\/users\/1"}],"replies":[{"embeddable":true,"href":"https:\/\/www.capotex.com\/es\/wp-json\/wp\/v2\/comments?post=26404"}],"version-history":[{"count":9,"href":"https:\/\/www.capotex.com\/es\/wp-json\/wp\/v2\/pages\/26404\/revisions"}],"predecessor-version":[{"id":34589,"href":"https:\/\/www.capotex.com\/es\/wp-json\/wp\/v2\/pages\/26404\/revisions\/34589"}],"up":[{"embeddable":true,"href":"https:\/\/www.capotex.com\/es\/wp-json\/wp\/v2\/pages\/26478"}],"wp:featuredmedia":[{"embeddable":true,"href":"https:\/\/www.capotex.com\/es\/wp-json\/wp\/v2\/media\/1007"}],"wp:attachment":[{"href":"https:\/\/www.capotex.com\/es\/wp-json\/wp\/v2\/media?parent=26404"}],"wp:term":[{"taxonomy":"post_tag","embeddable":true,"href":"https:\/\/www.capotex.com\/es\/wp-json\/wp\/v2\/tags?post=26404"}],"curies":[{"name":"wp","href":"https:\/\/api.w.org\/{rel}","templated":true}]}}