{"id":26409,"date":"2023-05-17T09:32:31","date_gmt":"2023-05-17T08:32:31","guid":{"rendered":"https:\/\/capotex.com\/capobig\/"},"modified":"2024-05-28T14:33:27","modified_gmt":"2024-05-28T13:33:27","slug":"capobig","status":"publish","type":"page","link":"https:\/\/www.capotex.com\/es\/cubiertas-para-bandas\/cubiertas-para-fajas\/capobig\/","title":{"rendered":"Capobig"},"content":{"rendered":"\t\t<div data-elementor-type=\"wp-page\" data-elementor-id=\"26409\" class=\"elementor elementor-26409 elementor-2032\" data-elementor-post-type=\"page\">\n\t\t\t\t<div class=\"elementor-element elementor-element-c7da537 e-flex e-con-boxed e-con e-parent\" data-id=\"c7da537\" data-element_type=\"container\" data-e-type=\"container\">\n\t\t\t\t\t<div class=\"e-con-inner\">\n\t\t<div class=\"elementor-element elementor-element-5def696 e-con-full e-flex e-con e-child\" data-id=\"5def696\" data-element_type=\"container\" data-e-type=\"container\">\n\t\t\t\t<div class=\"elementor-element elementor-element-d4ae9c9 elementor-widget elementor-widget-image\" data-id=\"d4ae9c9\" data-element_type=\"widget\" data-e-type=\"widget\" data-widget_type=\"image.default\">\n\t\t\t\t<div class=\"elementor-widget-container\">\n\t\t\t\t\t\t\t\t\t\t\t\t\t\t\t<img fetchpriority=\"high\" decoding=\"async\" width=\"600\" height=\"329\" src=\"https:\/\/www.capotex.com\/wp-content\/uploads\/2024\/05\/Cubiertas-para-cintas-transportadoras-Capobig.webp\" class=\"attachment-full size-full wp-image-33805\" alt=\"Cubiertas para cintas transportadoras Capobig\" srcset=\"https:\/\/www.capotex.com\/wp-content\/uploads\/2024\/05\/Cubiertas-para-cintas-transportadoras-Capobig.webp 600w, https:\/\/www.capotex.com\/wp-content\/uploads\/2024\/05\/Cubiertas-para-cintas-transportadoras-Capobig-300x165.webp 300w\" sizes=\"(max-width: 600px) 100vw, 600px\" \/>\t\t\t\t\t\t\t\t\t\t\t\t\t\t\t<\/div>\n\t\t\t\t<\/div>\n\t\t\t\t<\/div>\n\t\t\t\t\t<\/div>\n\t\t\t\t<\/div>\n\t\t<div class=\"elementor-element elementor-element-101cb73 e-flex e-con-boxed e-con e-parent\" data-id=\"101cb73\" data-element_type=\"container\" data-e-type=\"container\">\n\t\t\t\t\t<div class=\"e-con-inner\">\n\t\t<div class=\"elementor-element elementor-element-f3b24e6 e-con-full e-flex e-con e-child\" data-id=\"f3b24e6\" data-element_type=\"container\" data-e-type=\"container\">\n\t\t\t\t<div class=\"elementor-element elementor-element-41a30fd elementor-widget elementor-widget-text-editor\" data-id=\"41a30fd\" data-element_type=\"widget\" data-e-type=\"widget\" data-widget_type=\"text-editor.default\">\n\t\t\t\t<div class=\"elementor-widget-container\">\n\t\t\t\t\t\t\t\t\t<p><strong>Cubierta Capobig de tama\u00f1o extra<\/strong>. La cubierta de gran tama\u00f1o proporciona una cinta transportadora completamente cerrada. Cubre la cinta transportadora, dejando espacio suficiente para el mantenimiento o para cubrir estructuras especialmente grandes.<\/p><p><strong>M\u00e1s espacio y seguridad.<\/strong> El dise\u00f1o CAPOBIG ofrece gran protecci\u00f3n y espacio, maximizando la seguridad y minimizando el desgaste de la m\u00e1quina. El gran tama\u00f1o de esta cubierta la hace ideal para grandes proyectos de ingenier\u00eda y miner\u00eda en los que es necesario cubrir una gran extensi\u00f3n de maquinaria.<\/p><p>Las cubiertas CAPOBIG extra grandes tienen un <strong>montaje<\/strong> incre\u00edblemente <strong>r\u00e1pido<\/strong>. El sistema de fijaci\u00f3n CAPOTEX garantiza una instalaci\u00f3n r\u00e1pida, segura y sencilla.<\/p>\t\t\t\t\t\t\t\t<\/div>\n\t\t\t\t<\/div>\n\t\t\t\t<div class=\"elementor-element elementor-element-708d88d elementor-widget elementor-widget-image\" data-id=\"708d88d\" data-element_type=\"widget\" data-e-type=\"widget\" data-widget_type=\"image.default\">\n\t\t\t\t<div class=\"elementor-widget-container\">\n\t\t\t\t\t\t\t\t\t\t\t\t<figure class=\"wp-caption\">\n\t\t\t\t\t\t\t\t\t\t\t<a href=\"https:\/\/www.capotex.com\/wp-content\/uploads\/2023\/05\/Capotex-Capobig-drawings-EN.pdf\" target=\"_blank\">\n\t\t\t\t\t\t\t<img decoding=\"async\" width=\"300\" height=\"212\" src=\"https:\/\/www.capotex.com\/wp-content\/uploads\/2023\/05\/Capobig-cover.jpg\" class=\"attachment-full size-full wp-image-662\" alt=\"\" \/>\t\t\t\t\t\t\t\t<\/a>\n\t\t\t\t\t\t\t\t\t\t\t<figcaption class=\"widget-image-caption wp-caption-text\">Descargar pdf<\/figcaption>\n\t\t\t\t\t\t\t\t\t\t<\/figure>\n\t\t\t\t\t\t\t\t\t<\/div>\n\t\t\t\t<\/div>\n\t\t\t\t<\/div>\n\t\t\t\t\t<\/div>\n\t\t\t\t<\/div>\n\t\t\t\t<\/div>\n\t\t","protected":false},"excerpt":{"rendered":"<p>Cubierta Capobig de tama\u00f1o extra. La cubierta de gran tama\u00f1o proporciona una cinta transportadora completamente cerrada. Cubre la cinta transportadora, dejando espacio suficiente para el mantenimiento o para cubrir estructuras especialmente grandes. M\u00e1s espacio y seguridad. El dise\u00f1o CAPOBIG ofrece gran protecci\u00f3n y espacio, maximizando la seguridad y minimizando el desgaste de la m\u00e1quina. El [&hellip;]<\/p>\n","protected":false},"author":1,"featured_media":485,"parent":26433,"menu_order":40,"comment_status":"closed","ping_status":"closed","template":"","meta":{"_joinchat":[],"footnotes":""},"tags":[77],"class_list":["post-26409","page","type-page","status-publish","has-post-thumbnail","hentry","tag-modelos-especiales"],"_links":{"self":[{"href":"https:\/\/www.capotex.com\/es\/wp-json\/wp\/v2\/pages\/26409","targetHints":{"allow":["GET"]}}],"collection":[{"href":"https:\/\/www.capotex.com\/es\/wp-json\/wp\/v2\/pages"}],"about":[{"href":"https:\/\/www.capotex.com\/es\/wp-json\/wp\/v2\/types\/page"}],"author":[{"embeddable":true,"href":"https:\/\/www.capotex.com\/es\/wp-json\/wp\/v2\/users\/1"}],"replies":[{"embeddable":true,"href":"https:\/\/www.capotex.com\/es\/wp-json\/wp\/v2\/comments?post=26409"}],"version-history":[{"count":12,"href":"https:\/\/www.capotex.com\/es\/wp-json\/wp\/v2\/pages\/26409\/revisions"}],"predecessor-version":[{"id":33820,"href":"https:\/\/www.capotex.com\/es\/wp-json\/wp\/v2\/pages\/26409\/revisions\/33820"}],"up":[{"embeddable":true,"href":"https:\/\/www.capotex.com\/es\/wp-json\/wp\/v2\/pages\/26433"}],"wp:featuredmedia":[{"embeddable":true,"href":"https:\/\/www.capotex.com\/es\/wp-json\/wp\/v2\/media\/485"}],"wp:attachment":[{"href":"https:\/\/www.capotex.com\/es\/wp-json\/wp\/v2\/media?parent=26409"}],"wp:term":[{"taxonomy":"post_tag","embeddable":true,"href":"https:\/\/www.capotex.com\/es\/wp-json\/wp\/v2\/tags?post=26409"}],"curies":[{"name":"wp","href":"https:\/\/api.w.org\/{rel}","templated":true}]}}