{"id":26410,"date":"2023-05-17T09:24:37","date_gmt":"2023-05-17T08:24:37","guid":{"rendered":"https:\/\/capotex.com\/capofire\/"},"modified":"2024-05-28T14:27:10","modified_gmt":"2024-05-28T13:27:10","slug":"capofire","status":"publish","type":"page","link":"https:\/\/www.capotex.com\/es\/cubiertas-para-bandas\/cubiertas-para-fajas\/capofire\/","title":{"rendered":"Capofire"},"content":{"rendered":"\t\t<div data-elementor-type=\"wp-page\" data-elementor-id=\"26410\" class=\"elementor elementor-26410 elementor-2017\" data-elementor-post-type=\"page\">\n\t\t\t\t<div class=\"elementor-element elementor-element-aa7dbc1 e-flex e-con-boxed e-con e-parent\" data-id=\"aa7dbc1\" data-element_type=\"container\" data-e-type=\"container\">\n\t\t\t\t\t<div class=\"e-con-inner\">\n\t\t<div class=\"elementor-element elementor-element-afd89b8 e-con-full e-flex e-con e-child\" data-id=\"afd89b8\" data-element_type=\"container\" data-e-type=\"container\">\n\t\t\t\t<div class=\"elementor-element elementor-element-ace3e55 elementor-widget elementor-widget-image\" data-id=\"ace3e55\" data-element_type=\"widget\" data-e-type=\"widget\" data-widget_type=\"image.default\">\n\t\t\t\t<div class=\"elementor-widget-container\">\n\t\t\t\t\t\t\t\t\t\t\t\t\t\t\t<img fetchpriority=\"high\" decoding=\"async\" width=\"600\" height=\"329\" src=\"https:\/\/www.capotex.com\/wp-content\/uploads\/2024\/05\/Capotas-para-cintas-transportadoras-Capofire.webp\" class=\"attachment-full size-full wp-image-33787\" alt=\"Capotas para cintas transportadoras Capofire\" srcset=\"https:\/\/www.capotex.com\/wp-content\/uploads\/2024\/05\/Capotas-para-cintas-transportadoras-Capofire.webp 600w, https:\/\/www.capotex.com\/wp-content\/uploads\/2024\/05\/Capotas-para-cintas-transportadoras-Capofire-300x165.webp 300w\" sizes=\"(max-width: 600px) 100vw, 600px\" \/>\t\t\t\t\t\t\t\t\t\t\t\t\t\t\t<\/div>\n\t\t\t\t<\/div>\n\t\t\t\t<\/div>\n\t\t\t\t\t<\/div>\n\t\t\t\t<\/div>\n\t\t<div class=\"elementor-element elementor-element-9928d73 e-flex e-con-boxed e-con e-parent\" data-id=\"9928d73\" data-element_type=\"container\" data-e-type=\"container\">\n\t\t\t\t\t<div class=\"e-con-inner\">\n\t\t<div class=\"elementor-element elementor-element-8cffb37 e-con-full e-flex e-con e-child\" data-id=\"8cffb37\" data-element_type=\"container\" data-e-type=\"container\">\n\t\t\t\t<div class=\"elementor-element elementor-element-7f3bc8d elementor-widget elementor-widget-heading\" data-id=\"7f3bc8d\" data-element_type=\"widget\" data-e-type=\"widget\" data-widget_type=\"heading.default\">\n\t\t\t\t<div class=\"elementor-widget-container\">\n\t\t\t\t\t<h2 class=\"elementor-heading-title elementor-size-default\">Capofire<\/h2>\t\t\t\t<\/div>\n\t\t\t\t<\/div>\n\t\t\t\t<div class=\"elementor-element elementor-element-da53d05 elementor-widget elementor-widget-text-editor\" data-id=\"da53d05\" data-element_type=\"widget\" data-e-type=\"widget\" data-widget_type=\"text-editor.default\">\n\t\t\t\t<div class=\"elementor-widget-container\">\n\t\t\t\t\t\t\t\t\t<p>Esta cubierta es <strong>adecuada para la mayor\u00eda de los sistemas de extinci\u00f3n de<\/strong> incendios. Preparamos la cubierta para la instalaci\u00f3n de un sistema de extinci\u00f3n de incendios en el interior, pero sigue siendo posible abrir toda la cubierta para la inspecci\u00f3n y el mantenimiento del transportador.<\/p><p>La instalaci\u00f3n es r\u00e1pida y sencilla.<\/p>\t\t\t\t\t\t\t\t<\/div>\n\t\t\t\t<\/div>\n\t\t\t\t<div class=\"elementor-element elementor-element-03bd054 elementor-widget elementor-widget-image\" data-id=\"03bd054\" data-element_type=\"widget\" data-e-type=\"widget\" data-widget_type=\"image.default\">\n\t\t\t\t<div class=\"elementor-widget-container\">\n\t\t\t\t\t\t\t\t\t\t\t\t<figure class=\"wp-caption\">\n\t\t\t\t\t\t\t\t\t\t\t<a href=\"https:\/\/www.capotex.com\/wp-content\/uploads\/2023\/05\/Capofire_EN.pdf\" target=\"_blank\">\n\t\t\t\t\t\t\t<img decoding=\"async\" width=\"300\" height=\"212\" src=\"https:\/\/www.capotex.com\/wp-content\/uploads\/2023\/05\/Capofire-drawings-cover.jpg\" class=\"attachment-full size-full wp-image-595\" alt=\"\" \/>\t\t\t\t\t\t\t\t<\/a>\n\t\t\t\t\t\t\t\t\t\t\t<figcaption class=\"widget-image-caption wp-caption-text\">Descargar pdf<\/figcaption>\n\t\t\t\t\t\t\t\t\t\t<\/figure>\n\t\t\t\t\t\t\t\t\t<\/div>\n\t\t\t\t<\/div>\n\t\t\t\t<\/div>\n\t\t\t\t\t<\/div>\n\t\t\t\t<\/div>\n\t\t\t\t<\/div>\n\t\t","protected":false},"excerpt":{"rendered":"<p>Capofire Esta cubierta es adecuada para la mayor\u00eda de los sistemas de extinci\u00f3n de incendios. Preparamos la cubierta para la instalaci\u00f3n de un sistema de extinci\u00f3n de incendios en el interior, pero sigue siendo posible abrir toda la cubierta para la inspecci\u00f3n y el mantenimiento del transportador. La instalaci\u00f3n es r\u00e1pida y sencilla. Descargar pdf<\/p>\n","protected":false},"author":1,"featured_media":586,"parent":26433,"menu_order":10,"comment_status":"closed","ping_status":"closed","template":"","meta":{"_joinchat":[],"footnotes":""},"tags":[77],"class_list":["post-26410","page","type-page","status-publish","has-post-thumbnail","hentry","tag-modelos-especiales"],"_links":{"self":[{"href":"https:\/\/www.capotex.com\/es\/wp-json\/wp\/v2\/pages\/26410","targetHints":{"allow":["GET"]}}],"collection":[{"href":"https:\/\/www.capotex.com\/es\/wp-json\/wp\/v2\/pages"}],"about":[{"href":"https:\/\/www.capotex.com\/es\/wp-json\/wp\/v2\/types\/page"}],"author":[{"embeddable":true,"href":"https:\/\/www.capotex.com\/es\/wp-json\/wp\/v2\/users\/1"}],"replies":[{"embeddable":true,"href":"https:\/\/www.capotex.com\/es\/wp-json\/wp\/v2\/comments?post=26410"}],"version-history":[{"count":15,"href":"https:\/\/www.capotex.com\/es\/wp-json\/wp\/v2\/pages\/26410\/revisions"}],"predecessor-version":[{"id":33797,"href":"https:\/\/www.capotex.com\/es\/wp-json\/wp\/v2\/pages\/26410\/revisions\/33797"}],"up":[{"embeddable":true,"href":"https:\/\/www.capotex.com\/es\/wp-json\/wp\/v2\/pages\/26433"}],"wp:featuredmedia":[{"embeddable":true,"href":"https:\/\/www.capotex.com\/es\/wp-json\/wp\/v2\/media\/586"}],"wp:attachment":[{"href":"https:\/\/www.capotex.com\/es\/wp-json\/wp\/v2\/media?parent=26410"}],"wp:term":[{"taxonomy":"post_tag","embeddable":true,"href":"https:\/\/www.capotex.com\/es\/wp-json\/wp\/v2\/tags?post=26410"}],"curies":[{"name":"wp","href":"https:\/\/api.w.org\/{rel}","templated":true}]}}