{"id":26421,"date":"2023-05-17T08:49:28","date_gmt":"2023-05-17T07:49:28","guid":{"rendered":"https:\/\/capotex.com\/productos\/modelos-estandar\/capotray\/"},"modified":"2024-06-27T09:57:30","modified_gmt":"2024-06-27T08:57:30","slug":"capotray","status":"publish","type":"page","link":"https:\/\/www.capotex.com\/es\/cubiertas-para-bandas\/capotajes-para-fajas\/capotray\/","title":{"rendered":"Capotray"},"content":{"rendered":"\t\t<div data-elementor-type=\"wp-page\" data-elementor-id=\"26421\" class=\"elementor elementor-26421 elementor-1974\" data-elementor-post-type=\"page\">\n\t\t\t\t<div class=\"elementor-element elementor-element-e3f7eee e-flex e-con-boxed e-con e-parent\" data-id=\"e3f7eee\" data-element_type=\"container\" data-e-type=\"container\">\n\t\t\t\t\t<div class=\"e-con-inner\">\n\t\t<div class=\"elementor-element elementor-element-5d9d3bd e-con-full e-flex e-con e-child\" data-id=\"5d9d3bd\" data-element_type=\"container\" data-e-type=\"container\">\n\t\t\t\t<div class=\"elementor-element elementor-element-488223e elementor-widget elementor-widget-image\" data-id=\"488223e\" data-element_type=\"widget\" data-e-type=\"widget\" data-widget_type=\"image.default\">\n\t\t\t\t<div class=\"elementor-widget-container\">\n\t\t\t\t\t\t\t\t\t\t\t\t\t\t\t<img fetchpriority=\"high\" decoding=\"async\" width=\"600\" height=\"329\" src=\"https:\/\/www.capotex.com\/wp-content\/uploads\/2024\/05\/Cubiertas-para-fajas-Capotray.webp\" class=\"attachment-full size-full wp-image-33772\" alt=\"Cubiertas para fajas modelo Capotray\" srcset=\"https:\/\/www.capotex.com\/wp-content\/uploads\/2024\/05\/Cubiertas-para-fajas-Capotray.webp 600w, https:\/\/www.capotex.com\/wp-content\/uploads\/2024\/05\/Cubiertas-para-fajas-Capotray-300x165.webp 300w\" sizes=\"(max-width: 600px) 100vw, 600px\" \/>\t\t\t\t\t\t\t\t\t\t\t\t\t\t\t<\/div>\n\t\t\t\t<\/div>\n\t\t\t\t<\/div>\n\t\t\t\t\t<\/div>\n\t\t\t\t<\/div>\n\t\t<div class=\"elementor-element elementor-element-e8a28df e-flex e-con-boxed e-con e-parent\" data-id=\"e8a28df\" data-element_type=\"container\" data-e-type=\"container\">\n\t\t\t\t\t<div class=\"e-con-inner\">\n\t\t<div class=\"elementor-element elementor-element-a8e9561 e-con-full e-flex e-con e-child\" data-id=\"a8e9561\" data-element_type=\"container\" data-e-type=\"container\">\n\t\t\t\t<div class=\"elementor-element elementor-element-cddfdf1 elementor-widget elementor-widget-heading\" data-id=\"cddfdf1\" data-element_type=\"widget\" data-e-type=\"widget\" data-widget_type=\"heading.default\">\n\t\t\t\t<div class=\"elementor-widget-container\">\n\t\t\t\t\t<h2 class=\"elementor-heading-title elementor-size-default\">Capotray<\/h2>\t\t\t\t<\/div>\n\t\t\t\t<\/div>\n\t\t\t\t<div class=\"elementor-element elementor-element-7e5fe43 elementor-widget elementor-widget-text-editor\" data-id=\"7e5fe43\" data-element_type=\"widget\" data-e-type=\"widget\" data-widget_type=\"text-editor.default\">\n\t\t\t\t<div class=\"elementor-widget-container\">\n\t\t\t\t\t\t\t\t\t<p><strong>Evita que el material adherido a la cinta de retorno caiga al suelo.<\/strong><\/p><p><strong>Cerramiento de la correa de retorno<\/strong>: Elimina la desalineaci\u00f3n de la correa de retorno debida a la presi\u00f3n del viento externo.<\/p><p><strong>Protecci\u00f3n de seguridad<\/strong>: Evita la manipulaci\u00f3n accidental de la cinta de retorno.<\/p><p><strong>Drenaje<\/strong> del agua: M\u00faltiples perforaciones centrales drenan el agua de lluvia, nieve, condensaci\u00f3n y sistemas de supresi\u00f3n de polvo.<\/p><p><strong>Protecci\u00f3n contra el desgaste<\/strong>: Evita el desgaste excesivo causado por las peque\u00f1as part\u00edculas transportadas por los vientos locales, prolongando la vida \u00fatil de rodillos, correas, estructuras de acero y otros equipos.<\/p>\t\t\t\t\t\t\t\t<\/div>\n\t\t\t\t<\/div>\n\t\t\t\t<div class=\"elementor-element elementor-element-776f998 elementor-widget elementor-widget-image\" data-id=\"776f998\" data-element_type=\"widget\" data-e-type=\"widget\" data-widget_type=\"image.default\">\n\t\t\t\t<div class=\"elementor-widget-container\">\n\t\t\t\t\t\t\t\t\t\t\t\t<figure class=\"wp-caption\">\n\t\t\t\t\t\t\t\t\t\t\t<a href=\"https:\/\/www.capotex.com\/wp-content\/uploads\/2023\/05\/Capotex-model-Capotray-drawings-EN.pdf\" target=\"_blank\">\n\t\t\t\t\t\t\t<img decoding=\"async\" width=\"300\" height=\"212\" src=\"https:\/\/www.capotex.com\/wp-content\/uploads\/2023\/05\/Capotex-model-Capotray-drawings-cover.jpg\" class=\"attachment-full size-full wp-image-881\" alt=\"\" \/>\t\t\t\t\t\t\t\t<\/a>\n\t\t\t\t\t\t\t\t\t\t\t<figcaption class=\"widget-image-caption wp-caption-text\">Descargar pdf<\/figcaption>\n\t\t\t\t\t\t\t\t\t\t<\/figure>\n\t\t\t\t\t\t\t\t\t<\/div>\n\t\t\t\t<\/div>\n\t\t\t\t<\/div>\n\t\t\t\t\t<\/div>\n\t\t\t\t<\/div>\n\t\t<div class=\"elementor-element elementor-element-267ee05 elementor-hidden-mobile e-flex e-con-boxed e-con e-parent\" data-id=\"267ee05\" data-element_type=\"container\" data-e-type=\"container\">\n\t\t\t\t\t<div class=\"e-con-inner\">\n\t\t<div class=\"elementor-element elementor-element-3e82fad e-con-full e-flex e-con e-child\" data-id=\"3e82fad\" data-element_type=\"container\" data-e-type=\"container\">\n\t\t\t\t<div class=\"elementor-element elementor-element-b9a0074 elementor-tabs-view-horizontal elementor-widget elementor-widget-tabs\" data-id=\"b9a0074\" data-element_type=\"widget\" data-e-type=\"widget\" data-widget_type=\"tabs.default\">\n\t\t\t\t<div class=\"elementor-widget-container\">\n\t\t\t\t\t\t\t<div class=\"elementor-tabs\">\n\t\t\t<div class=\"elementor-tabs-wrapper\" role=\"tablist\" >\n\t\t\t\t\t\t\t\t\t<div id=\"elementor-tab-title-1941\" class=\"elementor-tab-title elementor-tab-desktop-title\" aria-selected=\"true\" data-tab=\"1\" role=\"tab\" tabindex=\"0\" aria-controls=\"elementor-tab-content-1941\" aria-expanded=\"false\">Fijaciones<\/div>\n\t\t\t\t\t\t\t<\/div>\n\t\t\t<div class=\"elementor-tabs-content-wrapper\" role=\"tablist\" aria-orientation=\"vertical\">\n\t\t\t\t\t\t\t\t\t<div class=\"elementor-tab-title elementor-tab-mobile-title\" aria-selected=\"true\" data-tab=\"1\" role=\"tab\" tabindex=\"0\" aria-controls=\"elementor-tab-content-1941\" aria-expanded=\"false\">Fijaciones<\/div>\n\t\t\t\t\t<div id=\"elementor-tab-content-1941\" class=\"elementor-tab-content elementor-clearfix\" data-tab=\"1\" role=\"tabpanel\" aria-labelledby=\"elementor-tab-title-1941\" tabindex=\"0\" hidden=\"false\"><table><tbody><tr style=\"background-color: #00678a; color: #f9fafa;\"><th>Fijaci\u00f3n de<\/th><th>Foto<\/th><\/tr><tr><td><a href=\"https:\/\/www.capotex.com\/es\/fijaciones-de-cubiertas-para-cintas-transportadoras\/c1\/\">Bisagra de cierre C-1<\/a><\/td><td><a href=\"https:\/\/www.capotex.com\/es\/productos\/fijaciones\/bisagra-de-cierre-c1\/\"><img decoding=\"async\" src=\"https:\/\/www.capotex.com\/wp-content\/uploads\/2023\/05\/Capotex-fixings-C1-Lock-Hinge.webp\" width=\"300\" \/><\/a><\/td><\/tr><tr><td><a href=\"https:\/\/www.capotex.com\/es\/fijaciones-de-cubiertas-para-cintas-transportadoras\/c5\/\">Tornillo autotaladrante C-5<\/a><\/td><td><a href=\"https:\/\/www.capotex.com\/es\/productos\/fijaciones\/tornillo-autotaladrante-c5\/\"><img decoding=\"async\" src=\"https:\/\/www.capotex.com\/wp-content\/uploads\/2023\/05\/Capotex-fixings-C5-Self-Drilling-Screw.webp\" width=\"200\" \/><\/a><\/td><\/tr><\/tbody><\/table><\/div>\n\t\t\t\t\t\t\t<\/div>\n\t\t<\/div>\n\t\t\t\t\t\t<\/div>\n\t\t\t\t<\/div>\n\t\t\t\t<\/div>\n\t\t\t\t\t<\/div>\n\t\t\t\t<\/div>\n\t\t<div class=\"elementor-element elementor-element-aaac0c5 elementor-hidden-desktop elementor-hidden-tablet e-flex e-con-boxed e-con e-parent\" data-id=\"aaac0c5\" data-element_type=\"container\" data-e-type=\"container\">\n\t\t\t\t\t<div class=\"e-con-inner\">\n\t\t<div class=\"elementor-element elementor-element-c857cdb e-con-full e-flex e-con e-child\" data-id=\"c857cdb\" data-element_type=\"container\" data-e-type=\"container\">\n\t\t\t\t<div class=\"elementor-element elementor-element-9cb1c01 elementor-tabs-view-horizontal elementor-widget elementor-widget-tabs\" data-id=\"9cb1c01\" data-element_type=\"widget\" data-e-type=\"widget\" data-widget_type=\"tabs.default\">\n\t\t\t\t<div class=\"elementor-widget-container\">\n\t\t\t\t\t\t\t<div class=\"elementor-tabs\">\n\t\t\t<div class=\"elementor-tabs-wrapper\" role=\"tablist\" >\n\t\t\t\t\t\t\t\t\t<div id=\"elementor-tab-title-1641\" class=\"elementor-tab-title elementor-tab-desktop-title\" aria-selected=\"true\" data-tab=\"1\" role=\"tab\" tabindex=\"0\" aria-controls=\"elementor-tab-content-1641\" aria-expanded=\"false\">Fijaciones<\/div>\n\t\t\t\t\t\t\t<\/div>\n\t\t\t<div class=\"elementor-tabs-content-wrapper\" role=\"tablist\" aria-orientation=\"vertical\">\n\t\t\t\t\t\t\t\t\t<div class=\"elementor-tab-title elementor-tab-mobile-title\" aria-selected=\"true\" data-tab=\"1\" role=\"tab\" tabindex=\"0\" aria-controls=\"elementor-tab-content-1641\" aria-expanded=\"false\">Fijaciones<\/div>\n\t\t\t\t\t<div id=\"elementor-tab-content-1641\" class=\"elementor-tab-content elementor-clearfix\" data-tab=\"1\" role=\"tabpanel\" aria-labelledby=\"elementor-tab-title-1641\" tabindex=\"0\" hidden=\"false\"><table><tbody><tr style=\"background-color: #00678a; color: #f9fafa;\"><th>Fijaci\u00f3n de<\/th><\/tr><tr><td><a href=\"https:\/\/www.capotex.com\/es\/fijaciones-de-cubiertas-para-cintas-transportadoras\/c1\/\">Bisagra de cierre C-1<\/a><\/td><\/tr><tr><td><a href=\"https:\/\/www.capotex.com\/es\/fijaciones-de-cubiertas-para-cintas-transportadoras\/c5\/\">Tornillo autotaladrante C-5<\/a><\/td><\/tr><\/tbody><\/table><\/div>\n\t\t\t\t\t\t\t<\/div>\n\t\t<\/div>\n\t\t\t\t\t\t<\/div>\n\t\t\t\t<\/div>\n\t\t\t\t<\/div>\n\t\t\t\t\t<\/div>\n\t\t\t\t<\/div>\n\t\t\t\t<\/div>\n\t\t","protected":false},"excerpt":{"rendered":"<p>Evita la manipulaci\u00f3n accidental de la cinta<\/p>\n","protected":false},"author":1,"featured_media":872,"parent":26292,"menu_order":80,"comment_status":"closed","ping_status":"closed","template":"","meta":{"_joinchat":[],"footnotes":""},"tags":[69],"class_list":["post-26421","page","type-page","status-publish","has-post-thumbnail","hentry","tag-conveyormodels-es"],"_links":{"self":[{"href":"https:\/\/www.capotex.com\/es\/wp-json\/wp\/v2\/pages\/26421","targetHints":{"allow":["GET"]}}],"collection":[{"href":"https:\/\/www.capotex.com\/es\/wp-json\/wp\/v2\/pages"}],"about":[{"href":"https:\/\/www.capotex.com\/es\/wp-json\/wp\/v2\/types\/page"}],"author":[{"embeddable":true,"href":"https:\/\/www.capotex.com\/es\/wp-json\/wp\/v2\/users\/1"}],"replies":[{"embeddable":true,"href":"https:\/\/www.capotex.com\/es\/wp-json\/wp\/v2\/comments?post=26421"}],"version-history":[{"count":28,"href":"https:\/\/www.capotex.com\/es\/wp-json\/wp\/v2\/pages\/26421\/revisions"}],"predecessor-version":[{"id":34799,"href":"https:\/\/www.capotex.com\/es\/wp-json\/wp\/v2\/pages\/26421\/revisions\/34799"}],"up":[{"embeddable":true,"href":"https:\/\/www.capotex.com\/es\/wp-json\/wp\/v2\/pages\/26292"}],"wp:featuredmedia":[{"embeddable":true,"href":"https:\/\/www.capotex.com\/es\/wp-json\/wp\/v2\/media\/872"}],"wp:attachment":[{"href":"https:\/\/www.capotex.com\/es\/wp-json\/wp\/v2\/media?parent=26421"}],"wp:term":[{"taxonomy":"post_tag","embeddable":true,"href":"https:\/\/www.capotex.com\/es\/wp-json\/wp\/v2\/tags?post=26421"}],"curies":[{"name":"wp","href":"https:\/\/api.w.org\/{rel}","templated":true}]}}