{"id":26431,"date":"2023-05-17T13:43:41","date_gmt":"2023-05-17T12:43:41","guid":{"rendered":"https:\/\/capotex.com\/productos\/accesorios\/"},"modified":"2024-06-11T07:52:33","modified_gmt":"2024-06-11T06:52:33","slug":"accesorios-cubiertas-para-fajas","status":"publish","type":"page","link":"https:\/\/www.capotex.com\/es\/cubiertas-para-bandas\/accesorios-cubiertas-para-fajas\/","title":{"rendered":"Accesorios"},"content":{"rendered":"\t\t<div data-elementor-type=\"wp-page\" data-elementor-id=\"26431\" class=\"elementor elementor-26431 elementor-2154\" data-elementor-post-type=\"page\">\n\t\t\t\t<div class=\"elementor-element elementor-element-6ef99ff e-flex e-con-boxed e-con e-parent\" data-id=\"6ef99ff\" data-element_type=\"container\" data-e-type=\"container\">\n\t\t\t\t\t<div class=\"e-con-inner\">\n\t\t<div class=\"elementor-element elementor-element-0c35463 e-con-full e-flex e-con e-child\" data-id=\"0c35463\" data-element_type=\"container\" data-e-type=\"container\">\n\t\t\t\t<div class=\"elementor-element elementor-element-5ebf887 elementor-widget elementor-widget-heading\" data-id=\"5ebf887\" data-element_type=\"widget\" data-e-type=\"widget\" data-widget_type=\"heading.default\">\n\t\t\t\t<div class=\"elementor-widget-container\">\n\t\t\t\t\t<h2 class=\"elementor-heading-title elementor-size-default\">Accesorios cubiertas para fajas<\/h2>\t\t\t\t<\/div>\n\t\t\t\t<\/div>\n\t\t\t\t<\/div>\n\t\t\t\t\t<\/div>\n\t\t\t\t<\/div>\n\t\t<div class=\"elementor-element elementor-element-3cfea97 e-flex e-con-boxed e-con e-parent\" data-id=\"3cfea97\" data-element_type=\"container\" data-e-type=\"container\">\n\t\t\t\t\t<div class=\"e-con-inner\">\n\t\t<div class=\"elementor-element elementor-element-91e95b0 e-con-full e-flex e-con e-child\" data-id=\"91e95b0\" data-element_type=\"container\" data-e-type=\"container\" data-settings=\"{&quot;background_background&quot;:&quot;classic&quot;}\">\n\t\t\t\t<div class=\"elementor-element elementor-element-8e5fa64 elementor-widget elementor-widget-heading\" data-id=\"8e5fa64\" data-element_type=\"widget\" data-e-type=\"widget\" data-widget_type=\"heading.default\">\n\t\t\t\t<div class=\"elementor-widget-container\">\n\t\t\t\t\t<h2 class=\"elementor-heading-title elementor-size-default\">Caposafe<\/h2>\t\t\t\t<\/div>\n\t\t\t\t<\/div>\n\t\t\t\t<div class=\"elementor-element elementor-element-247f587 elementor-widget elementor-widget-image\" data-id=\"247f587\" data-element_type=\"widget\" data-e-type=\"widget\" data-widget_type=\"image.default\">\n\t\t\t\t<div class=\"elementor-widget-container\">\n\t\t\t\t\t\t\t\t\t\t\t\t\t\t\t\t<a href=\"https:\/\/www.capotex.com\/wp-content\/uploads\/2024\/06\/Mecanismo-seguridad-Accesorios-cubiertas-para-fajas.jpg\" data-elementor-open-lightbox=\"yes\" data-elementor-lightbox-title=\"Mecanismo seguridad Accesorios cubiertas para fajas\" data-elementor-lightbox-description=\"Mecanismo seguridad Accesorios cubiertas para fajas\" data-e-action-hash=\"#elementor-action%3Aaction%3Dlightbox%26settings%3DeyJpZCI6MzQyMzAsInVybCI6Imh0dHBzOlwvXC93d3cuY2Fwb3RleC5jb21cL3dwLWNvbnRlbnRcL3VwbG9hZHNcLzIwMjRcLzA2XC9NZWNhbmlzbW8tc2VndXJpZGFkLUFjY2Vzb3Jpb3MtY3ViaWVydGFzLXBhcmEtZmFqYXMuanBnIn0%3D\">\n\t\t\t\t\t\t\t<img fetchpriority=\"high\" decoding=\"async\" width=\"600\" height=\"329\" src=\"https:\/\/www.capotex.com\/wp-content\/uploads\/2024\/06\/Mecanismo-seguridad-Accesorios-cubiertas-para-fajas.jpg\" class=\"attachment-full size-full wp-image-34230\" alt=\"Mecanismo seguridad Accesorios cubiertas para fajas\" srcset=\"https:\/\/www.capotex.com\/wp-content\/uploads\/2024\/06\/Mecanismo-seguridad-Accesorios-cubiertas-para-fajas.jpg 600w, https:\/\/www.capotex.com\/wp-content\/uploads\/2024\/06\/Mecanismo-seguridad-Accesorios-cubiertas-para-fajas-300x165.jpg 300w\" sizes=\"(max-width: 600px) 100vw, 600px\" \/>\t\t\t\t\t\t\t\t<\/a>\n\t\t\t\t\t\t\t\t\t\t\t\t\t\t\t<\/div>\n\t\t\t\t<\/div>\n\t\t\t\t<div class=\"elementor-element elementor-element-bd71962 elementor-widget elementor-widget-text-editor\" data-id=\"bd71962\" data-element_type=\"widget\" data-e-type=\"widget\" data-widget_type=\"text-editor.default\">\n\t\t\t\t<div class=\"elementor-widget-container\">\n\t\t\t\t\t\t\t\t\t<p>Puntal de seguridad. Mantiene abiertas de forma segura nuestras cubiertas MADRID y PARIS.<\/p>\n\t\t\t\t\t\t\t\t<\/div>\n\t\t\t\t<\/div>\n\t\t\t\t<\/div>\n\t\t<div class=\"elementor-element elementor-element-402a91f e-con-full e-flex e-con e-child\" data-id=\"402a91f\" data-element_type=\"container\" data-e-type=\"container\" data-settings=\"{&quot;background_background&quot;:&quot;classic&quot;}\">\n\t\t\t\t<div class=\"elementor-element elementor-element-c2701f1 elementor-widget elementor-widget-heading\" data-id=\"c2701f1\" data-element_type=\"widget\" data-e-type=\"widget\" data-widget_type=\"heading.default\">\n\t\t\t\t<div class=\"elementor-widget-container\">\n\t\t\t\t\t<h2 class=\"elementor-heading-title elementor-size-default\">Rodillos gu\u00eda<\/h2>\t\t\t\t<\/div>\n\t\t\t\t<\/div>\n\t\t\t\t<div class=\"elementor-element elementor-element-8b16581 elementor-widget elementor-widget-image\" data-id=\"8b16581\" data-element_type=\"widget\" data-e-type=\"widget\" data-widget_type=\"image.default\">\n\t\t\t\t<div class=\"elementor-widget-container\">\n\t\t\t\t\t\t\t\t\t\t\t\t\t\t\t\t<a href=\"https:\/\/www.capotex.com\/wp-content\/uploads\/2024\/06\/extension-del-rodillo-guia.jpg\" data-elementor-open-lightbox=\"yes\" data-elementor-lightbox-title=\"extensi\u00f3n del rodillo gu\u00eda\" data-elementor-lightbox-description=\"extensi\u00f3n del rodillo gu\u00eda\" data-e-action-hash=\"#elementor-action%3Aaction%3Dlightbox%26settings%3DeyJpZCI6MzQzMDcsInVybCI6Imh0dHBzOlwvXC93d3cuY2Fwb3RleC5jb21cL3dwLWNvbnRlbnRcL3VwbG9hZHNcLzIwMjRcLzA2XC9leHRlbnNpb24tZGVsLXJvZGlsbG8tZ3VpYS5qcGcifQ%3D%3D\">\n\t\t\t\t\t\t\t<img decoding=\"async\" width=\"600\" height=\"329\" src=\"https:\/\/www.capotex.com\/wp-content\/uploads\/2024\/06\/extension-del-rodillo-guia.jpg\" class=\"attachment-full size-full wp-image-34307\" alt=\"extensi\u00f3n del rodillo gu\u00eda\" srcset=\"https:\/\/www.capotex.com\/wp-content\/uploads\/2024\/06\/extension-del-rodillo-guia.jpg 600w, https:\/\/www.capotex.com\/wp-content\/uploads\/2024\/06\/extension-del-rodillo-guia-300x165.jpg 300w\" sizes=\"(max-width: 600px) 100vw, 600px\" \/>\t\t\t\t\t\t\t\t<\/a>\n\t\t\t\t\t\t\t\t\t\t\t\t\t\t\t<\/div>\n\t\t\t\t<\/div>\n\t\t\t\t<div class=\"elementor-element elementor-element-3503b6f elementor-widget elementor-widget-text-editor\" data-id=\"3503b6f\" data-element_type=\"widget\" data-e-type=\"widget\" data-widget_type=\"text-editor.default\">\n\t\t\t\t<div class=\"elementor-widget-container\">\n\t\t\t\t\t\t\t\t\t<p>Los rodillos gu\u00eda suelen interferir con las cubiertas. Esta extensi\u00f3n hecha a medida permite que los rodillos gu\u00eda se muevan libremente.<\/p>\n\t\t\t\t\t\t\t\t<\/div>\n\t\t\t\t<\/div>\n\t\t\t\t<\/div>\n\t\t<div class=\"elementor-element elementor-element-84722ce e-con-full e-flex e-con e-child\" data-id=\"84722ce\" data-element_type=\"container\" data-e-type=\"container\" data-settings=\"{&quot;background_background&quot;:&quot;classic&quot;}\">\n\t\t\t\t<div class=\"elementor-element elementor-element-2690590 elementor-widget elementor-widget-heading\" data-id=\"2690590\" data-element_type=\"widget\" data-e-type=\"widget\" data-widget_type=\"heading.default\">\n\t\t\t\t<div class=\"elementor-widget-container\">\n\t\t\t\t\t<h2 class=\"elementor-heading-title elementor-size-default\">Asa<\/h2>\t\t\t\t<\/div>\n\t\t\t\t<\/div>\n\t\t\t\t<div class=\"elementor-element elementor-element-ea79029 elementor-widget elementor-widget-image\" data-id=\"ea79029\" data-element_type=\"widget\" data-e-type=\"widget\" data-widget_type=\"image.default\">\n\t\t\t\t<div class=\"elementor-widget-container\">\n\t\t\t\t\t\t\t\t\t\t\t\t\t\t\t\t<a href=\"https:\/\/www.capotex.com\/wp-content\/uploads\/2024\/06\/Asas-Accesorios-cubiertas-para-fajas.jpg\" data-elementor-open-lightbox=\"yes\" data-elementor-lightbox-title=\"Asas Accesorios cubiertas para fajas\" data-elementor-lightbox-description=\"Asas Accesorios cubiertas para fajas\" data-e-action-hash=\"#elementor-action%3Aaction%3Dlightbox%26settings%3DeyJpZCI6MzQyMzQsInVybCI6Imh0dHBzOlwvXC93d3cuY2Fwb3RleC5jb21cL3dwLWNvbnRlbnRcL3VwbG9hZHNcLzIwMjRcLzA2XC9Bc2FzLUFjY2Vzb3Jpb3MtY3ViaWVydGFzLXBhcmEtZmFqYXMuanBnIn0%3D\">\n\t\t\t\t\t\t\t<img decoding=\"async\" width=\"600\" height=\"400\" src=\"https:\/\/www.capotex.com\/wp-content\/uploads\/2024\/06\/Asas-Accesorios-cubiertas-para-fajas.jpg\" class=\"attachment-full size-full wp-image-34234\" alt=\"Asas Accesorios cubiertas para fajas\" srcset=\"https:\/\/www.capotex.com\/wp-content\/uploads\/2024\/06\/Asas-Accesorios-cubiertas-para-fajas.jpg 600w, https:\/\/www.capotex.com\/wp-content\/uploads\/2024\/06\/Asas-Accesorios-cubiertas-para-fajas-300x200.jpg 300w\" sizes=\"(max-width: 600px) 100vw, 600px\" \/>\t\t\t\t\t\t\t\t<\/a>\n\t\t\t\t\t\t\t\t\t\t\t\t\t\t\t<\/div>\n\t\t\t\t<\/div>\n\t\t\t\t<div class=\"elementor-element elementor-element-88a3d68 elementor-widget elementor-widget-text-editor\" data-id=\"88a3d68\" data-element_type=\"widget\" data-e-type=\"widget\" data-widget_type=\"text-editor.default\">\n\t\t\t\t<div class=\"elementor-widget-container\">\n\t\t\t\t\t\t\t\t\t<p>Este asa puede instalarse en cualquiera de nuestras cubiertas para mejorar la comodidad de manejo.<\/p>\n<p>En nuestros modelos <strong>MADRID<\/strong> y <strong>PARIS<\/strong>, la cerradura C-1 incluida puede utilizarse como tirador, por lo que <strong>no es necesario un tirador adicional<\/strong>.<\/p>\n\t\t\t\t\t\t\t\t<\/div>\n\t\t\t\t<\/div>\n\t\t\t\t<\/div>\n\t\t<div class=\"elementor-element elementor-element-fc88d80 e-con-full e-flex e-con e-child\" data-id=\"fc88d80\" data-element_type=\"container\" data-e-type=\"container\" data-settings=\"{&quot;background_background&quot;:&quot;classic&quot;}\">\n\t\t\t\t<div class=\"elementor-element elementor-element-9b2ce39 elementor-widget elementor-widget-heading\" data-id=\"9b2ce39\" data-element_type=\"widget\" data-e-type=\"widget\" data-widget_type=\"heading.default\">\n\t\t\t\t<div class=\"elementor-widget-container\">\n\t\t\t\t\t<h2 class=\"elementor-heading-title elementor-size-default\">Capolid<\/h2>\t\t\t\t<\/div>\n\t\t\t\t<\/div>\n\t\t\t\t<div class=\"elementor-element elementor-element-f15b4f2 elementor-widget elementor-widget-image\" data-id=\"f15b4f2\" data-element_type=\"widget\" data-e-type=\"widget\" data-widget_type=\"image.default\">\n\t\t\t\t<div class=\"elementor-widget-container\">\n\t\t\t\t\t\t\t\t\t\t\t\t\t\t\t\t<a href=\"https:\/\/www.capotex.com\/wp-content\/uploads\/2024\/06\/capota-Accesorios-cubiertas-para-fajas.jpg\" data-elementor-open-lightbox=\"yes\" data-elementor-lightbox-title=\"capota Accesorios cubiertas para fajas\" data-elementor-lightbox-description=\"capota Accesorios cubiertas para fajas\" data-e-action-hash=\"#elementor-action%3Aaction%3Dlightbox%26settings%3DeyJpZCI6MzQyMzgsInVybCI6Imh0dHBzOlwvXC93d3cuY2Fwb3RleC5jb21cL3dwLWNvbnRlbnRcL3VwbG9hZHNcLzIwMjRcLzA2XC9jYXBvdGEtQWNjZXNvcmlvcy1jdWJpZXJ0YXMtcGFyYS1mYWphcy5qcGcifQ%3D%3D\">\n\t\t\t\t\t\t\t<img loading=\"lazy\" decoding=\"async\" width=\"600\" height=\"329\" src=\"https:\/\/www.capotex.com\/wp-content\/uploads\/2024\/06\/capota-Accesorios-cubiertas-para-fajas.jpg\" class=\"attachment-full size-full wp-image-34238\" alt=\"capota Accesorios cubiertas para fajas\" srcset=\"https:\/\/www.capotex.com\/wp-content\/uploads\/2024\/06\/capota-Accesorios-cubiertas-para-fajas.jpg 600w, https:\/\/www.capotex.com\/wp-content\/uploads\/2024\/06\/capota-Accesorios-cubiertas-para-fajas-300x165.jpg 300w\" sizes=\"(max-width: 600px) 100vw, 600px\" \/>\t\t\t\t\t\t\t\t<\/a>\n\t\t\t\t\t\t\t\t\t\t\t\t\t\t\t<\/div>\n\t\t\t\t<\/div>\n\t\t\t\t<div class=\"elementor-element elementor-element-ded7156 elementor-widget elementor-widget-text-editor\" data-id=\"ded7156\" data-element_type=\"widget\" data-e-type=\"widget\" data-widget_type=\"text-editor.default\">\n\t\t\t\t<div class=\"elementor-widget-container\">\n\t\t\t\t\t\t\t\t\t<p>Nuestra tapa Capolid cierra completamente el \u00faltimo capotaje. Adaptable a cualquier tama\u00f1o y forma de cinta transportadora.<\/p><p>Disponible en todos nuestros modelos, materiales y colores.<\/p>\t\t\t\t\t\t\t\t<\/div>\n\t\t\t\t<\/div>\n\t\t\t\t<\/div>\n\t\t\t\t\t<\/div>\n\t\t\t\t<\/div>\n\t\t<div class=\"elementor-element elementor-element-a0e3b5d e-flex e-con-boxed e-con e-parent\" data-id=\"a0e3b5d\" data-element_type=\"container\" data-e-type=\"container\">\n\t\t\t\t\t<div class=\"e-con-inner\">\n\t\t<div class=\"elementor-element elementor-element-fe51370 e-con-full e-flex e-con e-child\" data-id=\"fe51370\" data-element_type=\"container\" data-e-type=\"container\" data-settings=\"{&quot;background_background&quot;:&quot;classic&quot;}\">\n\t\t\t\t<div class=\"elementor-element elementor-element-e286769 elementor-widget elementor-widget-heading\" data-id=\"e286769\" data-element_type=\"widget\" data-e-type=\"widget\" data-widget_type=\"heading.default\">\n\t\t\t\t<div class=\"elementor-widget-container\">\n\t\t\t\t\t<h2 class=\"elementor-heading-title elementor-size-default\">Ventana V1<\/h2>\t\t\t\t<\/div>\n\t\t\t\t<\/div>\n\t\t\t\t<div class=\"elementor-element elementor-element-69bb12e elementor-widget elementor-widget-image\" data-id=\"69bb12e\" data-element_type=\"widget\" data-e-type=\"widget\" data-widget_type=\"image.default\">\n\t\t\t\t<div class=\"elementor-widget-container\">\n\t\t\t\t\t\t\t\t\t\t\t\t\t\t\t\t<a href=\"https:\/\/www.capotex.com\/wp-content\/uploads\/2024\/06\/Ventana-V1-Accesorios-cubiertas-para-fajas.jpg\" data-elementor-open-lightbox=\"yes\" data-elementor-lightbox-title=\"Ventana V1 - Accesorios cubiertas para fajas\" data-e-action-hash=\"#elementor-action%3Aaction%3Dlightbox%26settings%3DeyJpZCI6MzQzMTEsInVybCI6Imh0dHBzOlwvXC93d3cuY2Fwb3RleC5jb21cL3dwLWNvbnRlbnRcL3VwbG9hZHNcLzIwMjRcLzA2XC9WZW50YW5hLVYxLUFjY2Vzb3Jpb3MtY3ViaWVydGFzLXBhcmEtZmFqYXMuanBnIn0%3D\">\n\t\t\t\t\t\t\t<img loading=\"lazy\" decoding=\"async\" width=\"600\" height=\"329\" src=\"https:\/\/www.capotex.com\/wp-content\/uploads\/2024\/06\/Ventana-V1-Accesorios-cubiertas-para-fajas.jpg\" class=\"attachment-full size-full wp-image-34311\" alt=\"\" srcset=\"https:\/\/www.capotex.com\/wp-content\/uploads\/2024\/06\/Ventana-V1-Accesorios-cubiertas-para-fajas.jpg 600w, https:\/\/www.capotex.com\/wp-content\/uploads\/2024\/06\/Ventana-V1-Accesorios-cubiertas-para-fajas-300x165.jpg 300w\" sizes=\"(max-width: 600px) 100vw, 600px\" \/>\t\t\t\t\t\t\t\t<\/a>\n\t\t\t\t\t\t\t\t\t\t\t\t\t\t\t<\/div>\n\t\t\t\t<\/div>\n\t\t\t\t<div class=\"elementor-element elementor-element-3928676 elementor-widget elementor-widget-text-editor\" data-id=\"3928676\" data-element_type=\"widget\" data-e-type=\"widget\" data-widget_type=\"text-editor.default\">\n\t\t\t\t<div class=\"elementor-widget-container\">\n\t\t\t\t\t\t\t\t\t<p>Todas nuestras cubiertas pueden equiparse con trampillas de inspecci\u00f3n f\u00e1ciles de abrir.<\/p>\n\t\t\t\t\t\t\t\t<\/div>\n\t\t\t\t<\/div>\n\t\t\t\t<\/div>\n\t\t<div class=\"elementor-element elementor-element-3b05f8d e-con-full e-flex e-con e-child\" data-id=\"3b05f8d\" data-element_type=\"container\" data-e-type=\"container\" data-settings=\"{&quot;background_background&quot;:&quot;classic&quot;}\">\n\t\t\t\t<div class=\"elementor-element elementor-element-7e55e8f elementor-widget elementor-widget-heading\" data-id=\"7e55e8f\" data-element_type=\"widget\" data-e-type=\"widget\" data-widget_type=\"heading.default\">\n\t\t\t\t<div class=\"elementor-widget-container\">\n\t\t\t\t\t<h2 class=\"elementor-heading-title elementor-size-default\">Ventana V2<\/h2>\t\t\t\t<\/div>\n\t\t\t\t<\/div>\n\t\t\t\t<div class=\"elementor-element elementor-element-2a24bad elementor-widget elementor-widget-image\" data-id=\"2a24bad\" data-element_type=\"widget\" data-e-type=\"widget\" data-widget_type=\"image.default\">\n\t\t\t\t<div class=\"elementor-widget-container\">\n\t\t\t\t\t\t\t\t\t\t\t\t\t\t\t\t<a href=\"https:\/\/www.capotex.com\/wp-content\/uploads\/2024\/06\/Ventana-v2-Accesorios-cubiertas-para-fajas.jpg\" data-elementor-open-lightbox=\"yes\" data-elementor-lightbox-title=\"Ventana v2 - Accesorios cubiertas para fajas\" data-e-action-hash=\"#elementor-action%3Aaction%3Dlightbox%26settings%3DeyJpZCI6MzQyNDYsInVybCI6Imh0dHBzOlwvXC93d3cuY2Fwb3RleC5jb21cL3dwLWNvbnRlbnRcL3VwbG9hZHNcLzIwMjRcLzA2XC9WZW50YW5hLXYyLUFjY2Vzb3Jpb3MtY3ViaWVydGFzLXBhcmEtZmFqYXMuanBnIn0%3D\">\n\t\t\t\t\t\t\t<img loading=\"lazy\" decoding=\"async\" width=\"600\" height=\"329\" src=\"https:\/\/www.capotex.com\/wp-content\/uploads\/2024\/06\/Ventana-v2-Accesorios-cubiertas-para-fajas.jpg\" class=\"attachment-full size-full wp-image-34246\" alt=\"\" srcset=\"https:\/\/www.capotex.com\/wp-content\/uploads\/2024\/06\/Ventana-v2-Accesorios-cubiertas-para-fajas.jpg 600w, https:\/\/www.capotex.com\/wp-content\/uploads\/2024\/06\/Ventana-v2-Accesorios-cubiertas-para-fajas-300x165.jpg 300w\" sizes=\"(max-width: 600px) 100vw, 600px\" \/>\t\t\t\t\t\t\t\t<\/a>\n\t\t\t\t\t\t\t\t\t\t\t\t\t\t\t<\/div>\n\t\t\t\t<\/div>\n\t\t\t\t<div class=\"elementor-element elementor-element-7cb2545 elementor-widget elementor-widget-text-editor\" data-id=\"7cb2545\" data-element_type=\"widget\" data-e-type=\"widget\" data-widget_type=\"text-editor.default\">\n\t\t\t\t<div class=\"elementor-widget-container\">\n\t\t\t\t\t\t\t\t\t<p>Los modelos Durban y Berl\u00edn pueden equiparse con paneles de inspecci\u00f3n de f\u00e1cil apertura.<\/p>\n\t\t\t\t\t\t\t\t<\/div>\n\t\t\t\t<\/div>\n\t\t\t\t<\/div>\n\t\t<div class=\"elementor-element elementor-element-40ebee9 e-con-full e-flex e-con e-child\" data-id=\"40ebee9\" data-element_type=\"container\" data-e-type=\"container\" data-settings=\"{&quot;background_background&quot;:&quot;classic&quot;}\">\n\t\t\t\t<div class=\"elementor-element elementor-element-73aefe0 elementor-widget elementor-widget-heading\" data-id=\"73aefe0\" data-element_type=\"widget\" data-e-type=\"widget\" data-widget_type=\"heading.default\">\n\t\t\t\t<div class=\"elementor-widget-container\">\n\t\t\t\t\t<h2 class=\"elementor-heading-title elementor-size-default\">Ventana V3<\/h2>\t\t\t\t<\/div>\n\t\t\t\t<\/div>\n\t\t\t\t<div class=\"elementor-element elementor-element-a43e2d2 elementor-widget elementor-widget-image\" data-id=\"a43e2d2\" data-element_type=\"widget\" data-e-type=\"widget\" data-widget_type=\"image.default\">\n\t\t\t\t<div class=\"elementor-widget-container\">\n\t\t\t\t\t\t\t\t\t\t\t\t\t\t\t\t<a href=\"https:\/\/www.capotex.com\/wp-content\/uploads\/2024\/06\/Ventana-V3-Accesorios-cubiertas-para-fajas.jpg\" data-elementor-open-lightbox=\"yes\" data-elementor-lightbox-title=\"Ventana V3 - Accesorios cubiertas para fajas\" data-e-action-hash=\"#elementor-action%3Aaction%3Dlightbox%26settings%3DeyJpZCI6MzQzMTUsInVybCI6Imh0dHBzOlwvXC93d3cuY2Fwb3RleC5jb21cL3dwLWNvbnRlbnRcL3VwbG9hZHNcLzIwMjRcLzA2XC9WZW50YW5hLVYzLUFjY2Vzb3Jpb3MtY3ViaWVydGFzLXBhcmEtZmFqYXMuanBnIn0%3D\">\n\t\t\t\t\t\t\t<img loading=\"lazy\" decoding=\"async\" width=\"600\" height=\"329\" src=\"https:\/\/www.capotex.com\/wp-content\/uploads\/2024\/06\/Ventana-V3-Accesorios-cubiertas-para-fajas.jpg\" class=\"attachment-full size-full wp-image-34315\" alt=\"\" srcset=\"https:\/\/www.capotex.com\/wp-content\/uploads\/2024\/06\/Ventana-V3-Accesorios-cubiertas-para-fajas.jpg 600w, https:\/\/www.capotex.com\/wp-content\/uploads\/2024\/06\/Ventana-V3-Accesorios-cubiertas-para-fajas-300x165.jpg 300w\" sizes=\"(max-width: 600px) 100vw, 600px\" \/>\t\t\t\t\t\t\t\t<\/a>\n\t\t\t\t\t\t\t\t\t\t\t\t\t\t\t<\/div>\n\t\t\t\t<\/div>\n\t\t\t\t<div class=\"elementor-element elementor-element-36de87c elementor-widget elementor-widget-text-editor\" data-id=\"36de87c\" data-element_type=\"widget\" data-e-type=\"widget\" data-widget_type=\"text-editor.default\">\n\t\t\t\t<div class=\"elementor-widget-container\">\n\t\t\t\t\t\t\t\t\t<p>Los modelos Durban y Berl\u00edn pueden equiparse con trampillas de inspecci\u00f3n de f\u00e1cil apertura.<\/p>\n\t\t\t\t\t\t\t\t<\/div>\n\t\t\t\t<\/div>\n\t\t\t\t<\/div>\n\t\t<div class=\"elementor-element elementor-element-a90d26c e-con-full e-flex e-con e-child\" data-id=\"a90d26c\" data-element_type=\"container\" data-e-type=\"container\" data-settings=\"{&quot;background_background&quot;:&quot;classic&quot;}\">\n\t\t\t\t<div class=\"elementor-element elementor-element-3e52e97 elementor-widget elementor-widget-heading\" data-id=\"3e52e97\" data-element_type=\"widget\" data-e-type=\"widget\" data-widget_type=\"heading.default\">\n\t\t\t\t<div class=\"elementor-widget-container\">\n\t\t\t\t\t<h2 class=\"elementor-heading-title elementor-size-default\">Ventana V4<\/h2>\t\t\t\t<\/div>\n\t\t\t\t<\/div>\n\t\t\t\t<div class=\"elementor-element elementor-element-c6c42a4 elementor-widget elementor-widget-image\" data-id=\"c6c42a4\" data-element_type=\"widget\" data-e-type=\"widget\" data-widget_type=\"image.default\">\n\t\t\t\t<div class=\"elementor-widget-container\">\n\t\t\t\t\t\t\t\t\t\t\t\t\t\t\t\t<a href=\"https:\/\/www.capotex.com\/wp-content\/uploads\/2024\/06\/Ventana-v4-Accesorios-cubiertas-para-fajas.jpg\" data-elementor-open-lightbox=\"yes\" data-elementor-lightbox-title=\"Ventana v4 - Accesorios cubiertas para fajas\" data-e-action-hash=\"#elementor-action%3Aaction%3Dlightbox%26settings%3DeyJpZCI6MzQyNTAsInVybCI6Imh0dHBzOlwvXC93d3cuY2Fwb3RleC5jb21cL3dwLWNvbnRlbnRcL3VwbG9hZHNcLzIwMjRcLzA2XC9WZW50YW5hLXY0LUFjY2Vzb3Jpb3MtY3ViaWVydGFzLXBhcmEtZmFqYXMuanBnIn0%3D\">\n\t\t\t\t\t\t\t<img loading=\"lazy\" decoding=\"async\" width=\"600\" height=\"329\" src=\"https:\/\/www.capotex.com\/wp-content\/uploads\/2024\/06\/Ventana-v4-Accesorios-cubiertas-para-fajas.jpg\" class=\"attachment-full size-full wp-image-34250\" alt=\"\" srcset=\"https:\/\/www.capotex.com\/wp-content\/uploads\/2024\/06\/Ventana-v4-Accesorios-cubiertas-para-fajas.jpg 600w, https:\/\/www.capotex.com\/wp-content\/uploads\/2024\/06\/Ventana-v4-Accesorios-cubiertas-para-fajas-300x165.jpg 300w\" sizes=\"(max-width: 600px) 100vw, 600px\" \/>\t\t\t\t\t\t\t\t<\/a>\n\t\t\t\t\t\t\t\t\t\t\t\t\t\t\t<\/div>\n\t\t\t\t<\/div>\n\t\t\t\t<div class=\"elementor-element elementor-element-6293d33 elementor-widget elementor-widget-text-editor\" data-id=\"6293d33\" data-element_type=\"widget\" data-e-type=\"widget\" data-widget_type=\"text-editor.default\">\n\t\t\t\t<div class=\"elementor-widget-container\">\n\t\t\t\t\t\t\t\t\t<p>Todas nuestras cubiertas pueden equiparse con trampillas de inspecci\u00f3n f\u00e1ciles de abrir.<\/p>\n\t\t\t\t\t\t\t\t<\/div>\n\t\t\t\t<\/div>\n\t\t\t\t<\/div>\n\t\t\t\t\t<\/div>\n\t\t\t\t<\/div>\n\t\t\t\t<\/div>\n\t\t","protected":false},"excerpt":{"rendered":"<p>Accesorios cubiertas para fajas Caposafe Puntal de seguridad. Mantiene abiertas de forma segura nuestras cubiertas MADRID y PARIS. Rodillos gu\u00eda Los rodillos gu\u00eda suelen interferir con las cubiertas. Esta extensi\u00f3n hecha a medida permite que los rodillos gu\u00eda se muevan libremente. Asa Este asa puede instalarse en cualquiera de nuestras cubiertas para mejorar la comodidad [&hellip;]<\/p>\n","protected":false},"author":1,"featured_media":2230,"parent":26280,"menu_order":70,"comment_status":"closed","ping_status":"closed","template":"","meta":{"_joinchat":[],"footnotes":""},"tags":[67],"class_list":["post-26431","page","type-page","status-publish","has-post-thumbnail","hentry","tag-capotexproductos"],"_links":{"self":[{"href":"https:\/\/www.capotex.com\/es\/wp-json\/wp\/v2\/pages\/26431","targetHints":{"allow":["GET"]}}],"collection":[{"href":"https:\/\/www.capotex.com\/es\/wp-json\/wp\/v2\/pages"}],"about":[{"href":"https:\/\/www.capotex.com\/es\/wp-json\/wp\/v2\/types\/page"}],"author":[{"embeddable":true,"href":"https:\/\/www.capotex.com\/es\/wp-json\/wp\/v2\/users\/1"}],"replies":[{"embeddable":true,"href":"https:\/\/www.capotex.com\/es\/wp-json\/wp\/v2\/comments?post=26431"}],"version-history":[{"count":18,"href":"https:\/\/www.capotex.com\/es\/wp-json\/wp\/v2\/pages\/26431\/revisions"}],"predecessor-version":[{"id":34321,"href":"https:\/\/www.capotex.com\/es\/wp-json\/wp\/v2\/pages\/26431\/revisions\/34321"}],"up":[{"embeddable":true,"href":"https:\/\/www.capotex.com\/es\/wp-json\/wp\/v2\/pages\/26280"}],"wp:featuredmedia":[{"embeddable":true,"href":"https:\/\/www.capotex.com\/es\/wp-json\/wp\/v2\/media\/2230"}],"wp:attachment":[{"href":"https:\/\/www.capotex.com\/es\/wp-json\/wp\/v2\/media?parent=26431"}],"wp:term":[{"taxonomy":"post_tag","embeddable":true,"href":"https:\/\/www.capotex.com\/es\/wp-json\/wp\/v2\/tags?post=26431"}],"curies":[{"name":"wp","href":"https:\/\/api.w.org\/{rel}","templated":true}]}}