{"id":26472,"date":"2023-05-18T06:45:37","date_gmt":"2023-05-18T05:45:37","guid":{"rendered":"https:\/\/capotex.com\/productos\/embalaje-y-logistica\/"},"modified":"2025-01-13T14:12:33","modified_gmt":"2025-01-13T13:12:33","slug":"embalaje-y-logistica","status":"publish","type":"page","link":"https:\/\/www.capotex.com\/es\/cubiertas-para-bandas\/embalaje-y-logistica\/","title":{"rendered":"Embalaje y log\u00edstica"},"content":{"rendered":"\t\t<div data-elementor-type=\"wp-page\" data-elementor-id=\"26472\" class=\"elementor elementor-26472 elementor-2238\" data-elementor-post-type=\"page\">\n\t\t\t\t<div class=\"elementor-element elementor-element-9c83e44 e-flex e-con-boxed e-con e-parent\" data-id=\"9c83e44\" data-element_type=\"container\" data-e-type=\"container\">\n\t\t\t\t\t<div class=\"e-con-inner\">\n\t\t<div class=\"elementor-element elementor-element-ee13261 e-con-full e-flex e-con e-child\" data-id=\"ee13261\" data-element_type=\"container\" data-e-type=\"container\">\n\t\t\t\t<\/div>\n\t\t\t\t\t<\/div>\n\t\t\t\t<\/div>\n\t\t<div class=\"elementor-element elementor-element-6ef99ff e-flex e-con-boxed e-con e-parent\" data-id=\"6ef99ff\" data-element_type=\"container\" data-e-type=\"container\">\n\t\t\t\t\t<div class=\"e-con-inner\">\n\t\t<div class=\"elementor-element elementor-element-0c35463 e-con-full e-flex e-con e-child\" data-id=\"0c35463\" data-element_type=\"container\" data-e-type=\"container\">\n\t\t\t\t<div class=\"elementor-element elementor-element-5ebf887 elementor-widget elementor-widget-heading\" data-id=\"5ebf887\" data-element_type=\"widget\" data-e-type=\"widget\" data-widget_type=\"heading.default\">\n\t\t\t\t<div class=\"elementor-widget-container\">\n\t\t\t\t\t<h2 class=\"elementor-heading-title elementor-size-default\">Embalaje y log\u00edstica<\/h2>\t\t\t\t<\/div>\n\t\t\t\t<\/div>\n\t\t\t\t<\/div>\n\t\t\t\t\t<\/div>\n\t\t\t\t<\/div>\n\t\t<div class=\"elementor-element elementor-element-3cfea97 e-flex e-con-boxed e-con e-parent\" data-id=\"3cfea97\" data-element_type=\"container\" data-e-type=\"container\">\n\t\t\t\t\t<div class=\"e-con-inner\">\n\t\t<div class=\"elementor-element elementor-element-91e95b0 e-con-full e-flex e-con e-child\" data-id=\"91e95b0\" data-element_type=\"container\" data-e-type=\"container\" data-settings=\"{&quot;background_background&quot;:&quot;classic&quot;}\">\n\t\t\t\t<div class=\"elementor-element elementor-element-8e5fa64 elementor-widget elementor-widget-heading\" data-id=\"8e5fa64\" data-element_type=\"widget\" data-e-type=\"widget\" data-widget_type=\"heading.default\">\n\t\t\t\t<div class=\"elementor-widget-container\">\n\t\t\t\t\t<h2 class=\"elementor-heading-title elementor-size-default\">Embalaje<\/h2>\t\t\t\t<\/div>\n\t\t\t\t<\/div>\n\t\t\t\t<div class=\"elementor-element elementor-element-247f587 elementor-widget elementor-widget-image\" data-id=\"247f587\" data-element_type=\"widget\" data-e-type=\"widget\" data-widget_type=\"image.default\">\n\t\t\t\t<div class=\"elementor-widget-container\">\n\t\t\t\t\t\t\t\t\t\t\t\t\t\t\t<img fetchpriority=\"high\" decoding=\"async\" width=\"480\" height=\"359\" src=\"https:\/\/www.capotex.com\/wp-content\/uploads\/2023\/05\/Conveyor-belt-covers-packaging.webp\" class=\"attachment-full size-full wp-image-2243\" alt=\"Conveyor belt covers packaging\" srcset=\"https:\/\/www.capotex.com\/wp-content\/uploads\/2023\/05\/Conveyor-belt-covers-packaging.webp 480w, https:\/\/www.capotex.com\/wp-content\/uploads\/2023\/05\/Conveyor-belt-covers-packaging-300x224.webp 300w\" sizes=\"(max-width: 480px) 100vw, 480px\" \/>\t\t\t\t\t\t\t\t\t\t\t\t\t\t\t<\/div>\n\t\t\t\t<\/div>\n\t\t\t\t<div class=\"elementor-element elementor-element-bd71962 elementor-widget elementor-widget-text-editor\" data-id=\"bd71962\" data-element_type=\"widget\" data-e-type=\"widget\" data-widget_type=\"text-editor.default\">\n\t\t\t\t<div class=\"elementor-widget-container\">\n\t\t\t\t\t\t\t\t\t<p>Embalaje de capotajes: Preparamos y enviamos nuestras cubiertas por tierra, mar y aire. Trabajamos con proveedores de transporte comprometidos al 100% con nuestra filosof\u00eda de servicio al cliente y cumplimiento escrupuloso de los plazos de entrega y de la informaci\u00f3n sobre el estado de los pedidos en tiempo real.<\/p>\n<p>En funci\u00f3n de los requisitos de cada cliente, embalamos en pal\u00e9s, jaulas, cajas cerradas o embalajes especiales si as\u00ed lo requiere el proyecto.<\/p>\n<p><strong>Todos nuestros embalajes para capotajes cumplen la norma NIMF 15 (Normas Internacionales para Medidas Fitosanitarias).<\/strong><\/p>\n\t\t\t\t\t\t\t\t<\/div>\n\t\t\t\t<\/div>\n\t\t\t\t<\/div>\n\t\t<div class=\"elementor-element elementor-element-402a91f e-con-full e-flex e-con e-child\" data-id=\"402a91f\" data-element_type=\"container\" data-e-type=\"container\" data-settings=\"{&quot;background_background&quot;:&quot;classic&quot;}\">\n\t\t\t\t<div class=\"elementor-element elementor-element-c2701f1 elementor-widget elementor-widget-heading\" data-id=\"c2701f1\" data-element_type=\"widget\" data-e-type=\"widget\" data-widget_type=\"heading.default\">\n\t\t\t\t<div class=\"elementor-widget-container\">\n\t\t\t\t\t<h2 class=\"elementor-heading-title elementor-size-default\">Log\u00edstica<\/h2>\t\t\t\t<\/div>\n\t\t\t\t<\/div>\n\t\t\t\t<div class=\"elementor-element elementor-element-8b16581 elementor-widget elementor-widget-image\" data-id=\"8b16581\" data-element_type=\"widget\" data-e-type=\"widget\" data-widget_type=\"image.default\">\n\t\t\t\t<div class=\"elementor-widget-container\">\n\t\t\t\t\t\t\t\t\t\t\t\t\t\t\t<img decoding=\"async\" width=\"1600\" height=\"900\" src=\"https:\/\/www.capotex.com\/wp-content\/uploads\/2023\/05\/Conveyor-belt-covers-logistics.webp\" class=\"attachment-full size-full wp-image-2250\" alt=\"Conveyor belt covers logistics\" srcset=\"https:\/\/www.capotex.com\/wp-content\/uploads\/2023\/05\/Conveyor-belt-covers-logistics.webp 1600w, https:\/\/www.capotex.com\/wp-content\/uploads\/2023\/05\/Conveyor-belt-covers-logistics-300x169.webp 300w, https:\/\/www.capotex.com\/wp-content\/uploads\/2023\/05\/Conveyor-belt-covers-logistics-1024x576.webp 1024w, https:\/\/www.capotex.com\/wp-content\/uploads\/2023\/05\/Conveyor-belt-covers-logistics-768x432.webp 768w, https:\/\/www.capotex.com\/wp-content\/uploads\/2023\/05\/Conveyor-belt-covers-logistics-1536x864.webp 1536w\" sizes=\"(max-width: 1600px) 100vw, 1600px\" \/>\t\t\t\t\t\t\t\t\t\t\t\t\t\t\t<\/div>\n\t\t\t\t<\/div>\n\t\t\t\t<div class=\"elementor-element elementor-element-3503b6f elementor-widget elementor-widget-text-editor\" data-id=\"3503b6f\" data-element_type=\"widget\" data-e-type=\"widget\" data-widget_type=\"text-editor.default\">\n\t\t\t\t<div class=\"elementor-widget-container\">\n\t\t\t\t\t\t\t\t\t<p>En Capotex, con <strong>m\u00e1s de 25 a\u00f1os de experiencia en el suministro mundial<\/strong> de cubiertas para cintas transportadoras, comprendemos la importancia de una log\u00edstica eficaz y un embalaje adecuado para garantizar que nuestros productos lleguen en condiciones \u00f3ptimas a cualquier parte del mundo.<\/p>\n<p>Trabajamos en estrecha colaboraci\u00f3n con proveedores de transporte comprometidos con nuestra filosof\u00eda de servicio al cliente, garantizando el cumplimiento de los plazos de entrega y proporcionando informaci\u00f3n en tiempo real sobre el estado de los pedidos. Nuestra <strong>experiencia y dedicaci\u00f3n<\/strong> nos permiten ofrecer soluciones log\u00edsticas personalizadas que garantizan la satisfacci\u00f3n del cliente en cada env\u00edo.<\/p>\n<p>En Capotex, nos esforzamos por ofrecer un servicio log\u00edstico integral que respalde la calidad de nuestros productos y la confianza de nuestros clientes <strong>en todo el mundo<\/strong>.<\/p>\n\t\t\t\t\t\t\t\t<\/div>\n\t\t\t\t<\/div>\n\t\t\t\t<\/div>\n\t\t\t\t\t<\/div>\n\t\t\t\t<\/div>\n\t\t\t\t<\/div>\n\t\t","protected":false},"excerpt":{"rendered":"<p>Embalaje y log\u00edstica Embalaje Embalaje de capotajes: Preparamos y enviamos nuestras cubiertas por tierra, mar y aire. Trabajamos con proveedores de transporte comprometidos al 100% con nuestra filosof\u00eda de servicio al cliente y cumplimiento escrupuloso de los plazos de entrega y de la informaci\u00f3n sobre el estado de los pedidos en tiempo real. En funci\u00f3n [&hellip;]<\/p>\n","protected":false},"author":1,"featured_media":2258,"parent":26280,"menu_order":80,"comment_status":"closed","ping_status":"closed","template":"","meta":{"_joinchat":[],"footnotes":""},"tags":[67],"class_list":["post-26472","page","type-page","status-publish","has-post-thumbnail","hentry","tag-capotexproductos"],"_links":{"self":[{"href":"https:\/\/www.capotex.com\/es\/wp-json\/wp\/v2\/pages\/26472","targetHints":{"allow":["GET"]}}],"collection":[{"href":"https:\/\/www.capotex.com\/es\/wp-json\/wp\/v2\/pages"}],"about":[{"href":"https:\/\/www.capotex.com\/es\/wp-json\/wp\/v2\/types\/page"}],"author":[{"embeddable":true,"href":"https:\/\/www.capotex.com\/es\/wp-json\/wp\/v2\/users\/1"}],"replies":[{"embeddable":true,"href":"https:\/\/www.capotex.com\/es\/wp-json\/wp\/v2\/comments?post=26472"}],"version-history":[{"count":9,"href":"https:\/\/www.capotex.com\/es\/wp-json\/wp\/v2\/pages\/26472\/revisions"}],"predecessor-version":[{"id":36804,"href":"https:\/\/www.capotex.com\/es\/wp-json\/wp\/v2\/pages\/26472\/revisions\/36804"}],"up":[{"embeddable":true,"href":"https:\/\/www.capotex.com\/es\/wp-json\/wp\/v2\/pages\/26280"}],"wp:featuredmedia":[{"embeddable":true,"href":"https:\/\/www.capotex.com\/es\/wp-json\/wp\/v2\/media\/2258"}],"wp:attachment":[{"href":"https:\/\/www.capotex.com\/es\/wp-json\/wp\/v2\/media?parent=26472"}],"wp:term":[{"taxonomy":"post_tag","embeddable":true,"href":"https:\/\/www.capotex.com\/es\/wp-json\/wp\/v2\/tags?post=26472"}],"curies":[{"name":"wp","href":"https:\/\/api.w.org\/{rel}","templated":true}]}}