{"id":26561,"date":"2023-07-02T13:52:48","date_gmt":"2023-07-02T12:52:48","guid":{"rendered":"https:\/\/capotex.com\/productos\/fijaciones\/bisagra-de-cierre-c-1\/"},"modified":"2025-02-04T11:49:51","modified_gmt":"2025-02-04T10:49:51","slug":"c1","status":"publish","type":"page","link":"https:\/\/www.capotex.com\/es\/fijaciones-de-cubiertas-para-cintas-transportadoras\/c1\/","title":{"rendered":"Bisagra de cierre C-1"},"content":{"rendered":"\t\t<div data-elementor-type=\"wp-page\" data-elementor-id=\"26561\" class=\"elementor elementor-26561 elementor-25144\" data-elementor-post-type=\"page\">\n\t\t\t\t<div class=\"elementor-element elementor-element-c29f903 e-flex e-con-boxed e-con e-parent\" data-id=\"c29f903\" data-element_type=\"container\" data-e-type=\"container\">\n\t\t\t\t\t<div class=\"e-con-inner\">\n\t\t<div class=\"elementor-element elementor-element-4fd32e4 e-con-full e-flex e-con e-child\" data-id=\"4fd32e4\" data-element_type=\"container\" data-e-type=\"container\">\n\t\t\t\t<div class=\"elementor-element elementor-element-65fd4fd elementor-widget elementor-widget-image\" data-id=\"65fd4fd\" data-element_type=\"widget\" data-e-type=\"widget\" data-widget_type=\"image.default\">\n\t\t\t\t<div class=\"elementor-widget-container\">\n\t\t\t\t\t\t\t\t\t\t\t\t\t\t\t<img fetchpriority=\"high\" decoding=\"async\" width=\"695\" height=\"391\" src=\"https:\/\/www.capotex.com\/wp-content\/uploads\/2024\/06\/Bisagra-de-cierre-de-Capotajes-para-bandas.webp\" class=\"attachment-full size-full wp-image-34533\" alt=\"Bisagra de cierre de Capotajes para bandas\" srcset=\"https:\/\/www.capotex.com\/wp-content\/uploads\/2024\/06\/Bisagra-de-cierre-de-Capotajes-para-bandas.webp 695w, https:\/\/www.capotex.com\/wp-content\/uploads\/2024\/06\/Bisagra-de-cierre-de-Capotajes-para-bandas-300x169.webp 300w\" sizes=\"(max-width: 695px) 100vw, 695px\" \/>\t\t\t\t\t\t\t\t\t\t\t\t\t\t\t<\/div>\n\t\t\t\t<\/div>\n\t\t\t\t<\/div>\n\t\t\t\t\t<\/div>\n\t\t\t\t<\/div>\n\t\t<div class=\"elementor-element elementor-element-b843259 e-flex e-con-boxed e-con e-parent\" data-id=\"b843259\" data-element_type=\"container\" data-e-type=\"container\">\n\t\t\t\t\t<div class=\"e-con-inner\">\n\t\t<div class=\"elementor-element elementor-element-aea3202 e-con-full e-flex e-con e-child\" data-id=\"aea3202\" data-element_type=\"container\" data-e-type=\"container\">\n\t\t\t\t<div class=\"elementor-element elementor-element-cfe29fb elementor-widget elementor-widget-heading\" data-id=\"cfe29fb\" data-element_type=\"widget\" data-e-type=\"widget\" data-widget_type=\"heading.default\">\n\t\t\t\t<div class=\"elementor-widget-container\">\n\t\t\t\t\t<h2 class=\"elementor-heading-title elementor-size-default\">Bisagra de cierre de Capotajes para bandas - C-1<\/h2>\t\t\t\t<\/div>\n\t\t\t\t<\/div>\n\t\t\t\t<div class=\"elementor-element elementor-element-bec0767 elementor-widget elementor-widget-text-editor\" data-id=\"bec0767\" data-element_type=\"widget\" data-e-type=\"widget\" data-widget_type=\"text-editor.default\">\n\t\t\t\t<div class=\"elementor-widget-container\">\n\t\t\t\t\t\t\t\t\t<p><strong>C-1 CIERRE\/BISAGRA de Capotex con<\/strong> \u00e1ngulo de acero: Nuestro \u00e1ngulo de acero galvanizado pretaladrado se fija a la estructura de la <a href=\"https:\/\/www.capotex.com\/es\/cubiertas-para-bandas\/\">cubierta de cinta transportadora<\/a> con dos tornillos autotaladrantes de alta calidad (incluidos). Estos tornillos perforan f\u00e1cilmente hasta 12 mm. (0,50 pulg.) de la estructura de acero. Nuestros \u00e1ngulos de acero tambi\u00e9n se pueden fijar con fijaciones accionadas por polvo, lo que reduce dr\u00e1sticamente el tiempo de instalaci\u00f3n.<\/p>\t\t\t\t\t\t\t\t<\/div>\n\t\t\t\t<\/div>\n\t\t\t\t<\/div>\n\t\t\t\t\t<\/div>\n\t\t\t\t<\/div>\n\t\t<div class=\"elementor-element elementor-element-1f0613f e-flex e-con-boxed e-con e-parent\" data-id=\"1f0613f\" data-element_type=\"container\" data-e-type=\"container\">\n\t\t\t\t\t<div class=\"e-con-inner\">\n\t\t<div class=\"elementor-element elementor-element-745cee0 e-con-full e-flex e-con e-child\" data-id=\"745cee0\" data-element_type=\"container\" data-e-type=\"container\">\n\t\t\t\t<div class=\"elementor-element elementor-element-eaba4d0 elementor-tabs-view-horizontal elementor-widget elementor-widget-tabs\" data-id=\"eaba4d0\" data-element_type=\"widget\" data-e-type=\"widget\" data-widget_type=\"tabs.default\">\n\t\t\t\t<div class=\"elementor-widget-container\">\n\t\t\t\t\t\t\t<div class=\"elementor-tabs\">\n\t\t\t<div class=\"elementor-tabs-wrapper\" role=\"tablist\" >\n\t\t\t\t\t\t\t\t\t<div id=\"elementor-tab-title-2461\" class=\"elementor-tab-title elementor-tab-desktop-title\" aria-selected=\"true\" data-tab=\"1\" role=\"tab\" tabindex=\"0\" aria-controls=\"elementor-tab-content-2461\" aria-expanded=\"false\">Caracter\u00edsticas<\/div>\n\t\t\t\t\t\t\t<\/div>\n\t\t\t<div class=\"elementor-tabs-content-wrapper\" role=\"tablist\" aria-orientation=\"vertical\">\n\t\t\t\t\t\t\t\t\t<div class=\"elementor-tab-title elementor-tab-mobile-title\" aria-selected=\"true\" data-tab=\"1\" role=\"tab\" tabindex=\"0\" aria-controls=\"elementor-tab-content-2461\" aria-expanded=\"false\">Caracter\u00edsticas<\/div>\n\t\t\t\t\t<div id=\"elementor-tab-content-2461\" class=\"elementor-tab-content elementor-clearfix\" data-tab=\"1\" role=\"tabpanel\" aria-labelledby=\"elementor-tab-title-2461\" tabindex=\"0\" hidden=\"false\"><p><strong>Capotex C-1 CIERRE\/BISAGRA con<\/strong> placa de acero: Nuestra placa de acero se suelda directamente a la estructura del transportador. A menos que se solicite lo contrario, la chapa de acero no se galvaniza para evitar emisiones peligrosas durante el proceso de soldadura.<\/p><p><strong>C-1 CIERRE\/BISAGRA con<\/strong> tuerca de mariposa: La tuerca de mariposa permite la liberaci\u00f3n manual de los cierres.<\/p><p><strong>C-1 CIERRE\/BISAGRA con placa en U a presi\u00f3n<\/strong>: Dise\u00f1ado para evitar perforaciones o soldaduras en la estructura del transportador. S\u00f3lo disponible para perfiles U (UPN).<\/p><p><strong>C-1 a medida<\/strong>: Adaptamos nuestro C-1 CIERRE\/BISAGRA a cualquier estructura de transportador modificando su forma.<\/p><\/div>\n\t\t\t\t\t\t\t<\/div>\n\t\t<\/div>\n\t\t\t\t\t\t<\/div>\n\t\t\t\t<\/div>\n\t\t\t\t<\/div>\n\t\t\t\t\t<\/div>\n\t\t\t\t<\/div>\n\t\t\t\t<\/div>\n\t\t","protected":false},"excerpt":{"rendered":"<p>Bisagra de cierre de Capotajes para bandas &#8211; C-1 C-1 CIERRE\/BISAGRA de Capotex con \u00e1ngulo de acero: Nuestro \u00e1ngulo de acero galvanizado pretaladrado se fija a la estructura de la cubierta de cinta transportadora con dos tornillos autotaladrantes de alta calidad (incluidos). Estos tornillos perforan f\u00e1cilmente hasta 12 mm. (0,50 pulg.) de la estructura de [&hellip;]<\/p>\n","protected":false},"author":1,"featured_media":933,"parent":26478,"menu_order":1,"comment_status":"closed","ping_status":"closed","template":"","meta":{"_joinchat":[],"footnotes":""},"tags":[73],"class_list":["post-26561","page","type-page","status-publish","has-post-thumbnail","hentry","tag-fijaciones"],"_links":{"self":[{"href":"https:\/\/www.capotex.com\/es\/wp-json\/wp\/v2\/pages\/26561","targetHints":{"allow":["GET"]}}],"collection":[{"href":"https:\/\/www.capotex.com\/es\/wp-json\/wp\/v2\/pages"}],"about":[{"href":"https:\/\/www.capotex.com\/es\/wp-json\/wp\/v2\/types\/page"}],"author":[{"embeddable":true,"href":"https:\/\/www.capotex.com\/es\/wp-json\/wp\/v2\/users\/1"}],"replies":[{"embeddable":true,"href":"https:\/\/www.capotex.com\/es\/wp-json\/wp\/v2\/comments?post=26561"}],"version-history":[{"count":21,"href":"https:\/\/www.capotex.com\/es\/wp-json\/wp\/v2\/pages\/26561\/revisions"}],"predecessor-version":[{"id":37028,"href":"https:\/\/www.capotex.com\/es\/wp-json\/wp\/v2\/pages\/26561\/revisions\/37028"}],"up":[{"embeddable":true,"href":"https:\/\/www.capotex.com\/es\/wp-json\/wp\/v2\/pages\/26478"}],"wp:featuredmedia":[{"embeddable":true,"href":"https:\/\/www.capotex.com\/es\/wp-json\/wp\/v2\/media\/933"}],"wp:attachment":[{"href":"https:\/\/www.capotex.com\/es\/wp-json\/wp\/v2\/media?parent=26561"}],"wp:term":[{"taxonomy":"post_tag","embeddable":true,"href":"https:\/\/www.capotex.com\/es\/wp-json\/wp\/v2\/tags?post=26561"}],"curies":[{"name":"wp","href":"https:\/\/api.w.org\/{rel}","templated":true}]}}