{"id":30011,"date":"2023-12-05T09:04:26","date_gmt":"2023-12-05T08:04:26","guid":{"rendered":"https:\/\/www.capotex.com\/proyectos-capotajes-cintas-transporadoras\/cuba\/"},"modified":"2024-09-05T09:13:29","modified_gmt":"2024-09-05T08:13:29","slug":"cuba","status":"publish","type":"page","link":"https:\/\/www.capotex.com\/es\/proyectos-de-capotajes-para-cintas-transporadoras\/cuba\/","title":{"rendered":"Capotas para cintas transportadoras Cuba"},"content":{"rendered":"\t\t<div data-elementor-type=\"wp-page\" data-elementor-id=\"30011\" class=\"elementor elementor-30011 elementor-30003\" data-elementor-post-type=\"page\">\n\t\t\t\t<div class=\"elementor-element elementor-element-c456375 e-flex e-con-boxed e-con e-parent\" data-id=\"c456375\" data-element_type=\"container\" data-e-type=\"container\">\n\t\t\t\t\t<div class=\"e-con-inner\">\n\t\t\t\t<div class=\"elementor-element elementor-element-6cfea41 elementor-widget elementor-widget-text-editor\" data-id=\"6cfea41\" data-element_type=\"widget\" data-e-type=\"widget\" data-widget_type=\"text-editor.default\">\n\t\t\t\t<div class=\"elementor-widget-container\">\n\t\t\t\t\t\t\t\t\t<p><a href=\"https:\/\/www.capotex.com\/es\/proyectos-de-capotajes-para-cintas-transporadoras\/\">Volver a todos los proyectos<\/a><\/p>\t\t\t\t\t\t\t\t<\/div>\n\t\t\t\t<\/div>\n\t\t\t\t<div class=\"elementor-element elementor-element-fdfd7ca elementor-widget elementor-widget-text-editor\" data-id=\"fdfd7ca\" data-element_type=\"widget\" data-e-type=\"widget\" data-widget_type=\"text-editor.default\">\n\t\t\t\t<div class=\"elementor-widget-container\">\n\t\t\t\t\t\t\t\t\t<p><a href=\"https:\/\/www.capotex.com\/es\/proyectos-de-capotajes-para-cintas-transporadoras\/ee-uu\/\">Pr\u00f3ximo proyecto (EE.UU)<\/a><\/p>\t\t\t\t\t\t\t\t<\/div>\n\t\t\t\t<\/div>\n\t\t\t\t\t<\/div>\n\t\t\t\t<\/div>\n\t\t<div class=\"elementor-element elementor-element-4651860 e-flex e-con-boxed e-con e-parent\" data-id=\"4651860\" data-element_type=\"container\" data-e-type=\"container\">\n\t\t\t\t\t<div class=\"e-con-inner\">\n\t\t\t\t\t<\/div>\n\t\t\t\t<\/div>\n\t\t<div class=\"elementor-element elementor-element-cd9d60a e-flex e-con-boxed e-con e-parent\" data-id=\"cd9d60a\" data-element_type=\"container\" data-e-type=\"container\">\n\t\t\t\t\t<div class=\"e-con-inner\">\n\t\t<div class=\"elementor-element elementor-element-c6ea490 e-con-full e-flex e-con e-child\" data-id=\"c6ea490\" data-element_type=\"container\" data-e-type=\"container\" data-settings=\"{&quot;background_background&quot;:&quot;classic&quot;}\">\n\t\t\t\t<div class=\"elementor-element elementor-element-21acde5 elementor-widget elementor-widget-image\" data-id=\"21acde5\" data-element_type=\"widget\" data-e-type=\"widget\" data-widget_type=\"image.default\">\n\t\t\t\t<div class=\"elementor-widget-container\">\n\t\t\t\t\t\t\t\t\t\t\t\t\t\t\t<img fetchpriority=\"high\" decoding=\"async\" width=\"640\" height=\"640\" src=\"https:\/\/www.capotex.com\/wp-content\/uploads\/2023\/05\/Count-numbers.gif\" class=\"attachment-full size-full wp-image-25922\" alt=\"\" \/>\t\t\t\t\t\t\t\t\t\t\t\t\t\t\t<\/div>\n\t\t\t\t<\/div>\n\t\t\t\t<div class=\"elementor-element elementor-element-3f76ffb elementor-widget elementor-widget-heading\" data-id=\"3f76ffb\" data-element_type=\"widget\" data-e-type=\"widget\" data-widget_type=\"heading.default\">\n\t\t\t\t<div class=\"elementor-widget-container\">\n\t\t\t\t\t<h2 class=\"elementor-heading-title elementor-size-default\">N\u00famero de proyectos<\/h2>\t\t\t\t<\/div>\n\t\t\t\t<\/div>\n\t\t\t\t<div class=\"elementor-element elementor-element-303e76d elementor-widget elementor-widget-text-editor\" data-id=\"303e76d\" data-element_type=\"widget\" data-e-type=\"widget\" data-widget_type=\"text-editor.default\">\n\t\t\t\t<div class=\"elementor-widget-container\">\n\t\t\t\t\t\t\t\t\t<p>1<\/p>\n\t\t\t\t\t\t\t\t<\/div>\n\t\t\t\t<\/div>\n\t\t\t\t<\/div>\n\t\t<div class=\"elementor-element elementor-element-447f3d4 e-con-full e-flex e-con e-child\" data-id=\"447f3d4\" data-element_type=\"container\" data-e-type=\"container\" data-settings=\"{&quot;background_background&quot;:&quot;classic&quot;}\">\n\t\t\t\t<div class=\"elementor-element elementor-element-b33b4c5 elementor-widget elementor-widget-image\" data-id=\"b33b4c5\" data-element_type=\"widget\" data-e-type=\"widget\" data-widget_type=\"image.default\">\n\t\t\t\t<div class=\"elementor-widget-container\">\n\t\t\t\t\t\t\t\t\t\t\t\t\t\t\t<img decoding=\"async\" width=\"640\" height=\"640\" src=\"https:\/\/www.capotex.com\/wp-content\/uploads\/2023\/05\/Road.gif\" class=\"attachment-full size-full wp-image-25926\" alt=\"\" \/>\t\t\t\t\t\t\t\t\t\t\t\t\t\t\t<\/div>\n\t\t\t\t<\/div>\n\t\t\t\t<div class=\"elementor-element elementor-element-952d08c elementor-widget elementor-widget-heading\" data-id=\"952d08c\" data-element_type=\"widget\" data-e-type=\"widget\" data-widget_type=\"heading.default\">\n\t\t\t\t<div class=\"elementor-widget-container\">\n\t\t\t\t\t<h2 class=\"elementor-heading-title elementor-size-default\">Km cubiertos<\/h2>\t\t\t\t<\/div>\n\t\t\t\t<\/div>\n\t\t\t\t<div class=\"elementor-element elementor-element-a4b5491 elementor-widget elementor-widget-text-editor\" data-id=\"a4b5491\" data-element_type=\"widget\" data-e-type=\"widget\" data-widget_type=\"text-editor.default\">\n\t\t\t\t<div class=\"elementor-widget-container\">\n\t\t\t\t\t\t\t\t\t<p>10.5<\/p>\n\t\t\t\t\t\t\t\t<\/div>\n\t\t\t\t<\/div>\n\t\t\t\t<\/div>\n\t\t<div class=\"elementor-element elementor-element-02de182 e-con-full e-flex e-con e-child\" data-id=\"02de182\" data-element_type=\"container\" data-e-type=\"container\" data-settings=\"{&quot;background_background&quot;:&quot;classic&quot;}\">\n\t\t\t\t<div class=\"elementor-element elementor-element-812db80 elementor-widget elementor-widget-image\" data-id=\"812db80\" data-element_type=\"widget\" data-e-type=\"widget\" data-widget_type=\"image.default\">\n\t\t\t\t<div class=\"elementor-widget-container\">\n\t\t\t\t\t\t\t\t\t\t\t\t\t\t\t<img decoding=\"async\" width=\"640\" height=\"640\" src=\"https:\/\/www.capotex.com\/wp-content\/uploads\/2023\/05\/Calendar.gif\" class=\"attachment-full size-full wp-image-25930\" alt=\"\" \/>\t\t\t\t\t\t\t\t\t\t\t\t\t\t\t<\/div>\n\t\t\t\t<\/div>\n\t\t\t\t<div class=\"elementor-element elementor-element-4294d18 elementor-widget elementor-widget-heading\" data-id=\"4294d18\" data-element_type=\"widget\" data-e-type=\"widget\" data-widget_type=\"heading.default\">\n\t\t\t\t<div class=\"elementor-widget-container\">\n\t\t\t\t\t<h2 class=\"elementor-heading-title elementor-size-default\">A\u00f1o de inicio<\/h2>\t\t\t\t<\/div>\n\t\t\t\t<\/div>\n\t\t\t\t<div class=\"elementor-element elementor-element-d99af0d elementor-widget elementor-widget-text-editor\" data-id=\"d99af0d\" data-element_type=\"widget\" data-e-type=\"widget\" data-widget_type=\"text-editor.default\">\n\t\t\t\t<div class=\"elementor-widget-container\">\n\t\t\t\t\t\t\t\t\t<p>2011<\/p>\n\t\t\t\t\t\t\t\t<\/div>\n\t\t\t\t<\/div>\n\t\t\t\t<\/div>\n\t\t\t\t\t<\/div>\n\t\t\t\t<\/div>\n\t\t<div class=\"elementor-element elementor-element-a2b60dc e-flex e-con-boxed e-con e-parent\" data-id=\"a2b60dc\" data-element_type=\"container\" data-e-type=\"container\">\n\t\t\t\t\t<div class=\"e-con-inner\">\n\t\t\t\t<div class=\"elementor-element elementor-element-6ae9c0d elementor-widget elementor-widget-heading\" data-id=\"6ae9c0d\" data-element_type=\"widget\" data-e-type=\"widget\" data-widget_type=\"heading.default\">\n\t\t\t\t<div class=\"elementor-widget-container\">\n\t\t\t\t\t<h3 class=\"elementor-heading-title elementor-size-default\">Proyecto destacado<\/h3>\t\t\t\t<\/div>\n\t\t\t\t<\/div>\n\t\t\t\t\t<\/div>\n\t\t\t\t<\/div>\n\t\t<div class=\"elementor-element elementor-element-0c680f8 e-flex e-con-boxed e-con e-parent\" data-id=\"0c680f8\" data-element_type=\"container\" data-e-type=\"container\">\n\t\t\t\t\t<div class=\"e-con-inner\">\n\t\t<div class=\"elementor-element elementor-element-6770219 e-con-full e-flex e-con e-child\" data-id=\"6770219\" data-element_type=\"container\" data-e-type=\"container\">\n\t\t\t\t<div class=\"elementor-element elementor-element-7b672e2 elementor-widget elementor-widget-heading\" data-id=\"7b672e2\" data-element_type=\"widget\" data-e-type=\"widget\" data-widget_type=\"heading.default\">\n\t\t\t\t<div class=\"elementor-widget-container\">\n\t\t\t\t\t<h6 class=\"elementor-heading-title elementor-size-default\">Longitud<\/h6>\t\t\t\t<\/div>\n\t\t\t\t<\/div>\n\t\t\t\t<div class=\"elementor-element elementor-element-f47077d elementor-widget-divider--view-line_icon elementor-view-default elementor-widget-divider--element-align-center elementor-widget elementor-widget-divider\" data-id=\"f47077d\" data-element_type=\"widget\" data-e-type=\"widget\" data-widget_type=\"divider.default\">\n\t\t\t\t<div class=\"elementor-widget-container\">\n\t\t\t\t\t\t\t<div class=\"elementor-divider\">\n\t\t\t<span class=\"elementor-divider-separator\">\n\t\t\t\t\t\t\t<div class=\"elementor-icon elementor-divider__element\">\n\t\t\t\t\t<i aria-hidden=\"true\" class=\"fas fa-ruler-horizontal\"><\/i><\/div>\n\t\t\t\t\t\t<\/span>\n\t\t<\/div>\n\t\t\t\t\t\t<\/div>\n\t\t\t\t<\/div>\n\t\t\t\t<div class=\"elementor-element elementor-element-e92b82c elementor-widget elementor-widget-text-editor\" data-id=\"e92b82c\" data-element_type=\"widget\" data-e-type=\"widget\" data-widget_type=\"text-editor.default\">\n\t\t\t\t<div class=\"elementor-widget-container\">\n\t\t\t\t\t\t\t\t\t<p>10,5 Km<\/p>\n\t\t\t\t\t\t\t\t<\/div>\n\t\t\t\t<\/div>\n\t\t\t\t<\/div>\n\t\t<div class=\"elementor-element elementor-element-ea77c3e e-con-full e-flex e-con e-child\" data-id=\"ea77c3e\" data-element_type=\"container\" data-e-type=\"container\">\n\t\t\t\t<div class=\"elementor-element elementor-element-c2aaf18 elementor-widget elementor-widget-heading\" data-id=\"c2aaf18\" data-element_type=\"widget\" data-e-type=\"widget\" data-widget_type=\"heading.default\">\n\t\t\t\t<div class=\"elementor-widget-container\">\n\t\t\t\t\t<h6 class=\"elementor-heading-title elementor-size-default\">Material transportado<\/h6>\t\t\t\t<\/div>\n\t\t\t\t<\/div>\n\t\t\t\t<div class=\"elementor-element elementor-element-f0a7fdb elementor-widget-divider--view-line_icon elementor-view-default elementor-widget-divider--element-align-center elementor-widget elementor-widget-divider\" data-id=\"f0a7fdb\" data-element_type=\"widget\" data-e-type=\"widget\" data-widget_type=\"divider.default\">\n\t\t\t\t<div class=\"elementor-widget-container\">\n\t\t\t\t\t\t\t<div class=\"elementor-divider\">\n\t\t\t<span class=\"elementor-divider-separator\">\n\t\t\t\t\t\t\t<div class=\"elementor-icon elementor-divider__element\">\n\t\t\t\t\t<i aria-hidden=\"true\" class=\"far fa-gem\"><\/i><\/div>\n\t\t\t\t\t\t<\/span>\n\t\t<\/div>\n\t\t\t\t\t\t<\/div>\n\t\t\t\t<\/div>\n\t\t\t\t<div class=\"elementor-element elementor-element-01ae026 elementor-widget elementor-widget-text-editor\" data-id=\"01ae026\" data-element_type=\"widget\" data-e-type=\"widget\" data-widget_type=\"text-editor.default\">\n\t\t\t\t<div class=\"elementor-widget-container\">\n\t\t\t\t\t\t\t\t\t<p>N\u00edquel<\/p>\n\t\t\t\t\t\t\t\t<\/div>\n\t\t\t\t<\/div>\n\t\t\t\t<\/div>\n\t\t<div class=\"elementor-element elementor-element-6b445f3 e-con-full e-flex e-con e-child\" data-id=\"6b445f3\" data-element_type=\"container\" data-e-type=\"container\">\n\t\t\t\t<div class=\"elementor-element elementor-element-8413a3d elementor-widget elementor-widget-heading\" data-id=\"8413a3d\" data-element_type=\"widget\" data-e-type=\"widget\" data-widget_type=\"heading.default\">\n\t\t\t\t<div class=\"elementor-widget-container\">\n\t\t\t\t\t<h6 class=\"elementor-heading-title elementor-size-default\">Modelo de capotaje<\/h6>\t\t\t\t<\/div>\n\t\t\t\t<\/div>\n\t\t\t\t<div class=\"elementor-element elementor-element-d556747 elementor-widget-divider--view-line_icon elementor-view-default elementor-widget-divider--element-align-center elementor-widget elementor-widget-divider\" data-id=\"d556747\" data-element_type=\"widget\" data-e-type=\"widget\" data-widget_type=\"divider.default\">\n\t\t\t\t<div class=\"elementor-widget-container\">\n\t\t\t\t\t\t\t<div class=\"elementor-divider\">\n\t\t\t<span class=\"elementor-divider-separator\">\n\t\t\t\t\t\t\t<div class=\"elementor-icon elementor-divider__element\">\n\t\t\t\t\t<svg xmlns=\"http:\/\/www.w3.org\/2000\/svg\" xmlns:xlink=\"http:\/\/www.w3.org\/1999\/xlink\" xmlns:serif=\"http:\/\/www.serif.com\/\" fill=\"#000000\" viewBox=\"0 0 64 64\" xml:space=\"preserve\" style=\"fill-rule:evenodd;clip-rule:evenodd;stroke-linejoin:round;stroke-miterlimit:2;\" transform=\"rotate(90)\"><g id=\"SVGRepo_bgCarrier\" stroke-width=\"0\"><\/g><g id=\"SVGRepo_tracerCarrier\" stroke-linecap=\"round\" stroke-linejoin=\"round\"><\/g><g id=\"SVGRepo_iconCarrier\"> <rect id=\"Icons\" x=\"-832\" y=\"-256\" width=\"1280\" height=\"800\" style=\"fill:none;\"><\/rect> <g id=\"Icons1\" serif:id=\"Icons\"> <g id=\"Strike\"> <\/g> <g id=\"H1\"> <\/g> <g id=\"H2\"> <\/g> <g id=\"H3\"> <\/g> <g id=\"list-ul\"> <\/g> <g id=\"hamburger-1\"> <\/g> <g id=\"hamburger-2\"> <\/g> <g id=\"list-ol\"> <\/g> <g id=\"list-task\"> <\/g> <g id=\"trash\"> <\/g> <g id=\"vertical-menu\"> <\/g> <g id=\"horizontal-menu\"> <\/g> <g id=\"sidebar-2\"> <\/g> <g id=\"Pen\"> <\/g> <g id=\"Pen1\" serif:id=\"Pen\"> <\/g> <g id=\"clock\"> <\/g> <g id=\"external-link\"> <\/g> <g id=\"hr\"> <\/g> <g id=\"info\"> <\/g> <g id=\"warning\"> <\/g> <g id=\"plus-circle\"> <\/g> <g id=\"minus-circle\"> <\/g> <g id=\"vue\"> <\/g> <g id=\"cog\"> <\/g> <g id=\"logo\"> <\/g> <path id=\"half-circle\" d=\"M32.076,7.963c-13.265,0 -24.018,10.754 -24.018,24.019c0,13.264 10.753,24.018 24.018,24.018l0,-4.013c-11.049,0 -20.006,-8.957 -20.006,-20.005c0,-11.049 8.957,-20.006 20.006,-20.006l0,-4.013Z\"><\/path> <g id=\"radio-check\"> <\/g> <g id=\"eye-slash\"> <\/g> <g id=\"eye\"> <\/g> <g id=\"toggle-off\"> <\/g> <g id=\"shredder\"> <\/g> <g id=\"spinner--loading--dots-\" serif:id=\"spinner [loading, dots]\"> <\/g> <g id=\"react\"> <\/g> <g id=\"check-selected\"> <\/g> <g id=\"turn-off\"> <\/g> <g id=\"code-block\"> <\/g> <g id=\"user\"> <\/g> <g id=\"coffee-bean\"> <\/g> <g id=\"coffee-beans\"> <g id=\"coffee-bean1\" serif:id=\"coffee-bean\"> <\/g> <\/g> <g id=\"coffee-bean-filled\"> <\/g> <g id=\"coffee-beans-filled\"> <g id=\"coffee-bean2\" serif:id=\"coffee-bean\"> <\/g> <\/g> <g id=\"clipboard\"> <\/g> <g id=\"clipboard-paste\"> <\/g> <g id=\"clipboard-copy\"> <\/g> <g id=\"Layer1\"> <\/g> <\/g> <\/g><\/svg><\/div>\n\t\t\t\t\t\t<\/span>\n\t\t<\/div>\n\t\t\t\t\t\t<\/div>\n\t\t\t\t<\/div>\n\t\t\t\t<div class=\"elementor-element elementor-element-39554ad elementor-widget elementor-widget-text-editor\" data-id=\"39554ad\" data-element_type=\"widget\" data-e-type=\"widget\" data-widget_type=\"text-editor.default\">\n\t\t\t\t<div class=\"elementor-widget-container\">\n\t\t\t\t\t\t\t\t\t<p>Madrid + Dakar + Capoguard<\/p>\n\t\t\t\t\t\t\t\t<\/div>\n\t\t\t\t<\/div>\n\t\t\t\t<\/div>\n\t\t<div class=\"elementor-element elementor-element-127201f e-con-full e-flex e-con e-child\" data-id=\"127201f\" data-element_type=\"container\" data-e-type=\"container\">\n\t\t\t\t<div class=\"elementor-element elementor-element-4bb0ccc elementor-widget elementor-widget-heading\" data-id=\"4bb0ccc\" data-element_type=\"widget\" data-e-type=\"widget\" data-widget_type=\"heading.default\">\n\t\t\t\t<div class=\"elementor-widget-container\">\n\t\t\t\t\t<h6 class=\"elementor-heading-title elementor-size-default\">Material de capotaje<\/h6>\t\t\t\t<\/div>\n\t\t\t\t<\/div>\n\t\t\t\t<div class=\"elementor-element elementor-element-2e23d0e elementor-widget-divider--view-line_icon elementor-view-default elementor-widget-divider--element-align-center elementor-widget elementor-widget-divider\" data-id=\"2e23d0e\" data-element_type=\"widget\" data-e-type=\"widget\" data-widget_type=\"divider.default\">\n\t\t\t\t<div class=\"elementor-widget-container\">\n\t\t\t\t\t\t\t<div class=\"elementor-divider\">\n\t\t\t<span class=\"elementor-divider-separator\">\n\t\t\t\t\t\t\t<div class=\"elementor-icon elementor-divider__element\">\n\t\t\t\t\t<svg xmlns=\"http:\/\/www.w3.org\/2000\/svg\" xmlns:xlink=\"http:\/\/www.w3.org\/1999\/xlink\" xmlns:serif=\"http:\/\/www.serif.com\/\" fill=\"#000000\" viewBox=\"0 0 64 64\" xml:space=\"preserve\" style=\"fill-rule:evenodd;clip-rule:evenodd;stroke-linejoin:round;stroke-miterlimit:2;\" transform=\"rotate(90)\"><g id=\"SVGRepo_bgCarrier\" stroke-width=\"0\"><\/g><g id=\"SVGRepo_tracerCarrier\" stroke-linecap=\"round\" stroke-linejoin=\"round\"><\/g><g id=\"SVGRepo_iconCarrier\"> <rect id=\"Icons\" x=\"-832\" y=\"-256\" width=\"1280\" height=\"800\" style=\"fill:none;\"><\/rect> <g id=\"Icons1\" serif:id=\"Icons\"> <g id=\"Strike\"> <\/g> <g id=\"H1\"> <\/g> <g id=\"H2\"> <\/g> <g id=\"H3\"> <\/g> <g id=\"list-ul\"> <\/g> <g id=\"hamburger-1\"> <\/g> <g id=\"hamburger-2\"> <\/g> <g id=\"list-ol\"> <\/g> <g id=\"list-task\"> <\/g> <g id=\"trash\"> <\/g> <g id=\"vertical-menu\"> <\/g> <g id=\"horizontal-menu\"> <\/g> <g id=\"sidebar-2\"> <\/g> <g id=\"Pen\"> <\/g> <g id=\"Pen1\" serif:id=\"Pen\"> <\/g> <g id=\"clock\"> <\/g> <g id=\"external-link\"> <\/g> <g id=\"hr\"> <\/g> <g id=\"info\"> <\/g> <g id=\"warning\"> <\/g> <g id=\"plus-circle\"> <\/g> <g id=\"minus-circle\"> <\/g> <g id=\"vue\"> <\/g> <g id=\"cog\"> <\/g> <g id=\"logo\"> <\/g> <path id=\"half-circle\" d=\"M32.076,7.963c-13.265,0 -24.018,10.754 -24.018,24.019c0,13.264 10.753,24.018 24.018,24.018l0,-4.013c-11.049,0 -20.006,-8.957 -20.006,-20.005c0,-11.049 8.957,-20.006 20.006,-20.006l0,-4.013Z\"><\/path> <g id=\"radio-check\"> <\/g> <g id=\"eye-slash\"> <\/g> <g id=\"eye\"> <\/g> <g id=\"toggle-off\"> <\/g> <g id=\"shredder\"> <\/g> <g id=\"spinner--loading--dots-\" serif:id=\"spinner [loading, dots]\"> <\/g> <g id=\"react\"> <\/g> <g id=\"check-selected\"> <\/g> <g id=\"turn-off\"> <\/g> <g id=\"code-block\"> <\/g> <g id=\"user\"> <\/g> <g id=\"coffee-bean\"> <\/g> <g id=\"coffee-beans\"> <g id=\"coffee-bean1\" serif:id=\"coffee-bean\"> <\/g> <\/g> <g id=\"coffee-bean-filled\"> <\/g> <g id=\"coffee-beans-filled\"> <g id=\"coffee-bean2\" serif:id=\"coffee-bean\"> <\/g> <\/g> <g id=\"clipboard\"> <\/g> <g id=\"clipboard-paste\"> <\/g> <g id=\"clipboard-copy\"> <\/g> <g id=\"Layer1\"> <\/g> <\/g> <\/g><\/svg><\/div>\n\t\t\t\t\t\t<\/span>\n\t\t<\/div>\n\t\t\t\t\t\t<\/div>\n\t\t\t\t<\/div>\n\t\t\t\t<div class=\"elementor-element elementor-element-2ee8cc9 elementor-widget elementor-widget-text-editor\" data-id=\"2ee8cc9\" data-element_type=\"widget\" data-e-type=\"widget\" data-widget_type=\"text-editor.default\">\n\t\t\t\t<div class=\"elementor-widget-container\">\n\t\t\t\t\t\t\t\t\t<p>Acero galvanizado<\/p>\n\t\t\t\t\t\t\t\t<\/div>\n\t\t\t\t<\/div>\n\t\t\t\t<\/div>\n\t\t\t\t\t<\/div>\n\t\t\t\t<\/div>\n\t\t<div class=\"elementor-element elementor-element-98dd247 e-flex e-con-boxed e-con e-parent\" data-id=\"98dd247\" data-element_type=\"container\" data-e-type=\"container\">\n\t\t\t\t\t<div class=\"e-con-inner\">\n\t\t<div class=\"elementor-element elementor-element-7ed04ed e-con-full e-flex e-con e-child\" data-id=\"7ed04ed\" data-element_type=\"container\" data-e-type=\"container\">\n\t\t\t\t<div class=\"elementor-element elementor-element-539a276 elementor-widget elementor-widget-image\" data-id=\"539a276\" data-element_type=\"widget\" data-e-type=\"widget\" data-widget_type=\"image.default\">\n\t\t\t\t<div class=\"elementor-widget-container\">\n\t\t\t\t\t\t\t\t\t\t\t\t\t\t\t<img loading=\"lazy\" decoding=\"async\" width=\"441\" height=\"332\" src=\"https:\/\/www.capotex.com\/wp-content\/uploads\/2023\/05\/Conveyor cover cuba.webp\" class=\"attachment-full size-full wp-image-2734\" alt=\"Capotas para cintas transportadoras Cuba\" srcset=\"https:\/\/www.capotex.com\/wp-content\/uploads\/2023\/05\/Conveyor%20cover%20cuba.webp 441w, https:\/\/www.capotex.com\/wp-content\/uploads\/2023\/05\/Conveyor%20cover%20cuba-300x226.webp 300w\" sizes=\"(max-width: 441px) 100vw, 441px\" \/>\t\t\t\t\t\t\t\t\t\t\t\t\t\t\t<\/div>\n\t\t\t\t<\/div>\n\t\t\t\t<\/div>\n\t\t<div class=\"elementor-element elementor-element-90a8357 e-con-full e-flex e-con e-child\" data-id=\"90a8357\" data-element_type=\"container\" data-e-type=\"container\" data-settings=\"{&quot;background_background&quot;:&quot;classic&quot;}\">\n\t\t\t\t<div class=\"elementor-element elementor-element-ad2faad elementor-widget elementor-widget-text-editor\" data-id=\"ad2faad\" data-element_type=\"widget\" data-e-type=\"widget\" data-widget_type=\"text-editor.default\">\n\t\t\t\t<div class=\"elementor-widget-container\">\n\t\t\t\t\t\t\t\t\t<p>Para este proyecto de Capotas para cintas transportadoras Cuba, CAPOTEX dise\u00f1\u00f3, prototip\u00f3 y fabric\u00f3 esta mezcla \u00fanica de los modelos MADRID y DAKAR, junto con la protecci\u00f3n contra el viento CAPOGUARD.<\/p><p>Esta combinaci\u00f3n permiti\u00f3 una gran protecci\u00f3n de los rodillos, pudi\u00e9ndose abrir la cubierta desde cada lado de la cinta transportadora.<\/p><p>El modelo DAKAR cubre la cinta entre los rodillos.<\/p><p>Dado que no era necesario acceder con frecuencia a estas zonas, se eliminaron los agarres laterales y las protecciones para reducir costes.<\/p><p>Ganchos de acero hechos a medida para fijar los modelos DAKAR y CAPOGUARD.<\/p>\t\t\t\t\t\t\t\t<\/div>\n\t\t\t\t<\/div>\n\t\t\t\t<\/div>\n\t\t\t\t\t<\/div>\n\t\t\t\t<\/div>\n\t\t<div class=\"elementor-element elementor-element-adb4330 e-flex e-con-boxed e-con e-parent\" data-id=\"adb4330\" data-element_type=\"container\" data-e-type=\"container\">\n\t\t\t\t\t<div class=\"e-con-inner\">\n\t\t\t\t<div class=\"elementor-element elementor-element-7a28800 elementor-widget elementor-widget-text-editor\" data-id=\"7a28800\" data-element_type=\"widget\" data-e-type=\"widget\" data-widget_type=\"text-editor.default\">\n\t\t\t\t<div class=\"elementor-widget-container\">\n\t\t\t\t\t\t\t\t\t<p><a href=\"https:\/\/www.capotex.com\/es\/proyectos-de-capotajes-para-cintas-transporadoras\/\">Volver a todos los proyectos<\/a><\/p>\t\t\t\t\t\t\t\t<\/div>\n\t\t\t\t<\/div>\n\t\t\t\t<div class=\"elementor-element elementor-element-9803c29 elementor-widget elementor-widget-text-editor\" data-id=\"9803c29\" data-element_type=\"widget\" data-e-type=\"widget\" data-widget_type=\"text-editor.default\">\n\t\t\t\t<div class=\"elementor-widget-container\">\n\t\t\t\t\t\t\t\t\t<p><a href=\"https:\/\/www.capotex.com\/es\/proyectos-de-capotajes-para-cintas-transporadoras\/ee-uu\/\">Pr\u00f3ximo proyecto (EE.UU)<\/a><\/p>\t\t\t\t\t\t\t\t<\/div>\n\t\t\t\t<\/div>\n\t\t\t\t\t<\/div>\n\t\t\t\t<\/div>\n\t\t\t\t<\/div>\n\t\t","protected":false},"excerpt":{"rendered":"<p>Volver a todos los proyectos Pr\u00f3ximo proyecto (EE.UU) N\u00famero de proyectos 1 Km cubiertos 10.5 A\u00f1o de inicio 2011 Proyecto destacado Longitud 10,5 Km Material transportado N\u00edquel Modelo de capotaje Madrid + Dakar + Capoguard Material de capotaje Acero galvanizado Para este proyecto de Capotas para cintas transportadoras Cuba, CAPOTEX dise\u00f1\u00f3, prototip\u00f3 y fabric\u00f3 esta [&hellip;]<\/p>\n","protected":false},"author":2,"featured_media":2734,"parent":26434,"menu_order":60,"comment_status":"closed","ping_status":"closed","template":"elementor_header_footer","meta":{"_joinchat":[],"footnotes":""},"tags":[93],"class_list":["post-30011","page","type-page","status-publish","has-post-thumbnail","hentry","tag-cubiertas-para-cintas-transportadoras"],"_links":{"self":[{"href":"https:\/\/www.capotex.com\/es\/wp-json\/wp\/v2\/pages\/30011","targetHints":{"allow":["GET"]}}],"collection":[{"href":"https:\/\/www.capotex.com\/es\/wp-json\/wp\/v2\/pages"}],"about":[{"href":"https:\/\/www.capotex.com\/es\/wp-json\/wp\/v2\/types\/page"}],"author":[{"embeddable":true,"href":"https:\/\/www.capotex.com\/es\/wp-json\/wp\/v2\/users\/2"}],"replies":[{"embeddable":true,"href":"https:\/\/www.capotex.com\/es\/wp-json\/wp\/v2\/comments?post=30011"}],"version-history":[{"count":17,"href":"https:\/\/www.capotex.com\/es\/wp-json\/wp\/v2\/pages\/30011\/revisions"}],"predecessor-version":[{"id":36440,"href":"https:\/\/www.capotex.com\/es\/wp-json\/wp\/v2\/pages\/30011\/revisions\/36440"}],"up":[{"embeddable":true,"href":"https:\/\/www.capotex.com\/es\/wp-json\/wp\/v2\/pages\/26434"}],"wp:featuredmedia":[{"embeddable":true,"href":"https:\/\/www.capotex.com\/es\/wp-json\/wp\/v2\/media\/2734"}],"wp:attachment":[{"href":"https:\/\/www.capotex.com\/es\/wp-json\/wp\/v2\/media?parent=30011"}],"wp:term":[{"taxonomy":"post_tag","embeddable":true,"href":"https:\/\/www.capotex.com\/es\/wp-json\/wp\/v2\/tags?post=30011"}],"curies":[{"name":"wp","href":"https:\/\/api.w.org\/{rel}","templated":true}]}}