{"id":30730,"date":"2023-12-08T16:50:33","date_gmt":"2023-12-08T15:50:33","guid":{"rendered":"https:\/\/www.capotex.com\/?page_id=30730"},"modified":"2025-01-15T10:07:45","modified_gmt":"2025-01-15T09:07:45","slug":"finlandia","status":"publish","type":"page","link":"https:\/\/www.capotex.com\/es\/proyectos-de-capotajes-para-cintas-transporadoras\/finlandia\/","title":{"rendered":"Capotas para transportadores de bandas Finlandia"},"content":{"rendered":"\t\t<div data-elementor-type=\"wp-page\" data-elementor-id=\"30730\" class=\"elementor elementor-30730 elementor-30728\" data-elementor-post-type=\"page\">\n\t\t\t\t<div class=\"elementor-element elementor-element-faf9681 e-flex e-con-boxed e-con e-parent\" data-id=\"faf9681\" data-element_type=\"container\" data-e-type=\"container\">\n\t\t\t\t\t<div class=\"e-con-inner\">\n\t\t\t\t<div class=\"elementor-element elementor-element-119c676 elementor-widget elementor-widget-text-editor\" data-id=\"119c676\" data-element_type=\"widget\" data-e-type=\"widget\" data-widget_type=\"text-editor.default\">\n\t\t\t\t<div class=\"elementor-widget-container\">\n\t\t\t\t\t\t\t\t\t<p><a href=\"https:\/\/www.capotex.com\/es\/proyectos-de-capotajes-para-cintas-transporadoras\/\">Volver a todos los proyectos<\/a><\/p>\t\t\t\t\t\t\t\t<\/div>\n\t\t\t\t<\/div>\n\t\t\t\t<div class=\"elementor-element elementor-element-e47cd48 elementor-widget elementor-widget-text-editor\" data-id=\"e47cd48\" data-element_type=\"widget\" data-e-type=\"widget\" data-widget_type=\"text-editor.default\">\n\t\t\t\t<div class=\"elementor-widget-container\">\n\t\t\t\t\t\t\t\t\t<p><a href=\"https:\/\/www.capotex.com\/es\/proyectos-de-capotajes-para-cintas-transporadoras\/francia\/\">Pr\u00f3ximo proyecto (Francia)<\/a><\/p>\t\t\t\t\t\t\t\t<\/div>\n\t\t\t\t<\/div>\n\t\t\t\t\t<\/div>\n\t\t\t\t<\/div>\n\t\t<div class=\"elementor-element elementor-element-2e75017 e-flex e-con-boxed e-con e-parent\" data-id=\"2e75017\" data-element_type=\"container\" data-e-type=\"container\">\n\t\t\t\t\t<div class=\"e-con-inner\">\n\t\t\t\t<div class=\"elementor-element elementor-element-d0cf72a elementor-widget elementor-widget-heading\" data-id=\"d0cf72a\" data-element_type=\"widget\" data-e-type=\"widget\" data-widget_type=\"heading.default\">\n\t\t\t\t<div class=\"elementor-widget-container\">\n\t\t\t\t\t<h2 class=\"elementor-heading-title elementor-size-default\">Capotas para transportadores de bandas Finlandia<\/h2>\t\t\t\t<\/div>\n\t\t\t\t<\/div>\n\t\t\t\t\t<\/div>\n\t\t\t\t<\/div>\n\t\t<div class=\"elementor-element elementor-element-3344df8 e-flex e-con-boxed e-con e-parent\" data-id=\"3344df8\" data-element_type=\"container\" data-e-type=\"container\">\n\t\t\t\t\t<div class=\"e-con-inner\">\n\t\t<div class=\"elementor-element elementor-element-ed18385 e-con-full e-flex e-con e-child\" data-id=\"ed18385\" data-element_type=\"container\" data-e-type=\"container\" data-settings=\"{&quot;background_background&quot;:&quot;classic&quot;}\">\n\t\t\t\t<div class=\"elementor-element elementor-element-2ac0eca elementor-widget elementor-widget-image\" data-id=\"2ac0eca\" data-element_type=\"widget\" data-e-type=\"widget\" data-widget_type=\"image.default\">\n\t\t\t\t<div class=\"elementor-widget-container\">\n\t\t\t\t\t\t\t\t\t\t\t\t\t\t\t<img fetchpriority=\"high\" decoding=\"async\" width=\"640\" height=\"640\" src=\"https:\/\/www.capotex.com\/wp-content\/uploads\/2023\/05\/Count-numbers.gif\" class=\"attachment-full size-full wp-image-25922\" alt=\"\" \/>\t\t\t\t\t\t\t\t\t\t\t\t\t\t\t<\/div>\n\t\t\t\t<\/div>\n\t\t\t\t<div class=\"elementor-element elementor-element-7884af7 elementor-widget elementor-widget-heading\" data-id=\"7884af7\" data-element_type=\"widget\" data-e-type=\"widget\" data-widget_type=\"heading.default\">\n\t\t\t\t<div class=\"elementor-widget-container\">\n\t\t\t\t\t<h2 class=\"elementor-heading-title elementor-size-default\">N\u00famero de proyectos<\/h2>\t\t\t\t<\/div>\n\t\t\t\t<\/div>\n\t\t\t\t<div class=\"elementor-element elementor-element-9640898 elementor-widget elementor-widget-text-editor\" data-id=\"9640898\" data-element_type=\"widget\" data-e-type=\"widget\" data-widget_type=\"text-editor.default\">\n\t\t\t\t<div class=\"elementor-widget-container\">\n\t\t\t\t\t\t\t\t\t<p>197<\/p>\t\t\t\t\t\t\t\t<\/div>\n\t\t\t\t<\/div>\n\t\t\t\t<\/div>\n\t\t<div class=\"elementor-element elementor-element-0b3f17c e-con-full e-flex e-con e-child\" data-id=\"0b3f17c\" data-element_type=\"container\" data-e-type=\"container\" data-settings=\"{&quot;background_background&quot;:&quot;classic&quot;}\">\n\t\t\t\t<div class=\"elementor-element elementor-element-cc3ca8a elementor-widget elementor-widget-image\" data-id=\"cc3ca8a\" data-element_type=\"widget\" data-e-type=\"widget\" data-widget_type=\"image.default\">\n\t\t\t\t<div class=\"elementor-widget-container\">\n\t\t\t\t\t\t\t\t\t\t\t\t\t\t\t<img decoding=\"async\" width=\"640\" height=\"640\" src=\"https:\/\/www.capotex.com\/wp-content\/uploads\/2023\/05\/Road.gif\" class=\"attachment-full size-full wp-image-25926\" alt=\"\" \/>\t\t\t\t\t\t\t\t\t\t\t\t\t\t\t<\/div>\n\t\t\t\t<\/div>\n\t\t\t\t<div class=\"elementor-element elementor-element-4194810 elementor-widget elementor-widget-heading\" data-id=\"4194810\" data-element_type=\"widget\" data-e-type=\"widget\" data-widget_type=\"heading.default\">\n\t\t\t\t<div class=\"elementor-widget-container\">\n\t\t\t\t\t<h2 class=\"elementor-heading-title elementor-size-default\">Km cubiertos<\/h2>\t\t\t\t<\/div>\n\t\t\t\t<\/div>\n\t\t\t\t<div class=\"elementor-element elementor-element-92acc03 elementor-widget elementor-widget-text-editor\" data-id=\"92acc03\" data-element_type=\"widget\" data-e-type=\"widget\" data-widget_type=\"text-editor.default\">\n\t\t\t\t<div class=\"elementor-widget-container\">\n\t\t\t\t\t\t\t\t\t<p>19<\/p>\t\t\t\t\t\t\t\t<\/div>\n\t\t\t\t<\/div>\n\t\t\t\t<\/div>\n\t\t<div class=\"elementor-element elementor-element-a7a0e0e e-con-full e-flex e-con e-child\" data-id=\"a7a0e0e\" data-element_type=\"container\" data-e-type=\"container\" data-settings=\"{&quot;background_background&quot;:&quot;classic&quot;}\">\n\t\t\t\t<div class=\"elementor-element elementor-element-85eddf6 elementor-widget elementor-widget-image\" data-id=\"85eddf6\" data-element_type=\"widget\" data-e-type=\"widget\" data-widget_type=\"image.default\">\n\t\t\t\t<div class=\"elementor-widget-container\">\n\t\t\t\t\t\t\t\t\t\t\t\t\t\t\t<img decoding=\"async\" width=\"640\" height=\"640\" src=\"https:\/\/www.capotex.com\/wp-content\/uploads\/2023\/05\/Calendar.gif\" class=\"attachment-full size-full wp-image-25930\" alt=\"\" \/>\t\t\t\t\t\t\t\t\t\t\t\t\t\t\t<\/div>\n\t\t\t\t<\/div>\n\t\t\t\t<div class=\"elementor-element elementor-element-cdc0dbd elementor-widget elementor-widget-heading\" data-id=\"cdc0dbd\" data-element_type=\"widget\" data-e-type=\"widget\" data-widget_type=\"heading.default\">\n\t\t\t\t<div class=\"elementor-widget-container\">\n\t\t\t\t\t<h2 class=\"elementor-heading-title elementor-size-default\">A\u00f1o de inicio<\/h2>\t\t\t\t<\/div>\n\t\t\t\t<\/div>\n\t\t\t\t<div class=\"elementor-element elementor-element-fbce0d6 elementor-widget elementor-widget-text-editor\" data-id=\"fbce0d6\" data-element_type=\"widget\" data-e-type=\"widget\" data-widget_type=\"text-editor.default\">\n\t\t\t\t<div class=\"elementor-widget-container\">\n\t\t\t\t\t\t\t\t\t<p>2010<\/p>\n\t\t\t\t\t\t\t\t<\/div>\n\t\t\t\t<\/div>\n\t\t\t\t<\/div>\n\t\t\t\t\t<\/div>\n\t\t\t\t<\/div>\n\t\t<div class=\"elementor-element elementor-element-12f28f9 e-flex e-con-boxed e-con e-parent\" data-id=\"12f28f9\" data-element_type=\"container\" data-e-type=\"container\">\n\t\t\t\t\t<div class=\"e-con-inner\">\n\t\t\t\t<div class=\"elementor-element elementor-element-7a8820e elementor-widget elementor-widget-text-editor\" data-id=\"7a8820e\" data-element_type=\"widget\" data-e-type=\"widget\" data-widget_type=\"text-editor.default\">\n\t\t\t\t<div class=\"elementor-widget-container\">\n\t\t\t\t\t\t\t\t\t<p><a href=\"https:\/\/www.capotex.com\/es\/proyectos-de-capotajes-para-cintas-transporadoras\/\">Volver a todos los proyectos<\/a><\/p>\t\t\t\t\t\t\t\t<\/div>\n\t\t\t\t<\/div>\n\t\t\t\t<div class=\"elementor-element elementor-element-e390bd1 elementor-widget elementor-widget-text-editor\" data-id=\"e390bd1\" data-element_type=\"widget\" data-e-type=\"widget\" data-widget_type=\"text-editor.default\">\n\t\t\t\t<div class=\"elementor-widget-container\">\n\t\t\t\t\t\t\t\t\t<p><a href=\"https:\/\/www.capotex.com\/es\/proyectos-de-capotajes-para-cintas-transporadoras\/francia\/\">Pr\u00f3ximo proyecto (Francia)<\/a><\/p>\t\t\t\t\t\t\t\t<\/div>\n\t\t\t\t<\/div>\n\t\t\t\t\t<\/div>\n\t\t\t\t<\/div>\n\t\t\t\t<\/div>\n\t\t","protected":false},"excerpt":{"rendered":"<p>Volver a todos los proyectos Pr\u00f3ximo proyecto (Francia) N\u00famero de proyectos 197 Km cubiertos 19 A\u00f1o de inicio 2010 Volver a todos los proyectos Pr\u00f3ximo proyecto (Francia)<\/p>\n","protected":false},"author":2,"featured_media":29146,"parent":26434,"menu_order":80,"comment_status":"closed","ping_status":"closed","template":"elementor_header_footer","meta":{"_joinchat":[],"footnotes":""},"tags":[93],"class_list":["post-30730","page","type-page","status-publish","has-post-thumbnail","hentry","tag-cubiertas-para-cintas-transportadoras"],"_links":{"self":[{"href":"https:\/\/www.capotex.com\/es\/wp-json\/wp\/v2\/pages\/30730","targetHints":{"allow":["GET"]}}],"collection":[{"href":"https:\/\/www.capotex.com\/es\/wp-json\/wp\/v2\/pages"}],"about":[{"href":"https:\/\/www.capotex.com\/es\/wp-json\/wp\/v2\/types\/page"}],"author":[{"embeddable":true,"href":"https:\/\/www.capotex.com\/es\/wp-json\/wp\/v2\/users\/2"}],"replies":[{"embeddable":true,"href":"https:\/\/www.capotex.com\/es\/wp-json\/wp\/v2\/comments?post=30730"}],"version-history":[{"count":20,"href":"https:\/\/www.capotex.com\/es\/wp-json\/wp\/v2\/pages\/30730\/revisions"}],"predecessor-version":[{"id":36918,"href":"https:\/\/www.capotex.com\/es\/wp-json\/wp\/v2\/pages\/30730\/revisions\/36918"}],"up":[{"embeddable":true,"href":"https:\/\/www.capotex.com\/es\/wp-json\/wp\/v2\/pages\/26434"}],"wp:featuredmedia":[{"embeddable":true,"href":"https:\/\/www.capotex.com\/es\/wp-json\/wp\/v2\/media\/29146"}],"wp:attachment":[{"href":"https:\/\/www.capotex.com\/es\/wp-json\/wp\/v2\/media?parent=30730"}],"wp:term":[{"taxonomy":"post_tag","embeddable":true,"href":"https:\/\/www.capotex.com\/es\/wp-json\/wp\/v2\/tags?post=30730"}],"curies":[{"name":"wp","href":"https:\/\/api.w.org\/{rel}","templated":true}]}}