{"id":30754,"date":"2023-12-08T16:54:42","date_gmt":"2023-12-08T15:54:42","guid":{"rendered":"https:\/\/www.capotex.com\/?page_id=30754"},"modified":"2024-09-05T09:29:30","modified_gmt":"2024-09-05T08:29:30","slug":"polonia","status":"publish","type":"page","link":"https:\/\/www.capotex.com\/es\/proyectos-de-capotajes-para-cintas-transporadoras\/polonia\/","title":{"rendered":"Capotas para bandas Polonia"},"content":{"rendered":"\t\t<div data-elementor-type=\"wp-page\" data-elementor-id=\"30754\" class=\"elementor elementor-30754 elementor-30752\" data-elementor-post-type=\"page\">\n\t\t\t\t<div class=\"elementor-element elementor-element-faf9681 e-flex e-con-boxed e-con e-parent\" data-id=\"faf9681\" data-element_type=\"container\" data-e-type=\"container\">\n\t\t\t\t\t<div class=\"e-con-inner\">\n\t\t\t\t<div class=\"elementor-element elementor-element-119c676 elementor-widget elementor-widget-text-editor\" data-id=\"119c676\" data-element_type=\"widget\" data-e-type=\"widget\" data-widget_type=\"text-editor.default\">\n\t\t\t\t<div class=\"elementor-widget-container\">\n\t\t\t\t\t\t\t\t\t<p><a href=\"https:\/\/www.capotex.com\/es\/proyectos-de-capotajes-para-cintas-transporadoras\/\">Volver a todos los proyectos<\/a><\/p>\t\t\t\t\t\t\t\t<\/div>\n\t\t\t\t<\/div>\n\t\t\t\t<div class=\"elementor-element elementor-element-e47cd48 elementor-widget elementor-widget-text-editor\" data-id=\"e47cd48\" data-element_type=\"widget\" data-e-type=\"widget\" data-widget_type=\"text-editor.default\">\n\t\t\t\t<div class=\"elementor-widget-container\">\n\t\t\t\t\t\t\t\t\t<p><a href=\"https:\/\/www.capotex.com\/es\/proyectos-de-capotajes-para-cintas-transporadoras\/republica-checa\/\">Pr\u00f3ximo proyecto (Republica Checa)<\/a><\/p>\t\t\t\t\t\t\t\t<\/div>\n\t\t\t\t<\/div>\n\t\t\t\t\t<\/div>\n\t\t\t\t<\/div>\n\t\t<div class=\"elementor-element elementor-element-2e75017 e-flex e-con-boxed e-con e-parent\" data-id=\"2e75017\" data-element_type=\"container\" data-e-type=\"container\">\n\t\t\t\t\t<div class=\"e-con-inner\">\n\t\t\t\t<div class=\"elementor-element elementor-element-d0cf72a elementor-widget elementor-widget-heading\" data-id=\"d0cf72a\" data-element_type=\"widget\" data-e-type=\"widget\" data-widget_type=\"heading.default\">\n\t\t\t\t<div class=\"elementor-widget-container\">\n\t\t\t\t\t<h2 class=\"elementor-heading-title elementor-size-default\">Capotas para bandas Polonia<\/h2>\t\t\t\t<\/div>\n\t\t\t\t<\/div>\n\t\t\t\t\t<\/div>\n\t\t\t\t<\/div>\n\t\t<div class=\"elementor-element elementor-element-3344df8 e-flex e-con-boxed e-con e-parent\" data-id=\"3344df8\" data-element_type=\"container\" data-e-type=\"container\">\n\t\t\t\t\t<div class=\"e-con-inner\">\n\t\t<div class=\"elementor-element elementor-element-ed18385 e-con-full e-flex e-con e-child\" data-id=\"ed18385\" data-element_type=\"container\" data-e-type=\"container\" data-settings=\"{&quot;background_background&quot;:&quot;classic&quot;}\">\n\t\t\t\t<div class=\"elementor-element elementor-element-2ac0eca elementor-widget elementor-widget-image\" data-id=\"2ac0eca\" data-element_type=\"widget\" data-e-type=\"widget\" data-widget_type=\"image.default\">\n\t\t\t\t<div class=\"elementor-widget-container\">\n\t\t\t\t\t\t\t\t\t\t\t\t\t\t\t<img fetchpriority=\"high\" decoding=\"async\" width=\"640\" height=\"640\" src=\"https:\/\/www.capotex.com\/wp-content\/uploads\/2023\/05\/Count-numbers.gif\" class=\"attachment-full size-full wp-image-25922\" alt=\"\" \/>\t\t\t\t\t\t\t\t\t\t\t\t\t\t\t<\/div>\n\t\t\t\t<\/div>\n\t\t\t\t<div class=\"elementor-element elementor-element-7884af7 elementor-widget elementor-widget-heading\" data-id=\"7884af7\" data-element_type=\"widget\" data-e-type=\"widget\" data-widget_type=\"heading.default\">\n\t\t\t\t<div class=\"elementor-widget-container\">\n\t\t\t\t\t<h2 class=\"elementor-heading-title elementor-size-default\">N\u00famero de proyectos<\/h2>\t\t\t\t<\/div>\n\t\t\t\t<\/div>\n\t\t\t\t<div class=\"elementor-element elementor-element-9640898 elementor-widget elementor-widget-text-editor\" data-id=\"9640898\" data-element_type=\"widget\" data-e-type=\"widget\" data-widget_type=\"text-editor.default\">\n\t\t\t\t<div class=\"elementor-widget-container\">\n\t\t\t\t\t\t\t\t\t<p>77<\/p>\t\t\t\t\t\t\t\t<\/div>\n\t\t\t\t<\/div>\n\t\t\t\t<\/div>\n\t\t<div class=\"elementor-element elementor-element-0b3f17c e-con-full e-flex e-con e-child\" data-id=\"0b3f17c\" data-element_type=\"container\" data-e-type=\"container\" data-settings=\"{&quot;background_background&quot;:&quot;classic&quot;}\">\n\t\t\t\t<div class=\"elementor-element elementor-element-cc3ca8a elementor-widget elementor-widget-image\" data-id=\"cc3ca8a\" data-element_type=\"widget\" data-e-type=\"widget\" data-widget_type=\"image.default\">\n\t\t\t\t<div class=\"elementor-widget-container\">\n\t\t\t\t\t\t\t\t\t\t\t\t\t\t\t<img decoding=\"async\" width=\"640\" height=\"640\" src=\"https:\/\/www.capotex.com\/wp-content\/uploads\/2023\/05\/Road.gif\" class=\"attachment-full size-full wp-image-25926\" alt=\"\" \/>\t\t\t\t\t\t\t\t\t\t\t\t\t\t\t<\/div>\n\t\t\t\t<\/div>\n\t\t\t\t<div class=\"elementor-element elementor-element-4194810 elementor-widget elementor-widget-heading\" data-id=\"4194810\" data-element_type=\"widget\" data-e-type=\"widget\" data-widget_type=\"heading.default\">\n\t\t\t\t<div class=\"elementor-widget-container\">\n\t\t\t\t\t<h2 class=\"elementor-heading-title elementor-size-default\">Km cubiertos<\/h2>\t\t\t\t<\/div>\n\t\t\t\t<\/div>\n\t\t\t\t<div class=\"elementor-element elementor-element-92acc03 elementor-widget elementor-widget-text-editor\" data-id=\"92acc03\" data-element_type=\"widget\" data-e-type=\"widget\" data-widget_type=\"text-editor.default\">\n\t\t\t\t<div class=\"elementor-widget-container\">\n\t\t\t\t\t\t\t\t\t<p>15.2<\/p>\t\t\t\t\t\t\t\t<\/div>\n\t\t\t\t<\/div>\n\t\t\t\t<\/div>\n\t\t<div class=\"elementor-element elementor-element-a7a0e0e e-con-full e-flex e-con e-child\" data-id=\"a7a0e0e\" data-element_type=\"container\" data-e-type=\"container\" data-settings=\"{&quot;background_background&quot;:&quot;classic&quot;}\">\n\t\t\t\t<div class=\"elementor-element elementor-element-85eddf6 elementor-widget elementor-widget-image\" data-id=\"85eddf6\" data-element_type=\"widget\" data-e-type=\"widget\" data-widget_type=\"image.default\">\n\t\t\t\t<div class=\"elementor-widget-container\">\n\t\t\t\t\t\t\t\t\t\t\t\t\t\t\t<img decoding=\"async\" width=\"640\" height=\"640\" src=\"https:\/\/www.capotex.com\/wp-content\/uploads\/2023\/05\/Calendar.gif\" class=\"attachment-full size-full wp-image-25930\" alt=\"\" \/>\t\t\t\t\t\t\t\t\t\t\t\t\t\t\t<\/div>\n\t\t\t\t<\/div>\n\t\t\t\t<div class=\"elementor-element elementor-element-cdc0dbd elementor-widget elementor-widget-heading\" data-id=\"cdc0dbd\" data-element_type=\"widget\" data-e-type=\"widget\" data-widget_type=\"heading.default\">\n\t\t\t\t<div class=\"elementor-widget-container\">\n\t\t\t\t\t<h2 class=\"elementor-heading-title elementor-size-default\">A\u00f1o de inicio<\/h2>\t\t\t\t<\/div>\n\t\t\t\t<\/div>\n\t\t\t\t<div class=\"elementor-element elementor-element-fbce0d6 elementor-widget elementor-widget-text-editor\" data-id=\"fbce0d6\" data-element_type=\"widget\" data-e-type=\"widget\" data-widget_type=\"text-editor.default\">\n\t\t\t\t<div class=\"elementor-widget-container\">\n\t\t\t\t\t\t\t\t\t<p>2010<\/p>\n\t\t\t\t\t\t\t\t<\/div>\n\t\t\t\t<\/div>\n\t\t\t\t<\/div>\n\t\t\t\t\t<\/div>\n\t\t\t\t<\/div>\n\t\t<div class=\"elementor-element elementor-element-9fe2fdd e-flex e-con-boxed e-con e-parent\" data-id=\"9fe2fdd\" data-element_type=\"container\" data-e-type=\"container\">\n\t\t\t\t\t<div class=\"e-con-inner\">\n\t\t\t\t<div class=\"elementor-element elementor-element-4163b5f elementor-widget elementor-widget-text-editor\" data-id=\"4163b5f\" data-element_type=\"widget\" data-e-type=\"widget\" data-widget_type=\"text-editor.default\">\n\t\t\t\t<div class=\"elementor-widget-container\">\n\t\t\t\t\t\t\t\t\t<p><a href=\"https:\/\/www.capotex.com\/es\/proyectos-de-capotajes-para-cintas-transporadoras\/\">Volver a todos los proyectos<\/a><\/p>\t\t\t\t\t\t\t\t<\/div>\n\t\t\t\t<\/div>\n\t\t\t\t<div class=\"elementor-element elementor-element-f298f05 elementor-widget elementor-widget-text-editor\" data-id=\"f298f05\" data-element_type=\"widget\" data-e-type=\"widget\" data-widget_type=\"text-editor.default\">\n\t\t\t\t<div class=\"elementor-widget-container\">\n\t\t\t\t\t\t\t\t\t<p><a href=\"https:\/\/www.capotex.com\/es\/proyectos-de-capotajes-para-cintas-transporadoras\/republica-checa\/\">Pr\u00f3ximo proyecto (Republica Checa)<\/a><\/p>\t\t\t\t\t\t\t\t<\/div>\n\t\t\t\t<\/div>\n\t\t\t\t\t<\/div>\n\t\t\t\t<\/div>\n\t\t\t\t<\/div>\n\t\t","protected":false},"excerpt":{"rendered":"<p>Volver a todos los proyectos Pr\u00f3ximo proyecto (Republica Checa) N\u00famero de proyectos 77 Km cubiertos 15.2 A\u00f1o de inicio 2010 Volver a todos los proyectos Pr\u00f3ximo proyecto (Republica Checa)<\/p>\n","protected":false},"author":2,"featured_media":26176,"parent":26434,"menu_order":170,"comment_status":"closed","ping_status":"closed","template":"elementor_header_footer","meta":{"_joinchat":[],"footnotes":""},"tags":[93],"class_list":["post-30754","page","type-page","status-publish","has-post-thumbnail","hentry","tag-cubiertas-para-cintas-transportadoras"],"_links":{"self":[{"href":"https:\/\/www.capotex.com\/es\/wp-json\/wp\/v2\/pages\/30754","targetHints":{"allow":["GET"]}}],"collection":[{"href":"https:\/\/www.capotex.com\/es\/wp-json\/wp\/v2\/pages"}],"about":[{"href":"https:\/\/www.capotex.com\/es\/wp-json\/wp\/v2\/types\/page"}],"author":[{"embeddable":true,"href":"https:\/\/www.capotex.com\/es\/wp-json\/wp\/v2\/users\/2"}],"replies":[{"embeddable":true,"href":"https:\/\/www.capotex.com\/es\/wp-json\/wp\/v2\/comments?post=30754"}],"version-history":[{"count":17,"href":"https:\/\/www.capotex.com\/es\/wp-json\/wp\/v2\/pages\/30754\/revisions"}],"predecessor-version":[{"id":36494,"href":"https:\/\/www.capotex.com\/es\/wp-json\/wp\/v2\/pages\/30754\/revisions\/36494"}],"up":[{"embeddable":true,"href":"https:\/\/www.capotex.com\/es\/wp-json\/wp\/v2\/pages\/26434"}],"wp:featuredmedia":[{"embeddable":true,"href":"https:\/\/www.capotex.com\/es\/wp-json\/wp\/v2\/media\/26176"}],"wp:attachment":[{"href":"https:\/\/www.capotex.com\/es\/wp-json\/wp\/v2\/media?parent=30754"}],"wp:term":[{"taxonomy":"post_tag","embeddable":true,"href":"https:\/\/www.capotex.com\/es\/wp-json\/wp\/v2\/tags?post=30754"}],"curies":[{"name":"wp","href":"https:\/\/api.w.org\/{rel}","templated":true}]}}