{"id":26208,"date":"2023-04-30T09:24:15","date_gmt":"2023-04-30T08:24:15","guid":{"rendered":"https:\/\/capotex.com\/produits\/"},"modified":"2024-04-25T07:56:31","modified_gmt":"2024-04-25T06:56:31","slug":"capots-pour-convoyeurs","status":"publish","type":"page","link":"https:\/\/www.capotex.com\/fr\/capots-pour-convoyeurs\/","title":{"rendered":"Produits de Capots pour convoyeurs"},"content":{"rendered":"\t\t<div data-elementor-type=\"wp-page\" data-elementor-id=\"26208\" class=\"elementor elementor-26208 elementor-92\" data-elementor-post-type=\"page\">\n\t\t\t\t<div class=\"elementor-element elementor-element-319cbce e-flex e-con-boxed e-con e-parent\" data-id=\"319cbce\" data-element_type=\"container\" data-e-type=\"container\">\n\t\t\t\t\t<div class=\"e-con-inner\">\n\t\t<div class=\"elementor-element elementor-element-f36e273 e-con-full e-flex e-con e-child\" data-id=\"f36e273\" data-element_type=\"container\" data-e-type=\"container\">\n\t\t\t\t<div class=\"elementor-element elementor-element-16c0d0b elementor-widget elementor-widget-text-editor\" data-id=\"16c0d0b\" data-element_type=\"widget\" data-e-type=\"widget\" data-widget_type=\"text-editor.default\">\n\t\t\t\t<div class=\"elementor-widget-container\">\n\t\t\t\t\t\t\t\t\t<p>Capotex fabrique <b>toute la ligne de produits de capots pour convoyeurs<\/b>, offrant toutes les solutions n\u00e9cessaires dont les clients peuvent avoir besoin. Nous avons d\u00e9velopp\u00e9 diff\u00e9rents mod\u00e8les de <a href=\"https:\/\/www.capotex.com\/fr\/projets-capots-pour-convoyeurs\/\">capots de convoyeurs<\/a>, de protections lat\u00e9rales, de fixations, de mat\u00e9riaux et d&rsquo;accessoires pour tous les types de bandes transporteuses.<\/p><p>Dans chaque section, vous trouverez toutes les sp\u00e9cifications et les fiches techniques de nos couvertures de convoyeurs.<\/p>\t\t\t\t\t\t\t\t<\/div>\n\t\t\t\t<\/div>\n\t\t\t\t<\/div>\n\t\t\t\t\t<\/div>\n\t\t\t\t<\/div>\n\t\t<div class=\"elementor-element elementor-element-65fc9b4 e-flex e-con-boxed e-con e-parent\" data-id=\"65fc9b4\" data-element_type=\"container\" data-e-type=\"container\">\n\t\t\t\t\t<div class=\"e-con-inner\">\n\t\t\t\t\t<\/div>\n\t\t\t\t<\/div>\n\t\t\t\t<\/div>\n\t\t","protected":false},"excerpt":{"rendered":"<p>Capotex fabrique toute la ligne de produits de capots pour convoyeurs, offrant toutes les solutions n\u00e9cessaires dont les clients peuvent avoir besoin. Nous avons d\u00e9velopp\u00e9 diff\u00e9rents mod\u00e8les de capots de convoyeurs, de protections lat\u00e9rales, de fixations, de mat\u00e9riaux et d&rsquo;accessoires pour tous les types de bandes transporteuses. Dans chaque section, vous trouverez toutes les sp\u00e9cifications [&hellip;]<\/p>\n","protected":false},"author":1,"featured_media":0,"parent":0,"menu_order":0,"comment_status":"closed","ping_status":"closed","template":"elementor_header_footer","meta":{"_joinchat":[],"footnotes":""},"tags":[],"class_list":["post-26208","page","type-page","status-publish","hentry"],"_links":{"self":[{"href":"https:\/\/www.capotex.com\/fr\/wp-json\/wp\/v2\/pages\/26208","targetHints":{"allow":["GET"]}}],"collection":[{"href":"https:\/\/www.capotex.com\/fr\/wp-json\/wp\/v2\/pages"}],"about":[{"href":"https:\/\/www.capotex.com\/fr\/wp-json\/wp\/v2\/types\/page"}],"author":[{"embeddable":true,"href":"https:\/\/www.capotex.com\/fr\/wp-json\/wp\/v2\/users\/1"}],"replies":[{"embeddable":true,"href":"https:\/\/www.capotex.com\/fr\/wp-json\/wp\/v2\/comments?post=26208"}],"version-history":[{"count":20,"href":"https:\/\/www.capotex.com\/fr\/wp-json\/wp\/v2\/pages\/26208\/revisions"}],"predecessor-version":[{"id":33014,"href":"https:\/\/www.capotex.com\/fr\/wp-json\/wp\/v2\/pages\/26208\/revisions\/33014"}],"wp:attachment":[{"href":"https:\/\/www.capotex.com\/fr\/wp-json\/wp\/v2\/media?parent=26208"}],"wp:term":[{"taxonomy":"post_tag","embeddable":true,"href":"https:\/\/www.capotex.com\/fr\/wp-json\/wp\/v2\/tags?post=26208"}],"curies":[{"name":"wp","href":"https:\/\/api.w.org\/{rel}","templated":true}]}}