{"id":26211,"date":"2023-05-16T11:18:38","date_gmt":"2023-05-16T10:18:38","guid":{"rendered":"https:\/\/capotex.com\/feuille-avec-cle-speciale\/"},"modified":"2024-07-11T08:34:10","modified_gmt":"2024-07-11T07:34:10","slug":"protection-laterale-pour-convoyeur-transporteuses","status":"publish","type":"page","link":"https:\/\/www.capotex.com\/fr\/protections-laterales-pour-convoyeurs\/protection-laterale-pour-convoyeur-transporteuses\/","title":{"rendered":"Feuille avec cl\u00e9 sp\u00e9ciale"},"content":{"rendered":"\t\t<div data-elementor-type=\"wp-page\" data-elementor-id=\"26211\" class=\"elementor elementor-26211 elementor-1751\" data-elementor-post-type=\"page\">\n\t\t\t\t<div class=\"elementor-element elementor-element-e5807fc e-flex e-con-boxed e-con e-parent\" data-id=\"e5807fc\" data-element_type=\"container\" data-e-type=\"container\">\n\t\t\t\t\t<div class=\"e-con-inner\">\n\t\t\t\t<div class=\"elementor-element elementor-element-0a7eb9b elementor-widget elementor-widget-heading\" data-id=\"0a7eb9b\" data-element_type=\"widget\" data-e-type=\"widget\" data-widget_type=\"heading.default\">\n\t\t\t\t<div class=\"elementor-widget-container\">\n\t\t\t\t\t<h1 class=\"elementor-heading-title elementor-size-default\">Protection lat\u00e9rale pour Convoyeur Transporteuses<\/h1>\t\t\t\t<\/div>\n\t\t\t\t<\/div>\n\t\t\t\t<div class=\"elementor-element elementor-element-5f29a75 elementor-widget elementor-widget-heading\" data-id=\"5f29a75\" data-element_type=\"widget\" data-e-type=\"widget\" data-widget_type=\"heading.default\">\n\t\t\t\t<div class=\"elementor-widget-container\">\n\t\t\t\t\t<h2 class=\"elementor-heading-title elementor-size-default\">Protection en t\u00f4le de la bande de chargement du convoyeur avec cl\u00e9 sp\u00e9ciale (P4)<\/h2>\t\t\t\t<\/div>\n\t\t\t\t<\/div>\n\t\t\t\t<div class=\"elementor-element elementor-element-02eac77 elementor-widget elementor-widget-image\" data-id=\"02eac77\" data-element_type=\"widget\" data-e-type=\"widget\" data-widget_type=\"image.default\">\n\t\t\t\t<div class=\"elementor-widget-container\">\n\t\t\t\t\t\t\t\t\t\t\t\t\t\t\t\t<a href=\"https:\/\/www.capotex.com\/wp-content\/uploads\/2024\/07\/Protection-laterale-pour-convoyeur-transporteuses.jpg\" data-elementor-open-lightbox=\"yes\" data-elementor-lightbox-title=\"Protection lat\u00e9rale pour convoyeur transporteuses\" data-elementor-lightbox-description=\"Protection lat\u00e9rale pour convoyeur transporteuses\" data-e-action-hash=\"#elementor-action%3Aaction%3Dlightbox%26settings%3DeyJpZCI6MzQ5OTQsInVybCI6Imh0dHBzOlwvXC93d3cuY2Fwb3RleC5jb21cL3dwLWNvbnRlbnRcL3VwbG9hZHNcLzIwMjRcLzA3XC9Qcm90ZWN0aW9uLWxhdGVyYWxlLXBvdXItY29udm95ZXVyLXRyYW5zcG9ydGV1c2VzLmpwZyJ9\">\n\t\t\t\t\t\t\t<img fetchpriority=\"high\" decoding=\"async\" width=\"550\" height=\"400\" src=\"https:\/\/www.capotex.com\/wp-content\/uploads\/2024\/07\/Protection-laterale-pour-convoyeur-transporteuses.jpg\" class=\"attachment-full size-full wp-image-34994\" alt=\"Protection lat\u00e9rale pour convoyeur transporteuses\" srcset=\"https:\/\/www.capotex.com\/wp-content\/uploads\/2024\/07\/Protection-laterale-pour-convoyeur-transporteuses.jpg 550w, https:\/\/www.capotex.com\/wp-content\/uploads\/2024\/07\/Protection-laterale-pour-convoyeur-transporteuses-300x218.jpg 300w\" sizes=\"(max-width: 550px) 100vw, 550px\" \/>\t\t\t\t\t\t\t\t<\/a>\n\t\t\t\t\t\t\t\t\t\t\t\t\t\t\t<\/div>\n\t\t\t\t<\/div>\n\t\t\t\t\t<\/div>\n\t\t\t\t<\/div>\n\t\t<div class=\"elementor-element elementor-element-98359af e-flex e-con-boxed e-con e-parent\" data-id=\"98359af\" data-element_type=\"container\" data-e-type=\"container\">\n\t\t\t\t\t<div class=\"e-con-inner\">\n\t\t<div class=\"elementor-element elementor-element-32ab6cb e-con-full e-flex e-con e-child\" data-id=\"32ab6cb\" data-element_type=\"container\" data-e-type=\"container\">\n\t\t\t\t<div class=\"elementor-element elementor-element-6ac56b8 elementor-widget elementor-widget-text-editor\" data-id=\"6ac56b8\" data-element_type=\"widget\" data-e-type=\"widget\" data-widget_type=\"text-editor.default\">\n\t\t\t\t<div class=\"elementor-widget-container\">\n\t\t\t\t\t\t\t\t\t<p><strong>Caract\u00e9ristiques :<\/strong><\/p>\n<ul>\n<li>Ils veillent \u00e0 la coh\u00e9rence et \u00e0 la conformit\u00e9 des r\u00e8glements.<\/li>\n<li>Ils garantissent une installation correcte gr\u00e2ce \u00e0 l&rsquo;innovation de leurs solutions personnalis\u00e9es.<\/li>\n<li>Cl\u00e9 permettant de verrouiller et de d\u00e9verrouiller le syst\u00e8me pour faciliter l&rsquo;installation.<\/li>\n<li>Con\u00e7u pour un d\u00e9montage rapide et facile.<\/li>\n<\/ul>\n\t\t\t\t\t\t\t\t<\/div>\n\t\t\t\t<\/div>\n\t\t\t\t<\/div>\n\t\t<div class=\"elementor-element elementor-element-d7ea931 e-con-full e-flex e-con e-child\" data-id=\"d7ea931\" data-element_type=\"container\" data-e-type=\"container\">\n\t\t\t\t<div class=\"elementor-element elementor-element-61a04bb elementor-widget elementor-widget-text-editor\" data-id=\"61a04bb\" data-element_type=\"widget\" data-e-type=\"widget\" data-widget_type=\"text-editor.default\">\n\t\t\t\t<div class=\"elementor-widget-container\">\n\t\t\t\t\t\t\t\t\t<p><strong>Mat\u00e9riaux :<\/strong><\/p>\n<ul>\n<li>ZM 300-310<\/li>\n<li>Acier galvanis\u00e9<\/li>\n<li>Acier pr\u00e9laqu\u00e9<\/li>\n<li>HPS 200 Acier haute performance<\/li>\n<li>Acier inoxydable 304<\/li>\n<li>Acier inoxydable 316<\/li>\n<li>Polyester renforc\u00e9 de fibres<\/li>\n<li>Aluminium<\/li>\n<\/ul>\n\t\t\t\t\t\t\t\t<\/div>\n\t\t\t\t<\/div>\n\t\t\t\t<\/div>\n\t\t<div class=\"elementor-element elementor-element-63faf9a e-con-full e-flex e-con e-child\" data-id=\"63faf9a\" data-element_type=\"container\" data-e-type=\"container\">\n\t\t\t\t<div class=\"elementor-element elementor-element-2a6b725 elementor-widget elementor-widget-text-editor\" data-id=\"2a6b725\" data-element_type=\"widget\" data-e-type=\"widget\" data-widget_type=\"text-editor.default\">\n\t\t\t\t<div class=\"elementor-widget-container\">\n\t\t\t\t\t\t\t\t\t<p><strong>Caract\u00e9ristiques techniques :<\/strong><\/p>\n<ul>\n<li><strong>Longueur<\/strong> en sections maximales jusqu&rsquo;\u00e0 3 m\u00e8tres.<\/li>\n<li><strong>Hauteur<\/strong> jusqu&rsquo;\u00e0 0,8 m\u00e8tre.<\/li>\n<li><strong>Poids du syst\u00e8me<\/strong> 10 kg\/m\u00e8tre.<\/li>\n<\/ul>\n\t\t\t\t\t\t\t\t<\/div>\n\t\t\t\t<\/div>\n\t\t\t\t<\/div>\n\t\t\t\t\t<\/div>\n\t\t\t\t<\/div>\n\t\t<div class=\"elementor-element elementor-element-25b3453 e-flex e-con-boxed e-con e-parent\" data-id=\"25b3453\" data-element_type=\"container\" data-e-type=\"container\">\n\t\t\t\t\t<div class=\"e-con-inner\">\n\t\t<div class=\"elementor-element elementor-element-8ff2118 e-flex e-con-boxed e-con e-child\" data-id=\"8ff2118\" data-element_type=\"container\" data-e-type=\"container\">\n\t\t\t\t\t<div class=\"e-con-inner\">\n\t\t\t\t<div class=\"elementor-element elementor-element-45738fd elementor-widget elementor-widget-image\" data-id=\"45738fd\" data-element_type=\"widget\" data-e-type=\"widget\" data-widget_type=\"image.default\">\n\t\t\t\t<div class=\"elementor-widget-container\">\n\t\t\t\t\t\t\t\t\t\t\t\t\t\t\t\t<a href=\"https:\/\/www.capotex.com\/wp-content\/uploads\/2024\/03\/P-4-METAL-SHEET-French.pdf\" target=\"_blank\">\n\t\t\t\t\t\t\t<img decoding=\"async\" width=\"793\" height=\"560\" src=\"https:\/\/www.capotex.com\/wp-content\/uploads\/2024\/03\/P4-Sheet-French.jpg\" class=\"attachment-full size-full wp-image-32530\" alt=\"Protection lat\u00e9rale pour convoyeur transporteuses\" srcset=\"https:\/\/www.capotex.com\/wp-content\/uploads\/2024\/03\/P4-Sheet-French.jpg 793w, https:\/\/www.capotex.com\/wp-content\/uploads\/2024\/03\/P4-Sheet-French-300x212.jpg 300w, https:\/\/www.capotex.com\/wp-content\/uploads\/2024\/03\/P4-Sheet-French-768x542.jpg 768w\" sizes=\"(max-width: 793px) 100vw, 793px\" \/>\t\t\t\t\t\t\t\t<\/a>\n\t\t\t\t\t\t\t\t\t\t\t\t\t\t\t<\/div>\n\t\t\t\t<\/div>\n\t\t\t\t<div class=\"elementor-element elementor-element-ec07004 elementor-widget elementor-widget-text-editor\" data-id=\"ec07004\" data-element_type=\"widget\" data-e-type=\"widget\" data-widget_type=\"text-editor.default\">\n\t\t\t\t<div class=\"elementor-widget-container\">\n\t\t\t\t\t\t\t\t\t<p style=\"text-align: center;\"><a href=\"https:\/\/www.capotex.com\/wp-content\/uploads\/2024\/03\/P-4-METAL-SHEET-French.pdf\" target=\"_blank\" rel=\"noopener\"><em>T\u00e9l\u00e9charger le plan de maillage P-4 en pdf<\/em><\/a><\/p>\t\t\t\t\t\t\t\t<\/div>\n\t\t\t\t<\/div>\n\t\t\t\t\t<\/div>\n\t\t\t\t<\/div>\n\t\t\t\t\t<\/div>\n\t\t\t\t<\/div>\n\t\t\t\t<\/div>\n\t\t","protected":false},"excerpt":{"rendered":"<p>Protection lat\u00e9rale pour Convoyeur Transporteuses Protection en t\u00f4le de la bande de chargement du convoyeur avec cl\u00e9 sp\u00e9ciale (P4) Caract\u00e9ristiques : Ils veillent \u00e0 la coh\u00e9rence et \u00e0 la conformit\u00e9 des r\u00e8glements. Ils garantissent une installation correcte gr\u00e2ce \u00e0 l&rsquo;innovation de leurs solutions personnalis\u00e9es. Cl\u00e9 permettant de verrouiller et de d\u00e9verrouiller le syst\u00e8me pour faciliter [&hellip;]<\/p>\n","protected":false},"author":1,"featured_media":1660,"parent":26282,"menu_order":50,"comment_status":"closed","ping_status":"closed","template":"","meta":{"_joinchat":[],"footnotes":""},"tags":[62],"class_list":["post-26211","page","type-page","status-publish","has-post-thumbnail","hentry","tag-ceinture-de-charge"],"_links":{"self":[{"href":"https:\/\/www.capotex.com\/fr\/wp-json\/wp\/v2\/pages\/26211","targetHints":{"allow":["GET"]}}],"collection":[{"href":"https:\/\/www.capotex.com\/fr\/wp-json\/wp\/v2\/pages"}],"about":[{"href":"https:\/\/www.capotex.com\/fr\/wp-json\/wp\/v2\/types\/page"}],"author":[{"embeddable":true,"href":"https:\/\/www.capotex.com\/fr\/wp-json\/wp\/v2\/users\/1"}],"replies":[{"embeddable":true,"href":"https:\/\/www.capotex.com\/fr\/wp-json\/wp\/v2\/comments?post=26211"}],"version-history":[{"count":21,"href":"https:\/\/www.capotex.com\/fr\/wp-json\/wp\/v2\/pages\/26211\/revisions"}],"predecessor-version":[{"id":35031,"href":"https:\/\/www.capotex.com\/fr\/wp-json\/wp\/v2\/pages\/26211\/revisions\/35031"}],"up":[{"embeddable":true,"href":"https:\/\/www.capotex.com\/fr\/wp-json\/wp\/v2\/pages\/26282"}],"wp:featuredmedia":[{"embeddable":true,"href":"https:\/\/www.capotex.com\/fr\/wp-json\/wp\/v2\/media\/1660"}],"wp:attachment":[{"href":"https:\/\/www.capotex.com\/fr\/wp-json\/wp\/v2\/media?parent=26211"}],"wp:term":[{"taxonomy":"post_tag","embeddable":true,"href":"https:\/\/www.capotex.com\/fr\/wp-json\/wp\/v2\/tags?post=26211"}],"curies":[{"name":"wp","href":"https:\/\/api.w.org\/{rel}","templated":true}]}}