{"id":26243,"date":"2023-05-16T10:54:44","date_gmt":"2023-05-16T09:54:44","guid":{"rendered":"https:\/\/capotex.com\/feuille-avec-vis-autotaraudeuse\/"},"modified":"2024-07-11T08:28:47","modified_gmt":"2024-07-11T07:28:47","slug":"protections-laterales-pour-convoyeurs-a-bande","status":"publish","type":"page","link":"https:\/\/www.capotex.com\/fr\/protections-laterales-pour-convoyeurs\/protections-laterales-pour-convoyeurs-a-bande\/","title":{"rendered":"Feuille avec vis autotaraudeuse"},"content":{"rendered":"\t\t<div data-elementor-type=\"wp-page\" data-elementor-id=\"26243\" class=\"elementor elementor-26243 elementor-1745\" data-elementor-post-type=\"page\">\n\t\t\t\t<div class=\"elementor-element elementor-element-b1b8695 e-flex e-con-boxed e-con e-parent\" data-id=\"b1b8695\" data-element_type=\"container\" data-e-type=\"container\">\n\t\t\t\t\t<div class=\"e-con-inner\">\n\t\t\t\t<div class=\"elementor-element elementor-element-623925f elementor-widget elementor-widget-heading\" data-id=\"623925f\" data-element_type=\"widget\" data-e-type=\"widget\" data-widget_type=\"heading.default\">\n\t\t\t\t<div class=\"elementor-widget-container\">\n\t\t\t\t\t<h1 class=\"elementor-heading-title elementor-size-default\">Protections lat\u00e9rales pour Convoyeurs a Bande<\/h1>\t\t\t\t<\/div>\n\t\t\t\t<\/div>\n\t\t\t\t<div class=\"elementor-element elementor-element-af37d4c elementor-widget elementor-widget-heading\" data-id=\"af37d4c\" data-element_type=\"widget\" data-e-type=\"widget\" data-widget_type=\"heading.default\">\n\t\t\t\t<div class=\"elementor-widget-container\">\n\t\t\t\t\t<h2 class=\"elementor-heading-title elementor-size-default\">Protection en t\u00f4le de la bande de chargement du convoyeur avec vis autotaraudeuse (P1)<\/h2>\t\t\t\t<\/div>\n\t\t\t\t<\/div>\n\t\t\t\t\t<\/div>\n\t\t\t\t<\/div>\n\t\t<div class=\"elementor-element elementor-element-0dd3b98 e-flex e-con-boxed e-con e-parent\" data-id=\"0dd3b98\" data-element_type=\"container\" data-e-type=\"container\">\n\t\t\t\t\t<div class=\"e-con-inner\">\n\t\t\t\t<div class=\"elementor-element elementor-element-9bc6936 elementor-widget elementor-widget-image\" data-id=\"9bc6936\" data-element_type=\"widget\" data-e-type=\"widget\" data-widget_type=\"image.default\">\n\t\t\t\t<div class=\"elementor-widget-container\">\n\t\t\t\t\t\t\t\t\t\t\t\t\t\t\t\t<a href=\"https:\/\/www.capotex.com\/wp-content\/uploads\/2024\/07\/Protections-laterales-pour-convoyeurs.jpg\" data-elementor-open-lightbox=\"yes\" data-elementor-lightbox-title=\"Protections lat\u00e9rales pour convoyeurs\" data-elementor-lightbox-description=\"Protections lat\u00e9rales pour convoyeurs\" data-e-action-hash=\"#elementor-action%3Aaction%3Dlightbox%26settings%3DeyJpZCI6MzQ5ODYsInVybCI6Imh0dHBzOlwvXC93d3cuY2Fwb3RleC5jb21cL3dwLWNvbnRlbnRcL3VwbG9hZHNcLzIwMjRcLzA3XC9Qcm90ZWN0aW9ucy1sYXRlcmFsZXMtcG91ci1jb252b3lldXJzLmpwZyJ9\">\n\t\t\t\t\t\t\t<img fetchpriority=\"high\" decoding=\"async\" width=\"550\" height=\"400\" src=\"https:\/\/www.capotex.com\/wp-content\/uploads\/2024\/07\/Protections-laterales-pour-convoyeurs.jpg\" class=\"attachment-large size-large wp-image-34986\" alt=\"Protections lat\u00e9rales pour convoyeurs\" srcset=\"https:\/\/www.capotex.com\/wp-content\/uploads\/2024\/07\/Protections-laterales-pour-convoyeurs.jpg 550w, https:\/\/www.capotex.com\/wp-content\/uploads\/2024\/07\/Protections-laterales-pour-convoyeurs-300x218.jpg 300w\" sizes=\"(max-width: 550px) 100vw, 550px\" \/>\t\t\t\t\t\t\t\t<\/a>\n\t\t\t\t\t\t\t\t\t\t\t\t\t\t\t<\/div>\n\t\t\t\t<\/div>\n\t\t\t\t\t<\/div>\n\t\t\t\t<\/div>\n\t\t<div class=\"elementor-element elementor-element-ec278c0 e-flex e-con-boxed e-con e-parent\" data-id=\"ec278c0\" data-element_type=\"container\" data-e-type=\"container\">\n\t\t\t\t\t<div class=\"e-con-inner\">\n\t\t<div class=\"elementor-element elementor-element-09b659c e-con-full e-flex e-con e-child\" data-id=\"09b659c\" data-element_type=\"container\" data-e-type=\"container\">\n\t\t\t\t<div class=\"elementor-element elementor-element-addcf09 elementor-widget elementor-widget-text-editor\" data-id=\"addcf09\" data-element_type=\"widget\" data-e-type=\"widget\" data-widget_type=\"text-editor.default\">\n\t\t\t\t<div class=\"elementor-widget-container\">\n\t\t\t\t\t\t\t\t\t<p><strong>Caract\u00e9ristiques :<\/strong><\/p>\n<ul>\n<li>Ils veillent \u00e0 la coh\u00e9rence et \u00e0 la conformit\u00e9 des <strong>r\u00e9glementations<\/strong>.<\/li>\n<li>Gr\u00e2ce \u00e0 l&rsquo;innovation de leurs solutions personnalis\u00e9es, ils garantissent une installation correcte.<\/li>\n<li>Il s&rsquo;agit de l&rsquo;une des options de protection lat\u00e9rale sup\u00e9rieure les plus <strong>\u00e9conomiques<\/strong>.<\/li>\n<li>Bien qu&rsquo;il soit consid\u00e9r\u00e9 comme un protecteur fixe, il peut \u00eatre <strong>d\u00e9mont\u00e9<\/strong> pour les op\u00e9rations de maintenance.<\/li>\n<li>Cette protection est viss\u00e9e \u00e0 un poteau qui est viss\u00e9 au cadre.<\/li>\n<\/ul>\n\t\t\t\t\t\t\t\t<\/div>\n\t\t\t\t<\/div>\n\t\t\t\t<\/div>\n\t\t<div class=\"elementor-element elementor-element-3685eb2 e-con-full e-flex e-con e-child\" data-id=\"3685eb2\" data-element_type=\"container\" data-e-type=\"container\">\n\t\t\t\t<div class=\"elementor-element elementor-element-5687e99 elementor-widget elementor-widget-text-editor\" data-id=\"5687e99\" data-element_type=\"widget\" data-e-type=\"widget\" data-widget_type=\"text-editor.default\">\n\t\t\t\t<div class=\"elementor-widget-container\">\n\t\t\t\t\t\t\t\t\t<p><strong>Mat\u00e9riaux :<\/strong><\/p>\n<ul>\n<li>ZM 300-310<\/li>\n<li>Acier galvanis\u00e9<\/li>\n<li>Acier pr\u00e9laqu\u00e9<\/li>\n<li>HPS 200 Acier haute performance<\/li>\n<li>Acier inoxydable 304<\/li>\n<li>Acier inoxydable 316<\/li>\n<li>Polyester renforc\u00e9 de fibres<\/li>\n<li>Aluminium<\/li>\n<\/ul>\n\t\t\t\t\t\t\t\t<\/div>\n\t\t\t\t<\/div>\n\t\t\t\t<\/div>\n\t\t<div class=\"elementor-element elementor-element-07510ac e-con-full e-flex e-con e-child\" data-id=\"07510ac\" data-element_type=\"container\" data-e-type=\"container\">\n\t\t\t\t<div class=\"elementor-element elementor-element-227c82e elementor-widget elementor-widget-text-editor\" data-id=\"227c82e\" data-element_type=\"widget\" data-e-type=\"widget\" data-widget_type=\"text-editor.default\">\n\t\t\t\t<div class=\"elementor-widget-container\">\n\t\t\t\t\t\t\t\t\t<p><strong>Caract\u00e9ristiques techniques :<\/strong><\/p>\n<ul>\n<li><strong>Longueur<\/strong> en sections maximales jusqu&rsquo;\u00e0 3 m\u00e8tres.<\/li>\n<li><strong>Hauteur<\/strong> jusqu&rsquo;\u00e0 0,8 m\u00e8tre.<\/li>\n<li><strong>Poids du syst\u00e8me<\/strong> 6,5 kg\/m\u00e8tre.<\/li>\n<\/ul>\n\t\t\t\t\t\t\t\t<\/div>\n\t\t\t\t<\/div>\n\t\t\t\t<\/div>\n\t\t\t\t\t<\/div>\n\t\t\t\t<\/div>\n\t\t<div class=\"elementor-element elementor-element-dc00f17 e-flex e-con-boxed e-con e-parent\" data-id=\"dc00f17\" data-element_type=\"container\" data-e-type=\"container\">\n\t\t\t\t\t<div class=\"e-con-inner\">\n\t\t<div class=\"elementor-element elementor-element-7add5f5 e-flex e-con-boxed e-con e-child\" data-id=\"7add5f5\" data-element_type=\"container\" data-e-type=\"container\">\n\t\t\t\t\t<div class=\"e-con-inner\">\n\t\t\t\t<div class=\"elementor-element elementor-element-3b600d3 elementor-widget elementor-widget-image\" data-id=\"3b600d3\" data-element_type=\"widget\" data-e-type=\"widget\" data-widget_type=\"image.default\">\n\t\t\t\t<div class=\"elementor-widget-container\">\n\t\t\t\t\t\t\t\t\t\t\t\t\t\t\t\t<a href=\"https:\/\/www.capotex.com\/wp-content\/uploads\/2024\/03\/P-1_METAL-SHEET-French.pdf\" target=\"_blank\">\n\t\t\t\t\t\t\t<img decoding=\"async\" width=\"793\" height=\"560\" src=\"https:\/\/www.capotex.com\/wp-content\/uploads\/2024\/03\/P-1_Metal_Sheet_French.jpg\" class=\"attachment-full size-full wp-image-32451\" alt=\"Protections lat\u00e9rales pour Convoyeurs a Bande\" srcset=\"https:\/\/www.capotex.com\/wp-content\/uploads\/2024\/03\/P-1_Metal_Sheet_French.jpg 793w, https:\/\/www.capotex.com\/wp-content\/uploads\/2024\/03\/P-1_Metal_Sheet_French-300x212.jpg 300w, https:\/\/www.capotex.com\/wp-content\/uploads\/2024\/03\/P-1_Metal_Sheet_French-768x542.jpg 768w\" sizes=\"(max-width: 793px) 100vw, 793px\" \/>\t\t\t\t\t\t\t\t<\/a>\n\t\t\t\t\t\t\t\t\t\t\t\t\t\t\t<\/div>\n\t\t\t\t<\/div>\n\t\t\t\t<div class=\"elementor-element elementor-element-5e3e003 elementor-widget elementor-widget-text-editor\" data-id=\"5e3e003\" data-element_type=\"widget\" data-e-type=\"widget\" data-widget_type=\"text-editor.default\">\n\t\t\t\t<div class=\"elementor-widget-container\">\n\t\t\t\t\t\t\t\t\t<p style=\"text-align: center;\"><a href=\"https:\/\/www.capotex.com\/wp-content\/uploads\/2024\/03\/P-1_METAL-SHEET-French.pdf\" target=\"_blank\" rel=\"noopener\"><em>T\u00e9l\u00e9charger le plan de t\u00f4lerie P-1 en pdf<\/em><\/a><\/p>\t\t\t\t\t\t\t\t<\/div>\n\t\t\t\t<\/div>\n\t\t\t\t\t<\/div>\n\t\t\t\t<\/div>\n\t\t\t\t\t<\/div>\n\t\t\t\t<\/div>\n\t\t\t\t<\/div>\n\t\t","protected":false},"excerpt":{"rendered":"<p>Protections lat\u00e9rales pour Convoyeurs a Bande Protection en t\u00f4le de la bande de chargement du convoyeur avec vis autotaraudeuse (P1) Caract\u00e9ristiques : Ils veillent \u00e0 la coh\u00e9rence et \u00e0 la conformit\u00e9 des r\u00e9glementations. Gr\u00e2ce \u00e0 l&rsquo;innovation de leurs solutions personnalis\u00e9es, ils garantissent une installation correcte. Il s&rsquo;agit de l&rsquo;une des options de protection lat\u00e9rale sup\u00e9rieure [&hellip;]<\/p>\n","protected":false},"author":1,"featured_media":1592,"parent":26282,"menu_order":40,"comment_status":"closed","ping_status":"closed","template":"","meta":{"_joinchat":[],"footnotes":""},"tags":[62],"class_list":["post-26243","page","type-page","status-publish","has-post-thumbnail","hentry","tag-ceinture-de-charge"],"_links":{"self":[{"href":"https:\/\/www.capotex.com\/fr\/wp-json\/wp\/v2\/pages\/26243","targetHints":{"allow":["GET"]}}],"collection":[{"href":"https:\/\/www.capotex.com\/fr\/wp-json\/wp\/v2\/pages"}],"about":[{"href":"https:\/\/www.capotex.com\/fr\/wp-json\/wp\/v2\/types\/page"}],"author":[{"embeddable":true,"href":"https:\/\/www.capotex.com\/fr\/wp-json\/wp\/v2\/users\/1"}],"replies":[{"embeddable":true,"href":"https:\/\/www.capotex.com\/fr\/wp-json\/wp\/v2\/comments?post=26243"}],"version-history":[{"count":14,"href":"https:\/\/www.capotex.com\/fr\/wp-json\/wp\/v2\/pages\/26243\/revisions"}],"predecessor-version":[{"id":35003,"href":"https:\/\/www.capotex.com\/fr\/wp-json\/wp\/v2\/pages\/26243\/revisions\/35003"}],"up":[{"embeddable":true,"href":"https:\/\/www.capotex.com\/fr\/wp-json\/wp\/v2\/pages\/26282"}],"wp:featuredmedia":[{"embeddable":true,"href":"https:\/\/www.capotex.com\/fr\/wp-json\/wp\/v2\/media\/1592"}],"wp:attachment":[{"href":"https:\/\/www.capotex.com\/fr\/wp-json\/wp\/v2\/media?parent=26243"}],"wp:term":[{"taxonomy":"post_tag","embeddable":true,"href":"https:\/\/www.capotex.com\/fr\/wp-json\/wp\/v2\/tags?post=26243"}],"curies":[{"name":"wp","href":"https:\/\/api.w.org\/{rel}","templated":true}]}}