{"id":26253,"date":"2023-04-27T08:50:07","date_gmt":"2023-04-27T07:50:07","guid":{"rendered":"https:\/\/capotex.com\/couvertures-de-convoyeurs-a-bande\/"},"modified":"2025-01-15T09:43:13","modified_gmt":"2025-01-15T08:43:13","slug":"capots-de-convoyeurs-a-bande","status":"publish","type":"page","link":"https:\/\/www.capotex.com\/fr\/","title":{"rendered":"Couvertures de convoyeurs \u00e0 bande"},"content":{"rendered":"\t\t<div data-elementor-type=\"wp-page\" data-elementor-id=\"26253\" class=\"elementor elementor-26253 elementor-13\" data-elementor-post-type=\"page\">\n\t\t\t\t<div class=\"elementor-element elementor-element-a0d2300 e-flex e-con-boxed e-con e-parent\" data-id=\"a0d2300\" data-element_type=\"container\" data-e-type=\"container\">\n\t\t\t\t\t<div class=\"e-con-inner\">\n\t\t<div class=\"elementor-element elementor-element-4b97e4c e-flex e-con-boxed e-con e-child\" data-id=\"4b97e4c\" data-element_type=\"container\" data-e-type=\"container\">\n\t\t\t\t\t<div class=\"e-con-inner\">\n\t\t\t\t<div class=\"elementor-element elementor-element-e564c41 elementor-widget__width-inherit elementor-widget elementor-widget-image\" data-id=\"e564c41\" data-element_type=\"widget\" data-e-type=\"widget\" data-widget_type=\"image.default\">\n\t\t\t\t<div class=\"elementor-widget-container\">\n\t\t\t\t\t\t\t\t\t\t\t\t\t\t\t<img fetchpriority=\"high\" decoding=\"async\" width=\"1900\" height=\"1086\" src=\"https:\/\/www.capotex.com\/wp-content\/uploads\/2023\/04\/Conveyor-Belt-Covers-Zero-Emissions-Capotex.jpg\" class=\"attachment-full size-full wp-image-26\" alt=\"Conve\" srcset=\"https:\/\/www.capotex.com\/wp-content\/uploads\/2023\/04\/Conveyor-Belt-Covers-Zero-Emissions-Capotex.jpg 1900w, https:\/\/www.capotex.com\/wp-content\/uploads\/2023\/04\/Conveyor-Belt-Covers-Zero-Emissions-Capotex-300x171.jpg 300w, https:\/\/www.capotex.com\/wp-content\/uploads\/2023\/04\/Conveyor-Belt-Covers-Zero-Emissions-Capotex-1024x585.jpg 1024w, https:\/\/www.capotex.com\/wp-content\/uploads\/2023\/04\/Conveyor-Belt-Covers-Zero-Emissions-Capotex-768x439.jpg 768w, https:\/\/www.capotex.com\/wp-content\/uploads\/2023\/04\/Conveyor-Belt-Covers-Zero-Emissions-Capotex-1536x878.jpg 1536w\" sizes=\"(max-width: 1900px) 100vw, 1900px\" \/>\t\t\t\t\t\t\t\t\t\t\t\t\t\t\t<\/div>\n\t\t\t\t<\/div>\n\t\t\t\t\t<\/div>\n\t\t\t\t<\/div>\n\t\t\t\t\t<\/div>\n\t\t\t\t<\/div>\n\t\t<div class=\"elementor-element elementor-element-b62f179 e-flex e-con-boxed e-con e-parent\" data-id=\"b62f179\" data-element_type=\"container\" data-e-type=\"container\">\n\t\t\t\t\t<div class=\"e-con-inner\">\n\t\t\t\t<div class=\"elementor-element elementor-element-8db7171 elementor-headline--style-rotate elementor-hidden-mobile elementor-widget elementor-widget-animated-headline\" data-id=\"8db7171\" data-element_type=\"widget\" data-e-type=\"widget\" data-settings=\"{&quot;rotating_text&quot;:&quot;con\\u00e7ues\\nfabriqu\\u00e9es&quot;,&quot;headline_style&quot;:&quot;rotate&quot;,&quot;animation_type&quot;:&quot;drop-in&quot;,&quot;rotate_iteration_delay&quot;:1500,&quot;loop&quot;:&quot;yes&quot;}\" data-widget_type=\"animated-headline.default\">\n\t\t\t\t<div class=\"elementor-widget-container\">\n\t\t\t\t\t\t\t<h3 class=\"elementor-headline elementor-headline-animation-type-drop-in\">\n\t\t\t\t\t<span class=\"elementor-headline-plain-text elementor-headline-text-wrapper\">Capots<\/span>\n\t\t\t\t<span class=\"elementor-headline-dynamic-wrapper elementor-headline-text-wrapper\">\n\t\t\t\t\t<span class=\"elementor-headline-dynamic-text elementor-headline-text-active\">\n\t\t\t\tcon\u00e7ues\t\t\t<\/span>\n\t\t\t\t\t<span class=\"elementor-headline-dynamic-text\">\n\t\t\t\tfabriqu\u00e9es\t\t\t<\/span>\n\t\t\t\t\t\t<\/span>\n\t\t\t\t\t<span class=\"elementor-headline-plain-text elementor-headline-text-wrapper\"> pour chaque projet<\/span>\n\t\t\t\t\t<\/h3>\n\t\t\t\t\t\t<\/div>\n\t\t\t\t<\/div>\n\t\t\t\t<div class=\"elementor-element elementor-element-fbc6e08 elementor-hidden-desktop elementor-hidden-tablet elementor-widget elementor-widget-heading\" data-id=\"fbc6e08\" data-element_type=\"widget\" data-e-type=\"widget\" data-widget_type=\"heading.default\">\n\t\t\t\t<div class=\"elementor-widget-container\">\n\t\t\t\t\t<h2 class=\"elementor-heading-title elementor-size-default\">Capots con\u00e7us et fabriqu\u00e9s pour chaque projet<\/h2>\t\t\t\t<\/div>\n\t\t\t\t<\/div>\n\t\t\t\t\t<\/div>\n\t\t\t\t<\/div>\n\t\t<div class=\"elementor-element elementor-element-e1e1b49 e-flex e-con-boxed e-con e-parent\" data-id=\"e1e1b49\" data-element_type=\"container\" data-e-type=\"container\">\n\t\t\t\t\t<div class=\"e-con-inner\">\n\t\t<div class=\"elementor-element elementor-element-164d1c2 e-con-full e-flex e-con e-child\" data-id=\"164d1c2\" data-element_type=\"container\" data-e-type=\"container\">\n\t\t\t\t<div class=\"elementor-element elementor-element-6769c72 elementor-widget elementor-widget-heading\" data-id=\"6769c72\" data-element_type=\"widget\" data-e-type=\"widget\" data-widget_type=\"heading.default\">\n\t\t\t\t<div class=\"elementor-widget-container\">\n\t\t\t\t\t<h2 class=\"elementor-heading-title elementor-size-default\">Pourquoi Capotex ?<\/h2>\t\t\t\t<\/div>\n\t\t\t\t<\/div>\n\t\t\t\t<\/div>\n\t\t\t\t\t<\/div>\n\t\t\t\t<\/div>\n\t\t<div class=\"elementor-element elementor-element-4c37cad e-flex e-con-boxed e-con e-parent\" data-id=\"4c37cad\" data-element_type=\"container\" data-e-type=\"container\">\n\t\t\t\t\t<div class=\"e-con-inner\">\n\t\t<div class=\"elementor-element elementor-element-6f3755d e-con-full e-flex e-con e-child\" data-id=\"6f3755d\" data-element_type=\"container\" data-e-type=\"container\" data-settings=\"{&quot;background_background&quot;:&quot;classic&quot;}\">\n\t\t\t\t<div class=\"elementor-element elementor-element-2854ce1 elementor-widget elementor-widget-image\" data-id=\"2854ce1\" data-element_type=\"widget\" data-e-type=\"widget\" data-widget_type=\"image.default\">\n\t\t\t\t<div class=\"elementor-widget-container\">\n\t\t\t\t\t\t\t\t\t\t\t\t\t\t\t\t<a href=\"https:\/\/www.capotex.com\/fr\/produits\/\">\n\t\t\t\t\t\t\t<img decoding=\"async\" width=\"1024\" height=\"450\" src=\"https:\/\/www.capotex.com\/wp-content\/uploads\/2024\/04\/capots-pour-convoyeurs-a-bande-2.webp\" class=\"attachment-full size-full wp-image-32810\" alt=\"capots pour convoyeurs \u00e0 bande\" srcset=\"https:\/\/www.capotex.com\/wp-content\/uploads\/2024\/04\/capots-pour-convoyeurs-a-bande-2.webp 1024w, https:\/\/www.capotex.com\/wp-content\/uploads\/2024\/04\/capots-pour-convoyeurs-a-bande-2-300x132.webp 300w, https:\/\/www.capotex.com\/wp-content\/uploads\/2024\/04\/capots-pour-convoyeurs-a-bande-2-768x338.webp 768w\" sizes=\"(max-width: 1024px) 100vw, 1024px\" \/>\t\t\t\t\t\t\t\t<\/a>\n\t\t\t\t\t\t\t\t\t\t\t\t\t\t\t<\/div>\n\t\t\t\t<\/div>\n\t\t\t\t<div class=\"elementor-element elementor-element-d131552 elementor-widget elementor-widget-text-editor\" data-id=\"d131552\" data-element_type=\"widget\" data-e-type=\"widget\" data-widget_type=\"text-editor.default\">\n\t\t\t\t<div class=\"elementor-widget-container\">\n\t\t\t\t\t\t\t\t\t<p>Que faisons-nous?<\/p>\t\t\t\t\t\t\t\t<\/div>\n\t\t\t\t<\/div>\n\t\t\t\t<div class=\"elementor-element elementor-element-0f7b4fe elementor-widget elementor-widget-text-editor\" data-id=\"0f7b4fe\" data-element_type=\"widget\" data-e-type=\"widget\" data-widget_type=\"text-editor.default\">\n\t\t\t\t<div class=\"elementor-widget-container\">\n\t\t\t\t\t\t\t\t\t<p>Nous concevons et fabriquons des capots pour convoyeurs \u00e0 bande depuis 1993. Nous proposons la plus large gamme de mat\u00e9riaux, d&rsquo;accessoires et de solutions sur le march\u00e9.<\/p>\t\t\t\t\t\t\t\t<\/div>\n\t\t\t\t<\/div>\n\t\t\t\t<div class=\"elementor-element elementor-element-9837e08 elementor-align-center elementor-widget elementor-widget-button\" data-id=\"9837e08\" data-element_type=\"widget\" data-e-type=\"widget\" data-widget_type=\"button.default\">\n\t\t\t\t<div class=\"elementor-widget-container\">\n\t\t\t\t\t\t\t\t\t<div class=\"elementor-button-wrapper\">\n\t\t\t\t\t<a class=\"elementor-button elementor-button-link elementor-size-sm\" href=\"https:\/\/www.capotex.com\/fr\/produits\/\">\n\t\t\t\t\t\t<span class=\"elementor-button-content-wrapper\">\n\t\t\t\t\t\t\t\t\t<span class=\"elementor-button-text\">Lire plus<\/span>\n\t\t\t\t\t<\/span>\n\t\t\t\t\t<\/a>\n\t\t\t\t<\/div>\n\t\t\t\t\t\t\t\t<\/div>\n\t\t\t\t<\/div>\n\t\t\t\t<\/div>\n\t\t<div class=\"elementor-element elementor-element-65e5dde e-con-full e-flex e-con e-child\" data-id=\"65e5dde\" data-element_type=\"container\" data-e-type=\"container\" data-settings=\"{&quot;background_background&quot;:&quot;classic&quot;}\">\n\t\t\t\t<div class=\"elementor-element elementor-element-e6f5f23 elementor-widget elementor-widget-image\" data-id=\"e6f5f23\" data-element_type=\"widget\" data-e-type=\"widget\" data-widget_type=\"image.default\">\n\t\t\t\t<div class=\"elementor-widget-container\">\n\t\t\t\t\t\t\t\t\t\t\t\t\t\t\t\t<a href=\"https:\/\/www.capotex.com\/fr\/pourquoi-les-bandes-transporteuses-doivent-elles-etre-couvertes\/\">\n\t\t\t\t\t\t\t<img decoding=\"async\" width=\"800\" height=\"533\" src=\"https:\/\/www.capotex.com\/wp-content\/uploads\/2024\/04\/capots-pour-convoyeurs-a-bande-compagnie.webp\" class=\"attachment-full size-full wp-image-32814\" alt=\"\" srcset=\"https:\/\/www.capotex.com\/wp-content\/uploads\/2024\/04\/capots-pour-convoyeurs-a-bande-compagnie.webp 800w, https:\/\/www.capotex.com\/wp-content\/uploads\/2024\/04\/capots-pour-convoyeurs-a-bande-compagnie-300x200.webp 300w, https:\/\/www.capotex.com\/wp-content\/uploads\/2024\/04\/capots-pour-convoyeurs-a-bande-compagnie-768x512.webp 768w\" sizes=\"(max-width: 800px) 100vw, 800px\" \/>\t\t\t\t\t\t\t\t<\/a>\n\t\t\t\t\t\t\t\t\t\t\t\t\t\t\t<\/div>\n\t\t\t\t<\/div>\n\t\t\t\t<div class=\"elementor-element elementor-element-96fe002 elementor-widget elementor-widget-text-editor\" data-id=\"96fe002\" data-element_type=\"widget\" data-e-type=\"widget\" data-widget_type=\"text-editor.default\">\n\t\t\t\t<div class=\"elementor-widget-container\">\n\t\t\t\t\t\t\t\t\t<p>Pourquoi couvrir?<\/p>\t\t\t\t\t\t\t\t<\/div>\n\t\t\t\t<\/div>\n\t\t\t\t<div class=\"elementor-element elementor-element-9397d5c elementor-widget elementor-widget-text-editor\" data-id=\"9397d5c\" data-element_type=\"widget\" data-e-type=\"widget\" data-widget_type=\"text-editor.default\">\n\t\t\t\t<div class=\"elementor-widget-container\">\n\t\t\t\t\t\t\t\t\t<p>Capoter les convoyeurs \u00e0 bande permet de r\u00e9duire l&rsquo;impact sur l&rsquo;environnement, les accidents du travail et de prot\u00e9ger les \u00e9quipements et les mat\u00e9riaux.<br \/><br \/><\/p>\t\t\t\t\t\t\t\t<\/div>\n\t\t\t\t<\/div>\n\t\t\t\t<div class=\"elementor-element elementor-element-98ed1ba elementor-align-center elementor-widget elementor-widget-button\" data-id=\"98ed1ba\" data-element_type=\"widget\" data-e-type=\"widget\" data-widget_type=\"button.default\">\n\t\t\t\t<div class=\"elementor-widget-container\">\n\t\t\t\t\t\t\t\t\t<div class=\"elementor-button-wrapper\">\n\t\t\t\t\t<a class=\"elementor-button elementor-button-link elementor-size-sm\" href=\"https:\/\/www.capotex.com\/fr\/pourquoi-les-bandes-transporteuses-doivent-elles-etre-couvertes\/\">\n\t\t\t\t\t\t<span class=\"elementor-button-content-wrapper\">\n\t\t\t\t\t\t\t\t\t<span class=\"elementor-button-text\">Lire plus<\/span>\n\t\t\t\t\t<\/span>\n\t\t\t\t\t<\/a>\n\t\t\t\t<\/div>\n\t\t\t\t\t\t\t\t<\/div>\n\t\t\t\t<\/div>\n\t\t\t\t<\/div>\n\t\t<div class=\"elementor-element elementor-element-1028b23 e-con-full e-flex e-con e-child\" data-id=\"1028b23\" data-element_type=\"container\" data-e-type=\"container\" data-settings=\"{&quot;background_background&quot;:&quot;classic&quot;}\">\n\t\t\t\t<div class=\"elementor-element elementor-element-d44782b elementor-widget elementor-widget-image\" data-id=\"d44782b\" data-element_type=\"widget\" data-e-type=\"widget\" data-widget_type=\"image.default\">\n\t\t\t\t<div class=\"elementor-widget-container\">\n\t\t\t\t\t\t\t\t\t\t\t\t\t\t\t\t<a href=\"https:\/\/www.capotex.com\/fr\/pour-une-planete-plus-propre\/\">\n\t\t\t\t\t\t\t<img loading=\"lazy\" decoding=\"async\" width=\"750\" height=\"518\" src=\"https:\/\/www.capotex.com\/wp-content\/uploads\/2024\/04\/photographie-naturelle.jpg\" class=\"attachment-full size-full wp-image-32818\" alt=\"photographie naturelle\" srcset=\"https:\/\/www.capotex.com\/wp-content\/uploads\/2024\/04\/photographie-naturelle.jpg 750w, https:\/\/www.capotex.com\/wp-content\/uploads\/2024\/04\/photographie-naturelle-300x207.jpg 300w\" sizes=\"(max-width: 750px) 100vw, 750px\" \/>\t\t\t\t\t\t\t\t<\/a>\n\t\t\t\t\t\t\t\t\t\t\t\t\t\t\t<\/div>\n\t\t\t\t<\/div>\n\t\t\t\t<div class=\"elementor-element elementor-element-4901571 elementor-widget elementor-widget-text-editor\" data-id=\"4901571\" data-element_type=\"widget\" data-e-type=\"widget\" data-widget_type=\"text-editor.default\">\n\t\t\t\t<div class=\"elementor-widget-container\">\n\t\t\t\t\t\t\t\t\t<p>Pour une plan\u00e8te plus propre<\/p>\t\t\t\t\t\t\t\t<\/div>\n\t\t\t\t<\/div>\n\t\t\t\t<div class=\"elementor-element elementor-element-57badf9 elementor-widget elementor-widget-text-editor\" data-id=\"57badf9\" data-element_type=\"widget\" data-e-type=\"widget\" data-widget_type=\"text-editor.default\">\n\t\t\t\t<div class=\"elementor-widget-container\">\n\t\t\t\t\t\t\t\t\t<p>La couverture des convoyeurs \u00e0 bande emp\u00eache l&rsquo;\u00e9mission de poussi\u00e8res. Des couvertures durables pour une plan\u00e8te plus propre.<br \/><br \/><\/p>\t\t\t\t\t\t\t\t<\/div>\n\t\t\t\t<\/div>\n\t\t\t\t<div class=\"elementor-element elementor-element-6d2eace elementor-align-center elementor-widget elementor-widget-button\" data-id=\"6d2eace\" data-element_type=\"widget\" data-e-type=\"widget\" data-widget_type=\"button.default\">\n\t\t\t\t<div class=\"elementor-widget-container\">\n\t\t\t\t\t\t\t\t\t<div class=\"elementor-button-wrapper\">\n\t\t\t\t\t<a class=\"elementor-button elementor-button-link elementor-size-sm\" href=\"https:\/\/www.capotex.com\/fr\/pour-une-planete-plus-propre\/\">\n\t\t\t\t\t\t<span class=\"elementor-button-content-wrapper\">\n\t\t\t\t\t\t\t\t\t<span class=\"elementor-button-text\">Lire plus<\/span>\n\t\t\t\t\t<\/span>\n\t\t\t\t\t<\/a>\n\t\t\t\t<\/div>\n\t\t\t\t\t\t\t\t<\/div>\n\t\t\t\t<\/div>\n\t\t\t\t<\/div>\n\t\t\t\t\t<\/div>\n\t\t\t\t<\/div>\n\t\t<div class=\"elementor-element elementor-element-f95b870 e-flex e-con-boxed e-con e-parent\" data-id=\"f95b870\" data-element_type=\"container\" data-e-type=\"container\">\n\t\t\t\t\t<div class=\"e-con-inner\">\n\t\t\t\t<div class=\"elementor-element elementor-element-1884bca elementor-widget elementor-widget-heading\" data-id=\"1884bca\" data-element_type=\"widget\" data-e-type=\"widget\" data-widget_type=\"heading.default\">\n\t\t\t\t<div class=\"elementor-widget-container\">\n\t\t\t\t\t<h2 class=\"elementor-heading-title elementor-size-default\">Derni\u00e8res \u00e9tapes<\/h2>\t\t\t\t<\/div>\n\t\t\t\t<\/div>\n\t\t\t\t\t<\/div>\n\t\t\t\t<\/div>\n\t\t<div class=\"elementor-element elementor-element-c18fb78 e-flex e-con-boxed e-con e-parent\" data-id=\"c18fb78\" data-element_type=\"container\" data-e-type=\"container\">\n\t\t\t\t\t<div class=\"e-con-inner\">\n\t\t<div class=\"elementor-element elementor-element-ad63ae6 e-con-full e-flex e-con e-child\" data-id=\"ad63ae6\" data-element_type=\"container\" data-e-type=\"container\">\n\t\t\t\t<div class=\"elementor-element elementor-element-fe83212 elementor-cta--skin-classic elementor-animated-content elementor-bg-transform elementor-bg-transform-zoom-in elementor-widget elementor-widget-call-to-action\" data-id=\"fe83212\" data-element_type=\"widget\" data-e-type=\"widget\" data-widget_type=\"call-to-action.default\">\n\t\t\t\t<div class=\"elementor-widget-container\">\n\t\t\t\t\t\t\t<div class=\"elementor-cta\">\n\t\t\t\t\t<div class=\"elementor-cta__bg-wrapper\">\n\t\t\t\t<div class=\"elementor-cta__bg elementor-bg\" style=\"background-image: url(https:\/\/www.capotex.com\/wp-content\/uploads\/2023\/07\/Brazil.svg);\" role=\"img\" aria-label=\"Brazil\"><\/div>\n\t\t\t\t<div class=\"elementor-cta__bg-overlay\"><\/div>\n\t\t\t<\/div>\n\t\t\t\t\t\t\t<div class=\"elementor-cta__content\">\n\t\t\t\t\n\t\t\t\t\n\t\t\t\t\t\t\t\t\t<div class=\"elementor-cta__description elementor-cta__content-item elementor-content-item\">\n\t\t\t\t\t\t<p>Nous avons livr\u00e9 notre plus grand projet au Br\u00e9sil, qui consistait \u00e0 couvrir plus de 6,5 kilom\u00e8tres \u00e0 l'aide de notre mod\u00e8le <a href=\"https:\/\/www.capotex.com\/fr\/produits\/modeles-standard\/madrid\/\">Madrid<\/a> <a href=\"https:\/\/www.capotex.com\/fr\/produits\/formes-de-courbure\/\">Classic<\/a> en <a href=\"https:\/\/www.capotex.com\/fr\/produits\/materiaux\/\">ZM300<\/a>.<\/p>\n<p><\/p>\n\t\t\t\t\t<\/div>\n\t\t\t\t\n\t\t\t\t\t\t\t<\/div>\n\t\t\t\t\t\t<\/div>\n\t\t\t\t\t\t<\/div>\n\t\t\t\t<\/div>\n\t\t\t\t<\/div>\n\t\t<div class=\"elementor-element elementor-element-8be1c7b e-con-full e-flex e-con e-child\" data-id=\"8be1c7b\" data-element_type=\"container\" data-e-type=\"container\">\n\t\t\t\t<div class=\"elementor-element elementor-element-7cf515a elementor-cta--skin-classic elementor-animated-content elementor-bg-transform elementor-bg-transform-zoom-in elementor-widget elementor-widget-call-to-action\" data-id=\"7cf515a\" data-element_type=\"widget\" data-e-type=\"widget\" data-widget_type=\"call-to-action.default\">\n\t\t\t\t<div class=\"elementor-widget-container\">\n\t\t\t\t\t\t\t<div class=\"elementor-cta\">\n\t\t\t\t\t<div class=\"elementor-cta__bg-wrapper\">\n\t\t\t\t<div class=\"elementor-cta__bg elementor-bg\" style=\"background-image: url(https:\/\/www.capotex.com\/wp-content\/uploads\/2023\/07\/USA.svg);\" role=\"img\" aria-label=\"USA\"><\/div>\n\t\t\t\t<div class=\"elementor-cta__bg-overlay\"><\/div>\n\t\t\t<\/div>\n\t\t\t\t\t\t\t<div class=\"elementor-cta__content\">\n\t\t\t\t\n\t\t\t\t\n\t\t\t\t\t\t\t\t\t<div class=\"elementor-cta__description elementor-cta__content-item elementor-content-item\">\n\t\t\t\t\t\t<p>En 2024, nous avons livr\u00e9 notre plus grand projet dans l'histoire de Capotex. Il se d\u00e9roulait aux \u00c9tats-Unis et nous avons fourni plus de 100 kilom\u00e8tres d'\u00e9lectricit\u00e9. de notre mod\u00e8le <a href=\"https:\/\/www.capotex.com\/fr\/produits\/modeles-standard\/capoarc\/\">Capoarc<\/a> en <a href=\"https:\/\/www.capotex.com\/fr\/produits\/materiaux\/\">acier galvanis\u00e9<\/a>.<\/p>\n\t\t\t\t\t<\/div>\n\t\t\t\t\n\t\t\t\t\t\t\t<\/div>\n\t\t\t\t\t\t<\/div>\n\t\t\t\t\t\t<\/div>\n\t\t\t\t<\/div>\n\t\t\t\t<\/div>\n\t\t<div class=\"elementor-element elementor-element-d01a90d e-con-full e-flex e-con e-child\" data-id=\"d01a90d\" data-element_type=\"container\" data-e-type=\"container\">\n\t\t\t\t<div class=\"elementor-element elementor-element-e3f2745 elementor-cta--skin-classic elementor-animated-content elementor-bg-transform elementor-bg-transform-zoom-in elementor-widget elementor-widget-call-to-action\" data-id=\"e3f2745\" data-element_type=\"widget\" data-e-type=\"widget\" data-widget_type=\"call-to-action.default\">\n\t\t\t\t<div class=\"elementor-widget-container\">\n\t\t\t\t\t\t\t<div class=\"elementor-cta\">\n\t\t\t\t\t<div class=\"elementor-cta__bg-wrapper\">\n\t\t\t\t<div class=\"elementor-cta__bg elementor-bg\" style=\"background-image: url(https:\/\/www.capotex.com\/wp-content\/uploads\/2023\/07\/solar-panels.png);\" role=\"img\" aria-label=\"solar-panels\"><\/div>\n\t\t\t\t<div class=\"elementor-cta__bg-overlay\"><\/div>\n\t\t\t<\/div>\n\t\t\t\t\t\t\t<div class=\"elementor-cta__content\">\n\t\t\t\t\n\t\t\t\t\n\t\t\t\t\t\t\t\t\t<div class=\"elementor-cta__description elementor-cta__content-item elementor-content-item\">\n\t\t\t\t\t\t<p>Engag\u00e9s en faveur de l'environnement, nous venons d'installer l'\u00e9nergie solaire dans notre usine de Valladolid, ce qui r\u00e9duira consid\u00e9rablement les \u00e9missions de carbone.<\/p>\n\t\t\t\t\t<\/div>\n\t\t\t\t\n\t\t\t\t\t\t\t<\/div>\n\t\t\t\t\t\t<\/div>\n\t\t\t\t\t\t<\/div>\n\t\t\t\t<\/div>\n\t\t\t\t<\/div>\n\t\t\t\t\t<\/div>\n\t\t\t\t<\/div>\n\t\t<div class=\"elementor-element elementor-element-d2d7012 e-flex e-con-boxed e-con e-parent\" data-id=\"d2d7012\" data-element_type=\"container\" data-e-type=\"container\">\n\t\t\t\t\t<div class=\"e-con-inner\">\n\t\t<div class=\"elementor-element elementor-element-9c690c8 e-con-full e-flex e-con e-child\" data-id=\"9c690c8\" data-element_type=\"container\" data-e-type=\"container\">\n\t\t\t\t<div class=\"elementor-element elementor-element-352c006 elementor-widget elementor-widget-image\" data-id=\"352c006\" data-element_type=\"widget\" data-e-type=\"widget\" data-widget_type=\"image.default\">\n\t\t\t\t<div class=\"elementor-widget-container\">\n\t\t\t\t\t\t\t\t\t\t\t\t\t\t\t<img loading=\"lazy\" decoding=\"async\" width=\"960\" height=\"542\" src=\"https:\/\/www.capotex.com\/wp-content\/uploads\/2024\/04\/Capots-pour-convoyeurs-a-bande-1.webp\" class=\"attachment-full size-full wp-image-32642\" alt=\"\" srcset=\"https:\/\/www.capotex.com\/wp-content\/uploads\/2024\/04\/Capots-pour-convoyeurs-a-bande-1.webp 960w, https:\/\/www.capotex.com\/wp-content\/uploads\/2024\/04\/Capots-pour-convoyeurs-a-bande-1-300x169.webp 300w, https:\/\/www.capotex.com\/wp-content\/uploads\/2024\/04\/Capots-pour-convoyeurs-a-bande-1-768x434.webp 768w\" sizes=\"(max-width: 960px) 100vw, 960px\" \/>\t\t\t\t\t\t\t\t\t\t\t\t\t\t\t<\/div>\n\t\t\t\t<\/div>\n\t\t\t\t<\/div>\n\t\t<div class=\"elementor-element elementor-element-72129de e-con-full e-flex e-con e-child\" data-id=\"72129de\" data-element_type=\"container\" data-e-type=\"container\">\n\t\t\t\t<div class=\"elementor-element elementor-element-aa65b0c elementor-widget elementor-widget-heading\" data-id=\"aa65b0c\" data-element_type=\"widget\" data-e-type=\"widget\" data-widget_type=\"heading.default\">\n\t\t\t\t<div class=\"elementor-widget-container\">\n\t\t\t\t\t<h2 class=\"elementor-heading-title elementor-size-default\">Capots pour convoyeurs \u00e0 bande.\nProtection les personnes et l'environnement.<\/h2>\t\t\t\t<\/div>\n\t\t\t\t<\/div>\n\t\t\t\t<div class=\"elementor-element elementor-element-8b2c754 elementor-widget elementor-widget-text-editor\" data-id=\"8b2c754\" data-element_type=\"widget\" data-e-type=\"widget\" data-widget_type=\"text-editor.default\">\n\t\t\t\t<div class=\"elementor-widget-container\">\n\t\t\t\t\t\t\t\t\t<p>Notre exp\u00e9rience, nos comp\u00e9tences en ing\u00e9nierie de pointe et nos capacit\u00e9s de fabrication ont \u00e9t\u00e9 des facteurs cl\u00e9s dans la r\u00e9alisation des projets les plus difficiles.<\/p>\n\t\t\t\t\t\t\t\t<\/div>\n\t\t\t\t<\/div>\n\t\t\t\t<\/div>\n\t\t\t\t\t<\/div>\n\t\t\t\t<\/div>\n\t\t\t\t<\/div>\n\t\t","protected":false},"excerpt":{"rendered":"<p>Capots con\u00e7ues fabriqu\u00e9es pour chaque projet Capots con\u00e7us et fabriqu\u00e9s pour chaque projet Pourquoi Capotex ? Que faisons-nous? Nous concevons et fabriquons des capots pour convoyeurs \u00e0 bande depuis 1993. Nous proposons la plus large gamme de mat\u00e9riaux, d&rsquo;accessoires et de solutions sur le march\u00e9. Lire plus Pourquoi couvrir? Capoter les convoyeurs \u00e0 bande permet [&hellip;]<\/p>\n","protected":false},"author":1,"featured_media":0,"parent":0,"menu_order":0,"comment_status":"closed","ping_status":"closed","template":"elementor_header_footer","meta":{"_joinchat":[],"footnotes":""},"tags":[],"class_list":["post-26253","page","type-page","status-publish","hentry"],"_links":{"self":[{"href":"https:\/\/www.capotex.com\/fr\/wp-json\/wp\/v2\/pages\/26253","targetHints":{"allow":["GET"]}}],"collection":[{"href":"https:\/\/www.capotex.com\/fr\/wp-json\/wp\/v2\/pages"}],"about":[{"href":"https:\/\/www.capotex.com\/fr\/wp-json\/wp\/v2\/types\/page"}],"author":[{"embeddable":true,"href":"https:\/\/www.capotex.com\/fr\/wp-json\/wp\/v2\/users\/1"}],"replies":[{"embeddable":true,"href":"https:\/\/www.capotex.com\/fr\/wp-json\/wp\/v2\/comments?post=26253"}],"version-history":[{"count":106,"href":"https:\/\/www.capotex.com\/fr\/wp-json\/wp\/v2\/pages\/26253\/revisions"}],"predecessor-version":[{"id":36839,"href":"https:\/\/www.capotex.com\/fr\/wp-json\/wp\/v2\/pages\/26253\/revisions\/36839"}],"wp:attachment":[{"href":"https:\/\/www.capotex.com\/fr\/wp-json\/wp\/v2\/media?parent=26253"}],"wp:term":[{"taxonomy":"post_tag","embeddable":true,"href":"https:\/\/www.capotex.com\/fr\/wp-json\/wp\/v2\/tags?post=26253"}],"curies":[{"name":"wp","href":"https:\/\/api.w.org\/{rel}","templated":true}]}}