{"id":26263,"date":"2023-05-09T08:46:39","date_gmt":"2023-05-09T07:46:39","guid":{"rendered":"https:\/\/capotex.com\/a-propos-de-nous\/"},"modified":"2024-03-25T10:10:12","modified_gmt":"2024-03-25T09:10:12","slug":"a-propos-de-nous","status":"publish","type":"page","link":"https:\/\/www.capotex.com\/fr\/a-propos-de-nous\/","title":{"rendered":"A propos de nous"},"content":{"rendered":"\t\t<div data-elementor-type=\"wp-page\" data-elementor-id=\"26263\" class=\"elementor elementor-26263 elementor-710\" data-elementor-post-type=\"page\">\n\t\t\t\t<div class=\"elementor-element elementor-element-cf08b12 e-flex e-con-boxed e-con e-parent\" data-id=\"cf08b12\" data-element_type=\"container\" data-e-type=\"container\">\n\t\t\t\t\t<div class=\"e-con-inner\">\n\t\t\t\t<div class=\"elementor-element elementor-element-df99641 elementor-widget elementor-widget-heading\" data-id=\"df99641\" data-element_type=\"widget\" data-e-type=\"widget\" data-widget_type=\"heading.default\">\n\t\t\t\t<div class=\"elementor-widget-container\">\n\t\t\t\t\t<h2 class=\"elementor-heading-title elementor-size-default\">\u00c0 propos de nous<\/h2>\t\t\t\t<\/div>\n\t\t\t\t<\/div>\n\t\t\t\t\t<\/div>\n\t\t\t\t<\/div>\n\t\t<div class=\"elementor-element elementor-element-fc2b1da e-flex e-con-boxed e-con e-parent\" data-id=\"fc2b1da\" data-element_type=\"container\" data-e-type=\"container\">\n\t\t\t\t\t<div class=\"e-con-inner\">\n\t\t\t\t<div class=\"elementor-element elementor-element-5b231cc elementor-widget elementor-widget-video\" data-id=\"5b231cc\" data-element_type=\"widget\" data-e-type=\"widget\" data-settings=\"{&quot;youtube_url&quot;:&quot;https:\\\/\\\/youtu.be\\\/4zgl70OJuJg&quot;,&quot;mute&quot;:&quot;yes&quot;,&quot;video_type&quot;:&quot;youtube&quot;,&quot;controls&quot;:&quot;yes&quot;}\" data-widget_type=\"video.default\">\n\t\t\t\t<div class=\"elementor-widget-container\">\n\t\t\t\t\t\t\t<div class=\"elementor-wrapper elementor-open-inline\">\n\t\t\t<div class=\"elementor-video\"><\/div>\t\t<\/div>\n\t\t\t\t\t\t<\/div>\n\t\t\t\t<\/div>\n\t\t\t\t\t<\/div>\n\t\t\t\t<\/div>\n\t\t<div class=\"elementor-element elementor-element-21b2a92 e-flex e-con-boxed e-con e-parent\" data-id=\"21b2a92\" data-element_type=\"container\" data-e-type=\"container\">\n\t\t\t\t\t<div class=\"e-con-inner\">\n\t\t<div class=\"elementor-element elementor-element-4327a21 e-con-full e-flex e-con e-child\" data-id=\"4327a21\" data-element_type=\"container\" data-e-type=\"container\">\n\t\t\t\t<div class=\"elementor-element elementor-element-e26b2c9 elementor-widget elementor-widget-image\" data-id=\"e26b2c9\" data-element_type=\"widget\" data-e-type=\"widget\" data-widget_type=\"image.default\">\n\t\t\t\t<div class=\"elementor-widget-container\">\n\t\t\t\t\t\t\t\t\t\t\t\t\t\t\t<img fetchpriority=\"high\" decoding=\"async\" width=\"480\" height=\"271\" src=\"https:\/\/www.capotex.com\/wp-content\/uploads\/2023\/05\/Capotex-factory-at-Olmedo-Valladolid-Spain.webp\" class=\"attachment-full size-full wp-image-2470\" alt=\"Capotex factory at Olmedo, Valladolid, Spain\" srcset=\"https:\/\/www.capotex.com\/wp-content\/uploads\/2023\/05\/Capotex-factory-at-Olmedo-Valladolid-Spain.webp 480w, https:\/\/www.capotex.com\/wp-content\/uploads\/2023\/05\/Capotex-factory-at-Olmedo-Valladolid-Spain-300x169.webp 300w\" sizes=\"(max-width: 480px) 100vw, 480px\" \/>\t\t\t\t\t\t\t\t\t\t\t\t\t\t\t<\/div>\n\t\t\t\t<\/div>\n\t\t\t\t<\/div>\n\t\t<div class=\"elementor-element elementor-element-45938c4 e-con-full e-flex e-con e-child\" data-id=\"45938c4\" data-element_type=\"container\" data-e-type=\"container\">\n\t\t\t\t<div class=\"elementor-element elementor-element-8e41dd7 elementor-widget elementor-widget-heading\" data-id=\"8e41dd7\" data-element_type=\"widget\" data-e-type=\"widget\" data-widget_type=\"heading.default\">\n\t\t\t\t<div class=\"elementor-widget-container\">\n\t\t\t\t\t<h2 class=\"elementor-heading-title elementor-size-default\">L'histoire<\/h2>\t\t\t\t<\/div>\n\t\t\t\t<\/div>\n\t\t\t\t<div class=\"elementor-element elementor-element-d0e075b elementor-widget elementor-widget-text-editor\" data-id=\"d0e075b\" data-element_type=\"widget\" data-e-type=\"widget\" data-widget_type=\"text-editor.default\">\n\t\t\t\t<div class=\"elementor-widget-container\">\n\t\t\t\t\t\t\t\t\t<p>Depuis 1993, Capotex est la premi\u00e8re entreprise \u00e0 couvrir les convoyeurs \u00e0 bande. Nous concevons, fabriquons et commercialisons des rev\u00eatements de bandes transporteuses dans le monde entier.<\/p>\n<p>Nous sommes sp\u00e9cialis\u00e9s dans les rev\u00eatements pour bandes transporteuses. Nous travaillons avec les principales soci\u00e9t\u00e9s mini\u00e8res et d&rsquo;ing\u00e9nierie dans le monde entier, en d\u00e9veloppant des solutions personnalis\u00e9es pour chaque besoin. Nos couvertures r\u00e9duisent l&rsquo;impact sur l&rsquo;environnement dans le monde entier.<\/p>\n\t\t\t\t\t\t\t\t<\/div>\n\t\t\t\t<\/div>\n\t\t\t\t<\/div>\n\t\t\t\t\t<\/div>\n\t\t\t\t<\/div>\n\t\t<div class=\"elementor-element elementor-element-2d03d4d e-flex e-con-boxed e-con e-parent\" data-id=\"2d03d4d\" data-element_type=\"container\" data-e-type=\"container\">\n\t\t\t\t\t<div class=\"e-con-inner\">\n\t\t<div class=\"elementor-element elementor-element-e4bbfe4 e-con-full e-flex e-con e-child\" data-id=\"e4bbfe4\" data-element_type=\"container\" data-e-type=\"container\">\n\t\t\t\t<div class=\"elementor-element elementor-element-35e389f elementor-widget elementor-widget-image\" data-id=\"35e389f\" data-element_type=\"widget\" data-e-type=\"widget\" data-widget_type=\"image.default\">\n\t\t\t\t<div class=\"elementor-widget-container\">\n\t\t\t\t\t\t\t\t\t\t\t\t\t\t\t<img decoding=\"async\" width=\"750\" height=\"500\" src=\"https:\/\/www.capotex.com\/wp-content\/uploads\/2024\/03\/Beau-Rivage-tubbo-outdoor-bubble-dome-winter-terrace-hospitality-business-restaurant-hotel-bar-bw.jpg\" class=\"attachment-full size-full wp-image-32242\" alt=\"\" srcset=\"https:\/\/www.capotex.com\/wp-content\/uploads\/2024\/03\/Beau-Rivage-tubbo-outdoor-bubble-dome-winter-terrace-hospitality-business-restaurant-hotel-bar-bw.jpg 750w, https:\/\/www.capotex.com\/wp-content\/uploads\/2024\/03\/Beau-Rivage-tubbo-outdoor-bubble-dome-winter-terrace-hospitality-business-restaurant-hotel-bar-bw-300x200.jpg 300w\" sizes=\"(max-width: 750px) 100vw, 750px\" \/>\t\t\t\t\t\t\t\t\t\t\t\t\t\t\t<\/div>\n\t\t\t\t<\/div>\n\t\t\t\t<\/div>\n\t\t<div class=\"elementor-element elementor-element-2c5bdbf e-con-full e-flex e-con e-child\" data-id=\"2c5bdbf\" data-element_type=\"container\" data-e-type=\"container\">\n\t\t\t\t<div class=\"elementor-element elementor-element-c80d13a elementor-widget elementor-widget-heading\" data-id=\"c80d13a\" data-element_type=\"widget\" data-e-type=\"widget\" data-widget_type=\"heading.default\">\n\t\t\t\t<div class=\"elementor-widget-container\">\n\t\t\t\t\t<h2 class=\"elementor-heading-title elementor-size-default\">L'innovation<\/h2>\t\t\t\t<\/div>\n\t\t\t\t<\/div>\n\t\t\t\t<div class=\"elementor-element elementor-element-30e381a elementor-widget elementor-widget-text-editor\" data-id=\"30e381a\" data-element_type=\"widget\" data-e-type=\"widget\" data-widget_type=\"text-editor.default\">\n\t\t\t\t<div class=\"elementor-widget-container\">\n\t\t\t\t\t\t\t\t\t<p>Nous d\u00e9veloppons, concevons et fabriquons diff\u00e9rents types de couvertures pour les conditions et les march\u00e9s les plus vari\u00e9s, faisant de l&rsquo;innovation l&rsquo;une de nos principales valeurs pour nos clients.<\/p>\n<p>Le d\u00e9veloppement de mat\u00e9riaux, de conceptions et d&rsquo;\u00e9l\u00e9ments auxiliaires, dont certains sont essentiels, tels que des fixations plus efficaces, des profils non coupants, des fen\u00eatres et des trappes pour l&rsquo;acc\u00e8s aux bandes et aux rouleaux, nous a permis de devenir et de rester le choix privil\u00e9gi\u00e9 des soci\u00e9t\u00e9s d&rsquo;ing\u00e9nierie qui con\u00e7oivent des rev\u00eatements de bandes transporteuses industrielles.<\/p>\n\t\t\t\t\t\t\t\t<\/div>\n\t\t\t\t<\/div>\n\t\t\t\t<\/div>\n\t\t\t\t\t<\/div>\n\t\t\t\t<\/div>\n\t\t\t\t<\/div>\n\t\t","protected":false},"excerpt":{"rendered":"<p>\u00c0 propos de nous L&rsquo;histoire Depuis 1993, Capotex est la premi\u00e8re entreprise \u00e0 couvrir les convoyeurs \u00e0 bande. Nous concevons, fabriquons et commercialisons des rev\u00eatements de bandes transporteuses dans le monde entier. Nous sommes sp\u00e9cialis\u00e9s dans les rev\u00eatements pour bandes transporteuses. Nous travaillons avec les principales soci\u00e9t\u00e9s mini\u00e8res et d&rsquo;ing\u00e9nierie dans le monde entier, en [&hellip;]<\/p>\n","protected":false},"author":1,"featured_media":0,"parent":0,"menu_order":0,"comment_status":"closed","ping_status":"closed","template":"","meta":{"_joinchat":[],"footnotes":""},"tags":[],"class_list":["post-26263","page","type-page","status-publish","hentry"],"_links":{"self":[{"href":"https:\/\/www.capotex.com\/fr\/wp-json\/wp\/v2\/pages\/26263","targetHints":{"allow":["GET"]}}],"collection":[{"href":"https:\/\/www.capotex.com\/fr\/wp-json\/wp\/v2\/pages"}],"about":[{"href":"https:\/\/www.capotex.com\/fr\/wp-json\/wp\/v2\/types\/page"}],"author":[{"embeddable":true,"href":"https:\/\/www.capotex.com\/fr\/wp-json\/wp\/v2\/users\/1"}],"replies":[{"embeddable":true,"href":"https:\/\/www.capotex.com\/fr\/wp-json\/wp\/v2\/comments?post=26263"}],"version-history":[{"count":10,"href":"https:\/\/www.capotex.com\/fr\/wp-json\/wp\/v2\/pages\/26263\/revisions"}],"predecessor-version":[{"id":32250,"href":"https:\/\/www.capotex.com\/fr\/wp-json\/wp\/v2\/pages\/26263\/revisions\/32250"}],"wp:attachment":[{"href":"https:\/\/www.capotex.com\/fr\/wp-json\/wp\/v2\/media?parent=26263"}],"wp:term":[{"taxonomy":"post_tag","embeddable":true,"href":"https:\/\/www.capotex.com\/fr\/wp-json\/wp\/v2\/tags?post=26263"}],"curies":[{"name":"wp","href":"https:\/\/api.w.org\/{rel}","templated":true}]}}