{"id":26286,"date":"2023-05-16T14:18:38","date_gmt":"2023-05-16T13:18:38","guid":{"rendered":"https:\/\/capotex.com\/produits\/protections-laterales-du-convoyeur\/feuille-avec-vis-autotaraudeuse\/"},"modified":"2024-07-11T08:43:54","modified_gmt":"2024-07-11T07:43:54","slug":"protections-laterales-pour-convoyeurs-transporteuses","status":"publish","type":"page","link":"https:\/\/www.capotex.com\/fr\/protections-laterales-pour-convoyeurs\/protections-laterales-pour-convoyeurs-transporteuses\/","title":{"rendered":"Feuille avec vis autotaraudeuse"},"content":{"rendered":"\t\t<div data-elementor-type=\"wp-page\" data-elementor-id=\"26286\" class=\"elementor elementor-26286 elementor-1814\" data-elementor-post-type=\"page\">\n\t\t\t\t<div class=\"elementor-element elementor-element-da441f7 e-flex e-con-boxed e-con e-parent\" data-id=\"da441f7\" data-element_type=\"container\" data-e-type=\"container\">\n\t\t\t\t\t<div class=\"e-con-inner\">\n\t\t\t\t<div class=\"elementor-element elementor-element-6c439bc elementor-widget elementor-widget-heading\" data-id=\"6c439bc\" data-element_type=\"widget\" data-e-type=\"widget\" data-widget_type=\"heading.default\">\n\t\t\t\t<div class=\"elementor-widget-container\">\n\t\t\t\t\t<h1 class=\"elementor-heading-title elementor-size-default\">Protections lat\u00e9rales pour Convoyeurs Transporteuses<\/h1>\t\t\t\t<\/div>\n\t\t\t\t<\/div>\n\t\t\t\t<div class=\"elementor-element elementor-element-00ed15b elementor-widget elementor-widget-heading\" data-id=\"00ed15b\" data-element_type=\"widget\" data-e-type=\"widget\" data-widget_type=\"heading.default\">\n\t\t\t\t<div class=\"elementor-widget-container\">\n\t\t\t\t\t<h2 class=\"elementor-heading-title elementor-size-default\">T\u00f4le de protection lat\u00e9rale de la bande de retour du convoyeur avec vis autotaraudeuse (C5)<\/h2>\t\t\t\t<\/div>\n\t\t\t\t<\/div>\n\t\t\t\t<div class=\"elementor-element elementor-element-696476f elementor-widget elementor-widget-image\" data-id=\"696476f\" data-element_type=\"widget\" data-e-type=\"widget\" data-widget_type=\"image.default\">\n\t\t\t\t<div class=\"elementor-widget-container\">\n\t\t\t\t\t\t\t\t\t\t\t\t\t\t\t\t<a href=\"https:\/\/www.capotex.com\/wp-content\/uploads\/2023\/05\/Conveyor-side-guard-return-belt-metal-sheet-with-C5-fixing.jpg\" data-elementor-open-lightbox=\"yes\" data-elementor-lightbox-title=\"Conveyor-side-guard-return-belt-metal-sheet-with-C5-fixing\" data-elementor-lightbox-description=\"Conveyor side guard return belt metal sheet with C5 fixing\" data-e-action-hash=\"#elementor-action%3Aaction%3Dlightbox%26settings%3DeyJpZCI6MTgzOCwidXJsIjoiaHR0cHM6XC9cL3d3dy5jYXBvdGV4LmNvbVwvd3AtY29udGVudFwvdXBsb2Fkc1wvMjAyM1wvMDVcL0NvbnZleW9yLXNpZGUtZ3VhcmQtcmV0dXJuLWJlbHQtbWV0YWwtc2hlZXQtd2l0aC1DNS1maXhpbmcuanBnIn0%3D\">\n\t\t\t\t\t\t\t<img fetchpriority=\"high\" decoding=\"async\" width=\"550\" height=\"400\" src=\"https:\/\/www.capotex.com\/wp-content\/uploads\/2023\/05\/Conveyor-side-guard-return-belt-metal-sheet-with-C5-fixing.jpg\" class=\"attachment-full size-full wp-image-1838\" alt=\"Conveyor side guard return belt metal sheet with C5 fixing\" srcset=\"https:\/\/www.capotex.com\/wp-content\/uploads\/2023\/05\/Conveyor-side-guard-return-belt-metal-sheet-with-C5-fixing.jpg 550w, https:\/\/www.capotex.com\/wp-content\/uploads\/2023\/05\/Conveyor-side-guard-return-belt-metal-sheet-with-C5-fixing-300x218.jpg 300w\" sizes=\"(max-width: 550px) 100vw, 550px\" \/>\t\t\t\t\t\t\t\t<\/a>\n\t\t\t\t\t\t\t\t\t\t\t\t\t\t\t<\/div>\n\t\t\t\t<\/div>\n\t\t\t\t\t<\/div>\n\t\t\t\t<\/div>\n\t\t<div class=\"elementor-element elementor-element-960cde1 e-flex e-con-boxed e-con e-parent\" data-id=\"960cde1\" data-element_type=\"container\" data-e-type=\"container\">\n\t\t\t\t\t<div class=\"e-con-inner\">\n\t\t<div class=\"elementor-element elementor-element-c2aeaf2 e-con-full e-flex e-con e-child\" data-id=\"c2aeaf2\" data-element_type=\"container\" data-e-type=\"container\">\n\t\t\t\t<div class=\"elementor-element elementor-element-7e38445 elementor-widget elementor-widget-text-editor\" data-id=\"7e38445\" data-element_type=\"widget\" data-e-type=\"widget\" data-widget_type=\"text-editor.default\">\n\t\t\t\t<div class=\"elementor-widget-container\">\n\t\t\t\t\t\t\t\t\t<p><strong>Caract\u00e9ristiques :<\/strong><\/p><ul><li>Protection lat\u00e9rale : Prot\u00e8ge compl\u00e8tement contre les effets du vent lat\u00e9ral.<\/li><li>Protection de la courroie de retour : Emp\u00eache le d\u00e9salignement de la courroie de retour d\u00fb \u00e0 la pression du vent ext\u00e9rieur.<\/li><li>Protection contre l&rsquo;usure : Pr\u00e9vient l&rsquo;usure excessive caus\u00e9e par les petites particules transport\u00e9es par le vent. Il prolonge la dur\u00e9e de vie des rouleaux, du convoyeur, des structures en acier et de tous les composants du convoyeur.<\/li><li>Protection de s\u00e9curit\u00e9 : emp\u00eache la manipulation accidentelle de la courroie de retour et l&rsquo;entr\u00e9e d&rsquo;animaux dans les transporteurs au sol.<\/li><\/ul>\t\t\t\t\t\t\t\t<\/div>\n\t\t\t\t<\/div>\n\t\t\t\t<\/div>\n\t\t<div class=\"elementor-element elementor-element-b5ab741 e-con-full e-flex e-con e-child\" data-id=\"b5ab741\" data-element_type=\"container\" data-e-type=\"container\">\n\t\t\t\t<div class=\"elementor-element elementor-element-3e55d73 elementor-widget elementor-widget-text-editor\" data-id=\"3e55d73\" data-element_type=\"widget\" data-e-type=\"widget\" data-widget_type=\"text-editor.default\">\n\t\t\t\t<div class=\"elementor-widget-container\">\n\t\t\t\t\t\t\t\t\t<p><strong>Mat\u00e9riaux :<\/strong><\/p>\n<ul>\n<li>ZM 300-310<\/li>\n<li>Acier galvanis\u00e9<\/li>\n<li>Acier pr\u00e9laqu\u00e9<\/li>\n<li>HPS 200 Acier haute performance<\/li>\n<li>Acier inoxydable 304<\/li>\n<li>Acier inoxydable 316<\/li>\n<li>Polyester renforc\u00e9 de fibres<\/li>\n<li>Aluminium<\/li>\n<\/ul>\n\t\t\t\t\t\t\t\t<\/div>\n\t\t\t\t<\/div>\n\t\t\t\t<\/div>\n\t\t<div class=\"elementor-element elementor-element-f54198e e-con-full e-flex e-con e-child\" data-id=\"f54198e\" data-element_type=\"container\" data-e-type=\"container\">\n\t\t\t\t<div class=\"elementor-element elementor-element-253b21c elementor-widget elementor-widget-text-editor\" data-id=\"253b21c\" data-element_type=\"widget\" data-e-type=\"widget\" data-widget_type=\"text-editor.default\">\n\t\t\t\t<div class=\"elementor-widget-container\">\n\t\t\t\t\t\t\t\t\t<p><strong>Caract\u00e9ristiques techniques :<\/strong><\/p>\n<ul>\n<li><strong>Longueur<\/strong> en sections maximales jusqu&rsquo;\u00e0 3 m\u00e8tres.<\/li>\n<li><strong>Hauteur<\/strong> jusqu&rsquo;\u00e0 1 m\u00e8tre.<\/li>\n<li><strong>Poids du syst\u00e8me<\/strong> 15 kg\/m\u00e8tre.<\/li>\n<\/ul>\n\t\t\t\t\t\t\t\t<\/div>\n\t\t\t\t<\/div>\n\t\t\t\t<\/div>\n\t\t\t\t\t<\/div>\n\t\t\t\t<\/div>\n\t\t\t\t<\/div>\n\t\t","protected":false},"excerpt":{"rendered":"<p>Protections lat\u00e9rales pour Convoyeurs Transporteuses T\u00f4le de protection lat\u00e9rale de la bande de retour du convoyeur avec vis autotaraudeuse (C5) Caract\u00e9ristiques : Protection lat\u00e9rale : Prot\u00e8ge compl\u00e8tement contre les effets du vent lat\u00e9ral. Protection de la courroie de retour : Emp\u00eache le d\u00e9salignement de la courroie de retour d\u00fb \u00e0 la pression du vent ext\u00e9rieur. [&hellip;]<\/p>\n","protected":false},"author":1,"featured_media":1838,"parent":26282,"menu_order":20,"comment_status":"closed","ping_status":"closed","template":"","meta":{"_joinchat":[],"footnotes":""},"tags":[65],"class_list":["post-26286","page","type-page","status-publish","has-post-thumbnail","hentry","tag-courroie-de-retour"],"_links":{"self":[{"href":"https:\/\/www.capotex.com\/fr\/wp-json\/wp\/v2\/pages\/26286","targetHints":{"allow":["GET"]}}],"collection":[{"href":"https:\/\/www.capotex.com\/fr\/wp-json\/wp\/v2\/pages"}],"about":[{"href":"https:\/\/www.capotex.com\/fr\/wp-json\/wp\/v2\/types\/page"}],"author":[{"embeddable":true,"href":"https:\/\/www.capotex.com\/fr\/wp-json\/wp\/v2\/users\/1"}],"replies":[{"embeddable":true,"href":"https:\/\/www.capotex.com\/fr\/wp-json\/wp\/v2\/comments?post=26286"}],"version-history":[{"count":7,"href":"https:\/\/www.capotex.com\/fr\/wp-json\/wp\/v2\/pages\/26286\/revisions"}],"predecessor-version":[{"id":35041,"href":"https:\/\/www.capotex.com\/fr\/wp-json\/wp\/v2\/pages\/26286\/revisions\/35041"}],"up":[{"embeddable":true,"href":"https:\/\/www.capotex.com\/fr\/wp-json\/wp\/v2\/pages\/26282"}],"wp:featuredmedia":[{"embeddable":true,"href":"https:\/\/www.capotex.com\/fr\/wp-json\/wp\/v2\/media\/1838"}],"wp:attachment":[{"href":"https:\/\/www.capotex.com\/fr\/wp-json\/wp\/v2\/media?parent=26286"}],"wp:term":[{"taxonomy":"post_tag","embeddable":true,"href":"https:\/\/www.capotex.com\/fr\/wp-json\/wp\/v2\/tags?post=26286"}],"curies":[{"name":"wp","href":"https:\/\/api.w.org\/{rel}","templated":true}]}}