{"id":26295,"date":"2023-05-16T15:41:35","date_gmt":"2023-05-16T14:41:35","guid":{"rendered":"https:\/\/capotex.com\/madrid\/"},"modified":"2024-06-27T09:13:34","modified_gmt":"2024-06-27T08:13:34","slug":"madrid","status":"publish","type":"page","link":"https:\/\/www.capotex.com\/fr\/capots-pour-convoyeurs\/couvertures-de-convoyeur\/madrid\/","title":{"rendered":"Madrid"},"content":{"rendered":"\t\t<div data-elementor-type=\"wp-page\" data-elementor-id=\"26295\" class=\"elementor elementor-26295 elementor-1895\" data-elementor-post-type=\"page\">\n\t\t\t\t<div class=\"elementor-element elementor-element-eacf7b6 e-flex e-con-boxed e-con e-parent\" data-id=\"eacf7b6\" data-element_type=\"container\" data-e-type=\"container\">\n\t\t\t\t\t<div class=\"e-con-inner\">\n\t\t<div class=\"elementor-element elementor-element-bd11669 e-con-full e-flex e-con e-child\" data-id=\"bd11669\" data-element_type=\"container\" data-e-type=\"container\">\n\t\t\t\t<div class=\"elementor-element elementor-element-1928309 elementor-widget elementor-widget-image\" data-id=\"1928309\" data-element_type=\"widget\" data-e-type=\"widget\" data-widget_type=\"image.default\">\n\t\t\t\t<div class=\"elementor-widget-container\">\n\t\t\t\t\t\t\t\t\t\t\t\t\t\t\t<img fetchpriority=\"high\" decoding=\"async\" width=\"618\" height=\"336\" src=\"https:\/\/www.capotex.com\/wp-content\/uploads\/2023\/04\/Conveyor-Belt-Covers-Model-Madrid-patented.webp\" class=\"attachment-full size-full wp-image-103\" alt=\"Couvertures de convoyeurs \u00e0 bande madrid\" srcset=\"https:\/\/www.capotex.com\/wp-content\/uploads\/2023\/04\/Conveyor-Belt-Covers-Model-Madrid-patented.webp 618w, https:\/\/www.capotex.com\/wp-content\/uploads\/2023\/04\/Conveyor-Belt-Covers-Model-Madrid-patented-300x163.webp 300w\" sizes=\"(max-width: 618px) 100vw, 618px\" \/>\t\t\t\t\t\t\t\t\t\t\t\t\t\t\t<\/div>\n\t\t\t\t<\/div>\n\t\t\t\t<\/div>\n\t\t\t\t\t<\/div>\n\t\t\t\t<\/div>\n\t\t<div class=\"elementor-element elementor-element-d171bee e-flex e-con-boxed e-con e-parent\" data-id=\"d171bee\" data-element_type=\"container\" data-e-type=\"container\">\n\t\t\t\t\t<div class=\"e-con-inner\">\n\t\t<div class=\"elementor-element elementor-element-c34afa1 e-con-full e-flex e-con e-child\" data-id=\"c34afa1\" data-element_type=\"container\" data-e-type=\"container\">\n\t\t\t\t<div class=\"elementor-element elementor-element-21e90c6 elementor-widget elementor-widget-heading\" data-id=\"21e90c6\" data-element_type=\"widget\" data-e-type=\"widget\" data-widget_type=\"heading.default\">\n\t\t\t\t<div class=\"elementor-widget-container\">\n\t\t\t\t\t<h2 class=\"elementor-heading-title elementor-size-default\">Madrid (avec charni\u00e8res des deux c\u00f4t\u00e9s)<\/h2>\t\t\t\t<\/div>\n\t\t\t\t<\/div>\n\t\t\t\t<div class=\"elementor-element elementor-element-50603d6 elementor-widget elementor-widget-text-editor\" data-id=\"50603d6\" data-element_type=\"widget\" data-e-type=\"widget\" data-widget_type=\"text-editor.default\">\n\t\t\t\t<div class=\"elementor-widget-container\">\n\t\t\t\t\t\t\t\t\t<p><strong>Sans aucun doute, notre top model.<\/strong> Ce mod\u00e8le brevet\u00e9 est celui qui a couvert le plus de convoyeurs \u00e0 bande au monde. Sa versatilit\u00e9 et sa robustesse ont fait de lui une r\u00e9f\u00e9rence en mati\u00e8re de protection des bandes transporteuses.<\/p>\n\t\t\t\t\t\t\t\t<\/div>\n\t\t\t\t<\/div>\n\t\t<div class=\"elementor-element elementor-element-58297e6 e-flex e-con-boxed e-con e-child\" data-id=\"58297e6\" data-element_type=\"container\" data-e-type=\"container\">\n\t\t\t\t\t<div class=\"e-con-inner\">\n\t\t\t\t<div class=\"elementor-element elementor-element-70a3222 elementor-widget elementor-widget-image\" data-id=\"70a3222\" data-element_type=\"widget\" data-e-type=\"widget\" data-widget_type=\"image.default\">\n\t\t\t\t<div class=\"elementor-widget-container\">\n\t\t\t\t\t\t\t\t\t\t\t\t<figure class=\"wp-caption\">\n\t\t\t\t\t\t\t\t\t\t\t<a href=\"https:\/\/www.capotex.com\/wp-content\/uploads\/2023\/07\/Madrid-Classic-FR.pdf\" target=\"_blank\">\n\t\t\t\t\t\t\t<img decoding=\"async\" width=\"609\" height=\"432\" src=\"https:\/\/www.capotex.com\/wp-content\/uploads\/2023\/07\/Madrid-Classic-Cover.jpg\" class=\"attachment-full size-full wp-image-26918\" alt=\"\" srcset=\"https:\/\/www.capotex.com\/wp-content\/uploads\/2023\/07\/Madrid-Classic-Cover.jpg 609w, https:\/\/www.capotex.com\/wp-content\/uploads\/2023\/07\/Madrid-Classic-Cover-300x213.jpg 300w\" sizes=\"(max-width: 609px) 100vw, 609px\" \/>\t\t\t\t\t\t\t\t<\/a>\n\t\t\t\t\t\t\t\t\t\t\t<figcaption class=\"widget-image-caption wp-caption-text\">T\u00e9l\u00e9charger le plan de courbure \"Classique\" en pdf<\/figcaption>\n\t\t\t\t\t\t\t\t\t\t<\/figure>\n\t\t\t\t\t\t\t\t\t<\/div>\n\t\t\t\t<\/div>\n\t\t\t\t<div class=\"elementor-element elementor-element-21d268f elementor-widget elementor-widget-image\" data-id=\"21d268f\" data-element_type=\"widget\" data-e-type=\"widget\" data-widget_type=\"image.default\">\n\t\t\t\t<div class=\"elementor-widget-container\">\n\t\t\t\t\t\t\t\t\t\t\t\t<figure class=\"wp-caption\">\n\t\t\t\t\t\t\t\t\t\t\t<a href=\"https:\/\/www.capotex.com\/wp-content\/uploads\/2023\/07\/Madrid-Plus-FR.pdf\" target=\"_blank\">\n\t\t\t\t\t\t\t<img decoding=\"async\" width=\"610\" height=\"432\" src=\"https:\/\/www.capotex.com\/wp-content\/uploads\/2023\/07\/Madrid-Plus-cover.jpg\" class=\"attachment-full size-full wp-image-26922\" alt=\"\" srcset=\"https:\/\/www.capotex.com\/wp-content\/uploads\/2023\/07\/Madrid-Plus-cover.jpg 610w, https:\/\/www.capotex.com\/wp-content\/uploads\/2023\/07\/Madrid-Plus-cover-300x212.jpg 300w\" sizes=\"(max-width: 610px) 100vw, 610px\" \/>\t\t\t\t\t\t\t\t<\/a>\n\t\t\t\t\t\t\t\t\t\t\t<figcaption class=\"widget-image-caption wp-caption-text\">T\u00e9l\u00e9charger le plan de courbure \"Plus\" en pdf<\/figcaption>\n\t\t\t\t\t\t\t\t\t\t<\/figure>\n\t\t\t\t\t\t\t\t\t<\/div>\n\t\t\t\t<\/div>\n\t\t\t\t\t<\/div>\n\t\t\t\t<\/div>\n\t\t\t\t<\/div>\n\t\t\t\t\t<\/div>\n\t\t\t\t<\/div>\n\t\t<div class=\"elementor-element elementor-element-3f4f351 elementor-hidden-mobile e-flex e-con-boxed e-con e-parent\" data-id=\"3f4f351\" data-element_type=\"container\" data-e-type=\"container\">\n\t\t\t\t\t<div class=\"e-con-inner\">\n\t\t<div class=\"elementor-element elementor-element-22eb91f e-con-full e-flex e-con e-child\" data-id=\"22eb91f\" data-element_type=\"container\" data-e-type=\"container\">\n\t\t\t\t<div class=\"elementor-element elementor-element-79358cc elementor-hidden-mobile elementor-tabs-view-horizontal elementor-widget elementor-widget-tabs\" data-id=\"79358cc\" data-element_type=\"widget\" data-e-type=\"widget\" data-widget_type=\"tabs.default\">\n\t\t\t\t<div class=\"elementor-widget-container\">\n\t\t\t\t\t\t\t<div class=\"elementor-tabs\">\n\t\t\t<div class=\"elementor-tabs-wrapper\" role=\"tablist\" >\n\t\t\t\t\t\t\t\t\t<div id=\"elementor-tab-title-1271\" class=\"elementor-tab-title elementor-tab-desktop-title\" aria-selected=\"true\" data-tab=\"1\" role=\"tab\" tabindex=\"0\" aria-controls=\"elementor-tab-content-1271\" aria-expanded=\"false\">Caract\u00e9ristiques<\/div>\n\t\t\t\t\t\t\t\t\t<div id=\"elementor-tab-title-1272\" class=\"elementor-tab-title elementor-tab-desktop-title\" aria-selected=\"false\" data-tab=\"2\" role=\"tab\" tabindex=\"-1\" aria-controls=\"elementor-tab-content-1272\" aria-expanded=\"false\">Instructions d'installation<\/div>\n\t\t\t\t\t\t\t\t\t<div id=\"elementor-tab-title-1273\" class=\"elementor-tab-title elementor-tab-desktop-title\" aria-selected=\"false\" data-tab=\"3\" role=\"tab\" tabindex=\"-1\" aria-controls=\"elementor-tab-content-1273\" aria-expanded=\"false\">Fixations<\/div>\n\t\t\t\t\t\t\t<\/div>\n\t\t\t<div class=\"elementor-tabs-content-wrapper\" role=\"tablist\" aria-orientation=\"vertical\">\n\t\t\t\t\t\t\t\t\t<div class=\"elementor-tab-title elementor-tab-mobile-title\" aria-selected=\"true\" data-tab=\"1\" role=\"tab\" tabindex=\"0\" aria-controls=\"elementor-tab-content-1271\" aria-expanded=\"false\">Caract\u00e9ristiques<\/div>\n\t\t\t\t\t<div id=\"elementor-tab-content-1271\" class=\"elementor-tab-content elementor-clearfix\" data-tab=\"1\" role=\"tabpanel\" aria-labelledby=\"elementor-tab-title-1271\" tabindex=\"0\" hidden=\"false\"><p><strong>D\u00e9montable<\/strong>: le capot de Madrid est rabattable des deux c\u00f4t\u00e9s et peut \u00eatre compl\u00e8tement d\u00e9mont\u00e9 en desserrant simplement quatre \u00e9crous, laissant le convoyeur \u00e0 bande compl\u00e8tement libre, sans aucune structure.<\/p>\n<p><strong>Autoportant<\/strong>: ne n\u00e9cessite aucune structure.<\/p>\n<p><strong>Montage facile et rapide<\/strong>: il s\u2019adapte pratiquement \u00e0 tous les convoyeurs \u00e0 bande.<\/p>\n<\/div>\n\t\t\t\t\t\t\t\t\t<div class=\"elementor-tab-title elementor-tab-mobile-title\" aria-selected=\"false\" data-tab=\"2\" role=\"tab\" tabindex=\"-1\" aria-controls=\"elementor-tab-content-1272\" aria-expanded=\"false\">Instructions d'installation<\/div>\n\t\t\t\t\t<div id=\"elementor-tab-content-1272\" class=\"elementor-tab-content elementor-clearfix\" data-tab=\"2\" role=\"tabpanel\" aria-labelledby=\"elementor-tab-title-1272\" tabindex=\"0\" hidden=\"hidden\"><p>\t\t<div data-elementor-type=\"section\" data-elementor-id=\"26763\" class=\"elementor elementor-26763 elementor-157 elementor-157\" data-elementor-post-type=\"elementor_library\">\n\t\t\t\t\t<section class=\"elementor-section elementor-top-section elementor-element elementor-element-a30b6e7 elementor-section-boxed elementor-section-height-default elementor-section-height-default\" data-id=\"a30b6e7\" data-element_type=\"section\" data-e-type=\"section\">\n\t\t\t\t\t\t<div class=\"elementor-container elementor-column-gap-default\">\n\t\t\t\t\t<div class=\"elementor-column elementor-col-100 elementor-top-column elementor-element elementor-element-1b3ce04\" data-id=\"1b3ce04\" data-element_type=\"column\" data-e-type=\"column\">\n\t\t\t<div class=\"elementor-widget-wrap elementor-element-populated\">\n\t\t\t\t\t\t<div class=\"elementor-element elementor-element-d2df1f2 elementor-widget elementor-widget-text-editor\" data-id=\"d2df1f2\" data-element_type=\"widget\" data-e-type=\"widget\" data-widget_type=\"text-editor.default\">\n\t\t\t\t<div class=\"elementor-widget-container\">\n\t\t\t\t\t\t\t\t\t<p><strong>Ne jamais installer d&rsquo;abord toutes les corni\u00e8res en acier<\/strong>; les petites diff\u00e9rences dimensionnelles que les capots peuvent pr\u00e9senter l&rsquo;un par rapport \u00e0 l&rsquo;autre peuvent se traduire par une diff\u00e9rence importante en cas de grandes quantit\u00e9s. Il suffit d&rsquo;installer huit corni\u00e8res en acier et de les recouvrir de deux capots, et ainsi de suite.<\/p>\n<p><strong>Installez les capots en alternance<\/strong>, l&rsquo;un au-dessus et l&rsquo;autre au-dessous, et ainsi de suite. Ne placez pas tous les capots sur le pr\u00e9c\u00e9dent.<\/p>\n<p><strong>Outils n\u00e9cessaires<\/strong>: Tournevis \u00e9lectrique de 8 mm. (pour les corni\u00e8res en acier) ou du mat\u00e9riel de soudage (pour les plaques en acier), deux douilles de 10 mm. et un de 11 mm. cl\u00e9s.<\/p>\n<p><strong>Arr\u00eatez le convoyeur \u00e0 bande avant de commencer l&rsquo;installation.<\/strong><\/p>\n<p><strong>Utiliser les EPI<\/strong> (\u00e9quipements de protection individuelle) requis par la loi. CAPOTEX recommande l&rsquo;utilisation de gants, d&rsquo;un casque, de bottes de s\u00e9curit\u00e9, de protections auditives et d&rsquo;un masque de soudage (pour le soudage de t\u00f4les d&rsquo;acier uniquement).<\/p>\n\t\t\t\t\t\t\t\t<\/div>\n\t\t\t\t<\/div>\n\t\t\t\t<div class=\"elementor-element elementor-element-ce56979 elementor-widget elementor-widget-video\" data-id=\"ce56979\" data-element_type=\"widget\" data-e-type=\"widget\" data-settings=\"{&quot;youtube_url&quot;:&quot;https:\\\/\\\/youtu.be\\\/vRmHBdikViw&quot;,&quot;mute&quot;:&quot;yes&quot;,&quot;lazy_load&quot;:&quot;yes&quot;,&quot;video_type&quot;:&quot;youtube&quot;,&quot;controls&quot;:&quot;yes&quot;}\" data-widget_type=\"video.default\">\n\t\t\t\t<div class=\"elementor-widget-container\">\n\t\t\t\t\t\t\t<div class=\"elementor-wrapper elementor-open-inline\">\n\t\t\t<div class=\"elementor-video\"><\/div>\t\t<\/div>\n\t\t\t\t\t\t<\/div>\n\t\t\t\t<\/div>\n\t\t\t\t\t<\/div>\n\t\t<\/div>\n\t\t\t\t\t<\/div>\n\t\t<\/section>\n\t\t\t\t<\/div>\n\t\t<\/p>\n<\/div>\n\t\t\t\t\t\t\t\t\t<div class=\"elementor-tab-title elementor-tab-mobile-title\" aria-selected=\"false\" data-tab=\"3\" role=\"tab\" tabindex=\"-1\" aria-controls=\"elementor-tab-content-1273\" aria-expanded=\"false\">Fixations<\/div>\n\t\t\t\t\t<div id=\"elementor-tab-content-1273\" class=\"elementor-tab-content elementor-clearfix\" data-tab=\"3\" role=\"tabpanel\" aria-labelledby=\"elementor-tab-title-1273\" tabindex=\"0\" hidden=\"hidden\"><table id=\"FixingsTable\"><tbody><tr style=\"background-color: #00678a; color: #f9fafa;\"><th>Mod\u00e8le<\/th><th>Forme de la courbure<\/th><th>Fixation<\/th><th>Photo<\/th><th>Largeur de l&rsquo;angle en acier<\/th><\/tr><tr><td>Madrid<\/td><td><a href=\"https:\/\/www.capotex.com\/fr\/capots-pour-convoyeurs\/capots-convoyeurs-a-bande\/\">Classique<\/a><\/td><td><a href=\"https:\/\/www.capotex.com\/fr\/fixations-pour-capots-pour-convoyeurs\/c1\/\">C-1 Charni\u00e8re de verrouillage (4)<\/a><\/td><td rowspan=\"3\"><a href=\"https:\/\/www.capotex.com\/fr\/produits\/fixations\/charniere-de-verrouillage-c1\/\"><img decoding=\"async\" src=\"https:\/\/www.capotex.com\/wp-content\/uploads\/2023\/05\/Capotex-fixings-C1-Lock-Hinge.webp\" width=\"300\" \/><\/a><\/td><td>40 mm.<\/td><\/tr><tr><td>\u00a0<\/td><td>\u00a0<\/td><td>\u00a0<\/td><td>70 mm.<\/td><\/tr><tr><td>\u00a0<\/td><td>\u00a0<\/td><td>\u00a0<\/td><td>Sp\u00e9cial (sur demande)<\/td><\/tr><tr><td>\u00a0<\/td><td><a href=\"https:\/\/www.capotex.com\/fr\/capots-pour-convoyeurs\/capots-convoyeurs-a-bande\/\">Plus<\/a><\/td><td><a href=\"https:\/\/www.capotex.com\/fr\/fixations-pour-capots-pour-convoyeurs\/c1\/\">C-1 Charni\u00e8re de verrouillage (4)<\/a><\/td><td rowspan=\"3\"><a href=\"https:\/\/www.capotex.com\/fr\/produits\/fixations\/charniere-de-verrouillage-c1\/\"><img decoding=\"async\" src=\"https:\/\/www.capotex.com\/wp-content\/uploads\/2023\/05\/Capotex-fixings-C1-Lock-Hinge.webp\" width=\"300\" \/><\/a><\/td><td>40 mm.<\/td><\/tr><tr><td>\u00a0<\/td><td>\u00a0<\/td><td>\u00a0<\/td><td>70 mm.<\/td><\/tr><tr><td>\u00a0<\/td><td>\u00a0<\/td><td>\u00a0<\/td><td>Sp\u00e9cial (sur demande)<\/td><\/tr><\/tbody><\/table><\/div>\n\t\t\t\t\t\t\t<\/div>\n\t\t<\/div>\n\t\t\t\t\t\t<\/div>\n\t\t\t\t<\/div>\n\t\t\t\t<\/div>\n\t\t\t\t\t<\/div>\n\t\t\t\t<\/div>\n\t\t<div class=\"elementor-element elementor-element-dd585d0 elementor-hidden-desktop elementor-hidden-tablet e-flex e-con-boxed e-con e-parent\" data-id=\"dd585d0\" data-element_type=\"container\" data-e-type=\"container\">\n\t\t\t\t\t<div class=\"e-con-inner\">\n\t\t<div class=\"elementor-element elementor-element-b9b8f23 e-con-full e-flex e-con e-child\" data-id=\"b9b8f23\" data-element_type=\"container\" data-e-type=\"container\">\n\t\t\t\t<div class=\"elementor-element elementor-element-ff5e853 elementor-tabs-view-horizontal elementor-widget elementor-widget-tabs\" data-id=\"ff5e853\" data-element_type=\"widget\" data-e-type=\"widget\" data-widget_type=\"tabs.default\">\n\t\t\t\t<div class=\"elementor-widget-container\">\n\t\t\t\t\t\t\t<div class=\"elementor-tabs\">\n\t\t\t<div class=\"elementor-tabs-wrapper\" role=\"tablist\" >\n\t\t\t\t\t\t\t\t\t<div id=\"elementor-tab-title-2671\" class=\"elementor-tab-title elementor-tab-desktop-title\" aria-selected=\"true\" data-tab=\"1\" role=\"tab\" tabindex=\"0\" aria-controls=\"elementor-tab-content-2671\" aria-expanded=\"false\">Caract\u00e9ristiques<\/div>\n\t\t\t\t\t\t\t\t\t<div id=\"elementor-tab-title-2672\" class=\"elementor-tab-title elementor-tab-desktop-title\" aria-selected=\"false\" data-tab=\"2\" role=\"tab\" tabindex=\"-1\" aria-controls=\"elementor-tab-content-2672\" aria-expanded=\"false\">Instructions d'installation<\/div>\n\t\t\t\t\t\t\t\t\t<div id=\"elementor-tab-title-2673\" class=\"elementor-tab-title elementor-tab-desktop-title\" aria-selected=\"false\" data-tab=\"3\" role=\"tab\" tabindex=\"-1\" aria-controls=\"elementor-tab-content-2673\" aria-expanded=\"false\">Fixations<\/div>\n\t\t\t\t\t\t\t<\/div>\n\t\t\t<div class=\"elementor-tabs-content-wrapper\" role=\"tablist\" aria-orientation=\"vertical\">\n\t\t\t\t\t\t\t\t\t<div class=\"elementor-tab-title elementor-tab-mobile-title\" aria-selected=\"true\" data-tab=\"1\" role=\"tab\" tabindex=\"0\" aria-controls=\"elementor-tab-content-2671\" aria-expanded=\"false\">Caract\u00e9ristiques<\/div>\n\t\t\t\t\t<div id=\"elementor-tab-content-2671\" class=\"elementor-tab-content elementor-clearfix\" data-tab=\"1\" role=\"tabpanel\" aria-labelledby=\"elementor-tab-title-2671\" tabindex=\"0\" hidden=\"false\"><p><strong>D\u00e9montable<\/strong>: le capot Madrid est articul\u00e9 des deux c\u00f4t\u00e9s et peut \u00eatre compl\u00e8tement d\u00e9mont\u00e9 en desserrant simplement quatre \u00e9crous, laissant le convoyeur \u00e0 bande compl\u00e8tement libre, sans aucune structure.<\/p>\n<p><strong>Autoportant<\/strong>: ne n\u00e9cessite aucune structure.<\/p>\n<p><strong>Montage facile et rapide<\/strong>: il s\u2019adapte pratiquement \u00e0 tous les convoyeurs \u00e0 bande.<\/p>\n<\/div>\n\t\t\t\t\t\t\t\t\t<div class=\"elementor-tab-title elementor-tab-mobile-title\" aria-selected=\"false\" data-tab=\"2\" role=\"tab\" tabindex=\"-1\" aria-controls=\"elementor-tab-content-2672\" aria-expanded=\"false\">Instructions d'installation<\/div>\n\t\t\t\t\t<div id=\"elementor-tab-content-2672\" class=\"elementor-tab-content elementor-clearfix\" data-tab=\"2\" role=\"tabpanel\" aria-labelledby=\"elementor-tab-title-2672\" tabindex=\"0\" hidden=\"hidden\"><p>\t\t<div data-elementor-type=\"section\" data-elementor-id=\"26763\" class=\"elementor elementor-26763 elementor-157 elementor-157\" data-elementor-post-type=\"elementor_library\">\n\t\t\t\t\t<section class=\"elementor-section elementor-top-section elementor-element elementor-element-a30b6e7 elementor-section-boxed elementor-section-height-default elementor-section-height-default\" data-id=\"a30b6e7\" data-element_type=\"section\" data-e-type=\"section\">\n\t\t\t\t\t\t<div class=\"elementor-container elementor-column-gap-default\">\n\t\t\t\t\t<div class=\"elementor-column elementor-col-100 elementor-top-column elementor-element elementor-element-1b3ce04\" data-id=\"1b3ce04\" data-element_type=\"column\" data-e-type=\"column\">\n\t\t\t<div class=\"elementor-widget-wrap elementor-element-populated\">\n\t\t\t\t\t\t<div class=\"elementor-element elementor-element-d2df1f2 elementor-widget elementor-widget-text-editor\" data-id=\"d2df1f2\" data-element_type=\"widget\" data-e-type=\"widget\" data-widget_type=\"text-editor.default\">\n\t\t\t\t<div class=\"elementor-widget-container\">\n\t\t\t\t\t\t\t\t\t<p><strong>Ne jamais installer d&rsquo;abord toutes les corni\u00e8res en acier<\/strong>; les petites diff\u00e9rences dimensionnelles que les capots peuvent pr\u00e9senter l&rsquo;un par rapport \u00e0 l&rsquo;autre peuvent se traduire par une diff\u00e9rence importante en cas de grandes quantit\u00e9s. Il suffit d&rsquo;installer huit corni\u00e8res en acier et de les recouvrir de deux capots, et ainsi de suite.<\/p>\n<p><strong>Installez les capots en alternance<\/strong>, l&rsquo;un au-dessus et l&rsquo;autre au-dessous, et ainsi de suite. Ne placez pas tous les capots sur le pr\u00e9c\u00e9dent.<\/p>\n<p><strong>Outils n\u00e9cessaires<\/strong>: Tournevis \u00e9lectrique de 8 mm. (pour les corni\u00e8res en acier) ou du mat\u00e9riel de soudage (pour les plaques en acier), deux douilles de 10 mm. et un de 11 mm. cl\u00e9s.<\/p>\n<p><strong>Arr\u00eatez le convoyeur \u00e0 bande avant de commencer l&rsquo;installation.<\/strong><\/p>\n<p><strong>Utiliser les EPI<\/strong> (\u00e9quipements de protection individuelle) requis par la loi. CAPOTEX recommande l&rsquo;utilisation de gants, d&rsquo;un casque, de bottes de s\u00e9curit\u00e9, de protections auditives et d&rsquo;un masque de soudage (pour le soudage de t\u00f4les d&rsquo;acier uniquement).<\/p>\n\t\t\t\t\t\t\t\t<\/div>\n\t\t\t\t<\/div>\n\t\t\t\t<div class=\"elementor-element elementor-element-ce56979 elementor-widget elementor-widget-video\" data-id=\"ce56979\" data-element_type=\"widget\" data-e-type=\"widget\" data-settings=\"{&quot;youtube_url&quot;:&quot;https:\\\/\\\/youtu.be\\\/vRmHBdikViw&quot;,&quot;mute&quot;:&quot;yes&quot;,&quot;lazy_load&quot;:&quot;yes&quot;,&quot;video_type&quot;:&quot;youtube&quot;,&quot;controls&quot;:&quot;yes&quot;}\" data-widget_type=\"video.default\">\n\t\t\t\t<div class=\"elementor-widget-container\">\n\t\t\t\t\t\t\t<div class=\"elementor-wrapper elementor-open-inline\">\n\t\t\t<div class=\"elementor-video\"><\/div>\t\t<\/div>\n\t\t\t\t\t\t<\/div>\n\t\t\t\t<\/div>\n\t\t\t\t\t<\/div>\n\t\t<\/div>\n\t\t\t\t\t<\/div>\n\t\t<\/section>\n\t\t\t\t<\/div>\n\t\t<\/p>\n<\/div>\n\t\t\t\t\t\t\t\t\t<div class=\"elementor-tab-title elementor-tab-mobile-title\" aria-selected=\"false\" data-tab=\"3\" role=\"tab\" tabindex=\"-1\" aria-controls=\"elementor-tab-content-2673\" aria-expanded=\"false\">Fixations<\/div>\n\t\t\t\t\t<div id=\"elementor-tab-content-2673\" class=\"elementor-tab-content elementor-clearfix\" data-tab=\"3\" role=\"tabpanel\" aria-labelledby=\"elementor-tab-title-2673\" tabindex=\"0\" hidden=\"hidden\"><table id=\"FixingsTable\"><tbody><tr style=\"background-color: #00678a; color: #f9fafa;\"><th>Forme de la courbure<\/th><th>Fixation<\/th><th>Largeur de l&rsquo;angle en acier<\/th><\/tr><tr><td><a href=\"https:\/\/www.capotex.com\/fr\/capots-pour-convoyeurs\/capots-convoyeurs-a-bande\/\">Classique<\/a><\/td><td><a href=\"https:\/\/www.capotex.com\/fr\/capots-pour-convoyeurs\/fixations\/charniere-de-verrouillage-c1\/\">C-1 Charni\u00e8re de verrouillage (4)<\/a><\/td><td>40 mm.<\/td><\/tr><tr><td>\u00a0<\/td><td>\u00a0<\/td><td>70 mm.<\/td><\/tr><tr><td>\u00a0<\/td><td>\u00a0<\/td><td>Sp\u00e9cial (sur demande)<\/td><\/tr><tr><td><a href=\"https:\/\/www.capotex.com\/fr\/capots-pour-convoyeurs\/capots-convoyeurs-a-bande\/\">Plus<\/a><\/td><td><a href=\"https:\/\/www.capotex.com\/fr\/fixations-pour-capots-pour-convoyeurs\/c1\/\">C-1 Charni\u00e8re de verrouillage (4)<\/a><\/td><td>40 mm.<\/td><\/tr><tr><td>\u00a0<\/td><td>\u00a0<\/td><td>70 mm.<\/td><\/tr><tr><td>\u00a0<\/td><td>\u00a0<\/td><td>Sp\u00e9cial (sur demande)<\/td><\/tr><\/tbody><\/table><\/div>\n\t\t\t\t\t\t\t<\/div>\n\t\t<\/div>\n\t\t\t\t\t\t<\/div>\n\t\t\t\t<\/div>\n\t\t\t\t<\/div>\n\t\t\t\t\t<\/div>\n\t\t\t\t<\/div>\n\t\t\t\t<\/div>\n\t\t","protected":false},"excerpt":{"rendered":"<p>Ouverture sur les deux c\u00f4t\u00e9s<\/p>\n","protected":false},"author":1,"featured_media":103,"parent":26301,"menu_order":10,"comment_status":"closed","ping_status":"closed","template":"","meta":{"_joinchat":[],"footnotes":""},"tags":[70],"class_list":["post-26295","page","type-page","status-publish","has-post-thumbnail","hentry","tag-modeles-de-convoyeurs"],"_links":{"self":[{"href":"https:\/\/www.capotex.com\/fr\/wp-json\/wp\/v2\/pages\/26295","targetHints":{"allow":["GET"]}}],"collection":[{"href":"https:\/\/www.capotex.com\/fr\/wp-json\/wp\/v2\/pages"}],"about":[{"href":"https:\/\/www.capotex.com\/fr\/wp-json\/wp\/v2\/types\/page"}],"author":[{"embeddable":true,"href":"https:\/\/www.capotex.com\/fr\/wp-json\/wp\/v2\/users\/1"}],"replies":[{"embeddable":true,"href":"https:\/\/www.capotex.com\/fr\/wp-json\/wp\/v2\/comments?post=26295"}],"version-history":[{"count":53,"href":"https:\/\/www.capotex.com\/fr\/wp-json\/wp\/v2\/pages\/26295\/revisions"}],"predecessor-version":[{"id":34729,"href":"https:\/\/www.capotex.com\/fr\/wp-json\/wp\/v2\/pages\/26295\/revisions\/34729"}],"up":[{"embeddable":true,"href":"https:\/\/www.capotex.com\/fr\/wp-json\/wp\/v2\/pages\/26301"}],"wp:featuredmedia":[{"embeddable":true,"href":"https:\/\/www.capotex.com\/fr\/wp-json\/wp\/v2\/media\/103"}],"wp:attachment":[{"href":"https:\/\/www.capotex.com\/fr\/wp-json\/wp\/v2\/media?parent=26295"}],"wp:term":[{"taxonomy":"post_tag","embeddable":true,"href":"https:\/\/www.capotex.com\/fr\/wp-json\/wp\/v2\/tags?post=26295"}],"curies":[{"name":"wp","href":"https:\/\/api.w.org\/{rel}","templated":true}]}}