{"id":26301,"date":"2023-05-16T15:56:05","date_gmt":"2023-05-16T14:56:05","guid":{"rendered":"https:\/\/capotex.com\/produits\/modeles-standard\/"},"modified":"2024-05-16T08:14:33","modified_gmt":"2024-05-16T07:14:33","slug":"couvertures-de-convoyeur","status":"publish","type":"page","link":"https:\/\/www.capotex.com\/fr\/capots-pour-convoyeurs\/couvertures-de-convoyeur\/","title":{"rendered":"Mod\u00e8les standard"},"content":{"rendered":"\t\t<div data-elementor-type=\"wp-page\" data-elementor-id=\"26301\" class=\"elementor elementor-26301 elementor-1915\" data-elementor-post-type=\"page\">\n\t\t\t\t<div class=\"elementor-element elementor-element-eae2ec6 e-flex e-con-boxed e-con e-parent\" data-id=\"eae2ec6\" data-element_type=\"container\" data-e-type=\"container\">\n\t\t\t\t\t<div class=\"e-con-inner\">\n\t\t<div class=\"elementor-element elementor-element-755f4b5 e-con-full e-flex e-con e-child\" data-id=\"755f4b5\" data-element_type=\"container\" data-e-type=\"container\">\n\t\t\t\t<div class=\"elementor-element elementor-element-8d9b862 elementor-widget elementor-widget-heading\" data-id=\"8d9b862\" data-element_type=\"widget\" data-e-type=\"widget\" data-widget_type=\"heading.default\">\n\t\t\t\t<div class=\"elementor-widget-container\">\n\t\t\t\t\t<h1 class=\"elementor-heading-title elementor-size-default\">Couverture de convoyeur -  Mod\u00e8les standard <\/h1>\t\t\t\t<\/div>\n\t\t\t\t<\/div>\n\t\t\t\t<div class=\"elementor-element elementor-element-27b10bb elementor-widget elementor-widget-text-editor\" data-id=\"27b10bb\" data-element_type=\"widget\" data-e-type=\"widget\" data-widget_type=\"text-editor.default\">\n\t\t\t\t<div class=\"elementor-widget-container\">\n\t\t\t\t\t\t\t\t\t<p>Depuis 1993, nous avons fabriqu\u00e9 et distribu\u00e9 <strong>plus de 3500 installations et 1400 km dans le monde entier.<\/strong> Ici vous pouvez Voici nos mod\u00e8les standards de Couverture pour convoyeur \u00e0 bande. Dans chaque section, vous trouverez toutes les sp\u00e9cifications et fiches techniques de nos <a href=\"https:\/\/www.capotex.com\/fr\/capots-pour-convoyeurs\/\">couvertures de convoyeurs \u00e0 bande.<\/a><\/p>\t\t\t\t\t\t\t\t<\/div>\n\t\t\t\t<\/div>\n\t\t\t\t<\/div>\n\t\t\t\t\t<\/div>\n\t\t\t\t<\/div>\n\t\t<div class=\"elementor-element elementor-element-7a6ac3e e-flex e-con-boxed e-con e-parent\" data-id=\"7a6ac3e\" data-element_type=\"container\" data-e-type=\"container\">\n\t\t\t\t\t<div class=\"e-con-inner\">\n\t\t\t\t\t<\/div>\n\t\t\t\t<\/div>\n\t\t\t\t<\/div>\n\t\t","protected":false},"excerpt":{"rendered":"<p>Couverture de convoyeur &#8211; Mod\u00e8les standard Depuis 1993, nous avons fabriqu\u00e9 et distribu\u00e9 plus de 3500 installations et 1400 km dans le monde entier. Ici vous pouvez Voici nos mod\u00e8les standards de Couverture pour convoyeur \u00e0 bande. Dans chaque section, vous trouverez toutes les sp\u00e9cifications et fiches techniques de nos couvertures de convoyeurs \u00e0 bande.<\/p>\n","protected":false},"author":1,"featured_media":274,"parent":26208,"menu_order":10,"comment_status":"closed","ping_status":"closed","template":"","meta":{"_joinchat":[],"footnotes":""},"tags":[68],"class_list":["post-26301","page","type-page","status-publish","has-post-thumbnail","hentry","tag-capotexproduits"],"_links":{"self":[{"href":"https:\/\/www.capotex.com\/fr\/wp-json\/wp\/v2\/pages\/26301","targetHints":{"allow":["GET"]}}],"collection":[{"href":"https:\/\/www.capotex.com\/fr\/wp-json\/wp\/v2\/pages"}],"about":[{"href":"https:\/\/www.capotex.com\/fr\/wp-json\/wp\/v2\/types\/page"}],"author":[{"embeddable":true,"href":"https:\/\/www.capotex.com\/fr\/wp-json\/wp\/v2\/users\/1"}],"replies":[{"embeddable":true,"href":"https:\/\/www.capotex.com\/fr\/wp-json\/wp\/v2\/comments?post=26301"}],"version-history":[{"count":27,"href":"https:\/\/www.capotex.com\/fr\/wp-json\/wp\/v2\/pages\/26301\/revisions"}],"predecessor-version":[{"id":33369,"href":"https:\/\/www.capotex.com\/fr\/wp-json\/wp\/v2\/pages\/26301\/revisions\/33369"}],"up":[{"embeddable":true,"href":"https:\/\/www.capotex.com\/fr\/wp-json\/wp\/v2\/pages\/26208"}],"wp:featuredmedia":[{"embeddable":true,"href":"https:\/\/www.capotex.com\/fr\/wp-json\/wp\/v2\/media\/274"}],"wp:attachment":[{"href":"https:\/\/www.capotex.com\/fr\/wp-json\/wp\/v2\/media?parent=26301"}],"wp:term":[{"taxonomy":"post_tag","embeddable":true,"href":"https:\/\/www.capotex.com\/fr\/wp-json\/wp\/v2\/tags?post=26301"}],"curies":[{"name":"wp","href":"https:\/\/api.w.org\/{rel}","templated":true}]}}