{"id":26305,"date":"2023-05-16T14:28:12","date_gmt":"2023-05-16T13:28:12","guid":{"rendered":"https:\/\/capotex.com\/produits\/protections-laterales-du-convoyeur\/feuille-avec-crochet-a-charniere\/"},"modified":"2024-07-11T08:48:43","modified_gmt":"2024-07-11T07:48:43","slug":"protection-laterale-de-capots-du-conveyor","status":"publish","type":"page","link":"https:\/\/www.capotex.com\/fr\/protections-laterales-pour-convoyeurs\/protection-laterale-de-capots-du-conveyor\/","title":{"rendered":"Feuille avec crochet \u00e0 charni\u00e8re"},"content":{"rendered":"\t\t<div data-elementor-type=\"wp-page\" data-elementor-id=\"26305\" class=\"elementor elementor-26305 elementor-1844\" data-elementor-post-type=\"page\">\n\t\t\t\t<div class=\"elementor-element elementor-element-da441f7 e-flex e-con-boxed e-con e-parent\" data-id=\"da441f7\" data-element_type=\"container\" data-e-type=\"container\">\n\t\t\t\t\t<div class=\"e-con-inner\">\n\t\t\t\t<div class=\"elementor-element elementor-element-eb47344 elementor-widget elementor-widget-heading\" data-id=\"eb47344\" data-element_type=\"widget\" data-e-type=\"widget\" data-widget_type=\"heading.default\">\n\t\t\t\t<div class=\"elementor-widget-container\">\n\t\t\t\t\t<h1 class=\"elementor-heading-title elementor-size-default\">Protection lat\u00e9rale de Capots du Conveyor<\/h1>\t\t\t\t<\/div>\n\t\t\t\t<\/div>\n\t\t\t\t<div class=\"elementor-element elementor-element-00ed15b elementor-widget elementor-widget-heading\" data-id=\"00ed15b\" data-element_type=\"widget\" data-e-type=\"widget\" data-widget_type=\"heading.default\">\n\t\t\t\t<div class=\"elementor-widget-container\">\n\t\t\t\t\t<h2 class=\"elementor-heading-title elementor-size-default\">T\u00f4le de protection lat\u00e9rale de la bande de retour du convoyeur avec crochet (C9)<\/h2>\t\t\t\t<\/div>\n\t\t\t\t<\/div>\n\t\t\t\t<div class=\"elementor-element elementor-element-696476f elementor-widget elementor-widget-image\" data-id=\"696476f\" data-element_type=\"widget\" data-e-type=\"widget\" data-widget_type=\"image.default\">\n\t\t\t\t<div class=\"elementor-widget-container\">\n\t\t\t\t\t\t\t\t\t\t\t\t\t\t\t\t<a href=\"https:\/\/www.capotex.com\/wp-content\/uploads\/2024\/07\/Protection-laterale-de-capots-du-conveyor.jpg\" data-elementor-open-lightbox=\"yes\" data-elementor-lightbox-title=\"Protection lat\u00e9rale de capots du conveyor\" data-elementor-lightbox-description=\"Protection lat\u00e9rale de capots du conveyor\" data-e-action-hash=\"#elementor-action%3Aaction%3Dlightbox%26settings%3DeyJpZCI6MzUwNDMsInVybCI6Imh0dHBzOlwvXC93d3cuY2Fwb3RleC5jb21cL3dwLWNvbnRlbnRcL3VwbG9hZHNcLzIwMjRcLzA3XC9Qcm90ZWN0aW9uLWxhdGVyYWxlLWRlLWNhcG90cy1kdS1jb252ZXlvci5qcGcifQ%3D%3D\">\n\t\t\t\t\t\t\t<img fetchpriority=\"high\" decoding=\"async\" width=\"550\" height=\"400\" src=\"https:\/\/www.capotex.com\/wp-content\/uploads\/2024\/07\/Protection-laterale-de-capots-du-conveyor.jpg\" class=\"attachment-full size-full wp-image-35043\" alt=\"Protection lat\u00e9rale de capots du conveyor\" srcset=\"https:\/\/www.capotex.com\/wp-content\/uploads\/2024\/07\/Protection-laterale-de-capots-du-conveyor.jpg 550w, https:\/\/www.capotex.com\/wp-content\/uploads\/2024\/07\/Protection-laterale-de-capots-du-conveyor-300x218.jpg 300w\" sizes=\"(max-width: 550px) 100vw, 550px\" \/>\t\t\t\t\t\t\t\t<\/a>\n\t\t\t\t\t\t\t\t\t\t\t\t\t\t\t<\/div>\n\t\t\t\t<\/div>\n\t\t\t\t\t<\/div>\n\t\t\t\t<\/div>\n\t\t<div class=\"elementor-element elementor-element-960cde1 e-flex e-con-boxed e-con e-parent\" data-id=\"960cde1\" data-element_type=\"container\" data-e-type=\"container\">\n\t\t\t\t\t<div class=\"e-con-inner\">\n\t\t<div class=\"elementor-element elementor-element-c2aeaf2 e-con-full e-flex e-con e-child\" data-id=\"c2aeaf2\" data-element_type=\"container\" data-e-type=\"container\">\n\t\t\t\t<div class=\"elementor-element elementor-element-7e38445 elementor-widget elementor-widget-text-editor\" data-id=\"7e38445\" data-element_type=\"widget\" data-e-type=\"widget\" data-widget_type=\"text-editor.default\">\n\t\t\t\t<div class=\"elementor-widget-container\">\n\t\t\t\t\t\t\t\t\t<p><strong>Caract\u00e9ristiques :<\/strong><\/p>\n<ul>\n<li>Protection lat\u00e9rale : Prot\u00e8ge compl\u00e8tement contre les effets du vent lat\u00e9ral.<\/li>\n<li>Protection de la courroie de retour : Emp\u00eache le d\u00e9salignement de la courroie de retour d\u00fb \u00e0 la pression du vent ext\u00e9rieur.<\/li>\n<li>Protection contre l&rsquo;usure : Pr\u00e9vient l&rsquo;usure excessive caus\u00e9e par les petites particules transport\u00e9es par le vent. Il prolonge la dur\u00e9e de vie des rouleaux, du convoyeur, des structures en acier et de tous les composants du convoyeur.<\/li>\n<li>Protection de s\u00e9curit\u00e9 : emp\u00eache la manipulation accidentelle de la courroie de retour et l&rsquo;entr\u00e9e d&rsquo;animaux dans les transporteurs au sol.<\/li>\n<\/ul>\n\t\t\t\t\t\t\t\t<\/div>\n\t\t\t\t<\/div>\n\t\t\t\t<\/div>\n\t\t<div class=\"elementor-element elementor-element-b5ab741 e-con-full e-flex e-con e-child\" data-id=\"b5ab741\" data-element_type=\"container\" data-e-type=\"container\">\n\t\t\t\t<div class=\"elementor-element elementor-element-3e55d73 elementor-widget elementor-widget-text-editor\" data-id=\"3e55d73\" data-element_type=\"widget\" data-e-type=\"widget\" data-widget_type=\"text-editor.default\">\n\t\t\t\t<div class=\"elementor-widget-container\">\n\t\t\t\t\t\t\t\t\t<p><strong>Mat\u00e9riaux :<\/strong><\/p>\n<ul>\n<li>ZM 300-310<\/li>\n<li>Acier galvanis\u00e9<\/li>\n<li>Acier pr\u00e9laqu\u00e9<\/li>\n<li>HPS 200 Acier haute performance<\/li>\n<li>Acier inoxydable 304<\/li>\n<li>Acier inoxydable 316<\/li>\n<li>Polyester renforc\u00e9 de fibres<\/li>\n<li>Aluminium<\/li>\n<\/ul>\n\t\t\t\t\t\t\t\t<\/div>\n\t\t\t\t<\/div>\n\t\t\t\t<\/div>\n\t\t<div class=\"elementor-element elementor-element-f54198e e-con-full e-flex e-con e-child\" data-id=\"f54198e\" data-element_type=\"container\" data-e-type=\"container\">\n\t\t\t\t<div class=\"elementor-element elementor-element-253b21c elementor-widget elementor-widget-text-editor\" data-id=\"253b21c\" data-element_type=\"widget\" data-e-type=\"widget\" data-widget_type=\"text-editor.default\">\n\t\t\t\t<div class=\"elementor-widget-container\">\n\t\t\t\t\t\t\t\t\t<p><strong>Caract\u00e9ristiques techniques :<\/strong><\/p>\n<ul>\n<li><strong>Longueur<\/strong> en sections maximales jusqu&rsquo;\u00e0 3 m\u00e8tres.<\/li>\n<li><strong>Hauteur<\/strong> jusqu&rsquo;\u00e0 1 m\u00e8tre.<\/li>\n<li><strong>Poids du syst\u00e8me<\/strong> 15 kg\/m\u00e8tre.<\/li>\n<\/ul>\n\t\t\t\t\t\t\t\t<\/div>\n\t\t\t\t<\/div>\n\t\t\t\t<\/div>\n\t\t\t\t\t<\/div>\n\t\t\t\t<\/div>\n\t\t\t\t<\/div>\n\t\t","protected":false},"excerpt":{"rendered":"<p>Protection lat\u00e9rale de Capots du Conveyor T\u00f4le de protection lat\u00e9rale de la bande de retour du convoyeur avec crochet (C9) Caract\u00e9ristiques : Protection lat\u00e9rale : Prot\u00e8ge compl\u00e8tement contre les effets du vent lat\u00e9ral. Protection de la courroie de retour : Emp\u00eache le d\u00e9salignement de la courroie de retour d\u00fb \u00e0 la pression du vent ext\u00e9rieur. [&hellip;]<\/p>\n","protected":false},"author":1,"featured_media":1847,"parent":26282,"menu_order":30,"comment_status":"closed","ping_status":"closed","template":"","meta":{"_joinchat":[],"footnotes":""},"tags":[65],"class_list":["post-26305","page","type-page","status-publish","has-post-thumbnail","hentry","tag-courroie-de-retour"],"_links":{"self":[{"href":"https:\/\/www.capotex.com\/fr\/wp-json\/wp\/v2\/pages\/26305","targetHints":{"allow":["GET"]}}],"collection":[{"href":"https:\/\/www.capotex.com\/fr\/wp-json\/wp\/v2\/pages"}],"about":[{"href":"https:\/\/www.capotex.com\/fr\/wp-json\/wp\/v2\/types\/page"}],"author":[{"embeddable":true,"href":"https:\/\/www.capotex.com\/fr\/wp-json\/wp\/v2\/users\/1"}],"replies":[{"embeddable":true,"href":"https:\/\/www.capotex.com\/fr\/wp-json\/wp\/v2\/comments?post=26305"}],"version-history":[{"count":12,"href":"https:\/\/www.capotex.com\/fr\/wp-json\/wp\/v2\/pages\/26305\/revisions"}],"predecessor-version":[{"id":35049,"href":"https:\/\/www.capotex.com\/fr\/wp-json\/wp\/v2\/pages\/26305\/revisions\/35049"}],"up":[{"embeddable":true,"href":"https:\/\/www.capotex.com\/fr\/wp-json\/wp\/v2\/pages\/26282"}],"wp:featuredmedia":[{"embeddable":true,"href":"https:\/\/www.capotex.com\/fr\/wp-json\/wp\/v2\/media\/1847"}],"wp:attachment":[{"href":"https:\/\/www.capotex.com\/fr\/wp-json\/wp\/v2\/media?parent=26305"}],"wp:term":[{"taxonomy":"post_tag","embeddable":true,"href":"https:\/\/www.capotex.com\/fr\/wp-json\/wp\/v2\/tags?post=26305"}],"curies":[{"name":"wp","href":"https:\/\/api.w.org\/{rel}","templated":true}]}}