{"id":26316,"date":"2023-05-16T15:46:40","date_gmt":"2023-05-16T14:46:40","guid":{"rendered":"https:\/\/capotex.com\/produits\/modeles-standard\/paris\/"},"modified":"2024-06-27T09:16:21","modified_gmt":"2024-06-27T08:16:21","slug":"paris","status":"publish","type":"page","link":"https:\/\/www.capotex.com\/fr\/capots-pour-convoyeurs\/couvertures-de-convoyeur\/paris\/","title":{"rendered":"Paris"},"content":{"rendered":"\t\t<div data-elementor-type=\"wp-page\" data-elementor-id=\"26316\" class=\"elementor elementor-26316 elementor-1907\" data-elementor-post-type=\"page\">\n\t\t\t\t<div class=\"elementor-element elementor-element-7daee0b e-flex e-con-boxed e-con e-parent\" data-id=\"7daee0b\" data-element_type=\"container\" data-e-type=\"container\">\n\t\t\t\t\t<div class=\"e-con-inner\">\n\t\t<div class=\"elementor-element elementor-element-f6c0b1c e-con-full e-flex e-con e-child\" data-id=\"f6c0b1c\" data-element_type=\"container\" data-e-type=\"container\">\n\t\t\t\t<div class=\"elementor-element elementor-element-a956464 elementor-widget elementor-widget-image\" data-id=\"a956464\" data-element_type=\"widget\" data-e-type=\"widget\" data-widget_type=\"image.default\">\n\t\t\t\t<div class=\"elementor-widget-container\">\n\t\t\t\t\t\t\t\t\t\t\t\t\t\t\t<img fetchpriority=\"high\" decoding=\"async\" width=\"976\" height=\"537\" src=\"https:\/\/www.capotex.com\/wp-content\/uploads\/2024\/05\/Capots-pour-convoyeurs-Paris.webp\" class=\"attachment-full size-full wp-image-33378\" alt=\"Capots pour convoyeurs Paris\" srcset=\"https:\/\/www.capotex.com\/wp-content\/uploads\/2024\/05\/Capots-pour-convoyeurs-Paris.webp 976w, https:\/\/www.capotex.com\/wp-content\/uploads\/2024\/05\/Capots-pour-convoyeurs-Paris-300x165.webp 300w, https:\/\/www.capotex.com\/wp-content\/uploads\/2024\/05\/Capots-pour-convoyeurs-Paris-768x423.webp 768w\" sizes=\"(max-width: 976px) 100vw, 976px\" \/>\t\t\t\t\t\t\t\t\t\t\t\t\t\t\t<\/div>\n\t\t\t\t<\/div>\n\t\t\t\t<\/div>\n\t\t\t\t\t<\/div>\n\t\t\t\t<\/div>\n\t\t<div class=\"elementor-element elementor-element-b672f8d e-flex e-con-boxed e-con e-parent\" data-id=\"b672f8d\" data-element_type=\"container\" data-e-type=\"container\">\n\t\t\t\t\t<div class=\"e-con-inner\">\n\t\t<div class=\"elementor-element elementor-element-8946432 e-con-full e-flex e-con e-child\" data-id=\"8946432\" data-element_type=\"container\" data-e-type=\"container\">\n\t\t\t\t<div class=\"elementor-element elementor-element-96fe5d5 elementor-widget elementor-widget-heading\" data-id=\"96fe5d5\" data-element_type=\"widget\" data-e-type=\"widget\" data-widget_type=\"heading.default\">\n\t\t\t\t<div class=\"elementor-widget-container\">\n\t\t\t\t\t<h2 class=\"elementor-heading-title elementor-size-default\">Paris (avec charni\u00e8re d'un c\u00f4t\u00e9)<\/h2>\t\t\t\t<\/div>\n\t\t\t\t<\/div>\n\t\t\t\t<div class=\"elementor-element elementor-element-c513abb elementor-widget elementor-widget-text-editor\" data-id=\"c513abb\" data-element_type=\"widget\" data-e-type=\"widget\" data-widget_type=\"text-editor.default\">\n\t\t\t\t<div class=\"elementor-widget-container\">\n\t\t\t\t\t\t\t\t\t<p><strong>Le capot Paris<\/strong> a \u00e9t\u00e9 con\u00e7u pour \u00eatre install\u00e9 l\u00e0 o\u00f9 l&rsquo;acc\u00e8s des deux c\u00f4t\u00e9s de la bande n&rsquo;\u00e9tait pas possible. Con\u00e7u \u00e0 l&rsquo;origine comme une adaptation du mod\u00e8le MADRID, il est devenu au fil du temps un classique dot\u00e9 d&rsquo;une identit\u00e9 propre.<\/p>\t\t\t\t\t\t\t\t<\/div>\n\t\t\t\t<\/div>\n\t\t<div class=\"elementor-element elementor-element-c167612 e-flex e-con-boxed e-con e-child\" data-id=\"c167612\" data-element_type=\"container\" data-e-type=\"container\">\n\t\t\t\t\t<div class=\"e-con-inner\">\n\t\t\t\t<div class=\"elementor-element elementor-element-084d461 elementor-widget elementor-widget-image\" data-id=\"084d461\" data-element_type=\"widget\" data-e-type=\"widget\" data-widget_type=\"image.default\">\n\t\t\t\t<div class=\"elementor-widget-container\">\n\t\t\t\t\t\t\t\t\t\t\t\t<figure class=\"wp-caption\">\n\t\t\t\t\t\t\t\t\t\t\t<a href=\"https:\/\/www.capotex.com\/wp-content\/uploads\/2023\/07\/Paris-Classic-FR.pdf\" target=\"_blank\">\n\t\t\t\t\t\t\t<img decoding=\"async\" width=\"608\" height=\"430\" src=\"https:\/\/www.capotex.com\/wp-content\/uploads\/2023\/07\/Paris-Classic-Cover.jpg\" class=\"attachment-full size-full wp-image-26986\" alt=\"\" srcset=\"https:\/\/www.capotex.com\/wp-content\/uploads\/2023\/07\/Paris-Classic-Cover.jpg 608w, https:\/\/www.capotex.com\/wp-content\/uploads\/2023\/07\/Paris-Classic-Cover-300x212.jpg 300w\" sizes=\"(max-width: 608px) 100vw, 608px\" \/>\t\t\t\t\t\t\t\t<\/a>\n\t\t\t\t\t\t\t\t\t\t\t<figcaption class=\"widget-image-caption wp-caption-text\">T\u00e9l\u00e9charger le plan de courbure \"Classique\" en pdf<\/figcaption>\n\t\t\t\t\t\t\t\t\t\t<\/figure>\n\t\t\t\t\t\t\t\t\t<\/div>\n\t\t\t\t<\/div>\n\t\t\t\t<div class=\"elementor-element elementor-element-7423b17 elementor-widget elementor-widget-image\" data-id=\"7423b17\" data-element_type=\"widget\" data-e-type=\"widget\" data-widget_type=\"image.default\">\n\t\t\t\t<div class=\"elementor-widget-container\">\n\t\t\t\t\t\t\t\t\t\t\t\t<figure class=\"wp-caption\">\n\t\t\t\t\t\t\t\t\t\t\t<a href=\"https:\/\/www.capotex.com\/wp-content\/uploads\/2023\/07\/Paris-Plus-FR.pdf\" target=\"_blank\">\n\t\t\t\t\t\t\t<img decoding=\"async\" width=\"607\" height=\"429\" src=\"https:\/\/www.capotex.com\/wp-content\/uploads\/2023\/07\/Paris-Plus-Cover.jpg\" class=\"attachment-full size-full wp-image-26990\" alt=\"\" srcset=\"https:\/\/www.capotex.com\/wp-content\/uploads\/2023\/07\/Paris-Plus-Cover.jpg 607w, https:\/\/www.capotex.com\/wp-content\/uploads\/2023\/07\/Paris-Plus-Cover-300x212.jpg 300w\" sizes=\"(max-width: 607px) 100vw, 607px\" \/>\t\t\t\t\t\t\t\t<\/a>\n\t\t\t\t\t\t\t\t\t\t\t<figcaption class=\"widget-image-caption wp-caption-text\">T\u00e9l\u00e9charger le plan de courbure \"Plus\" en pdf<\/figcaption>\n\t\t\t\t\t\t\t\t\t\t<\/figure>\n\t\t\t\t\t\t\t\t\t<\/div>\n\t\t\t\t<\/div>\n\t\t\t\t\t<\/div>\n\t\t\t\t<\/div>\n\t\t\t\t<\/div>\n\t\t\t\t\t<\/div>\n\t\t\t\t<\/div>\n\t\t<div class=\"elementor-element elementor-element-a8e662f elementor-hidden-mobile e-flex e-con-boxed e-con e-parent\" data-id=\"a8e662f\" data-element_type=\"container\" data-e-type=\"container\">\n\t\t\t\t\t<div class=\"e-con-inner\">\n\t\t<div class=\"elementor-element elementor-element-6afdb48 e-con-full e-flex e-con e-child\" data-id=\"6afdb48\" data-element_type=\"container\" data-e-type=\"container\">\n\t\t\t\t<div class=\"elementor-element elementor-element-ff8c9e7 elementor-tabs-view-horizontal elementor-widget elementor-widget-tabs\" data-id=\"ff8c9e7\" data-element_type=\"widget\" data-e-type=\"widget\" data-widget_type=\"tabs.default\">\n\t\t\t\t<div class=\"elementor-widget-container\">\n\t\t\t\t\t\t\t<div class=\"elementor-tabs\">\n\t\t\t<div class=\"elementor-tabs-wrapper\" role=\"tablist\" >\n\t\t\t\t\t\t\t\t\t<div id=\"elementor-tab-title-2671\" class=\"elementor-tab-title elementor-tab-desktop-title\" aria-selected=\"true\" data-tab=\"1\" role=\"tab\" tabindex=\"0\" aria-controls=\"elementor-tab-content-2671\" aria-expanded=\"false\">Caract\u00e9ristiques<\/div>\n\t\t\t\t\t\t\t\t\t<div id=\"elementor-tab-title-2672\" class=\"elementor-tab-title elementor-tab-desktop-title\" aria-selected=\"false\" data-tab=\"2\" role=\"tab\" tabindex=\"-1\" aria-controls=\"elementor-tab-content-2672\" aria-expanded=\"false\">Instructions d'installation<\/div>\n\t\t\t\t\t\t\t\t\t<div id=\"elementor-tab-title-2673\" class=\"elementor-tab-title elementor-tab-desktop-title\" aria-selected=\"false\" data-tab=\"3\" role=\"tab\" tabindex=\"-1\" aria-controls=\"elementor-tab-content-2673\" aria-expanded=\"false\">Fixations<\/div>\n\t\t\t\t\t\t\t<\/div>\n\t\t\t<div class=\"elementor-tabs-content-wrapper\" role=\"tablist\" aria-orientation=\"vertical\">\n\t\t\t\t\t\t\t\t\t<div class=\"elementor-tab-title elementor-tab-mobile-title\" aria-selected=\"true\" data-tab=\"1\" role=\"tab\" tabindex=\"0\" aria-controls=\"elementor-tab-content-2671\" aria-expanded=\"false\">Caract\u00e9ristiques<\/div>\n\t\t\t\t\t<div id=\"elementor-tab-content-2671\" class=\"elementor-tab-content elementor-clearfix\" data-tab=\"1\" role=\"tabpanel\" aria-labelledby=\"elementor-tab-title-2671\" tabindex=\"0\" hidden=\"false\"><p><strong>Compl\u00e8tement ferm\u00e9<\/strong>: le car\u00e9nage couvre 180\u00ba, jusqu&rsquo;au cadre de la bande transporteuse.<br \/>Pliage des deux c\u00f4t\u00e9s : notre syst\u00e8me de charni\u00e8re brevet\u00e9 C-1 permet un acc\u00e8s rapide \u00e0 la bande transporteuse, sans avoir \u00e0 d\u00e9monter compl\u00e8tement le capot. Seuls deux \u00e9crous doivent \u00eatre d\u00e9viss\u00e9s.<\/p><p><strong>D\u00e9montable<\/strong>: le capot Par\u00eds peut \u00eatre enti\u00e8rement d\u00e9mont\u00e9e.<\/p><p><strong>Autonome<\/strong>: il ne n\u00e9cessite aucune structure.<\/p><p><strong>Rapide et simple \u00e0 installer<\/strong>: il s&rsquo;adapte \u00e0 pratiquement tous les convoyeurs \u00e0 bande.<\/p><\/div>\n\t\t\t\t\t\t\t\t\t<div class=\"elementor-tab-title elementor-tab-mobile-title\" aria-selected=\"false\" data-tab=\"2\" role=\"tab\" tabindex=\"-1\" aria-controls=\"elementor-tab-content-2672\" aria-expanded=\"false\">Instructions d'installation<\/div>\n\t\t\t\t\t<div id=\"elementor-tab-content-2672\" class=\"elementor-tab-content elementor-clearfix\" data-tab=\"2\" role=\"tabpanel\" aria-labelledby=\"elementor-tab-title-2672\" tabindex=\"0\" hidden=\"hidden\"><p>\t\t<div data-elementor-type=\"section\" data-elementor-id=\"26723\" class=\"elementor elementor-26723 elementor-202 elementor-202\" data-elementor-post-type=\"elementor_library\">\n\t\t\t\t\t<section class=\"elementor-section elementor-top-section elementor-element elementor-element-a30b6e7 elementor-section-boxed elementor-section-height-default elementor-section-height-default\" data-id=\"a30b6e7\" data-element_type=\"section\" data-e-type=\"section\">\n\t\t\t\t\t\t<div class=\"elementor-container elementor-column-gap-default\">\n\t\t\t\t\t<div class=\"elementor-column elementor-col-100 elementor-top-column elementor-element elementor-element-1b3ce04\" data-id=\"1b3ce04\" data-element_type=\"column\" data-e-type=\"column\">\n\t\t\t<div class=\"elementor-widget-wrap elementor-element-populated\">\n\t\t\t\t\t\t<div class=\"elementor-element elementor-element-d2df1f2 elementor-widget elementor-widget-text-editor\" data-id=\"d2df1f2\" data-element_type=\"widget\" data-e-type=\"widget\" data-widget_type=\"text-editor.default\">\n\t\t\t\t<div class=\"elementor-widget-container\">\n\t\t\t\t\t\t\t\t\t<p><strong>Ne jamais installer d&rsquo;abord toutes les corni\u00e8res en acier<\/strong>; les petites diff\u00e9rences dimensionnelles que les capots peuvent pr\u00e9senter l&rsquo;un par rapport \u00e0 l&rsquo;autre peuvent se traduire par une diff\u00e9rence importante en cas de grandes quantit\u00e9s. Il suffit d&rsquo;installer huit corni\u00e8res et de les recouvrir de deux capots, et ainsi de suite.<\/p>\n<p><strong>Installez les capots en alternance<\/strong>, l&rsquo;un au-dessus et l&rsquo;autre au-dessous, et ainsi de suite. Ne les posez pas toutes sur la pr\u00e9c\u00e9dente.<\/p>\n<p><strong>Outils n\u00e9cessaires<\/strong>: Tournevis \u00e9lectrique de 8 mm. (pour les corni\u00e8res en acier) ou du mat\u00e9riel de soudage (pour les plaques en acier), deux douilles de 10 mm. et un de 11 mm. cl\u00e9s.<\/p>\n<p><strong>Arr\u00eatez le convoyeur \u00e0 bande avant de commencer l&rsquo;installation.<\/strong><\/p>\n<p><strong>Utiliser les EPI<\/strong> (\u00e9quipements de protection individuelle) requis par la loi. CAPOTEX recommande l&rsquo;utilisation de gants, d&rsquo;un casque, de bottes de s\u00e9curit\u00e9, de protections auditives et d&rsquo;un masque de soudage (pour le soudage de t\u00f4les d&rsquo;acier uniquement).<\/p>\n\t\t\t\t\t\t\t\t<\/div>\n\t\t\t\t<\/div>\n\t\t\t\t<div class=\"elementor-element elementor-element-ce56979 elementor-widget elementor-widget-video\" data-id=\"ce56979\" data-element_type=\"widget\" data-e-type=\"widget\" data-settings=\"{&quot;youtube_url&quot;:&quot;https:\\\/\\\/youtu.be\\\/PbbaSGmwPGM&quot;,&quot;mute&quot;:&quot;yes&quot;,&quot;lazy_load&quot;:&quot;yes&quot;,&quot;video_type&quot;:&quot;youtube&quot;,&quot;controls&quot;:&quot;yes&quot;}\" data-widget_type=\"video.default\">\n\t\t\t\t<div class=\"elementor-widget-container\">\n\t\t\t\t\t\t\t<div class=\"elementor-wrapper elementor-open-inline\">\n\t\t\t<div class=\"elementor-video\"><\/div>\t\t<\/div>\n\t\t\t\t\t\t<\/div>\n\t\t\t\t<\/div>\n\t\t\t\t\t<\/div>\n\t\t<\/div>\n\t\t\t\t\t<\/div>\n\t\t<\/section>\n\t\t\t\t<\/div>\n\t\t<\/p>\n<\/div>\n\t\t\t\t\t\t\t\t\t<div class=\"elementor-tab-title elementor-tab-mobile-title\" aria-selected=\"false\" data-tab=\"3\" role=\"tab\" tabindex=\"-1\" aria-controls=\"elementor-tab-content-2673\" aria-expanded=\"false\">Fixations<\/div>\n\t\t\t\t\t<div id=\"elementor-tab-content-2673\" class=\"elementor-tab-content elementor-clearfix\" data-tab=\"3\" role=\"tabpanel\" aria-labelledby=\"elementor-tab-title-2673\" tabindex=\"0\" hidden=\"hidden\"><table><tbody><tr style=\"background-color: #00678a; color: #f9fafa;\"><th>Mod\u00e8le<\/th><th>Format<\/th><th>Fixation<\/th><th>Photo<\/th><th>Largeur de l&rsquo;angle en acier<\/th><\/tr><tr><td>Paris<\/td><td><a href=\"https:\/\/www.capotex.com\/fr\/capots-pour-convoyeurs\/capots-convoyeurs-a-bande\/\">Classique<\/a><\/td><td><a href=\"https:\/\/www.capotex.com\/fr\/fixations-pour-capots-pour-convoyeurs\/c1\/\">C-1 Charni\u00e8re de verrouillage (2)<\/a><\/td><td rowspan=\"3\"><a href=\"https:\/\/www.capotex.com\/fr\/produits\/fixations\/charniere-de-verrouillage-c1\/\"><img decoding=\"async\" src=\"https:\/\/www.capotex.com\/wp-content\/uploads\/2023\/05\/Capotex-fixings-C1-Lock-Hinge.webp\" width=\"300\" \/><\/a><\/td><td>40 mm.<\/td><\/tr><tr><td>\u00a0<\/td><td>\u00a0<\/td><td>\u00a0<\/td><td>70 mm.<\/td><\/tr><tr><td>\u00a0<\/td><td>\u00a0<\/td><td>\u00a0<\/td><td>Sp\u00e9cial (sur demande)<\/td><\/tr><tr><td>\u00a0<\/td><td>\u00a0<\/td><td><a href=\"https:\/\/www.capotex.com\/fr\/fixations-pour-capots-pour-convoyeurs\/c2\/\">C-2 Charni\u00e8re standard (2)<\/a><\/td><td rowspan=\"3\"><a href=\"https:\/\/www.capotex.com\/fr\/produits\/fixations\/charniere-standard-c2\/\"><img decoding=\"async\" src=\"https:\/\/www.capotex.com\/wp-content\/uploads\/2023\/05\/Capotex-fixings-C2-Standard-Hinge.webp\" width=\"300\" \/><\/a><\/td><td>40 mm.<\/td><\/tr><tr><td>\u00a0<\/td><td>\u00a0<\/td><td>\u00a0<\/td><td>70 mm.<\/td><\/tr><tr><td>\u00a0<\/td><td>\u00a0<\/td><td>\u00a0<\/td><td>Sp\u00e9cial (sur demande)<\/td><\/tr><tr><td>\u00a0<\/td><td><a href=\"https:\/\/www.capotex.com\/fr\/capots-pour-convoyeurs\/capots-convoyeurs-a-bande\/\">Plus<\/a><\/td><td><a href=\"https:\/\/www.capotex.com\/fr\/fixations-pour-capots-pour-convoyeurs\/c1\/\">C-1 Charni\u00e8re de verrouillage (2)<\/a><\/td><td rowspan=\"3\"><a href=\"https:\/\/www.capotex.com\/fr\/produits\/fixations\/charniere-de-verrouillage-c1\/\"><img decoding=\"async\" src=\"https:\/\/www.capotex.com\/wp-content\/uploads\/2023\/05\/Capotex-fixings-C1-Lock-Hinge.webp\" width=\"300\" \/><\/a><\/td><td>40 mm.<\/td><\/tr><tr><td>\u00a0<\/td><td>\u00a0<\/td><td>\u00a0<\/td><td>70 mm.<\/td><\/tr><tr><td>\u00a0<\/td><td>\u00a0<\/td><td>\u00a0<\/td><td>Sp\u00e9cial (sur demande)<\/td><\/tr><tr><td>\u00a0<\/td><td>\u00a0<\/td><td><a href=\"https:\/\/www.capotex.com\/fr\/fixations-pour-capots-pour-convoyeurs\/c2\/\">C-2 Charni\u00e8re standard (2)<\/a><\/td><td rowspan=\"3\"><a href=\"https:\/\/www.capotex.com\/fr\/produits\/fixations\/charniere-standard-c2\/\"><img decoding=\"async\" src=\"https:\/\/www.capotex.com\/wp-content\/uploads\/2023\/05\/Capotex-fixings-C2-Standard-Hinge.webp\" width=\"300\" \/><\/a><\/td><td>40 mm.<\/td><\/tr><tr><td>\u00a0<\/td><td>\u00a0<\/td><td>\u00a0<\/td><td>70 mm.<\/td><\/tr><tr><td>\u00a0<\/td><td>\u00a0<\/td><td>\u00a0<\/td><td>Sp\u00e9cial (sur demande)<\/td><\/tr><\/tbody><\/table><\/div>\n\t\t\t\t\t\t\t<\/div>\n\t\t<\/div>\n\t\t\t\t\t\t<\/div>\n\t\t\t\t<\/div>\n\t\t\t\t<\/div>\n\t\t\t\t\t<\/div>\n\t\t\t\t<\/div>\n\t\t<div class=\"elementor-element elementor-element-e2a244e elementor-hidden-desktop elementor-hidden-tablet e-flex e-con-boxed e-con e-parent\" data-id=\"e2a244e\" data-element_type=\"container\" data-e-type=\"container\">\n\t\t\t\t\t<div class=\"e-con-inner\">\n\t\t<div class=\"elementor-element elementor-element-e5651ff e-con-full e-flex e-con e-child\" data-id=\"e5651ff\" data-element_type=\"container\" data-e-type=\"container\">\n\t\t\t\t<div class=\"elementor-element elementor-element-8c8ba51 elementor-tabs-view-horizontal elementor-widget elementor-widget-tabs\" data-id=\"8c8ba51\" data-element_type=\"widget\" data-e-type=\"widget\" data-widget_type=\"tabs.default\">\n\t\t\t\t<div class=\"elementor-widget-container\">\n\t\t\t\t\t\t\t<div class=\"elementor-tabs\">\n\t\t\t<div class=\"elementor-tabs-wrapper\" role=\"tablist\" >\n\t\t\t\t\t\t\t\t\t<div id=\"elementor-tab-title-1471\" class=\"elementor-tab-title elementor-tab-desktop-title\" aria-selected=\"true\" data-tab=\"1\" role=\"tab\" tabindex=\"0\" aria-controls=\"elementor-tab-content-1471\" aria-expanded=\"false\">Caract\u00e9ristiques<\/div>\n\t\t\t\t\t\t\t\t\t<div id=\"elementor-tab-title-1472\" class=\"elementor-tab-title elementor-tab-desktop-title\" aria-selected=\"false\" data-tab=\"2\" role=\"tab\" tabindex=\"-1\" aria-controls=\"elementor-tab-content-1472\" aria-expanded=\"false\">Instructions d'installation<\/div>\n\t\t\t\t\t\t\t\t\t<div id=\"elementor-tab-title-1473\" class=\"elementor-tab-title elementor-tab-desktop-title\" aria-selected=\"false\" data-tab=\"3\" role=\"tab\" tabindex=\"-1\" aria-controls=\"elementor-tab-content-1473\" aria-expanded=\"false\">Fixations<\/div>\n\t\t\t\t\t\t\t<\/div>\n\t\t\t<div class=\"elementor-tabs-content-wrapper\" role=\"tablist\" aria-orientation=\"vertical\">\n\t\t\t\t\t\t\t\t\t<div class=\"elementor-tab-title elementor-tab-mobile-title\" aria-selected=\"true\" data-tab=\"1\" role=\"tab\" tabindex=\"0\" aria-controls=\"elementor-tab-content-1471\" aria-expanded=\"false\">Caract\u00e9ristiques<\/div>\n\t\t\t\t\t<div id=\"elementor-tab-content-1471\" class=\"elementor-tab-content elementor-clearfix\" data-tab=\"1\" role=\"tabpanel\" aria-labelledby=\"elementor-tab-title-1471\" tabindex=\"0\" hidden=\"false\"><p><strong>Compl\u00e8tement ferm\u00e9<\/strong>: le car\u00e9nage couvre 180\u00ba, jusqu&rsquo;au cadre de la bande transporteuse.<br \/>Pliage des deux c\u00f4t\u00e9s : notre syst\u00e8me de charni\u00e8re brevet\u00e9 C-1 permet un acc\u00e8s rapide \u00e0 la bande transporteuse, sans avoir \u00e0 d\u00e9monter compl\u00e8tement le capot. Seuls deux \u00e9crous doivent \u00eatre d\u00e9viss\u00e9s.<\/p><p><strong>D\u00e9montable<\/strong>: le capot Par\u00eds peut \u00eatre enti\u00e8rement d\u00e9mont\u00e9e.<\/p><p><strong>Autonome<\/strong>: il ne n\u00e9cessite aucune structure.<\/p><p><strong>Rapide et simple \u00e0 installer<\/strong>: il s&rsquo;adapte \u00e0 pratiquement tous les convoyeurs \u00e0 bande.<\/p><\/div>\n\t\t\t\t\t\t\t\t\t<div class=\"elementor-tab-title elementor-tab-mobile-title\" aria-selected=\"false\" data-tab=\"2\" role=\"tab\" tabindex=\"-1\" aria-controls=\"elementor-tab-content-1472\" aria-expanded=\"false\">Instructions d'installation<\/div>\n\t\t\t\t\t<div id=\"elementor-tab-content-1472\" class=\"elementor-tab-content elementor-clearfix\" data-tab=\"2\" role=\"tabpanel\" aria-labelledby=\"elementor-tab-title-1472\" tabindex=\"0\" hidden=\"hidden\"><p>\t\t<div data-elementor-type=\"section\" data-elementor-id=\"26723\" class=\"elementor elementor-26723 elementor-202 elementor-202\" data-elementor-post-type=\"elementor_library\">\n\t\t\t\t\t<section class=\"elementor-section elementor-top-section elementor-element elementor-element-a30b6e7 elementor-section-boxed elementor-section-height-default elementor-section-height-default\" data-id=\"a30b6e7\" data-element_type=\"section\" data-e-type=\"section\">\n\t\t\t\t\t\t<div class=\"elementor-container elementor-column-gap-default\">\n\t\t\t\t\t<div class=\"elementor-column elementor-col-100 elementor-top-column elementor-element elementor-element-1b3ce04\" data-id=\"1b3ce04\" data-element_type=\"column\" data-e-type=\"column\">\n\t\t\t<div class=\"elementor-widget-wrap elementor-element-populated\">\n\t\t\t\t\t\t<div class=\"elementor-element elementor-element-d2df1f2 elementor-widget elementor-widget-text-editor\" data-id=\"d2df1f2\" data-element_type=\"widget\" data-e-type=\"widget\" data-widget_type=\"text-editor.default\">\n\t\t\t\t<div class=\"elementor-widget-container\">\n\t\t\t\t\t\t\t\t\t<p><strong>Ne jamais installer d&rsquo;abord toutes les corni\u00e8res en acier<\/strong>; les petites diff\u00e9rences dimensionnelles que les capots peuvent pr\u00e9senter l&rsquo;un par rapport \u00e0 l&rsquo;autre peuvent se traduire par une diff\u00e9rence importante en cas de grandes quantit\u00e9s. Il suffit d&rsquo;installer huit corni\u00e8res et de les recouvrir de deux capots, et ainsi de suite.<\/p>\n<p><strong>Installez les capots en alternance<\/strong>, l&rsquo;un au-dessus et l&rsquo;autre au-dessous, et ainsi de suite. Ne les posez pas toutes sur la pr\u00e9c\u00e9dente.<\/p>\n<p><strong>Outils n\u00e9cessaires<\/strong>: Tournevis \u00e9lectrique de 8 mm. (pour les corni\u00e8res en acier) ou du mat\u00e9riel de soudage (pour les plaques en acier), deux douilles de 10 mm. et un de 11 mm. cl\u00e9s.<\/p>\n<p><strong>Arr\u00eatez le convoyeur \u00e0 bande avant de commencer l&rsquo;installation.<\/strong><\/p>\n<p><strong>Utiliser les EPI<\/strong> (\u00e9quipements de protection individuelle) requis par la loi. CAPOTEX recommande l&rsquo;utilisation de gants, d&rsquo;un casque, de bottes de s\u00e9curit\u00e9, de protections auditives et d&rsquo;un masque de soudage (pour le soudage de t\u00f4les d&rsquo;acier uniquement).<\/p>\n\t\t\t\t\t\t\t\t<\/div>\n\t\t\t\t<\/div>\n\t\t\t\t<div class=\"elementor-element elementor-element-ce56979 elementor-widget elementor-widget-video\" data-id=\"ce56979\" data-element_type=\"widget\" data-e-type=\"widget\" data-settings=\"{&quot;youtube_url&quot;:&quot;https:\\\/\\\/youtu.be\\\/PbbaSGmwPGM&quot;,&quot;mute&quot;:&quot;yes&quot;,&quot;lazy_load&quot;:&quot;yes&quot;,&quot;video_type&quot;:&quot;youtube&quot;,&quot;controls&quot;:&quot;yes&quot;}\" data-widget_type=\"video.default\">\n\t\t\t\t<div class=\"elementor-widget-container\">\n\t\t\t\t\t\t\t<div class=\"elementor-wrapper elementor-open-inline\">\n\t\t\t<div class=\"elementor-video\"><\/div>\t\t<\/div>\n\t\t\t\t\t\t<\/div>\n\t\t\t\t<\/div>\n\t\t\t\t\t<\/div>\n\t\t<\/div>\n\t\t\t\t\t<\/div>\n\t\t<\/section>\n\t\t\t\t<\/div>\n\t\t<\/p>\n<\/div>\n\t\t\t\t\t\t\t\t\t<div class=\"elementor-tab-title elementor-tab-mobile-title\" aria-selected=\"false\" data-tab=\"3\" role=\"tab\" tabindex=\"-1\" aria-controls=\"elementor-tab-content-1473\" aria-expanded=\"false\">Fixations<\/div>\n\t\t\t\t\t<div id=\"elementor-tab-content-1473\" class=\"elementor-tab-content elementor-clearfix\" data-tab=\"3\" role=\"tabpanel\" aria-labelledby=\"elementor-tab-title-1473\" tabindex=\"0\" hidden=\"hidden\"><table><tbody><tr style=\"background-color: #00678a; color: #f9fafa;\"><th>Forme de la courbure<\/th><th>Fixation<\/th><th>Largeur de l&rsquo;angle en acier<\/th><\/tr><tr><td><a href=\"https:\/\/www.capotex.com\/fr\/capots-pour-convoyeurs\/capots-convoyeurs-a-bande\/\">Classique<\/a><\/td><td><a href=\"https:\/\/www.capotex.com\/fr\/fixations-pour-capots-pour-convoyeurs\/c1\/\">C-1 Charni\u00e8re de verrouillage (2)<\/a><\/td><td>40 mm.<\/td><\/tr><tr><td>\u00a0<\/td><td>\u00a0<\/td><td>70 mm.<\/td><\/tr><tr><td>\u00a0<\/td><td>\u00a0<\/td><td>Sp\u00e9cial (sur demande)<\/td><\/tr><tr><td>\u00a0<\/td><td><a href=\"https:\/\/www.capotex.com\/fr\/fixations-pour-capots-pour-convoyeurs\/c2\/\">C-2 Charni\u00e8re standard (2)<\/a><\/td><td>40 mm.<\/td><\/tr><tr><td>\u00a0<\/td><td>\u00a0<\/td><td>70 mm.<\/td><\/tr><tr><td>\u00a0<\/td><td>\u00a0<\/td><td>Sp\u00e9cial (sur demande)<\/td><\/tr><tr><td><a href=\"https:\/\/www.capotex.com\/fr\/capots-pour-convoyeurs\/capots-convoyeurs-a-bande\/\">Plus<\/a><\/td><td><a href=\"https:\/\/www.capotex.com\/fr\/fixations-pour-capots-pour-convoyeurs\/c1\/\">C-1 Charni\u00e8re de verrouillage (2)<\/a><\/td><td>40 mm.<\/td><\/tr><tr><td>\u00a0<\/td><td>\u00a0<\/td><td>70 mm.<\/td><\/tr><tr><td>\u00a0<\/td><td>\u00a0<\/td><td>Sp\u00e9cial (sur demande)<\/td><\/tr><tr><td>\u00a0<\/td><td><a href=\"https:\/\/www.capotex.com\/fr\/fixations-pour-capots-pour-convoyeurs\/c2\/\">C-2 Charni\u00e8re standard (2)<\/a><\/td><td>40 mm.<\/td><\/tr><tr><td>\u00a0<\/td><td>\u00a0<\/td><td>70 mm.<\/td><\/tr><tr><td>\u00a0<\/td><td>\u00a0<\/td><td>Sp\u00e9cial (sur demande)<\/td><\/tr><\/tbody><\/table><\/div>\n\t\t\t\t\t\t\t<\/div>\n\t\t<\/div>\n\t\t\t\t\t\t<\/div>\n\t\t\t\t<\/div>\n\t\t\t\t<\/div>\n\t\t\t\t\t<\/div>\n\t\t\t\t<\/div>\n\t\t\t\t<\/div>\n\t\t","protected":false},"excerpt":{"rendered":"<p>Ouverture d&rsquo;un c\u00f4t\u00e9<\/p>\n","protected":false},"author":1,"featured_media":219,"parent":26301,"menu_order":20,"comment_status":"closed","ping_status":"closed","template":"","meta":{"_joinchat":[],"footnotes":""},"tags":[70],"class_list":["post-26316","page","type-page","status-publish","has-post-thumbnail","hentry","tag-modeles-de-convoyeurs"],"_links":{"self":[{"href":"https:\/\/www.capotex.com\/fr\/wp-json\/wp\/v2\/pages\/26316","targetHints":{"allow":["GET"]}}],"collection":[{"href":"https:\/\/www.capotex.com\/fr\/wp-json\/wp\/v2\/pages"}],"about":[{"href":"https:\/\/www.capotex.com\/fr\/wp-json\/wp\/v2\/types\/page"}],"author":[{"embeddable":true,"href":"https:\/\/www.capotex.com\/fr\/wp-json\/wp\/v2\/users\/1"}],"replies":[{"embeddable":true,"href":"https:\/\/www.capotex.com\/fr\/wp-json\/wp\/v2\/comments?post=26316"}],"version-history":[{"count":40,"href":"https:\/\/www.capotex.com\/fr\/wp-json\/wp\/v2\/pages\/26316\/revisions"}],"predecessor-version":[{"id":34732,"href":"https:\/\/www.capotex.com\/fr\/wp-json\/wp\/v2\/pages\/26316\/revisions\/34732"}],"up":[{"embeddable":true,"href":"https:\/\/www.capotex.com\/fr\/wp-json\/wp\/v2\/pages\/26301"}],"wp:featuredmedia":[{"embeddable":true,"href":"https:\/\/www.capotex.com\/fr\/wp-json\/wp\/v2\/media\/219"}],"wp:attachment":[{"href":"https:\/\/www.capotex.com\/fr\/wp-json\/wp\/v2\/media?parent=26316"}],"wp:term":[{"taxonomy":"post_tag","embeddable":true,"href":"https:\/\/www.capotex.com\/fr\/wp-json\/wp\/v2\/tags?post=26316"}],"curies":[{"name":"wp","href":"https:\/\/api.w.org\/{rel}","templated":true}]}}