{"id":26321,"date":"2023-05-17T09:32:31","date_gmt":"2023-05-17T08:32:31","guid":{"rendered":"https:\/\/capotex.com\/capobig\/"},"modified":"2024-05-23T08:37:10","modified_gmt":"2024-05-23T07:37:10","slug":"capobig","status":"publish","type":"page","link":"https:\/\/www.capotex.com\/fr\/capots-pour-convoyeurs\/capots-de-convoyeur\/capobig\/","title":{"rendered":"Capobig"},"content":{"rendered":"\t\t<div data-elementor-type=\"wp-page\" data-elementor-id=\"26321\" class=\"elementor elementor-26321 elementor-2032\" data-elementor-post-type=\"page\">\n\t\t\t\t<div class=\"elementor-element elementor-element-c7da537 e-flex e-con-boxed e-con e-parent\" data-id=\"c7da537\" data-element_type=\"container\" data-e-type=\"container\">\n\t\t\t\t\t<div class=\"e-con-inner\">\n\t\t<div class=\"elementor-element elementor-element-5def696 e-con-full e-flex e-con e-child\" data-id=\"5def696\" data-element_type=\"container\" data-e-type=\"container\">\n\t\t\t\t<div class=\"elementor-element elementor-element-d4ae9c9 elementor-widget elementor-widget-image\" data-id=\"d4ae9c9\" data-element_type=\"widget\" data-e-type=\"widget\" data-widget_type=\"image.default\">\n\t\t\t\t<div class=\"elementor-widget-container\">\n\t\t\t\t\t\t\t\t\t\t\t\t\t\t\t<img fetchpriority=\"high\" decoding=\"async\" width=\"600\" height=\"329\" src=\"https:\/\/www.capotex.com\/wp-content\/uploads\/2024\/05\/Couvertures-de-convoyeurs-a-bande-capobig.webp\" class=\"attachment-full size-full wp-image-33647\" alt=\"Couvertures de convoyeurs \u00e0 bande capobig\" srcset=\"https:\/\/www.capotex.com\/wp-content\/uploads\/2024\/05\/Couvertures-de-convoyeurs-a-bande-capobig.webp 600w, https:\/\/www.capotex.com\/wp-content\/uploads\/2024\/05\/Couvertures-de-convoyeurs-a-bande-capobig-300x165.webp 300w\" sizes=\"(max-width: 600px) 100vw, 600px\" \/>\t\t\t\t\t\t\t\t\t\t\t\t\t\t\t<\/div>\n\t\t\t\t<\/div>\n\t\t\t\t<\/div>\n\t\t\t\t\t<\/div>\n\t\t\t\t<\/div>\n\t\t<div class=\"elementor-element elementor-element-101cb73 e-flex e-con-boxed e-con e-parent\" data-id=\"101cb73\" data-element_type=\"container\" data-e-type=\"container\">\n\t\t\t\t\t<div class=\"e-con-inner\">\n\t\t<div class=\"elementor-element elementor-element-f3b24e6 e-con-full e-flex e-con e-child\" data-id=\"f3b24e6\" data-element_type=\"container\" data-e-type=\"container\">\n\t\t\t\t<div class=\"elementor-element elementor-element-41a30fd elementor-widget elementor-widget-text-editor\" data-id=\"41a30fd\" data-element_type=\"widget\" data-e-type=\"widget\" data-widget_type=\"text-editor.default\">\n\t\t\t\t<div class=\"elementor-widget-container\">\n\t\t\t\t\t\t\t\t\t<p><strong>Capot Capobig extra-large<\/strong>. Le capot de grande taille permet de fermer compl\u00e8tement le convoyeur \u00e0 bande. Il recouvre la bande transporteuse, laissant beaucoup d&rsquo;espace pour la maintenance ou pour capoter des structures particuli\u00e8rement grandes.<\/p><p><strong>Plus d&rsquo;espace et de s\u00e9curit\u00e9.<\/strong> La conception CAPOBIG offre une protection et un espace importants, maximisant la s\u00e9curit\u00e9 et minimisant l&rsquo;usure de la machine. La grande taille de cette couverture la rend id\u00e9ale pour les grands projets d&rsquo;ing\u00e9nierie et d&rsquo;exploitation mini\u00e8re o\u00f9 il est n\u00e9cessaire de capoter une grande extension de machines.<\/p><p>Les capots CAPOBIG extra-larges se <strong>montent tr\u00e8s rapidement<\/strong>. Le syst\u00e8me de fixation CAPOTEX garantit une installation rapide, s\u00fbre et facile.<\/p>\t\t\t\t\t\t\t\t<\/div>\n\t\t\t\t<\/div>\n\t\t\t\t<div class=\"elementor-element elementor-element-708d88d elementor-widget elementor-widget-image\" data-id=\"708d88d\" data-element_type=\"widget\" data-e-type=\"widget\" data-widget_type=\"image.default\">\n\t\t\t\t<div class=\"elementor-widget-container\">\n\t\t\t\t\t\t\t\t\t\t\t\t<figure class=\"wp-caption\">\n\t\t\t\t\t\t\t\t\t\t\t<a href=\"https:\/\/www.capotex.com\/wp-content\/uploads\/2023\/05\/Capotex-Capobig-drawings-EN.pdf\" target=\"_blank\">\n\t\t\t\t\t\t\t<img decoding=\"async\" width=\"300\" height=\"212\" src=\"https:\/\/www.capotex.com\/wp-content\/uploads\/2023\/05\/Capobig-cover.jpg\" class=\"attachment-full size-full wp-image-660\" alt=\"\" \/>\t\t\t\t\t\t\t\t<\/a>\n\t\t\t\t\t\t\t\t\t\t\t<figcaption class=\"widget-image-caption wp-caption-text\">T\u00e9l\u00e9charger le pdf<\/figcaption>\n\t\t\t\t\t\t\t\t\t\t<\/figure>\n\t\t\t\t\t\t\t\t\t<\/div>\n\t\t\t\t<\/div>\n\t\t\t\t<\/div>\n\t\t\t\t\t<\/div>\n\t\t\t\t<\/div>\n\t\t\t\t<\/div>\n\t\t","protected":false},"excerpt":{"rendered":"<p>Capot Capobig extra-large. Le capot de grande taille permet de fermer compl\u00e8tement le convoyeur \u00e0 bande. Il recouvre la bande transporteuse, laissant beaucoup d&rsquo;espace pour la maintenance ou pour capoter des structures particuli\u00e8rement grandes. Plus d&rsquo;espace et de s\u00e9curit\u00e9. La conception CAPOBIG offre une protection et un espace importants, maximisant la s\u00e9curit\u00e9 et minimisant l&rsquo;usure [&hellip;]<\/p>\n","protected":false},"author":1,"featured_media":483,"parent":26445,"menu_order":40,"comment_status":"closed","ping_status":"closed","template":"","meta":{"_joinchat":[],"footnotes":""},"tags":[74],"class_list":["post-26321","page","type-page","status-publish","has-post-thumbnail","hentry","tag-modeles-speciaux"],"_links":{"self":[{"href":"https:\/\/www.capotex.com\/fr\/wp-json\/wp\/v2\/pages\/26321","targetHints":{"allow":["GET"]}}],"collection":[{"href":"https:\/\/www.capotex.com\/fr\/wp-json\/wp\/v2\/pages"}],"about":[{"href":"https:\/\/www.capotex.com\/fr\/wp-json\/wp\/v2\/types\/page"}],"author":[{"embeddable":true,"href":"https:\/\/www.capotex.com\/fr\/wp-json\/wp\/v2\/users\/1"}],"replies":[{"embeddable":true,"href":"https:\/\/www.capotex.com\/fr\/wp-json\/wp\/v2\/comments?post=26321"}],"version-history":[{"count":14,"href":"https:\/\/www.capotex.com\/fr\/wp-json\/wp\/v2\/pages\/26321\/revisions"}],"predecessor-version":[{"id":33661,"href":"https:\/\/www.capotex.com\/fr\/wp-json\/wp\/v2\/pages\/26321\/revisions\/33661"}],"up":[{"embeddable":true,"href":"https:\/\/www.capotex.com\/fr\/wp-json\/wp\/v2\/pages\/26445"}],"wp:featuredmedia":[{"embeddable":true,"href":"https:\/\/www.capotex.com\/fr\/wp-json\/wp\/v2\/media\/483"}],"wp:attachment":[{"href":"https:\/\/www.capotex.com\/fr\/wp-json\/wp\/v2\/media?parent=26321"}],"wp:term":[{"taxonomy":"post_tag","embeddable":true,"href":"https:\/\/www.capotex.com\/fr\/wp-json\/wp\/v2\/tags?post=26321"}],"curies":[{"name":"wp","href":"https:\/\/api.w.org\/{rel}","templated":true}]}}