{"id":26325,"date":"2023-05-17T10:26:42","date_gmt":"2023-05-17T09:26:42","guid":{"rendered":"https:\/\/capotex.com\/c-8-crochet-ergonomique-avec-goupille\/"},"modified":"2024-06-20T20:37:27","modified_gmt":"2024-06-20T19:37:27","slug":"c8","status":"publish","type":"page","link":"https:\/\/www.capotex.com\/fr\/fixations-pour-capots-pour-convoyeurs\/c8\/","title":{"rendered":"C-8 Crochet ergonomique avec goupille"},"content":{"rendered":"\t\t<div data-elementor-type=\"wp-page\" data-elementor-id=\"26325\" class=\"elementor elementor-26325 elementor-2062\" data-elementor-post-type=\"page\">\n\t\t\t\t<div class=\"elementor-element elementor-element-69b4374 e-flex e-con-boxed e-con e-parent\" data-id=\"69b4374\" data-element_type=\"container\" data-e-type=\"container\">\n\t\t\t\t\t<div class=\"e-con-inner\">\n\t\t<div class=\"elementor-element elementor-element-f182196 e-con-full e-flex e-con e-child\" data-id=\"f182196\" data-element_type=\"container\" data-e-type=\"container\">\n\t\t\t\t<div class=\"elementor-element elementor-element-22a1ed7 elementor-widget elementor-widget-image\" data-id=\"22a1ed7\" data-element_type=\"widget\" data-e-type=\"widget\" data-widget_type=\"image.default\">\n\t\t\t\t<div class=\"elementor-widget-container\">\n\t\t\t\t\t\t\t\t\t\t\t\t\t\t\t<img fetchpriority=\"high\" decoding=\"async\" width=\"616\" height=\"925\" src=\"https:\/\/www.capotex.com\/wp-content\/uploads\/2024\/06\/Crochet-ergonomique-avec-goupille-pour-Capots-de-convoyeurs.webp\" class=\"attachment-full size-full wp-image-34516\" alt=\"Crochet ergonomique avec goupille pour Capots de convoyeurs\" srcset=\"https:\/\/www.capotex.com\/wp-content\/uploads\/2024\/06\/Crochet-ergonomique-avec-goupille-pour-Capots-de-convoyeurs.webp 616w, https:\/\/www.capotex.com\/wp-content\/uploads\/2024\/06\/Crochet-ergonomique-avec-goupille-pour-Capots-de-convoyeurs-200x300.webp 200w\" sizes=\"(max-width: 616px) 100vw, 616px\" \/>\t\t\t\t\t\t\t\t\t\t\t\t\t\t\t<\/div>\n\t\t\t\t<\/div>\n\t\t\t\t<div class=\"elementor-element elementor-element-1562b38 elementor-widget elementor-widget-heading\" data-id=\"1562b38\" data-element_type=\"widget\" data-e-type=\"widget\" data-widget_type=\"heading.default\">\n\t\t\t\t<div class=\"elementor-widget-container\">\n\t\t\t\t\t<h2 class=\"elementor-heading-title elementor-size-default\">Crochet ergonomique avec goupille pour Capots de convoyeurs - C-8<\/h2>\t\t\t\t<\/div>\n\t\t\t\t<\/div>\n\t\t\t\t<div class=\"elementor-element elementor-element-90c3754 elementor-widget elementor-widget-text-editor\" data-id=\"90c3754\" data-element_type=\"widget\" data-e-type=\"widget\" data-widget_type=\"text-editor.default\">\n\t\t\t\t<div class=\"elementor-widget-container\">\n\t\t\t\t\t\t\t\t\t<p><strong>C-8 Crochet ergonomique avec goupille<\/strong>. La fixation du ressort par une goupille rend notre C-7 encore plus confortable.<\/p><p>Notre crochet ergonomique est facile \u00e0 utiliser \u00e0 deux mains. Le ressort de tension et la goupille en acier maintiennent le capot en place dans le profil\u00e9 en T. Un profil\u00e9 en T doit \u00eatre soud\u00e9 le long de la structure du convoyeur.<\/p>\t\t\t\t\t\t\t\t<\/div>\n\t\t\t\t<\/div>\n\t\t\t\t<\/div>\n\t\t\t\t\t<\/div>\n\t\t\t\t<\/div>\n\t\t\t\t<\/div>\n\t\t","protected":false},"excerpt":{"rendered":"<p>Crochet ergonomique avec goupille pour Capots de convoyeurs &#8211; C-8 C-8 Crochet ergonomique avec goupille. La fixation du ressort par une goupille rend notre C-7 encore plus confortable. Notre crochet ergonomique est facile \u00e0 utiliser \u00e0 deux mains. Le ressort de tension et la goupille en acier maintiennent le capot en place dans le profil\u00e9 [&hellip;]<\/p>\n","protected":false},"author":1,"featured_media":1005,"parent":26495,"menu_order":60,"comment_status":"closed","ping_status":"closed","template":"","meta":{"_joinchat":[],"footnotes":""},"tags":[76],"class_list":["post-26325","page","type-page","status-publish","has-post-thumbnail","hentry","tag-fixations"],"_links":{"self":[{"href":"https:\/\/www.capotex.com\/fr\/wp-json\/wp\/v2\/pages\/26325","targetHints":{"allow":["GET"]}}],"collection":[{"href":"https:\/\/www.capotex.com\/fr\/wp-json\/wp\/v2\/pages"}],"about":[{"href":"https:\/\/www.capotex.com\/fr\/wp-json\/wp\/v2\/types\/page"}],"author":[{"embeddable":true,"href":"https:\/\/www.capotex.com\/fr\/wp-json\/wp\/v2\/users\/1"}],"replies":[{"embeddable":true,"href":"https:\/\/www.capotex.com\/fr\/wp-json\/wp\/v2\/comments?post=26325"}],"version-history":[{"count":8,"href":"https:\/\/www.capotex.com\/fr\/wp-json\/wp\/v2\/pages\/26325\/revisions"}],"predecessor-version":[{"id":34522,"href":"https:\/\/www.capotex.com\/fr\/wp-json\/wp\/v2\/pages\/26325\/revisions\/34522"}],"up":[{"embeddable":true,"href":"https:\/\/www.capotex.com\/fr\/wp-json\/wp\/v2\/pages\/26495"}],"wp:featuredmedia":[{"embeddable":true,"href":"https:\/\/www.capotex.com\/fr\/wp-json\/wp\/v2\/media\/1005"}],"wp:attachment":[{"href":"https:\/\/www.capotex.com\/fr\/wp-json\/wp\/v2\/media?parent=26325"}],"wp:term":[{"taxonomy":"post_tag","embeddable":true,"href":"https:\/\/www.capotex.com\/fr\/wp-json\/wp\/v2\/tags?post=26325"}],"curies":[{"name":"wp","href":"https:\/\/api.w.org\/{rel}","templated":true}]}}