{"id":26326,"date":"2023-05-17T08:49:28","date_gmt":"2023-05-17T07:49:28","guid":{"rendered":"https:\/\/capotex.com\/produits\/modeles-standard\/capotray\/"},"modified":"2024-06-27T09:29:11","modified_gmt":"2024-06-27T08:29:11","slug":"capotray","status":"publish","type":"page","link":"https:\/\/www.capotex.com\/fr\/capots-pour-convoyeurs\/couvertures-de-convoyeur\/capotray\/","title":{"rendered":"Capotray"},"content":{"rendered":"\t\t<div data-elementor-type=\"wp-page\" data-elementor-id=\"26326\" class=\"elementor elementor-26326 elementor-1974\" data-elementor-post-type=\"page\">\n\t\t\t\t<div class=\"elementor-element elementor-element-e3f7eee e-flex e-con-boxed e-con e-parent\" data-id=\"e3f7eee\" data-element_type=\"container\" data-e-type=\"container\">\n\t\t\t\t\t<div class=\"e-con-inner\">\n\t\t<div class=\"elementor-element elementor-element-5d9d3bd e-con-full e-flex e-con e-child\" data-id=\"5d9d3bd\" data-element_type=\"container\" data-e-type=\"container\">\n\t\t\t\t<div class=\"elementor-element elementor-element-488223e elementor-widget elementor-widget-image\" data-id=\"488223e\" data-element_type=\"widget\" data-e-type=\"widget\" data-widget_type=\"image.default\">\n\t\t\t\t<div class=\"elementor-widget-container\">\n\t\t\t\t\t\t\t\t\t\t\t\t\t\t\t<img fetchpriority=\"high\" decoding=\"async\" width=\"600\" height=\"329\" src=\"https:\/\/www.capotex.com\/wp-content\/uploads\/2024\/05\/Couvertures-de-convoyeurs-a-bande-Capotray.webp\" class=\"attachment-full size-full wp-image-33419\" alt=\"Couvertures de convoyeurs \u00e0 bande Capotray\" srcset=\"https:\/\/www.capotex.com\/wp-content\/uploads\/2024\/05\/Couvertures-de-convoyeurs-a-bande-Capotray.webp 600w, https:\/\/www.capotex.com\/wp-content\/uploads\/2024\/05\/Couvertures-de-convoyeurs-a-bande-Capotray-300x165.webp 300w\" sizes=\"(max-width: 600px) 100vw, 600px\" \/>\t\t\t\t\t\t\t\t\t\t\t\t\t\t\t<\/div>\n\t\t\t\t<\/div>\n\t\t\t\t<\/div>\n\t\t\t\t\t<\/div>\n\t\t\t\t<\/div>\n\t\t<div class=\"elementor-element elementor-element-e8a28df e-flex e-con-boxed e-con e-parent\" data-id=\"e8a28df\" data-element_type=\"container\" data-e-type=\"container\">\n\t\t\t\t\t<div class=\"e-con-inner\">\n\t\t<div class=\"elementor-element elementor-element-a8e9561 e-con-full e-flex e-con e-child\" data-id=\"a8e9561\" data-element_type=\"container\" data-e-type=\"container\">\n\t\t\t\t<div class=\"elementor-element elementor-element-cddfdf1 elementor-widget elementor-widget-heading\" data-id=\"cddfdf1\" data-element_type=\"widget\" data-e-type=\"widget\" data-widget_type=\"heading.default\">\n\t\t\t\t<div class=\"elementor-widget-container\">\n\t\t\t\t\t<h2 class=\"elementor-heading-title elementor-size-default\">Capotray<\/h2>\t\t\t\t<\/div>\n\t\t\t\t<\/div>\n\t\t\t\t<div class=\"elementor-element elementor-element-7e5fe43 elementor-widget elementor-widget-text-editor\" data-id=\"7e5fe43\" data-element_type=\"widget\" data-e-type=\"widget\" data-widget_type=\"text-editor.default\">\n\t\t\t\t<div class=\"elementor-widget-container\">\n\t\t\t\t\t\t\t\t\t<p><strong>Emp\u00eache le mat\u00e9riau coll\u00e9 au tapis de retour de tomber au sol.<\/strong><\/p>\n<p><strong>Enveloppe de la cour<\/strong>roie de retour : \u00e9limine le d\u00e9salignement de la courroie de retour d\u00fb \u00e0 la pression du vent ext\u00e9rieur.<\/p>\n<p><strong>Protection de s\u00e9curit\u00e9<\/strong>: Emp\u00eache la manipulation accidentelle de la courroie de retour.<\/p>\n<p><strong>Drainage de l&rsquo;eau<\/strong>: De multiples perforations centrales permettent d&rsquo;\u00e9vacuer l&rsquo;eau de pluie, la neige, la condensation et les syst\u00e8mes de d\u00e9poussi\u00e9rage.<\/p>\n<p><strong>Protection contre l&rsquo;usure<\/strong>: Pr\u00e9vient l&rsquo;usure excessive caus\u00e9e par les petites particules transport\u00e9es par les vents locaux, prolongeant ainsi la dur\u00e9e de vie des rouleaux, des courroies, des structures en acier et d&rsquo;autres \u00e9quipements.<\/p>\n\t\t\t\t\t\t\t\t<\/div>\n\t\t\t\t<\/div>\n\t\t\t\t<div class=\"elementor-element elementor-element-776f998 elementor-widget elementor-widget-image\" data-id=\"776f998\" data-element_type=\"widget\" data-e-type=\"widget\" data-widget_type=\"image.default\">\n\t\t\t\t<div class=\"elementor-widget-container\">\n\t\t\t\t\t\t\t\t\t\t\t\t<figure class=\"wp-caption\">\n\t\t\t\t\t\t\t\t\t\t\t<a href=\"https:\/\/www.capotex.com\/wp-content\/uploads\/2023\/05\/Capotex-model-Capotray-drawings-EN.pdf\" target=\"_blank\">\n\t\t\t\t\t\t\t<img decoding=\"async\" width=\"300\" height=\"212\" src=\"https:\/\/www.capotex.com\/wp-content\/uploads\/2023\/05\/Capotex-model-Capotray-drawings-cover.jpg\" class=\"attachment-full size-full wp-image-879\" alt=\"\" \/>\t\t\t\t\t\t\t\t<\/a>\n\t\t\t\t\t\t\t\t\t\t\t<figcaption class=\"widget-image-caption wp-caption-text\">T\u00e9l\u00e9charger le pdf<\/figcaption>\n\t\t\t\t\t\t\t\t\t\t<\/figure>\n\t\t\t\t\t\t\t\t\t<\/div>\n\t\t\t\t<\/div>\n\t\t\t\t<\/div>\n\t\t\t\t\t<\/div>\n\t\t\t\t<\/div>\n\t\t<div class=\"elementor-element elementor-element-267ee05 elementor-hidden-mobile e-flex e-con-boxed e-con e-parent\" data-id=\"267ee05\" data-element_type=\"container\" data-e-type=\"container\">\n\t\t\t\t\t<div class=\"e-con-inner\">\n\t\t<div class=\"elementor-element elementor-element-3e82fad e-con-full e-flex e-con e-child\" data-id=\"3e82fad\" data-element_type=\"container\" data-e-type=\"container\">\n\t\t\t\t<div class=\"elementor-element elementor-element-b9a0074 elementor-tabs-view-horizontal elementor-widget elementor-widget-tabs\" data-id=\"b9a0074\" data-element_type=\"widget\" data-e-type=\"widget\" data-widget_type=\"tabs.default\">\n\t\t\t\t<div class=\"elementor-widget-container\">\n\t\t\t\t\t\t\t<div class=\"elementor-tabs\">\n\t\t\t<div class=\"elementor-tabs-wrapper\" role=\"tablist\" >\n\t\t\t\t\t\t\t\t\t<div id=\"elementor-tab-title-1941\" class=\"elementor-tab-title elementor-tab-desktop-title\" aria-selected=\"true\" data-tab=\"1\" role=\"tab\" tabindex=\"0\" aria-controls=\"elementor-tab-content-1941\" aria-expanded=\"false\">Fixations<\/div>\n\t\t\t\t\t\t\t<\/div>\n\t\t\t<div class=\"elementor-tabs-content-wrapper\" role=\"tablist\" aria-orientation=\"vertical\">\n\t\t\t\t\t\t\t\t\t<div class=\"elementor-tab-title elementor-tab-mobile-title\" aria-selected=\"true\" data-tab=\"1\" role=\"tab\" tabindex=\"0\" aria-controls=\"elementor-tab-content-1941\" aria-expanded=\"false\">Fixations<\/div>\n\t\t\t\t\t<div id=\"elementor-tab-content-1941\" class=\"elementor-tab-content elementor-clearfix\" data-tab=\"1\" role=\"tabpanel\" aria-labelledby=\"elementor-tab-title-1941\" tabindex=\"0\" hidden=\"false\"><table><tbody><tr style=\"background-color: #00678a; color: #f9fafa;\"><th>Fixation<\/th><th>Photo<\/th><\/tr><tr><td><a href=\"https:\/\/www.capotex.com\/fr\/fixations-pour-capots-pour-convoyeurs\/c1\/\">C-1 Charni\u00e8re de verrouillage<\/a><\/td><td><a href=\"https:\/\/www.capotex.com\/fr\/produits\/fixations\/charniere-de-verrouillage-c1\/\"><img decoding=\"async\" src=\"https:\/\/www.capotex.com\/wp-content\/uploads\/2023\/05\/Capotex-fixings-C1-Lock-Hinge.webp\" width=\"300\" \/><\/a><\/td><\/tr><tr><td><a href=\"https:\/\/www.capotex.com\/fr\/fixations-pour-capots-pour-convoyeurs\/c5\/\">Vis autotaraudeuse C-5<\/a><\/td><td><a href=\"https:\/\/www.capotex.com\/fr\/produits\/fixations\/vis-autotaradeuses-c5\/\"><img decoding=\"async\" class=\"\" src=\"https:\/\/www.capotex.com\/wp-content\/uploads\/2023\/05\/Capotex-fixings-C5-Self-Drilling-Screw.webp\" width=\"296\" height=\"167\" \/><\/a><\/td><\/tr><\/tbody><\/table><\/div>\n\t\t\t\t\t\t\t<\/div>\n\t\t<\/div>\n\t\t\t\t\t\t<\/div>\n\t\t\t\t<\/div>\n\t\t\t\t<\/div>\n\t\t\t\t\t<\/div>\n\t\t\t\t<\/div>\n\t\t<div class=\"elementor-element elementor-element-aaac0c5 elementor-hidden-desktop elementor-hidden-tablet e-flex e-con-boxed e-con e-parent\" data-id=\"aaac0c5\" data-element_type=\"container\" data-e-type=\"container\">\n\t\t\t\t\t<div class=\"e-con-inner\">\n\t\t<div class=\"elementor-element elementor-element-c857cdb e-con-full e-flex e-con e-child\" data-id=\"c857cdb\" data-element_type=\"container\" data-e-type=\"container\">\n\t\t\t\t<div class=\"elementor-element elementor-element-9cb1c01 elementor-tabs-view-horizontal elementor-widget elementor-widget-tabs\" data-id=\"9cb1c01\" data-element_type=\"widget\" data-e-type=\"widget\" data-widget_type=\"tabs.default\">\n\t\t\t\t<div class=\"elementor-widget-container\">\n\t\t\t\t\t\t\t<div class=\"elementor-tabs\">\n\t\t\t<div class=\"elementor-tabs-wrapper\" role=\"tablist\" >\n\t\t\t\t\t\t\t\t\t<div id=\"elementor-tab-title-1641\" class=\"elementor-tab-title elementor-tab-desktop-title\" aria-selected=\"true\" data-tab=\"1\" role=\"tab\" tabindex=\"0\" aria-controls=\"elementor-tab-content-1641\" aria-expanded=\"false\">Fixations<\/div>\n\t\t\t\t\t\t\t<\/div>\n\t\t\t<div class=\"elementor-tabs-content-wrapper\" role=\"tablist\" aria-orientation=\"vertical\">\n\t\t\t\t\t\t\t\t\t<div class=\"elementor-tab-title elementor-tab-mobile-title\" aria-selected=\"true\" data-tab=\"1\" role=\"tab\" tabindex=\"0\" aria-controls=\"elementor-tab-content-1641\" aria-expanded=\"false\">Fixations<\/div>\n\t\t\t\t\t<div id=\"elementor-tab-content-1641\" class=\"elementor-tab-content elementor-clearfix\" data-tab=\"1\" role=\"tabpanel\" aria-labelledby=\"elementor-tab-title-1641\" tabindex=\"0\" hidden=\"false\"><table><tbody><tr style=\"background-color: #00678a; color: #f9fafa;\"><th>Fixation<\/th><\/tr><tr><td><p><a href=\"https:\/\/www.capotex.com\/fr\/fixations-pour-capots-pour-convoyeurs\/c1\/\">C-1 Charni\u00e8re de verrouillage<\/a><\/p><p><a href=\"https:\/\/www.capotex.com\/fr\/produits\/fixations\/charniere-de-verrouillage-c1\/\"><img decoding=\"async\" src=\"https:\/\/www.capotex.com\/wp-content\/uploads\/2023\/05\/Capotex-fixings-C1-Lock-Hinge.webp\" width=\"300\" \/><\/a><\/p><\/td><\/tr><tr><td><p><a href=\"https:\/\/www.capotex.com\/fr\/fixations-pour-capots-pour-convoyeurs\/c5\/\">Vis autotaraudeuse C-5<\/a><\/p><p><a href=\"https:\/\/www.capotex.com\/fr\/produits\/fixations\/vis-autotaradeuses-c5\/\"><img decoding=\"async\" class=\"\" src=\"https:\/\/www.capotex.com\/wp-content\/uploads\/2023\/05\/Capotex-fixings-C5-Self-Drilling-Screw.webp\" width=\"296\" height=\"167\" \/><\/a><\/p><\/td><\/tr><\/tbody><\/table><\/div>\n\t\t\t\t\t\t\t<\/div>\n\t\t<\/div>\n\t\t\t\t\t\t<\/div>\n\t\t\t\t<\/div>\n\t\t\t\t<\/div>\n\t\t\t\t\t<\/div>\n\t\t\t\t<\/div>\n\t\t\t\t<\/div>\n\t\t","protected":false},"excerpt":{"rendered":"<p>Emp\u00eache la manipulation accidentelle de la ceinture<\/p>\n","protected":false},"author":1,"featured_media":870,"parent":26301,"menu_order":80,"comment_status":"closed","ping_status":"closed","template":"","meta":{"_joinchat":[],"footnotes":""},"tags":[70],"class_list":["post-26326","page","type-page","status-publish","has-post-thumbnail","hentry","tag-modeles-de-convoyeurs"],"_links":{"self":[{"href":"https:\/\/www.capotex.com\/fr\/wp-json\/wp\/v2\/pages\/26326","targetHints":{"allow":["GET"]}}],"collection":[{"href":"https:\/\/www.capotex.com\/fr\/wp-json\/wp\/v2\/pages"}],"about":[{"href":"https:\/\/www.capotex.com\/fr\/wp-json\/wp\/v2\/types\/page"}],"author":[{"embeddable":true,"href":"https:\/\/www.capotex.com\/fr\/wp-json\/wp\/v2\/users\/1"}],"replies":[{"embeddable":true,"href":"https:\/\/www.capotex.com\/fr\/wp-json\/wp\/v2\/comments?post=26326"}],"version-history":[{"count":29,"href":"https:\/\/www.capotex.com\/fr\/wp-json\/wp\/v2\/pages\/26326\/revisions"}],"predecessor-version":[{"id":34753,"href":"https:\/\/www.capotex.com\/fr\/wp-json\/wp\/v2\/pages\/26326\/revisions\/34753"}],"up":[{"embeddable":true,"href":"https:\/\/www.capotex.com\/fr\/wp-json\/wp\/v2\/pages\/26301"}],"wp:featuredmedia":[{"embeddable":true,"href":"https:\/\/www.capotex.com\/fr\/wp-json\/wp\/v2\/media\/870"}],"wp:attachment":[{"href":"https:\/\/www.capotex.com\/fr\/wp-json\/wp\/v2\/media?parent=26326"}],"wp:term":[{"taxonomy":"post_tag","embeddable":true,"href":"https:\/\/www.capotex.com\/fr\/wp-json\/wp\/v2\/tags?post=26326"}],"curies":[{"name":"wp","href":"https:\/\/api.w.org\/{rel}","templated":true}]}}