{"id":26328,"date":"2023-05-17T08:30:31","date_gmt":"2023-05-17T07:30:31","guid":{"rendered":"https:\/\/capotex.com\/produits\/modeles-standard\/dakar\/"},"modified":"2024-06-27T09:19:21","modified_gmt":"2024-06-27T08:19:21","slug":"dakar","status":"publish","type":"page","link":"https:\/\/www.capotex.com\/fr\/capots-pour-convoyeurs\/couvertures-de-convoyeur\/dakar\/","title":{"rendered":"Dakar"},"content":{"rendered":"\t\t<div data-elementor-type=\"wp-page\" data-elementor-id=\"26328\" class=\"elementor elementor-26328 elementor-1946\" data-elementor-post-type=\"page\">\n\t\t\t\t<div class=\"elementor-element elementor-element-2d479fb e-flex e-con-boxed e-con e-parent\" data-id=\"2d479fb\" data-element_type=\"container\" data-e-type=\"container\">\n\t\t\t\t\t<div class=\"e-con-inner\">\n\t\t<div class=\"elementor-element elementor-element-9d739f8 e-con-full e-flex e-con e-child\" data-id=\"9d739f8\" data-element_type=\"container\" data-e-type=\"container\">\n\t\t\t\t<\/div>\n\t\t\t\t\t<\/div>\n\t\t\t\t<\/div>\n\t\t<div class=\"elementor-element elementor-element-0417353 e-flex e-con-boxed e-con e-parent\" data-id=\"0417353\" data-element_type=\"container\" data-e-type=\"container\">\n\t\t\t\t\t<div class=\"e-con-inner\">\n\t\t<div class=\"elementor-element elementor-element-2443e26 e-con-full e-flex e-con e-child\" data-id=\"2443e26\" data-element_type=\"container\" data-e-type=\"container\">\n\t\t\t\t<div class=\"elementor-element elementor-element-91dc9f6 elementor-widget elementor-widget-image\" data-id=\"91dc9f6\" data-element_type=\"widget\" data-e-type=\"widget\" data-widget_type=\"image.default\">\n\t\t\t\t<div class=\"elementor-widget-container\">\n\t\t\t\t\t\t\t\t\t\t\t\t\t\t\t<img fetchpriority=\"high\" decoding=\"async\" width=\"600\" height=\"329\" src=\"https:\/\/www.capotex.com\/wp-content\/uploads\/2024\/05\/Capots-de-convoyeurs-dakar.webp\" class=\"attachment-full size-full wp-image-33385\" alt=\"Capots de convoyeurs dakar\" srcset=\"https:\/\/www.capotex.com\/wp-content\/uploads\/2024\/05\/Capots-de-convoyeurs-dakar.webp 600w, https:\/\/www.capotex.com\/wp-content\/uploads\/2024\/05\/Capots-de-convoyeurs-dakar-300x165.webp 300w\" sizes=\"(max-width: 600px) 100vw, 600px\" \/>\t\t\t\t\t\t\t\t\t\t\t\t\t\t\t<\/div>\n\t\t\t\t<\/div>\n\t\t\t\t<\/div>\n\t\t\t\t\t<\/div>\n\t\t\t\t<\/div>\n\t\t<div class=\"elementor-element elementor-element-ab5f808 e-flex e-con-boxed e-con e-parent\" data-id=\"ab5f808\" data-element_type=\"container\" data-e-type=\"container\">\n\t\t\t\t\t<div class=\"e-con-inner\">\n\t\t<div class=\"elementor-element elementor-element-eb287a9 e-con-full e-flex e-con e-child\" data-id=\"eb287a9\" data-element_type=\"container\" data-e-type=\"container\">\n\t\t\t\t<div class=\"elementor-element elementor-element-179c1aa elementor-widget elementor-widget-heading\" data-id=\"179c1aa\" data-element_type=\"widget\" data-e-type=\"widget\" data-widget_type=\"heading.default\">\n\t\t\t\t<div class=\"elementor-widget-container\">\n\t\t\t\t\t<h2 class=\"elementor-heading-title elementor-size-default\">Dakar (fixe)<\/h2>\t\t\t\t<\/div>\n\t\t\t\t<\/div>\n\t\t\t\t<div class=\"elementor-element elementor-element-d153d85 elementor-widget elementor-widget-text-editor\" data-id=\"d153d85\" data-element_type=\"widget\" data-e-type=\"widget\" data-widget_type=\"text-editor.default\">\n\t\t\t\t<div class=\"elementor-widget-container\">\n\t\t\t\t\t\t\t\t\t<p>Le capot Dakar est notre syst\u00e8me le plus <strong>\u00e9conomique et le plus comp\u00e9titif.<\/strong> Il ne peut pas \u00eatre rabattu comme les mod\u00e8les MADRID et PARIS., mais il reste d\u00e9montable et encore plus facile \u00e0 installer. La simplicit\u00e9 est le point fort de ce type de capot.<\/p>\n\t\t\t\t\t\t\t\t<\/div>\n\t\t\t\t<\/div>\n\t\t<div class=\"elementor-element elementor-element-d8c9499 e-flex e-con-boxed e-con e-child\" data-id=\"d8c9499\" data-element_type=\"container\" data-e-type=\"container\">\n\t\t\t\t\t<div class=\"e-con-inner\">\n\t\t\t\t<div class=\"elementor-element elementor-element-2a11bdc elementor-widget elementor-widget-image\" data-id=\"2a11bdc\" data-element_type=\"widget\" data-e-type=\"widget\" data-widget_type=\"image.default\">\n\t\t\t\t<div class=\"elementor-widget-container\">\n\t\t\t\t\t\t\t\t\t\t\t\t<figure class=\"wp-caption\">\n\t\t\t\t\t\t\t\t\t\t\t<a href=\"https:\/\/www.capotex.com\/wp-content\/uploads\/2024\/04\/Dakar-Classic-Rev-C-French.pdf\" target=\"_blank\">\n\t\t\t\t\t\t\t<img decoding=\"async\" width=\"430\" height=\"305\" src=\"https:\/\/www.capotex.com\/wp-content\/uploads\/2023\/07\/Dakar-Classic-Cover.jpg\" class=\"attachment-full size-full wp-image-27049\" alt=\"Conveyor hood Dakar\" srcset=\"https:\/\/www.capotex.com\/wp-content\/uploads\/2023\/07\/Dakar-Classic-Cover.jpg 430w, https:\/\/www.capotex.com\/wp-content\/uploads\/2023\/07\/Dakar-Classic-Cover-300x213.jpg 300w\" sizes=\"(max-width: 430px) 100vw, 430px\" \/>\t\t\t\t\t\t\t\t<\/a>\n\t\t\t\t\t\t\t\t\t\t\t<figcaption class=\"widget-image-caption wp-caption-text\">T\u00e9l\u00e9charger le plan de courbure \"Classique\" en pdf<\/figcaption>\n\t\t\t\t\t\t\t\t\t\t<\/figure>\n\t\t\t\t\t\t\t\t\t<\/div>\n\t\t\t\t<\/div>\n\t\t\t\t<div class=\"elementor-element elementor-element-348af18 elementor-widget elementor-widget-image\" data-id=\"348af18\" data-element_type=\"widget\" data-e-type=\"widget\" data-widget_type=\"image.default\">\n\t\t\t\t<div class=\"elementor-widget-container\">\n\t\t\t\t\t\t\t\t\t\t\t\t<figure class=\"wp-caption\">\n\t\t\t\t\t\t\t\t\t\t\t<a href=\"https:\/\/www.capotex.com\/wp-content\/uploads\/2024\/05\/Dakar-Plus-Rev-C2-French.pdf\" target=\"_blank\">\n\t\t\t\t\t\t\t<img decoding=\"async\" width=\"430\" height=\"305\" src=\"https:\/\/www.capotex.com\/wp-content\/uploads\/2023\/07\/Dakar-Plus-cover.jpg\" class=\"attachment-full size-full wp-image-27045\" alt=\"\" srcset=\"https:\/\/www.capotex.com\/wp-content\/uploads\/2023\/07\/Dakar-Plus-cover.jpg 430w, https:\/\/www.capotex.com\/wp-content\/uploads\/2023\/07\/Dakar-Plus-cover-300x213.jpg 300w\" sizes=\"(max-width: 430px) 100vw, 430px\" \/>\t\t\t\t\t\t\t\t<\/a>\n\t\t\t\t\t\t\t\t\t\t\t<figcaption class=\"widget-image-caption wp-caption-text\">T\u00e9l\u00e9charger le plan de courbure \"Plus\" en pdf<\/figcaption>\n\t\t\t\t\t\t\t\t\t\t<\/figure>\n\t\t\t\t\t\t\t\t\t<\/div>\n\t\t\t\t<\/div>\n\t\t\t\t\t<\/div>\n\t\t\t\t<\/div>\n\t\t\t\t<\/div>\n\t\t\t\t\t<\/div>\n\t\t\t\t<\/div>\n\t\t<div class=\"elementor-element elementor-element-a7d16fd elementor-hidden-mobile e-flex e-con-boxed e-con e-parent\" data-id=\"a7d16fd\" data-element_type=\"container\" data-e-type=\"container\">\n\t\t\t\t\t<div class=\"e-con-inner\">\n\t\t<div class=\"elementor-element elementor-element-0939152 e-con-full e-flex e-con e-child\" data-id=\"0939152\" data-element_type=\"container\" data-e-type=\"container\">\n\t\t\t\t<div class=\"elementor-element elementor-element-895c4c4 elementor-tabs-view-horizontal elementor-widget elementor-widget-tabs\" data-id=\"895c4c4\" data-element_type=\"widget\" data-e-type=\"widget\" data-widget_type=\"tabs.default\">\n\t\t\t\t<div class=\"elementor-widget-container\">\n\t\t\t\t\t\t\t<div class=\"elementor-tabs\">\n\t\t\t<div class=\"elementor-tabs-wrapper\" role=\"tablist\" >\n\t\t\t\t\t\t\t\t\t<div id=\"elementor-tab-title-1441\" class=\"elementor-tab-title elementor-tab-desktop-title\" aria-selected=\"true\" data-tab=\"1\" role=\"tab\" tabindex=\"0\" aria-controls=\"elementor-tab-content-1441\" aria-expanded=\"false\">Caract\u00e9ristiques<\/div>\n\t\t\t\t\t\t\t\t\t<div id=\"elementor-tab-title-1442\" class=\"elementor-tab-title elementor-tab-desktop-title\" aria-selected=\"false\" data-tab=\"2\" role=\"tab\" tabindex=\"-1\" aria-controls=\"elementor-tab-content-1442\" aria-expanded=\"false\">Instructions d'installation<\/div>\n\t\t\t\t\t\t\t\t\t<div id=\"elementor-tab-title-1443\" class=\"elementor-tab-title elementor-tab-desktop-title\" aria-selected=\"false\" data-tab=\"3\" role=\"tab\" tabindex=\"-1\" aria-controls=\"elementor-tab-content-1443\" aria-expanded=\"false\">Fixations<\/div>\n\t\t\t\t\t\t\t<\/div>\n\t\t\t<div class=\"elementor-tabs-content-wrapper\" role=\"tablist\" aria-orientation=\"vertical\">\n\t\t\t\t\t\t\t\t\t<div class=\"elementor-tab-title elementor-tab-mobile-title\" aria-selected=\"true\" data-tab=\"1\" role=\"tab\" tabindex=\"0\" aria-controls=\"elementor-tab-content-1441\" aria-expanded=\"false\">Caract\u00e9ristiques<\/div>\n\t\t\t\t\t<div id=\"elementor-tab-content-1441\" class=\"elementor-tab-content elementor-clearfix\" data-tab=\"1\" role=\"tabpanel\" aria-labelledby=\"elementor-tab-title-1441\" tabindex=\"0\" hidden=\"false\"><ul>\n<li><strong>Compl\u00e8tement ferm\u00e9<\/strong>: le capot couvre 180\u00ba, jusqu&rsquo;au cadre de la bande transporteuse.<\/li>\n<li><strong>D\u00e9montable<\/strong> : le capot Dakar peut \u00eatre enti\u00e8rement d\u00e9mont\u00e9 en desserrant quatre vis, ce qui lib\u00e8re compl\u00e8tement la bande transporteuse. Sans structures ni obstacles.<\/li>\n<\/ul>\n<ul>\n<li><strong>Autoportant<\/strong>: il ne n\u00e9cessite aucune structure pour \u00eatre assembl\u00e9.<\/li>\n<\/ul>\n<ul>\n<li><strong>Installation simple et rapide<\/strong>: il s&rsquo;adapte \u00e0 pratiquement toutes les bandes transporteuses.<\/li>\n<\/ul>\n<\/div>\n\t\t\t\t\t\t\t\t\t<div class=\"elementor-tab-title elementor-tab-mobile-title\" aria-selected=\"false\" data-tab=\"2\" role=\"tab\" tabindex=\"-1\" aria-controls=\"elementor-tab-content-1442\" aria-expanded=\"false\">Instructions d'installation<\/div>\n\t\t\t\t\t<div id=\"elementor-tab-content-1442\" class=\"elementor-tab-content elementor-clearfix\" data-tab=\"2\" role=\"tabpanel\" aria-labelledby=\"elementor-tab-title-1442\" tabindex=\"0\" hidden=\"hidden\"><p><strong>OPTIONS :<\/strong><\/p>\n<ul>\n<li><strong>C-4 Courroie en polyester :<\/strong> Installer un profil\u00e9 en \u00ab\u00a0T\u00a0\u00bb de 40 x 40 mm du c\u00f4t\u00e9 du crochet et une corni\u00e8re en acier de 40 x 40 du c\u00f4t\u00e9 de la rondelle. Les deux sur toute la longueur de la bande transporteuse. <strong>Outils n\u00e9cessaires :<\/strong> Perceuse de 10 mm et deux cl\u00e9s de 20 mm.<\/li>\n<\/ul>\n<ul>\n<li><strong>C-5 Vis autotaradeuses:<\/strong> Visser directement le capot au cadre de la bande transporteuse. Il est recommand\u00e9 d&rsquo;installer des corni\u00e8res en acier de 40 x 40 mm des deux c\u00f4t\u00e9s de la bande transporteuse. <strong>Outils n\u00e9cessaires :<\/strong> Perceuse \u00e9lectrique avec mandrin de 8 mm.<\/li>\n<\/ul>\n<ul>\n<li><strong>Plaque de Fixation C-6 :<\/strong>installez une corni\u00e8re en acier de 40 x 40 mm des deux c\u00f4t\u00e9s de la bande transporteuse. <strong>Outils n\u00e9cessaires :<\/strong> Deux cl\u00e9s de 13 mm.<\/li>\n<\/ul>\n<p><strong>Option de pr\u00e9-installation.<\/strong>  La corni\u00e8re en acier et\/ou le profil\u00e9 en \u00ab\u00a0T\u00a0\u00bb peuvent \u00eatre mont\u00e9s en atelier, les fixations \u00e9tant ensuite install\u00e9es sur place.<\/p>\n<p><strong>Arr\u00eatez le convoyeur avant de commencer \u00e0 installer les fixations.<\/strong><\/p>\n<p><strong>Installer les fixations alternativement vers le haut et vers le bas<\/strong>. Elles ne sont pas toutes superpos\u00e9es \u00e0 la mani\u00e8re des tuiles.<\/p>\n<p><strong>Utiliser les EPI<\/strong> (\u00e9quipements de protection individuelle) requis par la loi. CAPOTEX recommande l&rsquo;utilisation de gants, d&rsquo;un casque, de bottes de s\u00e9curit\u00e9 et de protections auditives.<\/p>\n<\/div>\n\t\t\t\t\t\t\t\t\t<div class=\"elementor-tab-title elementor-tab-mobile-title\" aria-selected=\"false\" data-tab=\"3\" role=\"tab\" tabindex=\"-1\" aria-controls=\"elementor-tab-content-1443\" aria-expanded=\"false\">Fixations<\/div>\n\t\t\t\t\t<div id=\"elementor-tab-content-1443\" class=\"elementor-tab-content elementor-clearfix\" data-tab=\"3\" role=\"tabpanel\" aria-labelledby=\"elementor-tab-title-1443\" tabindex=\"0\" hidden=\"hidden\"><table><tbody><tr style=\"background-color: #00678a; color: #f9fafa;\"><th>Mod\u00e8le<\/th><th>Forme de la courbure<\/th><th>Fixation<\/th><th>Photo<\/th><\/tr><tr><td>Dakar<\/td><td><a href=\"https:\/\/www.capotex.com\/fr\/capots-pour-convoyeurs\/capots-convoyeurs-a-bande\/\">Classique<\/a><\/td><td><a href=\"https:\/\/www.capotex.com\/fr\/fixations-pour-capots-pour-convoyeurs\/c5\/\">Vis autotaradeuses C-5<\/a><\/td><td><a href=\"https:\/\/www.capotex.com\/fr\/produits\/fixations\/vis-autotaradeuses-c5\/\"><img decoding=\"async\" src=\"https:\/\/www.capotex.com\/wp-content\/uploads\/2023\/05\/Capotex-fixings-C5-Self-Drilling-Screw.webp\" width=\"200\" \/><\/a><\/td><\/tr><tr><td>\u00a0<\/td><td>\u00a0<\/td><td><a href=\"https:\/\/www.capotex.com\/fr\/fixations-pour-capots-pour-convoyeurs\/c6\/\">Plaque de Fixation C-6<\/a><\/td><td><a href=\"https:\/\/www.capotex.com\/fr\/produits\/fixations\/plaque-de-fixation-c6\/\"><img decoding=\"async\" src=\"https:\/\/www.capotex.com\/wp-content\/uploads\/2023\/05\/Capotex-fixings-C6-Clamp.webp\" width=\"200\" \/><\/a><\/td><\/tr><tr><td>\u00a0<\/td><td>\u00a0<\/td><td><a href=\"https:\/\/www.capotex.com\/fr\/fixations-pour-capots-pour-convoyeurs\/c9\/\">C-9 Crochet<\/a><\/td><td><a href=\"https:\/\/www.capotex.com\/fr\/produits\/fixations\/crochet-c9\/\"><img decoding=\"async\" src=\"https:\/\/www.capotex.com\/wp-content\/uploads\/2023\/05\/Capotex-fixings-C9-Hook.webp\" width=\"200\" \/><\/a><\/td><\/tr><tr><td>\u00a0<\/td><td>\u00a0<\/td><td><a href=\"https:\/\/www.capotex.com\/fr\/fixations-pour-capots-pour-convoyeurs\/c7\/\">C-7 Crochet ergonomique avec sangle 1 ou 2 crochets avec ou sans plateau<\/a><\/td><td><a href=\"https:\/\/www.capotex.com\/fr\/produits\/fixations\/crochet-ergonomique-avec-sangle-c7\/\"><img decoding=\"async\" src=\"https:\/\/www.capotex.com\/wp-content\/uploads\/2023\/05\/Capotex-fixings-C7-Ergonomic-Hook-w-Strap.webp\" width=\"100\" \/><\/a><\/td><\/tr><tr><td>\u00a0<\/td><td><a href=\"https:\/\/www.capotex.com\/fr\/capots-pour-convoyeurs\/capots-convoyeurs-a-bande\/\">Plus<\/a><\/td><td><a href=\"https:\/\/www.capotex.com\/fr\/fixations-pour-capots-pour-convoyeurs\/c5\/\">Vis autotaradeuses C-5<\/a><\/td><td><a href=\"https:\/\/www.capotex.com\/fr\/produits\/fixations\/vis-autotaradeuses-c5\/\"><img decoding=\"async\" src=\"https:\/\/www.capotex.com\/wp-content\/uploads\/2023\/05\/Capotex-fixings-C5-Self-Drilling-Screw.webp\" width=\"200\" \/><\/a><\/td><\/tr><tr><td>\u00a0<\/td><td>\u00a0<\/td><td><a href=\"https:\/\/www.capotex.com\/fr\/fixations-pour-capots-pour-convoyeurs\/c6\/\">Plaque de Fixation C-6<\/a><\/td><td><a href=\"https:\/\/www.capotex.com\/fr\/produits\/fixations\/plaque-de-fixation-c6\/\"><img decoding=\"async\" src=\"https:\/\/www.capotex.com\/wp-content\/uploads\/2023\/05\/Capotex-fixings-C6-Clamp.webp\" width=\"200\" \/><\/a><\/td><\/tr><tr><td>\u00a0<\/td><td>\u00a0<\/td><td><a href=\"https:\/\/www.capotex.com\/fr\/fixations-pour-capots-pour-convoyeurs\/c9\/\">C-9 Crochet<\/a><\/td><td><a href=\"https:\/\/www.capotex.com\/fr\/produits\/fixations\/crochet-c9\/\"><img decoding=\"async\" src=\"https:\/\/www.capotex.com\/wp-content\/uploads\/2023\/05\/Capotex-fixings-C9-Hook.webp\" width=\"200\" \/><\/a><\/td><\/tr><tr><td>\u00a0<\/td><td>\u00a0<\/td><td><a href=\"https:\/\/www.capotex.com\/fr\/fixations-pour-capots-pour-convoyeurs\/c7\/\">C-7 Crochet ergonomique avec sangle 1 ou 2 crochets avec ou sans plateau<\/a><\/td><td><a href=\"https:\/\/www.capotex.com\/fr\/produits\/fixations\/crochet-ergonomique-avec-sangle-c7\/\"><img decoding=\"async\" src=\"https:\/\/www.capotex.com\/wp-content\/uploads\/2023\/05\/Capotex-fixings-C7-Ergonomic-Hook-w-Strap.webp\" width=\"100\" \/><\/a><\/td><\/tr><\/tbody><\/table><\/div>\n\t\t\t\t\t\t\t<\/div>\n\t\t<\/div>\n\t\t\t\t\t\t<\/div>\n\t\t\t\t<\/div>\n\t\t\t\t<\/div>\n\t\t\t\t\t<\/div>\n\t\t\t\t<\/div>\n\t\t<div class=\"elementor-element elementor-element-e6c1e2c elementor-hidden-desktop elementor-hidden-tablet e-flex e-con-boxed e-con e-parent\" data-id=\"e6c1e2c\" data-element_type=\"container\" data-e-type=\"container\">\n\t\t\t\t\t<div class=\"e-con-inner\">\n\t\t<div class=\"elementor-element elementor-element-6f7fe20 e-con-full e-flex e-con e-child\" data-id=\"6f7fe20\" data-element_type=\"container\" data-e-type=\"container\">\n\t\t\t\t<div class=\"elementor-element elementor-element-c3a93a9 elementor-tabs-view-horizontal elementor-widget elementor-widget-tabs\" data-id=\"c3a93a9\" data-element_type=\"widget\" data-e-type=\"widget\" data-widget_type=\"tabs.default\">\n\t\t\t\t<div class=\"elementor-widget-container\">\n\t\t\t\t\t\t\t<div class=\"elementor-tabs\">\n\t\t\t<div class=\"elementor-tabs-wrapper\" role=\"tablist\" >\n\t\t\t\t\t\t\t\t\t<div id=\"elementor-tab-title-2051\" class=\"elementor-tab-title elementor-tab-desktop-title\" aria-selected=\"true\" data-tab=\"1\" role=\"tab\" tabindex=\"0\" aria-controls=\"elementor-tab-content-2051\" aria-expanded=\"false\">Caract\u00e9ristiques<\/div>\n\t\t\t\t\t\t\t\t\t<div id=\"elementor-tab-title-2052\" class=\"elementor-tab-title elementor-tab-desktop-title\" aria-selected=\"false\" data-tab=\"2\" role=\"tab\" tabindex=\"-1\" aria-controls=\"elementor-tab-content-2052\" aria-expanded=\"false\">Instructions d'installation<\/div>\n\t\t\t\t\t\t\t\t\t<div id=\"elementor-tab-title-2053\" class=\"elementor-tab-title elementor-tab-desktop-title\" aria-selected=\"false\" data-tab=\"3\" role=\"tab\" tabindex=\"-1\" aria-controls=\"elementor-tab-content-2053\" aria-expanded=\"false\">Fixations<\/div>\n\t\t\t\t\t\t\t<\/div>\n\t\t\t<div class=\"elementor-tabs-content-wrapper\" role=\"tablist\" aria-orientation=\"vertical\">\n\t\t\t\t\t\t\t\t\t<div class=\"elementor-tab-title elementor-tab-mobile-title\" aria-selected=\"true\" data-tab=\"1\" role=\"tab\" tabindex=\"0\" aria-controls=\"elementor-tab-content-2051\" aria-expanded=\"false\">Caract\u00e9ristiques<\/div>\n\t\t\t\t\t<div id=\"elementor-tab-content-2051\" class=\"elementor-tab-content elementor-clearfix\" data-tab=\"1\" role=\"tabpanel\" aria-labelledby=\"elementor-tab-title-2051\" tabindex=\"0\" hidden=\"false\"><ul>\n<li><strong>Compl\u00e8tement ferm\u00e9<\/strong>: le capot couvre 180\u00ba, jusqu&rsquo;au cadre de la bande transporteuse.<br \/>D\u00e9montable : le capot Dakar peut \u00eatre enti\u00e8rement d\u00e9mont\u00e9 en desserrant quatre vis, ce qui lib\u00e8re compl\u00e8tement la bande transporteuse. Sans structures ni obstacles.<\/li>\n<\/ul>\n<ul>\n<li><strong>Autoportant<\/strong>: il ne n\u00e9cessite aucune structure pour \u00eatre assembl\u00e9.<\/li>\n<\/ul>\n<ul>\n<li><strong>Installation simple et rapide<\/strong>: il s&rsquo;adapte \u00e0 pratiquement toutes les bandes transporteuses.<\/li>\n<\/ul>\n<\/div>\n\t\t\t\t\t\t\t\t\t<div class=\"elementor-tab-title elementor-tab-mobile-title\" aria-selected=\"false\" data-tab=\"2\" role=\"tab\" tabindex=\"-1\" aria-controls=\"elementor-tab-content-2052\" aria-expanded=\"false\">Instructions d'installation<\/div>\n\t\t\t\t\t<div id=\"elementor-tab-content-2052\" class=\"elementor-tab-content elementor-clearfix\" data-tab=\"2\" role=\"tabpanel\" aria-labelledby=\"elementor-tab-title-2052\" tabindex=\"0\" hidden=\"hidden\"><p><strong>OPTIONS :<\/strong><\/p>\n<ul>\n<li><strong>C-4 Courroie en polyester :<\/strong> Installer un profil\u00e9 en \u00ab\u00a0T\u00a0\u00bb de 40 x 40 mm du c\u00f4t\u00e9 du crochet et une corni\u00e8re en acier de 40 x 40 du c\u00f4t\u00e9 de la rondelle. Les deux sur toute la longueur de la bande transporteuse. <strong>Outils n\u00e9cessaires :<\/strong> Perceuse de 10 mm et deux cl\u00e9s de 20 mm.<\/li>\n<\/ul>\n<ul>\n<li><strong>C-5 Vis autotaradeuses:<\/strong> Visser directement le capot au cadre de la bande transporteuse. Il est recommand\u00e9 d&rsquo;installer des corni\u00e8res en acier de 40 x 40 mm des deux c\u00f4t\u00e9s de la bande transporteuse. <strong>Outils n\u00e9cessaires :<\/strong> Perceuse \u00e9lectrique avec mandrin de 8 mm.<\/li>\n<\/ul>\n<ul>\n<li><strong>Plaque de Fixation C-6 :<\/strong>installez une corni\u00e8re en acier de 40 x 40 mm des deux c\u00f4t\u00e9s de la bande transporteuse. <strong>Outils n\u00e9cessaires :<\/strong> Deux cl\u00e9s de 13 mm.<\/li>\n<\/ul>\n<p><strong>Option de pr\u00e9-installation.<\/strong>  La corni\u00e8re en acier et\/ou le profil\u00e9 en \u00ab\u00a0T\u00a0\u00bb peuvent \u00eatre mont\u00e9s en atelier, les fixations \u00e9tant ensuite install\u00e9es sur place.<\/p>\n<p><strong>Arr\u00eatez le convoyeur avant de commencer \u00e0 installer les fixations.<\/strong><\/p>\n<p><strong>Installer les fixations alternativement vers le haut et vers le bas<\/strong>. Elles ne sont pas toutes superpos\u00e9es \u00e0 la mani\u00e8re des tuiles.<\/p>\n<p><strong>Utiliser les EPI<\/strong> (\u00e9quipements de protection individuelle) requis par la loi. CAPOTEX recommande l&rsquo;utilisation de gants, d&rsquo;un casque, de bottes de s\u00e9curit\u00e9 et de protections auditives.<\/p>\n<\/div>\n\t\t\t\t\t\t\t\t\t<div class=\"elementor-tab-title elementor-tab-mobile-title\" aria-selected=\"false\" data-tab=\"3\" role=\"tab\" tabindex=\"-1\" aria-controls=\"elementor-tab-content-2053\" aria-expanded=\"false\">Fixations<\/div>\n\t\t\t\t\t<div id=\"elementor-tab-content-2053\" class=\"elementor-tab-content elementor-clearfix\" data-tab=\"3\" role=\"tabpanel\" aria-labelledby=\"elementor-tab-title-2053\" tabindex=\"0\" hidden=\"hidden\"><table><tbody><tr style=\"background-color: #00678a; color: #f9fafa;\"><th>Capot<\/th><th>Fixation<\/th><\/tr><tr><td><a href=\"https:\/\/www.capotex.com\/fr\/capots-pour-convoyeurs\/formes-de-courbure\/\">Classique<\/a><\/td><td><a href=\"https:\/\/www.capotex.com\/fr\/fixations-pour-capots-pour-convoyeurs\/c5\/\">Vis autotaradeuses C-5<\/a><\/td><\/tr><tr><td>\u00a0<\/td><td><a href=\"https:\/\/www.capotex.com\/fr\/fixations-pour-capots-pour-convoyeurs\/c6\/\">Plaque de Fixation C-6<\/a><\/td><\/tr><tr><td>\u00a0<\/td><td><a href=\"https:\/\/www.capotex.com\/fr\/fixations-pour-capots-pour-convoyeurs\/c9\/\">C-9 Crochet<\/a><\/td><\/tr><tr><td>\u00a0<\/td><td><a href=\"https:\/\/www.capotex.com\/fr\/fixations-pour-capots-pour-convoyeurs\/c7\/\">C-7 Crochet ergonomique avec sangle 1 ou 2 crochets avec ou sans plateau<\/a><\/td><\/tr><tr><td><a href=\"https:\/\/www.capotex.com\/fr\/capots-pour-convoyeurs\/capots-convoyeurs-a-bande\/\">Plus<\/a><\/td><td><a href=\"https:\/\/www.capotex.com\/fr\/fixations-pour-capots-pour-convoyeurs\/c5\/\">Vis autotaradeuses C-5<\/a><\/td><\/tr><tr><td>\u00a0<\/td><td><a href=\"https:\/\/www.capotex.com\/fr\/fixations-pour-capots-pour-convoyeurs\/c6\/\">Plaque de Fixation C-6<\/a><\/td><\/tr><tr><td>\u00a0<\/td><td><a href=\"https:\/\/www.capotex.com\/fr\/fixations-pour-capots-pour-convoyeurs\/c9\/\">C-9 Crochet<\/a><\/td><\/tr><tr><td>\u00a0<\/td><td><a href=\"https:\/\/www.capotex.com\/fr\/fixations-pour-capots-pour-convoyeurs\/c7\/\">C-7 Crochet ergonomique avec sangle 1 ou 2 crochets avec ou sans plateau<\/a><\/td><\/tr><\/tbody><\/table><\/div>\n\t\t\t\t\t\t\t<\/div>\n\t\t<\/div>\n\t\t\t\t\t\t<\/div>\n\t\t\t\t<\/div>\n\t\t\t\t<\/div>\n\t\t\t\t\t<\/div>\n\t\t\t\t<\/div>\n\t\t\t\t<\/div>\n\t\t","protected":false},"excerpt":{"rendered":"<p>Fixe<\/p>\n","protected":false},"author":1,"featured_media":320,"parent":26301,"menu_order":30,"comment_status":"closed","ping_status":"closed","template":"","meta":{"_joinchat":[],"footnotes":""},"tags":[70],"class_list":["post-26328","page","type-page","status-publish","has-post-thumbnail","hentry","tag-modeles-de-convoyeurs"],"_links":{"self":[{"href":"https:\/\/www.capotex.com\/fr\/wp-json\/wp\/v2\/pages\/26328","targetHints":{"allow":["GET"]}}],"collection":[{"href":"https:\/\/www.capotex.com\/fr\/wp-json\/wp\/v2\/pages"}],"about":[{"href":"https:\/\/www.capotex.com\/fr\/wp-json\/wp\/v2\/types\/page"}],"author":[{"embeddable":true,"href":"https:\/\/www.capotex.com\/fr\/wp-json\/wp\/v2\/users\/1"}],"replies":[{"embeddable":true,"href":"https:\/\/www.capotex.com\/fr\/wp-json\/wp\/v2\/comments?post=26328"}],"version-history":[{"count":75,"href":"https:\/\/www.capotex.com\/fr\/wp-json\/wp\/v2\/pages\/26328\/revisions"}],"predecessor-version":[{"id":34735,"href":"https:\/\/www.capotex.com\/fr\/wp-json\/wp\/v2\/pages\/26328\/revisions\/34735"}],"up":[{"embeddable":true,"href":"https:\/\/www.capotex.com\/fr\/wp-json\/wp\/v2\/pages\/26301"}],"wp:featuredmedia":[{"embeddable":true,"href":"https:\/\/www.capotex.com\/fr\/wp-json\/wp\/v2\/media\/320"}],"wp:attachment":[{"href":"https:\/\/www.capotex.com\/fr\/wp-json\/wp\/v2\/media?parent=26328"}],"wp:term":[{"taxonomy":"post_tag","embeddable":true,"href":"https:\/\/www.capotex.com\/fr\/wp-json\/wp\/v2\/tags?post=26328"}],"curies":[{"name":"wp","href":"https:\/\/api.w.org\/{rel}","templated":true}]}}