{"id":26340,"date":"2023-05-17T09:39:50","date_gmt":"2023-05-17T08:39:50","guid":{"rendered":"https:\/\/capotex.com\/vis-autoperceuse-c-5\/"},"modified":"2024-06-20T20:21:20","modified_gmt":"2024-06-20T19:21:20","slug":"c5","status":"publish","type":"page","link":"https:\/\/www.capotex.com\/fr\/fixations-pour-capots-pour-convoyeurs\/c5\/","title":{"rendered":"Vis autotaraudeuse C-5"},"content":{"rendered":"\t\t<div data-elementor-type=\"wp-page\" data-elementor-id=\"26340\" class=\"elementor elementor-26340 elementor-2047\" data-elementor-post-type=\"page\">\n\t\t\t\t<div class=\"elementor-element elementor-element-6795866 e-flex e-con-boxed e-con e-parent\" data-id=\"6795866\" data-element_type=\"container\" data-e-type=\"container\">\n\t\t\t\t\t<div class=\"e-con-inner\">\n\t\t<div class=\"elementor-element elementor-element-09ae85e e-con-full e-flex e-con e-child\" data-id=\"09ae85e\" data-element_type=\"container\" data-e-type=\"container\">\n\t\t\t\t<div class=\"elementor-element elementor-element-f9a8572 elementor-widget elementor-widget-image\" data-id=\"f9a8572\" data-element_type=\"widget\" data-e-type=\"widget\" data-widget_type=\"image.default\">\n\t\t\t\t<div class=\"elementor-widget-container\">\n\t\t\t\t\t\t\t\t\t\t\t\t\t\t\t<img fetchpriority=\"high\" decoding=\"async\" width=\"925\" height=\"521\" src=\"https:\/\/www.capotex.com\/wp-content\/uploads\/2024\/06\/Vis-autotaraudeuse-pour-le-Capots-de-Convoyeurs.webp\" class=\"attachment-full size-full wp-image-34492\" alt=\"Vis autotaraudeuse pour le Capots de Convoyeurs\" srcset=\"https:\/\/www.capotex.com\/wp-content\/uploads\/2024\/06\/Vis-autotaraudeuse-pour-le-Capots-de-Convoyeurs.webp 925w, https:\/\/www.capotex.com\/wp-content\/uploads\/2024\/06\/Vis-autotaraudeuse-pour-le-Capots-de-Convoyeurs-300x169.webp 300w, https:\/\/www.capotex.com\/wp-content\/uploads\/2024\/06\/Vis-autotaraudeuse-pour-le-Capots-de-Convoyeurs-768x433.webp 768w\" sizes=\"(max-width: 925px) 100vw, 925px\" \/>\t\t\t\t\t\t\t\t\t\t\t\t\t\t\t<\/div>\n\t\t\t\t<\/div>\n\t\t\t\t<\/div>\n\t\t\t\t\t<\/div>\n\t\t\t\t<\/div>\n\t\t<div class=\"elementor-element elementor-element-fc805c1 e-flex e-con-boxed e-con e-parent\" data-id=\"fc805c1\" data-element_type=\"container\" data-e-type=\"container\">\n\t\t\t\t\t<div class=\"e-con-inner\">\n\t\t<div class=\"elementor-element elementor-element-0444b00 e-con-full e-flex e-con e-child\" data-id=\"0444b00\" data-element_type=\"container\" data-e-type=\"container\">\n\t\t\t\t<div class=\"elementor-element elementor-element-6e68172 elementor-widget elementor-widget-heading\" data-id=\"6e68172\" data-element_type=\"widget\" data-e-type=\"widget\" data-widget_type=\"heading.default\">\n\t\t\t\t<div class=\"elementor-widget-container\">\n\t\t\t\t\t<h2 class=\"elementor-heading-title elementor-size-default\">Vis autotaraudeuse pour le Capots de Convoyeurs - C-5<\/h2>\t\t\t\t<\/div>\n\t\t\t\t<\/div>\n\t\t\t\t<div class=\"elementor-element elementor-element-26bca69 elementor-widget elementor-widget-text-editor\" data-id=\"26bca69\" data-element_type=\"widget\" data-e-type=\"widget\" data-widget_type=\"text-editor.default\">\n\t\t\t\t<div class=\"elementor-widget-container\">\n\t\t\t\t\t\t\t\t\t<p><strong>C-5 Vis autotaraudeuse<\/strong>. Le capot est viss\u00e9 directement \u00e0 la structure du convoyeur.<\/p><p><strong>Aucun pr\u00e9-per\u00e7age n&rsquo;est n\u00e9cessaire<\/strong>. Cette vis de haute qualit\u00e9 permet de percer facilement jusqu&rsquo;\u00e0 12 mm. (0,50 in.) dans la structure en acier.<\/p><p>Il <strong>peut \u00eatre d\u00e9viss\u00e9 et reviss\u00e9<\/strong> plusieurs fois pour ouvrir le capot. La rondelle en n\u00e9opr\u00e8ne fournie emp\u00eache la corrosion de la structure perc\u00e9e.<\/p>\t\t\t\t\t\t\t\t<\/div>\n\t\t\t\t<\/div>\n\t\t\t\t<\/div>\n\t\t\t\t\t<\/div>\n\t\t\t\t<\/div>\n\t\t\t\t<\/div>\n\t\t","protected":false},"excerpt":{"rendered":"<p>Vis autotaraudeuse pour le Capots de Convoyeurs &#8211; C-5 C-5 Vis autotaraudeuse. Le capot est viss\u00e9 directement \u00e0 la structure du convoyeur. Aucun pr\u00e9-per\u00e7age n&rsquo;est n\u00e9cessaire. Cette vis de haute qualit\u00e9 permet de percer facilement jusqu&rsquo;\u00e0 12 mm. (0,50 in.) dans la structure en acier. Il peut \u00eatre d\u00e9viss\u00e9 et reviss\u00e9 plusieurs fois pour ouvrir [&hellip;]<\/p>\n","protected":false},"author":1,"featured_media":963,"parent":26495,"menu_order":30,"comment_status":"closed","ping_status":"closed","template":"","meta":{"_joinchat":[],"footnotes":""},"tags":[76],"class_list":["post-26340","page","type-page","status-publish","has-post-thumbnail","hentry","tag-fixations"],"_links":{"self":[{"href":"https:\/\/www.capotex.com\/fr\/wp-json\/wp\/v2\/pages\/26340","targetHints":{"allow":["GET"]}}],"collection":[{"href":"https:\/\/www.capotex.com\/fr\/wp-json\/wp\/v2\/pages"}],"about":[{"href":"https:\/\/www.capotex.com\/fr\/wp-json\/wp\/v2\/types\/page"}],"author":[{"embeddable":true,"href":"https:\/\/www.capotex.com\/fr\/wp-json\/wp\/v2\/users\/1"}],"replies":[{"embeddable":true,"href":"https:\/\/www.capotex.com\/fr\/wp-json\/wp\/v2\/comments?post=26340"}],"version-history":[{"count":14,"href":"https:\/\/www.capotex.com\/fr\/wp-json\/wp\/v2\/pages\/26340\/revisions"}],"predecessor-version":[{"id":34498,"href":"https:\/\/www.capotex.com\/fr\/wp-json\/wp\/v2\/pages\/26340\/revisions\/34498"}],"up":[{"embeddable":true,"href":"https:\/\/www.capotex.com\/fr\/wp-json\/wp\/v2\/pages\/26495"}],"wp:featuredmedia":[{"embeddable":true,"href":"https:\/\/www.capotex.com\/fr\/wp-json\/wp\/v2\/media\/963"}],"wp:attachment":[{"href":"https:\/\/www.capotex.com\/fr\/wp-json\/wp\/v2\/media?parent=26340"}],"wp:term":[{"taxonomy":"post_tag","embeddable":true,"href":"https:\/\/www.capotex.com\/fr\/wp-json\/wp\/v2\/tags?post=26340"}],"curies":[{"name":"wp","href":"https:\/\/api.w.org\/{rel}","templated":true}]}}