{"id":26349,"date":"2023-05-17T08:38:13","date_gmt":"2023-05-17T07:38:13","guid":{"rendered":"https:\/\/capotex.com\/produits\/modeles-standard\/durban\/"},"modified":"2024-06-27T09:24:52","modified_gmt":"2024-06-27T08:24:52","slug":"durban","status":"publish","type":"page","link":"https:\/\/www.capotex.com\/fr\/capots-pour-convoyeurs\/couvertures-de-convoyeur\/durban\/","title":{"rendered":"Durban"},"content":{"rendered":"\t\t<div data-elementor-type=\"wp-page\" data-elementor-id=\"26349\" class=\"elementor elementor-26349 elementor-1956\" data-elementor-post-type=\"page\">\n\t\t\t\t<div class=\"elementor-element elementor-element-b5b3825 e-flex e-con-boxed e-con e-parent\" data-id=\"b5b3825\" data-element_type=\"container\" data-e-type=\"container\">\n\t\t\t\t\t<div class=\"e-con-inner\">\n\t\t<div class=\"elementor-element elementor-element-b94dc60 e-con-full e-flex e-con e-child\" data-id=\"b94dc60\" data-element_type=\"container\" data-e-type=\"container\">\n\t\t\t\t<div class=\"elementor-element elementor-element-4b8f648 elementor-widget elementor-widget-image\" data-id=\"4b8f648\" data-element_type=\"widget\" data-e-type=\"widget\" data-widget_type=\"image.default\">\n\t\t\t\t<div class=\"elementor-widget-container\">\n\t\t\t\t\t\t\t\t\t\t\t\t\t\t\t<img fetchpriority=\"high\" decoding=\"async\" width=\"600\" height=\"329\" src=\"https:\/\/www.capotex.com\/wp-content\/uploads\/2024\/05\/Capots-pour-convoyeurs-Durban.webp\" class=\"attachment-full size-full wp-image-33399\" alt=\"Capots pour convoyeurs Durban\" srcset=\"https:\/\/www.capotex.com\/wp-content\/uploads\/2024\/05\/Capots-pour-convoyeurs-Durban.webp 600w, https:\/\/www.capotex.com\/wp-content\/uploads\/2024\/05\/Capots-pour-convoyeurs-Durban-300x165.webp 300w\" sizes=\"(max-width: 600px) 100vw, 600px\" \/>\t\t\t\t\t\t\t\t\t\t\t\t\t\t\t<\/div>\n\t\t\t\t<\/div>\n\t\t\t\t<\/div>\n\t\t\t\t\t<\/div>\n\t\t\t\t<\/div>\n\t\t<div class=\"elementor-element elementor-element-98af90d e-flex e-con-boxed e-con e-parent\" data-id=\"98af90d\" data-element_type=\"container\" data-e-type=\"container\">\n\t\t\t\t\t<div class=\"e-con-inner\">\n\t\t<div class=\"elementor-element elementor-element-77be394 e-con-full e-flex e-con e-child\" data-id=\"77be394\" data-element_type=\"container\" data-e-type=\"container\">\n\t\t\t\t<div class=\"elementor-element elementor-element-a365349 elementor-widget elementor-widget-heading\" data-id=\"a365349\" data-element_type=\"widget\" data-e-type=\"widget\" data-widget_type=\"heading.default\">\n\t\t\t\t<div class=\"elementor-widget-container\">\n\t\t\t\t\t<h2 class=\"elementor-heading-title elementor-size-default\">Durban (fixe et ouvert d'un c\u00f4t\u00e9)<\/h2>\t\t\t\t<\/div>\n\t\t\t\t<\/div>\n\t\t\t\t<div class=\"elementor-element elementor-element-da7eaa1 elementor-widget elementor-widget-text-editor\" data-id=\"da7eaa1\" data-element_type=\"widget\" data-e-type=\"widget\" data-widget_type=\"text-editor.default\">\n\t\t\t\t<div class=\"elementor-widget-container\">\n\t\t\t\t\t\t\t\t\t<p>Le capot Durban offre un acc\u00e8s visuel et manuel d&rsquo;<strong>un c\u00f4t\u00e9<\/strong> de la bande sans qu&rsquo;il soit n\u00e9cessaire de d\u00e9monter quoi que ce soit. Il prot\u00e8ge la courroie de la pluie et du vent d&rsquo;un c\u00f4t\u00e9, tout en laissant suffisamment d&rsquo;espace pour soulever la courroie et remplacer les rouleaux.<\/p>\n\t\t\t\t\t\t\t\t<\/div>\n\t\t\t\t<\/div>\n\t\t\t\t<div class=\"elementor-element elementor-element-a66819f elementor-widget elementor-widget-image\" data-id=\"a66819f\" data-element_type=\"widget\" data-e-type=\"widget\" data-widget_type=\"image.default\">\n\t\t\t\t<div class=\"elementor-widget-container\">\n\t\t\t\t\t\t\t\t\t\t\t\t<figure class=\"wp-caption\">\n\t\t\t\t\t\t\t\t\t\t\t<a href=\"https:\/\/www.capotex.com\/wp-content\/uploads\/2023\/07\/Durban-Classic-FR.pdf\" target=\"_blank\">\n\t\t\t\t\t\t\t<img decoding=\"async\" width=\"428\" height=\"303\" src=\"https:\/\/www.capotex.com\/wp-content\/uploads\/2023\/07\/Durban-Classic-cover.jpg\" class=\"attachment-full size-full wp-image-27322\" alt=\"\" srcset=\"https:\/\/www.capotex.com\/wp-content\/uploads\/2023\/07\/Durban-Classic-cover.jpg 428w, https:\/\/www.capotex.com\/wp-content\/uploads\/2023\/07\/Durban-Classic-cover-300x212.jpg 300w\" sizes=\"(max-width: 428px) 100vw, 428px\" \/>\t\t\t\t\t\t\t\t<\/a>\n\t\t\t\t\t\t\t\t\t\t\t<figcaption class=\"widget-image-caption wp-caption-text\">T\u00e9l\u00e9charger le plan de courbure \"Classique\" en pdf<\/figcaption>\n\t\t\t\t\t\t\t\t\t\t<\/figure>\n\t\t\t\t\t\t\t\t\t<\/div>\n\t\t\t\t<\/div>\n\t\t\t\t<\/div>\n\t\t\t\t\t<\/div>\n\t\t\t\t<\/div>\n\t\t<div class=\"elementor-element elementor-element-e1707d5 elementor-hidden-mobile e-flex e-con-boxed e-con e-parent\" data-id=\"e1707d5\" data-element_type=\"container\" data-e-type=\"container\">\n\t\t\t\t\t<div class=\"e-con-inner\">\n\t\t<div class=\"elementor-element elementor-element-a2049fa e-con-full e-flex e-con e-child\" data-id=\"a2049fa\" data-element_type=\"container\" data-e-type=\"container\">\n\t\t\t\t<div class=\"elementor-element elementor-element-5c1ee03 elementor-tabs-view-horizontal elementor-widget elementor-widget-tabs\" data-id=\"5c1ee03\" data-element_type=\"widget\" data-e-type=\"widget\" data-widget_type=\"tabs.default\">\n\t\t\t\t<div class=\"elementor-widget-container\">\n\t\t\t\t\t\t\t<div class=\"elementor-tabs\">\n\t\t\t<div class=\"elementor-tabs-wrapper\" role=\"tablist\" >\n\t\t\t\t\t\t\t\t\t<div id=\"elementor-tab-title-9651\" class=\"elementor-tab-title elementor-tab-desktop-title\" aria-selected=\"true\" data-tab=\"1\" role=\"tab\" tabindex=\"0\" aria-controls=\"elementor-tab-content-9651\" aria-expanded=\"false\">Caract\u00e9ristiques<\/div>\n\t\t\t\t\t\t\t\t\t<div id=\"elementor-tab-title-9652\" class=\"elementor-tab-title elementor-tab-desktop-title\" aria-selected=\"false\" data-tab=\"2\" role=\"tab\" tabindex=\"-1\" aria-controls=\"elementor-tab-content-9652\" aria-expanded=\"false\">Instructions d'installation<\/div>\n\t\t\t\t\t\t\t\t\t<div id=\"elementor-tab-title-9653\" class=\"elementor-tab-title elementor-tab-desktop-title\" aria-selected=\"false\" data-tab=\"3\" role=\"tab\" tabindex=\"-1\" aria-controls=\"elementor-tab-content-9653\" aria-expanded=\"false\">Fixations<\/div>\n\t\t\t\t\t\t\t<\/div>\n\t\t\t<div class=\"elementor-tabs-content-wrapper\" role=\"tablist\" aria-orientation=\"vertical\">\n\t\t\t\t\t\t\t\t\t<div class=\"elementor-tab-title elementor-tab-mobile-title\" aria-selected=\"true\" data-tab=\"1\" role=\"tab\" tabindex=\"0\" aria-controls=\"elementor-tab-content-9651\" aria-expanded=\"false\">Caract\u00e9ristiques<\/div>\n\t\t\t\t\t<div id=\"elementor-tab-content-9651\" class=\"elementor-tab-content elementor-clearfix\" data-tab=\"1\" role=\"tabpanel\" aria-labelledby=\"elementor-tab-title-9651\" tabindex=\"0\" hidden=\"false\"><p><strong>Acc\u00e8s \u00e0 l&rsquo;inspection d&rsquo;un seul c\u00f4t\u00e9<\/strong>: Le capot couvre le dessus et un c\u00f4t\u00e9 de la bande transporteuse, laissant un c\u00f4t\u00e9 libre pour l&rsquo;entretien.<br \/>D\u00e9montable : Le capot Durban peut \u00eatre enti\u00e8rement retir\u00e9 en desserrant les vis, laissant la bande transporteuse compl\u00e8tement libre. Sans aucune structure ou obstruction.<\/p>\n<p><strong>Autonome<\/strong>: il ne n\u00e9cessite aucune structure.<\/p>\n<p><strong>Rapide et facile \u00e0 installer<\/strong>: il s&rsquo;adapte \u00e0 pratiquement toutes les bandes transporteuses.<\/p>\n<\/div>\n\t\t\t\t\t\t\t\t\t<div class=\"elementor-tab-title elementor-tab-mobile-title\" aria-selected=\"false\" data-tab=\"2\" role=\"tab\" tabindex=\"-1\" aria-controls=\"elementor-tab-content-9652\" aria-expanded=\"false\">Instructions d'installation<\/div>\n\t\t\t\t\t<div id=\"elementor-tab-content-9652\" class=\"elementor-tab-content elementor-clearfix\" data-tab=\"2\" role=\"tabpanel\" aria-labelledby=\"elementor-tab-title-9652\" tabindex=\"0\" hidden=\"hidden\"><p>\t\t<div data-elementor-type=\"section\" data-elementor-id=\"26738\" class=\"elementor elementor-26738 elementor-786 elementor-786\" data-elementor-post-type=\"elementor_library\">\n\t\t\t\t\t<section class=\"elementor-section elementor-top-section elementor-element elementor-element-8113074 elementor-section-boxed elementor-section-height-default elementor-section-height-default\" data-id=\"8113074\" data-element_type=\"section\" data-e-type=\"section\">\n\t\t\t\t\t\t<div class=\"elementor-container elementor-column-gap-default\">\n\t\t\t\t\t<div class=\"elementor-column elementor-col-100 elementor-top-column elementor-element elementor-element-a806e24\" data-id=\"a806e24\" data-element_type=\"column\" data-e-type=\"column\">\n\t\t\t<div class=\"elementor-widget-wrap elementor-element-populated\">\n\t\t\t\t\t\t<div class=\"elementor-element elementor-element-812b775 elementor-widget elementor-widget-text-editor\" data-id=\"812b775\" data-element_type=\"widget\" data-e-type=\"widget\" data-widget_type=\"text-editor.default\">\n\t\t\t\t<div class=\"elementor-widget-container\">\n\t\t\t\t\t\t\t\t\t<p><strong>Visser directement quelques capots \u00e0 180\u00ba \u00e0 la fondation du convoyeur \u00e0 bande<\/strong>. Il est recommand\u00e9 d&rsquo;utiliser des pi\u00e8ces de 40 x 40 mm. Des corni\u00e8res en acier sont install\u00e9es de part et d&rsquo;autre de la bande transporteuse.<\/p>\n<p><strong>Visser les capots 140\u00ba sur les capots 180\u00ba<\/strong> \u00e0 l&rsquo;aide de vis autoperceuses 5,5&#215;22 P16.<\/p>\n<p><strong>Arr\u00eatez le convoyeur \u00e0 bande avant de commencer l&rsquo;installation.<\/strong><\/p>\n<p><strong>Outils n\u00e9cessaires :<\/strong> tournevis \u00e9lectrique avec douille de 8 mm.<\/p>\n<p><strong>Utiliser les EPI<\/strong> (\u00e9quipements de protection individuelle) requis par la loi. CAPOTEX recommande l&rsquo;utilisation de gants, d&rsquo;un casque, de bottes de s\u00e9curit\u00e9, de protections auditives et d&rsquo;un masque de soudage (pour le soudage de t\u00f4les d&rsquo;acier uniquement).<\/p>\n\t\t\t\t\t\t\t\t<\/div>\n\t\t\t\t<\/div>\n\t\t\t\t<div class=\"elementor-element elementor-element-1353447 elementor-widget elementor-widget-video\" data-id=\"1353447\" data-element_type=\"widget\" data-e-type=\"widget\" data-settings=\"{&quot;youtube_url&quot;:&quot;https:\\\/\\\/youtu.be\\\/1svz8IYB1Jk&quot;,&quot;mute&quot;:&quot;yes&quot;,&quot;lazy_load&quot;:&quot;yes&quot;,&quot;video_type&quot;:&quot;youtube&quot;,&quot;controls&quot;:&quot;yes&quot;}\" data-widget_type=\"video.default\">\n\t\t\t\t<div class=\"elementor-widget-container\">\n\t\t\t\t\t\t\t<div class=\"elementor-wrapper elementor-open-inline\">\n\t\t\t<div class=\"elementor-video\"><\/div>\t\t<\/div>\n\t\t\t\t\t\t<\/div>\n\t\t\t\t<\/div>\n\t\t\t\t\t<\/div>\n\t\t<\/div>\n\t\t\t\t\t<\/div>\n\t\t<\/section>\n\t\t\t\t<\/div>\n\t\t<\/p>\n<\/div>\n\t\t\t\t\t\t\t\t\t<div class=\"elementor-tab-title elementor-tab-mobile-title\" aria-selected=\"false\" data-tab=\"3\" role=\"tab\" tabindex=\"-1\" aria-controls=\"elementor-tab-content-9653\" aria-expanded=\"false\">Fixations<\/div>\n\t\t\t\t\t<div id=\"elementor-tab-content-9653\" class=\"elementor-tab-content elementor-clearfix\" data-tab=\"3\" role=\"tabpanel\" aria-labelledby=\"elementor-tab-title-9653\" tabindex=\"0\" hidden=\"hidden\"><table><tbody><tr style=\"background-color: #00678a; color: #f9fafa;\"><th>Mod\u00e8le<\/th><th>Forme de la courbure<\/th><th>Fixation<\/th><th>Photo<\/th><\/tr><tr><td>Durban<\/td><td><a href=\"https:\/\/www.capotex.com\/fr\/capots-pour-convoyeurs\/capots-convoyeurs-a-bande\/\">Classique<\/a><\/td><td><a href=\"https:\/\/www.capotex.com\/fr\/fixations-pour-capots-pour-convoyeurs\/c5\/\">Vis autotaraudeuse C-5<\/a><\/td><td><a href=\"https:\/\/www.capotex.com\/fr\/produits\/fixations\/vis-autotaradeuses-c5\/\"><img decoding=\"async\" src=\"https:\/\/www.capotex.com\/wp-content\/uploads\/2023\/05\/Capotex-fixings-C5-Self-Drilling-Screw.webp\" width=\"200\" \/><\/a><\/td><\/tr><tr><td>\u00a0<\/td><td>\u00a0<\/td><td><a href=\"https:\/\/www.capotex.com\/fr\/fixations-pour-capots-pour-convoyeurs\/c6\/\">Plaque de Fixation C-6<\/a><\/td><td><a href=\"https:\/\/www.capotex.com\/fr\/produits\/fixations\/plaque-de-fixation-c6\/\"><img decoding=\"async\" src=\"https:\/\/www.capotex.com\/wp-content\/uploads\/2023\/05\/Capotex-fixings-C6-Clamp.webp\" width=\"200\" \/><\/a><\/td><\/tr><tr><td>\u00a0<\/td><td>\u00a0<\/td><td><a href=\"https:\/\/www.capotex.com\/fr\/fixations-pour-capots-pour-convoyeurs\/c9\/\">C-9 Crochet<\/a><\/td><td><a href=\"https:\/\/www.capotex.com\/fr\/produits\/fixations\/crochet-c9\/\"><img decoding=\"async\" src=\"https:\/\/www.capotex.com\/wp-content\/uploads\/2023\/05\/Capotex-fixings-C9-Hook.webp\" width=\"200\" \/><\/a><\/td><\/tr><tr><td>\u00a0<\/td><td>\u00a0<\/td><td><a href=\"https:\/\/www.capotex.com\/fr\/fixations-pour-capots-pour-convoyeurs\/c7\/\">C-7 Crochet ergonomique avec sangle 1 ou 2 crochets avec ou sans plateau<\/a><\/td><td><a href=\"https:\/\/www.capotex.com\/fr\/produits\/fixations\/crochet-ergonomique-avec-sangle-c7\/\"><img decoding=\"async\" src=\"https:\/\/www.capotex.com\/wp-content\/uploads\/2023\/05\/Capotex-fixings-C7-Ergonomic-Hook-w-Strap.webp\" width=\"100\" \/><\/a><\/td><\/tr><tr><td>\u00a0<\/td><td><a href=\"https:\/\/www.capotex.com\/fr\/capots-pour-convoyeurs\/capots-convoyeurs-a-bande\/\">Plus<\/a><\/td><td><a href=\"https:\/\/www.capotex.com\/fr\/fixations-pour-capots-pour-convoyeurs\/c5\/\">Vis autotaraudeuse C-5<\/a><\/td><td><a href=\"https:\/\/www.capotex.com\/fr\/produits\/fixations\/vis-autotaradeuses-c5\/\"><img decoding=\"async\" src=\"https:\/\/www.capotex.com\/wp-content\/uploads\/2023\/05\/Capotex-fixings-C5-Self-Drilling-Screw.webp\" width=\"200\" \/><\/a><\/td><\/tr><tr><td>\u00a0<\/td><td>\u00a0<\/td><td><a href=\"https:\/\/www.capotex.com\/fr\/fixations-pour-capots-pour-convoyeurs\/c6\/\">Plaque de Fixation C-6<\/a><\/td><td><a href=\"https:\/\/www.capotex.com\/fr\/produits\/fixations\/plaque-de-fixation-c6\/\"><img decoding=\"async\" src=\"https:\/\/www.capotex.com\/wp-content\/uploads\/2023\/05\/Capotex-fixings-C6-Clamp.webp\" width=\"200\" \/><\/a><\/td><\/tr><tr><td>\u00a0<\/td><td>\u00a0<\/td><td><a href=\"https:\/\/www.capotex.com\/fr\/fixations-pour-capots-pour-convoyeurs\/c9\/\">C-9 Crochet<\/a><\/td><td><a href=\"https:\/\/www.capotex.com\/fr\/produits\/fixations\/crochet-c9\/\"><img decoding=\"async\" src=\"https:\/\/www.capotex.com\/wp-content\/uploads\/2023\/05\/Capotex-fixings-C9-Hook.webp\" width=\"200\" \/><\/a><\/td><\/tr><tr><td>\u00a0<\/td><td>\u00a0<\/td><td><a href=\"https:\/\/www.capotex.com\/fr\/fixations-pour-capots-pour-convoyeurs\/c7\/\">C-7 Crochet ergonomique avec sangle 1 ou 2 crochets avec ou sans plateau<\/a><\/td><td><a href=\"https:\/\/www.capotex.com\/fr\/produits\/fixations\/crochet-ergonomique-avec-sangle-c7\/\"><img decoding=\"async\" src=\"https:\/\/www.capotex.com\/wp-content\/uploads\/2023\/05\/Capotex-fixings-C7-Ergonomic-Hook-w-Strap.webp\" width=\"100\" \/><\/a><\/td><\/tr><\/tbody><\/table><\/div>\n\t\t\t\t\t\t\t<\/div>\n\t\t<\/div>\n\t\t\t\t\t\t<\/div>\n\t\t\t\t<\/div>\n\t\t\t\t<\/div>\n\t\t\t\t\t<\/div>\n\t\t\t\t<\/div>\n\t\t<div class=\"elementor-element elementor-element-84955af elementor-hidden-desktop elementor-hidden-tablet e-flex e-con-boxed e-con e-parent\" data-id=\"84955af\" data-element_type=\"container\" data-e-type=\"container\">\n\t\t\t\t\t<div class=\"e-con-inner\">\n\t\t<div class=\"elementor-element elementor-element-53efaf1 e-con-full e-flex e-con e-child\" data-id=\"53efaf1\" data-element_type=\"container\" data-e-type=\"container\">\n\t\t\t\t<div class=\"elementor-element elementor-element-aed99af elementor-tabs-view-horizontal elementor-widget elementor-widget-tabs\" data-id=\"aed99af\" data-element_type=\"widget\" data-e-type=\"widget\" data-widget_type=\"tabs.default\">\n\t\t\t\t<div class=\"elementor-widget-container\">\n\t\t\t\t\t\t\t<div class=\"elementor-tabs\">\n\t\t\t<div class=\"elementor-tabs-wrapper\" role=\"tablist\" >\n\t\t\t\t\t\t\t\t\t<div id=\"elementor-tab-title-1831\" class=\"elementor-tab-title elementor-tab-desktop-title\" aria-selected=\"true\" data-tab=\"1\" role=\"tab\" tabindex=\"0\" aria-controls=\"elementor-tab-content-1831\" aria-expanded=\"false\">Caract\u00e9ristiques<\/div>\n\t\t\t\t\t\t\t\t\t<div id=\"elementor-tab-title-1832\" class=\"elementor-tab-title elementor-tab-desktop-title\" aria-selected=\"false\" data-tab=\"2\" role=\"tab\" tabindex=\"-1\" aria-controls=\"elementor-tab-content-1832\" aria-expanded=\"false\">Instructions d'installation<\/div>\n\t\t\t\t\t\t\t\t\t<div id=\"elementor-tab-title-1833\" class=\"elementor-tab-title elementor-tab-desktop-title\" aria-selected=\"false\" data-tab=\"3\" role=\"tab\" tabindex=\"-1\" aria-controls=\"elementor-tab-content-1833\" aria-expanded=\"false\">Fixations<\/div>\n\t\t\t\t\t\t\t<\/div>\n\t\t\t<div class=\"elementor-tabs-content-wrapper\" role=\"tablist\" aria-orientation=\"vertical\">\n\t\t\t\t\t\t\t\t\t<div class=\"elementor-tab-title elementor-tab-mobile-title\" aria-selected=\"true\" data-tab=\"1\" role=\"tab\" tabindex=\"0\" aria-controls=\"elementor-tab-content-1831\" aria-expanded=\"false\">Caract\u00e9ristiques<\/div>\n\t\t\t\t\t<div id=\"elementor-tab-content-1831\" class=\"elementor-tab-content elementor-clearfix\" data-tab=\"1\" role=\"tabpanel\" aria-labelledby=\"elementor-tab-title-1831\" tabindex=\"0\" hidden=\"false\"><p><strong>Acc\u00e8s \u00e0 l&rsquo;inspection d&rsquo;un seul c\u00f4t\u00e9<\/strong>: Le capot couvre le dessus et un c\u00f4t\u00e9 de la bande transporteuse, laissant un c\u00f4t\u00e9 libre pour l&rsquo;entretien.<br \/>D\u00e9montable : Le capot Durban peut \u00eatre enti\u00e8rement retir\u00e9 en desserrant les vis, laissant la bande transporteuse compl\u00e8tement libre. Sans aucune structure ou obstruction.<\/p>\n<p><strong>Autonome<\/strong>: il ne n\u00e9cessite aucune structure.<\/p>\n<p><strong>Rapide et facile \u00e0 installer<\/strong>: il s&rsquo;adapte \u00e0 pratiquement toutes les bandes transporteuses.<\/p>\n<\/div>\n\t\t\t\t\t\t\t\t\t<div class=\"elementor-tab-title elementor-tab-mobile-title\" aria-selected=\"false\" data-tab=\"2\" role=\"tab\" tabindex=\"-1\" aria-controls=\"elementor-tab-content-1832\" aria-expanded=\"false\">Instructions d'installation<\/div>\n\t\t\t\t\t<div id=\"elementor-tab-content-1832\" class=\"elementor-tab-content elementor-clearfix\" data-tab=\"2\" role=\"tabpanel\" aria-labelledby=\"elementor-tab-title-1832\" tabindex=\"0\" hidden=\"hidden\"><p>\t\t<div data-elementor-type=\"section\" data-elementor-id=\"26738\" class=\"elementor elementor-26738 elementor-786 elementor-786\" data-elementor-post-type=\"elementor_library\">\n\t\t\t\t\t<section class=\"elementor-section elementor-top-section elementor-element elementor-element-8113074 elementor-section-boxed elementor-section-height-default elementor-section-height-default\" data-id=\"8113074\" data-element_type=\"section\" data-e-type=\"section\">\n\t\t\t\t\t\t<div class=\"elementor-container elementor-column-gap-default\">\n\t\t\t\t\t<div class=\"elementor-column elementor-col-100 elementor-top-column elementor-element elementor-element-a806e24\" data-id=\"a806e24\" data-element_type=\"column\" data-e-type=\"column\">\n\t\t\t<div class=\"elementor-widget-wrap elementor-element-populated\">\n\t\t\t\t\t\t<div class=\"elementor-element elementor-element-812b775 elementor-widget elementor-widget-text-editor\" data-id=\"812b775\" data-element_type=\"widget\" data-e-type=\"widget\" data-widget_type=\"text-editor.default\">\n\t\t\t\t<div class=\"elementor-widget-container\">\n\t\t\t\t\t\t\t\t\t<p><strong>Visser directement quelques capots \u00e0 180\u00ba \u00e0 la fondation du convoyeur \u00e0 bande<\/strong>. Il est recommand\u00e9 d&rsquo;utiliser des pi\u00e8ces de 40 x 40 mm. Des corni\u00e8res en acier sont install\u00e9es de part et d&rsquo;autre de la bande transporteuse.<\/p>\n<p><strong>Visser les capots 140\u00ba sur les capots 180\u00ba<\/strong> \u00e0 l&rsquo;aide de vis autoperceuses 5,5&#215;22 P16.<\/p>\n<p><strong>Arr\u00eatez le convoyeur \u00e0 bande avant de commencer l&rsquo;installation.<\/strong><\/p>\n<p><strong>Outils n\u00e9cessaires :<\/strong> tournevis \u00e9lectrique avec douille de 8 mm.<\/p>\n<p><strong>Utiliser les EPI<\/strong> (\u00e9quipements de protection individuelle) requis par la loi. CAPOTEX recommande l&rsquo;utilisation de gants, d&rsquo;un casque, de bottes de s\u00e9curit\u00e9, de protections auditives et d&rsquo;un masque de soudage (pour le soudage de t\u00f4les d&rsquo;acier uniquement).<\/p>\n\t\t\t\t\t\t\t\t<\/div>\n\t\t\t\t<\/div>\n\t\t\t\t<div class=\"elementor-element elementor-element-1353447 elementor-widget elementor-widget-video\" data-id=\"1353447\" data-element_type=\"widget\" data-e-type=\"widget\" data-settings=\"{&quot;youtube_url&quot;:&quot;https:\\\/\\\/youtu.be\\\/1svz8IYB1Jk&quot;,&quot;mute&quot;:&quot;yes&quot;,&quot;lazy_load&quot;:&quot;yes&quot;,&quot;video_type&quot;:&quot;youtube&quot;,&quot;controls&quot;:&quot;yes&quot;}\" data-widget_type=\"video.default\">\n\t\t\t\t<div class=\"elementor-widget-container\">\n\t\t\t\t\t\t\t<div class=\"elementor-wrapper elementor-open-inline\">\n\t\t\t<div class=\"elementor-video\"><\/div>\t\t<\/div>\n\t\t\t\t\t\t<\/div>\n\t\t\t\t<\/div>\n\t\t\t\t\t<\/div>\n\t\t<\/div>\n\t\t\t\t\t<\/div>\n\t\t<\/section>\n\t\t\t\t<\/div>\n\t\t<\/p>\n<\/div>\n\t\t\t\t\t\t\t\t\t<div class=\"elementor-tab-title elementor-tab-mobile-title\" aria-selected=\"false\" data-tab=\"3\" role=\"tab\" tabindex=\"-1\" aria-controls=\"elementor-tab-content-1833\" aria-expanded=\"false\">Fixations<\/div>\n\t\t\t\t\t<div id=\"elementor-tab-content-1833\" class=\"elementor-tab-content elementor-clearfix\" data-tab=\"3\" role=\"tabpanel\" aria-labelledby=\"elementor-tab-title-1833\" tabindex=\"0\" hidden=\"hidden\"><table><tbody><tr style=\"background-color: #00678a; color: #f9fafa;\"><th>Forme de la courbure<\/th><th>Fixation<\/th><\/tr><tr><td><a href=\"https:\/\/www.capotex.com\/fr\/capots-pour-convoyeurs\/capots-convoyeurs-a-bande\/\">Classique<\/a><\/td><td><a href=\"https:\/\/www.capotex.com\/fr\/fixations-pour-capots-pour-convoyeurs\/c5\/\">Vis autotaraudeuse C-5<\/a><\/td><\/tr><tr><td>\u00a0<\/td><td><a href=\"https:\/\/www.capotex.com\/fr\/fixations-pour-capots-pour-convoyeurs\/c6\/\">Plaque de Fixation C-6<\/a><\/td><\/tr><tr><td>\u00a0<\/td><td><a href=\"https:\/\/www.capotex.com\/fr\/fixations-pour-capots-pour-convoyeurs\/c9\/\">C-9 Crochet<\/a><\/td><\/tr><tr><td>\u00a0<\/td><td><a href=\"https:\/\/www.capotex.com\/fr\/fixations-pour-capots-pour-convoyeurs\/c7\/\">C-7 Crochet ergonomique avec sangle 1 ou 2 crochets avec ou sans plateau<\/a><\/td><\/tr><tr><td><a href=\"https:\/\/www.capotex.com\/fr\/capots-pour-convoyeurs\/capots-convoyeurs-a-bande\/\">Plus<\/a><\/td><td><a href=\"https:\/\/www.capotex.com\/fr\/fixations-pour-capots-pour-convoyeurs\/c5\/\">Vis autotaraudeuse C-5<\/a><\/td><\/tr><tr><td>\u00a0<\/td><td><a href=\"https:\/\/www.capotex.com\/fr\/fixations-pour-capots-pour-convoyeurs\/c6\/\">Plaque de Fixation C-6<\/a><\/td><\/tr><tr><td>\u00a0<\/td><td><a href=\"https:\/\/www.capotex.com\/fr\/fixations-pour-capots-pour-convoyeurs\/c9\/\">C-9 Crochet<\/a><\/td><\/tr><tr><td>\u00a0<\/td><td><a href=\"https:\/\/www.capotex.com\/fr\/fixations-pour-capots-pour-convoyeurs\/c7\/\">C-7 Crochet ergonomique avec sangle 1 ou 2 crochets avec ou sans plateau<\/a><\/td><\/tr><\/tbody><\/table><\/div>\n\t\t\t\t\t\t\t<\/div>\n\t\t<\/div>\n\t\t\t\t\t\t<\/div>\n\t\t\t\t<\/div>\n\t\t\t\t<\/div>\n\t\t\t\t\t<\/div>\n\t\t\t\t<\/div>\n\t\t\t\t<\/div>\n\t\t","protected":false},"excerpt":{"rendered":"<p>Fixe et ouvert d&rsquo;un c\u00f4t\u00e9<\/p>\n","protected":false},"author":1,"featured_media":762,"parent":26301,"menu_order":50,"comment_status":"closed","ping_status":"closed","template":"","meta":{"_joinchat":[],"footnotes":""},"tags":[70],"class_list":["post-26349","page","type-page","status-publish","has-post-thumbnail","hentry","tag-modeles-de-convoyeurs"],"_links":{"self":[{"href":"https:\/\/www.capotex.com\/fr\/wp-json\/wp\/v2\/pages\/26349","targetHints":{"allow":["GET"]}}],"collection":[{"href":"https:\/\/www.capotex.com\/fr\/wp-json\/wp\/v2\/pages"}],"about":[{"href":"https:\/\/www.capotex.com\/fr\/wp-json\/wp\/v2\/types\/page"}],"author":[{"embeddable":true,"href":"https:\/\/www.capotex.com\/fr\/wp-json\/wp\/v2\/users\/1"}],"replies":[{"embeddable":true,"href":"https:\/\/www.capotex.com\/fr\/wp-json\/wp\/v2\/comments?post=26349"}],"version-history":[{"count":39,"href":"https:\/\/www.capotex.com\/fr\/wp-json\/wp\/v2\/pages\/26349\/revisions"}],"predecessor-version":[{"id":34744,"href":"https:\/\/www.capotex.com\/fr\/wp-json\/wp\/v2\/pages\/26349\/revisions\/34744"}],"up":[{"embeddable":true,"href":"https:\/\/www.capotex.com\/fr\/wp-json\/wp\/v2\/pages\/26301"}],"wp:featuredmedia":[{"embeddable":true,"href":"https:\/\/www.capotex.com\/fr\/wp-json\/wp\/v2\/media\/762"}],"wp:attachment":[{"href":"https:\/\/www.capotex.com\/fr\/wp-json\/wp\/v2\/media?parent=26349"}],"wp:term":[{"taxonomy":"post_tag","embeddable":true,"href":"https:\/\/www.capotex.com\/fr\/wp-json\/wp\/v2\/tags?post=26349"}],"curies":[{"name":"wp","href":"https:\/\/api.w.org\/{rel}","templated":true}]}}