{"id":26357,"date":"2023-05-17T09:14:34","date_gmt":"2023-05-17T08:14:34","guid":{"rendered":"https:\/\/capotex.com\/produits\/materiaux\/"},"modified":"2024-06-07T10:12:02","modified_gmt":"2024-06-07T09:12:02","slug":"capots-de-convoyeurs","status":"publish","type":"page","link":"https:\/\/www.capotex.com\/fr\/capots-pour-convoyeurs\/capots-de-convoyeurs\/","title":{"rendered":"Mat\u00e9riaux"},"content":{"rendered":"\t\t<div data-elementor-type=\"wp-page\" data-elementor-id=\"26357\" class=\"elementor elementor-26357 elementor-2005\" data-elementor-post-type=\"page\">\n\t\t\t\t<div class=\"elementor-element elementor-element-d8fb908 e-flex e-con-boxed e-con e-parent\" data-id=\"d8fb908\" data-element_type=\"container\" data-e-type=\"container\">\n\t\t\t\t\t<div class=\"e-con-inner\">\n\t\t<div class=\"elementor-element elementor-element-7162aa3 e-con-full e-flex e-con e-child\" data-id=\"7162aa3\" data-element_type=\"container\" data-e-type=\"container\">\n\t\t\t\t<div class=\"elementor-element elementor-element-28a51b0 elementor-widget elementor-widget-heading\" data-id=\"28a51b0\" data-element_type=\"widget\" data-e-type=\"widget\" data-widget_type=\"heading.default\">\n\t\t\t\t<div class=\"elementor-widget-container\">\n\t\t\t\t\t<h2 class=\"elementor-heading-title elementor-size-default\">Materiaux pour Capots de convoyeurs<\/h2>\t\t\t\t<\/div>\n\t\t\t\t<\/div>\n\t\t\t\t<\/div>\n\t\t\t\t\t<\/div>\n\t\t\t\t<\/div>\n\t\t<div class=\"elementor-element elementor-element-abdf6fe e-flex e-con-boxed e-con e-parent\" data-id=\"abdf6fe\" data-element_type=\"container\" data-e-type=\"container\">\n\t\t\t\t\t<div class=\"e-con-inner\">\n\t\t<div class=\"elementor-element elementor-element-9a85ab5 e-con-full e-flex e-con e-child\" data-id=\"9a85ab5\" data-element_type=\"container\" data-e-type=\"container\" data-settings=\"{&quot;background_background&quot;:&quot;classic&quot;}\">\n\t\t\t\t<div class=\"elementor-element elementor-element-c617270 elementor-widget elementor-widget-heading\" data-id=\"c617270\" data-element_type=\"widget\" data-e-type=\"widget\" data-widget_type=\"heading.default\">\n\t\t\t\t<div class=\"elementor-widget-container\">\n\t\t\t\t\t<h2 class=\"elementor-heading-title elementor-size-default\">Acier galvanis\u00e9<\/h2>\t\t\t\t<\/div>\n\t\t\t\t<\/div>\n\t\t\t\t<div class=\"elementor-element elementor-element-c9d4272 elementor-widget elementor-widget-image\" data-id=\"c9d4272\" data-element_type=\"widget\" data-e-type=\"widget\" data-widget_type=\"image.default\">\n\t\t\t\t<div class=\"elementor-widget-container\">\n\t\t\t\t\t\t\t\t\t\t\t\t\t\t\t<img fetchpriority=\"high\" decoding=\"async\" width=\"325\" height=\"225\" src=\"https:\/\/www.capotex.com\/wp-content\/uploads\/2024\/06\/Capots-de-convoyeurs-materiaux.jpg\" class=\"attachment-full size-full wp-image-34117\" alt=\"Capots de convoyeurs materiaux\" srcset=\"https:\/\/www.capotex.com\/wp-content\/uploads\/2024\/06\/Capots-de-convoyeurs-materiaux.jpg 325w, https:\/\/www.capotex.com\/wp-content\/uploads\/2024\/06\/Capots-de-convoyeurs-materiaux-300x208.jpg 300w\" sizes=\"(max-width: 325px) 100vw, 325px\" \/>\t\t\t\t\t\t\t\t\t\t\t\t\t\t\t<\/div>\n\t\t\t\t<\/div>\n\t\t\t\t<div class=\"elementor-element elementor-element-558df6b elementor-widget elementor-widget-text-editor\" data-id=\"558df6b\" data-element_type=\"widget\" data-e-type=\"widget\" data-widget_type=\"text-editor.default\">\n\t\t\t\t<div class=\"elementor-widget-container\">\n\t\t\t\t\t\t\t\t\t<p>L&rsquo;acier galvanis\u00e9 est obtenu par le rev\u00eatement d&rsquo;une bande d&rsquo;acier lamin\u00e9e \u00e0 froid par immersion dans un bain de zinc en fusion.<\/p>\n<p>Cette t\u00f4le d&rsquo;acier est ondul\u00e9e et pli\u00e9e pour former le capot.<\/p>\n<p>Le zinc se corrode 20 \u00e0 40 fois moins vite que l&rsquo;acier, ce qui le prot\u00e8ge de l&rsquo;environnement.<\/p>\n<p>Les fixations en acier galvanis\u00e9 r\u00e9sistent bien aux chocs gr\u00e2ce \u00e0 la duret\u00e9 de l&rsquo;acier.<\/p>\n<p>Ils sont rigides gr\u00e2ce \u00e0 l&rsquo;ondulation et au pliage, rigidit\u00e9 qui augmente consid\u00e9rablement avec le pliage de chaque bord, un syst\u00e8me exclusif de CAPOTEX qui, en plus d&rsquo;augmenter la duret\u00e9 avec un minimum d&rsquo;arr\u00eat, \u00e9vite le risque de coupures et d&rsquo;autres blessures lors de la manipulation puisque les ar\u00eates vives sont \u00e9limin\u00e9es.<\/p>\n<p><strong>\u00c9paisseur 0,6 mm et 0,8 mm.<\/strong><\/p>\n\t\t\t\t\t\t\t\t<\/div>\n\t\t\t\t<\/div>\n\t\t\t\t<\/div>\n\t\t<div class=\"elementor-element elementor-element-5d6d43b e-con-full e-flex e-con e-child\" data-id=\"5d6d43b\" data-element_type=\"container\" data-e-type=\"container\" data-settings=\"{&quot;background_background&quot;:&quot;classic&quot;}\">\n\t\t\t\t<div class=\"elementor-element elementor-element-f498fe0 elementor-widget elementor-widget-heading\" data-id=\"f498fe0\" data-element_type=\"widget\" data-e-type=\"widget\" data-widget_type=\"heading.default\">\n\t\t\t\t<div class=\"elementor-widget-container\">\n\t\t\t\t\t<h2 class=\"elementor-heading-title elementor-size-default\">ZM 300-310<\/h2>\t\t\t\t<\/div>\n\t\t\t\t<\/div>\n\t\t\t\t<div class=\"elementor-element elementor-element-ec9bf68 elementor-widget elementor-widget-image\" data-id=\"ec9bf68\" data-element_type=\"widget\" data-e-type=\"widget\" data-widget_type=\"image.default\">\n\t\t\t\t<div class=\"elementor-widget-container\">\n\t\t\t\t\t\t\t\t\t\t\t\t\t\t\t<img decoding=\"async\" width=\"325\" height=\"225\" src=\"https:\/\/www.capotex.com\/wp-content\/uploads\/2023\/05\/ZM-300-310-conveyor-belt-cover.jpeg\" class=\"attachment-full size-full wp-image-529\" alt=\"ZM 300-310 conveyor belt cover\" srcset=\"https:\/\/www.capotex.com\/wp-content\/uploads\/2023\/05\/ZM-300-310-conveyor-belt-cover.jpeg 325w, https:\/\/www.capotex.com\/wp-content\/uploads\/2023\/05\/ZM-300-310-conveyor-belt-cover-300x208.jpeg 300w\" sizes=\"(max-width: 325px) 100vw, 325px\" \/>\t\t\t\t\t\t\t\t\t\t\t\t\t\t\t<\/div>\n\t\t\t\t<\/div>\n\t\t\t\t<div class=\"elementor-element elementor-element-dca6a18 elementor-widget elementor-widget-text-editor\" data-id=\"dca6a18\" data-element_type=\"widget\" data-e-type=\"widget\" data-widget_type=\"text-editor.default\">\n\t\t\t\t<div class=\"elementor-widget-container\">\n\t\t\t\t\t\t\t\t\t<p>Le ZM 300-310 est un rev\u00eatement m\u00e9tallique exceptionnel qui constitue une perc\u00e9e en mati\u00e8re de <strong>protection contre la corrosion<\/strong>. Ce rev\u00eatement est \u00e9galement le <strong>meilleur choix<\/strong> pour une large gamme d&rsquo;applications.<\/p>\n<p>Gr\u00e2ce \u00e0 sa composition unique, le rev\u00eatement ZM 300-310 offre un niveau sans pr\u00e9c\u00e9dent de protection des surfaces et des ar\u00eates de coupe, m\u00eame dans les <strong>environnements<\/strong> les plus <strong>hostiles<\/strong>. Il est produit sur une ligne classique de galvanisation \u00e0 chaud, mais le bain fondu a une composition chimique unique comprenant du zinc, 3,5 % d&rsquo;aluminium et 3 % de magn\u00e9sium.<\/p>\n<p>Offre une excellente r\u00e9sistance \u00e0 la corrosion, m\u00eame dans les environnements difficiles. Ce mat\u00e9riau r\u00e9siste \u00e0 la corrosion plus longtemps que les produits galvanis\u00e9s standard et est plus performant que les rev\u00eatements contenant moins de magn\u00e9sium.<\/p>\n<p><strong>ZM 300-310 est le seul produit de rev\u00eatement m\u00e9tallique certifi\u00e9 pour une utilisation dans les environnements C4, C5 et C5M.<\/strong><\/p>\n\t\t\t\t\t\t\t\t<\/div>\n\t\t\t\t<\/div>\n\t\t\t\t<\/div>\n\t\t\t\t\t<\/div>\n\t\t\t\t<\/div>\n\t\t<div class=\"elementor-element elementor-element-f621bcd e-flex e-con-boxed e-con e-parent\" data-id=\"f621bcd\" data-element_type=\"container\" data-e-type=\"container\">\n\t\t\t\t\t<div class=\"e-con-inner\">\n\t\t<div class=\"elementor-element elementor-element-c977dcd e-con-full e-flex e-con e-child\" data-id=\"c977dcd\" data-element_type=\"container\" data-e-type=\"container\" data-settings=\"{&quot;background_background&quot;:&quot;classic&quot;}\">\n\t\t\t\t<div class=\"elementor-element elementor-element-2c28462 elementor-widget elementor-widget-heading\" data-id=\"2c28462\" data-element_type=\"widget\" data-e-type=\"widget\" data-widget_type=\"heading.default\">\n\t\t\t\t<div class=\"elementor-widget-container\">\n\t\t\t\t\t<h2 class=\"elementor-heading-title elementor-size-default\">Acier pr\u00e9laqu\u00e9<\/h2>\t\t\t\t<\/div>\n\t\t\t\t<\/div>\n\t\t\t\t<div class=\"elementor-element elementor-element-2a110b9 elementor-widget elementor-widget-image\" data-id=\"2a110b9\" data-element_type=\"widget\" data-e-type=\"widget\" data-widget_type=\"image.default\">\n\t\t\t\t<div class=\"elementor-widget-container\">\n\t\t\t\t\t\t\t\t\t\t\t\t\t\t\t<img decoding=\"async\" width=\"480\" height=\"322\" src=\"https:\/\/www.capotex.com\/wp-content\/uploads\/2023\/05\/Pre-lacquered-steel-conveyor-belt-cover.webp\" class=\"attachment-full size-full wp-image-517\" alt=\"Pre lacquered steel conveyor belt cover\" srcset=\"https:\/\/www.capotex.com\/wp-content\/uploads\/2023\/05\/Pre-lacquered-steel-conveyor-belt-cover.webp 480w, https:\/\/www.capotex.com\/wp-content\/uploads\/2023\/05\/Pre-lacquered-steel-conveyor-belt-cover-300x201.webp 300w\" sizes=\"(max-width: 480px) 100vw, 480px\" \/>\t\t\t\t\t\t\t\t\t\t\t\t\t\t\t<\/div>\n\t\t\t\t<\/div>\n\t\t\t\t<div class=\"elementor-element elementor-element-1b5d1e3 elementor-widget elementor-widget-text-editor\" data-id=\"1b5d1e3\" data-element_type=\"widget\" data-e-type=\"widget\" data-widget_type=\"text-editor.default\">\n\t\t\t\t<div class=\"elementor-widget-container\">\n\t\t\t\t\t\t\t\t\t<p>Il est obtenu en recouvrant une t\u00f4le d&rsquo;acier galvanis\u00e9 de diff\u00e9rentes qualit\u00e9s de <strong>peinture s\u00e9ch\u00e9e au four<\/strong>.<\/p>\n<p>La couche de peinture prot\u00e8ge la couche de zinc qui, \u00e0 son tour, prot\u00e8ge l&rsquo;acier, ce qui donne un produit <strong>tr\u00e8s r\u00e9sistant \u00e0 la corrosion<\/strong>.<\/p>\n<p>La large gamme de <strong>couleurs<\/strong> existante permet d&rsquo;harmoniser le capot avec son environnement et les autres installations.<\/p>\n<p>La r\u00e9sistance aux chocs et la rigidit\u00e9 sont les m\u00eames que celles de l&rsquo;acier galvanis\u00e9.<\/p>\n<p><strong>\u00c9paisseur 0,6 mm et 0,8 mm.<\/strong><\/p>\n\t\t\t\t\t\t\t\t<\/div>\n\t\t\t\t<\/div>\n\t\t\t\t<\/div>\n\t\t<div class=\"elementor-element elementor-element-6ee79cb e-con-full e-flex e-con e-child\" data-id=\"6ee79cb\" data-element_type=\"container\" data-e-type=\"container\" data-settings=\"{&quot;background_background&quot;:&quot;classic&quot;}\">\n\t\t\t\t<div class=\"elementor-element elementor-element-67169a2 elementor-widget elementor-widget-heading\" data-id=\"67169a2\" data-element_type=\"widget\" data-e-type=\"widget\" data-widget_type=\"heading.default\">\n\t\t\t\t<div class=\"elementor-widget-container\">\n\t\t\t\t\t<h2 class=\"elementor-heading-title elementor-size-default\">HPS 200 Acier haute performance<\/h2>\t\t\t\t<\/div>\n\t\t\t\t<\/div>\n\t\t\t\t<div class=\"elementor-element elementor-element-11863c3 elementor-widget elementor-widget-image\" data-id=\"11863c3\" data-element_type=\"widget\" data-e-type=\"widget\" data-widget_type=\"image.default\">\n\t\t\t\t<div class=\"elementor-widget-container\">\n\t\t\t\t\t\t\t\t\t\t\t\t\t\t\t<img loading=\"lazy\" decoding=\"async\" width=\"480\" height=\"640\" src=\"https:\/\/www.capotex.com\/wp-content\/uploads\/2023\/05\/HPS200-steel-conveyor-belt-cover.jpg\" class=\"attachment-full size-full wp-image-1164\" alt=\"HPS 200 conveyor belt cover\" srcset=\"https:\/\/www.capotex.com\/wp-content\/uploads\/2023\/05\/HPS200-steel-conveyor-belt-cover.jpg 480w, https:\/\/www.capotex.com\/wp-content\/uploads\/2023\/05\/HPS200-steel-conveyor-belt-cover-225x300.jpg 225w\" sizes=\"(max-width: 480px) 100vw, 480px\" \/>\t\t\t\t\t\t\t\t\t\t\t\t\t\t\t<\/div>\n\t\t\t\t<\/div>\n\t\t\t\t<div class=\"elementor-element elementor-element-3cb2509 elementor-widget elementor-widget-text-editor\" data-id=\"3cb2509\" data-element_type=\"widget\" data-e-type=\"widget\" data-widget_type=\"text-editor.default\">\n\t\t\t\t<div class=\"elementor-widget-container\">\n\t\t\t\t\t\t\t\t\t<p>Colorcoat HPS200 Ultra utilise un rev\u00eatement m\u00e9tallique Galvalloy, compos\u00e9 d&rsquo;un m\u00e9lange sp\u00e9cial de 95 % de zinc.<br \/>(Zn) et 5 % d&rsquo;aluminium (Al) et assure une protection contre la corrosion, m\u00eame sur les bords coup\u00e9s.<\/p>\n<p>La formulation unique de la couche de finition (200 microns nominaux) utilise une technologie de pointe en mati\u00e8re de polym\u00e8res,<br \/>qui offre une r\u00e9sistance \u00e0 l&rsquo;abrasion, aux produits chimiques et aux UV.<\/p>\n\t\t\t\t\t\t\t\t<\/div>\n\t\t\t\t<\/div>\n\t\t\t\t<\/div>\n\t\t\t\t\t<\/div>\n\t\t\t\t<\/div>\n\t\t<div class=\"elementor-element elementor-element-c8dccfc e-flex e-con-boxed e-con e-parent\" data-id=\"c8dccfc\" data-element_type=\"container\" data-e-type=\"container\">\n\t\t\t\t\t<div class=\"e-con-inner\">\n\t\t<div class=\"elementor-element elementor-element-e44d522 e-con-full e-flex e-con e-child\" data-id=\"e44d522\" data-element_type=\"container\" data-e-type=\"container\" data-settings=\"{&quot;background_background&quot;:&quot;classic&quot;}\">\n\t\t\t\t<div class=\"elementor-element elementor-element-cbd885c elementor-widget elementor-widget-heading\" data-id=\"cbd885c\" data-element_type=\"widget\" data-e-type=\"widget\" data-widget_type=\"heading.default\">\n\t\t\t\t<div class=\"elementor-widget-container\">\n\t\t\t\t\t<h2 class=\"elementor-heading-title elementor-size-default\">Acier inoxydable 304<\/h2>\t\t\t\t<\/div>\n\t\t\t\t<\/div>\n\t\t\t\t<div class=\"elementor-element elementor-element-37542c3 elementor-widget elementor-widget-image\" data-id=\"37542c3\" data-element_type=\"widget\" data-e-type=\"widget\" data-widget_type=\"image.default\">\n\t\t\t\t<div class=\"elementor-widget-container\">\n\t\t\t\t\t\t\t\t\t\t\t\t\t\t\t<img loading=\"lazy\" decoding=\"async\" width=\"325\" height=\"225\" src=\"https:\/\/www.capotex.com\/wp-content\/uploads\/2024\/06\/Capots-de-convoyeurs-Acier-inoxydable-304.jpg\" class=\"attachment-full size-full wp-image-34121\" alt=\"Capots de convoyeurs Acier inoxydable 304\" srcset=\"https:\/\/www.capotex.com\/wp-content\/uploads\/2024\/06\/Capots-de-convoyeurs-Acier-inoxydable-304.jpg 325w, https:\/\/www.capotex.com\/wp-content\/uploads\/2024\/06\/Capots-de-convoyeurs-Acier-inoxydable-304-300x208.jpg 300w\" sizes=\"(max-width: 325px) 100vw, 325px\" \/>\t\t\t\t\t\t\t\t\t\t\t\t\t\t\t<\/div>\n\t\t\t\t<\/div>\n\t\t\t\t<div class=\"elementor-element elementor-element-49e8dd6 elementor-widget elementor-widget-text-editor\" data-id=\"49e8dd6\" data-element_type=\"widget\" data-e-type=\"widget\" data-widget_type=\"text-editor.default\">\n\t\t\t\t<div class=\"elementor-widget-container\">\n\t\t\t\t\t\t\t\t\t<p>L&rsquo;acier inoxydable 304 est <strong>tr\u00e8s r\u00e9sistant \u00e0 la corrosion<\/strong>. Particuli\u00e8rement recommand\u00e9 pour les environnements tr\u00e8s corrosifs (marine), les industries chimiques et alimentaires.<\/p>\n<p><strong>Excellente t\u00e9nacit\u00e9<\/strong>: Haute r\u00e9sistance aux chocs.<\/p>\n<p><strong>Hygi\u00e9nique<\/strong>: donc recommand\u00e9 (dans certains pays, exig\u00e9 par la loi) pour les convoyeurs de denr\u00e9es alimentaires. Il convient \u00e9galement pour couvrir les produits chimiques dont la contamination doit \u00eatre \u00e9vit\u00e9e.<\/p>\n<p><strong>\u00c9paisseur 0,6 mm.<\/strong><\/p>\n\t\t\t\t\t\t\t\t<\/div>\n\t\t\t\t<\/div>\n\t\t\t\t<\/div>\n\t\t<div class=\"elementor-element elementor-element-35f6f69 e-con-full e-flex e-con e-child\" data-id=\"35f6f69\" data-element_type=\"container\" data-e-type=\"container\" data-settings=\"{&quot;background_background&quot;:&quot;classic&quot;}\">\n\t\t\t\t<div class=\"elementor-element elementor-element-00d4c6f elementor-widget elementor-widget-heading\" data-id=\"00d4c6f\" data-element_type=\"widget\" data-e-type=\"widget\" data-widget_type=\"heading.default\">\n\t\t\t\t<div class=\"elementor-widget-container\">\n\t\t\t\t\t<h2 class=\"elementor-heading-title elementor-size-default\">Acier inoxydable 316<\/h2>\t\t\t\t<\/div>\n\t\t\t\t<\/div>\n\t\t\t\t<div class=\"elementor-element elementor-element-22a6a62 elementor-widget elementor-widget-image\" data-id=\"22a6a62\" data-element_type=\"widget\" data-e-type=\"widget\" data-widget_type=\"image.default\">\n\t\t\t\t<div class=\"elementor-widget-container\">\n\t\t\t\t\t\t\t\t\t\t\t\t\t\t\t<img loading=\"lazy\" decoding=\"async\" width=\"325\" height=\"225\" src=\"https:\/\/www.capotex.com\/wp-content\/uploads\/2023\/05\/Galvanized-steel-conveyor-belt-cover.jpg\" class=\"attachment-full size-full wp-image-509\" alt=\"Galvanized steel conveyor belt cover\" srcset=\"https:\/\/www.capotex.com\/wp-content\/uploads\/2023\/05\/Galvanized-steel-conveyor-belt-cover.jpg 325w, https:\/\/www.capotex.com\/wp-content\/uploads\/2023\/05\/Galvanized-steel-conveyor-belt-cover-300x208.jpg 300w\" sizes=\"(max-width: 325px) 100vw, 325px\" \/>\t\t\t\t\t\t\t\t\t\t\t\t\t\t\t<\/div>\n\t\t\t\t<\/div>\n\t\t\t\t<div class=\"elementor-element elementor-element-b9f3833 elementor-widget elementor-widget-text-editor\" data-id=\"b9f3833\" data-element_type=\"widget\" data-e-type=\"widget\" data-widget_type=\"text-editor.default\">\n\t\t\t\t<div class=\"elementor-widget-container\">\n\t\t\t\t\t\t\t\t\t<p>L&rsquo;acier inoxydable 316 est <strong>tr\u00e8s r\u00e9sistant \u00e0 la corrosion<\/strong>. Particuli\u00e8rement recommand\u00e9 pour les environnements tr\u00e8s corrosifs (marine), les industries chimiques et alimentaires.<\/p>\n<p><strong>Excellente t\u00e9nacit\u00e9<\/strong>: Haute r\u00e9sistance aux chocs.<\/p>\n<p><strong>Hygi\u00e9nique<\/strong>: donc recommand\u00e9 (dans certains pays, exig\u00e9 par la loi) pour les convoyeurs de denr\u00e9es alimentaires. Il convient \u00e9galement pour couvrir les produits chimiques dont la contamination doit \u00eatre \u00e9vit\u00e9e.<\/p>\n<p><strong>\u00c9paisseur 0,6 mm.<\/strong><\/p>\n\t\t\t\t\t\t\t\t<\/div>\n\t\t\t\t<\/div>\n\t\t\t\t<\/div>\n\t\t\t\t\t<\/div>\n\t\t\t\t<\/div>\n\t\t<div class=\"elementor-element elementor-element-7e9d41c e-flex e-con-boxed e-con e-parent\" data-id=\"7e9d41c\" data-element_type=\"container\" data-e-type=\"container\">\n\t\t\t\t\t<div class=\"e-con-inner\">\n\t\t<div class=\"elementor-element elementor-element-3ec207f e-con-full e-flex e-con e-child\" data-id=\"3ec207f\" data-element_type=\"container\" data-e-type=\"container\" data-settings=\"{&quot;background_background&quot;:&quot;classic&quot;}\">\n\t\t\t\t<div class=\"elementor-element elementor-element-d26a6f2 elementor-widget elementor-widget-heading\" data-id=\"d26a6f2\" data-element_type=\"widget\" data-e-type=\"widget\" data-widget_type=\"heading.default\">\n\t\t\t\t<div class=\"elementor-widget-container\">\n\t\t\t\t\t<h2 class=\"elementor-heading-title elementor-size-default\">Polyester renforc\u00e9 de fibres<\/h2>\t\t\t\t<\/div>\n\t\t\t\t<\/div>\n\t\t\t\t<div class=\"elementor-element elementor-element-468704a elementor-widget elementor-widget-image\" data-id=\"468704a\" data-element_type=\"widget\" data-e-type=\"widget\" data-widget_type=\"image.default\">\n\t\t\t\t<div class=\"elementor-widget-container\">\n\t\t\t\t\t\t\t\t\t\t\t\t\t\t\t<img loading=\"lazy\" decoding=\"async\" width=\"325\" height=\"225\" src=\"https:\/\/www.capotex.com\/wp-content\/uploads\/2023\/05\/Fiber-reincorced-polyester-conveyor-belt-cover.jpg\" class=\"attachment-full size-full wp-image-562\" alt=\"Fiber reincorced polyester conveyor belt cover\" srcset=\"https:\/\/www.capotex.com\/wp-content\/uploads\/2023\/05\/Fiber-reincorced-polyester-conveyor-belt-cover.jpg 325w, https:\/\/www.capotex.com\/wp-content\/uploads\/2023\/05\/Fiber-reincorced-polyester-conveyor-belt-cover-300x208.jpg 300w\" sizes=\"(max-width: 325px) 100vw, 325px\" \/>\t\t\t\t\t\t\t\t\t\t\t\t\t\t\t<\/div>\n\t\t\t\t<\/div>\n\t\t\t\t<div class=\"elementor-element elementor-element-2a133f2 elementor-widget elementor-widget-text-editor\" data-id=\"2a133f2\" data-element_type=\"widget\" data-e-type=\"widget\" data-widget_type=\"text-editor.default\">\n\t\t\t\t<div class=\"elementor-widget-container\">\n\t\t\t\t\t\t\t\t\t<p>Le polyester renforc\u00e9 de fibres de verre est particuli\u00e8rement <strong>r\u00e9sistant \u00e0 la corrosion<\/strong>, sa <strong>l\u00e9g\u00e8ret\u00e9<\/strong> et la possibilit\u00e9 de choisir la couleur de la finition le rendent unique pour certaines applications.<\/p>\n<p>Il s&rsquo;agit d&rsquo;un mat\u00e9riau plastique obtenu en impr\u00e9gnant de la fibre de verre avec de la r\u00e9sine de polyester et en pulv\u00e9risant ce m\u00e9lange sur des moules aux formes requises, puis en compl\u00e9tant le processus avec un gel coat pour prot\u00e9ger de la lumi\u00e8re du soleil.<\/p>\n<p>La fibre de verre est particuli\u00e8rement recommand\u00e9e pour les <strong>environnements agressifs<\/strong>, tels que les atmosph\u00e8res salines, le transport de mat\u00e9riaux corrosifs, etc.<\/p>\n<p>Il <strong>peut \u00eatre peint dans n&rsquo;importe quelle couleur<\/strong> et m\u00eame diff\u00e9rentes couleurs peuvent \u00eatre combin\u00e9es sur le m\u00eame capot, ce qui permet d&rsquo;incorporer des <strong>logos ou des marques<\/strong>.<\/p>\n<p>Il pr\u00e9sente une bonne r\u00e9sistance aux chocs et une bonne rigidit\u00e9, sans toutefois atteindre celles des m\u00e9taux.<\/p>\n<p>\u00c9paisseur &gt; 2mm<\/p>\n\t\t\t\t\t\t\t\t<\/div>\n\t\t\t\t<\/div>\n\t\t\t\t<\/div>\n\t\t<div class=\"elementor-element elementor-element-9d2e07e e-con-full e-flex e-con e-child\" data-id=\"9d2e07e\" data-element_type=\"container\" data-e-type=\"container\" data-settings=\"{&quot;background_background&quot;:&quot;classic&quot;}\">\n\t\t\t\t<div class=\"elementor-element elementor-element-22c96d2 elementor-widget elementor-widget-heading\" data-id=\"22c96d2\" data-element_type=\"widget\" data-e-type=\"widget\" data-widget_type=\"heading.default\">\n\t\t\t\t<div class=\"elementor-widget-container\">\n\t\t\t\t\t<h2 class=\"elementor-heading-title elementor-size-default\">Aluminium<\/h2>\t\t\t\t<\/div>\n\t\t\t\t<\/div>\n\t\t\t\t<div class=\"elementor-element elementor-element-bbed900 elementor-widget elementor-widget-image\" data-id=\"bbed900\" data-element_type=\"widget\" data-e-type=\"widget\" data-widget_type=\"image.default\">\n\t\t\t\t<div class=\"elementor-widget-container\">\n\t\t\t\t\t\t\t\t\t\t\t\t\t\t\t<img loading=\"lazy\" decoding=\"async\" width=\"354\" height=\"242\" src=\"https:\/\/www.capotex.com\/wp-content\/uploads\/2023\/05\/Aluminium-conveyor-belt-cover.webp\" class=\"attachment-full size-full wp-image-571\" alt=\"Aluminium conveyor belt cover\" srcset=\"https:\/\/www.capotex.com\/wp-content\/uploads\/2023\/05\/Aluminium-conveyor-belt-cover.webp 354w, https:\/\/www.capotex.com\/wp-content\/uploads\/2023\/05\/Aluminium-conveyor-belt-cover-300x205.webp 300w\" sizes=\"(max-width: 354px) 100vw, 354px\" \/>\t\t\t\t\t\t\t\t\t\t\t\t\t\t\t<\/div>\n\t\t\t\t<\/div>\n\t\t\t\t<div class=\"elementor-element elementor-element-08c78f2 elementor-widget elementor-widget-text-editor\" data-id=\"08c78f2\" data-element_type=\"widget\" data-e-type=\"widget\" data-widget_type=\"text-editor.default\">\n\t\t\t\t<div class=\"elementor-widget-container\">\n\t\t\t\t\t\t\t\t\t<p>Le mat\u00e9riau de capot en aluminium se distingue des fixations m\u00e9talliques par sa <strong>r\u00e9sistance \u00e0 la corrosion<\/strong> dans certains environnements et son <strong>poids r\u00e9duit<\/strong>.<\/p>\n<p>Il s&rsquo;agit d&rsquo;un alliage d&rsquo;aluminium avec d&rsquo;autres m\u00e9taux qui offre des caract\u00e9ristiques sp\u00e9cifiques pour chaque type d&rsquo;utilisation.<\/p>\n<p>Par rapport \u00e0 l&rsquo;acier galvanis\u00e9, le mat\u00e9riau du capot en aluminium est :<\/p>\n<ul>\n<li><strong>Moins r\u00e9sistant aux chocs<\/strong>.<\/li>\n<li><strong>Plus l\u00e9ger<\/strong>. Environ trois fois plus l\u00e9ger que l&rsquo;acier, il est donc plus facile \u00e0 manipuler.<\/li>\n<li><strong>Plus r\u00e9sistant \u00e0 la corrosion environnementale<\/strong> gr\u00e2ce \u00e0 sa capacit\u00e9 \u00e0 former une couche d&rsquo;oxyde qui prot\u00e8ge l&rsquo;aluminium sous-jacent.<\/li>\n<li><strong>Enti\u00e8rement recyclable<\/strong>.<\/li>\n<\/ul>\n<p>La <strong>rigidit\u00e9 du capot est consid\u00e9rablement accrue<\/strong> par le pliage des deux bords, un <strong>syst\u00e8me exclusif de CAPOTEX<\/strong> qui donne \u00e0 ce mat\u00e9riau une importance particuli\u00e8re.<\/p>\n<p><strong>\u00c9paisseur 0,8 mm.<\/strong><\/p>\n\t\t\t\t\t\t\t\t<\/div>\n\t\t\t\t<\/div>\n\t\t\t\t<\/div>\n\t\t\t\t\t<\/div>\n\t\t\t\t<\/div>\n\t\t\t\t<\/div>\n\t\t","protected":false},"excerpt":{"rendered":"<p>Materiaux pour Capots de convoyeurs Acier galvanis\u00e9 L&rsquo;acier galvanis\u00e9 est obtenu par le rev\u00eatement d&rsquo;une bande d&rsquo;acier lamin\u00e9e \u00e0 froid par immersion dans un bain de zinc en fusion. Cette t\u00f4le d&rsquo;acier est ondul\u00e9e et pli\u00e9e pour former le capot. Le zinc se corrode 20 \u00e0 40 fois moins vite que l&rsquo;acier, ce qui le [&hellip;]<\/p>\n","protected":false},"author":1,"featured_media":548,"parent":26208,"menu_order":30,"comment_status":"closed","ping_status":"closed","template":"","meta":{"_joinchat":[],"footnotes":""},"tags":[68],"class_list":["post-26357","page","type-page","status-publish","has-post-thumbnail","hentry","tag-capotexproduits"],"_links":{"self":[{"href":"https:\/\/www.capotex.com\/fr\/wp-json\/wp\/v2\/pages\/26357","targetHints":{"allow":["GET"]}}],"collection":[{"href":"https:\/\/www.capotex.com\/fr\/wp-json\/wp\/v2\/pages"}],"about":[{"href":"https:\/\/www.capotex.com\/fr\/wp-json\/wp\/v2\/types\/page"}],"author":[{"embeddable":true,"href":"https:\/\/www.capotex.com\/fr\/wp-json\/wp\/v2\/users\/1"}],"replies":[{"embeddable":true,"href":"https:\/\/www.capotex.com\/fr\/wp-json\/wp\/v2\/comments?post=26357"}],"version-history":[{"count":17,"href":"https:\/\/www.capotex.com\/fr\/wp-json\/wp\/v2\/pages\/26357\/revisions"}],"predecessor-version":[{"id":34131,"href":"https:\/\/www.capotex.com\/fr\/wp-json\/wp\/v2\/pages\/26357\/revisions\/34131"}],"up":[{"embeddable":true,"href":"https:\/\/www.capotex.com\/fr\/wp-json\/wp\/v2\/pages\/26208"}],"wp:featuredmedia":[{"embeddable":true,"href":"https:\/\/www.capotex.com\/fr\/wp-json\/wp\/v2\/media\/548"}],"wp:attachment":[{"href":"https:\/\/www.capotex.com\/fr\/wp-json\/wp\/v2\/media?parent=26357"}],"wp:term":[{"taxonomy":"post_tag","embeddable":true,"href":"https:\/\/www.capotex.com\/fr\/wp-json\/wp\/v2\/tags?post=26357"}],"curies":[{"name":"wp","href":"https:\/\/api.w.org\/{rel}","templated":true}]}}