{"id":26363,"date":"2023-05-17T10:24:55","date_gmt":"2023-05-17T09:24:55","guid":{"rendered":"https:\/\/capotex.com\/c-7-crochet-ergonomique-avec-sangle\/"},"modified":"2024-06-20T20:31:29","modified_gmt":"2024-06-20T19:31:29","slug":"c7","status":"publish","type":"page","link":"https:\/\/www.capotex.com\/fr\/fixations-pour-capots-pour-convoyeurs\/c7\/","title":{"rendered":"C-7 Crochet ergonomique avec sangle"},"content":{"rendered":"\t\t<div data-elementor-type=\"wp-page\" data-elementor-id=\"26363\" class=\"elementor elementor-26363 elementor-2057\" data-elementor-post-type=\"page\">\n\t\t\t\t<div class=\"elementor-element elementor-element-8f7efa3 e-flex e-con-boxed e-con e-parent\" data-id=\"8f7efa3\" data-element_type=\"container\" data-e-type=\"container\">\n\t\t\t\t\t<div class=\"e-con-inner\">\n\t\t<div class=\"elementor-element elementor-element-01bb28d e-con-full e-flex e-con e-child\" data-id=\"01bb28d\" data-element_type=\"container\" data-e-type=\"container\">\n\t\t\t\t<div class=\"elementor-element elementor-element-45997b9 elementor-widget elementor-widget-image\" data-id=\"45997b9\" data-element_type=\"widget\" data-e-type=\"widget\" data-widget_type=\"image.default\">\n\t\t\t\t<div class=\"elementor-widget-container\">\n\t\t\t\t\t\t\t\t\t\t\t\t\t\t\t<img fetchpriority=\"high\" decoding=\"async\" width=\"619\" height=\"925\" src=\"https:\/\/www.capotex.com\/wp-content\/uploads\/2024\/06\/Crochet-ergonomique-avec-sangle-pour-Capots-de-convoyeurs.webp\" class=\"attachment-full size-full wp-image-34508\" alt=\"Crochet ergonomique avec sangle pour Capots de convoyeurs\" srcset=\"https:\/\/www.capotex.com\/wp-content\/uploads\/2024\/06\/Crochet-ergonomique-avec-sangle-pour-Capots-de-convoyeurs.webp 619w, https:\/\/www.capotex.com\/wp-content\/uploads\/2024\/06\/Crochet-ergonomique-avec-sangle-pour-Capots-de-convoyeurs-201x300.webp 201w\" sizes=\"(max-width: 619px) 100vw, 619px\" \/>\t\t\t\t\t\t\t\t\t\t\t\t\t\t\t<\/div>\n\t\t\t\t<\/div>\n\t\t\t\t<\/div>\n\t\t\t\t\t<\/div>\n\t\t\t\t<\/div>\n\t\t<div class=\"elementor-element elementor-element-996db7b e-flex e-con-boxed e-con e-parent\" data-id=\"996db7b\" data-element_type=\"container\" data-e-type=\"container\">\n\t\t\t\t\t<div class=\"e-con-inner\">\n\t\t<div class=\"elementor-element elementor-element-eb33606 e-con-full e-flex e-con e-child\" data-id=\"eb33606\" data-element_type=\"container\" data-e-type=\"container\">\n\t\t\t\t<div class=\"elementor-element elementor-element-73c3b60 elementor-widget elementor-widget-heading\" data-id=\"73c3b60\" data-element_type=\"widget\" data-e-type=\"widget\" data-widget_type=\"heading.default\">\n\t\t\t\t<div class=\"elementor-widget-container\">\n\t\t\t\t\t<h2 class=\"elementor-heading-title elementor-size-default\">Crochet ergonomique avec sangle pour Capots de Convoyeurs  - C-7<\/h2>\t\t\t\t<\/div>\n\t\t\t\t<\/div>\n\t\t\t\t<div class=\"elementor-element elementor-element-93c5b41 elementor-widget elementor-widget-text-editor\" data-id=\"93c5b41\" data-element_type=\"widget\" data-e-type=\"widget\" data-widget_type=\"text-editor.default\">\n\t\t\t\t<div class=\"elementor-widget-container\">\n\t\t\t\t\t\t\t\t\t<p><strong>C-7 Crochet ergonomique avec sangle<\/strong>. Notre crochet ergonomique s&rsquo;utilise confortablement \u00e0 deux mains.<\/p><p>Le ressort de tension et la sangle en acier inoxydable maintiennent le capot dans le profil\u00e9 en T. Un profil\u00e9 en T doit \u00eatre soud\u00e9 tout au long de la structure du convoyeur.<\/p>\t\t\t\t\t\t\t\t<\/div>\n\t\t\t\t<\/div>\n\t\t\t\t<\/div>\n\t\t\t\t\t<\/div>\n\t\t\t\t<\/div>\n\t\t\t\t<\/div>\n\t\t","protected":false},"excerpt":{"rendered":"<p>Crochet ergonomique avec sangle pour Capots de Convoyeurs &#8211; C-7 C-7 Crochet ergonomique avec sangle. Notre crochet ergonomique s&rsquo;utilise confortablement \u00e0 deux mains. Le ressort de tension et la sangle en acier inoxydable maintiennent le capot dans le profil\u00e9 en T. Un profil\u00e9 en T doit \u00eatre soud\u00e9 tout au long de la structure du [&hellip;]<\/p>\n","protected":false},"author":1,"featured_media":991,"parent":26495,"menu_order":50,"comment_status":"closed","ping_status":"closed","template":"","meta":{"_joinchat":[],"footnotes":""},"tags":[76],"class_list":["post-26363","page","type-page","status-publish","has-post-thumbnail","hentry","tag-fixations"],"_links":{"self":[{"href":"https:\/\/www.capotex.com\/fr\/wp-json\/wp\/v2\/pages\/26363","targetHints":{"allow":["GET"]}}],"collection":[{"href":"https:\/\/www.capotex.com\/fr\/wp-json\/wp\/v2\/pages"}],"about":[{"href":"https:\/\/www.capotex.com\/fr\/wp-json\/wp\/v2\/types\/page"}],"author":[{"embeddable":true,"href":"https:\/\/www.capotex.com\/fr\/wp-json\/wp\/v2\/users\/1"}],"replies":[{"embeddable":true,"href":"https:\/\/www.capotex.com\/fr\/wp-json\/wp\/v2\/comments?post=26363"}],"version-history":[{"count":7,"href":"https:\/\/www.capotex.com\/fr\/wp-json\/wp\/v2\/pages\/26363\/revisions"}],"predecessor-version":[{"id":34514,"href":"https:\/\/www.capotex.com\/fr\/wp-json\/wp\/v2\/pages\/26363\/revisions\/34514"}],"up":[{"embeddable":true,"href":"https:\/\/www.capotex.com\/fr\/wp-json\/wp\/v2\/pages\/26495"}],"wp:featuredmedia":[{"embeddable":true,"href":"https:\/\/www.capotex.com\/fr\/wp-json\/wp\/v2\/media\/991"}],"wp:attachment":[{"href":"https:\/\/www.capotex.com\/fr\/wp-json\/wp\/v2\/media?parent=26363"}],"wp:term":[{"taxonomy":"post_tag","embeddable":true,"href":"https:\/\/www.capotex.com\/fr\/wp-json\/wp\/v2\/tags?post=26363"}],"curies":[{"name":"wp","href":"https:\/\/api.w.org\/{rel}","templated":true}]}}