{"id":26371,"date":"2023-05-17T09:29:56","date_gmt":"2023-05-17T08:29:56","guid":{"rendered":"https:\/\/capotex.com\/caponoise\/"},"modified":"2025-02-14T12:20:25","modified_gmt":"2025-02-14T11:20:25","slug":"caponoise","status":"publish","type":"page","link":"https:\/\/www.capotex.com\/fr\/capots-pour-convoyeurs\/capots-de-convoyeur\/caponoise\/","title":{"rendered":"Caponoise"},"content":{"rendered":"\t\t<div data-elementor-type=\"wp-page\" data-elementor-id=\"26371\" class=\"elementor elementor-26371 elementor-2027\" data-elementor-post-type=\"page\">\n\t\t\t\t\t\t<section class=\"elementor-section elementor-top-section elementor-element elementor-element-e4baad5 elementor-section-boxed elementor-section-height-default elementor-section-height-default\" data-id=\"e4baad5\" data-element_type=\"section\" data-e-type=\"section\">\n\t\t\t\t\t\t<div class=\"elementor-container elementor-column-gap-default\">\n\t\t\t\t\t<div class=\"elementor-column elementor-col-100 elementor-top-column elementor-element elementor-element-9347f5b\" data-id=\"9347f5b\" data-element_type=\"column\" data-e-type=\"column\">\n\t\t\t<div class=\"elementor-widget-wrap elementor-element-populated\">\n\t\t\t\t\t\t<div class=\"elementor-element elementor-element-172102c elementor-widget elementor-widget-image\" data-id=\"172102c\" data-element_type=\"widget\" data-e-type=\"widget\" data-widget_type=\"image.default\">\n\t\t\t\t<div class=\"elementor-widget-container\">\n\t\t\t\t\t\t\t\t\t\t\t\t\t\t\t<img fetchpriority=\"high\" decoding=\"async\" width=\"600\" height=\"329\" src=\"https:\/\/www.capotex.com\/wp-content\/uploads\/2024\/05\/Capots-de-convoyeurs-caponoise.webp\" class=\"attachment-full size-full wp-image-33631\" alt=\"Capots de convoyeurs caponoise\" srcset=\"https:\/\/www.capotex.com\/wp-content\/uploads\/2024\/05\/Capots-de-convoyeurs-caponoise.webp 600w, https:\/\/www.capotex.com\/wp-content\/uploads\/2024\/05\/Capots-de-convoyeurs-caponoise-300x165.webp 300w\" sizes=\"(max-width: 600px) 100vw, 600px\" \/>\t\t\t\t\t\t\t\t\t\t\t\t\t\t\t<\/div>\n\t\t\t\t<\/div>\n\t\t\t\t\t<\/div>\n\t\t<\/div>\n\t\t\t\t\t<\/div>\n\t\t<\/section>\n\t\t\t\t<section class=\"elementor-section elementor-top-section elementor-element elementor-element-9c88718 elementor-section-boxed elementor-section-height-default elementor-section-height-default\" data-id=\"9c88718\" data-element_type=\"section\" data-e-type=\"section\">\n\t\t\t\t\t\t<div class=\"elementor-container elementor-column-gap-default\">\n\t\t\t\t\t<div class=\"elementor-column elementor-col-100 elementor-top-column elementor-element elementor-element-1aacbc4\" data-id=\"1aacbc4\" data-element_type=\"column\" data-e-type=\"column\">\n\t\t\t<div class=\"elementor-widget-wrap elementor-element-populated\">\n\t\t\t\t\t\t<div class=\"elementor-element elementor-element-df9bdfa elementor-widget elementor-widget-text-editor\" data-id=\"df9bdfa\" data-element_type=\"widget\" data-e-type=\"widget\" data-widget_type=\"text-editor.default\">\n\t\t\t\t<div class=\"elementor-widget-container\">\n\t\t\t\t\t\t\t\t\t<p><strong>R\u00e9duction du bruit de la courroie<\/strong>: Couverture d&rsquo;isolation acoustique. R\u00e9duit la pollution sonore du convoyeur \u00e0 bande.<\/p><p>Particuli\u00e8rement adapt\u00e9 aux <strong>zones habit\u00e9es et aux parcs naturels<\/strong>.<\/p><p><strong>Les meilleurs mat\u00e9riaux<\/strong>. Le mur contient des milliers de petits trous qui laissent passer les ondes sonores, emp\u00eachant ainsi le bruit d&rsquo;\u00eatre amplifi\u00e9 par l&rsquo;effet de rebond. La couche interm\u00e9diaire contient le mat\u00e9riau absorbant le bruit pour r\u00e9duire le bruit de la bande, l&rsquo;\u00e9paisseur d\u00e9pend de la quantit\u00e9 de bruit \u00e9mise et de la r\u00e9duction requise pour le convoyeur. La housse ext\u00e9rieure emp\u00eache le bruit de s&rsquo;\u00e9chapper et prot\u00e8ge l&rsquo;int\u00e9rieur de la ceinture de la pluie, du vent et du soleil. Le syst\u00e8me offre \u00e9galement une installation totalement s\u00fbre contre les risques et les dangers associ\u00e9s aux convoyeurs \u00e0 bande.<\/p><p><strong>Options<\/strong>. Ce syst\u00e8me peut \u00eatre modifi\u00e9 pour permettre un acc\u00e8s facile \u00e0 la bande, ainsi que la possibilit\u00e9 de fermer compl\u00e8tement la partie inf\u00e9rieure du convoyeur lorsqu&rsquo;il est soulev\u00e9 du sol.<\/p><p><strong>Adaptable<\/strong>: Pour toutes les tailles et tous les types de convoyeurs.<\/p><p><strong>Disponible dans tous nos coloris et mat\u00e9riaux<\/strong>.<\/p>\t\t\t\t\t\t\t\t<\/div>\n\t\t\t\t<\/div>\n\t\t\t\t<div class=\"elementor-element elementor-element-3a7e01e elementor-widget elementor-widget-image\" data-id=\"3a7e01e\" data-element_type=\"widget\" data-e-type=\"widget\" data-widget_type=\"image.default\">\n\t\t\t\t<div class=\"elementor-widget-container\">\n\t\t\t\t\t\t\t\t\t\t\t\t<figure class=\"wp-caption\">\n\t\t\t\t\t\t\t\t\t\t\t<a href=\"https:\/\/www.capotex.com\/wp-content\/uploads\/2025\/02\/CAPONOISE_01-ENG.pdf\" target=\"_blank\">\n\t\t\t\t\t\t\t<img decoding=\"async\" width=\"644\" height=\"454\" src=\"https:\/\/www.capotex.com\/wp-content\/uploads\/2025\/02\/Caponoise.jpg\" class=\"attachment-full size-full wp-image-37042\" alt=\"\" srcset=\"https:\/\/www.capotex.com\/wp-content\/uploads\/2025\/02\/Caponoise.jpg 644w, https:\/\/www.capotex.com\/wp-content\/uploads\/2025\/02\/Caponoise-300x211.jpg 300w\" sizes=\"(max-width: 644px) 100vw, 644px\" \/>\t\t\t\t\t\t\t\t<\/a>\n\t\t\t\t\t\t\t\t\t\t\t<figcaption class=\"widget-image-caption wp-caption-text\">T\u00e9l\u00e9charger le pdf<\/figcaption>\n\t\t\t\t\t\t\t\t\t\t<\/figure>\n\t\t\t\t\t\t\t\t\t<\/div>\n\t\t\t\t<\/div>\n\t\t\t\t\t<\/div>\n\t\t<\/div>\n\t\t\t\t\t<\/div>\n\t\t<\/section>\n\t\t\t\t<\/div>\n\t\t","protected":false},"excerpt":{"rendered":"<p>R\u00e9duction du bruit de la courroie: Couverture d&rsquo;isolation acoustique. R\u00e9duit la pollution sonore du convoyeur \u00e0 bande. Particuli\u00e8rement adapt\u00e9 aux zones habit\u00e9es et aux parcs naturels. Les meilleurs mat\u00e9riaux. Le mur contient des milliers de petits trous qui laissent passer les ondes sonores, emp\u00eachant ainsi le bruit d&rsquo;\u00eatre amplifi\u00e9 par l&rsquo;effet de rebond. La couche [&hellip;]<\/p>\n","protected":false},"author":1,"featured_media":627,"parent":26445,"menu_order":30,"comment_status":"closed","ping_status":"closed","template":"","meta":{"_joinchat":[],"footnotes":""},"tags":[74],"class_list":["post-26371","page","type-page","status-publish","has-post-thumbnail","hentry","tag-modeles-speciaux"],"_links":{"self":[{"href":"https:\/\/www.capotex.com\/fr\/wp-json\/wp\/v2\/pages\/26371","targetHints":{"allow":["GET"]}}],"collection":[{"href":"https:\/\/www.capotex.com\/fr\/wp-json\/wp\/v2\/pages"}],"about":[{"href":"https:\/\/www.capotex.com\/fr\/wp-json\/wp\/v2\/types\/page"}],"author":[{"embeddable":true,"href":"https:\/\/www.capotex.com\/fr\/wp-json\/wp\/v2\/users\/1"}],"replies":[{"embeddable":true,"href":"https:\/\/www.capotex.com\/fr\/wp-json\/wp\/v2\/comments?post=26371"}],"version-history":[{"count":23,"href":"https:\/\/www.capotex.com\/fr\/wp-json\/wp\/v2\/pages\/26371\/revisions"}],"predecessor-version":[{"id":37054,"href":"https:\/\/www.capotex.com\/fr\/wp-json\/wp\/v2\/pages\/26371\/revisions\/37054"}],"up":[{"embeddable":true,"href":"https:\/\/www.capotex.com\/fr\/wp-json\/wp\/v2\/pages\/26445"}],"wp:featuredmedia":[{"embeddable":true,"href":"https:\/\/www.capotex.com\/fr\/wp-json\/wp\/v2\/media\/627"}],"wp:attachment":[{"href":"https:\/\/www.capotex.com\/fr\/wp-json\/wp\/v2\/media?parent=26371"}],"wp:term":[{"taxonomy":"post_tag","embeddable":true,"href":"https:\/\/www.capotex.com\/fr\/wp-json\/wp\/v2\/tags?post=26371"}],"curies":[{"name":"wp","href":"https:\/\/api.w.org\/{rel}","templated":true}]}}