{"id":26385,"date":"2023-05-17T09:37:41","date_gmt":"2023-05-17T08:37:41","guid":{"rendered":"https:\/\/capotex.com\/c-2-charniere-standard\/"},"modified":"2024-06-20T20:24:43","modified_gmt":"2024-06-20T19:24:43","slug":"c2","status":"publish","type":"page","link":"https:\/\/www.capotex.com\/fr\/fixations-pour-capots-pour-convoyeurs\/c2\/","title":{"rendered":"C-2 Charni\u00e8re standard"},"content":{"rendered":"\t\t<div data-elementor-type=\"wp-page\" data-elementor-id=\"26385\" class=\"elementor elementor-26385 elementor-2042\" data-elementor-post-type=\"page\">\n\t\t\t\t<div class=\"elementor-element elementor-element-4b0a91b e-flex e-con-boxed e-con e-parent\" data-id=\"4b0a91b\" data-element_type=\"container\" data-e-type=\"container\">\n\t\t\t\t\t<div class=\"e-con-inner\">\n\t\t<div class=\"elementor-element elementor-element-e43a84b e-con-full e-flex e-con e-child\" data-id=\"e43a84b\" data-element_type=\"container\" data-e-type=\"container\">\n\t\t\t\t<div class=\"elementor-element elementor-element-7c0585a elementor-widget elementor-widget-image\" data-id=\"7c0585a\" data-element_type=\"widget\" data-e-type=\"widget\" data-widget_type=\"image.default\">\n\t\t\t\t<div class=\"elementor-widget-container\">\n\t\t\t\t\t\t\t\t\t\t\t\t\t\t\t<img fetchpriority=\"high\" decoding=\"async\" width=\"925\" height=\"521\" src=\"https:\/\/www.capotex.com\/wp-content\/uploads\/2024\/06\/Charniere-pour-le-Capots-de-convoyeurs.webp\" class=\"attachment-full size-full wp-image-34485\" alt=\"Charni\u00e8re pour le Capots de convoyeurs\" srcset=\"https:\/\/www.capotex.com\/wp-content\/uploads\/2024\/06\/Charniere-pour-le-Capots-de-convoyeurs.webp 925w, https:\/\/www.capotex.com\/wp-content\/uploads\/2024\/06\/Charniere-pour-le-Capots-de-convoyeurs-300x169.webp 300w, https:\/\/www.capotex.com\/wp-content\/uploads\/2024\/06\/Charniere-pour-le-Capots-de-convoyeurs-768x433.webp 768w\" sizes=\"(max-width: 925px) 100vw, 925px\" \/>\t\t\t\t\t\t\t\t\t\t\t\t\t\t\t<\/div>\n\t\t\t\t<\/div>\n\t\t\t\t<\/div>\n\t\t\t\t\t<\/div>\n\t\t\t\t<\/div>\n\t\t<div class=\"elementor-element elementor-element-9576261 e-flex e-con-boxed e-con e-parent\" data-id=\"9576261\" data-element_type=\"container\" data-e-type=\"container\">\n\t\t\t\t\t<div class=\"e-con-inner\">\n\t\t<div class=\"elementor-element elementor-element-101177f e-con-full e-flex e-con e-child\" data-id=\"101177f\" data-element_type=\"container\" data-e-type=\"container\">\n\t\t\t\t<div class=\"elementor-element elementor-element-41f1e18 elementor-widget elementor-widget-heading\" data-id=\"41f1e18\" data-element_type=\"widget\" data-e-type=\"widget\" data-widget_type=\"heading.default\">\n\t\t\t\t<div class=\"elementor-widget-container\">\n\t\t\t\t\t<h2 class=\"elementor-heading-title elementor-size-default\">Standard Charni\u00e8re pour le Capots de Convoyeurs  - C-2<\/h2>\t\t\t\t<\/div>\n\t\t\t\t<\/div>\n\t\t\t\t<div class=\"elementor-element elementor-element-7fdb765 elementor-widget elementor-widget-text-editor\" data-id=\"7fdb765\" data-element_type=\"widget\" data-e-type=\"widget\" data-widget_type=\"text-editor.default\">\n\t\t\t\t<div class=\"elementor-widget-container\">\n\t\t\t\t\t\t\t\t\t<p><strong>C-2 Charni\u00e8re standard<\/strong>. Notre HINGE C-2 galvanis\u00e9e pr\u00e9-fendue peut \u00eatre fix\u00e9e \u00e0 la structure du convoyeur \u00e0 l&rsquo;aide de deux vis autotaradeuses de haute qualit\u00e9 (fournies). Ces vis peuvent facilement percer jusqu&rsquo;\u00e0 12 mm. (0,50 in.) dans la structure en acier.<\/p><p>Notre C-2 HINGE peut \u00e9galement \u00eatre fix\u00e9 \u00e0 l&rsquo;aide d&rsquo;attaches \u00e0 poudre, ce qui r\u00e9duit consid\u00e9rablement le temps d&rsquo;installation. \u00c9galement disponible en acier inoxydable.<\/p>\t\t\t\t\t\t\t\t<\/div>\n\t\t\t\t<\/div>\n\t\t\t\t<\/div>\n\t\t\t\t\t<\/div>\n\t\t\t\t<\/div>\n\t\t\t\t<\/div>\n\t\t","protected":false},"excerpt":{"rendered":"<p>Standard Charni\u00e8re pour le Capots de Convoyeurs &#8211; C-2 C-2 Charni\u00e8re standard. Notre HINGE C-2 galvanis\u00e9e pr\u00e9-fendue peut \u00eatre fix\u00e9e \u00e0 la structure du convoyeur \u00e0 l&rsquo;aide de deux vis autotaradeuses de haute qualit\u00e9 (fournies). Ces vis peuvent facilement percer jusqu&rsquo;\u00e0 12 mm. (0,50 in.) dans la structure en acier. Notre C-2 HINGE peut \u00e9galement [&hellip;]<\/p>\n","protected":false},"author":1,"featured_media":953,"parent":26495,"menu_order":20,"comment_status":"closed","ping_status":"closed","template":"","meta":{"_joinchat":[],"footnotes":""},"tags":[76],"class_list":["post-26385","page","type-page","status-publish","has-post-thumbnail","hentry","tag-fixations"],"_links":{"self":[{"href":"https:\/\/www.capotex.com\/fr\/wp-json\/wp\/v2\/pages\/26385","targetHints":{"allow":["GET"]}}],"collection":[{"href":"https:\/\/www.capotex.com\/fr\/wp-json\/wp\/v2\/pages"}],"about":[{"href":"https:\/\/www.capotex.com\/fr\/wp-json\/wp\/v2\/types\/page"}],"author":[{"embeddable":true,"href":"https:\/\/www.capotex.com\/fr\/wp-json\/wp\/v2\/users\/1"}],"replies":[{"embeddable":true,"href":"https:\/\/www.capotex.com\/fr\/wp-json\/wp\/v2\/comments?post=26385"}],"version-history":[{"count":13,"href":"https:\/\/www.capotex.com\/fr\/wp-json\/wp\/v2\/pages\/26385\/revisions"}],"predecessor-version":[{"id":34499,"href":"https:\/\/www.capotex.com\/fr\/wp-json\/wp\/v2\/pages\/26385\/revisions\/34499"}],"up":[{"embeddable":true,"href":"https:\/\/www.capotex.com\/fr\/wp-json\/wp\/v2\/pages\/26495"}],"wp:featuredmedia":[{"embeddable":true,"href":"https:\/\/www.capotex.com\/fr\/wp-json\/wp\/v2\/media\/953"}],"wp:attachment":[{"href":"https:\/\/www.capotex.com\/fr\/wp-json\/wp\/v2\/media?parent=26385"}],"wp:term":[{"taxonomy":"post_tag","embeddable":true,"href":"https:\/\/www.capotex.com\/fr\/wp-json\/wp\/v2\/tags?post=26385"}],"curies":[{"name":"wp","href":"https:\/\/api.w.org\/{rel}","templated":true}]}}