{"id":26390,"date":"2023-05-17T10:28:12","date_gmt":"2023-05-17T09:28:12","guid":{"rendered":"https:\/\/capotex.com\/c-9-crochet\/"},"modified":"2024-06-20T20:42:52","modified_gmt":"2024-06-20T19:42:52","slug":"c9","status":"publish","type":"page","link":"https:\/\/www.capotex.com\/fr\/fixations-pour-capots-pour-convoyeurs\/c9\/","title":{"rendered":"C-9 Crochet"},"content":{"rendered":"\t\t<div data-elementor-type=\"wp-page\" data-elementor-id=\"26390\" class=\"elementor elementor-26390 elementor-2067\" data-elementor-post-type=\"page\">\n\t\t\t\t<div class=\"elementor-element elementor-element-f5d3491 e-flex e-con-boxed e-con e-parent\" data-id=\"f5d3491\" data-element_type=\"container\" data-e-type=\"container\">\n\t\t\t\t\t<div class=\"e-con-inner\">\n\t\t<div class=\"elementor-element elementor-element-8d72241 e-con-full e-flex e-con e-child\" data-id=\"8d72241\" data-element_type=\"container\" data-e-type=\"container\">\n\t\t\t\t<div class=\"elementor-element elementor-element-5e6f764 elementor-widget elementor-widget-image\" data-id=\"5e6f764\" data-element_type=\"widget\" data-e-type=\"widget\" data-widget_type=\"image.default\">\n\t\t\t\t<div class=\"elementor-widget-container\">\n\t\t\t\t\t\t\t\t\t\t\t\t\t\t\t<img fetchpriority=\"high\" decoding=\"async\" width=\"925\" height=\"521\" src=\"https:\/\/www.capotex.com\/wp-content\/uploads\/2024\/06\/Crochet-pour-Couvertures-de-convoyeurs-a-bande.webp\" class=\"attachment-full size-full wp-image-34526\" alt=\"\" srcset=\"https:\/\/www.capotex.com\/wp-content\/uploads\/2024\/06\/Crochet-pour-Couvertures-de-convoyeurs-a-bande.webp 925w, https:\/\/www.capotex.com\/wp-content\/uploads\/2024\/06\/Crochet-pour-Couvertures-de-convoyeurs-a-bande-300x169.webp 300w, https:\/\/www.capotex.com\/wp-content\/uploads\/2024\/06\/Crochet-pour-Couvertures-de-convoyeurs-a-bande-768x433.webp 768w\" sizes=\"(max-width: 925px) 100vw, 925px\" \/>\t\t\t\t\t\t\t\t\t\t\t\t\t\t\t<\/div>\n\t\t\t\t<\/div>\n\t\t\t\t<\/div>\n\t\t\t\t\t<\/div>\n\t\t\t\t<\/div>\n\t\t<div class=\"elementor-element elementor-element-b147a0c e-flex e-con-boxed e-con e-parent\" data-id=\"b147a0c\" data-element_type=\"container\" data-e-type=\"container\">\n\t\t\t\t\t<div class=\"e-con-inner\">\n\t\t<div class=\"elementor-element elementor-element-4059655 e-con-full e-flex e-con e-child\" data-id=\"4059655\" data-element_type=\"container\" data-e-type=\"container\">\n\t\t\t\t<div class=\"elementor-element elementor-element-3404cf8 elementor-widget elementor-widget-heading\" data-id=\"3404cf8\" data-element_type=\"widget\" data-e-type=\"widget\" data-widget_type=\"heading.default\">\n\t\t\t\t<div class=\"elementor-widget-container\">\n\t\t\t\t\t<h2 class=\"elementor-heading-title elementor-size-default\">Crochet pour Couvertures de convoyeurs \u00e0 bande - C-9<\/h2>\t\t\t\t<\/div>\n\t\t\t\t<\/div>\n\t\t\t\t<div class=\"elementor-element elementor-element-64c5c22 elementor-widget elementor-widget-text-editor\" data-id=\"64c5c22\" data-element_type=\"widget\" data-e-type=\"widget\" data-widget_type=\"text-editor.default\">\n\t\t\t\t<div class=\"elementor-widget-container\">\n\t\t\t\t\t\t\t\t\t<p>C-9 Crochet. Ce crochet en acier est fabriqu\u00e9 sur mesure en longueur et en forme pour toute structure existante de <a href=\"https:\/\/www.capotex.com\/fr\/capots-pour-convoyeurs\/\">Capots de convoyeurs<\/a>.<\/p><p>Il peut \u00eatre fix\u00e9 \u00e0 l&rsquo;aide d&rsquo;un \u00e9crou ou d&rsquo;un \u00e9crou papillon. Disponible en acier galvanis\u00e9 et en acier inoxydable.<\/p>\t\t\t\t\t\t\t\t<\/div>\n\t\t\t\t<\/div>\n\t\t\t\t<\/div>\n\t\t\t\t\t<\/div>\n\t\t\t\t<\/div>\n\t\t\t\t<\/div>\n\t\t","protected":false},"excerpt":{"rendered":"<p>Crochet pour Couvertures de convoyeurs \u00e0 bande &#8211; C-9 C-9 Crochet. Ce crochet en acier est fabriqu\u00e9 sur mesure en longueur et en forme pour toute structure existante de Capots de convoyeurs. Il peut \u00eatre fix\u00e9 \u00e0 l&rsquo;aide d&rsquo;un \u00e9crou ou d&rsquo;un \u00e9crou papillon. Disponible en acier galvanis\u00e9 et en acier inoxydable.<\/p>\n","protected":false},"author":1,"featured_media":1021,"parent":26495,"menu_order":70,"comment_status":"closed","ping_status":"closed","template":"","meta":{"_joinchat":[],"footnotes":""},"tags":[76],"class_list":["post-26390","page","type-page","status-publish","has-post-thumbnail","hentry","tag-fixations"],"_links":{"self":[{"href":"https:\/\/www.capotex.com\/fr\/wp-json\/wp\/v2\/pages\/26390","targetHints":{"allow":["GET"]}}],"collection":[{"href":"https:\/\/www.capotex.com\/fr\/wp-json\/wp\/v2\/pages"}],"about":[{"href":"https:\/\/www.capotex.com\/fr\/wp-json\/wp\/v2\/types\/page"}],"author":[{"embeddable":true,"href":"https:\/\/www.capotex.com\/fr\/wp-json\/wp\/v2\/users\/1"}],"replies":[{"embeddable":true,"href":"https:\/\/www.capotex.com\/fr\/wp-json\/wp\/v2\/comments?post=26390"}],"version-history":[{"count":13,"href":"https:\/\/www.capotex.com\/fr\/wp-json\/wp\/v2\/pages\/26390\/revisions"}],"predecessor-version":[{"id":34532,"href":"https:\/\/www.capotex.com\/fr\/wp-json\/wp\/v2\/pages\/26390\/revisions\/34532"}],"up":[{"embeddable":true,"href":"https:\/\/www.capotex.com\/fr\/wp-json\/wp\/v2\/pages\/26495"}],"wp:featuredmedia":[{"embeddable":true,"href":"https:\/\/www.capotex.com\/fr\/wp-json\/wp\/v2\/media\/1021"}],"wp:attachment":[{"href":"https:\/\/www.capotex.com\/fr\/wp-json\/wp\/v2\/media?parent=26390"}],"wp:term":[{"taxonomy":"post_tag","embeddable":true,"href":"https:\/\/www.capotex.com\/fr\/wp-json\/wp\/v2\/tags?post=26390"}],"curies":[{"name":"wp","href":"https:\/\/api.w.org\/{rel}","templated":true}]}}