{"id":26396,"date":"2023-05-17T08:54:32","date_gmt":"2023-05-17T07:54:32","guid":{"rendered":"https:\/\/capotex.com\/produits\/formes-de-courbure\/"},"modified":"2024-06-07T09:27:08","modified_gmt":"2024-06-07T08:27:08","slug":"capots-convoyeurs-a-bande","status":"publish","type":"page","link":"https:\/\/www.capotex.com\/fr\/capots-pour-convoyeurs\/capots-convoyeurs-a-bande\/","title":{"rendered":"Formes de courbure"},"content":{"rendered":"\t\t<div data-elementor-type=\"wp-page\" data-elementor-id=\"26396\" class=\"elementor elementor-26396 elementor-1979\" data-elementor-post-type=\"page\">\n\t\t\t\t<div class=\"elementor-element elementor-element-147eeb0 e-flex e-con-boxed e-con e-parent\" data-id=\"147eeb0\" data-element_type=\"container\" data-e-type=\"container\">\n\t\t\t\t\t<div class=\"e-con-inner\">\n\t\t\t\t<div class=\"elementor-element elementor-element-ba2da91 elementor-widget elementor-widget-heading\" data-id=\"ba2da91\" data-element_type=\"widget\" data-e-type=\"widget\" data-widget_type=\"heading.default\">\n\t\t\t\t<div class=\"elementor-widget-container\">\n\t\t\t\t\t<h1 class=\"elementor-heading-title elementor-size-default\">Capots convoyeurs \u00e0 bande - Formes de courbure<\/h1>\t\t\t\t<\/div>\n\t\t\t\t<\/div>\n\t\t\t\t\t<\/div>\n\t\t\t\t<\/div>\n\t\t<div class=\"elementor-element elementor-element-988cf09 e-flex e-con-boxed e-con e-parent\" data-id=\"988cf09\" data-element_type=\"container\" data-e-type=\"container\">\n\t\t\t\t\t<div class=\"e-con-inner\">\n\t\t<div class=\"elementor-element elementor-element-38cd85b e-con-full e-flex e-con e-child\" data-id=\"38cd85b\" data-element_type=\"container\" data-e-type=\"container\" data-settings=\"{&quot;background_background&quot;:&quot;classic&quot;}\">\n\t\t\t\t<div class=\"elementor-element elementor-element-e9ab70f elementor-widget elementor-widget-heading\" data-id=\"e9ab70f\" data-element_type=\"widget\" data-e-type=\"widget\" data-widget_type=\"heading.default\">\n\t\t\t\t<div class=\"elementor-widget-container\">\n\t\t\t\t\t<h2 class=\"elementor-heading-title elementor-size-default\">Classique<\/h2>\t\t\t\t<\/div>\n\t\t\t\t<\/div>\n\t\t\t\t<div class=\"elementor-element elementor-element-4622ab2 elementor-widget elementor-widget-image\" data-id=\"4622ab2\" data-element_type=\"widget\" data-e-type=\"widget\" data-widget_type=\"image.default\">\n\t\t\t\t<div class=\"elementor-widget-container\">\n\t\t\t\t\t\t\t\t\t\t\t\t\t\t\t<img fetchpriority=\"high\" decoding=\"async\" width=\"600\" height=\"329\" src=\"https:\/\/www.capotex.com\/wp-content\/uploads\/2024\/06\/Capots-convoyeurs-a-bande.webp\" class=\"attachment-full size-full wp-image-34020\" alt=\"Capots convoyeurs \u00e0 bande\" srcset=\"https:\/\/www.capotex.com\/wp-content\/uploads\/2024\/06\/Capots-convoyeurs-a-bande.webp 600w, https:\/\/www.capotex.com\/wp-content\/uploads\/2024\/06\/Capots-convoyeurs-a-bande-300x165.webp 300w\" sizes=\"(max-width: 600px) 100vw, 600px\" \/>\t\t\t\t\t\t\t\t\t\t\t\t\t\t\t<\/div>\n\t\t\t\t<\/div>\n\t\t\t\t<div class=\"elementor-element elementor-element-1c294b6 elementor-widget elementor-widget-text-editor\" data-id=\"1c294b6\" data-element_type=\"widget\" data-e-type=\"widget\" data-widget_type=\"text-editor.default\">\n\t\t\t\t<div class=\"elementor-widget-container\">\n\t\t\t\t\t\t\t\t\t<p>Le capot CLASSIC a une forme semi-circulaire avec un rayon continu et deux sections verticales droites.<\/p>\n\t\t\t\t\t\t\t\t<\/div>\n\t\t\t\t<\/div>\n\t\t\t\t<\/div>\n\t\t<div class=\"elementor-element elementor-element-2226692 e-con-full e-flex e-con e-child\" data-id=\"2226692\" data-element_type=\"container\" data-e-type=\"container\" data-settings=\"{&quot;background_background&quot;:&quot;classic&quot;}\">\n\t\t\t\t<div class=\"elementor-element elementor-element-d87abff elementor-widget elementor-widget-heading\" data-id=\"d87abff\" data-element_type=\"widget\" data-e-type=\"widget\" data-widget_type=\"heading.default\">\n\t\t\t\t<div class=\"elementor-widget-container\">\n\t\t\t\t\t<h2 class=\"elementor-heading-title elementor-size-default\">Plus<\/h2>\t\t\t\t<\/div>\n\t\t\t\t<\/div>\n\t\t\t\t<div class=\"elementor-element elementor-element-c7250c7 elementor-widget elementor-widget-image\" data-id=\"c7250c7\" data-element_type=\"widget\" data-e-type=\"widget\" data-widget_type=\"image.default\">\n\t\t\t\t<div class=\"elementor-widget-container\">\n\t\t\t\t\t\t\t\t\t\t\t\t\t\t\t<img decoding=\"async\" width=\"600\" height=\"329\" src=\"https:\/\/www.capotex.com\/wp-content\/uploads\/2023\/05\/Format-plus-of-Belt-conveyor-cover.webp\" class=\"attachment-full size-full wp-image-452\" alt=\"Capotex conveyor belt cover Plus format\" srcset=\"https:\/\/www.capotex.com\/wp-content\/uploads\/2023\/05\/Format-plus-of-Belt-conveyor-cover.webp 600w, https:\/\/www.capotex.com\/wp-content\/uploads\/2023\/05\/Format-plus-of-Belt-conveyor-cover-300x165.webp 300w\" sizes=\"(max-width: 600px) 100vw, 600px\" \/>\t\t\t\t\t\t\t\t\t\t\t\t\t\t\t<\/div>\n\t\t\t\t<\/div>\n\t\t\t\t<div class=\"elementor-element elementor-element-615a9af elementor-widget elementor-widget-text-editor\" data-id=\"615a9af\" data-element_type=\"widget\" data-e-type=\"widget\" data-widget_type=\"text-editor.default\">\n\t\t\t\t<div class=\"elementor-widget-container\">\n\t\t\t\t\t\t\t\t\t<p>Le capot PLUS a une forme elliptique et deux sections droites, ce qui permet de r\u00e9duire la hauteur, le poids et la r\u00e9sistance au vent.<\/p>\n\t\t\t\t\t\t\t\t<\/div>\n\t\t\t\t<\/div>\n\t\t\t\t<\/div>\n\t\t<div class=\"elementor-element elementor-element-7b25f37 e-con-full e-flex e-con e-child\" data-id=\"7b25f37\" data-element_type=\"container\" data-e-type=\"container\" data-settings=\"{&quot;background_background&quot;:&quot;classic&quot;}\">\n\t\t\t\t<div class=\"elementor-element elementor-element-503701b elementor-widget elementor-widget-heading\" data-id=\"503701b\" data-element_type=\"widget\" data-e-type=\"widget\" data-widget_type=\"heading.default\">\n\t\t\t\t<div class=\"elementor-widget-container\">\n\t\t\t\t\t<h2 class=\"elementor-heading-title elementor-size-default\">Arc<\/h2>\t\t\t\t<\/div>\n\t\t\t\t<\/div>\n\t\t\t\t<div class=\"elementor-element elementor-element-c1d8ddd elementor-widget elementor-widget-image\" data-id=\"c1d8ddd\" data-element_type=\"widget\" data-e-type=\"widget\" data-widget_type=\"image.default\">\n\t\t\t\t<div class=\"elementor-widget-container\">\n\t\t\t\t\t\t\t\t\t\t\t\t\t\t\t<img decoding=\"async\" width=\"600\" height=\"329\" src=\"https:\/\/www.capotex.com\/wp-content\/uploads\/2023\/05\/Format-Arch-of-Belt-conveyor-cover.webp\" class=\"attachment-full size-full wp-image-464\" alt=\"Capotex conveyor belt cover Arch format\" srcset=\"https:\/\/www.capotex.com\/wp-content\/uploads\/2023\/05\/Format-Arch-of-Belt-conveyor-cover.webp 600w, https:\/\/www.capotex.com\/wp-content\/uploads\/2023\/05\/Format-Arch-of-Belt-conveyor-cover-300x165.webp 300w\" sizes=\"(max-width: 600px) 100vw, 600px\" \/>\t\t\t\t\t\t\t\t\t\t\t\t\t\t\t<\/div>\n\t\t\t\t<\/div>\n\t\t\t\t<div class=\"elementor-element elementor-element-400e25a elementor-widget elementor-widget-text-editor\" data-id=\"400e25a\" data-element_type=\"widget\" data-e-type=\"widget\" data-widget_type=\"text-editor.default\">\n\t\t\t\t<div class=\"elementor-widget-container\">\n\t\t\t\t\t\t\t\t\t<p>La housse ARC est con\u00e7ue pour prot\u00e9ger le convoyeur de la pluie, de la neige et du soleil, mais pas des vents lat\u00e9raux.<\/p>\n\t\t\t\t\t\t\t\t<\/div>\n\t\t\t\t<\/div>\n\t\t\t\t<\/div>\n\t\t\t\t\t<\/div>\n\t\t\t\t<\/div>\n\t\t\t\t<\/div>\n\t\t","protected":false},"excerpt":{"rendered":"<p>Capots convoyeurs \u00e0 bande &#8211; Formes de courbure Classique Le capot CLASSIC a une forme semi-circulaire avec un rayon continu et deux sections verticales droites. Plus Le capot PLUS a une forme elliptique et deux sections droites, ce qui permet de r\u00e9duire la hauteur, le poids et la r\u00e9sistance au vent. Arc La housse ARC [&hellip;]<\/p>\n","protected":false},"author":1,"featured_media":260,"parent":26208,"menu_order":20,"comment_status":"closed","ping_status":"closed","template":"","meta":{"_joinchat":[],"footnotes":""},"tags":[68],"class_list":["post-26396","page","type-page","status-publish","has-post-thumbnail","hentry","tag-capotexproduits"],"_links":{"self":[{"href":"https:\/\/www.capotex.com\/fr\/wp-json\/wp\/v2\/pages\/26396","targetHints":{"allow":["GET"]}}],"collection":[{"href":"https:\/\/www.capotex.com\/fr\/wp-json\/wp\/v2\/pages"}],"about":[{"href":"https:\/\/www.capotex.com\/fr\/wp-json\/wp\/v2\/types\/page"}],"author":[{"embeddable":true,"href":"https:\/\/www.capotex.com\/fr\/wp-json\/wp\/v2\/users\/1"}],"replies":[{"embeddable":true,"href":"https:\/\/www.capotex.com\/fr\/wp-json\/wp\/v2\/comments?post=26396"}],"version-history":[{"count":15,"href":"https:\/\/www.capotex.com\/fr\/wp-json\/wp\/v2\/pages\/26396\/revisions"}],"predecessor-version":[{"id":34034,"href":"https:\/\/www.capotex.com\/fr\/wp-json\/wp\/v2\/pages\/26396\/revisions\/34034"}],"up":[{"embeddable":true,"href":"https:\/\/www.capotex.com\/fr\/wp-json\/wp\/v2\/pages\/26208"}],"wp:featuredmedia":[{"embeddable":true,"href":"https:\/\/www.capotex.com\/fr\/wp-json\/wp\/v2\/media\/260"}],"wp:attachment":[{"href":"https:\/\/www.capotex.com\/fr\/wp-json\/wp\/v2\/media?parent=26396"}],"wp:term":[{"taxonomy":"post_tag","embeddable":true,"href":"https:\/\/www.capotex.com\/fr\/wp-json\/wp\/v2\/tags?post=26396"}],"curies":[{"name":"wp","href":"https:\/\/api.w.org\/{rel}","templated":true}]}}