{"id":26402,"date":"2023-05-17T10:22:56","date_gmt":"2023-05-17T09:22:56","guid":{"rendered":"https:\/\/capotex.com\/pince-c-6\/"},"modified":"2024-06-20T20:27:24","modified_gmt":"2024-06-20T19:27:24","slug":"c6","status":"publish","type":"page","link":"https:\/\/www.capotex.com\/fr\/fixations-pour-capots-pour-convoyeurs\/c6\/","title":{"rendered":"Plaque de Fixation C-6"},"content":{"rendered":"\t\t<div data-elementor-type=\"wp-page\" data-elementor-id=\"26402\" class=\"elementor elementor-26402 elementor-2052\" data-elementor-post-type=\"page\">\n\t\t\t\t<div class=\"elementor-element elementor-element-cae2af5 e-flex e-con-boxed e-con e-parent\" data-id=\"cae2af5\" data-element_type=\"container\" data-e-type=\"container\">\n\t\t\t\t\t<div class=\"e-con-inner\">\n\t\t<div class=\"elementor-element elementor-element-eedd786 e-con-full e-flex e-con e-child\" data-id=\"eedd786\" data-element_type=\"container\" data-e-type=\"container\">\n\t\t\t\t<div class=\"elementor-element elementor-element-e031ad8 elementor-widget elementor-widget-image\" data-id=\"e031ad8\" data-element_type=\"widget\" data-e-type=\"widget\" data-widget_type=\"image.default\">\n\t\t\t\t<div class=\"elementor-widget-container\">\n\t\t\t\t\t\t\t\t\t\t\t\t\t\t\t<img fetchpriority=\"high\" decoding=\"async\" width=\"925\" height=\"521\" src=\"https:\/\/www.capotex.com\/wp-content\/uploads\/2024\/06\/Plaque-de-Fixation-pour-le-Capots-de-convoyeurs.webp\" class=\"attachment-full size-full wp-image-34500\" alt=\"Plaque de Fixation pour le Capots de convoyeurs\" srcset=\"https:\/\/www.capotex.com\/wp-content\/uploads\/2024\/06\/Plaque-de-Fixation-pour-le-Capots-de-convoyeurs.webp 925w, https:\/\/www.capotex.com\/wp-content\/uploads\/2024\/06\/Plaque-de-Fixation-pour-le-Capots-de-convoyeurs-300x169.webp 300w, https:\/\/www.capotex.com\/wp-content\/uploads\/2024\/06\/Plaque-de-Fixation-pour-le-Capots-de-convoyeurs-768x433.webp 768w\" sizes=\"(max-width: 925px) 100vw, 925px\" \/>\t\t\t\t\t\t\t\t\t\t\t\t\t\t\t<\/div>\n\t\t\t\t<\/div>\n\t\t\t\t<\/div>\n\t\t\t\t\t<\/div>\n\t\t\t\t<\/div>\n\t\t<div class=\"elementor-element elementor-element-a21dc35 e-flex e-con-boxed e-con e-parent\" data-id=\"a21dc35\" data-element_type=\"container\" data-e-type=\"container\">\n\t\t\t\t\t<div class=\"e-con-inner\">\n\t\t<div class=\"elementor-element elementor-element-deee353 e-con-full e-flex e-con e-child\" data-id=\"deee353\" data-element_type=\"container\" data-e-type=\"container\">\n\t\t\t\t<div class=\"elementor-element elementor-element-6d376e2 elementor-widget elementor-widget-heading\" data-id=\"6d376e2\" data-element_type=\"widget\" data-e-type=\"widget\" data-widget_type=\"heading.default\">\n\t\t\t\t<div class=\"elementor-widget-container\">\n\t\t\t\t\t<h2 class=\"elementor-heading-title elementor-size-default\">Plaque de Fixation pour le Capots de convoyeurs - C-6<\/h2>\t\t\t\t<\/div>\n\t\t\t\t<\/div>\n\t\t\t\t<div class=\"elementor-element elementor-element-f296c88 elementor-widget elementor-widget-text-editor\" data-id=\"f296c88\" data-element_type=\"widget\" data-e-type=\"widget\" data-widget_type=\"text-editor.default\">\n\t\t\t\t<div class=\"elementor-widget-container\">\n\t\t\t\t\t\t\t\t\t<p><strong>Plaque de Fixation Capotex C-6<\/strong>. Ce collier en acier maintiendra le capot fix\u00e9 dans la corni\u00e8re en acier.<\/p><p>Il peut \u00eatre fix\u00e9 \u00e0 l&rsquo;aide d&rsquo;un \u00e9crou ou d&rsquo;un \u00e9crou \u00e0 ailettes. Un angle en acier (profil\u00e9 en L) doit \u00eatre soud\u00e9 tout au long de la structure du convoyeur.<\/p>\t\t\t\t\t\t\t\t<\/div>\n\t\t\t\t<\/div>\n\t\t\t\t<\/div>\n\t\t\t\t\t<\/div>\n\t\t\t\t<\/div>\n\t\t\t\t<\/div>\n\t\t","protected":false},"excerpt":{"rendered":"<p>Plaque de Fixation pour le Capots de convoyeurs &#8211; C-6 Plaque de Fixation Capotex C-6. Ce collier en acier maintiendra le capot fix\u00e9 dans la corni\u00e8re en acier. Il peut \u00eatre fix\u00e9 \u00e0 l&rsquo;aide d&rsquo;un \u00e9crou ou d&rsquo;un \u00e9crou \u00e0 ailettes. Un angle en acier (profil\u00e9 en L) doit \u00eatre soud\u00e9 tout au long de [&hellip;]<\/p>\n","protected":false},"author":1,"featured_media":973,"parent":26495,"menu_order":40,"comment_status":"closed","ping_status":"closed","template":"","meta":{"_joinchat":[],"footnotes":""},"tags":[76],"class_list":["post-26402","page","type-page","status-publish","has-post-thumbnail","hentry","tag-fixations"],"_links":{"self":[{"href":"https:\/\/www.capotex.com\/fr\/wp-json\/wp\/v2\/pages\/26402","targetHints":{"allow":["GET"]}}],"collection":[{"href":"https:\/\/www.capotex.com\/fr\/wp-json\/wp\/v2\/pages"}],"about":[{"href":"https:\/\/www.capotex.com\/fr\/wp-json\/wp\/v2\/types\/page"}],"author":[{"embeddable":true,"href":"https:\/\/www.capotex.com\/fr\/wp-json\/wp\/v2\/users\/1"}],"replies":[{"embeddable":true,"href":"https:\/\/www.capotex.com\/fr\/wp-json\/wp\/v2\/comments?post=26402"}],"version-history":[{"count":12,"href":"https:\/\/www.capotex.com\/fr\/wp-json\/wp\/v2\/pages\/26402\/revisions"}],"predecessor-version":[{"id":34506,"href":"https:\/\/www.capotex.com\/fr\/wp-json\/wp\/v2\/pages\/26402\/revisions\/34506"}],"up":[{"embeddable":true,"href":"https:\/\/www.capotex.com\/fr\/wp-json\/wp\/v2\/pages\/26495"}],"wp:featuredmedia":[{"embeddable":true,"href":"https:\/\/www.capotex.com\/fr\/wp-json\/wp\/v2\/media\/973"}],"wp:attachment":[{"href":"https:\/\/www.capotex.com\/fr\/wp-json\/wp\/v2\/media?parent=26402"}],"wp:term":[{"taxonomy":"post_tag","embeddable":true,"href":"https:\/\/www.capotex.com\/fr\/wp-json\/wp\/v2\/tags?post=26402"}],"curies":[{"name":"wp","href":"https:\/\/api.w.org\/{rel}","templated":true}]}}