{"id":26414,"date":"2023-05-17T08:34:19","date_gmt":"2023-05-17T07:34:19","guid":{"rendered":"https:\/\/capotex.com\/produits\/modeles-standard\/berlin\/"},"modified":"2024-06-27T09:21:13","modified_gmt":"2024-06-27T08:21:13","slug":"berlin","status":"publish","type":"page","link":"https:\/\/www.capotex.com\/fr\/capots-pour-convoyeurs\/couvertures-de-convoyeur\/berlin\/","title":{"rendered":"Berlin"},"content":{"rendered":"\t\t<div data-elementor-type=\"wp-page\" data-elementor-id=\"26414\" class=\"elementor elementor-26414 elementor-1951\" data-elementor-post-type=\"page\">\n\t\t\t\t<div class=\"elementor-element elementor-element-0417353 e-flex e-con-boxed e-con e-parent\" data-id=\"0417353\" data-element_type=\"container\" data-e-type=\"container\">\n\t\t\t\t\t<div class=\"e-con-inner\">\n\t\t<div class=\"elementor-element elementor-element-2443e26 e-con-full e-flex e-con e-child\" data-id=\"2443e26\" data-element_type=\"container\" data-e-type=\"container\">\n\t\t\t\t<div class=\"elementor-element elementor-element-91dc9f6 elementor-widget elementor-widget-image\" data-id=\"91dc9f6\" data-element_type=\"widget\" data-e-type=\"widget\" data-widget_type=\"image.default\">\n\t\t\t\t<div class=\"elementor-widget-container\">\n\t\t\t\t\t\t\t\t\t\t\t\t\t\t\t<img fetchpriority=\"high\" decoding=\"async\" width=\"598\" height=\"328\" src=\"https:\/\/www.capotex.com\/wp-content\/uploads\/2024\/05\/Couvertures-de-convoyeurs-a-bande-berlin.webp\" class=\"attachment-full size-full wp-image-33392\" alt=\"Couvertures de convoyeurs \u00e0 bande berlin\" srcset=\"https:\/\/www.capotex.com\/wp-content\/uploads\/2024\/05\/Couvertures-de-convoyeurs-a-bande-berlin.webp 598w, https:\/\/www.capotex.com\/wp-content\/uploads\/2024\/05\/Couvertures-de-convoyeurs-a-bande-berlin-300x165.webp 300w\" sizes=\"(max-width: 598px) 100vw, 598px\" \/>\t\t\t\t\t\t\t\t\t\t\t\t\t\t\t<\/div>\n\t\t\t\t<\/div>\n\t\t\t\t<\/div>\n\t\t\t\t\t<\/div>\n\t\t\t\t<\/div>\n\t\t<div class=\"elementor-element elementor-element-0db4fff e-flex e-con-boxed e-con e-parent\" data-id=\"0db4fff\" data-element_type=\"container\" data-e-type=\"container\">\n\t\t\t\t\t<div class=\"e-con-inner\">\n\t\t<div class=\"elementor-element elementor-element-8f4ec48 e-con-full e-flex e-con e-child\" data-id=\"8f4ec48\" data-element_type=\"container\" data-e-type=\"container\">\n\t\t\t\t<div class=\"elementor-element elementor-element-c200aa8 elementor-widget elementor-widget-heading\" data-id=\"c200aa8\" data-element_type=\"widget\" data-e-type=\"widget\" data-widget_type=\"heading.default\">\n\t\t\t\t<div class=\"elementor-widget-container\">\n\t\t\t\t\t<h2 class=\"elementor-heading-title elementor-size-default\">Berlin (fixe et ouvert des deux c\u00f4t\u00e9s)<\/h2>\t\t\t\t<\/div>\n\t\t\t\t<\/div>\n\t\t\t\t<div class=\"elementor-element elementor-element-1c2aa0a elementor-widget elementor-widget-text-editor\" data-id=\"1c2aa0a\" data-element_type=\"widget\" data-e-type=\"widget\" data-widget_type=\"text-editor.default\">\n\t\t\t\t<div class=\"elementor-widget-container\">\n\t\t\t\t\t\t\t\t\t<p>Le capot Berlin fait la part belle \u00e0 l&rsquo;<strong>accessibilit\u00e9<\/strong>. Ce mod\u00e8le offre un acc\u00e8s visuel et manuel des deux c\u00f4t\u00e9s de la bande sans qu&rsquo;il soit n\u00e9cessaire de d\u00e9monter quoi que ce soit. Il prot\u00e8ge la courroie de la pluie, tout en laissant suffisamment d&rsquo;espace pour soulever la courroie et remplacer les rouleaux.<\/p>\n\t\t\t\t\t\t\t\t<\/div>\n\t\t\t\t<\/div>\n\t\t\t\t<div class=\"elementor-element elementor-element-21f6c5f elementor-widget elementor-widget-image\" data-id=\"21f6c5f\" data-element_type=\"widget\" data-e-type=\"widget\" data-widget_type=\"image.default\">\n\t\t\t\t<div class=\"elementor-widget-container\">\n\t\t\t\t\t\t\t\t\t\t\t\t<figure class=\"wp-caption\">\n\t\t\t\t\t\t\t\t\t\t\t<a href=\"https:\/\/www.capotex.com\/wp-content\/uploads\/2023\/07\/Berlin-Classic-FR.pdf\" target=\"_blank\">\n\t\t\t\t\t\t\t<img decoding=\"async\" width=\"606\" height=\"428\" src=\"https:\/\/www.capotex.com\/wp-content\/uploads\/2023\/07\/Berlin-Classic-cover.jpg\" class=\"attachment-full size-full wp-image-27310\" alt=\"\" srcset=\"https:\/\/www.capotex.com\/wp-content\/uploads\/2023\/07\/Berlin-Classic-cover.jpg 606w, https:\/\/www.capotex.com\/wp-content\/uploads\/2023\/07\/Berlin-Classic-cover-300x212.jpg 300w\" sizes=\"(max-width: 606px) 100vw, 606px\" \/>\t\t\t\t\t\t\t\t<\/a>\n\t\t\t\t\t\t\t\t\t\t\t<figcaption class=\"widget-image-caption wp-caption-text\">T\u00e9l\u00e9charger le plan de courbure \"Classique\" en pdf<\/figcaption>\n\t\t\t\t\t\t\t\t\t\t<\/figure>\n\t\t\t\t\t\t\t\t\t<\/div>\n\t\t\t\t<\/div>\n\t\t\t\t<\/div>\n\t\t\t\t\t<\/div>\n\t\t\t\t<\/div>\n\t\t<div class=\"elementor-element elementor-element-a011453 elementor-hidden-mobile e-flex e-con-boxed e-con e-parent\" data-id=\"a011453\" data-element_type=\"container\" data-e-type=\"container\">\n\t\t\t\t\t<div class=\"e-con-inner\">\n\t\t<div class=\"elementor-element elementor-element-025a710 e-con-full e-flex e-con e-child\" data-id=\"025a710\" data-element_type=\"container\" data-e-type=\"container\">\n\t\t\t\t<div class=\"elementor-element elementor-element-ca74e2d elementor-tabs-view-horizontal elementor-widget elementor-widget-tabs\" data-id=\"ca74e2d\" data-element_type=\"widget\" data-e-type=\"widget\" data-widget_type=\"tabs.default\">\n\t\t\t\t<div class=\"elementor-widget-container\">\n\t\t\t\t\t\t\t<div class=\"elementor-tabs\">\n\t\t\t<div class=\"elementor-tabs-wrapper\" role=\"tablist\" >\n\t\t\t\t\t\t\t\t\t<div id=\"elementor-tab-title-2121\" class=\"elementor-tab-title elementor-tab-desktop-title\" aria-selected=\"true\" data-tab=\"1\" role=\"tab\" tabindex=\"0\" aria-controls=\"elementor-tab-content-2121\" aria-expanded=\"false\">Caract\u00e9ristiques<\/div>\n\t\t\t\t\t\t\t\t\t<div id=\"elementor-tab-title-2122\" class=\"elementor-tab-title elementor-tab-desktop-title\" aria-selected=\"false\" data-tab=\"2\" role=\"tab\" tabindex=\"-1\" aria-controls=\"elementor-tab-content-2122\" aria-expanded=\"false\">Instructions d'installation<\/div>\n\t\t\t\t\t\t\t\t\t<div id=\"elementor-tab-title-2123\" class=\"elementor-tab-title elementor-tab-desktop-title\" aria-selected=\"false\" data-tab=\"3\" role=\"tab\" tabindex=\"-1\" aria-controls=\"elementor-tab-content-2123\" aria-expanded=\"false\">Fixations<\/div>\n\t\t\t\t\t\t\t<\/div>\n\t\t\t<div class=\"elementor-tabs-content-wrapper\" role=\"tablist\" aria-orientation=\"vertical\">\n\t\t\t\t\t\t\t\t\t<div class=\"elementor-tab-title elementor-tab-mobile-title\" aria-selected=\"true\" data-tab=\"1\" role=\"tab\" tabindex=\"0\" aria-controls=\"elementor-tab-content-2121\" aria-expanded=\"false\">Caract\u00e9ristiques<\/div>\n\t\t\t\t\t<div id=\"elementor-tab-content-2121\" class=\"elementor-tab-content elementor-clearfix\" data-tab=\"1\" role=\"tabpanel\" aria-labelledby=\"elementor-tab-title-2121\" tabindex=\"0\" hidden=\"false\"><p><strong>Acc\u00e8s aux inspections des deux c\u00f4t\u00e9s<\/strong> : le capot ne couvre que la partie sup\u00e9rieure de la courroie, laissant les deux c\u00f4t\u00e9s libres pour l&rsquo;entretien.<\/p><p><strong>D\u00e9montable<\/strong>: le capot Berl\u00edn est enti\u00e8rement d\u00e9montable en desserrant les vis, ce qui lib\u00e8re compl\u00e8tement la bande transporteuse.<\/p><p><strong>Autonome<\/strong>: il ne n\u00e9cessite aucune structure.<\/p><p><strong>Installation simple et rapide<\/strong>: il s&rsquo;adapte \u00e0 pratiquement toutes les bandes transporteuses.<\/p><\/div>\n\t\t\t\t\t\t\t\t\t<div class=\"elementor-tab-title elementor-tab-mobile-title\" aria-selected=\"false\" data-tab=\"2\" role=\"tab\" tabindex=\"-1\" aria-controls=\"elementor-tab-content-2122\" aria-expanded=\"false\">Instructions d'installation<\/div>\n\t\t\t\t\t<div id=\"elementor-tab-content-2122\" class=\"elementor-tab-content elementor-clearfix\" data-tab=\"2\" role=\"tabpanel\" aria-labelledby=\"elementor-tab-title-2122\" tabindex=\"0\" hidden=\"hidden\"><p>\t\t<div data-elementor-type=\"section\" data-elementor-id=\"26706\" class=\"elementor elementor-26706 elementor-776 elementor-776\" data-elementor-post-type=\"elementor_library\">\n\t\t\t\t\t<section class=\"elementor-section elementor-top-section elementor-element elementor-element-20ebd0d elementor-section-boxed elementor-section-height-default elementor-section-height-default\" data-id=\"20ebd0d\" data-element_type=\"section\" data-e-type=\"section\">\n\t\t\t\t\t\t<div class=\"elementor-container elementor-column-gap-default\">\n\t\t\t\t\t<div class=\"elementor-column elementor-col-100 elementor-top-column elementor-element elementor-element-ac0d46e\" data-id=\"ac0d46e\" data-element_type=\"column\" data-e-type=\"column\">\n\t\t\t<div class=\"elementor-widget-wrap elementor-element-populated\">\n\t\t\t\t\t\t<div class=\"elementor-element elementor-element-f43508f elementor-widget elementor-widget-text-editor\" data-id=\"f43508f\" data-element_type=\"widget\" data-e-type=\"widget\" data-widget_type=\"text-editor.default\">\n\t\t\t\t<div class=\"elementor-widget-container\">\n\t\t\t\t\t\t\t\t\t<p><strong>Visser directement le capot au cadre de la bande transporte<\/strong>use. Il est recommand\u00e9 d&rsquo;utiliser des pi\u00e8ces de 40 x 40 mm. Des corni\u00e8res en acier sont install\u00e9es de part et d&rsquo;autre du convoyeur \u00e0 bande.<\/p>\n<p><strong>Installez les capots en alternance<\/strong>, l&rsquo;un au-dessus et l&rsquo;autre au-dessous, et ainsi de suite. Ne les posez pas toutes sur la pr\u00e9c\u00e9dente, comme on pose des tuiles sur un toit.<\/p>\n<p><strong>Arr\u00eatez le convoyeur \u00e0 bande avant de commencer l&rsquo;installation.<\/strong><\/p>\n<p><strong>Outils n\u00e9cessaires<\/strong>: Tournevis \u00e9lectrique de 8 mm. de la prise de courant.<\/p>\n<p><strong>Utiliser les EPI<\/strong> (\u00e9quipements de protection individuelle) requis par la loi. CAPOTEX recommande l&rsquo;utilisation de gants, d&rsquo;un casque, de bottes de s\u00e9curit\u00e9, de protections auditives et d&rsquo;un masque de soudage (pour le soudage de t\u00f4les d&rsquo;acier uniquement).<\/p>\n\t\t\t\t\t\t\t\t<\/div>\n\t\t\t\t<\/div>\n\t\t\t\t<div class=\"elementor-element elementor-element-e84ac96 elementor-widget elementor-widget-video\" data-id=\"e84ac96\" data-element_type=\"widget\" data-e-type=\"widget\" data-settings=\"{&quot;youtube_url&quot;:&quot;https:\\\/\\\/youtu.be\\\/BO-Bfc0kx4c&quot;,&quot;mute&quot;:&quot;yes&quot;,&quot;lazy_load&quot;:&quot;yes&quot;,&quot;video_type&quot;:&quot;youtube&quot;,&quot;controls&quot;:&quot;yes&quot;}\" data-widget_type=\"video.default\">\n\t\t\t\t<div class=\"elementor-widget-container\">\n\t\t\t\t\t\t\t<div class=\"elementor-wrapper elementor-open-inline\">\n\t\t\t<div class=\"elementor-video\"><\/div>\t\t<\/div>\n\t\t\t\t\t\t<\/div>\n\t\t\t\t<\/div>\n\t\t\t\t\t<\/div>\n\t\t<\/div>\n\t\t\t\t\t<\/div>\n\t\t<\/section>\n\t\t\t\t<\/div>\n\t\t<\/p>\n<\/div>\n\t\t\t\t\t\t\t\t\t<div class=\"elementor-tab-title elementor-tab-mobile-title\" aria-selected=\"false\" data-tab=\"3\" role=\"tab\" tabindex=\"-1\" aria-controls=\"elementor-tab-content-2123\" aria-expanded=\"false\">Fixations<\/div>\n\t\t\t\t\t<div id=\"elementor-tab-content-2123\" class=\"elementor-tab-content elementor-clearfix\" data-tab=\"3\" role=\"tabpanel\" aria-labelledby=\"elementor-tab-title-2123\" tabindex=\"0\" hidden=\"hidden\"><table><tbody><tr style=\"background-color: #00678a; color: #f9fafa;\"><th>Mod\u00e8le<\/th><th>Forme de la courbure<\/th><th>Fixation<\/th><th>Photo<\/th><\/tr><tr><td>Berlin<\/td><td><a href=\"https:\/\/www.capotex.com\/fr\/capots-pour-convoyeurs\/capots-convoyeurs-a-bande\/\">Classique<\/a><\/td><td><a href=\"https:\/\/www.capotex.com\/fr\/fixations-pour-capots-pour-convoyeurs\/c5\/\">Vis autotaraudeuse C-5<\/a><\/td><td><a href=\"https:\/\/www.capotex.com\/fr\/produits\/fixations\/vis-autotaradeuses-c5\/\"><img decoding=\"async\" src=\"https:\/\/www.capotex.com\/wp-content\/uploads\/2023\/05\/Capotex-fixings-C5-Self-Drilling-Screw.webp\" width=\"200\" \/><\/a><\/td><\/tr><tr><td>\u00a0<\/td><td>\u00a0<\/td><td><a href=\"https:\/\/www.capotex.com\/fr\/fixations-pour-capots-pour-convoyeurs\/c6\/\">Plaque de Fixation C-6<\/a><\/td><td><a href=\"https:\/\/www.capotex.com\/fr\/produits\/fixations\/plaque-de-fixation-c6\/\"><img decoding=\"async\" src=\"https:\/\/www.capotex.com\/wp-content\/uploads\/2023\/05\/Capotex-fixings-C6-Clamp.webp\" width=\"200\" \/><\/a><\/td><\/tr><tr><td>\u00a0<\/td><td>\u00a0<\/td><td><a href=\"https:\/\/www.capotex.com\/fr\/fixations-pour-capots-pour-convoyeurs\/c9\/\">C-9 Crochet<\/a><\/td><td><a href=\"https:\/\/www.capotex.com\/fr\/produits\/fixations\/crochet-c9\/\"><img decoding=\"async\" src=\"https:\/\/www.capotex.com\/wp-content\/uploads\/2023\/05\/Capotex-fixings-C9-Hook.webp\" width=\"200\" \/><\/a><\/td><\/tr><tr><td>\u00a0<\/td><td>\u00a0<\/td><td><a href=\"https:\/\/www.capotex.com\/fr\/fixations-pour-capots-pour-convoyeurs\/c7\/\">C-7 Crochet ergonomique avec sangle 1 ou 2 crochets avec ou sans plateau<\/a><\/td><td><a href=\"https:\/\/www.capotex.com\/fr\/produits\/fixations\/crochet-ergonomique-avec-sangle-c7\/\"><img decoding=\"async\" src=\"https:\/\/www.capotex.com\/wp-content\/uploads\/2023\/05\/Capotex-fixings-C7-Ergonomic-Hook-w-Strap.webp\" width=\"100\" \/><\/a><\/td><\/tr><\/tbody><\/table><\/div>\n\t\t\t\t\t\t\t<\/div>\n\t\t<\/div>\n\t\t\t\t\t\t<\/div>\n\t\t\t\t<\/div>\n\t\t\t\t<\/div>\n\t\t\t\t\t<\/div>\n\t\t\t\t<\/div>\n\t\t<div class=\"elementor-element elementor-element-288ee1c elementor-hidden-desktop elementor-hidden-tablet e-flex e-con-boxed e-con e-parent\" data-id=\"288ee1c\" data-element_type=\"container\" data-e-type=\"container\">\n\t\t\t\t\t<div class=\"e-con-inner\">\n\t\t<div class=\"elementor-element elementor-element-f445e62 e-con-full e-flex e-con e-child\" data-id=\"f445e62\" data-element_type=\"container\" data-e-type=\"container\">\n\t\t\t\t<div class=\"elementor-element elementor-element-cb793a2 elementor-tabs-view-horizontal elementor-widget elementor-widget-tabs\" data-id=\"cb793a2\" data-element_type=\"widget\" data-e-type=\"widget\" data-widget_type=\"tabs.default\">\n\t\t\t\t<div class=\"elementor-widget-container\">\n\t\t\t\t\t\t\t<div class=\"elementor-tabs\">\n\t\t\t<div class=\"elementor-tabs-wrapper\" role=\"tablist\" >\n\t\t\t\t\t\t\t\t\t<div id=\"elementor-tab-title-2131\" class=\"elementor-tab-title elementor-tab-desktop-title\" aria-selected=\"true\" data-tab=\"1\" role=\"tab\" tabindex=\"0\" aria-controls=\"elementor-tab-content-2131\" aria-expanded=\"false\">Caract\u00e9ristiques<\/div>\n\t\t\t\t\t\t\t\t\t<div id=\"elementor-tab-title-2132\" class=\"elementor-tab-title elementor-tab-desktop-title\" aria-selected=\"false\" data-tab=\"2\" role=\"tab\" tabindex=\"-1\" aria-controls=\"elementor-tab-content-2132\" aria-expanded=\"false\">Instructions d'installation<\/div>\n\t\t\t\t\t\t\t\t\t<div id=\"elementor-tab-title-2133\" class=\"elementor-tab-title elementor-tab-desktop-title\" aria-selected=\"false\" data-tab=\"3\" role=\"tab\" tabindex=\"-1\" aria-controls=\"elementor-tab-content-2133\" aria-expanded=\"false\">Fixations<\/div>\n\t\t\t\t\t\t\t<\/div>\n\t\t\t<div class=\"elementor-tabs-content-wrapper\" role=\"tablist\" aria-orientation=\"vertical\">\n\t\t\t\t\t\t\t\t\t<div class=\"elementor-tab-title elementor-tab-mobile-title\" aria-selected=\"true\" data-tab=\"1\" role=\"tab\" tabindex=\"0\" aria-controls=\"elementor-tab-content-2131\" aria-expanded=\"false\">Caract\u00e9ristiques<\/div>\n\t\t\t\t\t<div id=\"elementor-tab-content-2131\" class=\"elementor-tab-content elementor-clearfix\" data-tab=\"1\" role=\"tabpanel\" aria-labelledby=\"elementor-tab-title-2131\" tabindex=\"0\" hidden=\"false\"><p><strong>Acc\u00e8s aux inspections des deux<\/strong> c\u00f4t\u00e9s : le capot ne couvre que la partie sup\u00e9rieure de la courroie, laissant les deux c\u00f4t\u00e9s libres pour l&rsquo;entretien.<\/p><p><strong>D\u00e9montable<\/strong>: le capot Berl\u00edn est enti\u00e8rement d\u00e9montable en desserrant les vis, ce qui lib\u00e8re compl\u00e8tement la bande transporteuse.<\/p><p><strong>Autonome<\/strong>: il ne n\u00e9cessite aucune structure.<\/p><p><strong>Installation simple et rapide<\/strong>: il s&rsquo;adapte \u00e0 pratiquement toutes les bandes transporteuses.<\/p><\/div>\n\t\t\t\t\t\t\t\t\t<div class=\"elementor-tab-title elementor-tab-mobile-title\" aria-selected=\"false\" data-tab=\"2\" role=\"tab\" tabindex=\"-1\" aria-controls=\"elementor-tab-content-2132\" aria-expanded=\"false\">Instructions d'installation<\/div>\n\t\t\t\t\t<div id=\"elementor-tab-content-2132\" class=\"elementor-tab-content elementor-clearfix\" data-tab=\"2\" role=\"tabpanel\" aria-labelledby=\"elementor-tab-title-2132\" tabindex=\"0\" hidden=\"hidden\"><p>\t\t<div data-elementor-type=\"section\" data-elementor-id=\"26706\" class=\"elementor elementor-26706 elementor-776 elementor-776\" data-elementor-post-type=\"elementor_library\">\n\t\t\t\t\t<section class=\"elementor-section elementor-top-section elementor-element elementor-element-20ebd0d elementor-section-boxed elementor-section-height-default elementor-section-height-default\" data-id=\"20ebd0d\" data-element_type=\"section\" data-e-type=\"section\">\n\t\t\t\t\t\t<div class=\"elementor-container elementor-column-gap-default\">\n\t\t\t\t\t<div class=\"elementor-column elementor-col-100 elementor-top-column elementor-element elementor-element-ac0d46e\" data-id=\"ac0d46e\" data-element_type=\"column\" data-e-type=\"column\">\n\t\t\t<div class=\"elementor-widget-wrap elementor-element-populated\">\n\t\t\t\t\t\t<div class=\"elementor-element elementor-element-f43508f elementor-widget elementor-widget-text-editor\" data-id=\"f43508f\" data-element_type=\"widget\" data-e-type=\"widget\" data-widget_type=\"text-editor.default\">\n\t\t\t\t<div class=\"elementor-widget-container\">\n\t\t\t\t\t\t\t\t\t<p><strong>Visser directement le capot au cadre de la bande transporte<\/strong>use. Il est recommand\u00e9 d&rsquo;utiliser des pi\u00e8ces de 40 x 40 mm. Des corni\u00e8res en acier sont install\u00e9es de part et d&rsquo;autre du convoyeur \u00e0 bande.<\/p>\n<p><strong>Installez les capots en alternance<\/strong>, l&rsquo;un au-dessus et l&rsquo;autre au-dessous, et ainsi de suite. Ne les posez pas toutes sur la pr\u00e9c\u00e9dente, comme on pose des tuiles sur un toit.<\/p>\n<p><strong>Arr\u00eatez le convoyeur \u00e0 bande avant de commencer l&rsquo;installation.<\/strong><\/p>\n<p><strong>Outils n\u00e9cessaires<\/strong>: Tournevis \u00e9lectrique de 8 mm. de la prise de courant.<\/p>\n<p><strong>Utiliser les EPI<\/strong> (\u00e9quipements de protection individuelle) requis par la loi. CAPOTEX recommande l&rsquo;utilisation de gants, d&rsquo;un casque, de bottes de s\u00e9curit\u00e9, de protections auditives et d&rsquo;un masque de soudage (pour le soudage de t\u00f4les d&rsquo;acier uniquement).<\/p>\n\t\t\t\t\t\t\t\t<\/div>\n\t\t\t\t<\/div>\n\t\t\t\t<div class=\"elementor-element elementor-element-e84ac96 elementor-widget elementor-widget-video\" data-id=\"e84ac96\" data-element_type=\"widget\" data-e-type=\"widget\" data-settings=\"{&quot;youtube_url&quot;:&quot;https:\\\/\\\/youtu.be\\\/BO-Bfc0kx4c&quot;,&quot;mute&quot;:&quot;yes&quot;,&quot;lazy_load&quot;:&quot;yes&quot;,&quot;video_type&quot;:&quot;youtube&quot;,&quot;controls&quot;:&quot;yes&quot;}\" data-widget_type=\"video.default\">\n\t\t\t\t<div class=\"elementor-widget-container\">\n\t\t\t\t\t\t\t<div class=\"elementor-wrapper elementor-open-inline\">\n\t\t\t<div class=\"elementor-video\"><\/div>\t\t<\/div>\n\t\t\t\t\t\t<\/div>\n\t\t\t\t<\/div>\n\t\t\t\t\t<\/div>\n\t\t<\/div>\n\t\t\t\t\t<\/div>\n\t\t<\/section>\n\t\t\t\t<\/div>\n\t\t<\/p>\n<\/div>\n\t\t\t\t\t\t\t\t\t<div class=\"elementor-tab-title elementor-tab-mobile-title\" aria-selected=\"false\" data-tab=\"3\" role=\"tab\" tabindex=\"-1\" aria-controls=\"elementor-tab-content-2133\" aria-expanded=\"false\">Fixations<\/div>\n\t\t\t\t\t<div id=\"elementor-tab-content-2133\" class=\"elementor-tab-content elementor-clearfix\" data-tab=\"3\" role=\"tabpanel\" aria-labelledby=\"elementor-tab-title-2133\" tabindex=\"0\" hidden=\"hidden\"><table><tbody><tr style=\"background-color: #00678a; color: #f9fafa;\"><th>Forme de la courbure<\/th><th>Fixation<\/th><\/tr><tr><td><a href=\"https:\/\/www.capotex.com\/fr\/capots-pour-convoyeurs\/capots-convoyeurs-a-bande\/\">Classique<\/a><\/td><td><a href=\"https:\/\/www.capotex.com\/fr\/fixations-pour-capots-pour-convoyeurs\/c5\/\">Vis autotaraudeuse C-5<\/a><\/td><\/tr><tr><td>\u00a0<\/td><td><a href=\"https:\/\/www.capotex.com\/fr\/fixations-pour-capots-pour-convoyeurs\/c6\/\">Plaque de Fixation C-6<\/a><\/td><\/tr><tr><td>\u00a0<\/td><td><a href=\"https:\/\/www.capotex.com\/fr\/fixations-pour-capots-pour-convoyeurs\/c9\/\">C-9 Crochet<\/a><\/td><\/tr><tr><td>\u00a0<\/td><td><a href=\"https:\/\/www.capotex.com\/fr\/fixations-pour-capots-pour-convoyeurs\/c7\/\">C-7 Crochet ergonomique avec sangle 1 ou 2 crochets avec ou sans plateau<\/a><\/td><\/tr><\/tbody><\/table><\/div>\n\t\t\t\t\t\t\t<\/div>\n\t\t<\/div>\n\t\t\t\t\t\t<\/div>\n\t\t\t\t<\/div>\n\t\t\t\t<\/div>\n\t\t\t\t\t<\/div>\n\t\t\t\t<\/div>\n\t\t\t\t<\/div>\n\t\t","protected":false},"excerpt":{"rendered":"<p>Fixe et ouvert des deux c\u00f4t\u00e9s<\/p>\n","protected":false},"author":1,"featured_media":732,"parent":26301,"menu_order":40,"comment_status":"closed","ping_status":"closed","template":"","meta":{"_joinchat":[],"footnotes":""},"tags":[70],"class_list":["post-26414","page","type-page","status-publish","has-post-thumbnail","hentry","tag-modeles-de-convoyeurs"],"_links":{"self":[{"href":"https:\/\/www.capotex.com\/fr\/wp-json\/wp\/v2\/pages\/26414","targetHints":{"allow":["GET"]}}],"collection":[{"href":"https:\/\/www.capotex.com\/fr\/wp-json\/wp\/v2\/pages"}],"about":[{"href":"https:\/\/www.capotex.com\/fr\/wp-json\/wp\/v2\/types\/page"}],"author":[{"embeddable":true,"href":"https:\/\/www.capotex.com\/fr\/wp-json\/wp\/v2\/users\/1"}],"replies":[{"embeddable":true,"href":"https:\/\/www.capotex.com\/fr\/wp-json\/wp\/v2\/comments?post=26414"}],"version-history":[{"count":59,"href":"https:\/\/www.capotex.com\/fr\/wp-json\/wp\/v2\/pages\/26414\/revisions"}],"predecessor-version":[{"id":34741,"href":"https:\/\/www.capotex.com\/fr\/wp-json\/wp\/v2\/pages\/26414\/revisions\/34741"}],"up":[{"embeddable":true,"href":"https:\/\/www.capotex.com\/fr\/wp-json\/wp\/v2\/pages\/26301"}],"wp:featuredmedia":[{"embeddable":true,"href":"https:\/\/www.capotex.com\/fr\/wp-json\/wp\/v2\/media\/732"}],"wp:attachment":[{"href":"https:\/\/www.capotex.com\/fr\/wp-json\/wp\/v2\/media?parent=26414"}],"wp:term":[{"taxonomy":"post_tag","embeddable":true,"href":"https:\/\/www.capotex.com\/fr\/wp-json\/wp\/v2\/tags?post=26414"}],"curies":[{"name":"wp","href":"https:\/\/api.w.org\/{rel}","templated":true}]}}