{"id":26423,"date":"2023-05-17T09:24:37","date_gmt":"2023-05-17T08:24:37","guid":{"rendered":"https:\/\/capotex.com\/capofire\/"},"modified":"2024-05-23T08:43:15","modified_gmt":"2024-05-23T07:43:15","slug":"capofire","status":"publish","type":"page","link":"https:\/\/www.capotex.com\/fr\/capots-pour-convoyeurs\/capots-de-convoyeur\/capofire\/","title":{"rendered":"Capofire"},"content":{"rendered":"\t\t<div data-elementor-type=\"wp-page\" data-elementor-id=\"26423\" class=\"elementor elementor-26423 elementor-2017\" data-elementor-post-type=\"page\">\n\t\t\t\t<div class=\"elementor-element elementor-element-aa7dbc1 e-flex e-con-boxed e-con e-parent\" data-id=\"aa7dbc1\" data-element_type=\"container\" data-e-type=\"container\">\n\t\t\t\t\t<div class=\"e-con-inner\">\n\t\t<div class=\"elementor-element elementor-element-afd89b8 e-con-full e-flex e-con e-child\" data-id=\"afd89b8\" data-element_type=\"container\" data-e-type=\"container\">\n\t\t\t\t<div class=\"elementor-element elementor-element-ace3e55 elementor-widget elementor-widget-image\" data-id=\"ace3e55\" data-element_type=\"widget\" data-e-type=\"widget\" data-widget_type=\"image.default\">\n\t\t\t\t<div class=\"elementor-widget-container\">\n\t\t\t\t\t\t\t\t\t\t\t\t\t\t\t<img fetchpriority=\"high\" decoding=\"async\" width=\"600\" height=\"329\" src=\"https:\/\/www.capotex.com\/wp-content\/uploads\/2024\/05\/Capots-pour-convoyeurs-capofire.webp\" class=\"attachment-full size-full wp-image-33616\" alt=\"Capots pour convoyeurs capofire\" srcset=\"https:\/\/www.capotex.com\/wp-content\/uploads\/2024\/05\/Capots-pour-convoyeurs-capofire.webp 600w, https:\/\/www.capotex.com\/wp-content\/uploads\/2024\/05\/Capots-pour-convoyeurs-capofire-300x165.webp 300w\" sizes=\"(max-width: 600px) 100vw, 600px\" \/>\t\t\t\t\t\t\t\t\t\t\t\t\t\t\t<\/div>\n\t\t\t\t<\/div>\n\t\t\t\t<\/div>\n\t\t\t\t\t<\/div>\n\t\t\t\t<\/div>\n\t\t<div class=\"elementor-element elementor-element-9928d73 e-flex e-con-boxed e-con e-parent\" data-id=\"9928d73\" data-element_type=\"container\" data-e-type=\"container\">\n\t\t\t\t\t<div class=\"e-con-inner\">\n\t\t<div class=\"elementor-element elementor-element-8cffb37 e-con-full e-flex e-con e-child\" data-id=\"8cffb37\" data-element_type=\"container\" data-e-type=\"container\">\n\t\t\t\t<div class=\"elementor-element elementor-element-7f3bc8d elementor-widget elementor-widget-heading\" data-id=\"7f3bc8d\" data-element_type=\"widget\" data-e-type=\"widget\" data-widget_type=\"heading.default\">\n\t\t\t\t<div class=\"elementor-widget-container\">\n\t\t\t\t\t<h2 class=\"elementor-heading-title elementor-size-default\">Capofire<\/h2>\t\t\t\t<\/div>\n\t\t\t\t<\/div>\n\t\t\t\t<div class=\"elementor-element elementor-element-da53d05 elementor-widget elementor-widget-text-editor\" data-id=\"da53d05\" data-element_type=\"widget\" data-e-type=\"widget\" data-widget_type=\"text-editor.default\">\n\t\t\t\t<div class=\"elementor-widget-container\">\n\t\t\t\t\t\t\t\t\t<p>Ce capot <strong>convient \u00e0 la plupart des syst\u00e8mes d&rsquo;extinction d&rsquo;incendie<\/strong>. Nous pr\u00e9parons le capot pour l&rsquo;installation d&rsquo;un syst\u00e8me d&rsquo;extinction d&rsquo;incendie \u00e0 l&rsquo;int\u00e9rieur, mais il est toujours possible d&rsquo;ouvrir l&rsquo;ensemble du capot pour l&rsquo;inspection et l&rsquo;entretien du convoyeur.<\/p><p>L&rsquo;installation est rapide et facile.<\/p>\t\t\t\t\t\t\t\t<\/div>\n\t\t\t\t<\/div>\n\t\t\t\t<div class=\"elementor-element elementor-element-03bd054 elementor-widget elementor-widget-image\" data-id=\"03bd054\" data-element_type=\"widget\" data-e-type=\"widget\" data-widget_type=\"image.default\">\n\t\t\t\t<div class=\"elementor-widget-container\">\n\t\t\t\t\t\t\t\t\t\t\t\t<figure class=\"wp-caption\">\n\t\t\t\t\t\t\t\t\t\t\t<a href=\"https:\/\/www.capotex.com\/wp-content\/uploads\/2023\/05\/Capofire_EN.pdf\" target=\"_blank\">\n\t\t\t\t\t\t\t<img decoding=\"async\" width=\"300\" height=\"212\" src=\"https:\/\/www.capotex.com\/wp-content\/uploads\/2023\/05\/Capofire-drawings-cover.jpg\" class=\"attachment-full size-full wp-image-593\" alt=\"\" \/>\t\t\t\t\t\t\t\t<\/a>\n\t\t\t\t\t\t\t\t\t\t\t<figcaption class=\"widget-image-caption wp-caption-text\">T\u00e9l\u00e9charger le pdf<\/figcaption>\n\t\t\t\t\t\t\t\t\t\t<\/figure>\n\t\t\t\t\t\t\t\t\t<\/div>\n\t\t\t\t<\/div>\n\t\t\t\t<\/div>\n\t\t\t\t\t<\/div>\n\t\t\t\t<\/div>\n\t\t\t\t<\/div>\n\t\t","protected":false},"excerpt":{"rendered":"<p>Capofire Ce capot convient \u00e0 la plupart des syst\u00e8mes d&rsquo;extinction d&rsquo;incendie. Nous pr\u00e9parons le capot pour l&rsquo;installation d&rsquo;un syst\u00e8me d&rsquo;extinction d&rsquo;incendie \u00e0 l&rsquo;int\u00e9rieur, mais il est toujours possible d&rsquo;ouvrir l&rsquo;ensemble du capot pour l&rsquo;inspection et l&rsquo;entretien du convoyeur. L&rsquo;installation est rapide et facile. T\u00e9l\u00e9charger le pdf<\/p>\n","protected":false},"author":1,"featured_media":584,"parent":26445,"menu_order":10,"comment_status":"closed","ping_status":"closed","template":"","meta":{"_joinchat":[],"footnotes":""},"tags":[74],"class_list":["post-26423","page","type-page","status-publish","has-post-thumbnail","hentry","tag-modeles-speciaux"],"_links":{"self":[{"href":"https:\/\/www.capotex.com\/fr\/wp-json\/wp\/v2\/pages\/26423","targetHints":{"allow":["GET"]}}],"collection":[{"href":"https:\/\/www.capotex.com\/fr\/wp-json\/wp\/v2\/pages"}],"about":[{"href":"https:\/\/www.capotex.com\/fr\/wp-json\/wp\/v2\/types\/page"}],"author":[{"embeddable":true,"href":"https:\/\/www.capotex.com\/fr\/wp-json\/wp\/v2\/users\/1"}],"replies":[{"embeddable":true,"href":"https:\/\/www.capotex.com\/fr\/wp-json\/wp\/v2\/comments?post=26423"}],"version-history":[{"count":12,"href":"https:\/\/www.capotex.com\/fr\/wp-json\/wp\/v2\/pages\/26423\/revisions"}],"predecessor-version":[{"id":33627,"href":"https:\/\/www.capotex.com\/fr\/wp-json\/wp\/v2\/pages\/26423\/revisions\/33627"}],"up":[{"embeddable":true,"href":"https:\/\/www.capotex.com\/fr\/wp-json\/wp\/v2\/pages\/26445"}],"wp:featuredmedia":[{"embeddable":true,"href":"https:\/\/www.capotex.com\/fr\/wp-json\/wp\/v2\/media\/584"}],"wp:attachment":[{"href":"https:\/\/www.capotex.com\/fr\/wp-json\/wp\/v2\/media?parent=26423"}],"wp:term":[{"taxonomy":"post_tag","embeddable":true,"href":"https:\/\/www.capotex.com\/fr\/wp-json\/wp\/v2\/tags?post=26423"}],"curies":[{"name":"wp","href":"https:\/\/api.w.org\/{rel}","templated":true}]}}