{"id":26424,"date":"2023-05-17T08:41:53","date_gmt":"2023-05-17T07:41:53","guid":{"rendered":"https:\/\/capotex.com\/produits\/modeles-standard\/capoarc\/"},"modified":"2024-09-25T09:17:03","modified_gmt":"2024-09-25T08:17:03","slug":"capoarc","status":"publish","type":"page","link":"https:\/\/www.capotex.com\/fr\/capots-pour-convoyeurs\/couvertures-de-convoyeur\/capoarc\/","title":{"rendered":"Capoarc"},"content":{"rendered":"\t\t<div data-elementor-type=\"wp-page\" data-elementor-id=\"26424\" class=\"elementor elementor-26424 elementor-1961\" data-elementor-post-type=\"page\">\n\t\t\t\t<div class=\"elementor-element elementor-element-a0d17ce e-flex e-con-boxed e-con e-parent\" data-id=\"a0d17ce\" data-element_type=\"container\" data-e-type=\"container\">\n\t\t\t\t\t<div class=\"e-con-inner\">\n\t\t<div class=\"elementor-element elementor-element-44c11b9 e-con-full e-flex e-con e-child\" data-id=\"44c11b9\" data-element_type=\"container\" data-e-type=\"container\">\n\t\t\t\t<div class=\"elementor-element elementor-element-1eda8df elementor-widget elementor-widget-image\" data-id=\"1eda8df\" data-element_type=\"widget\" data-e-type=\"widget\" data-widget_type=\"image.default\">\n\t\t\t\t<div class=\"elementor-widget-container\">\n\t\t\t\t\t\t\t\t\t\t\t\t\t\t\t<img fetchpriority=\"high\" decoding=\"async\" width=\"600\" height=\"329\" src=\"https:\/\/www.capotex.com\/wp-content\/uploads\/2024\/05\/Capots-de-convoyeurs-capoarc.webp\" class=\"attachment-full size-full wp-image-33407\" alt=\"Capots de convoyeurs capoarc\" srcset=\"https:\/\/www.capotex.com\/wp-content\/uploads\/2024\/05\/Capots-de-convoyeurs-capoarc.webp 600w, https:\/\/www.capotex.com\/wp-content\/uploads\/2024\/05\/Capots-de-convoyeurs-capoarc-300x165.webp 300w\" sizes=\"(max-width: 600px) 100vw, 600px\" \/>\t\t\t\t\t\t\t\t\t\t\t\t\t\t\t<\/div>\n\t\t\t\t<\/div>\n\t\t\t\t<\/div>\n\t\t\t\t\t<\/div>\n\t\t\t\t<\/div>\n\t\t<div class=\"elementor-element elementor-element-2d9afae e-flex e-con-boxed e-con e-parent\" data-id=\"2d9afae\" data-element_type=\"container\" data-e-type=\"container\">\n\t\t\t\t\t<div class=\"e-con-inner\">\n\t\t<div class=\"elementor-element elementor-element-702ac48 e-con-full e-flex e-con e-child\" data-id=\"702ac48\" data-element_type=\"container\" data-e-type=\"container\">\n\t\t\t\t<div class=\"elementor-element elementor-element-279ac8f elementor-widget elementor-widget-heading\" data-id=\"279ac8f\" data-element_type=\"widget\" data-e-type=\"widget\" data-widget_type=\"heading.default\">\n\t\t\t\t<div class=\"elementor-widget-container\">\n\t\t\t\t\t<h2 class=\"elementor-heading-title elementor-size-default\">Capoarc (fixe ou \u00e0 charni\u00e8re)<\/h2>\t\t\t\t<\/div>\n\t\t\t\t<\/div>\n\t\t\t\t<div class=\"elementor-element elementor-element-50b6a40 elementor-widget elementor-widget-text-editor\" data-id=\"50b6a40\" data-element_type=\"widget\" data-e-type=\"widget\" data-widget_type=\"text-editor.default\">\n\t\t\t\t<div class=\"elementor-widget-container\">\n\t\t\t\t\t\t\t\t\t<p>Le mod\u00e8le Capoarc est une couverture de type toit qui est install\u00e9e pour couvrir uniquement la <strong>partie sup\u00e9rieure<\/strong> de la bande transporteuse. Il peut \u00eatre fix\u00e9 \u00e0 toute structure existante.<\/p>\n\t\t\t\t\t\t\t\t<\/div>\n\t\t\t\t<\/div>\n\t\t\t\t<div class=\"elementor-element elementor-element-7a4b861 elementor-widget elementor-widget-image\" data-id=\"7a4b861\" data-element_type=\"widget\" data-e-type=\"widget\" data-widget_type=\"image.default\">\n\t\t\t\t<div class=\"elementor-widget-container\">\n\t\t\t\t\t\t\t\t\t\t\t\t<figure class=\"wp-caption\">\n\t\t\t\t\t\t\t\t\t\t\t<a href=\"https:\/\/www.capotex.com\/wp-content\/uploads\/2024\/09\/Capotex-model-Capoarc-FRA.pdf\" target=\"_blank\">\n\t\t\t\t\t\t\t<img decoding=\"async\" width=\"300\" height=\"212\" src=\"https:\/\/www.capotex.com\/wp-content\/uploads\/2023\/05\/Capotex-model-Capoarc-drawings-cover.jpg\" class=\"attachment-full size-full wp-image-850\" alt=\"\" \/>\t\t\t\t\t\t\t\t<\/a>\n\t\t\t\t\t\t\t\t\t\t\t<figcaption class=\"widget-image-caption wp-caption-text\">T\u00e9l\u00e9charger le pdf<\/figcaption>\n\t\t\t\t\t\t\t\t\t\t<\/figure>\n\t\t\t\t\t\t\t\t\t<\/div>\n\t\t\t\t<\/div>\n\t\t\t\t<\/div>\n\t\t\t\t\t<\/div>\n\t\t\t\t<\/div>\n\t\t<div class=\"elementor-element elementor-element-0fbf084 elementor-hidden-mobile e-flex e-con-boxed e-con e-parent\" data-id=\"0fbf084\" data-element_type=\"container\" data-e-type=\"container\">\n\t\t\t\t\t<div class=\"e-con-inner\">\n\t\t<div class=\"elementor-element elementor-element-b405d18 e-con-full e-flex e-con e-child\" data-id=\"b405d18\" data-element_type=\"container\" data-e-type=\"container\">\n\t\t\t\t<div class=\"elementor-element elementor-element-91846a5 elementor-tabs-view-horizontal elementor-widget elementor-widget-tabs\" data-id=\"91846a5\" data-element_type=\"widget\" data-e-type=\"widget\" data-widget_type=\"tabs.default\">\n\t\t\t\t<div class=\"elementor-widget-container\">\n\t\t\t\t\t\t\t<div class=\"elementor-tabs\">\n\t\t\t<div class=\"elementor-tabs-wrapper\" role=\"tablist\" >\n\t\t\t\t\t\t\t\t\t<div id=\"elementor-tab-title-1521\" class=\"elementor-tab-title elementor-tab-desktop-title\" aria-selected=\"true\" data-tab=\"1\" role=\"tab\" tabindex=\"0\" aria-controls=\"elementor-tab-content-1521\" aria-expanded=\"false\">Fixations<\/div>\n\t\t\t\t\t\t\t<\/div>\n\t\t\t<div class=\"elementor-tabs-content-wrapper\" role=\"tablist\" aria-orientation=\"vertical\">\n\t\t\t\t\t\t\t\t\t<div class=\"elementor-tab-title elementor-tab-mobile-title\" aria-selected=\"true\" data-tab=\"1\" role=\"tab\" tabindex=\"0\" aria-controls=\"elementor-tab-content-1521\" aria-expanded=\"false\">Fixations<\/div>\n\t\t\t\t\t<div id=\"elementor-tab-content-1521\" class=\"elementor-tab-content elementor-clearfix\" data-tab=\"1\" role=\"tabpanel\" aria-labelledby=\"elementor-tab-title-1521\" tabindex=\"0\" hidden=\"false\"><table><tbody><tr style=\"background-color: #00678a; color: #f9fafa;\"><th>Mod\u00e8le<\/th><th>Forme de la courbure<\/th><th>Fixation<\/th><th>Photo<\/th><\/tr><tr><td>Capoarc<\/td><td><a href=\"https:\/\/www.capotex.com\/fr\/capots-pour-convoyeurs\/capots-convoyeurs-a-bande\/\">Capoarc<\/a><\/td><td><a href=\"https:\/\/www.capotex.com\/fr\/fixations-pour-capots-pour-convoyeurs\/c5\/\">Vis autotaraudeuse C-5<\/a><\/td><td><a href=\"https:\/\/www.capotex.com\/fr\/produits\/fixations\/vis-autotaradeuses-c5\/\"><img decoding=\"async\" src=\"https:\/\/www.capotex.com\/wp-content\/uploads\/2023\/05\/Capotex-fixings-C5-Self-Drilling-Screw.webp\" width=\"200\" \/><\/a><\/td><\/tr><tr><td>\u00a0<\/td><td>\u00a0<\/td><td><a href=\"https:\/\/www.capotex.com\/fr\/fixations-pour-capots-pour-convoyeurs\/c1\/\">C-1 angle sp\u00e9cial<\/a><\/td><td><a href=\"https:\/\/www.capotex.com\/fr\/produits\/fixations\/charniere-de-verrouillage-c1\/\"><img decoding=\"async\" src=\"https:\/\/www.capotex.com\/wp-content\/uploads\/2023\/05\/Capotex-fixings-C1-Lock-Hinge.webp\" width=\"300\" \/><\/a><\/td><\/tr><tr><td>\u00a0<\/td><td>\u00a0<\/td><td><a href=\"https:\/\/www.capotex.com\/fr\/fixations-pour-capots-pour-convoyeurs\/c9\/\">C-9 Crochet<\/a><\/td><td><a href=\"https:\/\/www.capotex.com\/fr\/produits\/fixations\/crochet-c9\/\"><img decoding=\"async\" src=\"https:\/\/www.capotex.com\/wp-content\/uploads\/2023\/05\/Capotex-fixings-C9-Hook.webp\" width=\"200\" \/><\/a><\/td><\/tr><tr><td>\u00a0<\/td><td>\u00a0<\/td><td><a href=\"https:\/\/www.capotex.com\/fr\/fixations-pour-capots-pour-convoyeurs\/c8\/\">C-8 Crochet ergonomique avec goupille<\/a><\/td><td><a href=\"https:\/\/www.capotex.com\/fr\/produits\/fixations\/crochet-ergonomique-avec-goupille-c8\/\"><img decoding=\"async\" src=\"https:\/\/www.capotex.com\/wp-content\/uploads\/2023\/05\/Capotex-fixings-C8-Ergonomic-Hook-w-Pin.webp\" width=\"150\" \/><\/a><\/td><\/tr><\/tbody><\/table><\/div>\n\t\t\t\t\t\t\t<\/div>\n\t\t<\/div>\n\t\t\t\t\t\t<\/div>\n\t\t\t\t<\/div>\n\t\t\t\t<\/div>\n\t\t\t\t\t<\/div>\n\t\t\t\t<\/div>\n\t\t<div class=\"elementor-element elementor-element-dfa3e3f elementor-hidden-desktop elementor-hidden-tablet e-flex e-con-boxed e-con e-parent\" data-id=\"dfa3e3f\" data-element_type=\"container\" data-e-type=\"container\">\n\t\t\t\t\t<div class=\"e-con-inner\">\n\t\t<div class=\"elementor-element elementor-element-e6a5d75 e-con-full e-flex e-con e-child\" data-id=\"e6a5d75\" data-element_type=\"container\" data-e-type=\"container\">\n\t\t\t\t<div class=\"elementor-element elementor-element-357d661 elementor-tabs-view-horizontal elementor-widget elementor-widget-tabs\" data-id=\"357d661\" data-element_type=\"widget\" data-e-type=\"widget\" data-widget_type=\"tabs.default\">\n\t\t\t\t<div class=\"elementor-widget-container\">\n\t\t\t\t\t\t\t<div class=\"elementor-tabs\">\n\t\t\t<div class=\"elementor-tabs-wrapper\" role=\"tablist\" >\n\t\t\t\t\t\t\t\t\t<div id=\"elementor-tab-title-5601\" class=\"elementor-tab-title elementor-tab-desktop-title\" aria-selected=\"true\" data-tab=\"1\" role=\"tab\" tabindex=\"0\" aria-controls=\"elementor-tab-content-5601\" aria-expanded=\"false\">Fixations<\/div>\n\t\t\t\t\t\t\t<\/div>\n\t\t\t<div class=\"elementor-tabs-content-wrapper\" role=\"tablist\" aria-orientation=\"vertical\">\n\t\t\t\t\t\t\t\t\t<div class=\"elementor-tab-title elementor-tab-mobile-title\" aria-selected=\"true\" data-tab=\"1\" role=\"tab\" tabindex=\"0\" aria-controls=\"elementor-tab-content-5601\" aria-expanded=\"false\">Fixations<\/div>\n\t\t\t\t\t<div id=\"elementor-tab-content-5601\" class=\"elementor-tab-content elementor-clearfix\" data-tab=\"1\" role=\"tabpanel\" aria-labelledby=\"elementor-tab-title-5601\" tabindex=\"0\" hidden=\"false\"><table><tbody><tr style=\"background-color: #00678a; color: #f9fafa;\"><th>Forme de la courbure<\/th><th>Fixation<\/th><\/tr><tr><td><a href=\"https:\/\/www.capotex.com\/fr\/capots-pour-convoyeurs\/capots-convoyeurs-a-bande\/\">Capoarc<\/a><\/td><td><a href=\"https:\/\/www.capotex.com\/fr\/fixations-pour-capots-pour-convoyeurs\/c5\/\">Vis autotaraudeuse C-5<\/a><\/td><\/tr><tr><td>\u00a0<\/td><td><a href=\"https:\/\/www.capotex.com\/fr\/fixations-pour-capots-pour-convoyeurs\/c1\/\">C-1 angle sp\u00e9cial<\/a><\/td><\/tr><tr><td>\u00a0<\/td><td><a href=\"https:\/\/www.capotex.com\/fr\/fixations-pour-capots-pour-convoyeurs\/c9\/\">C-9 Crochet<\/a><\/td><\/tr><tr><td>\u00a0<\/td><td><a href=\"https:\/\/www.capotex.com\/fr\/fixations-pour-capots-pour-convoyeurs\/c8\/\">C-8 Crochet ergonomique avec goupille<\/a><\/td><\/tr><\/tbody><\/table><\/div>\n\t\t\t\t\t\t\t<\/div>\n\t\t<\/div>\n\t\t\t\t\t\t<\/div>\n\t\t\t\t<\/div>\n\t\t\t\t<\/div>\n\t\t\t\t\t<\/div>\n\t\t\t\t<\/div>\n\t\t\t\t<\/div>\n\t\t","protected":false},"excerpt":{"rendered":"<p>Fixe ou \u00e0 charni\u00e8re<\/p>\n","protected":false},"author":1,"featured_media":796,"parent":26301,"menu_order":60,"comment_status":"closed","ping_status":"closed","template":"","meta":{"_joinchat":[],"footnotes":""},"tags":[70],"class_list":["post-26424","page","type-page","status-publish","has-post-thumbnail","hentry","tag-modeles-de-convoyeurs"],"_links":{"self":[{"href":"https:\/\/www.capotex.com\/fr\/wp-json\/wp\/v2\/pages\/26424","targetHints":{"allow":["GET"]}}],"collection":[{"href":"https:\/\/www.capotex.com\/fr\/wp-json\/wp\/v2\/pages"}],"about":[{"href":"https:\/\/www.capotex.com\/fr\/wp-json\/wp\/v2\/types\/page"}],"author":[{"embeddable":true,"href":"https:\/\/www.capotex.com\/fr\/wp-json\/wp\/v2\/users\/1"}],"replies":[{"embeddable":true,"href":"https:\/\/www.capotex.com\/fr\/wp-json\/wp\/v2\/comments?post=26424"}],"version-history":[{"count":28,"href":"https:\/\/www.capotex.com\/fr\/wp-json\/wp\/v2\/pages\/26424\/revisions"}],"predecessor-version":[{"id":36669,"href":"https:\/\/www.capotex.com\/fr\/wp-json\/wp\/v2\/pages\/26424\/revisions\/36669"}],"up":[{"embeddable":true,"href":"https:\/\/www.capotex.com\/fr\/wp-json\/wp\/v2\/pages\/26301"}],"wp:featuredmedia":[{"embeddable":true,"href":"https:\/\/www.capotex.com\/fr\/wp-json\/wp\/v2\/media\/796"}],"wp:attachment":[{"href":"https:\/\/www.capotex.com\/fr\/wp-json\/wp\/v2\/media?parent=26424"}],"wp:term":[{"taxonomy":"post_tag","embeddable":true,"href":"https:\/\/www.capotex.com\/fr\/wp-json\/wp\/v2\/tags?post=26424"}],"curies":[{"name":"wp","href":"https:\/\/api.w.org\/{rel}","templated":true}]}}