{"id":26490,"date":"2023-05-18T06:45:37","date_gmt":"2023-05-18T05:45:37","guid":{"rendered":"https:\/\/capotex.com\/produits\/emballage-et-logistique\/"},"modified":"2025-01-13T14:11:43","modified_gmt":"2025-01-13T13:11:43","slug":"emballage-et-logistique","status":"publish","type":"page","link":"https:\/\/www.capotex.com\/fr\/capots-pour-convoyeurs\/emballage-et-logistique\/","title":{"rendered":"Emballage et logistique"},"content":{"rendered":"\t\t<div data-elementor-type=\"wp-page\" data-elementor-id=\"26490\" class=\"elementor elementor-26490 elementor-2238\" data-elementor-post-type=\"page\">\n\t\t\t\t<div class=\"elementor-element elementor-element-9c83e44 e-flex e-con-boxed e-con e-parent\" data-id=\"9c83e44\" data-element_type=\"container\" data-e-type=\"container\">\n\t\t\t\t\t<div class=\"e-con-inner\">\n\t\t<div class=\"elementor-element elementor-element-ee13261 e-con-full e-flex e-con e-child\" data-id=\"ee13261\" data-element_type=\"container\" data-e-type=\"container\">\n\t\t\t\t<\/div>\n\t\t\t\t\t<\/div>\n\t\t\t\t<\/div>\n\t\t<div class=\"elementor-element elementor-element-6ef99ff e-flex e-con-boxed e-con e-parent\" data-id=\"6ef99ff\" data-element_type=\"container\" data-e-type=\"container\">\n\t\t\t\t\t<div class=\"e-con-inner\">\n\t\t<div class=\"elementor-element elementor-element-0c35463 e-con-full e-flex e-con e-child\" data-id=\"0c35463\" data-element_type=\"container\" data-e-type=\"container\">\n\t\t\t\t<div class=\"elementor-element elementor-element-5ebf887 elementor-widget elementor-widget-heading\" data-id=\"5ebf887\" data-element_type=\"widget\" data-e-type=\"widget\" data-widget_type=\"heading.default\">\n\t\t\t\t<div class=\"elementor-widget-container\">\n\t\t\t\t\t<h2 class=\"elementor-heading-title elementor-size-default\">Emballage et logistique<\/h2>\t\t\t\t<\/div>\n\t\t\t\t<\/div>\n\t\t\t\t<\/div>\n\t\t\t\t\t<\/div>\n\t\t\t\t<\/div>\n\t\t<div class=\"elementor-element elementor-element-3cfea97 e-flex e-con-boxed e-con e-parent\" data-id=\"3cfea97\" data-element_type=\"container\" data-e-type=\"container\">\n\t\t\t\t\t<div class=\"e-con-inner\">\n\t\t<div class=\"elementor-element elementor-element-91e95b0 e-con-full e-flex e-con e-child\" data-id=\"91e95b0\" data-element_type=\"container\" data-e-type=\"container\" data-settings=\"{&quot;background_background&quot;:&quot;classic&quot;}\">\n\t\t\t\t<div class=\"elementor-element elementor-element-8e5fa64 elementor-widget elementor-widget-heading\" data-id=\"8e5fa64\" data-element_type=\"widget\" data-e-type=\"widget\" data-widget_type=\"heading.default\">\n\t\t\t\t<div class=\"elementor-widget-container\">\n\t\t\t\t\t<h2 class=\"elementor-heading-title elementor-size-default\">Emballage<\/h2>\t\t\t\t<\/div>\n\t\t\t\t<\/div>\n\t\t\t\t<div class=\"elementor-element elementor-element-247f587 elementor-widget elementor-widget-image\" data-id=\"247f587\" data-element_type=\"widget\" data-e-type=\"widget\" data-widget_type=\"image.default\">\n\t\t\t\t<div class=\"elementor-widget-container\">\n\t\t\t\t\t\t\t\t\t\t\t\t\t\t\t<img fetchpriority=\"high\" decoding=\"async\" width=\"480\" height=\"359\" src=\"https:\/\/www.capotex.com\/wp-content\/uploads\/2023\/05\/Conveyor-belt-covers-packaging.webp\" class=\"attachment-full size-full wp-image-2241\" alt=\"Conveyor belt covers packaging\" srcset=\"https:\/\/www.capotex.com\/wp-content\/uploads\/2023\/05\/Conveyor-belt-covers-packaging.webp 480w, https:\/\/www.capotex.com\/wp-content\/uploads\/2023\/05\/Conveyor-belt-covers-packaging-300x224.webp 300w\" sizes=\"(max-width: 480px) 100vw, 480px\" \/>\t\t\t\t\t\t\t\t\t\t\t\t\t\t\t<\/div>\n\t\t\t\t<\/div>\n\t\t\t\t<div class=\"elementor-element elementor-element-bd71962 elementor-widget elementor-widget-text-editor\" data-id=\"bd71962\" data-element_type=\"widget\" data-e-type=\"widget\" data-widget_type=\"text-editor.default\">\n\t\t\t\t<div class=\"elementor-widget-container\">\n\t\t\t\t\t\t\t\t\t<p>Emballement des capots: Nous pr\u00e9parons et exp\u00e9dions nos housses par voie terrestre, maritime et a\u00e9rienne. Nous travaillons avec des transporteurs qui adh\u00e8rent \u00e0 100 % \u00e0 notre philosophie de service \u00e0 la client\u00e8le et au respect scrupuleux des d\u00e9lais de livraison et de l&rsquo;information en temps r\u00e9el sur l&rsquo;\u00e9tat de la commande.<\/p>\n<p>En fonction des besoins de chaque client, nous emballons sur des palettes, des cages, des bo\u00eetes ferm\u00e9es ou des emballages sp\u00e9ciaux si le projet l&rsquo;exige.<\/p>\n<p><strong>Tous les emballages de nos hottes sont conformes \u00e0 la norme ISPM 15 (International Standards For Phytosanitary Measures).<\/strong><\/p>\n\t\t\t\t\t\t\t\t<\/div>\n\t\t\t\t<\/div>\n\t\t\t\t<\/div>\n\t\t<div class=\"elementor-element elementor-element-402a91f e-con-full e-flex e-con e-child\" data-id=\"402a91f\" data-element_type=\"container\" data-e-type=\"container\" data-settings=\"{&quot;background_background&quot;:&quot;classic&quot;}\">\n\t\t\t\t<div class=\"elementor-element elementor-element-c2701f1 elementor-widget elementor-widget-heading\" data-id=\"c2701f1\" data-element_type=\"widget\" data-e-type=\"widget\" data-widget_type=\"heading.default\">\n\t\t\t\t<div class=\"elementor-widget-container\">\n\t\t\t\t\t<h2 class=\"elementor-heading-title elementor-size-default\">Logistique<\/h2>\t\t\t\t<\/div>\n\t\t\t\t<\/div>\n\t\t\t\t<div class=\"elementor-element elementor-element-8b16581 elementor-widget elementor-widget-image\" data-id=\"8b16581\" data-element_type=\"widget\" data-e-type=\"widget\" data-widget_type=\"image.default\">\n\t\t\t\t<div class=\"elementor-widget-container\">\n\t\t\t\t\t\t\t\t\t\t\t\t\t\t\t<img decoding=\"async\" width=\"1600\" height=\"900\" src=\"https:\/\/www.capotex.com\/wp-content\/uploads\/2023\/05\/Conveyor-belt-covers-logistics.webp\" class=\"attachment-full size-full wp-image-2248\" alt=\"Conveyor belt covers logistics\" srcset=\"https:\/\/www.capotex.com\/wp-content\/uploads\/2023\/05\/Conveyor-belt-covers-logistics.webp 1600w, https:\/\/www.capotex.com\/wp-content\/uploads\/2023\/05\/Conveyor-belt-covers-logistics-300x169.webp 300w, https:\/\/www.capotex.com\/wp-content\/uploads\/2023\/05\/Conveyor-belt-covers-logistics-1024x576.webp 1024w, https:\/\/www.capotex.com\/wp-content\/uploads\/2023\/05\/Conveyor-belt-covers-logistics-768x432.webp 768w, https:\/\/www.capotex.com\/wp-content\/uploads\/2023\/05\/Conveyor-belt-covers-logistics-1536x864.webp 1536w\" sizes=\"(max-width: 1600px) 100vw, 1600px\" \/>\t\t\t\t\t\t\t\t\t\t\t\t\t\t\t<\/div>\n\t\t\t\t<\/div>\n\t\t\t\t<div class=\"elementor-element elementor-element-3503b6f elementor-widget elementor-widget-text-editor\" data-id=\"3503b6f\" data-element_type=\"widget\" data-e-type=\"widget\" data-widget_type=\"text-editor.default\">\n\t\t\t\t<div class=\"elementor-widget-container\">\n\t\t\t\t\t\t\t\t\t<p>Chez Capotex, avec <strong>plus de 25 ans d&rsquo;exp\u00e9rience dans la fourniture mondiale<\/strong> de couvertures de bandes transporteuses, nous comprenons l&rsquo;importance d&rsquo;une logistique efficace et d&rsquo;un emballage appropri\u00e9 pour garantir que nos produits arrivent dans des conditions optimales n&rsquo;importe o\u00f9 dans le monde.<\/p>\n<p>Nous travaillons en \u00e9troite collaboration avec des fournisseurs de transport qui adh\u00e8rent \u00e0 notre philosophie de service \u00e0 la client\u00e8le, en veillant \u00e0 ce que les d\u00e9lais de livraison soient respect\u00e9s et en fournissant des informations en temps r\u00e9el sur l&rsquo;\u00e9tat d&rsquo;avancement des commandes. Notre <strong>exp\u00e9rience et notre d\u00e9vouement<\/strong> nous permettent d&rsquo;offrir des solutions logistiques personnalis\u00e9es qui garantissent la satisfaction du client \u00e0 chaque envoi.<\/p>\n<p>Chez Capotex, nous nous effor\u00e7ons de fournir un service logistique complet qui soutient la qualit\u00e9 de nos produits et la confiance de nos clients dans <strong>le monde entier<\/strong>.<\/p>\n\t\t\t\t\t\t\t\t<\/div>\n\t\t\t\t<\/div>\n\t\t\t\t<\/div>\n\t\t\t\t\t<\/div>\n\t\t\t\t<\/div>\n\t\t\t\t<\/div>\n\t\t","protected":false},"excerpt":{"rendered":"<p>Emballage et logistique Emballage Emballement des capots: Nous pr\u00e9parons et exp\u00e9dions nos housses par voie terrestre, maritime et a\u00e9rienne. Nous travaillons avec des transporteurs qui adh\u00e8rent \u00e0 100 % \u00e0 notre philosophie de service \u00e0 la client\u00e8le et au respect scrupuleux des d\u00e9lais de livraison et de l&rsquo;information en temps r\u00e9el sur l&rsquo;\u00e9tat de la [&hellip;]<\/p>\n","protected":false},"author":1,"featured_media":2256,"parent":26208,"menu_order":80,"comment_status":"closed","ping_status":"closed","template":"","meta":{"_joinchat":[],"footnotes":""},"tags":[68],"class_list":["post-26490","page","type-page","status-publish","has-post-thumbnail","hentry","tag-capotexproduits"],"_links":{"self":[{"href":"https:\/\/www.capotex.com\/fr\/wp-json\/wp\/v2\/pages\/26490","targetHints":{"allow":["GET"]}}],"collection":[{"href":"https:\/\/www.capotex.com\/fr\/wp-json\/wp\/v2\/pages"}],"about":[{"href":"https:\/\/www.capotex.com\/fr\/wp-json\/wp\/v2\/types\/page"}],"author":[{"embeddable":true,"href":"https:\/\/www.capotex.com\/fr\/wp-json\/wp\/v2\/users\/1"}],"replies":[{"embeddable":true,"href":"https:\/\/www.capotex.com\/fr\/wp-json\/wp\/v2\/comments?post=26490"}],"version-history":[{"count":9,"href":"https:\/\/www.capotex.com\/fr\/wp-json\/wp\/v2\/pages\/26490\/revisions"}],"predecessor-version":[{"id":36802,"href":"https:\/\/www.capotex.com\/fr\/wp-json\/wp\/v2\/pages\/26490\/revisions\/36802"}],"up":[{"embeddable":true,"href":"https:\/\/www.capotex.com\/fr\/wp-json\/wp\/v2\/pages\/26208"}],"wp:featuredmedia":[{"embeddable":true,"href":"https:\/\/www.capotex.com\/fr\/wp-json\/wp\/v2\/media\/2256"}],"wp:attachment":[{"href":"https:\/\/www.capotex.com\/fr\/wp-json\/wp\/v2\/media?parent=26490"}],"wp:term":[{"taxonomy":"post_tag","embeddable":true,"href":"https:\/\/www.capotex.com\/fr\/wp-json\/wp\/v2\/tags?post=26490"}],"curies":[{"name":"wp","href":"https:\/\/api.w.org\/{rel}","templated":true}]}}