{"id":26512,"date":"2023-07-02T13:52:48","date_gmt":"2023-07-02T12:52:48","guid":{"rendered":"https:\/\/capotex.com\/produits\/fixations\/c-1-charniere-de-verrouillage\/"},"modified":"2025-02-04T11:49:16","modified_gmt":"2025-02-04T10:49:16","slug":"c1","status":"publish","type":"page","link":"https:\/\/www.capotex.com\/fr\/fixations-pour-capots-pour-convoyeurs\/c1\/","title":{"rendered":"C-1 Charni\u00e8re de verrouillage"},"content":{"rendered":"\t\t<div data-elementor-type=\"wp-page\" data-elementor-id=\"26512\" class=\"elementor elementor-26512 elementor-25144\" data-elementor-post-type=\"page\">\n\t\t\t\t<div class=\"elementor-element elementor-element-c29f903 e-flex e-con-boxed e-con e-parent\" data-id=\"c29f903\" data-element_type=\"container\" data-e-type=\"container\">\n\t\t\t\t\t<div class=\"e-con-inner\">\n\t\t<div class=\"elementor-element elementor-element-4fd32e4 e-con-full e-flex e-con e-child\" data-id=\"4fd32e4\" data-element_type=\"container\" data-e-type=\"container\">\n\t\t\t\t<div class=\"elementor-element elementor-element-65fd4fd elementor-widget elementor-widget-image\" data-id=\"65fd4fd\" data-element_type=\"widget\" data-e-type=\"widget\" data-widget_type=\"image.default\">\n\t\t\t\t<div class=\"elementor-widget-container\">\n\t\t\t\t\t\t\t\t\t\t\t\t\t\t\t<img fetchpriority=\"high\" decoding=\"async\" width=\"695\" height=\"391\" src=\"https:\/\/www.capotex.com\/wp-content\/uploads\/2024\/06\/Charniere-de-verrouillage-de-convoyeur-a-bande.webp\" class=\"attachment-full size-full wp-image-34474\" alt=\"Charni\u00e8re de verrouillage de convoyeur \u00e0 bande\" srcset=\"https:\/\/www.capotex.com\/wp-content\/uploads\/2024\/06\/Charniere-de-verrouillage-de-convoyeur-a-bande.webp 695w, https:\/\/www.capotex.com\/wp-content\/uploads\/2024\/06\/Charniere-de-verrouillage-de-convoyeur-a-bande-300x169.webp 300w\" sizes=\"(max-width: 695px) 100vw, 695px\" \/>\t\t\t\t\t\t\t\t\t\t\t\t\t\t\t<\/div>\n\t\t\t\t<\/div>\n\t\t\t\t<\/div>\n\t\t\t\t\t<\/div>\n\t\t\t\t<\/div>\n\t\t<div class=\"elementor-element elementor-element-b843259 e-flex e-con-boxed e-con e-parent\" data-id=\"b843259\" data-element_type=\"container\" data-e-type=\"container\">\n\t\t\t\t\t<div class=\"e-con-inner\">\n\t\t<div class=\"elementor-element elementor-element-aea3202 e-con-full e-flex e-con e-child\" data-id=\"aea3202\" data-element_type=\"container\" data-e-type=\"container\">\n\t\t\t\t<div class=\"elementor-element elementor-element-cfe29fb elementor-widget elementor-widget-heading\" data-id=\"cfe29fb\" data-element_type=\"widget\" data-e-type=\"widget\" data-widget_type=\"heading.default\">\n\t\t\t\t<div class=\"elementor-widget-container\">\n\t\t\t\t\t<h2 class=\"elementor-heading-title elementor-size-default\">Charni\u00e8re de verrouillage de convoyeur \u00e0 bande - C-1<\/h2>\t\t\t\t<\/div>\n\t\t\t\t<\/div>\n\t\t\t\t<div class=\"elementor-element elementor-element-bec0767 elementor-widget elementor-widget-text-editor\" data-id=\"bec0767\" data-element_type=\"widget\" data-e-type=\"widget\" data-widget_type=\"text-editor.default\">\n\t\t\t\t<div class=\"elementor-widget-container\">\n\t\t\t\t\t\t\t\t\t<p><strong>Capotex C-1 FIXATION \/ CHARNI\u00c8RE avec corni\u00e8re en acier<\/strong>: Notre corni\u00e8re en acier galvanis\u00e9 pr\u00e9-perc\u00e9e est fix\u00e9e \u00e0 la structure du convoyeur \u00e0 l&rsquo;aide de deux vis autotaradeuses de haute qualit\u00e9 (incluses). Ces vis percent facilement jusqu&rsquo;\u00e0 12 mm. (0.50 in.) de la structure en acier. Nos corni\u00e8res en acier peuvent \u00e9galement \u00eatre fix\u00e9es \u00e0 l&rsquo;aide d&rsquo;attaches \u00e0 poudre, ce qui r\u00e9duit consid\u00e9rablement le temps d&rsquo;installation.<\/p>\t\t\t\t\t\t\t\t<\/div>\n\t\t\t\t<\/div>\n\t\t\t\t<\/div>\n\t\t\t\t\t<\/div>\n\t\t\t\t<\/div>\n\t\t<div class=\"elementor-element elementor-element-1f0613f e-flex e-con-boxed e-con e-parent\" data-id=\"1f0613f\" data-element_type=\"container\" data-e-type=\"container\">\n\t\t\t\t\t<div class=\"e-con-inner\">\n\t\t<div class=\"elementor-element elementor-element-745cee0 e-con-full e-flex e-con e-child\" data-id=\"745cee0\" data-element_type=\"container\" data-e-type=\"container\">\n\t\t\t\t<div class=\"elementor-element elementor-element-eaba4d0 elementor-tabs-view-horizontal elementor-widget elementor-widget-tabs\" data-id=\"eaba4d0\" data-element_type=\"widget\" data-e-type=\"widget\" data-widget_type=\"tabs.default\">\n\t\t\t\t<div class=\"elementor-widget-container\">\n\t\t\t\t\t\t\t<div class=\"elementor-tabs\">\n\t\t\t<div class=\"elementor-tabs-wrapper\" role=\"tablist\" >\n\t\t\t\t\t\t\t\t\t<div id=\"elementor-tab-title-2461\" class=\"elementor-tab-title elementor-tab-desktop-title\" aria-selected=\"true\" data-tab=\"1\" role=\"tab\" tabindex=\"0\" aria-controls=\"elementor-tab-content-2461\" aria-expanded=\"false\">Caract\u00e9ristiques<\/div>\n\t\t\t\t\t\t\t<\/div>\n\t\t\t<div class=\"elementor-tabs-content-wrapper\" role=\"tablist\" aria-orientation=\"vertical\">\n\t\t\t\t\t\t\t\t\t<div class=\"elementor-tab-title elementor-tab-mobile-title\" aria-selected=\"true\" data-tab=\"1\" role=\"tab\" tabindex=\"0\" aria-controls=\"elementor-tab-content-2461\" aria-expanded=\"false\">Caract\u00e9ristiques<\/div>\n\t\t\t\t\t<div id=\"elementor-tab-content-2461\" class=\"elementor-tab-content elementor-clearfix\" data-tab=\"1\" role=\"tabpanel\" aria-labelledby=\"elementor-tab-title-2461\" tabindex=\"0\" hidden=\"false\"><p><strong>Capotex C-1 FIXATION \/ CHARNI\u00c8RE avec plaque d&rsquo;acier<\/strong>: Notre plaque d&rsquo;acier est soud\u00e9e directement sur la structure du convoyeur. Sauf demande contraire, la t\u00f4le d&rsquo;acier n&rsquo;est pas galvanis\u00e9e afin d&rsquo;\u00e9viter les \u00e9missions dangereuses pendant le processus de soudage.<\/p><p><strong>C-1 FIXATION \/ CHARNI\u00c8RE avec \u00e9crou \u00e0 ailettes<\/strong>: L&rsquo;\u00e9crou \u00e0 oreilles permet de d\u00e9bloquer manuellement les fixations.<\/p><p><strong>C-1 FIXATION \/ CHARNI\u00c8RE avec plaque en U \u00e0 pression<\/strong>: Con\u00e7u pour \u00e9viter tout per\u00e7age ou soudage sur la structure du convoyeur. Uniquement disponible pour les profils U (UPN).<\/p><p><strong>C-1 sur mesure<\/strong>: Nous adaptons notre C-1 FIXATION \/ CHARNI\u00c8RE \u00e0 toute structure de convoyeur en modifiant sa forme.<\/p><\/div>\n\t\t\t\t\t\t\t<\/div>\n\t\t<\/div>\n\t\t\t\t\t\t<\/div>\n\t\t\t\t<\/div>\n\t\t\t\t<\/div>\n\t\t\t\t\t<\/div>\n\t\t\t\t<\/div>\n\t\t\t\t<\/div>\n\t\t","protected":false},"excerpt":{"rendered":"<p>Charni\u00e8re de verrouillage de convoyeur \u00e0 bande &#8211; C-1 Capotex C-1 FIXATION \/ CHARNI\u00c8RE avec corni\u00e8re en acier: Notre corni\u00e8re en acier galvanis\u00e9 pr\u00e9-perc\u00e9e est fix\u00e9e \u00e0 la structure du convoyeur \u00e0 l&rsquo;aide de deux vis autotaradeuses de haute qualit\u00e9 (incluses). Ces vis percent facilement jusqu&rsquo;\u00e0 12 mm. (0.50 in.) de la structure en acier. [&hellip;]<\/p>\n","protected":false},"author":1,"featured_media":931,"parent":26495,"menu_order":1,"comment_status":"closed","ping_status":"closed","template":"","meta":{"_joinchat":[],"footnotes":""},"tags":[76],"class_list":["post-26512","page","type-page","status-publish","has-post-thumbnail","hentry","tag-fixations"],"_links":{"self":[{"href":"https:\/\/www.capotex.com\/fr\/wp-json\/wp\/v2\/pages\/26512","targetHints":{"allow":["GET"]}}],"collection":[{"href":"https:\/\/www.capotex.com\/fr\/wp-json\/wp\/v2\/pages"}],"about":[{"href":"https:\/\/www.capotex.com\/fr\/wp-json\/wp\/v2\/types\/page"}],"author":[{"embeddable":true,"href":"https:\/\/www.capotex.com\/fr\/wp-json\/wp\/v2\/users\/1"}],"replies":[{"embeddable":true,"href":"https:\/\/www.capotex.com\/fr\/wp-json\/wp\/v2\/comments?post=26512"}],"version-history":[{"count":19,"href":"https:\/\/www.capotex.com\/fr\/wp-json\/wp\/v2\/pages\/26512\/revisions"}],"predecessor-version":[{"id":37025,"href":"https:\/\/www.capotex.com\/fr\/wp-json\/wp\/v2\/pages\/26512\/revisions\/37025"}],"up":[{"embeddable":true,"href":"https:\/\/www.capotex.com\/fr\/wp-json\/wp\/v2\/pages\/26495"}],"wp:featuredmedia":[{"embeddable":true,"href":"https:\/\/www.capotex.com\/fr\/wp-json\/wp\/v2\/media\/931"}],"wp:attachment":[{"href":"https:\/\/www.capotex.com\/fr\/wp-json\/wp\/v2\/media?parent=26512"}],"wp:term":[{"taxonomy":"post_tag","embeddable":true,"href":"https:\/\/www.capotex.com\/fr\/wp-json\/wp\/v2\/tags?post=26512"}],"curies":[{"name":"wp","href":"https:\/\/api.w.org\/{rel}","templated":true}]}}