{"id":26519,"date":"2023-07-04T08:21:33","date_gmt":"2023-07-04T07:21:33","guid":{"rendered":"https:\/\/capotex.com\/merci-de-votre-attention\/"},"modified":"2023-08-01T10:28:25","modified_gmt":"2023-08-01T09:28:25","slug":"merci-de-votre-attention","status":"publish","type":"page","link":"https:\/\/www.capotex.com\/fr\/merci-de-votre-attention\/","title":{"rendered":"Merci de votre attention."},"content":{"rendered":"\t\t<div data-elementor-type=\"wp-page\" data-elementor-id=\"26519\" class=\"elementor elementor-26519 elementor-25333\" data-elementor-post-type=\"page\">\n\t\t\t\t<div class=\"elementor-element elementor-element-24bab5b e-con-full e-flex e-con e-parent\" data-id=\"24bab5b\" data-element_type=\"container\" data-e-type=\"container\" data-settings=\"{&quot;background_background&quot;:&quot;classic&quot;}\">\n\t\t\t\t<div class=\"elementor-element elementor-element-2ace370 elementor-widget elementor-widget-heading\" data-id=\"2ace370\" data-element_type=\"widget\" data-e-type=\"widget\" data-widget_type=\"heading.default\">\n\t\t\t\t<div class=\"elementor-widget-container\">\n\t\t\t\t\t<h2 class=\"elementor-heading-title elementor-size-default\">Merci de votre attention !<\/h2>\t\t\t\t<\/div>\n\t\t\t\t<\/div>\n\t\t\t\t<div class=\"elementor-element elementor-element-46e76cf elementor-widget elementor-widget-text-editor\" data-id=\"46e76cf\" data-element_type=\"widget\" data-e-type=\"widget\" data-widget_type=\"text-editor.default\">\n\t\t\t\t<div class=\"elementor-widget-container\">\n\t\t\t\t\t\t\t\t\t<p>Nous vous r\u00e9pondrons dans les plus brefs d\u00e9lais.<\/p>\n<p>Vous pouvez \u00e9galement nous t\u00e9l\u00e9phoner au <span style=\"color: #ffffff;\"><br \/>\n  <a style=\"color: #ffffff;\" href=\"tel:+34%20916%20347%20192\">+34 916 347 192<\/a><br \/>\n<\/span>ou continuer \u00e0 naviguer :<\/p>\n\t\t\t\t\t\t\t\t<\/div>\n\t\t\t\t<\/div>\n\t\t\t\t<div class=\"elementor-element elementor-element-5ed641f elementor-nav-menu__align-center elementor-nav-menu--dropdown-none elementor-widget elementor-widget-nav-menu\" data-id=\"5ed641f\" data-element_type=\"widget\" data-e-type=\"widget\" data-settings=\"{&quot;layout&quot;:&quot;horizontal&quot;,&quot;submenu_icon&quot;:{&quot;value&quot;:&quot;&lt;i class=\\&quot;fas fa-caret-down\\&quot; aria-hidden=\\&quot;true\\&quot;&gt;&lt;\\\/i&gt;&quot;,&quot;library&quot;:&quot;fa-solid&quot;}}\" data-widget_type=\"nav-menu.default\">\n\t\t\t\t<div class=\"elementor-widget-container\">\n\t\t\t\t\t\t\t\t<nav aria-label=\"Menu\" class=\"elementor-nav-menu--main elementor-nav-menu__container elementor-nav-menu--layout-horizontal e--pointer-underline e--animation-fade\">\n\t\t\t\t<ul id=\"menu-1-5ed641f\" class=\"elementor-nav-menu\"><li class=\"menu-item menu-item-type-post_type menu-item-object-page menu-item-has-children menu-item-26779\"><a href=\"https:\/\/www.capotex.com\/fr\/capots-pour-convoyeurs\/\" class=\"elementor-item\">Produits<\/a>\n<ul class=\"sub-menu elementor-nav-menu--dropdown\">\n\t<li class=\"menu-item menu-item-type-post_type menu-item-object-page menu-item-26780\"><a href=\"https:\/\/www.capotex.com\/fr\/capots-pour-convoyeurs\/couvertures-de-convoyeur\/\" class=\"elementor-sub-item\">Mod\u00e8les standard<\/a><\/li>\n\t<li class=\"menu-item menu-item-type-post_type menu-item-object-page menu-item-26781\"><a href=\"https:\/\/www.capotex.com\/fr\/capots-pour-convoyeurs\/capots-de-convoyeur\/\" class=\"elementor-sub-item\">Mod\u00e8les sp\u00e9ciaux<\/a><\/li>\n\t<li class=\"menu-item menu-item-type-post_type menu-item-object-page menu-item-26782\"><a href=\"https:\/\/www.capotex.com\/fr\/capots-pour-convoyeurs\/capots-convoyeurs-a-bande\/\" class=\"elementor-sub-item\">Formes de courbure<\/a><\/li>\n\t<li class=\"menu-item menu-item-type-post_type menu-item-object-page menu-item-26783\"><a href=\"https:\/\/www.capotex.com\/fr\/capots-pour-convoyeurs\/capots-de-convoyeurs\/\" class=\"elementor-sub-item\">Mat\u00e9riaux<\/a><\/li>\n\t<li class=\"menu-item menu-item-type-post_type menu-item-object-page menu-item-26784\"><a href=\"https:\/\/www.capotex.com\/fr\/protections-laterales-pour-convoyeurs\/\" class=\"elementor-sub-item\">Protections lat\u00e9rales<\/a><\/li>\n\t<li class=\"menu-item menu-item-type-post_type menu-item-object-page menu-item-26785\"><a href=\"https:\/\/www.capotex.com\/fr\/capots-pour-convoyeurs\/accessoires-pour-convoyeurs-a-bande\/\" class=\"elementor-sub-item\">Accessoires<\/a><\/li>\n\t<li class=\"menu-item menu-item-type-post_type menu-item-object-page menu-item-26786\"><a href=\"https:\/\/www.capotex.com\/fr\/fixations-pour-capots-pour-convoyeurs\/\" class=\"elementor-sub-item\">Fixations<\/a><\/li>\n\t<li class=\"menu-item menu-item-type-post_type menu-item-object-page menu-item-26787\"><a href=\"https:\/\/www.capotex.com\/fr\/capots-pour-convoyeurs\/emballage-et-logistique\/\" class=\"elementor-sub-item\">Emballage et logistique<\/a><\/li>\n<\/ul>\n<\/li>\n<li class=\"menu-item menu-item-type-post_type menu-item-object-page menu-item-26788\"><a href=\"https:\/\/www.capotex.com\/fr\/pourquoi-les-bandes-transporteuses-doivent-elles-etre-couvertes\/\" class=\"elementor-item\">Pourquoi couvrir?<\/a><\/li>\n<li class=\"menu-item menu-item-type-post_type menu-item-object-page menu-item-26789\"><a href=\"https:\/\/www.capotex.com\/fr\/pour-une-planete-plus-propre\/\" class=\"elementor-item\">Eco<\/a><\/li>\n<li class=\"menu-item menu-item-type-post_type menu-item-object-page menu-item-26790\"><a href=\"https:\/\/www.capotex.com\/fr\/galerie\/\" class=\"elementor-item\">Galerie<\/a><\/li>\n<li class=\"menu-item menu-item-type-post_type menu-item-object-page menu-item-26791\"><a href=\"https:\/\/www.capotex.com\/fr\/projets-capots-pour-convoyeurs\/\" class=\"elementor-item\">Projets<\/a><\/li>\n<li class=\"menu-item menu-item-type-post_type menu-item-object-page menu-item-26792\"><a href=\"https:\/\/www.capotex.com\/fr\/a-propos-de-nous\/\" class=\"elementor-item\">A propos de nous<\/a><\/li>\n<li class=\"menu-item menu-item-type-post_type menu-item-object-page menu-item-26793\"><a href=\"https:\/\/www.capotex.com\/fr\/blog-et-nouvelles\/\" class=\"elementor-item\">Blog et nouvelles<\/a><\/li>\n<li class=\"menu-item menu-item-type-post_type menu-item-object-page menu-item-26794\"><a href=\"https:\/\/www.capotex.com\/fr\/nous-contacter\/\" class=\"elementor-item\">Nous contacter<\/a><\/li>\n<\/ul>\t\t\t<\/nav>\n\t\t\t\t\t\t<nav class=\"elementor-nav-menu--dropdown elementor-nav-menu__container\" aria-hidden=\"true\">\n\t\t\t\t<ul id=\"menu-2-5ed641f\" class=\"elementor-nav-menu\"><li class=\"menu-item menu-item-type-post_type menu-item-object-page menu-item-has-children menu-item-26779\"><a href=\"https:\/\/www.capotex.com\/fr\/capots-pour-convoyeurs\/\" class=\"elementor-item\" tabindex=\"-1\">Produits<\/a>\n<ul class=\"sub-menu elementor-nav-menu--dropdown\">\n\t<li class=\"menu-item menu-item-type-post_type menu-item-object-page menu-item-26780\"><a href=\"https:\/\/www.capotex.com\/fr\/capots-pour-convoyeurs\/couvertures-de-convoyeur\/\" class=\"elementor-sub-item\" tabindex=\"-1\">Mod\u00e8les standard<\/a><\/li>\n\t<li class=\"menu-item menu-item-type-post_type menu-item-object-page menu-item-26781\"><a href=\"https:\/\/www.capotex.com\/fr\/capots-pour-convoyeurs\/capots-de-convoyeur\/\" class=\"elementor-sub-item\" tabindex=\"-1\">Mod\u00e8les sp\u00e9ciaux<\/a><\/li>\n\t<li class=\"menu-item menu-item-type-post_type menu-item-object-page menu-item-26782\"><a href=\"https:\/\/www.capotex.com\/fr\/capots-pour-convoyeurs\/capots-convoyeurs-a-bande\/\" class=\"elementor-sub-item\" tabindex=\"-1\">Formes de courbure<\/a><\/li>\n\t<li class=\"menu-item menu-item-type-post_type menu-item-object-page menu-item-26783\"><a href=\"https:\/\/www.capotex.com\/fr\/capots-pour-convoyeurs\/capots-de-convoyeurs\/\" class=\"elementor-sub-item\" tabindex=\"-1\">Mat\u00e9riaux<\/a><\/li>\n\t<li class=\"menu-item menu-item-type-post_type menu-item-object-page menu-item-26784\"><a href=\"https:\/\/www.capotex.com\/fr\/protections-laterales-pour-convoyeurs\/\" class=\"elementor-sub-item\" tabindex=\"-1\">Protections lat\u00e9rales<\/a><\/li>\n\t<li class=\"menu-item menu-item-type-post_type menu-item-object-page menu-item-26785\"><a href=\"https:\/\/www.capotex.com\/fr\/capots-pour-convoyeurs\/accessoires-pour-convoyeurs-a-bande\/\" class=\"elementor-sub-item\" tabindex=\"-1\">Accessoires<\/a><\/li>\n\t<li class=\"menu-item menu-item-type-post_type menu-item-object-page menu-item-26786\"><a href=\"https:\/\/www.capotex.com\/fr\/fixations-pour-capots-pour-convoyeurs\/\" class=\"elementor-sub-item\" tabindex=\"-1\">Fixations<\/a><\/li>\n\t<li class=\"menu-item menu-item-type-post_type menu-item-object-page menu-item-26787\"><a href=\"https:\/\/www.capotex.com\/fr\/capots-pour-convoyeurs\/emballage-et-logistique\/\" class=\"elementor-sub-item\" tabindex=\"-1\">Emballage et logistique<\/a><\/li>\n<\/ul>\n<\/li>\n<li class=\"menu-item menu-item-type-post_type menu-item-object-page menu-item-26788\"><a href=\"https:\/\/www.capotex.com\/fr\/pourquoi-les-bandes-transporteuses-doivent-elles-etre-couvertes\/\" class=\"elementor-item\" tabindex=\"-1\">Pourquoi couvrir?<\/a><\/li>\n<li class=\"menu-item menu-item-type-post_type menu-item-object-page menu-item-26789\"><a href=\"https:\/\/www.capotex.com\/fr\/pour-une-planete-plus-propre\/\" class=\"elementor-item\" tabindex=\"-1\">Eco<\/a><\/li>\n<li class=\"menu-item menu-item-type-post_type menu-item-object-page menu-item-26790\"><a href=\"https:\/\/www.capotex.com\/fr\/galerie\/\" class=\"elementor-item\" tabindex=\"-1\">Galerie<\/a><\/li>\n<li class=\"menu-item menu-item-type-post_type menu-item-object-page menu-item-26791\"><a href=\"https:\/\/www.capotex.com\/fr\/projets-capots-pour-convoyeurs\/\" class=\"elementor-item\" tabindex=\"-1\">Projets<\/a><\/li>\n<li class=\"menu-item menu-item-type-post_type menu-item-object-page menu-item-26792\"><a href=\"https:\/\/www.capotex.com\/fr\/a-propos-de-nous\/\" class=\"elementor-item\" tabindex=\"-1\">A propos de nous<\/a><\/li>\n<li class=\"menu-item menu-item-type-post_type menu-item-object-page menu-item-26793\"><a href=\"https:\/\/www.capotex.com\/fr\/blog-et-nouvelles\/\" class=\"elementor-item\" tabindex=\"-1\">Blog et nouvelles<\/a><\/li>\n<li class=\"menu-item menu-item-type-post_type menu-item-object-page menu-item-26794\"><a href=\"https:\/\/www.capotex.com\/fr\/nous-contacter\/\" class=\"elementor-item\" tabindex=\"-1\">Nous contacter<\/a><\/li>\n<\/ul>\t\t\t<\/nav>\n\t\t\t\t\t\t<\/div>\n\t\t\t\t<\/div>\n\t\t\t\t<\/div>\n\t\t\t\t<\/div>\n\t\t","protected":false},"excerpt":{"rendered":"<p>Merci de votre attention ! Nous vous r\u00e9pondrons dans les plus brefs d\u00e9lais. Vous pouvez \u00e9galement nous t\u00e9l\u00e9phoner au +34 916 347 192 ou continuer \u00e0 naviguer :<\/p>\n","protected":false},"author":1,"featured_media":0,"parent":0,"menu_order":0,"comment_status":"closed","ping_status":"closed","template":"elementor_canvas","meta":{"_joinchat":[],"footnotes":""},"tags":[],"class_list":["post-26519","page","type-page","status-publish","hentry"],"_links":{"self":[{"href":"https:\/\/www.capotex.com\/fr\/wp-json\/wp\/v2\/pages\/26519","targetHints":{"allow":["GET"]}}],"collection":[{"href":"https:\/\/www.capotex.com\/fr\/wp-json\/wp\/v2\/pages"}],"about":[{"href":"https:\/\/www.capotex.com\/fr\/wp-json\/wp\/v2\/types\/page"}],"author":[{"embeddable":true,"href":"https:\/\/www.capotex.com\/fr\/wp-json\/wp\/v2\/users\/1"}],"replies":[{"embeddable":true,"href":"https:\/\/www.capotex.com\/fr\/wp-json\/wp\/v2\/comments?post=26519"}],"version-history":[{"count":3,"href":"https:\/\/www.capotex.com\/fr\/wp-json\/wp\/v2\/pages\/26519\/revisions"}],"predecessor-version":[{"id":27500,"href":"https:\/\/www.capotex.com\/fr\/wp-json\/wp\/v2\/pages\/26519\/revisions\/27500"}],"wp:attachment":[{"href":"https:\/\/www.capotex.com\/fr\/wp-json\/wp\/v2\/media?parent=26519"}],"wp:term":[{"taxonomy":"post_tag","embeddable":true,"href":"https:\/\/www.capotex.com\/fr\/wp-json\/wp\/v2\/tags?post=26519"}],"curies":[{"name":"wp","href":"https:\/\/api.w.org\/{rel}","templated":true}]}}