{"id":26523,"date":"2023-05-17T13:43:41","date_gmt":"2023-05-17T12:43:41","guid":{"rendered":"https:\/\/capotex.com\/produits\/accessoires\/"},"modified":"2024-06-11T07:55:40","modified_gmt":"2024-06-11T06:55:40","slug":"accessoires-pour-convoyeurs-a-bande","status":"publish","type":"page","link":"https:\/\/www.capotex.com\/fr\/capots-pour-convoyeurs\/accessoires-pour-convoyeurs-a-bande\/","title":{"rendered":"Accessoires"},"content":{"rendered":"\t\t<div data-elementor-type=\"wp-page\" data-elementor-id=\"26523\" class=\"elementor elementor-26523 elementor-2154\" data-elementor-post-type=\"page\">\n\t\t\t\t<div class=\"elementor-element elementor-element-6ef99ff e-flex e-con-boxed e-con e-parent\" data-id=\"6ef99ff\" data-element_type=\"container\" data-e-type=\"container\">\n\t\t\t\t\t<div class=\"e-con-inner\">\n\t\t<div class=\"elementor-element elementor-element-0c35463 e-con-full e-flex e-con e-child\" data-id=\"0c35463\" data-element_type=\"container\" data-e-type=\"container\">\n\t\t\t\t<div class=\"elementor-element elementor-element-5ebf887 elementor-widget elementor-widget-heading\" data-id=\"5ebf887\" data-element_type=\"widget\" data-e-type=\"widget\" data-widget_type=\"heading.default\">\n\t\t\t\t<div class=\"elementor-widget-container\">\n\t\t\t\t\t<h2 class=\"elementor-heading-title elementor-size-default\">Accessoires pour convoyeurs \u00e0 bande<\/h2>\t\t\t\t<\/div>\n\t\t\t\t<\/div>\n\t\t\t\t<\/div>\n\t\t\t\t\t<\/div>\n\t\t\t\t<\/div>\n\t\t<div class=\"elementor-element elementor-element-3cfea97 e-flex e-con-boxed e-con e-parent\" data-id=\"3cfea97\" data-element_type=\"container\" data-e-type=\"container\">\n\t\t\t\t\t<div class=\"e-con-inner\">\n\t\t<div class=\"elementor-element elementor-element-91e95b0 e-con-full e-flex e-con e-child\" data-id=\"91e95b0\" data-element_type=\"container\" data-e-type=\"container\" data-settings=\"{&quot;background_background&quot;:&quot;classic&quot;}\">\n\t\t\t\t<div class=\"elementor-element elementor-element-8e5fa64 elementor-widget elementor-widget-heading\" data-id=\"8e5fa64\" data-element_type=\"widget\" data-e-type=\"widget\" data-widget_type=\"heading.default\">\n\t\t\t\t<div class=\"elementor-widget-container\">\n\t\t\t\t\t<h2 class=\"elementor-heading-title elementor-size-default\">Caposafe<\/h2>\t\t\t\t<\/div>\n\t\t\t\t<\/div>\n\t\t\t\t<div class=\"elementor-element elementor-element-247f587 elementor-widget elementor-widget-image\" data-id=\"247f587\" data-element_type=\"widget\" data-e-type=\"widget\" data-widget_type=\"image.default\">\n\t\t\t\t<div class=\"elementor-widget-container\">\n\t\t\t\t\t\t\t\t\t\t\t\t\t\t\t\t<a href=\"https:\/\/www.capotex.com\/wp-content\/uploads\/2024\/06\/securite-Accessoires-pour-convoyeurs-a-bande.jpg\" data-elementor-open-lightbox=\"yes\" data-elementor-lightbox-title=\"s\u00e9curit\u00e9 Accessoires pour convoyeurs \u00e0 bande\" data-elementor-lightbox-description=\"s\u00e9curit\u00e9 Accessoires pour convoyeurs \u00e0 bande\" data-e-action-hash=\"#elementor-action%3Aaction%3Dlightbox%26settings%3DeyJpZCI6MzQyMDcsInVybCI6Imh0dHBzOlwvXC93d3cuY2Fwb3RleC5jb21cL3dwLWNvbnRlbnRcL3VwbG9hZHNcLzIwMjRcLzA2XC9zZWN1cml0ZS1BY2Nlc3NvaXJlcy1wb3VyLWNvbnZveWV1cnMtYS1iYW5kZS5qcGcifQ%3D%3D\">\n\t\t\t\t\t\t\t<img fetchpriority=\"high\" decoding=\"async\" width=\"600\" height=\"329\" src=\"https:\/\/www.capotex.com\/wp-content\/uploads\/2024\/06\/securite-Accessoires-pour-convoyeurs-a-bande.jpg\" class=\"attachment-full size-full wp-image-34207\" alt=\"s\u00e9curit\u00e9 Accessoires pour convoyeurs \u00e0 bande\" srcset=\"https:\/\/www.capotex.com\/wp-content\/uploads\/2024\/06\/securite-Accessoires-pour-convoyeurs-a-bande.jpg 600w, https:\/\/www.capotex.com\/wp-content\/uploads\/2024\/06\/securite-Accessoires-pour-convoyeurs-a-bande-300x165.jpg 300w\" sizes=\"(max-width: 600px) 100vw, 600px\" \/>\t\t\t\t\t\t\t\t<\/a>\n\t\t\t\t\t\t\t\t\t\t\t\t\t\t\t<\/div>\n\t\t\t\t<\/div>\n\t\t\t\t<div class=\"elementor-element elementor-element-bd71962 elementor-widget elementor-widget-text-editor\" data-id=\"bd71962\" data-element_type=\"widget\" data-e-type=\"widget\" data-widget_type=\"text-editor.default\">\n\t\t\t\t<div class=\"elementor-widget-container\">\n\t\t\t\t\t\t\t\t\t<p>\u00c9tai de s\u00e9curit\u00e9. Maintient nos capots MADRID et PARIS bien ouvertes.<\/p>\n\t\t\t\t\t\t\t\t<\/div>\n\t\t\t\t<\/div>\n\t\t\t\t<\/div>\n\t\t<div class=\"elementor-element elementor-element-402a91f e-con-full e-flex e-con e-child\" data-id=\"402a91f\" data-element_type=\"container\" data-e-type=\"container\" data-settings=\"{&quot;background_background&quot;:&quot;classic&quot;}\">\n\t\t\t\t<div class=\"elementor-element elementor-element-c2701f1 elementor-widget elementor-widget-heading\" data-id=\"c2701f1\" data-element_type=\"widget\" data-e-type=\"widget\" data-widget_type=\"heading.default\">\n\t\t\t\t<div class=\"elementor-widget-container\">\n\t\t\t\t\t<h2 class=\"elementor-heading-title elementor-size-default\">Rouleaux de guidage<\/h2>\t\t\t\t<\/div>\n\t\t\t\t<\/div>\n\t\t\t\t<div class=\"elementor-element elementor-element-8b16581 elementor-widget elementor-widget-image\" data-id=\"8b16581\" data-element_type=\"widget\" data-e-type=\"widget\" data-widget_type=\"image.default\">\n\t\t\t\t<div class=\"elementor-widget-container\">\n\t\t\t\t\t\t\t\t\t\t\t\t\t\t\t\t<a href=\"https:\/\/www.capotex.com\/wp-content\/uploads\/2024\/06\/extension-du-rouleau-de-guidage.jpg\" data-elementor-open-lightbox=\"yes\" data-elementor-lightbox-title=\"extension du rouleau de guidage\" data-elementor-lightbox-description=\"extension du rouleau de guidage\" data-e-action-hash=\"#elementor-action%3Aaction%3Dlightbox%26settings%3DeyJpZCI6MzQzMjIsInVybCI6Imh0dHBzOlwvXC93d3cuY2Fwb3RleC5jb21cL3dwLWNvbnRlbnRcL3VwbG9hZHNcLzIwMjRcLzA2XC9leHRlbnNpb24tZHUtcm91bGVhdS1kZS1ndWlkYWdlLmpwZyJ9\">\n\t\t\t\t\t\t\t<img decoding=\"async\" width=\"600\" height=\"329\" src=\"https:\/\/www.capotex.com\/wp-content\/uploads\/2024\/06\/extension-du-rouleau-de-guidage.jpg\" class=\"attachment-full size-full wp-image-34322\" alt=\"extension du rouleau de guidage\" srcset=\"https:\/\/www.capotex.com\/wp-content\/uploads\/2024\/06\/extension-du-rouleau-de-guidage.jpg 600w, https:\/\/www.capotex.com\/wp-content\/uploads\/2024\/06\/extension-du-rouleau-de-guidage-300x165.jpg 300w\" sizes=\"(max-width: 600px) 100vw, 600px\" \/>\t\t\t\t\t\t\t\t<\/a>\n\t\t\t\t\t\t\t\t\t\t\t\t\t\t\t<\/div>\n\t\t\t\t<\/div>\n\t\t\t\t<div class=\"elementor-element elementor-element-3503b6f elementor-widget elementor-widget-text-editor\" data-id=\"3503b6f\" data-element_type=\"widget\" data-e-type=\"widget\" data-widget_type=\"text-editor.default\">\n\t\t\t\t<div class=\"elementor-widget-container\">\n\t\t\t\t\t\t\t\t\t<p>Les rouleaux de guidage interf\u00e8rent g\u00e9n\u00e9ralement avec les capots. Cette extension sur mesure permet aux rouleaux de guidage de se d\u00e9placer librement.<\/p>\n\t\t\t\t\t\t\t\t<\/div>\n\t\t\t\t<\/div>\n\t\t\t\t<\/div>\n\t\t<div class=\"elementor-element elementor-element-84722ce e-con-full e-flex e-con e-child\" data-id=\"84722ce\" data-element_type=\"container\" data-e-type=\"container\" data-settings=\"{&quot;background_background&quot;:&quot;classic&quot;}\">\n\t\t\t\t<div class=\"elementor-element elementor-element-2690590 elementor-widget elementor-widget-heading\" data-id=\"2690590\" data-element_type=\"widget\" data-e-type=\"widget\" data-widget_type=\"heading.default\">\n\t\t\t\t<div class=\"elementor-widget-container\">\n\t\t\t\t\t<h2 class=\"elementor-heading-title elementor-size-default\">Poign\u00e9e<\/h2>\t\t\t\t<\/div>\n\t\t\t\t<\/div>\n\t\t\t\t<div class=\"elementor-element elementor-element-ea79029 elementor-widget elementor-widget-image\" data-id=\"ea79029\" data-element_type=\"widget\" data-e-type=\"widget\" data-widget_type=\"image.default\">\n\t\t\t\t<div class=\"elementor-widget-container\">\n\t\t\t\t\t\t\t\t\t\t\t\t\t\t\t\t<a href=\"https:\/\/www.capotex.com\/wp-content\/uploads\/2024\/06\/Poignee-Accessoires-pour-convoyeurs-a-bande.jpg\" data-elementor-open-lightbox=\"yes\" data-elementor-lightbox-title=\"Poign\u00e9e - Accessoires pour convoyeurs \u00e0 bande\" data-elementor-lightbox-description=\"Poign\u00e9e - Accessoires pour convoyeurs \u00e0 bande\" data-e-action-hash=\"#elementor-action%3Aaction%3Dlightbox%26settings%3DeyJpZCI6MzQzMjYsInVybCI6Imh0dHBzOlwvXC93d3cuY2Fwb3RleC5jb21cL3dwLWNvbnRlbnRcL3VwbG9hZHNcLzIwMjRcLzA2XC9Qb2lnbmVlLUFjY2Vzc29pcmVzLXBvdXItY29udm95ZXVycy1hLWJhbmRlLmpwZyJ9\">\n\t\t\t\t\t\t\t<img decoding=\"async\" width=\"600\" height=\"400\" src=\"https:\/\/www.capotex.com\/wp-content\/uploads\/2024\/06\/Poignee-Accessoires-pour-convoyeurs-a-bande.jpg\" class=\"attachment-full size-full wp-image-34326\" alt=\"Poign\u00e9e - Accessoires pour convoyeurs \u00e0 bande\" srcset=\"https:\/\/www.capotex.com\/wp-content\/uploads\/2024\/06\/Poignee-Accessoires-pour-convoyeurs-a-bande.jpg 600w, https:\/\/www.capotex.com\/wp-content\/uploads\/2024\/06\/Poignee-Accessoires-pour-convoyeurs-a-bande-300x200.jpg 300w\" sizes=\"(max-width: 600px) 100vw, 600px\" \/>\t\t\t\t\t\t\t\t<\/a>\n\t\t\t\t\t\t\t\t\t\t\t\t\t\t\t<\/div>\n\t\t\t\t<\/div>\n\t\t\t\t<div class=\"elementor-element elementor-element-88a3d68 elementor-widget elementor-widget-text-editor\" data-id=\"88a3d68\" data-element_type=\"widget\" data-e-type=\"widget\" data-widget_type=\"text-editor.default\">\n\t\t\t\t<div class=\"elementor-widget-container\">\n\t\t\t\t\t\t\t\t\t<p>Cette poign\u00e9e peut \u00eatre mont\u00e9e sur n&rsquo;importe lequel de nos capots pour am\u00e9liorer le confort de manipulation.<\/p>\n<p>Sur nos mod\u00e8les <strong>MADRID<\/strong> et <strong>PARIS<\/strong>, la serrure C-1 incluse peut \u00eatre utilis\u00e9e comme poign\u00e9e, <strong>il n&rsquo;est donc pas n\u00e9cessaire d&rsquo;ajouter une poign\u00e9e suppl\u00e9mentaire<\/strong>.<\/p>\n\t\t\t\t\t\t\t\t<\/div>\n\t\t\t\t<\/div>\n\t\t\t\t<\/div>\n\t\t<div class=\"elementor-element elementor-element-fc88d80 e-con-full e-flex e-con e-child\" data-id=\"fc88d80\" data-element_type=\"container\" data-e-type=\"container\" data-settings=\"{&quot;background_background&quot;:&quot;classic&quot;}\">\n\t\t\t\t<div class=\"elementor-element elementor-element-9b2ce39 elementor-widget elementor-widget-heading\" data-id=\"9b2ce39\" data-element_type=\"widget\" data-e-type=\"widget\" data-widget_type=\"heading.default\">\n\t\t\t\t<div class=\"elementor-widget-container\">\n\t\t\t\t\t<h2 class=\"elementor-heading-title elementor-size-default\">Capolid<\/h2>\t\t\t\t<\/div>\n\t\t\t\t<\/div>\n\t\t\t\t<div class=\"elementor-element elementor-element-f15b4f2 elementor-widget elementor-widget-image\" data-id=\"f15b4f2\" data-element_type=\"widget\" data-e-type=\"widget\" data-widget_type=\"image.default\">\n\t\t\t\t<div class=\"elementor-widget-container\">\n\t\t\t\t\t\t\t\t\t\t\t\t\t\t\t\t<a href=\"https:\/\/www.capotex.com\/wp-content\/uploads\/2024\/06\/couvercle-Accessoires-pour-convoyeurs-a-bande.jpg\" data-elementor-open-lightbox=\"yes\" data-elementor-lightbox-title=\"couvercle Accessoires pour convoyeurs \u00e0 bande\" data-elementor-lightbox-description=\"couvercle Accessoires pour convoyeurs \u00e0 bande\" data-e-action-hash=\"#elementor-action%3Aaction%3Dlightbox%26settings%3DeyJpZCI6MzQyMTEsInVybCI6Imh0dHBzOlwvXC93d3cuY2Fwb3RleC5jb21cL3dwLWNvbnRlbnRcL3VwbG9hZHNcLzIwMjRcLzA2XC9jb3V2ZXJjbGUtQWNjZXNzb2lyZXMtcG91ci1jb252b3lldXJzLWEtYmFuZGUuanBnIn0%3D\">\n\t\t\t\t\t\t\t<img loading=\"lazy\" decoding=\"async\" width=\"600\" height=\"329\" src=\"https:\/\/www.capotex.com\/wp-content\/uploads\/2024\/06\/couvercle-Accessoires-pour-convoyeurs-a-bande.jpg\" class=\"attachment-full size-full wp-image-34211\" alt=\"couvercle Accessoires pour convoyeurs \u00e0 bande\" srcset=\"https:\/\/www.capotex.com\/wp-content\/uploads\/2024\/06\/couvercle-Accessoires-pour-convoyeurs-a-bande.jpg 600w, https:\/\/www.capotex.com\/wp-content\/uploads\/2024\/06\/couvercle-Accessoires-pour-convoyeurs-a-bande-300x165.jpg 300w\" sizes=\"(max-width: 600px) 100vw, 600px\" \/>\t\t\t\t\t\t\t\t<\/a>\n\t\t\t\t\t\t\t\t\t\t\t\t\t\t\t<\/div>\n\t\t\t\t<\/div>\n\t\t\t\t<div class=\"elementor-element elementor-element-ded7156 elementor-widget elementor-widget-text-editor\" data-id=\"ded7156\" data-element_type=\"widget\" data-e-type=\"widget\" data-widget_type=\"text-editor.default\">\n\t\t\t\t<div class=\"elementor-widget-container\">\n\t\t\t\t\t\t\t\t\t<p>Le capot de l&rsquo;enceinte Capolid ferme compl\u00e8tement le dernier capot. Adaptable \u00e0 toutes les tailles et formes de bandes transporteuses.<\/p>\n<p>Disponible dans tous nos mod\u00e8les, mat\u00e9riaux et couleurs.<\/p>\n\t\t\t\t\t\t\t\t<\/div>\n\t\t\t\t<\/div>\n\t\t\t\t<\/div>\n\t\t\t\t\t<\/div>\n\t\t\t\t<\/div>\n\t\t<div class=\"elementor-element elementor-element-a0e3b5d e-flex e-con-boxed e-con e-parent\" data-id=\"a0e3b5d\" data-element_type=\"container\" data-e-type=\"container\">\n\t\t\t\t\t<div class=\"e-con-inner\">\n\t\t<div class=\"elementor-element elementor-element-fe51370 e-con-full e-flex e-con e-child\" data-id=\"fe51370\" data-element_type=\"container\" data-e-type=\"container\" data-settings=\"{&quot;background_background&quot;:&quot;classic&quot;}\">\n\t\t\t\t<div class=\"elementor-element elementor-element-e286769 elementor-widget elementor-widget-heading\" data-id=\"e286769\" data-element_type=\"widget\" data-e-type=\"widget\" data-widget_type=\"heading.default\">\n\t\t\t\t<div class=\"elementor-widget-container\">\n\t\t\t\t\t<h2 class=\"elementor-heading-title elementor-size-default\">Fen\u00eatre V1<\/h2>\t\t\t\t<\/div>\n\t\t\t\t<\/div>\n\t\t\t\t<div class=\"elementor-element elementor-element-69bb12e elementor-widget elementor-widget-image\" data-id=\"69bb12e\" data-element_type=\"widget\" data-e-type=\"widget\" data-widget_type=\"image.default\">\n\t\t\t\t<div class=\"elementor-widget-container\">\n\t\t\t\t\t\t\t\t\t\t\t\t\t\t\t\t<a href=\"https:\/\/www.capotex.com\/wp-content\/uploads\/2024\/06\/Fenetre-V1-Accessoires-pour-convoyeurs-a-bande.jpg\" data-elementor-open-lightbox=\"yes\" data-elementor-lightbox-title=\"Fen\u00eatre V1 - Accessoires pour convoyeurs \u00e0 bande\" data-e-action-hash=\"#elementor-action%3Aaction%3Dlightbox%26settings%3DeyJpZCI6MzQzMzAsInVybCI6Imh0dHBzOlwvXC93d3cuY2Fwb3RleC5jb21cL3dwLWNvbnRlbnRcL3VwbG9hZHNcLzIwMjRcLzA2XC9GZW5ldHJlLVYxLUFjY2Vzc29pcmVzLXBvdXItY29udm95ZXVycy1hLWJhbmRlLmpwZyJ9\">\n\t\t\t\t\t\t\t<img loading=\"lazy\" decoding=\"async\" width=\"600\" height=\"329\" src=\"https:\/\/www.capotex.com\/wp-content\/uploads\/2024\/06\/Fenetre-V1-Accessoires-pour-convoyeurs-a-bande.jpg\" class=\"attachment-full size-full wp-image-34330\" alt=\"\" srcset=\"https:\/\/www.capotex.com\/wp-content\/uploads\/2024\/06\/Fenetre-V1-Accessoires-pour-convoyeurs-a-bande.jpg 600w, https:\/\/www.capotex.com\/wp-content\/uploads\/2024\/06\/Fenetre-V1-Accessoires-pour-convoyeurs-a-bande-300x165.jpg 300w\" sizes=\"(max-width: 600px) 100vw, 600px\" \/>\t\t\t\t\t\t\t\t<\/a>\n\t\t\t\t\t\t\t\t\t\t\t\t\t\t\t<\/div>\n\t\t\t\t<\/div>\n\t\t\t\t<div class=\"elementor-element elementor-element-3928676 elementor-widget elementor-widget-text-editor\" data-id=\"3928676\" data-element_type=\"widget\" data-e-type=\"widget\" data-widget_type=\"text-editor.default\">\n\t\t\t\t<div class=\"elementor-widget-container\">\n\t\t\t\t\t\t\t\t\t<p>Toutes nos capots peuvent \u00eatre \u00e9quip\u00e9es de trappes d&rsquo;inspection faciles \u00e0 ouvrir.<\/p>\n\t\t\t\t\t\t\t\t<\/div>\n\t\t\t\t<\/div>\n\t\t\t\t<\/div>\n\t\t<div class=\"elementor-element elementor-element-3b05f8d e-con-full e-flex e-con e-child\" data-id=\"3b05f8d\" data-element_type=\"container\" data-e-type=\"container\" data-settings=\"{&quot;background_background&quot;:&quot;classic&quot;}\">\n\t\t\t\t<div class=\"elementor-element elementor-element-7e55e8f elementor-widget elementor-widget-heading\" data-id=\"7e55e8f\" data-element_type=\"widget\" data-e-type=\"widget\" data-widget_type=\"heading.default\">\n\t\t\t\t<div class=\"elementor-widget-container\">\n\t\t\t\t\t<h2 class=\"elementor-heading-title elementor-size-default\">Fen\u00eatre V2<\/h2>\t\t\t\t<\/div>\n\t\t\t\t<\/div>\n\t\t\t\t<div class=\"elementor-element elementor-element-2a24bad elementor-widget elementor-widget-image\" data-id=\"2a24bad\" data-element_type=\"widget\" data-e-type=\"widget\" data-widget_type=\"image.default\">\n\t\t\t\t<div class=\"elementor-widget-container\">\n\t\t\t\t\t\t\t\t\t\t\t\t\t\t\t\t<a href=\"https:\/\/www.capotex.com\/wp-content\/uploads\/2024\/06\/fenetre-Accessoires-pour-convoyeurs-a-bande.jpg\" data-elementor-open-lightbox=\"yes\" data-elementor-lightbox-title=\"fen\u00eatre Accessoires pour convoyeurs \u00e0 bande\" data-e-action-hash=\"#elementor-action%3Aaction%3Dlightbox%26settings%3DeyJpZCI6MzQyMTUsInVybCI6Imh0dHBzOlwvXC93d3cuY2Fwb3RleC5jb21cL3dwLWNvbnRlbnRcL3VwbG9hZHNcLzIwMjRcLzA2XC9mZW5ldHJlLUFjY2Vzc29pcmVzLXBvdXItY29udm95ZXVycy1hLWJhbmRlLmpwZyJ9\">\n\t\t\t\t\t\t\t<img loading=\"lazy\" decoding=\"async\" width=\"600\" height=\"329\" src=\"https:\/\/www.capotex.com\/wp-content\/uploads\/2024\/06\/fenetre-Accessoires-pour-convoyeurs-a-bande.jpg\" class=\"attachment-full size-full wp-image-34215\" alt=\"\" srcset=\"https:\/\/www.capotex.com\/wp-content\/uploads\/2024\/06\/fenetre-Accessoires-pour-convoyeurs-a-bande.jpg 600w, https:\/\/www.capotex.com\/wp-content\/uploads\/2024\/06\/fenetre-Accessoires-pour-convoyeurs-a-bande-300x165.jpg 300w\" sizes=\"(max-width: 600px) 100vw, 600px\" \/>\t\t\t\t\t\t\t\t<\/a>\n\t\t\t\t\t\t\t\t\t\t\t\t\t\t\t<\/div>\n\t\t\t\t<\/div>\n\t\t\t\t<div class=\"elementor-element elementor-element-7cb2545 elementor-widget elementor-widget-text-editor\" data-id=\"7cb2545\" data-element_type=\"widget\" data-e-type=\"widget\" data-widget_type=\"text-editor.default\">\n\t\t\t\t<div class=\"elementor-widget-container\">\n\t\t\t\t\t\t\t\t\t<p>Les mod\u00e8les Durban et Berlin peuvent \u00eatre \u00e9quip\u00e9s de panneaux d&rsquo;inspection \u00e0 ouverture facile.<\/p>\n\t\t\t\t\t\t\t\t<\/div>\n\t\t\t\t<\/div>\n\t\t\t\t<\/div>\n\t\t<div class=\"elementor-element elementor-element-40ebee9 e-con-full e-flex e-con e-child\" data-id=\"40ebee9\" data-element_type=\"container\" data-e-type=\"container\" data-settings=\"{&quot;background_background&quot;:&quot;classic&quot;}\">\n\t\t\t\t<div class=\"elementor-element elementor-element-73aefe0 elementor-widget elementor-widget-heading\" data-id=\"73aefe0\" data-element_type=\"widget\" data-e-type=\"widget\" data-widget_type=\"heading.default\">\n\t\t\t\t<div class=\"elementor-widget-container\">\n\t\t\t\t\t<h2 class=\"elementor-heading-title elementor-size-default\">Fen\u00eatre V3<\/h2>\t\t\t\t<\/div>\n\t\t\t\t<\/div>\n\t\t\t\t<div class=\"elementor-element elementor-element-a43e2d2 elementor-widget elementor-widget-image\" data-id=\"a43e2d2\" data-element_type=\"widget\" data-e-type=\"widget\" data-widget_type=\"image.default\">\n\t\t\t\t<div class=\"elementor-widget-container\">\n\t\t\t\t\t\t\t\t\t\t\t\t\t\t\t\t<a href=\"https:\/\/www.capotex.com\/wp-content\/uploads\/2024\/06\/Fenetre-V3-Accessoires-pour-convoyeurs-a-bande.jpg\" data-elementor-open-lightbox=\"yes\" data-elementor-lightbox-title=\"Fen\u00eatre V3 - Accessoires pour convoyeurs \u00e0 bande\" data-elementor-lightbox-description=\"Fen\u00eatre V3 - Accessoires pour convoyeurs \u00e0 bande\" data-e-action-hash=\"#elementor-action%3Aaction%3Dlightbox%26settings%3DeyJpZCI6MzQzMzQsInVybCI6Imh0dHBzOlwvXC93d3cuY2Fwb3RleC5jb21cL3dwLWNvbnRlbnRcL3VwbG9hZHNcLzIwMjRcLzA2XC9GZW5ldHJlLVYzLUFjY2Vzc29pcmVzLXBvdXItY29udm95ZXVycy1hLWJhbmRlLmpwZyJ9\">\n\t\t\t\t\t\t\t<img loading=\"lazy\" decoding=\"async\" width=\"600\" height=\"329\" src=\"https:\/\/www.capotex.com\/wp-content\/uploads\/2024\/06\/Fenetre-V3-Accessoires-pour-convoyeurs-a-bande.jpg\" class=\"attachment-full size-full wp-image-34334\" alt=\"Fen\u00eatre V3 - Accessoires pour convoyeurs \u00e0 bande\" srcset=\"https:\/\/www.capotex.com\/wp-content\/uploads\/2024\/06\/Fenetre-V3-Accessoires-pour-convoyeurs-a-bande.jpg 600w, https:\/\/www.capotex.com\/wp-content\/uploads\/2024\/06\/Fenetre-V3-Accessoires-pour-convoyeurs-a-bande-300x165.jpg 300w\" sizes=\"(max-width: 600px) 100vw, 600px\" \/>\t\t\t\t\t\t\t\t<\/a>\n\t\t\t\t\t\t\t\t\t\t\t\t\t\t\t<\/div>\n\t\t\t\t<\/div>\n\t\t\t\t<div class=\"elementor-element elementor-element-36de87c elementor-widget elementor-widget-text-editor\" data-id=\"36de87c\" data-element_type=\"widget\" data-e-type=\"widget\" data-widget_type=\"text-editor.default\">\n\t\t\t\t<div class=\"elementor-widget-container\">\n\t\t\t\t\t\t\t\t\t<p>Les mod\u00e8les Durban et Berlin peuvent \u00eatre \u00e9quip\u00e9s de trappes d&rsquo;inspection \u00e0 ouverture facile.<\/p>\n\t\t\t\t\t\t\t\t<\/div>\n\t\t\t\t<\/div>\n\t\t\t\t<\/div>\n\t\t<div class=\"elementor-element elementor-element-a90d26c e-con-full e-flex e-con e-child\" data-id=\"a90d26c\" data-element_type=\"container\" data-e-type=\"container\" data-settings=\"{&quot;background_background&quot;:&quot;classic&quot;}\">\n\t\t\t\t<div class=\"elementor-element elementor-element-3e52e97 elementor-widget elementor-widget-heading\" data-id=\"3e52e97\" data-element_type=\"widget\" data-e-type=\"widget\" data-widget_type=\"heading.default\">\n\t\t\t\t<div class=\"elementor-widget-container\">\n\t\t\t\t\t<h2 class=\"elementor-heading-title elementor-size-default\">Fen\u00eatre V4<\/h2>\t\t\t\t<\/div>\n\t\t\t\t<\/div>\n\t\t\t\t<div class=\"elementor-element elementor-element-c6c42a4 elementor-widget elementor-widget-image\" data-id=\"c6c42a4\" data-element_type=\"widget\" data-e-type=\"widget\" data-widget_type=\"image.default\">\n\t\t\t\t<div class=\"elementor-widget-container\">\n\t\t\t\t\t\t\t\t\t\t\t\t\t\t\t\t<a href=\"https:\/\/www.capotex.com\/wp-content\/uploads\/2024\/06\/fenetre-v4-Accessoires-pour-convoyeurs-a-bande.jpg\" data-elementor-open-lightbox=\"yes\" data-elementor-lightbox-title=\"fen\u00eatre v4 - Accessoires pour convoyeurs \u00e0 bande\" data-elementor-lightbox-description=\"fen\u00eatre v4 - Accessoires pour convoyeurs \u00e0 bande\" data-e-action-hash=\"#elementor-action%3Aaction%3Dlightbox%26settings%3DeyJpZCI6MzQyMTksInVybCI6Imh0dHBzOlwvXC93d3cuY2Fwb3RleC5jb21cL3dwLWNvbnRlbnRcL3VwbG9hZHNcLzIwMjRcLzA2XC9mZW5ldHJlLXY0LUFjY2Vzc29pcmVzLXBvdXItY29udm95ZXVycy1hLWJhbmRlLmpwZyJ9\">\n\t\t\t\t\t\t\t<img loading=\"lazy\" decoding=\"async\" width=\"600\" height=\"329\" src=\"https:\/\/www.capotex.com\/wp-content\/uploads\/2024\/06\/fenetre-v4-Accessoires-pour-convoyeurs-a-bande.jpg\" class=\"attachment-full size-full wp-image-34219\" alt=\"fen\u00eatre v4 - Accessoires pour convoyeurs \u00e0 bande\" srcset=\"https:\/\/www.capotex.com\/wp-content\/uploads\/2024\/06\/fenetre-v4-Accessoires-pour-convoyeurs-a-bande.jpg 600w, https:\/\/www.capotex.com\/wp-content\/uploads\/2024\/06\/fenetre-v4-Accessoires-pour-convoyeurs-a-bande-300x165.jpg 300w\" sizes=\"(max-width: 600px) 100vw, 600px\" \/>\t\t\t\t\t\t\t\t<\/a>\n\t\t\t\t\t\t\t\t\t\t\t\t\t\t\t<\/div>\n\t\t\t\t<\/div>\n\t\t\t\t<div class=\"elementor-element elementor-element-6293d33 elementor-widget elementor-widget-text-editor\" data-id=\"6293d33\" data-element_type=\"widget\" data-e-type=\"widget\" data-widget_type=\"text-editor.default\">\n\t\t\t\t<div class=\"elementor-widget-container\">\n\t\t\t\t\t\t\t\t\t<p>Toutes nos capots peuvent \u00eatre \u00e9quip\u00e9es de trappes d&rsquo;inspection faciles \u00e0 ouvrir.<\/p>\n\t\t\t\t\t\t\t\t<\/div>\n\t\t\t\t<\/div>\n\t\t\t\t<\/div>\n\t\t\t\t\t<\/div>\n\t\t\t\t<\/div>\n\t\t\t\t<\/div>\n\t\t","protected":false},"excerpt":{"rendered":"<p>Accessoires pour convoyeurs \u00e0 bande Caposafe \u00c9tai de s\u00e9curit\u00e9. Maintient nos capots MADRID et PARIS bien ouvertes. Rouleaux de guidage Les rouleaux de guidage interf\u00e8rent g\u00e9n\u00e9ralement avec les capots. Cette extension sur mesure permet aux rouleaux de guidage de se d\u00e9placer librement. Poign\u00e9e Cette poign\u00e9e peut \u00eatre mont\u00e9e sur n&rsquo;importe lequel de nos capots pour [&hellip;]<\/p>\n","protected":false},"author":1,"featured_media":2228,"parent":26208,"menu_order":70,"comment_status":"closed","ping_status":"closed","template":"","meta":{"_joinchat":[],"footnotes":""},"tags":[68],"class_list":["post-26523","page","type-page","status-publish","has-post-thumbnail","hentry","tag-capotexproduits"],"_links":{"self":[{"href":"https:\/\/www.capotex.com\/fr\/wp-json\/wp\/v2\/pages\/26523","targetHints":{"allow":["GET"]}}],"collection":[{"href":"https:\/\/www.capotex.com\/fr\/wp-json\/wp\/v2\/pages"}],"about":[{"href":"https:\/\/www.capotex.com\/fr\/wp-json\/wp\/v2\/types\/page"}],"author":[{"embeddable":true,"href":"https:\/\/www.capotex.com\/fr\/wp-json\/wp\/v2\/users\/1"}],"replies":[{"embeddable":true,"href":"https:\/\/www.capotex.com\/fr\/wp-json\/wp\/v2\/comments?post=26523"}],"version-history":[{"count":15,"href":"https:\/\/www.capotex.com\/fr\/wp-json\/wp\/v2\/pages\/26523\/revisions"}],"predecessor-version":[{"id":34340,"href":"https:\/\/www.capotex.com\/fr\/wp-json\/wp\/v2\/pages\/26523\/revisions\/34340"}],"up":[{"embeddable":true,"href":"https:\/\/www.capotex.com\/fr\/wp-json\/wp\/v2\/pages\/26208"}],"wp:featuredmedia":[{"embeddable":true,"href":"https:\/\/www.capotex.com\/fr\/wp-json\/wp\/v2\/media\/2228"}],"wp:attachment":[{"href":"https:\/\/www.capotex.com\/fr\/wp-json\/wp\/v2\/media?parent=26523"}],"wp:term":[{"taxonomy":"post_tag","embeddable":true,"href":"https:\/\/www.capotex.com\/fr\/wp-json\/wp\/v2\/tags?post=26523"}],"curies":[{"name":"wp","href":"https:\/\/api.w.org\/{rel}","templated":true}]}}