{"id":26538,"date":"2023-07-01T15:11:00","date_gmt":"2023-07-01T14:11:00","guid":{"rendered":"https:\/\/capotex.com\/pour-une-planete-plus-propre\/"},"modified":"2023-08-29T14:31:56","modified_gmt":"2023-08-29T13:31:56","slug":"pour-une-planete-plus-propre","status":"publish","type":"page","link":"https:\/\/www.capotex.com\/fr\/pour-une-planete-plus-propre\/","title":{"rendered":"Pour une plan\u00e8te plus propre"},"content":{"rendered":"\t\t<div data-elementor-type=\"wp-page\" data-elementor-id=\"26538\" class=\"elementor elementor-26538 elementor-25093\" data-elementor-post-type=\"page\">\n\t\t\t\t<div class=\"elementor-element elementor-element-275a865 e-flex e-con-boxed e-con e-parent\" data-id=\"275a865\" data-element_type=\"container\" data-e-type=\"container\">\n\t\t\t\t\t<div class=\"e-con-inner\">\n\t\t\t\t<div class=\"elementor-element elementor-element-f4b87eb elementor-widget elementor-widget-heading\" data-id=\"f4b87eb\" data-element_type=\"widget\" data-e-type=\"widget\" data-widget_type=\"heading.default\">\n\t\t\t\t<div class=\"elementor-widget-container\">\n\t\t\t\t\t<h2 class=\"elementor-heading-title elementor-size-default\">Capoter une bande transporteuse pr\u00e9sente de grands avantages \u00e9cologiques.<\/h2>\t\t\t\t<\/div>\n\t\t\t\t<\/div>\n\t\t\t\t<div class=\"elementor-element elementor-element-3fa4d0d elementor-headline--style-highlight elementor-widget elementor-widget-animated-headline\" data-id=\"3fa4d0d\" data-element_type=\"widget\" data-e-type=\"widget\" data-settings=\"{&quot;marker&quot;:&quot;underline_zigzag&quot;,&quot;highlighted_text&quot;:&quot;Pour une plan\\u00e8te plus propre.&quot;,&quot;highlight_animation_duration&quot;:2400,&quot;highlight_iteration_delay&quot;:5000,&quot;headline_style&quot;:&quot;highlight&quot;,&quot;loop&quot;:&quot;yes&quot;}\" data-widget_type=\"animated-headline.default\">\n\t\t\t\t<div class=\"elementor-widget-container\">\n\t\t\t\t\t\t\t<h1 class=\"elementor-headline\">\n\t\t\t\t<span class=\"elementor-headline-dynamic-wrapper elementor-headline-text-wrapper\">\n\t\t\t\t\t<span class=\"elementor-headline-dynamic-text elementor-headline-text-active\">Pour une plan\u00e8te plus propre.<\/span>\n\t\t\t\t<\/span>\n\t\t\t\t<\/h1>\n\t\t\t\t\t\t<\/div>\n\t\t\t\t<\/div>\n\t\t\t\t\t<\/div>\n\t\t\t\t<\/div>\n\t\t<div class=\"elementor-element elementor-element-1a1775b e-flex e-con-boxed e-con e-parent\" data-id=\"1a1775b\" data-element_type=\"container\" data-e-type=\"container\">\n\t\t\t\t\t<div class=\"e-con-inner\">\n\t\t<div class=\"elementor-element elementor-element-c5dca77 e-con-full e-flex e-con e-parent\" data-id=\"c5dca77\" data-element_type=\"container\" data-e-type=\"container\" data-settings=\"{&quot;background_background&quot;:&quot;classic&quot;}\">\n\t\t\t\t<div class=\"elementor-element elementor-element-52d4071 elementor-widget elementor-widget-heading\" data-id=\"52d4071\" data-element_type=\"widget\" data-e-type=\"widget\" data-widget_type=\"heading.default\">\n\t\t\t\t<div class=\"elementor-widget-container\">\n\t\t\t\t\t<h2 class=\"elementor-heading-title elementor-size-default\">R\u00e9ductions d'\u00e9missions<\/h2>\t\t\t\t<\/div>\n\t\t\t\t<\/div>\n\t\t\t\t<div class=\"elementor-element elementor-element-513e8e1 elementor-widget elementor-widget-image\" data-id=\"513e8e1\" data-element_type=\"widget\" data-e-type=\"widget\" data-widget_type=\"image.default\">\n\t\t\t\t<div class=\"elementor-widget-container\">\n\t\t\t\t\t\t\t\t\t\t\t\t\t\t\t<img fetchpriority=\"high\" decoding=\"async\" width=\"640\" height=\"640\" src=\"https:\/\/www.capotex.com\/wp-content\/uploads\/2023\/07\/Dust-emission-1.gif\" class=\"attachment-full size-full wp-image-25383\" alt=\"\" \/>\t\t\t\t\t\t\t\t\t\t\t\t\t\t\t<\/div>\n\t\t\t\t<\/div>\n\t\t\t\t<div class=\"elementor-element elementor-element-2dd2b01 elementor-widget elementor-widget-text-editor\" data-id=\"2dd2b01\" data-element_type=\"widget\" data-e-type=\"widget\" data-widget_type=\"text-editor.default\">\n\t\t\t\t<div class=\"elementor-widget-container\">\n\t\t\t\t\t\t\t\t\t<p>Les capots de bandes transporteuses peuvent contribuer \u00e0 contr\u00f4ler les \u00e9missions de poussi\u00e8res en contenant les particules \u00e0 l&rsquo;int\u00e9rieur du syst\u00e8me, les emp\u00eachant ainsi d&rsquo;\u00eatre lib\u00e9r\u00e9es dans l&rsquo;air. Le d\u00e9poussi\u00e9rage r\u00e9duit la pollution atmosph\u00e9rique et am\u00e9liore la qualit\u00e9 de l&rsquo;air dans les environs, ce qui est b\u00e9n\u00e9fique \u00e0 la fois pour la sant\u00e9 humaine et pour l&rsquo;environnement.<\/p><\/p>\n\t\t\t\t\t\t\t\t<\/div>\n\t\t\t\t<\/div>\n\t\t\t\t<\/div>\n\t\t<div class=\"elementor-element elementor-element-820acff e-con-full e-flex e-con e-parent\" data-id=\"820acff\" data-element_type=\"container\" data-e-type=\"container\" data-settings=\"{&quot;background_background&quot;:&quot;classic&quot;}\">\n\t\t\t\t<div class=\"elementor-element elementor-element-404503d elementor-widget elementor-widget-heading\" data-id=\"404503d\" data-element_type=\"widget\" data-e-type=\"widget\" data-widget_type=\"heading.default\">\n\t\t\t\t<div class=\"elementor-widget-container\">\n\t\t\t\t\t<h2 class=\"elementor-heading-title elementor-size-default\">Efficacit\u00e9 \u00e9nerg\u00e9tique<\/h2>\t\t\t\t<\/div>\n\t\t\t\t<\/div>\n\t\t\t\t<div class=\"elementor-element elementor-element-ee672c5 elementor-widget elementor-widget-image\" data-id=\"ee672c5\" data-element_type=\"widget\" data-e-type=\"widget\" data-widget_type=\"image.default\">\n\t\t\t\t<div class=\"elementor-widget-container\">\n\t\t\t\t\t\t\t\t\t\t\t\t\t\t\t\t<a href=\"https:\/\/www.capotex.com\/fr\/pour-une-planete-plus-propre\/\">\n\t\t\t\t\t\t\t<img decoding=\"async\" width=\"640\" height=\"640\" src=\"https:\/\/www.capotex.com\/wp-content\/uploads\/2023\/07\/Energy-efficiency-1.gif\" class=\"attachment-full size-full wp-image-25387\" alt=\"\" \/>\t\t\t\t\t\t\t\t<\/a>\n\t\t\t\t\t\t\t\t\t\t\t\t\t\t\t<\/div>\n\t\t\t\t<\/div>\n\t\t\t\t<div class=\"elementor-element elementor-element-d9581ce elementor-widget elementor-widget-text-editor\" data-id=\"d9581ce\" data-element_type=\"widget\" data-e-type=\"widget\" data-widget_type=\"text-editor.default\">\n\t\t\t\t<div class=\"elementor-widget-container\">\n\t\t\t\t\t\t\t\t\t<p>Les capots des bandes transporteuses peuvent am\u00e9liorer l&rsquo;efficacit\u00e9 \u00e9nerg\u00e9tique de plusieurs fa\u00e7ons. Ils r\u00e9duisent la friction entre la courroie et la surface d&rsquo;appui, ce qui permet de r\u00e9duire la consommation d&rsquo;\u00e9nergie pendant le fonctionnement. En outre, les capots peuvent servir d&rsquo;isolant, r\u00e9duisant ainsi les pertes de chaleur et minimisant la n\u00e9cessit\u00e9 d&rsquo;un chauffage ou d&rsquo;un refroidissement excessif des mat\u00e9riaux.<\/p>\n\t\t\t\t\t\t\t\t<\/div>\n\t\t\t\t<\/div>\n\t\t\t\t<\/div>\n\t\t<div class=\"elementor-element elementor-element-1d868a5 e-con-full e-flex e-con e-parent\" data-id=\"1d868a5\" data-element_type=\"container\" data-e-type=\"container\" data-settings=\"{&quot;background_background&quot;:&quot;classic&quot;}\">\n\t\t\t\t<div class=\"elementor-element elementor-element-ff58547 elementor-widget elementor-widget-heading\" data-id=\"ff58547\" data-element_type=\"widget\" data-e-type=\"widget\" data-widget_type=\"heading.default\">\n\t\t\t\t<div class=\"elementor-widget-container\">\n\t\t\t\t\t<h2 class=\"elementor-heading-title elementor-size-default\">R\u00e9duction du bruit<\/h2>\t\t\t\t<\/div>\n\t\t\t\t<\/div>\n\t\t\t\t<div class=\"elementor-element elementor-element-b46678a elementor-widget elementor-widget-image\" data-id=\"b46678a\" data-element_type=\"widget\" data-e-type=\"widget\" data-widget_type=\"image.default\">\n\t\t\t\t<div class=\"elementor-widget-container\">\n\t\t\t\t\t\t\t\t\t\t\t\t\t\t\t<img decoding=\"async\" width=\"640\" height=\"640\" src=\"https:\/\/www.capotex.com\/wp-content\/uploads\/2023\/07\/Noise-reduction-1.gif\" class=\"attachment-full size-full wp-image-25391\" alt=\"\" \/>\t\t\t\t\t\t\t\t\t\t\t\t\t\t\t<\/div>\n\t\t\t\t<\/div>\n\t\t\t\t<div class=\"elementor-element elementor-element-c46eeb1 elementor-widget elementor-widget-text-editor\" data-id=\"c46eeb1\" data-element_type=\"widget\" data-e-type=\"widget\" data-widget_type=\"text-editor.default\">\n\t\t\t\t<div class=\"elementor-widget-container\">\n\t\t\t\t\t\t\t\t\t<p>En capotant une bande transporteuse, les \u00e9missions sonores dans l&rsquo;environnement sont consid\u00e9rablement r\u00e9duites.<\/p>\n\t\t\t\t\t\t\t\t<\/div>\n\t\t\t\t<\/div>\n\t\t\t\t<\/div>\n\t\t\t\t\t<\/div>\n\t\t\t\t<\/div>\n\t\t<div class=\"elementor-element elementor-element-f0ce78b e-flex e-con-boxed e-con e-parent\" data-id=\"f0ce78b\" data-element_type=\"container\" data-e-type=\"container\">\n\t\t\t\t\t<div class=\"e-con-inner\">\n\t\t<div class=\"elementor-element elementor-element-0a60586 e-con-full e-flex e-con e-parent\" data-id=\"0a60586\" data-element_type=\"container\" data-e-type=\"container\" data-settings=\"{&quot;background_background&quot;:&quot;classic&quot;}\">\n\t\t\t\t<div class=\"elementor-element elementor-element-1728082 elementor-widget elementor-widget-heading\" data-id=\"1728082\" data-element_type=\"widget\" data-e-type=\"widget\" data-widget_type=\"heading.default\">\n\t\t\t\t<div class=\"elementor-widget-container\">\n\t\t\t\t\t<h2 class=\"elementor-heading-title elementor-size-default\">Dur\u00e9e de vie plus longue<\/h2>\t\t\t\t<\/div>\n\t\t\t\t<\/div>\n\t\t\t\t<div class=\"elementor-element elementor-element-2555467 elementor-widget elementor-widget-image\" data-id=\"2555467\" data-element_type=\"widget\" data-e-type=\"widget\" data-widget_type=\"image.default\">\n\t\t\t\t<div class=\"elementor-widget-container\">\n\t\t\t\t\t\t\t\t\t\t\t\t\t\t\t<img loading=\"lazy\" decoding=\"async\" width=\"640\" height=\"640\" src=\"https:\/\/www.capotex.com\/wp-content\/uploads\/2023\/07\/Longer-service-life-1.gif\" class=\"attachment-full size-full wp-image-25395\" alt=\"\" \/>\t\t\t\t\t\t\t\t\t\t\t\t\t\t\t<\/div>\n\t\t\t\t<\/div>\n\t\t\t\t<div class=\"elementor-element elementor-element-806dcb6 elementor-widget elementor-widget-text-editor\" data-id=\"806dcb6\" data-element_type=\"widget\" data-e-type=\"widget\" data-widget_type=\"text-editor.default\">\n\t\t\t\t<div class=\"elementor-widget-container\">\n\t\t\t\t\t\t\t\t\t<p>Les capots des bandes transporteuses offrent une protection contre l&rsquo;usure et les intemp\u00e9ries, prolongeant ainsi la dur\u00e9e de vie de la bande transporteuse elle-m\u00eame. En prolongeant la dur\u00e9e de vie de la courroie, le besoin de remplacements fr\u00e9quents est r\u00e9duit, ce qui se traduit par une moindre consommation de ressources et une diminution des d\u00e9chets.<\/p>\n\t\t\t\t\t\t\t\t<\/div>\n\t\t\t\t<\/div>\n\t\t\t\t<\/div>\n\t\t<div class=\"elementor-element elementor-element-83b5084 e-con-full e-flex e-con e-parent\" data-id=\"83b5084\" data-element_type=\"container\" data-e-type=\"container\" data-settings=\"{&quot;background_background&quot;:&quot;classic&quot;}\">\n\t\t\t\t<div class=\"elementor-element elementor-element-b0e0916 elementor-widget elementor-widget-heading\" data-id=\"b0e0916\" data-element_type=\"widget\" data-e-type=\"widget\" data-widget_type=\"heading.default\">\n\t\t\t\t<div class=\"elementor-widget-container\">\n\t\t\t\t\t<h2 class=\"elementor-heading-title elementor-size-default\">Recyclabilit\u00e9<\/h2>\t\t\t\t<\/div>\n\t\t\t\t<\/div>\n\t\t\t\t<div class=\"elementor-element elementor-element-f2cd7d8 elementor-widget elementor-widget-image\" data-id=\"f2cd7d8\" data-element_type=\"widget\" data-e-type=\"widget\" data-widget_type=\"image.default\">\n\t\t\t\t<div class=\"elementor-widget-container\">\n\t\t\t\t\t\t\t\t\t\t\t\t\t\t\t<img loading=\"lazy\" decoding=\"async\" width=\"640\" height=\"640\" src=\"https:\/\/www.capotex.com\/wp-content\/uploads\/2023\/07\/Recyclability-1.gif\" class=\"attachment-full size-full wp-image-25399\" alt=\"\" \/>\t\t\t\t\t\t\t\t\t\t\t\t\t\t\t<\/div>\n\t\t\t\t<\/div>\n\t\t\t\t<div class=\"elementor-element elementor-element-c9ba7f1 elementor-widget elementor-widget-text-editor\" data-id=\"c9ba7f1\" data-element_type=\"widget\" data-e-type=\"widget\" data-widget_type=\"text-editor.default\">\n\t\t\t\t<div class=\"elementor-widget-container\">\n\t\t\t\t\t\t\t\t\t<p>Lorsqu&rsquo;un capot de bande transporteuse arrive \u00e0 la fin de son cycle de vie, il peut souvent \u00eatre recycl\u00e9 ou r\u00e9utilis\u00e9. La plupart des capots de bandes transporteuses sont en acier, un produit recyclable \u00e0 97%.<\/p>\n\t\t\t\t\t\t\t\t<\/div>\n\t\t\t\t<\/div>\n\t\t\t\t<\/div>\n\t\t\t\t\t<\/div>\n\t\t\t\t<\/div>\n\t\t<div class=\"elementor-element elementor-element-2021be7 e-flex e-con-boxed e-con e-parent\" data-id=\"2021be7\" data-element_type=\"container\" data-e-type=\"container\">\n\t\t\t\t\t<div class=\"e-con-inner\">\n\t\t\t\t<div class=\"elementor-element elementor-element-e7fbdd8 elementor-widget elementor-widget-video\" data-id=\"e7fbdd8\" data-element_type=\"widget\" data-e-type=\"widget\" data-settings=\"{&quot;youtube_url&quot;:&quot;https:\\\/\\\/youtu.be\\\/ylSBb88Vr1k&quot;,&quot;video_type&quot;:&quot;youtube&quot;,&quot;controls&quot;:&quot;yes&quot;}\" data-widget_type=\"video.default\">\n\t\t\t\t<div class=\"elementor-widget-container\">\n\t\t\t\t\t\t\t<div class=\"elementor-wrapper elementor-open-inline\">\n\t\t\t<div class=\"elementor-video\"><\/div>\t\t<\/div>\n\t\t\t\t\t\t<\/div>\n\t\t\t\t<\/div>\n\t\t\t\t\t<\/div>\n\t\t\t\t<\/div>\n\t\t\t\t<\/div>\n\t\t","protected":false},"excerpt":{"rendered":"<p>Capoter une bande transporteuse pr\u00e9sente de grands avantages \u00e9cologiques. Pour une plan\u00e8te plus propre. R\u00e9ductions d&rsquo;\u00e9missions Les capots de bandes transporteuses peuvent contribuer \u00e0 contr\u00f4ler les \u00e9missions de poussi\u00e8res en contenant les particules \u00e0 l&rsquo;int\u00e9rieur du syst\u00e8me, les emp\u00eachant ainsi d&rsquo;\u00eatre lib\u00e9r\u00e9es dans l&rsquo;air. Le d\u00e9poussi\u00e9rage r\u00e9duit la pollution atmosph\u00e9rique et am\u00e9liore la qualit\u00e9 de [&hellip;]<\/p>\n","protected":false},"author":1,"featured_media":0,"parent":0,"menu_order":0,"comment_status":"closed","ping_status":"closed","template":"","meta":{"_joinchat":[],"footnotes":""},"tags":[],"class_list":["post-26538","page","type-page","status-publish","hentry"],"_links":{"self":[{"href":"https:\/\/www.capotex.com\/fr\/wp-json\/wp\/v2\/pages\/26538","targetHints":{"allow":["GET"]}}],"collection":[{"href":"https:\/\/www.capotex.com\/fr\/wp-json\/wp\/v2\/pages"}],"about":[{"href":"https:\/\/www.capotex.com\/fr\/wp-json\/wp\/v2\/types\/page"}],"author":[{"embeddable":true,"href":"https:\/\/www.capotex.com\/fr\/wp-json\/wp\/v2\/users\/1"}],"replies":[{"embeddable":true,"href":"https:\/\/www.capotex.com\/fr\/wp-json\/wp\/v2\/comments?post=26538"}],"version-history":[{"count":12,"href":"https:\/\/www.capotex.com\/fr\/wp-json\/wp\/v2\/pages\/26538\/revisions"}],"predecessor-version":[{"id":28970,"href":"https:\/\/www.capotex.com\/fr\/wp-json\/wp\/v2\/pages\/26538\/revisions\/28970"}],"wp:attachment":[{"href":"https:\/\/www.capotex.com\/fr\/wp-json\/wp\/v2\/media?parent=26538"}],"wp:term":[{"taxonomy":"post_tag","embeddable":true,"href":"https:\/\/www.capotex.com\/fr\/wp-json\/wp\/v2\/tags?post=26538"}],"curies":[{"name":"wp","href":"https:\/\/api.w.org\/{rel}","templated":true}]}}