{"id":30073,"date":"2023-12-05T09:35:22","date_gmt":"2023-12-05T08:35:22","guid":{"rendered":"https:\/\/www.capotex.com\/?page_id=30073"},"modified":"2024-09-03T09:18:16","modified_gmt":"2024-09-03T08:18:16","slug":"perou","status":"publish","type":"page","link":"https:\/\/www.capotex.com\/fr\/projets-capots-pour-convoyeurs\/perou\/","title":{"rendered":"Couvertures de convoyeurs \u00e0 bande P\u00e9rou"},"content":{"rendered":"\t\t<div data-elementor-type=\"wp-page\" data-elementor-id=\"30073\" class=\"elementor elementor-30073 elementor-30070\" data-elementor-post-type=\"page\">\n\t\t\t\t<div class=\"elementor-element elementor-element-c456375 e-flex e-con-boxed e-con e-parent\" data-id=\"c456375\" data-element_type=\"container\" data-e-type=\"container\">\n\t\t\t\t\t<div class=\"e-con-inner\">\n\t\t\t\t<div class=\"elementor-element elementor-element-6cfea41 elementor-widget elementor-widget-text-editor\" data-id=\"6cfea41\" data-element_type=\"widget\" data-e-type=\"widget\" data-widget_type=\"text-editor.default\">\n\t\t\t\t<div class=\"elementor-widget-container\">\n\t\t\t\t\t\t\t\t\t<p><a href=\"https:\/\/www.capotex.com\/fr\/projets-capots-pour-convoyeurs\/\">Retour \u00e0 tous les projets<\/a><\/p>\n\t\t\t\t\t\t\t\t<\/div>\n\t\t\t\t<\/div>\n\t\t\t\t<div class=\"elementor-element elementor-element-fdfd7ca elementor-widget elementor-widget-text-editor\" data-id=\"fdfd7ca\" data-element_type=\"widget\" data-e-type=\"widget\" data-widget_type=\"text-editor.default\">\n\t\t\t\t<div class=\"elementor-widget-container\">\n\t\t\t\t\t\t\t\t\t<p><a href=\"https:\/\/www.capotex.com\/fr\/projets-capots-pour-convoyeurs\/pologne\/\">Projet suivant (Pologne)<\/a><\/p>\t\t\t\t\t\t\t\t<\/div>\n\t\t\t\t<\/div>\n\t\t\t\t\t<\/div>\n\t\t\t\t<\/div>\n\t\t<div class=\"elementor-element elementor-element-e5a8a20 e-flex e-con-boxed e-con e-parent\" data-id=\"e5a8a20\" data-element_type=\"container\" data-e-type=\"container\">\n\t\t\t\t\t<div class=\"e-con-inner\">\n\t\t\t\t<div class=\"elementor-element elementor-element-bd1a147 elementor-widget elementor-widget-heading\" data-id=\"bd1a147\" data-element_type=\"widget\" data-e-type=\"widget\" data-widget_type=\"heading.default\">\n\t\t\t\t<div class=\"elementor-widget-container\">\n\t\t\t\t\t<h2 class=\"elementor-heading-title elementor-size-default\">Couvertures de convoyeurs \u00e0 bande P\u00e9rou<\/h2>\t\t\t\t<\/div>\n\t\t\t\t<\/div>\n\t\t\t\t\t<\/div>\n\t\t\t\t<\/div>\n\t\t<div class=\"elementor-element elementor-element-86ddd5c e-flex e-con-boxed e-con e-parent\" data-id=\"86ddd5c\" data-element_type=\"container\" data-e-type=\"container\">\n\t\t\t\t\t<div class=\"e-con-inner\">\n\t\t<div class=\"elementor-element elementor-element-1bc4188 e-con-full e-flex e-con e-child\" data-id=\"1bc4188\" data-element_type=\"container\" data-e-type=\"container\" data-settings=\"{&quot;background_background&quot;:&quot;classic&quot;}\">\n\t\t\t\t<div class=\"elementor-element elementor-element-847e603 elementor-widget elementor-widget-image\" data-id=\"847e603\" data-element_type=\"widget\" data-e-type=\"widget\" data-widget_type=\"image.default\">\n\t\t\t\t<div class=\"elementor-widget-container\">\n\t\t\t\t\t\t\t\t\t\t\t\t\t\t\t<img fetchpriority=\"high\" decoding=\"async\" width=\"640\" height=\"640\" src=\"https:\/\/www.capotex.com\/wp-content\/uploads\/2023\/05\/Count-numbers.gif\" class=\"attachment-full size-full wp-image-25920\" alt=\"\" \/>\t\t\t\t\t\t\t\t\t\t\t\t\t\t\t<\/div>\n\t\t\t\t<\/div>\n\t\t\t\t<div class=\"elementor-element elementor-element-da856c8 elementor-widget elementor-widget-heading\" data-id=\"da856c8\" data-element_type=\"widget\" data-e-type=\"widget\" data-widget_type=\"heading.default\">\n\t\t\t\t<div class=\"elementor-widget-container\">\n\t\t\t\t\t<h2 class=\"elementor-heading-title elementor-size-default\">Nombre de projets<\/h2>\t\t\t\t<\/div>\n\t\t\t\t<\/div>\n\t\t\t\t<div class=\"elementor-element elementor-element-06e20ab elementor-widget elementor-widget-text-editor\" data-id=\"06e20ab\" data-element_type=\"widget\" data-e-type=\"widget\" data-widget_type=\"text-editor.default\">\n\t\t\t\t<div class=\"elementor-widget-container\">\n\t\t\t\t\t\t\t\t\t<p>18<\/p>\n\t\t\t\t\t\t\t\t<\/div>\n\t\t\t\t<\/div>\n\t\t\t\t<\/div>\n\t\t<div class=\"elementor-element elementor-element-3f6c79c e-con-full e-flex e-con e-child\" data-id=\"3f6c79c\" data-element_type=\"container\" data-e-type=\"container\" data-settings=\"{&quot;background_background&quot;:&quot;classic&quot;}\">\n\t\t\t\t<div class=\"elementor-element elementor-element-e56f97b elementor-widget elementor-widget-image\" data-id=\"e56f97b\" data-element_type=\"widget\" data-e-type=\"widget\" data-widget_type=\"image.default\">\n\t\t\t\t<div class=\"elementor-widget-container\">\n\t\t\t\t\t\t\t\t\t\t\t\t\t\t\t<img decoding=\"async\" width=\"640\" height=\"640\" src=\"https:\/\/www.capotex.com\/wp-content\/uploads\/2023\/05\/Road.gif\" class=\"attachment-full size-full wp-image-25924\" alt=\"\" \/>\t\t\t\t\t\t\t\t\t\t\t\t\t\t\t<\/div>\n\t\t\t\t<\/div>\n\t\t\t\t<div class=\"elementor-element elementor-element-0f6429a elementor-widget elementor-widget-heading\" data-id=\"0f6429a\" data-element_type=\"widget\" data-e-type=\"widget\" data-widget_type=\"heading.default\">\n\t\t\t\t<div class=\"elementor-widget-container\">\n\t\t\t\t\t<h2 class=\"elementor-heading-title elementor-size-default\">Km couverts<\/h2>\t\t\t\t<\/div>\n\t\t\t\t<\/div>\n\t\t\t\t<div class=\"elementor-element elementor-element-297e598 elementor-widget elementor-widget-text-editor\" data-id=\"297e598\" data-element_type=\"widget\" data-e-type=\"widget\" data-widget_type=\"text-editor.default\">\n\t\t\t\t<div class=\"elementor-widget-container\">\n\t\t\t\t\t\t\t\t\t<p>17<\/p>\n\t\t\t\t\t\t\t\t<\/div>\n\t\t\t\t<\/div>\n\t\t\t\t<\/div>\n\t\t<div class=\"elementor-element elementor-element-7db21ab e-con-full e-flex e-con e-child\" data-id=\"7db21ab\" data-element_type=\"container\" data-e-type=\"container\" data-settings=\"{&quot;background_background&quot;:&quot;classic&quot;}\">\n\t\t\t\t<div class=\"elementor-element elementor-element-c056d32 elementor-widget elementor-widget-image\" data-id=\"c056d32\" data-element_type=\"widget\" data-e-type=\"widget\" data-widget_type=\"image.default\">\n\t\t\t\t<div class=\"elementor-widget-container\">\n\t\t\t\t\t\t\t\t\t\t\t\t\t\t\t<img decoding=\"async\" width=\"640\" height=\"640\" src=\"https:\/\/www.capotex.com\/wp-content\/uploads\/2023\/05\/Calendar.gif\" class=\"attachment-full size-full wp-image-25928\" alt=\"\" \/>\t\t\t\t\t\t\t\t\t\t\t\t\t\t\t<\/div>\n\t\t\t\t<\/div>\n\t\t\t\t<div class=\"elementor-element elementor-element-58ff99c elementor-widget elementor-widget-heading\" data-id=\"58ff99c\" data-element_type=\"widget\" data-e-type=\"widget\" data-widget_type=\"heading.default\">\n\t\t\t\t<div class=\"elementor-widget-container\">\n\t\t\t\t\t<h2 class=\"elementor-heading-title elementor-size-default\">Ann\u00e9e de d\u00e9marrage<\/h2>\t\t\t\t<\/div>\n\t\t\t\t<\/div>\n\t\t\t\t<div class=\"elementor-element elementor-element-18c3e90 elementor-widget elementor-widget-text-editor\" data-id=\"18c3e90\" data-element_type=\"widget\" data-e-type=\"widget\" data-widget_type=\"text-editor.default\">\n\t\t\t\t<div class=\"elementor-widget-container\">\n\t\t\t\t\t\t\t\t\t<p>2012<\/p>\n\t\t\t\t\t\t\t\t<\/div>\n\t\t\t\t<\/div>\n\t\t\t\t<\/div>\n\t\t\t\t\t<\/div>\n\t\t\t\t<\/div>\n\t\t<div class=\"elementor-element elementor-element-773d782 e-flex e-con-boxed e-con e-parent\" data-id=\"773d782\" data-element_type=\"container\" data-e-type=\"container\">\n\t\t\t\t\t<div class=\"e-con-inner\">\n\t\t\t\t<div class=\"elementor-element elementor-element-6ba1dcc elementor-widget elementor-widget-heading\" data-id=\"6ba1dcc\" data-element_type=\"widget\" data-e-type=\"widget\" data-widget_type=\"heading.default\">\n\t\t\t\t<div class=\"elementor-widget-container\">\n\t\t\t\t\t<h3 class=\"elementor-heading-title elementor-size-default\">Projet en vedette<\/h3>\t\t\t\t<\/div>\n\t\t\t\t<\/div>\n\t\t\t\t\t<\/div>\n\t\t\t\t<\/div>\n\t\t<div class=\"elementor-element elementor-element-605005a e-flex e-con-boxed e-con e-parent\" data-id=\"605005a\" data-element_type=\"container\" data-e-type=\"container\">\n\t\t\t\t\t<div class=\"e-con-inner\">\n\t\t<div class=\"elementor-element elementor-element-96582c5 e-con-full e-flex e-con e-child\" data-id=\"96582c5\" data-element_type=\"container\" data-e-type=\"container\">\n\t\t\t\t<div class=\"elementor-element elementor-element-b239d48 elementor-widget elementor-widget-heading\" data-id=\"b239d48\" data-element_type=\"widget\" data-e-type=\"widget\" data-widget_type=\"heading.default\">\n\t\t\t\t<div class=\"elementor-widget-container\">\n\t\t\t\t\t<h6 class=\"elementor-heading-title elementor-size-default\">Longueur<\/h6>\t\t\t\t<\/div>\n\t\t\t\t<\/div>\n\t\t\t\t<div class=\"elementor-element elementor-element-0193ae4 elementor-widget-divider--view-line_icon elementor-view-default elementor-widget-divider--element-align-center elementor-widget elementor-widget-divider\" data-id=\"0193ae4\" data-element_type=\"widget\" data-e-type=\"widget\" data-widget_type=\"divider.default\">\n\t\t\t\t<div class=\"elementor-widget-container\">\n\t\t\t\t\t\t\t<div class=\"elementor-divider\">\n\t\t\t<span class=\"elementor-divider-separator\">\n\t\t\t\t\t\t\t<div class=\"elementor-icon elementor-divider__element\">\n\t\t\t\t\t<i aria-hidden=\"true\" class=\"fas fa-ruler-horizontal\"><\/i><\/div>\n\t\t\t\t\t\t<\/span>\n\t\t<\/div>\n\t\t\t\t\t\t<\/div>\n\t\t\t\t<\/div>\n\t\t\t\t<div class=\"elementor-element elementor-element-6beb91b elementor-widget elementor-widget-text-editor\" data-id=\"6beb91b\" data-element_type=\"widget\" data-e-type=\"widget\" data-widget_type=\"text-editor.default\">\n\t\t\t\t<div class=\"elementor-widget-container\">\n\t\t\t\t\t\t\t\t\t<p>12,6 km<\/p>\n\t\t\t\t\t\t\t\t<\/div>\n\t\t\t\t<\/div>\n\t\t\t\t<\/div>\n\t\t<div class=\"elementor-element elementor-element-bf45f9a e-con-full e-flex e-con e-child\" data-id=\"bf45f9a\" data-element_type=\"container\" data-e-type=\"container\">\n\t\t\t\t<div class=\"elementor-element elementor-element-d2cd640 elementor-widget elementor-widget-heading\" data-id=\"d2cd640\" data-element_type=\"widget\" data-e-type=\"widget\" data-widget_type=\"heading.default\">\n\t\t\t\t<div class=\"elementor-widget-container\">\n\t\t\t\t\t<h6 class=\"elementor-heading-title elementor-size-default\">Mat\u00e9riel transport\u00e9<\/h6>\t\t\t\t<\/div>\n\t\t\t\t<\/div>\n\t\t\t\t<div class=\"elementor-element elementor-element-c194c75 elementor-widget-divider--view-line_icon elementor-view-default elementor-widget-divider--element-align-center elementor-widget elementor-widget-divider\" data-id=\"c194c75\" data-element_type=\"widget\" data-e-type=\"widget\" data-widget_type=\"divider.default\">\n\t\t\t\t<div class=\"elementor-widget-container\">\n\t\t\t\t\t\t\t<div class=\"elementor-divider\">\n\t\t\t<span class=\"elementor-divider-separator\">\n\t\t\t\t\t\t\t<div class=\"elementor-icon elementor-divider__element\">\n\t\t\t\t\t<i aria-hidden=\"true\" class=\"far fa-gem\"><\/i><\/div>\n\t\t\t\t\t\t<\/span>\n\t\t<\/div>\n\t\t\t\t\t\t<\/div>\n\t\t\t\t<\/div>\n\t\t\t\t<div class=\"elementor-element elementor-element-3b738a5 elementor-widget elementor-widget-text-editor\" data-id=\"3b738a5\" data-element_type=\"widget\" data-e-type=\"widget\" data-widget_type=\"text-editor.default\">\n\t\t\t\t<div class=\"elementor-widget-container\">\n\t\t\t\t\t\t\t\t\t<p>Cuivre et fer<\/p>\n\t\t\t\t\t\t\t\t<\/div>\n\t\t\t\t<\/div>\n\t\t\t\t<\/div>\n\t\t<div class=\"elementor-element elementor-element-8b42d0e e-con-full e-flex e-con e-child\" data-id=\"8b42d0e\" data-element_type=\"container\" data-e-type=\"container\">\n\t\t\t\t<div class=\"elementor-element elementor-element-d4507ac elementor-widget elementor-widget-heading\" data-id=\"d4507ac\" data-element_type=\"widget\" data-e-type=\"widget\" data-widget_type=\"heading.default\">\n\t\t\t\t<div class=\"elementor-widget-container\">\n\t\t\t\t\t<h6 class=\"elementor-heading-title elementor-size-default\">Mod\u00e8le de capot<\/h6>\t\t\t\t<\/div>\n\t\t\t\t<\/div>\n\t\t\t\t<div class=\"elementor-element elementor-element-a87a77e elementor-widget-divider--view-line_icon elementor-view-default elementor-widget-divider--element-align-center elementor-widget elementor-widget-divider\" data-id=\"a87a77e\" data-element_type=\"widget\" data-e-type=\"widget\" data-widget_type=\"divider.default\">\n\t\t\t\t<div class=\"elementor-widget-container\">\n\t\t\t\t\t\t\t<div class=\"elementor-divider\">\n\t\t\t<span class=\"elementor-divider-separator\">\n\t\t\t\t\t\t\t<div class=\"elementor-icon elementor-divider__element\">\n\t\t\t\t\t<svg xmlns=\"http:\/\/www.w3.org\/2000\/svg\" xmlns:xlink=\"http:\/\/www.w3.org\/1999\/xlink\" xmlns:serif=\"http:\/\/www.serif.com\/\" fill=\"#000000\" viewBox=\"0 0 64 64\" xml:space=\"preserve\" style=\"fill-rule:evenodd;clip-rule:evenodd;stroke-linejoin:round;stroke-miterlimit:2;\" transform=\"rotate(90)\"><g id=\"SVGRepo_bgCarrier\" stroke-width=\"0\"><\/g><g id=\"SVGRepo_tracerCarrier\" stroke-linecap=\"round\" stroke-linejoin=\"round\"><\/g><g id=\"SVGRepo_iconCarrier\"> <rect id=\"Icons\" x=\"-832\" y=\"-256\" width=\"1280\" height=\"800\" style=\"fill:none;\"><\/rect> <g id=\"Icons1\" serif:id=\"Icons\"> <g id=\"Strike\"> <\/g> <g id=\"H1\"> <\/g> <g id=\"H2\"> <\/g> <g id=\"H3\"> <\/g> <g id=\"list-ul\"> <\/g> <g id=\"hamburger-1\"> <\/g> <g id=\"hamburger-2\"> <\/g> <g id=\"list-ol\"> <\/g> <g id=\"list-task\"> <\/g> <g id=\"trash\"> <\/g> <g id=\"vertical-menu\"> <\/g> <g id=\"horizontal-menu\"> <\/g> <g id=\"sidebar-2\"> <\/g> <g id=\"Pen\"> <\/g> <g id=\"Pen1\" serif:id=\"Pen\"> <\/g> <g id=\"clock\"> <\/g> <g id=\"external-link\"> <\/g> <g id=\"hr\"> <\/g> <g id=\"info\"> <\/g> <g id=\"warning\"> <\/g> <g id=\"plus-circle\"> <\/g> <g id=\"minus-circle\"> <\/g> <g id=\"vue\"> <\/g> <g id=\"cog\"> <\/g> <g id=\"logo\"> <\/g> <path id=\"half-circle\" d=\"M32.076,7.963c-13.265,0 -24.018,10.754 -24.018,24.019c0,13.264 10.753,24.018 24.018,24.018l0,-4.013c-11.049,0 -20.006,-8.957 -20.006,-20.005c0,-11.049 8.957,-20.006 20.006,-20.006l0,-4.013Z\"><\/path> <g id=\"radio-check\"> <\/g> <g id=\"eye-slash\"> <\/g> <g id=\"eye\"> <\/g> <g id=\"toggle-off\"> <\/g> <g id=\"shredder\"> <\/g> <g id=\"spinner--loading--dots-\" serif:id=\"spinner [loading, dots]\"> <\/g> <g id=\"react\"> <\/g> <g id=\"check-selected\"> <\/g> <g id=\"turn-off\"> <\/g> <g id=\"code-block\"> <\/g> <g id=\"user\"> <\/g> <g id=\"coffee-bean\"> <\/g> <g id=\"coffee-beans\"> <g id=\"coffee-bean1\" serif:id=\"coffee-bean\"> <\/g> <\/g> <g id=\"coffee-bean-filled\"> <\/g> <g id=\"coffee-beans-filled\"> <g id=\"coffee-bean2\" serif:id=\"coffee-bean\"> <\/g> <\/g> <g id=\"clipboard\"> <\/g> <g id=\"clipboard-paste\"> <\/g> <g id=\"clipboard-copy\"> <\/g> <g id=\"Layer1\"> <\/g> <\/g> <\/g><\/svg><\/div>\n\t\t\t\t\t\t<\/span>\n\t\t<\/div>\n\t\t\t\t\t\t<\/div>\n\t\t\t\t<\/div>\n\t\t\t\t<div class=\"elementor-element elementor-element-b08cf19 elementor-widget elementor-widget-text-editor\" data-id=\"b08cf19\" data-element_type=\"widget\" data-e-type=\"widget\" data-widget_type=\"text-editor.default\">\n\t\t\t\t<div class=\"elementor-widget-container\">\n\t\t\t\t\t\t\t\t\t<p>Durban<\/p>\n\t\t\t\t\t\t\t\t<\/div>\n\t\t\t\t<\/div>\n\t\t\t\t<\/div>\n\t\t<div class=\"elementor-element elementor-element-72fd2cd e-con-full e-flex e-con e-child\" data-id=\"72fd2cd\" data-element_type=\"container\" data-e-type=\"container\">\n\t\t\t\t<div class=\"elementor-element elementor-element-2681a7c elementor-widget elementor-widget-heading\" data-id=\"2681a7c\" data-element_type=\"widget\" data-e-type=\"widget\" data-widget_type=\"heading.default\">\n\t\t\t\t<div class=\"elementor-widget-container\">\n\t\t\t\t\t<h6 class=\"elementor-heading-title elementor-size-default\">Mat\u00e9riau de capot<\/h6>\t\t\t\t<\/div>\n\t\t\t\t<\/div>\n\t\t\t\t<div class=\"elementor-element elementor-element-570ae20 elementor-widget-divider--view-line_icon elementor-view-default elementor-widget-divider--element-align-center elementor-widget elementor-widget-divider\" data-id=\"570ae20\" data-element_type=\"widget\" data-e-type=\"widget\" data-widget_type=\"divider.default\">\n\t\t\t\t<div class=\"elementor-widget-container\">\n\t\t\t\t\t\t\t<div class=\"elementor-divider\">\n\t\t\t<span class=\"elementor-divider-separator\">\n\t\t\t\t\t\t\t<div class=\"elementor-icon elementor-divider__element\">\n\t\t\t\t\t<svg xmlns=\"http:\/\/www.w3.org\/2000\/svg\" xmlns:xlink=\"http:\/\/www.w3.org\/1999\/xlink\" xmlns:serif=\"http:\/\/www.serif.com\/\" fill=\"#000000\" viewBox=\"0 0 64 64\" xml:space=\"preserve\" style=\"fill-rule:evenodd;clip-rule:evenodd;stroke-linejoin:round;stroke-miterlimit:2;\" transform=\"rotate(90)\"><g id=\"SVGRepo_bgCarrier\" stroke-width=\"0\"><\/g><g id=\"SVGRepo_tracerCarrier\" stroke-linecap=\"round\" stroke-linejoin=\"round\"><\/g><g id=\"SVGRepo_iconCarrier\"> <rect id=\"Icons\" x=\"-832\" y=\"-256\" width=\"1280\" height=\"800\" style=\"fill:none;\"><\/rect> <g id=\"Icons1\" serif:id=\"Icons\"> <g id=\"Strike\"> <\/g> <g id=\"H1\"> <\/g> <g id=\"H2\"> <\/g> <g id=\"H3\"> <\/g> <g id=\"list-ul\"> <\/g> <g id=\"hamburger-1\"> <\/g> <g id=\"hamburger-2\"> <\/g> <g id=\"list-ol\"> <\/g> <g id=\"list-task\"> <\/g> <g id=\"trash\"> <\/g> <g id=\"vertical-menu\"> <\/g> <g id=\"horizontal-menu\"> <\/g> <g id=\"sidebar-2\"> <\/g> <g id=\"Pen\"> <\/g> <g id=\"Pen1\" serif:id=\"Pen\"> <\/g> <g id=\"clock\"> <\/g> <g id=\"external-link\"> <\/g> <g id=\"hr\"> <\/g> <g id=\"info\"> <\/g> <g id=\"warning\"> <\/g> <g id=\"plus-circle\"> <\/g> <g id=\"minus-circle\"> <\/g> <g id=\"vue\"> <\/g> <g id=\"cog\"> <\/g> <g id=\"logo\"> <\/g> <path id=\"half-circle\" d=\"M32.076,7.963c-13.265,0 -24.018,10.754 -24.018,24.019c0,13.264 10.753,24.018 24.018,24.018l0,-4.013c-11.049,0 -20.006,-8.957 -20.006,-20.005c0,-11.049 8.957,-20.006 20.006,-20.006l0,-4.013Z\"><\/path> <g id=\"radio-check\"> <\/g> <g id=\"eye-slash\"> <\/g> <g id=\"eye\"> <\/g> <g id=\"toggle-off\"> <\/g> <g id=\"shredder\"> <\/g> <g id=\"spinner--loading--dots-\" serif:id=\"spinner [loading, dots]\"> <\/g> <g id=\"react\"> <\/g> <g id=\"check-selected\"> <\/g> <g id=\"turn-off\"> <\/g> <g id=\"code-block\"> <\/g> <g id=\"user\"> <\/g> <g id=\"coffee-bean\"> <\/g> <g id=\"coffee-beans\"> <g id=\"coffee-bean1\" serif:id=\"coffee-bean\"> <\/g> <\/g> <g id=\"coffee-bean-filled\"> <\/g> <g id=\"coffee-beans-filled\"> <g id=\"coffee-bean2\" serif:id=\"coffee-bean\"> <\/g> <\/g> <g id=\"clipboard\"> <\/g> <g id=\"clipboard-paste\"> <\/g> <g id=\"clipboard-copy\"> <\/g> <g id=\"Layer1\"> <\/g> <\/g> <\/g><\/svg><\/div>\n\t\t\t\t\t\t<\/span>\n\t\t<\/div>\n\t\t\t\t\t\t<\/div>\n\t\t\t\t<\/div>\n\t\t\t\t<div class=\"elementor-element elementor-element-76557e0 elementor-widget elementor-widget-text-editor\" data-id=\"76557e0\" data-element_type=\"widget\" data-e-type=\"widget\" data-widget_type=\"text-editor.default\">\n\t\t\t\t<div class=\"elementor-widget-container\">\n\t\t\t\t\t\t\t\t\t<p>Acier galvanis\u00e9<\/p>\n\t\t\t\t\t\t\t\t<\/div>\n\t\t\t\t<\/div>\n\t\t\t\t<\/div>\n\t\t\t\t\t<\/div>\n\t\t\t\t<\/div>\n\t\t<div class=\"elementor-element elementor-element-9684540 e-flex e-con-boxed e-con e-parent\" data-id=\"9684540\" data-element_type=\"container\" data-e-type=\"container\">\n\t\t\t\t\t<div class=\"e-con-inner\">\n\t\t<div class=\"elementor-element elementor-element-66bdf42 e-con-full e-flex e-con e-child\" data-id=\"66bdf42\" data-element_type=\"container\" data-e-type=\"container\">\n\t\t\t\t<div class=\"elementor-element elementor-element-1d0355d elementor-widget elementor-widget-image\" data-id=\"1d0355d\" data-element_type=\"widget\" data-e-type=\"widget\" data-widget_type=\"image.default\">\n\t\t\t\t<div class=\"elementor-widget-container\">\n\t\t\t\t\t\t\t\t\t\t\t\t\t\t\t<img loading=\"lazy\" decoding=\"async\" width=\"518\" height=\"252\" src=\"https:\/\/www.capotex.com\/wp-content\/uploads\/2023\/06\/Conveyor cover Per\u00fa.webp\" class=\"attachment-full size-full wp-image-24871\" alt=\"Couvertures de convoyeurs \u00e0 bande P\u00e9rou\" srcset=\"https:\/\/www.capotex.com\/wp-content\/uploads\/2023\/06\/Conveyor%20cover%20Per\u00fa.webp 518w, https:\/\/www.capotex.com\/wp-content\/uploads\/2023\/06\/Conveyor%20cover%20Per\u00fa-300x146.webp 300w\" sizes=\"(max-width: 518px) 100vw, 518px\" \/>\t\t\t\t\t\t\t\t\t\t\t\t\t\t\t<\/div>\n\t\t\t\t<\/div>\n\t\t\t\t<\/div>\n\t\t<div class=\"elementor-element elementor-element-eb0f252 e-con-full e-flex e-con e-child\" data-id=\"eb0f252\" data-element_type=\"container\" data-e-type=\"container\" data-settings=\"{&quot;background_background&quot;:&quot;classic&quot;}\">\n\t\t\t\t<div class=\"elementor-element elementor-element-c17a6a6 elementor-widget elementor-widget-text-editor\" data-id=\"c17a6a6\" data-element_type=\"widget\" data-e-type=\"widget\" data-widget_type=\"text-editor.default\">\n\t\t\t\t<div class=\"elementor-widget-container\">\n\t\t\t\t\t\t\t\t\t<p>Au P\u00e9rou, nous avons install\u00e9 des couvertures de bandes transporteuses \u00e0 <a href=\"https:\/\/www.linkedin.com\/company\/shougang-hierro-per-s.a.a.\/?originalSubdomain=pe\" target=\"_blank\" rel=\"noopener\">Las Bambas et \u00e0 Shougang.<\/a><\/p>\t\t\t\t\t\t\t\t<\/div>\n\t\t\t\t<\/div>\n\t\t\t\t<\/div>\n\t\t\t\t\t<\/div>\n\t\t\t\t<\/div>\n\t\t<div class=\"elementor-element elementor-element-ba6d72e e-flex e-con-boxed e-con e-parent\" data-id=\"ba6d72e\" data-element_type=\"container\" data-e-type=\"container\">\n\t\t\t\t\t<div class=\"e-con-inner\">\n\t\t<div class=\"elementor-element elementor-element-06707b9 e-con-full e-flex e-con e-child\" data-id=\"06707b9\" data-element_type=\"container\" data-e-type=\"container\">\n\t\t\t\t<div class=\"elementor-element elementor-element-597c47c elementor-widget elementor-widget-heading\" data-id=\"597c47c\" data-element_type=\"widget\" data-e-type=\"widget\" data-widget_type=\"heading.default\">\n\t\t\t\t<div class=\"elementor-widget-container\">\n\t\t\t\t\t<h3 class=\"elementor-heading-title elementor-size-default\">History<\/h3>\t\t\t\t<\/div>\n\t\t\t\t<\/div>\n\t\t\t\t<div class=\"elementor-element elementor-element-cd4ef52 elementor-widget elementor-widget-text-editor\" data-id=\"cd4ef52\" data-element_type=\"widget\" data-e-type=\"widget\" data-widget_type=\"text-editor.default\">\n\t\t\t\t<div class=\"elementor-widget-container\">\n\t\t\t\t\t\t\t\t\t<p>Nous visitons les soci\u00e9t\u00e9s d&rsquo;ing\u00e9nierie et participons \u00e0 tous les appels d&rsquo;offres pour les projets d\u00e9velopp\u00e9s au Chili et au P\u00e9rou, en proposant des solutions et en fabriquant nos couvertures sur mesure pour les couvertures de bandes transporteuses P\u00e9rou.<\/p>\n<p>Nous participons aux appels d&rsquo;offres pour les agrandissements et les nouveau.<\/p>\t\t\t\t\t\t\t\t<\/div>\n\t\t\t\t<\/div>\n\t\t\t\t<\/div>\n\t\t\t\t\t<\/div>\n\t\t\t\t<\/div>\n\t\t<div class=\"elementor-element elementor-element-84aac57 e-flex e-con-boxed e-con e-parent\" data-id=\"84aac57\" data-element_type=\"container\" data-e-type=\"container\">\n\t\t\t\t\t<div class=\"e-con-inner\">\n\t\t\t\t<div class=\"elementor-element elementor-element-9f88d3c elementor-widget elementor-widget-text-editor\" data-id=\"9f88d3c\" data-element_type=\"widget\" data-e-type=\"widget\" data-widget_type=\"text-editor.default\">\n\t\t\t\t<div class=\"elementor-widget-container\">\n\t\t\t\t\t\t\t\t\t<p><a href=\"https:\/\/www.capotex.com\/fr\/projets-capots-pour-convoyeurs\/\">Retour \u00e0 tous les projets<\/a><\/p>\n\t\t\t\t\t\t\t\t<\/div>\n\t\t\t\t<\/div>\n\t\t\t\t<div class=\"elementor-element elementor-element-f2c3e5d elementor-widget elementor-widget-text-editor\" data-id=\"f2c3e5d\" data-element_type=\"widget\" data-e-type=\"widget\" data-widget_type=\"text-editor.default\">\n\t\t\t\t<div class=\"elementor-widget-container\">\n\t\t\t\t\t\t\t\t\t<p><a href=\"https:\/\/www.capotex.com\/fr\/projets-capots-pour-convoyeurs\/pologne\/\">Projet suivant (Pologne)<\/a><\/p>\t\t\t\t\t\t\t\t<\/div>\n\t\t\t\t<\/div>\n\t\t\t\t\t<\/div>\n\t\t\t\t<\/div>\n\t\t\t\t<\/div>\n\t\t","protected":false},"excerpt":{"rendered":"<p>Retour \u00e0 tous les projets Projet suivant (Pologne) Nombre de projets 18 Km couverts 17 Ann\u00e9e de d\u00e9marrage 2012 Projet en vedette Longueur 12,6 km Mat\u00e9riel transport\u00e9 Cuivre et fer Mod\u00e8le de capot Durban Mat\u00e9riau de capot Acier galvanis\u00e9 Au P\u00e9rou, nous avons install\u00e9 des couvertures de bandes transporteuses \u00e0 Las Bambas et \u00e0 Shougang. [&hellip;]<\/p>\n","protected":false},"author":2,"featured_media":24871,"parent":26450,"menu_order":160,"comment_status":"closed","ping_status":"closed","template":"elementor_header_footer","meta":{"_joinchat":[],"footnotes":""},"tags":[91],"class_list":["post-30073","page","type-page","status-publish","has-post-thumbnail","hentry","tag-couvertures-de-convoyeurs-a-bande"],"_links":{"self":[{"href":"https:\/\/www.capotex.com\/fr\/wp-json\/wp\/v2\/pages\/30073","targetHints":{"allow":["GET"]}}],"collection":[{"href":"https:\/\/www.capotex.com\/fr\/wp-json\/wp\/v2\/pages"}],"about":[{"href":"https:\/\/www.capotex.com\/fr\/wp-json\/wp\/v2\/types\/page"}],"author":[{"embeddable":true,"href":"https:\/\/www.capotex.com\/fr\/wp-json\/wp\/v2\/users\/2"}],"replies":[{"embeddable":true,"href":"https:\/\/www.capotex.com\/fr\/wp-json\/wp\/v2\/comments?post=30073"}],"version-history":[{"count":25,"href":"https:\/\/www.capotex.com\/fr\/wp-json\/wp\/v2\/pages\/30073\/revisions"}],"predecessor-version":[{"id":36377,"href":"https:\/\/www.capotex.com\/fr\/wp-json\/wp\/v2\/pages\/30073\/revisions\/36377"}],"up":[{"embeddable":true,"href":"https:\/\/www.capotex.com\/fr\/wp-json\/wp\/v2\/pages\/26450"}],"wp:featuredmedia":[{"embeddable":true,"href":"https:\/\/www.capotex.com\/fr\/wp-json\/wp\/v2\/media\/24871"}],"wp:attachment":[{"href":"https:\/\/www.capotex.com\/fr\/wp-json\/wp\/v2\/media?parent=30073"}],"wp:term":[{"taxonomy":"post_tag","embeddable":true,"href":"https:\/\/www.capotex.com\/fr\/wp-json\/wp\/v2\/tags?post=30073"}],"curies":[{"name":"wp","href":"https:\/\/api.w.org\/{rel}","templated":true}]}}