{"id":30141,"date":"2023-12-05T09:53:05","date_gmt":"2023-12-05T08:53:05","guid":{"rendered":"https:\/\/www.capotex.com\/?page_id=30141"},"modified":"2025-01-15T10:16:08","modified_gmt":"2025-01-15T09:16:08","slug":"arabie-saudita","status":"publish","type":"page","link":"https:\/\/www.capotex.com\/fr\/projets-capots-pour-convoyeurs\/arabie-saudita\/","title":{"rendered":"Couvertures de convoyeurs \u00e0 bande Arabie Saoudite"},"content":{"rendered":"\t\t<div data-elementor-type=\"wp-page\" data-elementor-id=\"30141\" class=\"elementor elementor-30141 elementor-30138\" data-elementor-post-type=\"page\">\n\t\t\t\t<div class=\"elementor-element elementor-element-c456375 e-flex e-con-boxed e-con e-parent\" data-id=\"c456375\" data-element_type=\"container\" data-e-type=\"container\">\n\t\t\t\t\t<div class=\"e-con-inner\">\n\t\t\t\t<div class=\"elementor-element elementor-element-6cfea41 elementor-widget elementor-widget-text-editor\" data-id=\"6cfea41\" data-element_type=\"widget\" data-e-type=\"widget\" data-widget_type=\"text-editor.default\">\n\t\t\t\t<div class=\"elementor-widget-container\">\n\t\t\t\t\t\t\t\t\t<p><a href=\"https:\/\/www.capotex.com\/fr\/projets-capots-pour-convoyeurs\/\">Retour \u00e0 tous les projets<\/a><\/p>\n\t\t\t\t\t\t\t\t<\/div>\n\t\t\t\t<\/div>\n\t\t\t\t<div class=\"elementor-element elementor-element-47f057d elementor-widget elementor-widget-text-editor\" data-id=\"47f057d\" data-element_type=\"widget\" data-e-type=\"widget\" data-widget_type=\"text-editor.default\">\n\t\t\t\t<div class=\"elementor-widget-container\">\n\t\t\t\t\t\t\t\t\t<p><a href=\"https:\/\/www.capotex.com\/fr\/projets-capots-pour-convoyeurs\/bresil\/\">Projet suivant (Br\u00e9sil)<\/a><\/p>\t\t\t\t\t\t\t\t<\/div>\n\t\t\t\t<\/div>\n\t\t\t\t\t<\/div>\n\t\t\t\t<\/div>\n\t\t<div class=\"elementor-element elementor-element-30ddec6 e-flex e-con-boxed e-con e-parent\" data-id=\"30ddec6\" data-element_type=\"container\" data-e-type=\"container\">\n\t\t\t\t\t<div class=\"e-con-inner\">\n\t\t\t\t<div class=\"elementor-element elementor-element-4e4974b elementor-widget elementor-widget-heading\" data-id=\"4e4974b\" data-element_type=\"widget\" data-e-type=\"widget\" data-widget_type=\"heading.default\">\n\t\t\t\t<div class=\"elementor-widget-container\">\n\t\t\t\t\t<h2 class=\"elementor-heading-title elementor-size-default\">Couvertures de convoyeurs \u00e0 bande Arabie Saoudite<\/h2>\t\t\t\t<\/div>\n\t\t\t\t<\/div>\n\t\t\t\t\t<\/div>\n\t\t\t\t<\/div>\n\t\t<div class=\"elementor-element elementor-element-d5a6647 e-flex e-con-boxed e-con e-parent\" data-id=\"d5a6647\" data-element_type=\"container\" data-e-type=\"container\">\n\t\t\t\t\t<div class=\"e-con-inner\">\n\t\t<div class=\"elementor-element elementor-element-0e76df3 e-con-full e-flex e-con e-child\" data-id=\"0e76df3\" data-element_type=\"container\" data-e-type=\"container\" data-settings=\"{&quot;background_background&quot;:&quot;classic&quot;}\">\n\t\t\t\t<div class=\"elementor-element elementor-element-4a7dd32 elementor-widget elementor-widget-image\" data-id=\"4a7dd32\" data-element_type=\"widget\" data-e-type=\"widget\" data-widget_type=\"image.default\">\n\t\t\t\t<div class=\"elementor-widget-container\">\n\t\t\t\t\t\t\t\t\t\t\t\t\t\t\t<img fetchpriority=\"high\" decoding=\"async\" width=\"640\" height=\"640\" src=\"https:\/\/www.capotex.com\/wp-content\/uploads\/2023\/05\/Count-numbers.gif\" class=\"attachment-full size-full wp-image-25920\" alt=\"\" \/>\t\t\t\t\t\t\t\t\t\t\t\t\t\t\t<\/div>\n\t\t\t\t<\/div>\n\t\t\t\t<div class=\"elementor-element elementor-element-b6116fe elementor-widget elementor-widget-heading\" data-id=\"b6116fe\" data-element_type=\"widget\" data-e-type=\"widget\" data-widget_type=\"heading.default\">\n\t\t\t\t<div class=\"elementor-widget-container\">\n\t\t\t\t\t<h2 class=\"elementor-heading-title elementor-size-default\">Nombre de projets<\/h2>\t\t\t\t<\/div>\n\t\t\t\t<\/div>\n\t\t\t\t<div class=\"elementor-element elementor-element-cd9b9c6 elementor-widget elementor-widget-text-editor\" data-id=\"cd9b9c6\" data-element_type=\"widget\" data-e-type=\"widget\" data-widget_type=\"text-editor.default\">\n\t\t\t\t<div class=\"elementor-widget-container\">\n\t\t\t\t\t\t\t\t\t<p>10<\/p>\t\t\t\t\t\t\t\t<\/div>\n\t\t\t\t<\/div>\n\t\t\t\t<\/div>\n\t\t<div class=\"elementor-element elementor-element-10ddfed e-con-full e-flex e-con e-child\" data-id=\"10ddfed\" data-element_type=\"container\" data-e-type=\"container\" data-settings=\"{&quot;background_background&quot;:&quot;classic&quot;}\">\n\t\t\t\t<div class=\"elementor-element elementor-element-7b29194 elementor-widget elementor-widget-image\" data-id=\"7b29194\" data-element_type=\"widget\" data-e-type=\"widget\" data-widget_type=\"image.default\">\n\t\t\t\t<div class=\"elementor-widget-container\">\n\t\t\t\t\t\t\t\t\t\t\t\t\t\t\t<img decoding=\"async\" width=\"640\" height=\"640\" src=\"https:\/\/www.capotex.com\/wp-content\/uploads\/2023\/05\/Road.gif\" class=\"attachment-full size-full wp-image-25924\" alt=\"\" \/>\t\t\t\t\t\t\t\t\t\t\t\t\t\t\t<\/div>\n\t\t\t\t<\/div>\n\t\t\t\t<div class=\"elementor-element elementor-element-e6dbcb1 elementor-widget elementor-widget-heading\" data-id=\"e6dbcb1\" data-element_type=\"widget\" data-e-type=\"widget\" data-widget_type=\"heading.default\">\n\t\t\t\t<div class=\"elementor-widget-container\">\n\t\t\t\t\t<h2 class=\"elementor-heading-title elementor-size-default\">Km couverts<\/h2>\t\t\t\t<\/div>\n\t\t\t\t<\/div>\n\t\t\t\t<div class=\"elementor-element elementor-element-b56e4c5 elementor-widget elementor-widget-text-editor\" data-id=\"b56e4c5\" data-element_type=\"widget\" data-e-type=\"widget\" data-widget_type=\"text-editor.default\">\n\t\t\t\t<div class=\"elementor-widget-container\">\n\t\t\t\t\t\t\t\t\t<p>3<\/p>\t\t\t\t\t\t\t\t<\/div>\n\t\t\t\t<\/div>\n\t\t\t\t<\/div>\n\t\t<div class=\"elementor-element elementor-element-845e41a e-con-full e-flex e-con e-child\" data-id=\"845e41a\" data-element_type=\"container\" data-e-type=\"container\" data-settings=\"{&quot;background_background&quot;:&quot;classic&quot;}\">\n\t\t\t\t<div class=\"elementor-element elementor-element-9c63b35 elementor-widget elementor-widget-image\" data-id=\"9c63b35\" data-element_type=\"widget\" data-e-type=\"widget\" data-widget_type=\"image.default\">\n\t\t\t\t<div class=\"elementor-widget-container\">\n\t\t\t\t\t\t\t\t\t\t\t\t\t\t\t<img decoding=\"async\" width=\"640\" height=\"640\" src=\"https:\/\/www.capotex.com\/wp-content\/uploads\/2023\/05\/Calendar.gif\" class=\"attachment-full size-full wp-image-25928\" alt=\"\" \/>\t\t\t\t\t\t\t\t\t\t\t\t\t\t\t<\/div>\n\t\t\t\t<\/div>\n\t\t\t\t<div class=\"elementor-element elementor-element-5e0b728 elementor-widget elementor-widget-heading\" data-id=\"5e0b728\" data-element_type=\"widget\" data-e-type=\"widget\" data-widget_type=\"heading.default\">\n\t\t\t\t<div class=\"elementor-widget-container\">\n\t\t\t\t\t<h2 class=\"elementor-heading-title elementor-size-default\">Ann\u00e9e de d\u00e9marrage<\/h2>\t\t\t\t<\/div>\n\t\t\t\t<\/div>\n\t\t\t\t<div class=\"elementor-element elementor-element-1deb59b elementor-widget elementor-widget-text-editor\" data-id=\"1deb59b\" data-element_type=\"widget\" data-e-type=\"widget\" data-widget_type=\"text-editor.default\">\n\t\t\t\t<div class=\"elementor-widget-container\">\n\t\t\t\t\t\t\t\t\t<p>2007<\/p>\n\t\t\t\t\t\t\t\t<\/div>\n\t\t\t\t<\/div>\n\t\t\t\t<\/div>\n\t\t\t\t\t<\/div>\n\t\t\t\t<\/div>\n\t\t<div class=\"elementor-element elementor-element-f63650a e-flex e-con-boxed e-con e-parent\" data-id=\"f63650a\" data-element_type=\"container\" data-e-type=\"container\">\n\t\t\t\t\t<div class=\"e-con-inner\">\n\t\t\t\t<div class=\"elementor-element elementor-element-1f526ca elementor-widget elementor-widget-heading\" data-id=\"1f526ca\" data-element_type=\"widget\" data-e-type=\"widget\" data-widget_type=\"heading.default\">\n\t\t\t\t<div class=\"elementor-widget-container\">\n\t\t\t\t\t<h3 class=\"elementor-heading-title elementor-size-default\">Projet en vedette<\/h3>\t\t\t\t<\/div>\n\t\t\t\t<\/div>\n\t\t\t\t\t<\/div>\n\t\t\t\t<\/div>\n\t\t<div class=\"elementor-element elementor-element-3892787 e-flex e-con-boxed e-con e-parent\" data-id=\"3892787\" data-element_type=\"container\" data-e-type=\"container\">\n\t\t\t\t\t<div class=\"e-con-inner\">\n\t\t<div class=\"elementor-element elementor-element-2755b80 e-con-full e-flex e-con e-child\" data-id=\"2755b80\" data-element_type=\"container\" data-e-type=\"container\">\n\t\t\t\t<div class=\"elementor-element elementor-element-b40bd95 elementor-widget elementor-widget-heading\" data-id=\"b40bd95\" data-element_type=\"widget\" data-e-type=\"widget\" data-widget_type=\"heading.default\">\n\t\t\t\t<div class=\"elementor-widget-container\">\n\t\t\t\t\t<h6 class=\"elementor-heading-title elementor-size-default\">Mat\u00e9riel transport\u00e9<\/h6>\t\t\t\t<\/div>\n\t\t\t\t<\/div>\n\t\t\t\t<div class=\"elementor-element elementor-element-a73c4a6 elementor-widget-divider--view-line_icon elementor-view-default elementor-widget-divider--element-align-center elementor-widget elementor-widget-divider\" data-id=\"a73c4a6\" data-element_type=\"widget\" data-e-type=\"widget\" data-widget_type=\"divider.default\">\n\t\t\t\t<div class=\"elementor-widget-container\">\n\t\t\t\t\t\t\t<div class=\"elementor-divider\">\n\t\t\t<span class=\"elementor-divider-separator\">\n\t\t\t\t\t\t\t<div class=\"elementor-icon elementor-divider__element\">\n\t\t\t\t\t<i aria-hidden=\"true\" class=\"far fa-gem\"><\/i><\/div>\n\t\t\t\t\t\t<\/span>\n\t\t<\/div>\n\t\t\t\t\t\t<\/div>\n\t\t\t\t<\/div>\n\t\t\t\t<div class=\"elementor-element elementor-element-618f44e elementor-widget elementor-widget-text-editor\" data-id=\"618f44e\" data-element_type=\"widget\" data-e-type=\"widget\" data-widget_type=\"text-editor.default\">\n\t\t\t\t<div class=\"elementor-widget-container\">\n\t\t\t\t\t\t\t\t\t<p>Acide phosphorique<\/p>\n\t\t\t\t\t\t\t\t<\/div>\n\t\t\t\t<\/div>\n\t\t\t\t<\/div>\n\t\t<div class=\"elementor-element elementor-element-8954ca9 e-con-full e-flex e-con e-child\" data-id=\"8954ca9\" data-element_type=\"container\" data-e-type=\"container\">\n\t\t\t\t<div class=\"elementor-element elementor-element-64b7171 elementor-widget elementor-widget-heading\" data-id=\"64b7171\" data-element_type=\"widget\" data-e-type=\"widget\" data-widget_type=\"heading.default\">\n\t\t\t\t<div class=\"elementor-widget-container\">\n\t\t\t\t\t<h6 class=\"elementor-heading-title elementor-size-default\">Mod\u00e8le de capot<\/h6>\t\t\t\t<\/div>\n\t\t\t\t<\/div>\n\t\t\t\t<div class=\"elementor-element elementor-element-e975980 elementor-widget-divider--view-line_icon elementor-view-default elementor-widget-divider--element-align-center elementor-widget elementor-widget-divider\" data-id=\"e975980\" data-element_type=\"widget\" data-e-type=\"widget\" data-widget_type=\"divider.default\">\n\t\t\t\t<div class=\"elementor-widget-container\">\n\t\t\t\t\t\t\t<div class=\"elementor-divider\">\n\t\t\t<span class=\"elementor-divider-separator\">\n\t\t\t\t\t\t\t<div class=\"elementor-icon elementor-divider__element\">\n\t\t\t\t\t<svg xmlns=\"http:\/\/www.w3.org\/2000\/svg\" xmlns:xlink=\"http:\/\/www.w3.org\/1999\/xlink\" xmlns:serif=\"http:\/\/www.serif.com\/\" fill=\"#000000\" viewBox=\"0 0 64 64\" xml:space=\"preserve\" style=\"fill-rule:evenodd;clip-rule:evenodd;stroke-linejoin:round;stroke-miterlimit:2;\" transform=\"rotate(90)\"><g id=\"SVGRepo_bgCarrier\" stroke-width=\"0\"><\/g><g id=\"SVGRepo_tracerCarrier\" stroke-linecap=\"round\" stroke-linejoin=\"round\"><\/g><g id=\"SVGRepo_iconCarrier\"> <rect id=\"Icons\" x=\"-832\" y=\"-256\" width=\"1280\" height=\"800\" style=\"fill:none;\"><\/rect> <g id=\"Icons1\" serif:id=\"Icons\"> <g id=\"Strike\"> <\/g> <g id=\"H1\"> <\/g> <g id=\"H2\"> <\/g> <g id=\"H3\"> <\/g> <g id=\"list-ul\"> <\/g> <g id=\"hamburger-1\"> <\/g> <g id=\"hamburger-2\"> <\/g> <g id=\"list-ol\"> <\/g> <g id=\"list-task\"> <\/g> <g id=\"trash\"> <\/g> <g id=\"vertical-menu\"> <\/g> <g id=\"horizontal-menu\"> <\/g> <g id=\"sidebar-2\"> <\/g> <g id=\"Pen\"> <\/g> <g id=\"Pen1\" serif:id=\"Pen\"> <\/g> <g id=\"clock\"> <\/g> <g id=\"external-link\"> <\/g> <g id=\"hr\"> <\/g> <g id=\"info\"> <\/g> <g id=\"warning\"> <\/g> <g id=\"plus-circle\"> <\/g> <g id=\"minus-circle\"> <\/g> <g id=\"vue\"> <\/g> <g id=\"cog\"> <\/g> <g id=\"logo\"> <\/g> <path id=\"half-circle\" d=\"M32.076,7.963c-13.265,0 -24.018,10.754 -24.018,24.019c0,13.264 10.753,24.018 24.018,24.018l0,-4.013c-11.049,0 -20.006,-8.957 -20.006,-20.005c0,-11.049 8.957,-20.006 20.006,-20.006l0,-4.013Z\"><\/path> <g id=\"radio-check\"> <\/g> <g id=\"eye-slash\"> <\/g> <g id=\"eye\"> <\/g> <g id=\"toggle-off\"> <\/g> <g id=\"shredder\"> <\/g> <g id=\"spinner--loading--dots-\" serif:id=\"spinner [loading, dots]\"> <\/g> <g id=\"react\"> <\/g> <g id=\"check-selected\"> <\/g> <g id=\"turn-off\"> <\/g> <g id=\"code-block\"> <\/g> <g id=\"user\"> <\/g> <g id=\"coffee-bean\"> <\/g> <g id=\"coffee-beans\"> <g id=\"coffee-bean1\" serif:id=\"coffee-bean\"> <\/g> <\/g> <g id=\"coffee-bean-filled\"> <\/g> <g id=\"coffee-beans-filled\"> <g id=\"coffee-bean2\" serif:id=\"coffee-bean\"> <\/g> <\/g> <g id=\"clipboard\"> <\/g> <g id=\"clipboard-paste\"> <\/g> <g id=\"clipboard-copy\"> <\/g> <g id=\"Layer1\"> <\/g> <\/g> <\/g><\/svg><\/div>\n\t\t\t\t\t\t<\/span>\n\t\t<\/div>\n\t\t\t\t\t\t<\/div>\n\t\t\t\t<\/div>\n\t\t\t\t<div class=\"elementor-element elementor-element-9437163 elementor-widget elementor-widget-text-editor\" data-id=\"9437163\" data-element_type=\"widget\" data-e-type=\"widget\" data-widget_type=\"text-editor.default\">\n\t\t\t\t<div class=\"elementor-widget-container\">\n\t\t\t\t\t\t\t\t\t<div class=\"elementor-element elementor-element-78d3729 e-con-full e-flex e-con e-parent\" data-id=\"78d3729\" data-element_type=\"container\" data-settings=\"{\"content_width\":\"full\"}\" data-core-v316-plus=\"true\">\n<div class=\"elementor-element elementor-element-f1d70e8 elementor-widget elementor-widget-text-editor\" data-id=\"f1d70e8\" data-element_type=\"widget\" data-widget_type=\"text-editor.default\">\n<div class=\"elementor-widget-container\">Dakar + Madrid<\/div>\n<\/div>\n<\/div>\n\t\t\t\t\t\t\t\t<\/div>\n\t\t\t\t<\/div>\n\t\t\t\t<\/div>\n\t\t<div class=\"elementor-element elementor-element-dc8fd14 e-con-full e-flex e-con e-child\" data-id=\"dc8fd14\" data-element_type=\"container\" data-e-type=\"container\">\n\t\t\t\t<div class=\"elementor-element elementor-element-b767e1f elementor-widget elementor-widget-heading\" data-id=\"b767e1f\" data-element_type=\"widget\" data-e-type=\"widget\" data-widget_type=\"heading.default\">\n\t\t\t\t<div class=\"elementor-widget-container\">\n\t\t\t\t\t<h6 class=\"elementor-heading-title elementor-size-default\">Mat\u00e9riau de capot<\/h6>\t\t\t\t<\/div>\n\t\t\t\t<\/div>\n\t\t\t\t<div class=\"elementor-element elementor-element-f5d7433 elementor-widget-divider--view-line_icon elementor-view-default elementor-widget-divider--element-align-center elementor-widget elementor-widget-divider\" data-id=\"f5d7433\" data-element_type=\"widget\" data-e-type=\"widget\" data-widget_type=\"divider.default\">\n\t\t\t\t<div class=\"elementor-widget-container\">\n\t\t\t\t\t\t\t<div class=\"elementor-divider\">\n\t\t\t<span class=\"elementor-divider-separator\">\n\t\t\t\t\t\t\t<div class=\"elementor-icon elementor-divider__element\">\n\t\t\t\t\t<svg xmlns=\"http:\/\/www.w3.org\/2000\/svg\" xmlns:xlink=\"http:\/\/www.w3.org\/1999\/xlink\" xmlns:serif=\"http:\/\/www.serif.com\/\" fill=\"#000000\" viewBox=\"0 0 64 64\" xml:space=\"preserve\" style=\"fill-rule:evenodd;clip-rule:evenodd;stroke-linejoin:round;stroke-miterlimit:2;\" transform=\"rotate(90)\"><g id=\"SVGRepo_bgCarrier\" stroke-width=\"0\"><\/g><g id=\"SVGRepo_tracerCarrier\" stroke-linecap=\"round\" stroke-linejoin=\"round\"><\/g><g id=\"SVGRepo_iconCarrier\"> <rect id=\"Icons\" x=\"-832\" y=\"-256\" width=\"1280\" height=\"800\" style=\"fill:none;\"><\/rect> <g id=\"Icons1\" serif:id=\"Icons\"> <g id=\"Strike\"> <\/g> <g id=\"H1\"> <\/g> <g id=\"H2\"> <\/g> <g id=\"H3\"> <\/g> <g id=\"list-ul\"> <\/g> <g id=\"hamburger-1\"> <\/g> <g id=\"hamburger-2\"> <\/g> <g id=\"list-ol\"> <\/g> <g id=\"list-task\"> <\/g> <g id=\"trash\"> <\/g> <g id=\"vertical-menu\"> <\/g> <g id=\"horizontal-menu\"> <\/g> <g id=\"sidebar-2\"> <\/g> <g id=\"Pen\"> <\/g> <g id=\"Pen1\" serif:id=\"Pen\"> <\/g> <g id=\"clock\"> <\/g> <g id=\"external-link\"> <\/g> <g id=\"hr\"> <\/g> <g id=\"info\"> <\/g> <g id=\"warning\"> <\/g> <g id=\"plus-circle\"> <\/g> <g id=\"minus-circle\"> <\/g> <g id=\"vue\"> <\/g> <g id=\"cog\"> <\/g> <g id=\"logo\"> <\/g> <path id=\"half-circle\" d=\"M32.076,7.963c-13.265,0 -24.018,10.754 -24.018,24.019c0,13.264 10.753,24.018 24.018,24.018l0,-4.013c-11.049,0 -20.006,-8.957 -20.006,-20.005c0,-11.049 8.957,-20.006 20.006,-20.006l0,-4.013Z\"><\/path> <g id=\"radio-check\"> <\/g> <g id=\"eye-slash\"> <\/g> <g id=\"eye\"> <\/g> <g id=\"toggle-off\"> <\/g> <g id=\"shredder\"> <\/g> <g id=\"spinner--loading--dots-\" serif:id=\"spinner [loading, dots]\"> <\/g> <g id=\"react\"> <\/g> <g id=\"check-selected\"> <\/g> <g id=\"turn-off\"> <\/g> <g id=\"code-block\"> <\/g> <g id=\"user\"> <\/g> <g id=\"coffee-bean\"> <\/g> <g id=\"coffee-beans\"> <g id=\"coffee-bean1\" serif:id=\"coffee-bean\"> <\/g> <\/g> <g id=\"coffee-bean-filled\"> <\/g> <g id=\"coffee-beans-filled\"> <g id=\"coffee-bean2\" serif:id=\"coffee-bean\"> <\/g> <\/g> <g id=\"clipboard\"> <\/g> <g id=\"clipboard-paste\"> <\/g> <g id=\"clipboard-copy\"> <\/g> <g id=\"Layer1\"> <\/g> <\/g> <\/g><\/svg><\/div>\n\t\t\t\t\t\t<\/span>\n\t\t<\/div>\n\t\t\t\t\t\t<\/div>\n\t\t\t\t<\/div>\n\t\t\t\t<div class=\"elementor-element elementor-element-221246c elementor-widget elementor-widget-text-editor\" data-id=\"221246c\" data-element_type=\"widget\" data-e-type=\"widget\" data-widget_type=\"text-editor.default\">\n\t\t\t\t<div class=\"elementor-widget-container\">\n\t\t\t\t\t\t\t\t\t<p>HPS200<\/p>\n\t\t\t\t\t\t\t\t<\/div>\n\t\t\t\t<\/div>\n\t\t\t\t<\/div>\n\t\t\t\t\t<\/div>\n\t\t\t\t<\/div>\n\t\t<div class=\"elementor-element elementor-element-fd4edf0 e-flex e-con-boxed e-con e-parent\" data-id=\"fd4edf0\" data-element_type=\"container\" data-e-type=\"container\">\n\t\t\t\t\t<div class=\"e-con-inner\">\n\t\t<div class=\"elementor-element elementor-element-87052f4 e-con-full e-flex e-con e-child\" data-id=\"87052f4\" data-element_type=\"container\" data-e-type=\"container\">\n\t\t\t\t<div class=\"elementor-element elementor-element-bf6d3f8 elementor-widget elementor-widget-image\" data-id=\"bf6d3f8\" data-element_type=\"widget\" data-e-type=\"widget\" data-widget_type=\"image.default\">\n\t\t\t\t<div class=\"elementor-widget-container\">\n\t\t\t\t\t\t\t\t\t\t\t\t\t\t\t<img loading=\"lazy\" decoding=\"async\" width=\"518\" height=\"252\" src=\"https:\/\/www.capotex.com\/wp-content\/uploads\/2023\/06\/Conveyor cover Saudi Arabia.webp\" class=\"attachment-full size-full wp-image-24933\" alt=\"Couvertures de convoyeurs \u00e0 bande Arabie Saoudite\" srcset=\"https:\/\/www.capotex.com\/wp-content\/uploads\/2023\/06\/Conveyor%20cover%20Saudi%20Arabia.webp 518w, https:\/\/www.capotex.com\/wp-content\/uploads\/2023\/06\/Conveyor%20cover%20Saudi%20Arabia-300x146.webp 300w\" sizes=\"(max-width: 518px) 100vw, 518px\" \/>\t\t\t\t\t\t\t\t\t\t\t\t\t\t\t<\/div>\n\t\t\t\t<\/div>\n\t\t\t\t<\/div>\n\t\t<div class=\"elementor-element elementor-element-a80c272 e-con-full e-flex e-con e-child\" data-id=\"a80c272\" data-element_type=\"container\" data-e-type=\"container\" data-settings=\"{&quot;background_background&quot;:&quot;classic&quot;}\">\n\t\t\t\t<div class=\"elementor-element elementor-element-6267c2e elementor-widget elementor-widget-text-editor\" data-id=\"6267c2e\" data-element_type=\"widget\" data-e-type=\"widget\" data-widget_type=\"text-editor.default\">\n\t\t\t\t<div class=\"elementor-widget-container\">\n\t\t\t\t\t\t\t\t\t<p>L&rsquo;environnement sablonneux et poussi\u00e9reux de cette cimenterie a conduit \u00e0 l&rsquo;utilisation de poign\u00e9es ergonomiques comme meilleur support pour l&rsquo;installation et la maintenance.<\/p><p>Un profil\u00e9 en acier sp\u00e9cial a \u00e9t\u00e9 con\u00e7u pour supporter le capot et le crochet de pr\u00e9hension.<\/p><p>La solution compl\u00e8te a \u00e9t\u00e9 prototyp\u00e9e \u00e0 l&rsquo;\u00e9chelle 1:1, inspect\u00e9e physiquement et approuv\u00e9e par <a href=\"https:\/\/www.thyssenkrupp-materials.es\/\" target=\"_blank\" rel=\"noopener\">ThyssenKrupp.<\/a><\/p>\t\t\t\t\t\t\t\t<\/div>\n\t\t\t\t<\/div>\n\t\t\t\t<\/div>\n\t\t\t\t\t<\/div>\n\t\t\t\t<\/div>\n\t\t<div class=\"elementor-element elementor-element-bf6293f e-flex e-con-boxed e-con e-parent\" data-id=\"bf6293f\" data-element_type=\"container\" data-e-type=\"container\">\n\t\t\t\t\t<div class=\"e-con-inner\">\n\t\t\t\t<div class=\"elementor-element elementor-element-5252804 elementor-widget elementor-widget-text-editor\" data-id=\"5252804\" data-element_type=\"widget\" data-e-type=\"widget\" data-widget_type=\"text-editor.default\">\n\t\t\t\t<div class=\"elementor-widget-container\">\n\t\t\t\t\t\t\t\t\t<p><a href=\"https:\/\/www.capotex.com\/fr\/projets-capots-pour-convoyeurs\/\">Retour \u00e0 tous les projets<\/a><\/p>\n\t\t\t\t\t\t\t\t<\/div>\n\t\t\t\t<\/div>\n\t\t\t\t<div class=\"elementor-element elementor-element-5e3bd16 elementor-widget elementor-widget-text-editor\" data-id=\"5e3bd16\" data-element_type=\"widget\" data-e-type=\"widget\" data-widget_type=\"text-editor.default\">\n\t\t\t\t<div class=\"elementor-widget-container\">\n\t\t\t\t\t\t\t\t\t<p><a href=\"https:\/\/www.capotex.com\/fr\/projets-capots-pour-convoyeurs\/bresil\/\">Projet suivant (Br\u00e9sil)<\/a><\/p>\t\t\t\t\t\t\t\t<\/div>\n\t\t\t\t<\/div>\n\t\t\t\t\t<\/div>\n\t\t\t\t<\/div>\n\t\t\t\t<\/div>\n\t\t","protected":false},"excerpt":{"rendered":"<p>Retour \u00e0 tous les projets Projet suivant (Br\u00e9sil) Nombre de projets 10 Km couverts 3 Ann\u00e9e de d\u00e9marrage 2007 Projet en vedette Mat\u00e9riel transport\u00e9 Acide phosphorique Mod\u00e8le de capot Dakar + Madrid Mat\u00e9riau de capot HPS200 L&rsquo;environnement sablonneux et poussi\u00e9reux de cette cimenterie a conduit \u00e0 l&rsquo;utilisation de poign\u00e9es ergonomiques comme meilleur support pour l&rsquo;installation [&hellip;]<\/p>\n","protected":false},"author":2,"featured_media":24933,"parent":26450,"menu_order":190,"comment_status":"closed","ping_status":"closed","template":"elementor_header_footer","meta":{"_joinchat":[],"footnotes":""},"tags":[91],"class_list":["post-30141","page","type-page","status-publish","has-post-thumbnail","hentry","tag-couvertures-de-convoyeurs-a-bande"],"_links":{"self":[{"href":"https:\/\/www.capotex.com\/fr\/wp-json\/wp\/v2\/pages\/30141","targetHints":{"allow":["GET"]}}],"collection":[{"href":"https:\/\/www.capotex.com\/fr\/wp-json\/wp\/v2\/pages"}],"about":[{"href":"https:\/\/www.capotex.com\/fr\/wp-json\/wp\/v2\/types\/page"}],"author":[{"embeddable":true,"href":"https:\/\/www.capotex.com\/fr\/wp-json\/wp\/v2\/users\/2"}],"replies":[{"embeddable":true,"href":"https:\/\/www.capotex.com\/fr\/wp-json\/wp\/v2\/comments?post=30141"}],"version-history":[{"count":21,"href":"https:\/\/www.capotex.com\/fr\/wp-json\/wp\/v2\/pages\/30141\/revisions"}],"predecessor-version":[{"id":36969,"href":"https:\/\/www.capotex.com\/fr\/wp-json\/wp\/v2\/pages\/30141\/revisions\/36969"}],"up":[{"embeddable":true,"href":"https:\/\/www.capotex.com\/fr\/wp-json\/wp\/v2\/pages\/26450"}],"wp:featuredmedia":[{"embeddable":true,"href":"https:\/\/www.capotex.com\/fr\/wp-json\/wp\/v2\/media\/24933"}],"wp:attachment":[{"href":"https:\/\/www.capotex.com\/fr\/wp-json\/wp\/v2\/media?parent=30141"}],"wp:term":[{"taxonomy":"post_tag","embeddable":true,"href":"https:\/\/www.capotex.com\/fr\/wp-json\/wp\/v2\/tags?post=30141"}],"curies":[{"name":"wp","href":"https:\/\/api.w.org\/{rel}","templated":true}]}}