{"id":30160,"date":"2023-12-05T09:58:47","date_gmt":"2023-12-05T08:58:47","guid":{"rendered":"https:\/\/www.capotex.com\/?page_id=30160"},"modified":"2024-09-03T09:19:25","modified_gmt":"2024-09-03T08:19:25","slug":"senegal","status":"publish","type":"page","link":"https:\/\/www.capotex.com\/fr\/projets-capots-pour-convoyeurs\/senegal\/","title":{"rendered":"Capots pour convoyeurs S\u00e9n\u00e9gal"},"content":{"rendered":"\t\t<div data-elementor-type=\"wp-page\" data-elementor-id=\"30160\" class=\"elementor elementor-30160 elementor-30157\" data-elementor-post-type=\"page\">\n\t\t\t\t<div class=\"elementor-element elementor-element-c456375 e-flex e-con-boxed e-con e-parent\" data-id=\"c456375\" data-element_type=\"container\" data-e-type=\"container\">\n\t\t\t\t\t<div class=\"e-con-inner\">\n\t\t\t\t<div class=\"elementor-element elementor-element-6cfea41 elementor-widget elementor-widget-text-editor\" data-id=\"6cfea41\" data-element_type=\"widget\" data-e-type=\"widget\" data-widget_type=\"text-editor.default\">\n\t\t\t\t<div class=\"elementor-widget-container\">\n\t\t\t\t\t\t\t\t\t<p><a href=\"https:\/\/www.capotex.com\/fr\/projets-capots-pour-convoyeurs\/\">Retour \u00e0 tous les projets<\/a><\/p>\n\t\t\t\t\t\t\t\t<\/div>\n\t\t\t\t<\/div>\n\t\t\t\t<div class=\"elementor-element elementor-element-2f64d35 elementor-widget elementor-widget-text-editor\" data-id=\"2f64d35\" data-element_type=\"widget\" data-e-type=\"widget\" data-widget_type=\"text-editor.default\">\n\t\t\t\t<div class=\"elementor-widget-container\">\n\t\t\t\t\t\t\t\t\t<p><a href=\"https:\/\/www.capotex.com\/fr\/projets-capots-pour-convoyeurs\/suisse\/\">Projet suivant (Suisse)<\/a><\/p>\t\t\t\t\t\t\t\t<\/div>\n\t\t\t\t<\/div>\n\t\t\t\t\t<\/div>\n\t\t\t\t<\/div>\n\t\t<div class=\"elementor-element elementor-element-3570de0 e-flex e-con-boxed e-con e-parent\" data-id=\"3570de0\" data-element_type=\"container\" data-e-type=\"container\">\n\t\t\t\t\t<div class=\"e-con-inner\">\n\t\t\t\t<div class=\"elementor-element elementor-element-7ebd008 elementor-widget elementor-widget-heading\" data-id=\"7ebd008\" data-element_type=\"widget\" data-e-type=\"widget\" data-widget_type=\"heading.default\">\n\t\t\t\t<div class=\"elementor-widget-container\">\n\t\t\t\t\t<h2 class=\"elementor-heading-title elementor-size-default\">Capots pour convoyeurs S\u00e9n\u00e9gal<\/h2>\t\t\t\t<\/div>\n\t\t\t\t<\/div>\n\t\t\t\t\t<\/div>\n\t\t\t\t<\/div>\n\t\t<div class=\"elementor-element elementor-element-a766e2f e-flex e-con-boxed e-con e-parent\" data-id=\"a766e2f\" data-element_type=\"container\" data-e-type=\"container\">\n\t\t\t\t\t<div class=\"e-con-inner\">\n\t\t<div class=\"elementor-element elementor-element-10aa3a2 e-con-full e-flex e-con e-child\" data-id=\"10aa3a2\" data-element_type=\"container\" data-e-type=\"container\" data-settings=\"{&quot;background_background&quot;:&quot;classic&quot;}\">\n\t\t\t\t<div class=\"elementor-element elementor-element-64a7dda elementor-widget elementor-widget-image\" data-id=\"64a7dda\" data-element_type=\"widget\" data-e-type=\"widget\" data-widget_type=\"image.default\">\n\t\t\t\t<div class=\"elementor-widget-container\">\n\t\t\t\t\t\t\t\t\t\t\t\t\t\t\t<img fetchpriority=\"high\" decoding=\"async\" width=\"640\" height=\"640\" src=\"https:\/\/www.capotex.com\/wp-content\/uploads\/2023\/05\/Count-numbers.gif\" class=\"attachment-full size-full wp-image-25920\" alt=\"\" \/>\t\t\t\t\t\t\t\t\t\t\t\t\t\t\t<\/div>\n\t\t\t\t<\/div>\n\t\t\t\t<div class=\"elementor-element elementor-element-b0e5c58 elementor-widget elementor-widget-heading\" data-id=\"b0e5c58\" data-element_type=\"widget\" data-e-type=\"widget\" data-widget_type=\"heading.default\">\n\t\t\t\t<div class=\"elementor-widget-container\">\n\t\t\t\t\t<h2 class=\"elementor-heading-title elementor-size-default\">Nombre de projets<\/h2>\t\t\t\t<\/div>\n\t\t\t\t<\/div>\n\t\t\t\t<div class=\"elementor-element elementor-element-9e0c849 elementor-widget elementor-widget-text-editor\" data-id=\"9e0c849\" data-element_type=\"widget\" data-e-type=\"widget\" data-widget_type=\"text-editor.default\">\n\t\t\t\t<div class=\"elementor-widget-container\">\n\t\t\t\t\t\t\t\t\t<p>1<\/p>\n\t\t\t\t\t\t\t\t<\/div>\n\t\t\t\t<\/div>\n\t\t\t\t<\/div>\n\t\t<div class=\"elementor-element elementor-element-d8203be e-con-full e-flex e-con e-child\" data-id=\"d8203be\" data-element_type=\"container\" data-e-type=\"container\" data-settings=\"{&quot;background_background&quot;:&quot;classic&quot;}\">\n\t\t\t\t<div class=\"elementor-element elementor-element-77c5966 elementor-widget elementor-widget-image\" data-id=\"77c5966\" data-element_type=\"widget\" data-e-type=\"widget\" data-widget_type=\"image.default\">\n\t\t\t\t<div class=\"elementor-widget-container\">\n\t\t\t\t\t\t\t\t\t\t\t\t\t\t\t<img decoding=\"async\" width=\"640\" height=\"640\" src=\"https:\/\/www.capotex.com\/wp-content\/uploads\/2023\/05\/Road.gif\" class=\"attachment-full size-full wp-image-25924\" alt=\"\" \/>\t\t\t\t\t\t\t\t\t\t\t\t\t\t\t<\/div>\n\t\t\t\t<\/div>\n\t\t\t\t<div class=\"elementor-element elementor-element-1c5bf76 elementor-widget elementor-widget-heading\" data-id=\"1c5bf76\" data-element_type=\"widget\" data-e-type=\"widget\" data-widget_type=\"heading.default\">\n\t\t\t\t<div class=\"elementor-widget-container\">\n\t\t\t\t\t<h2 class=\"elementor-heading-title elementor-size-default\">Km couverts<\/h2>\t\t\t\t<\/div>\n\t\t\t\t<\/div>\n\t\t\t\t<div class=\"elementor-element elementor-element-77a79e3 elementor-widget elementor-widget-text-editor\" data-id=\"77a79e3\" data-element_type=\"widget\" data-e-type=\"widget\" data-widget_type=\"text-editor.default\">\n\t\t\t\t<div class=\"elementor-widget-container\">\n\t\t\t\t\t\t\t\t\t<p>6.5<\/p>\n\t\t\t\t\t\t\t\t<\/div>\n\t\t\t\t<\/div>\n\t\t\t\t<\/div>\n\t\t<div class=\"elementor-element elementor-element-b67147b e-con-full e-flex e-con e-child\" data-id=\"b67147b\" data-element_type=\"container\" data-e-type=\"container\" data-settings=\"{&quot;background_background&quot;:&quot;classic&quot;}\">\n\t\t\t\t<div class=\"elementor-element elementor-element-5400112 elementor-widget elementor-widget-image\" data-id=\"5400112\" data-element_type=\"widget\" data-e-type=\"widget\" data-widget_type=\"image.default\">\n\t\t\t\t<div class=\"elementor-widget-container\">\n\t\t\t\t\t\t\t\t\t\t\t\t\t\t\t<img decoding=\"async\" width=\"640\" height=\"640\" src=\"https:\/\/www.capotex.com\/wp-content\/uploads\/2023\/05\/Calendar.gif\" class=\"attachment-full size-full wp-image-25928\" alt=\"\" \/>\t\t\t\t\t\t\t\t\t\t\t\t\t\t\t<\/div>\n\t\t\t\t<\/div>\n\t\t\t\t<div class=\"elementor-element elementor-element-3e2539b elementor-widget elementor-widget-heading\" data-id=\"3e2539b\" data-element_type=\"widget\" data-e-type=\"widget\" data-widget_type=\"heading.default\">\n\t\t\t\t<div class=\"elementor-widget-container\">\n\t\t\t\t\t<h2 class=\"elementor-heading-title elementor-size-default\">Ann\u00e9e de d\u00e9marrage<\/h2>\t\t\t\t<\/div>\n\t\t\t\t<\/div>\n\t\t\t\t<div class=\"elementor-element elementor-element-c3362f5 elementor-widget elementor-widget-text-editor\" data-id=\"c3362f5\" data-element_type=\"widget\" data-e-type=\"widget\" data-widget_type=\"text-editor.default\">\n\t\t\t\t<div class=\"elementor-widget-container\">\n\t\t\t\t\t\t\t\t\t<p>2003<\/p>\n\t\t\t\t\t\t\t\t<\/div>\n\t\t\t\t<\/div>\n\t\t\t\t<\/div>\n\t\t\t\t\t<\/div>\n\t\t\t\t<\/div>\n\t\t<div class=\"elementor-element elementor-element-6f2a553 e-flex e-con-boxed e-con e-parent\" data-id=\"6f2a553\" data-element_type=\"container\" data-e-type=\"container\">\n\t\t\t\t\t<div class=\"e-con-inner\">\n\t\t\t\t<div class=\"elementor-element elementor-element-c9d9f92 elementor-widget elementor-widget-heading\" data-id=\"c9d9f92\" data-element_type=\"widget\" data-e-type=\"widget\" data-widget_type=\"heading.default\">\n\t\t\t\t<div class=\"elementor-widget-container\">\n\t\t\t\t\t<h3 class=\"elementor-heading-title elementor-size-default\">Projet en vedette<\/h3>\t\t\t\t<\/div>\n\t\t\t\t<\/div>\n\t\t\t\t\t<\/div>\n\t\t\t\t<\/div>\n\t\t<div class=\"elementor-element elementor-element-392fc52 e-flex e-con-boxed e-con e-parent\" data-id=\"392fc52\" data-element_type=\"container\" data-e-type=\"container\">\n\t\t\t\t\t<div class=\"e-con-inner\">\n\t\t<div class=\"elementor-element elementor-element-4ebe7a2 e-con-full e-flex e-con e-child\" data-id=\"4ebe7a2\" data-element_type=\"container\" data-e-type=\"container\">\n\t\t\t\t<div class=\"elementor-element elementor-element-bef6059 elementor-widget elementor-widget-heading\" data-id=\"bef6059\" data-element_type=\"widget\" data-e-type=\"widget\" data-widget_type=\"heading.default\">\n\t\t\t\t<div class=\"elementor-widget-container\">\n\t\t\t\t\t<h6 class=\"elementor-heading-title elementor-size-default\">Longueur<\/h6>\t\t\t\t<\/div>\n\t\t\t\t<\/div>\n\t\t\t\t<div class=\"elementor-element elementor-element-16ff2fc elementor-widget-divider--view-line_icon elementor-view-default elementor-widget-divider--element-align-center elementor-widget elementor-widget-divider\" data-id=\"16ff2fc\" data-element_type=\"widget\" data-e-type=\"widget\" data-widget_type=\"divider.default\">\n\t\t\t\t<div class=\"elementor-widget-container\">\n\t\t\t\t\t\t\t<div class=\"elementor-divider\">\n\t\t\t<span class=\"elementor-divider-separator\">\n\t\t\t\t\t\t\t<div class=\"elementor-icon elementor-divider__element\">\n\t\t\t\t\t<i aria-hidden=\"true\" class=\"fas fa-ruler-horizontal\"><\/i><\/div>\n\t\t\t\t\t\t<\/span>\n\t\t<\/div>\n\t\t\t\t\t\t<\/div>\n\t\t\t\t<\/div>\n\t\t\t\t<div class=\"elementor-element elementor-element-30a2a53 elementor-widget elementor-widget-text-editor\" data-id=\"30a2a53\" data-element_type=\"widget\" data-e-type=\"widget\" data-widget_type=\"text-editor.default\">\n\t\t\t\t<div class=\"elementor-widget-container\">\n\t\t\t\t\t\t\t\t\t<p>6,5 km<\/p>\n\t\t\t\t\t\t\t\t<\/div>\n\t\t\t\t<\/div>\n\t\t\t\t<\/div>\n\t\t<div class=\"elementor-element elementor-element-cac489d e-con-full e-flex e-con e-child\" data-id=\"cac489d\" data-element_type=\"container\" data-e-type=\"container\">\n\t\t\t\t<div class=\"elementor-element elementor-element-188fb1c elementor-widget elementor-widget-heading\" data-id=\"188fb1c\" data-element_type=\"widget\" data-e-type=\"widget\" data-widget_type=\"heading.default\">\n\t\t\t\t<div class=\"elementor-widget-container\">\n\t\t\t\t\t<h6 class=\"elementor-heading-title elementor-size-default\">Mat\u00e9riel transport\u00e9<\/h6>\t\t\t\t<\/div>\n\t\t\t\t<\/div>\n\t\t\t\t<div class=\"elementor-element elementor-element-a91158f elementor-widget-divider--view-line_icon elementor-view-default elementor-widget-divider--element-align-center elementor-widget elementor-widget-divider\" data-id=\"a91158f\" data-element_type=\"widget\" data-e-type=\"widget\" data-widget_type=\"divider.default\">\n\t\t\t\t<div class=\"elementor-widget-container\">\n\t\t\t\t\t\t\t<div class=\"elementor-divider\">\n\t\t\t<span class=\"elementor-divider-separator\">\n\t\t\t\t\t\t\t<div class=\"elementor-icon elementor-divider__element\">\n\t\t\t\t\t<i aria-hidden=\"true\" class=\"far fa-gem\"><\/i><\/div>\n\t\t\t\t\t\t<\/span>\n\t\t<\/div>\n\t\t\t\t\t\t<\/div>\n\t\t\t\t<\/div>\n\t\t\t\t<div class=\"elementor-element elementor-element-e85d06b elementor-widget elementor-widget-text-editor\" data-id=\"e85d06b\" data-element_type=\"widget\" data-e-type=\"widget\" data-widget_type=\"text-editor.default\">\n\t\t\t\t<div class=\"elementor-widget-container\">\n\t\t\t\t\t\t\t\t\t<div class=\"elementor-element elementor-element-c776af4 e-con-full e-flex e-con e-parent\" data-id=\"c776af4\" data-element_type=\"container\" data-settings=\"{\"content_width\":\"full\"}\" data-core-v316-plus=\"true\">\n<div class=\"elementor-element elementor-element-374b755 elementor-widget elementor-widget-text-editor\" data-id=\"374b755\" data-element_type=\"widget\" data-widget_type=\"text-editor.default\">\n<div class=\"elementor-widget-container\">Acide phosphorique<\/div>\n<\/div>\n<\/div>\n\t\t\t\t\t\t\t\t<\/div>\n\t\t\t\t<\/div>\n\t\t\t\t<\/div>\n\t\t<div class=\"elementor-element elementor-element-3382d6e e-con-full e-flex e-con e-child\" data-id=\"3382d6e\" data-element_type=\"container\" data-e-type=\"container\">\n\t\t\t\t<div class=\"elementor-element elementor-element-6723557 elementor-widget elementor-widget-heading\" data-id=\"6723557\" data-element_type=\"widget\" data-e-type=\"widget\" data-widget_type=\"heading.default\">\n\t\t\t\t<div class=\"elementor-widget-container\">\n\t\t\t\t\t<h6 class=\"elementor-heading-title elementor-size-default\">Mod\u00e8le de capot<\/h6>\t\t\t\t<\/div>\n\t\t\t\t<\/div>\n\t\t\t\t<div class=\"elementor-element elementor-element-3eb876d elementor-widget-divider--view-line_icon elementor-view-default elementor-widget-divider--element-align-center elementor-widget elementor-widget-divider\" data-id=\"3eb876d\" data-element_type=\"widget\" data-e-type=\"widget\" data-widget_type=\"divider.default\">\n\t\t\t\t<div class=\"elementor-widget-container\">\n\t\t\t\t\t\t\t<div class=\"elementor-divider\">\n\t\t\t<span class=\"elementor-divider-separator\">\n\t\t\t\t\t\t\t<div class=\"elementor-icon elementor-divider__element\">\n\t\t\t\t\t<svg xmlns=\"http:\/\/www.w3.org\/2000\/svg\" xmlns:xlink=\"http:\/\/www.w3.org\/1999\/xlink\" xmlns:serif=\"http:\/\/www.serif.com\/\" fill=\"#000000\" viewBox=\"0 0 64 64\" xml:space=\"preserve\" style=\"fill-rule:evenodd;clip-rule:evenodd;stroke-linejoin:round;stroke-miterlimit:2;\" transform=\"rotate(90)\"><g id=\"SVGRepo_bgCarrier\" stroke-width=\"0\"><\/g><g id=\"SVGRepo_tracerCarrier\" stroke-linecap=\"round\" stroke-linejoin=\"round\"><\/g><g id=\"SVGRepo_iconCarrier\"> <rect id=\"Icons\" x=\"-832\" y=\"-256\" width=\"1280\" height=\"800\" style=\"fill:none;\"><\/rect> <g id=\"Icons1\" serif:id=\"Icons\"> <g id=\"Strike\"> <\/g> <g id=\"H1\"> <\/g> <g id=\"H2\"> <\/g> <g id=\"H3\"> <\/g> <g id=\"list-ul\"> <\/g> <g id=\"hamburger-1\"> <\/g> <g id=\"hamburger-2\"> <\/g> <g id=\"list-ol\"> <\/g> <g id=\"list-task\"> <\/g> <g id=\"trash\"> <\/g> <g id=\"vertical-menu\"> <\/g> <g id=\"horizontal-menu\"> <\/g> <g id=\"sidebar-2\"> <\/g> <g id=\"Pen\"> <\/g> <g id=\"Pen1\" serif:id=\"Pen\"> <\/g> <g id=\"clock\"> <\/g> <g id=\"external-link\"> <\/g> <g id=\"hr\"> <\/g> <g id=\"info\"> <\/g> <g id=\"warning\"> <\/g> <g id=\"plus-circle\"> <\/g> <g id=\"minus-circle\"> <\/g> <g id=\"vue\"> <\/g> <g id=\"cog\"> <\/g> <g id=\"logo\"> <\/g> <path id=\"half-circle\" d=\"M32.076,7.963c-13.265,0 -24.018,10.754 -24.018,24.019c0,13.264 10.753,24.018 24.018,24.018l0,-4.013c-11.049,0 -20.006,-8.957 -20.006,-20.005c0,-11.049 8.957,-20.006 20.006,-20.006l0,-4.013Z\"><\/path> <g id=\"radio-check\"> <\/g> <g id=\"eye-slash\"> <\/g> <g id=\"eye\"> <\/g> <g id=\"toggle-off\"> <\/g> <g id=\"shredder\"> <\/g> <g id=\"spinner--loading--dots-\" serif:id=\"spinner [loading, dots]\"> <\/g> <g id=\"react\"> <\/g> <g id=\"check-selected\"> <\/g> <g id=\"turn-off\"> <\/g> <g id=\"code-block\"> <\/g> <g id=\"user\"> <\/g> <g id=\"coffee-bean\"> <\/g> <g id=\"coffee-beans\"> <g id=\"coffee-bean1\" serif:id=\"coffee-bean\"> <\/g> <\/g> <g id=\"coffee-bean-filled\"> <\/g> <g id=\"coffee-beans-filled\"> <g id=\"coffee-bean2\" serif:id=\"coffee-bean\"> <\/g> <\/g> <g id=\"clipboard\"> <\/g> <g id=\"clipboard-paste\"> <\/g> <g id=\"clipboard-copy\"> <\/g> <g id=\"Layer1\"> <\/g> <\/g> <\/g><\/svg><\/div>\n\t\t\t\t\t\t<\/span>\n\t\t<\/div>\n\t\t\t\t\t\t<\/div>\n\t\t\t\t<\/div>\n\t\t\t\t<div class=\"elementor-element elementor-element-999a2d8 elementor-widget elementor-widget-text-editor\" data-id=\"999a2d8\" data-element_type=\"widget\" data-e-type=\"widget\" data-widget_type=\"text-editor.default\">\n\t\t\t\t<div class=\"elementor-widget-container\">\n\t\t\t\t\t\t\t\t\t<p>Berlin<\/p>\n\t\t\t\t\t\t\t\t<\/div>\n\t\t\t\t<\/div>\n\t\t\t\t<\/div>\n\t\t<div class=\"elementor-element elementor-element-93bec86 e-con-full e-flex e-con e-child\" data-id=\"93bec86\" data-element_type=\"container\" data-e-type=\"container\">\n\t\t\t\t<div class=\"elementor-element elementor-element-2523ec5 elementor-widget elementor-widget-heading\" data-id=\"2523ec5\" data-element_type=\"widget\" data-e-type=\"widget\" data-widget_type=\"heading.default\">\n\t\t\t\t<div class=\"elementor-widget-container\">\n\t\t\t\t\t<h6 class=\"elementor-heading-title elementor-size-default\">Mat\u00e9riau de capot<\/h6>\t\t\t\t<\/div>\n\t\t\t\t<\/div>\n\t\t\t\t<div class=\"elementor-element elementor-element-d6e6d2c elementor-widget-divider--view-line_icon elementor-view-default elementor-widget-divider--element-align-center elementor-widget elementor-widget-divider\" data-id=\"d6e6d2c\" data-element_type=\"widget\" data-e-type=\"widget\" data-widget_type=\"divider.default\">\n\t\t\t\t<div class=\"elementor-widget-container\">\n\t\t\t\t\t\t\t<div class=\"elementor-divider\">\n\t\t\t<span class=\"elementor-divider-separator\">\n\t\t\t\t\t\t\t<div class=\"elementor-icon elementor-divider__element\">\n\t\t\t\t\t<svg xmlns=\"http:\/\/www.w3.org\/2000\/svg\" xmlns:xlink=\"http:\/\/www.w3.org\/1999\/xlink\" xmlns:serif=\"http:\/\/www.serif.com\/\" fill=\"#000000\" viewBox=\"0 0 64 64\" xml:space=\"preserve\" style=\"fill-rule:evenodd;clip-rule:evenodd;stroke-linejoin:round;stroke-miterlimit:2;\" transform=\"rotate(90)\"><g id=\"SVGRepo_bgCarrier\" stroke-width=\"0\"><\/g><g id=\"SVGRepo_tracerCarrier\" stroke-linecap=\"round\" stroke-linejoin=\"round\"><\/g><g id=\"SVGRepo_iconCarrier\"> <rect id=\"Icons\" x=\"-832\" y=\"-256\" width=\"1280\" height=\"800\" style=\"fill:none;\"><\/rect> <g id=\"Icons1\" serif:id=\"Icons\"> <g id=\"Strike\"> <\/g> <g id=\"H1\"> <\/g> <g id=\"H2\"> <\/g> <g id=\"H3\"> <\/g> <g id=\"list-ul\"> <\/g> <g id=\"hamburger-1\"> <\/g> <g id=\"hamburger-2\"> <\/g> <g id=\"list-ol\"> <\/g> <g id=\"list-task\"> <\/g> <g id=\"trash\"> <\/g> <g id=\"vertical-menu\"> <\/g> <g id=\"horizontal-menu\"> <\/g> <g id=\"sidebar-2\"> <\/g> <g id=\"Pen\"> <\/g> <g id=\"Pen1\" serif:id=\"Pen\"> <\/g> <g id=\"clock\"> <\/g> <g id=\"external-link\"> <\/g> <g id=\"hr\"> <\/g> <g id=\"info\"> <\/g> <g id=\"warning\"> <\/g> <g id=\"plus-circle\"> <\/g> <g id=\"minus-circle\"> <\/g> <g id=\"vue\"> <\/g> <g id=\"cog\"> <\/g> <g id=\"logo\"> <\/g> <path id=\"half-circle\" d=\"M32.076,7.963c-13.265,0 -24.018,10.754 -24.018,24.019c0,13.264 10.753,24.018 24.018,24.018l0,-4.013c-11.049,0 -20.006,-8.957 -20.006,-20.005c0,-11.049 8.957,-20.006 20.006,-20.006l0,-4.013Z\"><\/path> <g id=\"radio-check\"> <\/g> <g id=\"eye-slash\"> <\/g> <g id=\"eye\"> <\/g> <g id=\"toggle-off\"> <\/g> <g id=\"shredder\"> <\/g> <g id=\"spinner--loading--dots-\" serif:id=\"spinner [loading, dots]\"> <\/g> <g id=\"react\"> <\/g> <g id=\"check-selected\"> <\/g> <g id=\"turn-off\"> <\/g> <g id=\"code-block\"> <\/g> <g id=\"user\"> <\/g> <g id=\"coffee-bean\"> <\/g> <g id=\"coffee-beans\"> <g id=\"coffee-bean1\" serif:id=\"coffee-bean\"> <\/g> <\/g> <g id=\"coffee-bean-filled\"> <\/g> <g id=\"coffee-beans-filled\"> <g id=\"coffee-bean2\" serif:id=\"coffee-bean\"> <\/g> <\/g> <g id=\"clipboard\"> <\/g> <g id=\"clipboard-paste\"> <\/g> <g id=\"clipboard-copy\"> <\/g> <g id=\"Layer1\"> <\/g> <\/g> <\/g><\/svg><\/div>\n\t\t\t\t\t\t<\/span>\n\t\t<\/div>\n\t\t\t\t\t\t<\/div>\n\t\t\t\t<\/div>\n\t\t\t\t<div class=\"elementor-element elementor-element-df9f2e5 elementor-widget elementor-widget-text-editor\" data-id=\"df9f2e5\" data-element_type=\"widget\" data-e-type=\"widget\" data-widget_type=\"text-editor.default\">\n\t\t\t\t<div class=\"elementor-widget-container\">\n\t\t\t\t\t\t\t\t\t<p>Acier galvanis\u00e9<\/p>\n\t\t\t\t\t\t\t\t<\/div>\n\t\t\t\t<\/div>\n\t\t\t\t<\/div>\n\t\t\t\t\t<\/div>\n\t\t\t\t<\/div>\n\t\t<div class=\"elementor-element elementor-element-ba2c9b7 e-flex e-con-boxed e-con e-parent\" data-id=\"ba2c9b7\" data-element_type=\"container\" data-e-type=\"container\">\n\t\t\t\t\t<div class=\"e-con-inner\">\n\t\t<div class=\"elementor-element elementor-element-150f8ee e-con-full e-flex e-con e-child\" data-id=\"150f8ee\" data-element_type=\"container\" data-e-type=\"container\">\n\t\t\t\t<div class=\"elementor-element elementor-element-4464e1d elementor-widget elementor-widget-image\" data-id=\"4464e1d\" data-element_type=\"widget\" data-e-type=\"widget\" data-widget_type=\"image.default\">\n\t\t\t\t<div class=\"elementor-widget-container\">\n\t\t\t\t\t\t\t\t\t\t\t\t\t\t\t<img loading=\"lazy\" decoding=\"async\" width=\"950\" height=\"711\" src=\"https:\/\/www.capotex.com\/wp-content\/uploads\/2023\/05\/Conveyor cover Senegal.webp\" class=\"attachment-full size-full wp-image-2635\" alt=\"Capots pour convoyeurs S\u00e9n\u00e9gal\" srcset=\"https:\/\/www.capotex.com\/wp-content\/uploads\/2023\/05\/Conveyor%20cover%20Senegal.webp 950w, https:\/\/www.capotex.com\/wp-content\/uploads\/2023\/05\/Conveyor%20cover%20Senegal-300x225.webp 300w, https:\/\/www.capotex.com\/wp-content\/uploads\/2023\/05\/Conveyor%20cover%20Senegal-768x575.webp 768w\" sizes=\"(max-width: 950px) 100vw, 950px\" \/>\t\t\t\t\t\t\t\t\t\t\t\t\t\t\t<\/div>\n\t\t\t\t<\/div>\n\t\t\t\t<\/div>\n\t\t<div class=\"elementor-element elementor-element-6065a66 e-con-full e-flex e-con e-child\" data-id=\"6065a66\" data-element_type=\"container\" data-e-type=\"container\" data-settings=\"{&quot;background_background&quot;:&quot;classic&quot;}\">\n\t\t\t\t<div class=\"elementor-element elementor-element-0261c84 elementor-widget elementor-widget-text-editor\" data-id=\"0261c84\" data-element_type=\"widget\" data-e-type=\"widget\" data-widget_type=\"text-editor.default\">\n\t\t\t\t<div class=\"elementor-widget-container\">\n\t\t\t\t\t\t\t\t\t<p>Pour ce projet, CAPOTEX a propos\u00e9 le mod\u00e8le BERLIN.<\/p>\n<p>Cette conception a permis un acc\u00e8s total et une inspection visuelle des deux c\u00f4t\u00e9s.<\/p>\n<p>L&rsquo;angle ouvert a \u00e9t\u00e9 calcul\u00e9 pour r\u00e9sister au vent et lui permettre de passer \u00e0 travers la bande afin d&rsquo;\u00e9viter un effet de voile et de pr\u00e9venir un \u00e9ventuel d\u00e9placement de la bande.<\/p>\n<p>Le climat de cette r\u00e9gion est extr\u00eamement sec, c&rsquo;est pourquoi de l&rsquo;acier galvanis\u00e9 a \u00e9t\u00e9 utilis\u00e9 pour ce projet.<\/p>\n\t\t\t\t\t\t\t\t<\/div>\n\t\t\t\t<\/div>\n\t\t\t\t<\/div>\n\t\t\t\t\t<\/div>\n\t\t\t\t<\/div>\n\t\t<div class=\"elementor-element elementor-element-01d97c4 e-flex e-con-boxed e-con e-parent\" data-id=\"01d97c4\" data-element_type=\"container\" data-e-type=\"container\">\n\t\t\t\t\t<div class=\"e-con-inner\">\n\t\t\t\t<div class=\"elementor-element elementor-element-e5f1677 elementor-widget elementor-widget-text-editor\" data-id=\"e5f1677\" data-element_type=\"widget\" data-e-type=\"widget\" data-widget_type=\"text-editor.default\">\n\t\t\t\t<div class=\"elementor-widget-container\">\n\t\t\t\t\t\t\t\t\t<p><a href=\"https:\/\/www.capotex.com\/fr\/projets-capots-pour-convoyeurs\/\">Retour \u00e0 tous les projets<\/a><\/p>\n\t\t\t\t\t\t\t\t<\/div>\n\t\t\t\t<\/div>\n\t\t\t\t<div class=\"elementor-element elementor-element-cac7f25 elementor-widget elementor-widget-text-editor\" data-id=\"cac7f25\" data-element_type=\"widget\" data-e-type=\"widget\" data-widget_type=\"text-editor.default\">\n\t\t\t\t<div class=\"elementor-widget-container\">\n\t\t\t\t\t\t\t\t\t<p><a href=\"https:\/\/www.capotex.com\/fr\/projets-capots-pour-convoyeurs\/suisse\/\">Projet suivant (Suisse)<\/a><\/p>\t\t\t\t\t\t\t\t<\/div>\n\t\t\t\t<\/div>\n\t\t\t\t\t<\/div>\n\t\t\t\t<\/div>\n\t\t\t\t<\/div>\n\t\t","protected":false},"excerpt":{"rendered":"<p>Retour \u00e0 tous les projets Projet suivant (Suisse) Nombre de projets 1 Km couverts 6.5 Ann\u00e9e de d\u00e9marrage 2003 Projet en vedette Longueur 6,5 km Mat\u00e9riel transport\u00e9 Acide phosphorique Mod\u00e8le de capot Berlin Mat\u00e9riau de capot Acier galvanis\u00e9 Pour ce projet, CAPOTEX a propos\u00e9 le mod\u00e8le BERLIN. Cette conception a permis un acc\u00e8s total et [&hellip;]<\/p>\n","protected":false},"author":2,"featured_media":2635,"parent":26450,"menu_order":200,"comment_status":"closed","ping_status":"closed","template":"elementor_header_footer","meta":{"_joinchat":[],"footnotes":""},"tags":[91],"class_list":["post-30160","page","type-page","status-publish","has-post-thumbnail","hentry","tag-couvertures-de-convoyeurs-a-bande"],"_links":{"self":[{"href":"https:\/\/www.capotex.com\/fr\/wp-json\/wp\/v2\/pages\/30160","targetHints":{"allow":["GET"]}}],"collection":[{"href":"https:\/\/www.capotex.com\/fr\/wp-json\/wp\/v2\/pages"}],"about":[{"href":"https:\/\/www.capotex.com\/fr\/wp-json\/wp\/v2\/types\/page"}],"author":[{"embeddable":true,"href":"https:\/\/www.capotex.com\/fr\/wp-json\/wp\/v2\/users\/2"}],"replies":[{"embeddable":true,"href":"https:\/\/www.capotex.com\/fr\/wp-json\/wp\/v2\/comments?post=30160"}],"version-history":[{"count":15,"href":"https:\/\/www.capotex.com\/fr\/wp-json\/wp\/v2\/pages\/30160\/revisions"}],"predecessor-version":[{"id":36380,"href":"https:\/\/www.capotex.com\/fr\/wp-json\/wp\/v2\/pages\/30160\/revisions\/36380"}],"up":[{"embeddable":true,"href":"https:\/\/www.capotex.com\/fr\/wp-json\/wp\/v2\/pages\/26450"}],"wp:featuredmedia":[{"embeddable":true,"href":"https:\/\/www.capotex.com\/fr\/wp-json\/wp\/v2\/media\/2635"}],"wp:attachment":[{"href":"https:\/\/www.capotex.com\/fr\/wp-json\/wp\/v2\/media?parent=30160"}],"wp:term":[{"taxonomy":"post_tag","embeddable":true,"href":"https:\/\/www.capotex.com\/fr\/wp-json\/wp\/v2\/tags?post=30160"}],"curies":[{"name":"wp","href":"https:\/\/api.w.org\/{rel}","templated":true}]}}