{"id":30481,"date":"2023-12-08T13:35:45","date_gmt":"2023-12-08T12:35:45","guid":{"rendered":"https:\/\/www.capotex.com\/?page_id=30481"},"modified":"2026-02-13T10:38:39","modified_gmt":"2026-02-13T09:38:39","slug":"usa","status":"publish","type":"page","link":"https:\/\/www.capotex.com\/fr\/projets-capots-pour-convoyeurs\/usa\/","title":{"rendered":"Capots de convoyeurs Etats-Unis"},"content":{"rendered":"\t\t<div data-elementor-type=\"wp-page\" data-elementor-id=\"30481\" class=\"elementor elementor-30481 elementor-30478\" data-elementor-post-type=\"page\">\n\t\t\t\t<div class=\"elementor-element elementor-element-faf9681 e-flex e-con-boxed e-con e-parent\" data-id=\"faf9681\" data-element_type=\"container\" data-e-type=\"container\">\n\t\t\t\t\t<div class=\"e-con-inner\">\n\t\t\t\t<div class=\"elementor-element elementor-element-119c676 elementor-widget elementor-widget-text-editor\" data-id=\"119c676\" data-element_type=\"widget\" data-e-type=\"widget\" data-widget_type=\"text-editor.default\">\n\t\t\t\t<div class=\"elementor-widget-container\">\n\t\t\t\t\t\t\t\t\t<p><a href=\"https:\/\/www.capotex.com\/fr\/projets-capots-pour-convoyeurs\/\">Retour \u00e0 tous les projets<\/a><\/p>\n\t\t\t\t\t\t\t\t<\/div>\n\t\t\t\t<\/div>\n\t\t\t\t<div class=\"elementor-element elementor-element-e47cd48 elementor-widget elementor-widget-text-editor\" data-id=\"e47cd48\" data-element_type=\"widget\" data-e-type=\"widget\" data-widget_type=\"text-editor.default\">\n\t\t\t\t<div class=\"elementor-widget-container\">\n\t\t\t\t\t\t\t\t\t<p><a href=\"https:\/\/www.capotex.com\/fr\/projets-capots-pour-convoyeurs\/finlande\/\">Prochain projet (Finlande)<\/a><\/p>\t\t\t\t\t\t\t\t<\/div>\n\t\t\t\t<\/div>\n\t\t\t\t\t<\/div>\n\t\t\t\t<\/div>\n\t\t<div class=\"elementor-element elementor-element-2a39e4a e-flex e-con-boxed e-con e-parent\" data-id=\"2a39e4a\" data-element_type=\"container\" data-e-type=\"container\">\n\t\t\t\t\t<div class=\"e-con-inner\">\n\t\t\t\t\t<\/div>\n\t\t\t\t<\/div>\n\t\t<div class=\"elementor-element elementor-element-4c8ce58 e-flex e-con-boxed e-con e-parent\" data-id=\"4c8ce58\" data-element_type=\"container\" data-e-type=\"container\">\n\t\t\t\t\t<div class=\"e-con-inner\">\n\t\t<div class=\"elementor-element elementor-element-68874fb e-con-full e-flex e-con e-child\" data-id=\"68874fb\" data-element_type=\"container\" data-e-type=\"container\" data-settings=\"{&quot;background_background&quot;:&quot;classic&quot;}\">\n\t\t\t\t<div class=\"elementor-element elementor-element-5570dae elementor-widget elementor-widget-image\" data-id=\"5570dae\" data-element_type=\"widget\" data-e-type=\"widget\" data-widget_type=\"image.default\">\n\t\t\t\t<div class=\"elementor-widget-container\">\n\t\t\t\t\t\t\t\t\t\t\t\t\t\t\t<img fetchpriority=\"high\" decoding=\"async\" width=\"640\" height=\"640\" src=\"https:\/\/www.capotex.com\/wp-content\/uploads\/2023\/05\/Count-numbers.gif\" class=\"attachment-full size-full wp-image-25920\" alt=\"\" \/>\t\t\t\t\t\t\t\t\t\t\t\t\t\t\t<\/div>\n\t\t\t\t<\/div>\n\t\t\t\t<div class=\"elementor-element elementor-element-9abe7f4 elementor-widget elementor-widget-heading\" data-id=\"9abe7f4\" data-element_type=\"widget\" data-e-type=\"widget\" data-widget_type=\"heading.default\">\n\t\t\t\t<div class=\"elementor-widget-container\">\n\t\t\t\t\t<h2 class=\"elementor-heading-title elementor-size-default\">Nombre de projets<\/h2>\t\t\t\t<\/div>\n\t\t\t\t<\/div>\n\t\t\t\t<div class=\"elementor-element elementor-element-593d027 elementor-widget elementor-widget-text-editor\" data-id=\"593d027\" data-element_type=\"widget\" data-e-type=\"widget\" data-widget_type=\"text-editor.default\">\n\t\t\t\t<div class=\"elementor-widget-container\">\n\t\t\t\t\t\t\t\t\t<p>264<\/p>\t\t\t\t\t\t\t\t<\/div>\n\t\t\t\t<\/div>\n\t\t\t\t<\/div>\n\t\t<div class=\"elementor-element elementor-element-0dc5456 e-con-full e-flex e-con e-child\" data-id=\"0dc5456\" data-element_type=\"container\" data-e-type=\"container\" data-settings=\"{&quot;background_background&quot;:&quot;classic&quot;}\">\n\t\t\t\t<div class=\"elementor-element elementor-element-80c1a1a elementor-widget elementor-widget-image\" data-id=\"80c1a1a\" data-element_type=\"widget\" data-e-type=\"widget\" data-widget_type=\"image.default\">\n\t\t\t\t<div class=\"elementor-widget-container\">\n\t\t\t\t\t\t\t\t\t\t\t\t\t\t\t<img decoding=\"async\" width=\"640\" height=\"640\" src=\"https:\/\/www.capotex.com\/wp-content\/uploads\/2023\/05\/Road.gif\" class=\"attachment-full size-full wp-image-25924\" alt=\"\" \/>\t\t\t\t\t\t\t\t\t\t\t\t\t\t\t<\/div>\n\t\t\t\t<\/div>\n\t\t\t\t<div class=\"elementor-element elementor-element-dd33e6a elementor-widget elementor-widget-heading\" data-id=\"dd33e6a\" data-element_type=\"widget\" data-e-type=\"widget\" data-widget_type=\"heading.default\">\n\t\t\t\t<div class=\"elementor-widget-container\">\n\t\t\t\t\t<h2 class=\"elementor-heading-title elementor-size-default\">Km couverts<\/h2>\t\t\t\t<\/div>\n\t\t\t\t<\/div>\n\t\t\t\t<div class=\"elementor-element elementor-element-1930ec8 elementor-widget elementor-widget-text-editor\" data-id=\"1930ec8\" data-element_type=\"widget\" data-e-type=\"widget\" data-widget_type=\"text-editor.default\">\n\t\t\t\t<div class=\"elementor-widget-container\">\n\t\t\t\t\t\t\t\t\t<p>271<\/p>\t\t\t\t\t\t\t\t<\/div>\n\t\t\t\t<\/div>\n\t\t\t\t<\/div>\n\t\t<div class=\"elementor-element elementor-element-1d297fb e-con-full e-flex e-con e-child\" data-id=\"1d297fb\" data-element_type=\"container\" data-e-type=\"container\" data-settings=\"{&quot;background_background&quot;:&quot;classic&quot;}\">\n\t\t\t\t<div class=\"elementor-element elementor-element-04baa00 elementor-widget elementor-widget-image\" data-id=\"04baa00\" data-element_type=\"widget\" data-e-type=\"widget\" data-widget_type=\"image.default\">\n\t\t\t\t<div class=\"elementor-widget-container\">\n\t\t\t\t\t\t\t\t\t\t\t\t\t\t\t<img decoding=\"async\" width=\"640\" height=\"640\" src=\"https:\/\/www.capotex.com\/wp-content\/uploads\/2023\/05\/Calendar.gif\" class=\"attachment-full size-full wp-image-25928\" alt=\"\" \/>\t\t\t\t\t\t\t\t\t\t\t\t\t\t\t<\/div>\n\t\t\t\t<\/div>\n\t\t\t\t<div class=\"elementor-element elementor-element-886f3f2 elementor-widget elementor-widget-heading\" data-id=\"886f3f2\" data-element_type=\"widget\" data-e-type=\"widget\" data-widget_type=\"heading.default\">\n\t\t\t\t<div class=\"elementor-widget-container\">\n\t\t\t\t\t<h2 class=\"elementor-heading-title elementor-size-default\">Ann\u00e9e de d\u00e9marrage<\/h2>\t\t\t\t<\/div>\n\t\t\t\t<\/div>\n\t\t\t\t<div class=\"elementor-element elementor-element-364ab97 elementor-widget elementor-widget-text-editor\" data-id=\"364ab97\" data-element_type=\"widget\" data-e-type=\"widget\" data-widget_type=\"text-editor.default\">\n\t\t\t\t<div class=\"elementor-widget-container\">\n\t\t\t\t\t\t\t\t\t<p>2009<\/p>\n\t\t\t\t\t\t\t\t<\/div>\n\t\t\t\t<\/div>\n\t\t\t\t<\/div>\n\t\t\t\t\t<\/div>\n\t\t\t\t<\/div>\n\t\t<div class=\"elementor-element elementor-element-e3a08b4 e-flex e-con-boxed e-con e-parent\" data-id=\"e3a08b4\" data-element_type=\"container\" data-e-type=\"container\">\n\t\t\t\t\t<div class=\"e-con-inner\">\n\t\t<div class=\"elementor-element elementor-element-6e31e1c e-con-full e-flex e-con e-child\" data-id=\"6e31e1c\" data-element_type=\"container\" data-e-type=\"container\">\n\t\t\t\t<div class=\"elementor-element elementor-element-8fd39a0 elementor-widget elementor-widget-heading\" data-id=\"8fd39a0\" data-element_type=\"widget\" data-e-type=\"widget\" data-widget_type=\"heading.default\">\n\t\t\t\t<div class=\"elementor-widget-container\">\n\t\t\t\t\t<h3 class=\"elementor-heading-title elementor-size-default\">Histoire<\/h3>\t\t\t\t<\/div>\n\t\t\t\t<\/div>\n\t\t\t\t<div class=\"elementor-element elementor-element-9ed82af elementor-widget elementor-widget-text-editor\" data-id=\"9ed82af\" data-element_type=\"widget\" data-e-type=\"widget\" data-widget_type=\"text-editor.default\">\n\t\t\t\t<div class=\"elementor-widget-container\">\n\t\t\t\t\t\t\t\t\t<p>Nous visitons les soci\u00e9t\u00e9s d&rsquo;ing\u00e9nierie et participons \u00e0 tous les appels d&rsquo;offres pour les projets d\u00e9velopp\u00e9s en Etats- Unis, en proposant des solutions et en fabriquant nos couvertures sur mesure pour les capots de convoyeurs Etats-Unis, en particulier pour les mines, les carri\u00e8res, les <a href=\"https:\/\/attheport.wordpress.com\/acerca-de\/\" target=\"_blank\" rel=\"noopener\">installations portuaires<\/a> et les cimenteries.<\/p>\t\t\t\t\t\t\t\t<\/div>\n\t\t\t\t<\/div>\n\t\t\t\t<\/div>\n\t\t\t\t\t<\/div>\n\t\t\t\t<\/div>\n\t\t<div class=\"elementor-element elementor-element-1f232b1 e-flex e-con-boxed e-con e-parent\" data-id=\"1f232b1\" data-element_type=\"container\" data-e-type=\"container\">\n\t\t\t\t\t<div class=\"e-con-inner\">\n\t\t\t\t<div class=\"elementor-element elementor-element-d7e839d elementor-widget elementor-widget-text-editor\" data-id=\"d7e839d\" data-element_type=\"widget\" data-e-type=\"widget\" data-widget_type=\"text-editor.default\">\n\t\t\t\t<div class=\"elementor-widget-container\">\n\t\t\t\t\t\t\t\t\t<p><a href=\"https:\/\/www.capotex.com\/fr\/projets-capots-pour-convoyeurs\/\">Retour \u00e0 tous les projets<\/a><\/p>\n\t\t\t\t\t\t\t\t<\/div>\n\t\t\t\t<\/div>\n\t\t\t\t<div class=\"elementor-element elementor-element-b93d72e elementor-widget elementor-widget-text-editor\" data-id=\"b93d72e\" data-element_type=\"widget\" data-e-type=\"widget\" data-widget_type=\"text-editor.default\">\n\t\t\t\t<div class=\"elementor-widget-container\">\n\t\t\t\t\t\t\t\t\t<p><a href=\"https:\/\/www.capotex.com\/fr\/projets-capots-pour-convoyeurs\/finlande\/\">Prochain projet (Finlande)<\/a><\/p>\t\t\t\t\t\t\t\t<\/div>\n\t\t\t\t<\/div>\n\t\t\t\t\t<\/div>\n\t\t\t\t<\/div>\n\t\t\t\t<\/div>\n\t\t","protected":false},"excerpt":{"rendered":"<p>Retour \u00e0 tous les projets Prochain projet (Finlande) Nombre de projets 264 Km couverts 271 Ann\u00e9e de d\u00e9marrage 2009 Histoire Nous visitons les soci\u00e9t\u00e9s d&rsquo;ing\u00e9nierie et participons \u00e0 tous les appels d&rsquo;offres pour les projets d\u00e9velopp\u00e9s en Etats- Unis, en proposant des solutions et en fabriquant nos couvertures sur mesure pour les capots de convoyeurs [&hellip;]<\/p>\n","protected":false},"author":2,"featured_media":26111,"parent":26450,"menu_order":240,"comment_status":"closed","ping_status":"closed","template":"elementor_header_footer","meta":{"_joinchat":[],"footnotes":""},"tags":[91],"class_list":["post-30481","page","type-page","status-publish","has-post-thumbnail","hentry","tag-couvertures-de-convoyeurs-a-bande"],"_links":{"self":[{"href":"https:\/\/www.capotex.com\/fr\/wp-json\/wp\/v2\/pages\/30481","targetHints":{"allow":["GET"]}}],"collection":[{"href":"https:\/\/www.capotex.com\/fr\/wp-json\/wp\/v2\/pages"}],"about":[{"href":"https:\/\/www.capotex.com\/fr\/wp-json\/wp\/v2\/types\/page"}],"author":[{"embeddable":true,"href":"https:\/\/www.capotex.com\/fr\/wp-json\/wp\/v2\/users\/2"}],"replies":[{"embeddable":true,"href":"https:\/\/www.capotex.com\/fr\/wp-json\/wp\/v2\/comments?post=30481"}],"version-history":[{"count":26,"href":"https:\/\/www.capotex.com\/fr\/wp-json\/wp\/v2\/pages\/30481\/revisions"}],"predecessor-version":[{"id":37286,"href":"https:\/\/www.capotex.com\/fr\/wp-json\/wp\/v2\/pages\/30481\/revisions\/37286"}],"up":[{"embeddable":true,"href":"https:\/\/www.capotex.com\/fr\/wp-json\/wp\/v2\/pages\/26450"}],"wp:featuredmedia":[{"embeddable":true,"href":"https:\/\/www.capotex.com\/fr\/wp-json\/wp\/v2\/media\/26111"}],"wp:attachment":[{"href":"https:\/\/www.capotex.com\/fr\/wp-json\/wp\/v2\/media?parent=30481"}],"wp:term":[{"taxonomy":"post_tag","embeddable":true,"href":"https:\/\/www.capotex.com\/fr\/wp-json\/wp\/v2\/tags?post=30481"}],"curies":[{"name":"wp","href":"https:\/\/api.w.org\/{rel}","templated":true}]}}